{"id":22580,"date":"2023-03-05T15:46:51","date_gmt":"2023-03-05T15:46:51","guid":{"rendered":"https:\/\/allin1bitcoins.com\/?page_id=22580"},"modified":"2023-03-05T15:46:54","modified_gmt":"2023-03-05T15:46:54","slug":"debit-card","status":"publish","type":"page","link":"https:\/\/allin1bitcoins.com\/es\/crypto\/bitcoin\/debit-card\/","title":{"rendered":"C\u00f3mo Comprar Bitcoin (BTC) Con Una Tarjeta De D\u00e9bito"},"content":{"rendered":"\n<h2 class=\"wp-block-heading\">Los pasos a continuaci\u00f3n se pueden utilizar para comprar Bitcoin con una tarjeta de d\u00e9bito:<\/h2>\n\n\n\n<ul><li>Busque un corredor o intercambio confiable que maneje criptomonedas y permita pagos con tarjeta de d\u00e9bito.<\/li><li>Cree una cuenta y confirme su identidad.<\/li><li>Vincule su cuenta y tarjeta de d\u00e9bito.<\/li><li>Elija cu\u00e1nto Bitcoin desea adquirir y luego complete la transacci\u00f3n.<\/li><li>Para evitar fraudes y mantener la seguridad de su dinero, es crucial hacer su tarea y seleccionar una plataforma confiable.<\/li><\/ul>\n\n\n\n<h2 class=\"wp-block-heading\">Resumen de Bitcoin<\/h2>\n\n\n\n<p>La moneda digital conocida como Bitcoin es descentralizada y funciona en una red peer-to-peer. Fue desarrollada en 2009 bajo el seud\u00f3nimo de Satoshi Nakamoto por una persona o grupo de personas no identificadas.<\/p>\n\n\n\n<p>Aunque Bitcoin no est\u00e1 respaldado por ning\u00fan activo tangible o gobiernos, un n\u00famero creciente de empresas y personas en todo el mundo lo aceptan como forma de pago. Las fuerzas del mercado de oferta y demanda, con un l\u00edmite de 21 millones de monedas, gobiernan el precio de Bitcoin.<\/p>\n\n\n\n<p>Una billetera digital, que se puede encontrar en una computadora, tel\u00e9fono inteligente u otro dispositivo, es donde se guarda Bitcoin. Un libro mayor p\u00fablico conocido como blockchain almacena transacciones, lo que permite la transparencia y reduce el fraude.<\/p>\n\n\n\n<h2 class=\"wp-block-heading\">Por qu\u00e9 desea utilizar una tarjeta de d\u00e9bito para comprar Bitcoin<\/h2>\n\n\n\n<p><strong>Es posible que desee comprar Bitcoin con una tarjeta de d\u00e9bito por varias razones:<\/strong><\/p>\n\n\n\n<ul><li><strong>Conveniencia:<\/strong> las tarjetas de d\u00e9bito se pueden usar en persona o en l\u00ednea y son com\u00fanmente aceptadas. Las compras de Bitcoin con tarjeta de d\u00e9bito son una forma r\u00e1pida y sencilla de comprar la criptomoneda.<br><br><\/li><li><strong>Anonimato: <\/strong>en comparaci\u00f3n con otras opciones de pago como transferencia bancaria o tarjeta de cr\u00e9dito, comprar Bitcoin con una tarjeta de d\u00e9bito ofrece a algunos compradores un mayor nivel de privacidad.<br><br><\/li><li><strong>Velocidad: <\/strong>dado que las transacciones con tarjeta de d\u00e9bito suelen completarse m\u00e1s r\u00e1pidamente que las transferencias bancarias, puede obtener su Bitcoin m\u00e1s r\u00e1pidamente.<\/li><\/ul>\n\n\n\n<h2 class=\"wp-block-heading\">C\u00f3mo comprar Bitcoin con una tarjeta de d\u00e9bito en detalle<\/h2>\n\n\n\n<ol><li>Busque un corredor o intercambio confiable que maneje criptomonedas y permita pagos con tarjeta de d\u00e9bito. Aseg\u00farese de que la plataforma sea confiable y tenga una buena reputaci\u00f3n haciendo algunas investigaciones. Coinbase, Binance y Kraken son algunas opciones bien consideradas.<br><br><\/li><li>Cree una cuenta y confirme su identidad. Antes de poder realizar una compra, la mayor\u00eda de los intercambios y corredores pedir\u00e1n informaci\u00f3n personal y verificaci\u00f3n de identidad. Esto se hace para cumplir con las leyes contra el lavado de dinero y proteger contra el fraude.<br><br><\/li><li>Vincula tu cuenta y tarjeta de d\u00e9bito. Debes ingresar los detalles de tu tarjeta de d\u00e9bito y se puede requerir un proceso de verificaci\u00f3n.<br><br><\/li><li>Elige la cantidad de Bitcoin que deseas adquirir y completa la transacci\u00f3n. Puedes finalizar la transacci\u00f3n utilizando tu tarjeta de d\u00e9bito para pagar una vez que hayas decidido cu\u00e1nto Bitcoin quieres comprar y validado los detalles de tu compra.<\/li><\/ol>\n\n\n\n<figure class=\"wp-block-embed is-type-video is-provider-youtube wp-block-embed-youtube wp-embed-aspect-16-9 wp-has-aspect-ratio\"><div class=\"wp-block-embed__wrapper\">\n<iframe title=\"How To Buy Bitcoin On Binance With Debit Card Fast?\" width=\"800\" height=\"450\" src=\"https:\/\/www.youtube.com\/embed\/K6Fow-6N7Gk?feature=oembed\" frameborder=\"0\" allow=\"accelerometer; autoplay; clipboard-write; encrypted-media; gyroscope; picture-in-picture; web-share\" allowfullscreen><\/iframe>\n<\/div><\/figure>\n\n\n\n<h2 class=\"wp-block-heading\">Desventajas de usar una tarjeta de d\u00e9bito para comprar Bitcoin<\/h2>\n\n\n\n<p><strong>Usar una tarjeta de d\u00e9bito para comprar Bitcoin tiene varias desventajas.<\/strong><\/p>\n\n\n\n<ul><li><strong>Tarifas:<\/strong> En comparaci\u00f3n con las transferencias bancarias u otros m\u00e9todos de pago, ciertos intercambios y corredores cobran mayores tarifas por compras con tarjeta de d\u00e9bito.<br><br><\/li><li><strong>Limitaciones:<\/strong> Especialmente si es tu primera transacci\u00f3n, puede haber restricciones en la cantidad de Bitcoin que puedes comprar con una tarjeta de d\u00e9bito.<br><br><\/li><li><strong>Riesgo de fraude: <\/strong>A pesar de las precauciones tomadas por los intercambios y corredores de buena reputaci\u00f3n para prevenir el fraude, siempre existe la posibilidad de que los detalles de tu tarjeta de d\u00e9bito se pierdan o se utilicen de manera indebida.<\/li><\/ul>\n\n\n\n<h2 class=\"wp-block-heading\">Conclusi\u00f3n<\/h2>\n\n\n\n<p>Las compras de Bitcoin con tarjeta de d\u00e9bito son opciones r\u00e1pidas y pr\u00e1cticas para hacerlo. Para asegurar la seguridad de tu dinero, es crucial hacer tu tarea y elegir una plataforma confiable. Ten en cuenta cualquier costo o restricci\u00f3n que pueda existir, y no olvides proteger tu informaci\u00f3n personal.<\/p>\n\n\n\n<p>Puedes almacenar tu Bitcoin en una billetera digital o venderlo m\u00e1s tarde por dinero fiduciario una vez que hayas comprado algunos con tu tarjeta de d\u00e9bito. Es crucial recordar que el valor de Bitcoin puede cambiar dr\u00e1sticamente, por lo que se recomienda que realices tu propia investigaci\u00f3n y hagas inversiones responsables.<\/p>\n\n\n\n<p>Tambi\u00e9n es una buena idea educarte sobre los fundamentos de Bitcoin y la tecnolog\u00eda de blockchain que lo respalda si eres nuevo en el mundo de las criptomonedas. Esto puede ayudarte a comprender los posibles riesgos y beneficios de tus inversiones y ayudarte a tomar decisiones informadas.<\/p>\n\n\n\n<p>En conclusi\u00f3n, comprar Bitcoin con una tarjeta de d\u00e9bito es un proceso bastante sencillo, pero es crucial elegir una plataforma confiable y conocer cualquier costo o restricci\u00f3n que pueda existir. Puedes comprar Bitcoin de manera r\u00e1pida y segura con tu tarjeta de d\u00e9bito con un poco de investigaci\u00f3n y cuidado.<\/p>\n\n\n\n<!-- Page-list plugin v.5.9 wordpress.org\/plugins\/page-list\/ -->\n<ul class=\"page-list siblings-page-list \">\n<li class=\"page_item page-item-22414\"><a href=\"https:\/\/allin1bitcoins.com\/es\/crypto\/bitcoin\/american-express\/\">C\u00f3mo Comprar Bitcoin (BTC) Con American Express<\/a><\/li>\n<li class=\"page_item page-item-22422\"><a href=\"https:\/\/allin1bitcoins.com\/es\/crypto\/bitcoin\/apple-pay\/\">C\u00f3mo Comprar Bitcoin (BTC) Con Apple Pay<\/a><\/li>\n<li class=\"page_item page-item-22488\"><a href=\"https:\/\/allin1bitcoins.com\/es\/crypto\/bitcoin\/crypto-anonymously\/\">C\u00f3mo Comprar Bitcoin (BTC) Con Criptomonedas De Forma An\u00f3nima<\/a><\/li>\n<li class=\"page_item page-item-22438\"><a href=\"https:\/\/allin1bitcoins.com\/es\/crypto\/bitcoin\/google-pay\/\">C\u00f3mo Comprar Bitcoin (BTC) Con Google Pay<\/a><\/li>\n<li class=\"page_item page-item-22455\"><a href=\"https:\/\/allin1bitcoins.com\/es\/crypto\/bitcoin\/neteller\/\">C\u00f3mo Comprar Bitcoin (BTC) Con Neteller<\/a><\/li>\n<li class=\"page_item page-item-22409\"><a href=\"https:\/\/allin1bitcoins.com\/es\/crypto\/bitcoin\/paypal\/\">C\u00f3mo Comprar Bitcoin (BTC) Con Paypal<\/a><\/li>\n<li class=\"page_item page-item-22463\"><a href=\"https:\/\/allin1bitcoins.com\/es\/crypto\/bitcoin\/paysafecard\/\">C\u00f3mo Comprar Bitcoin (BTC) Con Paysafecard<\/a><\/li>\n<li class=\"page_item page-item-22472\"><a href=\"https:\/\/allin1bitcoins.com\/es\/crypto\/bitcoin\/skrill\/\">C\u00f3mo Comprar Bitcoin (BTC) Con Skrill<\/a><\/li>\n<li class=\"page_item page-item-22390\"><a href=\"https:\/\/allin1bitcoins.com\/es\/crypto\/bitcoin\/credit-card\/\">C\u00f3mo Comprar Bitcoin (BTC) Con Tarjeta De Cr\u00e9dito<\/a><\/li>\n<li class=\"page_item page-item-22430\"><a href=\"https:\/\/allin1bitcoins.com\/es\/crypto\/bitcoin\/bank-account\/\">C\u00f3mo Comprar Bitcoin (BTC) Con Una Cuenta Bancaria<\/a><\/li>\n<li class=\"page_item page-item-22580\"><a href=\"https:\/\/allin1bitcoins.com\/es\/crypto\/bitcoin\/debit-card\/\">C\u00f3mo Comprar Bitcoin (BTC) Con Una Tarjeta De D\u00e9bito<\/a><\/li>\n<li class=\"page_item page-item-22480\"><a href=\"https:\/\/allin1bitcoins.com\/es\/crypto\/bitcoin\/venmo\/\">C\u00f3mo Comprar Bitcoin (BTC) Con Venmo<\/a><\/li>\n<li class=\"page_item page-item-22526\"><a href=\"https:\/\/allin1bitcoins.com\/es\/crypto\/bitcoin\/australia\/\">C\u00f3mo Comprar Bitcoin (BTC) En Australia<\/a><\/li>\n<li class=\"page_item page-item-22547\"><a href=\"https:\/\/allin1bitcoins.com\/es\/crypto\/bitcoin\/canada\/\">C\u00f3mo Comprar Bitcoin (BTC) En Canad\u00e1<\/a><\/li>\n<li class=\"page_item page-item-22507\"><a href=\"https:\/\/allin1bitcoins.com\/es\/crypto\/bitcoin\/united-kingdom\/\">C\u00f3mo Comprar Bitcoin (BTC) En El Reino Unido<\/a><\/li>\n<li class=\"page_item page-item-22515\"><a href=\"https:\/\/allin1bitcoins.com\/es\/crypto\/bitcoin\/united-states\/\">C\u00f3mo Comprar Bitcoin (BTC) En Los Estados Unidos<\/a><\/li>\n<li class=\"page_item page-item-22539\"><a href=\"https:\/\/allin1bitcoins.com\/es\/crypto\/bitcoin\/the-netherlands\/\">C\u00f3mo Comprar Bitcoin (BTC) En Los Pa\u00edses Bajos<\/a><\/li>\n<li class=\"page_item page-item-22555\"><a href=\"https:\/\/allin1bitcoins.com\/es\/crypto\/bitcoin\/norway\/\">C\u00f3mo Comprar Bitcoin (BTC) En Noruega<\/a><\/li>\n<li class=\"page_item page-item-22498\"><a href=\"https:\/\/allin1bitcoins.com\/es\/crypto\/bitcoin\/new-zealand\/\">C\u00f3mo Comprar Bitcoin (BTC) En Nueva Zelanda<\/a><\/li>\n<li class=\"page_item page-item-22564\"><a href=\"https:\/\/allin1bitcoins.com\/es\/crypto\/bitcoin\/switzerland\/\">C\u00f3mo Comprar Bitcoin (BTC) En Suiza<\/a><\/li>\n\n<\/ul>\n","protected":false},"excerpt":{"rendered":"<p>Los pasos a continuaci\u00f3n se pueden utilizar para comprar Bitcoin con una tarjeta de d\u00e9bito: Busque un corredor o intercambio confiable que maneje criptomonedas y permita pagos con tarjeta de d\u00e9bito. Cree una cuenta y confirme su identidad. Vincule su cuenta y tarjeta de d\u00e9bito. Elija cu\u00e1nto Bitcoin desea adquirir y luego complete la transacci\u00f3n&#8230;.<\/p>\n","protected":false},"author":5,"featured_media":12574,"parent":22371,"menu_order":0,"comment_status":"closed","ping_status":"closed","template":"","meta":{"cybocfi_hide_featured_image":"","footnotes":""},"acf":[],"yoast_head":"<!-- This site is optimized with the Yoast SEO plugin v21.7 - https:\/\/yoast.com\/wordpress\/plugins\/seo\/ -->\n<title>C\u00f3mo Comprar Bitcoin (BTC) Con Una Tarjeta De D\u00e9bito<\/title>\n<meta name=\"description\" content=\"Busca un corredor o intercambio confiable que maneje criptomonedas (Bitcoin) y permita pagos con tarjeta de d\u00e9bito.\" \/>\n<meta name=\"robots\" content=\"index, follow, max-snippet:-1, max-image-preview:large, max-video-preview:-1\" \/>\n<link rel=\"canonical\" href=\"https:\/\/allin1bitcoins.com\/es\/crypto\/bitcoin\/debit-card\/\" \/>\n<meta property=\"og:locale\" content=\"es_ES\" \/>\n<meta property=\"og:type\" content=\"article\" \/>\n<meta property=\"og:title\" content=\"C\u00f3mo Comprar Bitcoin (BTC) Con Una Tarjeta De D\u00e9bito\" \/>\n<meta property=\"og:description\" content=\"Busca un corredor o intercambio confiable que maneje criptomonedas (Bitcoin) y permita pagos con tarjeta de d\u00e9bito.\" \/>\n<meta property=\"og:url\" content=\"https:\/\/allin1bitcoins.com\/es\/crypto\/bitcoin\/debit-card\/\" \/>\n<meta property=\"og:site_name\" content=\"Allin1Bitcoins\" \/>\n<meta property=\"article:modified_time\" content=\"2023-03-05T15:46:54+00:00\" \/>\n<meta property=\"og:image\" content=\"https:\/\/allin1bitcoins.com\/wp-content\/uploads\/2022\/12\/dmitry-demidko-z4VuRg-ZOEg-unsplash.jpg\" \/>\n\t<meta property=\"og:image:width\" content=\"1920\" \/>\n\t<meta property=\"og:image:height\" content=\"1280\" \/>\n\t<meta property=\"og:image:type\" content=\"image\/jpeg\" \/>\n<meta name=\"twitter:card\" content=\"summary_large_image\" \/>\n<meta name=\"twitter:label1\" content=\"Est. reading time\" \/>\n\t<meta name=\"twitter:data1\" content=\"4 minutes\" \/>\n<!-- \/ Yoast SEO plugin. -->","yoast_head_json":{"title":"C\u00f3mo Comprar Bitcoin (BTC) Con Una Tarjeta De D\u00e9bito","description":"Busca un corredor o intercambio confiable que maneje criptomonedas (Bitcoin) y permita pagos con tarjeta de d\u00e9bito.","robots":{"index":"index","follow":"follow","max-snippet":"max-snippet:-1","max-image-preview":"max-image-preview:large","max-video-preview":"max-video-preview:-1"},"canonical":"https:\/\/allin1bitcoins.com\/es\/crypto\/bitcoin\/debit-card\/","og_locale":"es_ES","og_type":"article","og_title":"C\u00f3mo Comprar Bitcoin (BTC) Con Una Tarjeta De D\u00e9bito","og_description":"Busca un corredor o intercambio confiable que maneje criptomonedas (Bitcoin) y permita pagos con tarjeta de d\u00e9bito.","og_url":"https:\/\/allin1bitcoins.com\/es\/crypto\/bitcoin\/debit-card\/","og_site_name":"Allin1Bitcoins","article_modified_time":"2023-03-05T15:46:54+00:00","og_image":[{"width":1920,"height":1280,"url":"https:\/\/allin1bitcoins.com\/wp-content\/uploads\/2022\/12\/dmitry-demidko-z4VuRg-ZOEg-unsplash.jpg","type":"image\/jpeg"}],"twitter_card":"summary_large_image","twitter_misc":{"Est. reading time":"4 minutes"},"schema":{"@context":"https:\/\/schema.org","@graph":[{"@type":"WebPage","@id":"https:\/\/allin1bitcoins.com\/es\/crypto\/bitcoin\/debit-card\/","url":"https:\/\/allin1bitcoins.com\/es\/crypto\/bitcoin\/debit-card\/","name":"C\u00f3mo Comprar Bitcoin (BTC) Con Una Tarjeta De D\u00e9bito","isPartOf":{"@id":"https:\/\/allin1bitcoins.com\/es\/#website"},"datePublished":"2023-03-05T15:46:51+00:00","dateModified":"2023-03-05T15:46:54+00:00","description":"Busca un corredor o intercambio confiable que maneje criptomonedas (Bitcoin) y permita pagos con tarjeta de d\u00e9bito.","breadcrumb":{"@id":"https:\/\/allin1bitcoins.com\/es\/crypto\/bitcoin\/debit-card\/#breadcrumb"},"inLanguage":"es","potentialAction":[{"@type":"ReadAction","target":["https:\/\/allin1bitcoins.com\/es\/crypto\/bitcoin\/debit-card\/"]}]},{"@type":"BreadcrumbList","@id":"https:\/\/allin1bitcoins.com\/es\/crypto\/bitcoin\/debit-card\/#breadcrumb","itemListElement":[{"@type":"ListItem","position":1,"name":"Home","item":"https:\/\/allin1bitcoins.com\/es\/"},{"@type":"ListItem","position":2,"name":"Cripto","item":"https:\/\/allin1bitcoins.com\/es\/crypto\/"},{"@type":"ListItem","position":3,"name":"C\u00f3mo Comprar Bitcoin (BTC)","item":"https:\/\/allin1bitcoins.com\/es\/crypto\/bitcoin\/"},{"@type":"ListItem","position":4,"name":"C\u00f3mo Comprar Bitcoin (BTC) Con Una Tarjeta De D\u00e9bito"}]},{"@type":"WebSite","@id":"https:\/\/allin1bitcoins.com\/es\/#website","url":"https:\/\/allin1bitcoins.com\/es\/","name":"Allin1Bitcoins","description":"","publisher":{"@id":"https:\/\/allin1bitcoins.com\/es\/#organization"},"potentialAction":[{"@type":"SearchAction","target":{"@type":"EntryPoint","urlTemplate":"https:\/\/allin1bitcoins.com\/es\/?s={search_term_string}"},"query-input":"required name=search_term_string"}],"inLanguage":"es"},{"@type":"Organization","@id":"https:\/\/allin1bitcoins.com\/es\/#organization","name":"allin1bitcoins","url":"https:\/\/allin1bitcoins.com\/es\/","logo":{"@type":"ImageObject","inLanguage":"es","@id":"https:\/\/allin1bitcoins.com\/es\/#\/schema\/logo\/image\/","url":"https:\/\/allin1bitcoins.com\/wp-content\/uploads\/2019\/01\/logo-new.png","contentUrl":"https:\/\/allin1bitcoins.com\/wp-content\/uploads\/2019\/01\/logo-new.png","width":178,"height":71,"caption":"allin1bitcoins"},"image":{"@id":"https:\/\/allin1bitcoins.com\/es\/#\/schema\/logo\/image\/"}}]}},"_links":{"self":[{"href":"https:\/\/allin1bitcoins.com\/es\/wp-json\/wp\/v2\/pages\/22580"}],"collection":[{"href":"https:\/\/allin1bitcoins.com\/es\/wp-json\/wp\/v2\/pages"}],"about":[{"href":"https:\/\/allin1bitcoins.com\/es\/wp-json\/wp\/v2\/types\/page"}],"author":[{"embeddable":true,"href":"https:\/\/allin1bitcoins.com\/es\/wp-json\/wp\/v2\/users\/5"}],"replies":[{"embeddable":true,"href":"https:\/\/allin1bitcoins.com\/es\/wp-json\/wp\/v2\/comments?post=22580"}],"version-history":[{"count":1,"href":"https:\/\/allin1bitcoins.com\/es\/wp-json\/wp\/v2\/pages\/22580\/revisions"}],"predecessor-version":[{"id":22584,"href":"https:\/\/allin1bitcoins.com\/es\/wp-json\/wp\/v2\/pages\/22580\/revisions\/22584"}],"up":[{"embeddable":true,"href":"https:\/\/allin1bitcoins.com\/es\/wp-json\/wp\/v2\/pages\/22371"}],"wp:featuredmedia":[{"embeddable":true,"href":"https:\/\/allin1bitcoins.com\/es\/wp-json\/wp\/v2\/media\/12574"}],"wp:attachment":[{"href":"https:\/\/allin1bitcoins.com\/es\/wp-json\/wp\/v2\/media?parent=22580"}],"curies":[{"name":"wp","href":"https:\/\/api.w.org\/{rel}","templated":true}]}}