{"id":22601,"date":"2023-03-05T16:59:07","date_gmt":"2023-03-05T16:59:07","guid":{"rendered":"https:\/\/allin1bitcoins.com\/?page_id=22601"},"modified":"2023-03-05T17:03:16","modified_gmt":"2023-03-05T17:03:16","slug":"credit-card","status":"publish","type":"page","link":"https:\/\/allin1bitcoins.com\/es\/crypto\/gala\/credit-card\/","title":{"rendered":"C\u00f3mo Comprar Gala Coin (GALA) Con Tarjeta De Cr\u00e9dito"},"content":{"rendered":"\n<h2 class=\"wp-block-heading\">Puedes comprar Gala Coin usando una tarjeta de cr\u00e9dito.<\/h2>\n\n\n\n<p>Si deseas comprar Gala Coin utilizando una tarjeta de cr\u00e9dito, debes encontrar un intercambio de criptomonedas que permita pagos con tarjeta de cr\u00e9dito. Los intercambios populares como Coinbase, Binance y CEX.io te permiten comprar Gala Coin con una tarjeta de cr\u00e9dito. Para vincular tu tarjeta de cr\u00e9dito a tu cuenta, primero debes registrarte en una de estas plataformas, confirmar tu identificaci\u00f3n. Una vez que se ha asociado tu tarjeta de cr\u00e9dito, puedes adquirir Gala Coin seleccion\u00e1ndolo como la moneda que deseas comprar y proporcionando la cantidad deseada. <\/p>\n\n\n\n<h2 class=\"wp-block-heading\">Resumen de Gala Coin<\/h2>\n\n\n\n<p>La criptomoneda Gala Coin fue creada en la red de Gala Games, una plataforma descentralizada que permite a los usuarios crear, jugar y monetizar juegos. La principal forma de pago en el sitio web es Gala Coin, que se puede utilizar para comprar y vender juegos, pagar art\u00edculos dentro del juego y participar en una variedad de actividades en el sitio web. El valor de Gala Coin, que se puede intercambiar por otras criptomonedas o dinero fiduciario como el d\u00f3lar estadounidense, est\u00e1 determinado por la oferta y la demanda en los intercambios de criptomonedas.<\/p>\n\n\n\n<h2 class=\"wp-block-heading\">Por qu\u00e9 debes usar una tarjeta de cr\u00e9dito para comprar Gala Coin<\/h2>\n\n\n\n<p>Existen varias razones por las que puede tener sentido utilizar una tarjeta de cr\u00e9dito para comprar Gala Coin. La conveniencia es un factor. Comprar Gala Coin con una tarjeta de cr\u00e9dito es t\u00edpicamente m\u00e1s r\u00e1pido y m\u00e1s sencillo que otras alternativas como las transferencias bancarias o el uso de una tarjeta de d\u00e9bito. La transacci\u00f3n se puede completar en l\u00ednea y tu cuenta de intercambio recibir\u00e1 el dinero de inmediato. Si deseas obtener Gala Coin a un buen precio y no deseas esperar a que se complete una transferencia bancaria, esto puede ser extremadamente \u00fatil.<\/p>\n\n\n\n<p>Tambi\u00e9n se puede comprar Gala Coin con una tarjeta de cr\u00e9dito para aprovechar los programas de recompensas de tarjetas de cr\u00e9dito. Varios tipos de tarjetas de cr\u00e9dito ofrecen incentivos como reembolsos en efectivo, puntos o millas por cada compra que realizas. Estos beneficios est\u00e1n disponibles si compras Gala Coin con una tarjeta de cr\u00e9dito. Esta puede ser una forma muy efectiva de ahorrar en futuras compras o viajes. Noticias de Gala Coin<\/p>\n\n\n\n<figure class=\"wp-block-embed is-type-video is-provider-youtube wp-block-embed-youtube wp-embed-aspect-16-9 wp-has-aspect-ratio\"><div class=\"wp-block-embed__wrapper\">\n<iframe title=\"Why You Need To Buy At Least 500000 Gala Coins (NOW!)\" width=\"800\" height=\"450\" src=\"https:\/\/www.youtube.com\/embed\/0sTXYw1hp2M?feature=oembed\" frameborder=\"0\" allow=\"accelerometer; autoplay; clipboard-write; encrypted-media; gyroscope; picture-in-picture; web-share\" allowfullscreen><\/iframe>\n<\/div><\/figure>\n\n\n\n<h2 class=\"wp-block-heading\">C\u00f3mo comprar Gala Coin con una tarjeta de cr\u00e9dito en detalle<\/h2>\n\n\n\n<p><strong>Aqu\u00ed tienes una gu\u00eda detallada sobre c\u00f3mo comprar Gala Coin con una tarjeta de cr\u00e9dito:<\/strong><\/p>\n\n\n\n<ol><li>La mejor opci\u00f3n es un intercambio de Bitcoin que acepte pagos con tarjeta de cr\u00e9dito. Coinbase, Binance y CEX.io son algunas opciones populares.<br><br><\/li><li>Abre un perfil en el intercambio. Deber\u00e1s confirmar tu identidad y proporcionar algunos datos personales.<br><br><\/li><li>Vincula tu cuenta y tu tarjeta de cr\u00e9dito. Debes ingresar la informaci\u00f3n de tu tarjeta de cr\u00e9dito, y es posible que tambi\u00e9n debas pasar por un proceso de verificaci\u00f3n.<br><br><\/li><li>Elige Gala Coin como la moneda que deseas comprar. Para hacerlo, puedes buscar Gala Coin en el intercambio o seleccionarla de una lista de monedas admitidas.<br><br><\/li><li>Ingresa la cantidad de Gala Coins que deseas comprar. Puedes elegir un porcentaje de tu l\u00edmite de cr\u00e9dito o ingresar una cantidad espec\u00edfica.<br><br><\/li><li>Revisa los detalles de la transacci\u00f3n y confirma tu compra. Aseg\u00farate de que los costos y el tipo de cambio sean apropiados antes de confirmar la transacci\u00f3n.<br><br><\/li><li>Espera a que se complete la transacci\u00f3n. La transferencia de dinero a tu cuenta de intercambio y la adici\u00f3n de Gala Coin a tu cuenta pueden llevar tiempo.<\/li><\/ol>\n\n\n\n<h2 class=\"wp-block-heading\">Desventajas de usar una tarjeta de cr\u00e9dito para comprar Gala Coin<\/h2>\n\n\n\n<p>Usar una tarjeta de cr\u00e9dito para comprar Gala Coin tiene ciertas desventajas. Una posible desventaja es que, en comparaci\u00f3n con otras opciones de pago, se puede cobrar una tasa de cambio m\u00e1s alta. Debido a los mayores gastos de procesamiento y al riesgo de fraude, algunos intercambios cobran tarifas m\u00e1s altas por las transacciones con tarjeta de cr\u00e9dito. Como resultado, la compra de Gala Coin puede terminar costando m\u00e1s en general.<\/p>\n\n\n\n<p>Tambi\u00e9n se pueden cobrar tarifas e intereses en tu tarjeta de cr\u00e9dito, lo que es otra posible desventaja. Si no pagas el saldo total de tu tarjeta de cr\u00e9dito cada mes, se agregar\u00e1n intereses al saldo pendiente. Esto podr\u00eda aumentar el precio de tu compra de Gala Coin en general y hacer que sea m\u00e1s costoso que otras opciones de pago.<\/p>\n\n\n\n<p>Por \u00faltimo, existe el riesgo de fraude al comprar Gala Coin con una tarjeta de cr\u00e9dito. Siempre existe la posibilidad de que la informaci\u00f3n de tu tarjeta de cr\u00e9dito sea hackeada, aunque la mayor\u00eda de los intercambios tienen medidas de seguridad en su lugar para proteger contra el fraude. Si esto ocurre, puedes ser responsable de cualquier cargo fraudulento realizado en tu tarjeta.<\/p>\n\n\n\n<h2 class=\"wp-block-heading\">Conclusi\u00f3n<\/h2>\n\n\n\n<p>Aunque comprar Gala Coin con una tarjeta de cr\u00e9dito puede ser una forma r\u00e1pida y f\u00e1cil de obtener criptomonedas, es importante considerar las posibles desventajas antes de decidir. Compara los costos y tipos de cambio de diferentes intercambios y ten en cuenta posibles tarifas e intereses de la tarjeta de cr\u00e9dito. Al hacer compras en l\u00ednea, tambi\u00e9n es crucial proteger tu informaci\u00f3n de tarjeta de cr\u00e9dito y estar alerta ante la posibilidad de robo.<\/p>\n\n\n\n<!-- Page-list plugin v.5.9 wordpress.org\/plugins\/page-list\/ -->\n<ul class=\"page-list siblings-page-list \">\n<li class=\"page_item page-item-22857\"><a href=\"https:\/\/allin1bitcoins.com\/es\/crypto\/gala\/paypal\/\">C\u00f3mo Comprar Gala (GALA) Con Paypal<\/a><\/li>\n<li class=\"page_item page-item-22638\"><a href=\"https:\/\/allin1bitcoins.com\/es\/crypto\/gala\/apple-pay\/\">C\u00f3mo Comprar Gala Coin (GALA) Con Apple Pay<\/a><\/li>\n<li class=\"page_item page-item-22710\"><a href=\"https:\/\/allin1bitcoins.com\/es\/crypto\/gala\/crypto-anonymously\/\">C\u00f3mo Comprar Gala Coin (GALA) Con Criptomonedas De Manera An\u00f3nima<\/a><\/li>\n<li class=\"page_item page-item-22660\"><a href=\"https:\/\/allin1bitcoins.com\/es\/crypto\/gala\/google-pay\/\">C\u00f3mo Comprar Gala Coin (GALA) Con Google Pay<\/a><\/li>\n<li class=\"page_item page-item-22669\"><a href=\"https:\/\/allin1bitcoins.com\/es\/crypto\/gala\/neteller\/\">C\u00f3mo Comprar Gala Coin (GALA) Con Neteller<\/a><\/li>\n<li class=\"page_item page-item-22679\"><a href=\"https:\/\/allin1bitcoins.com\/es\/crypto\/gala\/paysafecard\/\">C\u00f3mo Comprar Gala Coin (GALA) Con Paysafecard<\/a><\/li>\n<li class=\"page_item page-item-22689\"><a href=\"https:\/\/allin1bitcoins.com\/es\/crypto\/gala\/skrill\/\">C\u00f3mo Comprar Gala Coin (GALA) Con Skrill<\/a><\/li>\n<li class=\"page_item page-item-22601\"><a href=\"https:\/\/allin1bitcoins.com\/es\/crypto\/gala\/credit-card\/\">C\u00f3mo Comprar Gala Coin (GALA) Con Tarjeta De Cr\u00e9dito<\/a><\/li>\n<li class=\"page_item page-item-22619\"><a href=\"https:\/\/allin1bitcoins.com\/es\/crypto\/gala\/debit-card\/\">C\u00f3mo Comprar Gala Coin (GALA) Con Tarjeta De D\u00e9bito<\/a><\/li>\n<li class=\"page_item page-item-22647\"><a href=\"https:\/\/allin1bitcoins.com\/es\/crypto\/gala\/bank-account\/\">C\u00f3mo Comprar Gala Coin (GALA) Con Una Cuenta Bancaria<\/a><\/li>\n<li class=\"page_item page-item-22698\"><a href=\"https:\/\/allin1bitcoins.com\/es\/crypto\/gala\/venmo\/\">C\u00f3mo Comprar Gala Coin (GALA) Con Venmo<\/a><\/li>\n<li class=\"page_item page-item-22780\"><a href=\"https:\/\/allin1bitcoins.com\/es\/crypto\/gala\/germany\/\">C\u00f3mo Comprar Gala Coin (GALA) En Alemania<\/a><\/li>\n<li class=\"page_item page-item-22849\"><a href=\"https:\/\/allin1bitcoins.com\/es\/crypto\/gala\/australia\/\">C\u00f3mo Comprar Gala Coin (GALA) En Australia<\/a><\/li>\n<li class=\"page_item page-item-22730\"><a href=\"https:\/\/allin1bitcoins.com\/es\/crypto\/gala\/canada\/\">C\u00f3mo Comprar Gala Coin (GALA) En Canad\u00e1<\/a><\/li>\n<li class=\"page_item page-item-20220\"><a href=\"https:\/\/allin1bitcoins.com\/es\/crypto\/gala\/united-kingdom\/\">C\u00f3mo Comprar Gala Coin (GALA) En El Reino Unido<\/a><\/li>\n<li class=\"page_item page-item-22760\"><a href=\"https:\/\/allin1bitcoins.com\/es\/crypto\/gala\/finland\/\">C\u00f3mo Comprar Gala Coin (GALA) En Finlandia<\/a><\/li>\n<li class=\"page_item page-item-22771\"><a href=\"https:\/\/allin1bitcoins.com\/es\/crypto\/gala\/france\/\">C\u00f3mo Comprar Gala Coin (GALA) En Francia<\/a><\/li>\n<li class=\"page_item page-item-22789\"><a href=\"https:\/\/allin1bitcoins.com\/es\/crypto\/gala\/ireland\/\">C\u00f3mo Comprar Gala Coin (GALA) En Irlanda<\/a><\/li>\n<li class=\"page_item page-item-22740\"><a href=\"https:\/\/allin1bitcoins.com\/es\/crypto\/gala\/the-netherlands\/\">C\u00f3mo Comprar Gala Coin (GALA) En Los Pa\u00edses Bajos<\/a><\/li>\n<li class=\"page_item page-item-22840\"><a href=\"https:\/\/allin1bitcoins.com\/es\/crypto\/gala\/norway\/\">C\u00f3mo Comprar Gala Coin (GALA) En Noruega<\/a><\/li>\n<li class=\"page_item page-item-22809\"><a href=\"https:\/\/allin1bitcoins.com\/es\/crypto\/gala\/new-zealand\/\">C\u00f3mo Comprar Gala Coin (GALA) En Nueva Zelanda<\/a><\/li>\n<li class=\"page_item page-item-22829\"><a href=\"https:\/\/allin1bitcoins.com\/es\/crypto\/gala\/sweden\/\">C\u00f3mo Comprar Gala Coin (GALA) En Suecia<\/a><\/li>\n<li class=\"page_item page-item-22629\"><a href=\"https:\/\/allin1bitcoins.com\/es\/crypto\/gala\/american-express\/\">C\u00f3mo Comprar La Moneda Gala (GALA) Con American Express<\/a><\/li>\n<li class=\"page_item page-item-22799\"><a href=\"https:\/\/allin1bitcoins.com\/es\/crypto\/gala\/luxembourg\/\">C\u00f3mo Comprar La Moneda Gala (GALA) En Luxemburgo<\/a><\/li>\n\n<\/ul>\n","protected":false},"excerpt":{"rendered":"<p>Puedes comprar Gala Coin usando una tarjeta de cr\u00e9dito. Si deseas comprar Gala Coin utilizando una tarjeta de cr\u00e9dito, debes encontrar un intercambio de criptomonedas que permita pagos con tarjeta de cr\u00e9dito. Los intercambios populares como Coinbase, Binance y CEX.io te permiten comprar Gala Coin con una tarjeta de cr\u00e9dito. Para vincular tu tarjeta de&#8230;<\/p>\n","protected":false},"author":5,"featured_media":22609,"parent":22590,"menu_order":0,"comment_status":"closed","ping_status":"closed","template":"","meta":{"cybocfi_hide_featured_image":"","footnotes":""},"acf":[],"yoast_head":"<!-- This site is optimized with the Yoast SEO plugin v21.7 - https:\/\/yoast.com\/wordpress\/plugins\/seo\/ -->\n<title>C\u00f3mo Comprar Gala Coin (GALA) Con Tarjeta De Cr\u00e9dito<\/title>\n<meta name=\"description\" content=\"Debes encontrar un intercambio de criptomonedas que permita pagos con tarjeta de cr\u00e9dito si deseas comprar Gala Coin\" \/>\n<meta name=\"robots\" content=\"index, follow, max-snippet:-1, max-image-preview:large, max-video-preview:-1\" \/>\n<link rel=\"canonical\" href=\"https:\/\/allin1bitcoins.com\/es\/crypto\/gala\/credit-card\/\" \/>\n<meta property=\"og:locale\" content=\"es_ES\" \/>\n<meta property=\"og:type\" content=\"article\" \/>\n<meta property=\"og:title\" content=\"C\u00f3mo Comprar Gala Coin (GALA) Con Tarjeta De Cr\u00e9dito\" \/>\n<meta property=\"og:description\" content=\"Debes encontrar un intercambio de criptomonedas que permita pagos con tarjeta de cr\u00e9dito si deseas comprar Gala Coin\" \/>\n<meta property=\"og:url\" content=\"https:\/\/allin1bitcoins.com\/es\/crypto\/gala\/credit-card\/\" \/>\n<meta property=\"og:site_name\" content=\"Allin1Bitcoins\" \/>\n<meta property=\"article:modified_time\" content=\"2023-03-05T17:03:16+00:00\" \/>\n<meta property=\"og:image\" content=\"https:\/\/allin1bitcoins.com\/wp-content\/uploads\/2023\/03\/1.jpg\" \/>\n\t<meta property=\"og:image:width\" content=\"1920\" \/>\n\t<meta property=\"og:image:height\" content=\"1080\" \/>\n\t<meta property=\"og:image:type\" content=\"image\/jpeg\" \/>\n<meta name=\"twitter:card\" content=\"summary_large_image\" \/>\n<meta name=\"twitter:label1\" content=\"Est. reading time\" \/>\n\t<meta name=\"twitter:data1\" content=\"4 minutes\" \/>\n<!-- \/ Yoast SEO plugin. -->","yoast_head_json":{"title":"C\u00f3mo Comprar Gala Coin (GALA) Con Tarjeta De Cr\u00e9dito","description":"Debes encontrar un intercambio de criptomonedas que permita pagos con tarjeta de cr\u00e9dito si deseas comprar Gala Coin","robots":{"index":"index","follow":"follow","max-snippet":"max-snippet:-1","max-image-preview":"max-image-preview:large","max-video-preview":"max-video-preview:-1"},"canonical":"https:\/\/allin1bitcoins.com\/es\/crypto\/gala\/credit-card\/","og_locale":"es_ES","og_type":"article","og_title":"C\u00f3mo Comprar Gala Coin (GALA) Con Tarjeta De Cr\u00e9dito","og_description":"Debes encontrar un intercambio de criptomonedas que permita pagos con tarjeta de cr\u00e9dito si deseas comprar Gala Coin","og_url":"https:\/\/allin1bitcoins.com\/es\/crypto\/gala\/credit-card\/","og_site_name":"Allin1Bitcoins","article_modified_time":"2023-03-05T17:03:16+00:00","og_image":[{"width":1920,"height":1080,"url":"https:\/\/allin1bitcoins.com\/wp-content\/uploads\/2023\/03\/1.jpg","type":"image\/jpeg"}],"twitter_card":"summary_large_image","twitter_misc":{"Est. reading time":"4 minutes"},"schema":{"@context":"https:\/\/schema.org","@graph":[{"@type":"WebPage","@id":"https:\/\/allin1bitcoins.com\/es\/crypto\/gala\/credit-card\/","url":"https:\/\/allin1bitcoins.com\/es\/crypto\/gala\/credit-card\/","name":"C\u00f3mo Comprar Gala Coin (GALA) Con Tarjeta De Cr\u00e9dito","isPartOf":{"@id":"https:\/\/allin1bitcoins.com\/es\/#website"},"datePublished":"2023-03-05T16:59:07+00:00","dateModified":"2023-03-05T17:03:16+00:00","description":"Debes encontrar un intercambio de criptomonedas que permita pagos con tarjeta de cr\u00e9dito si deseas comprar Gala Coin","breadcrumb":{"@id":"https:\/\/allin1bitcoins.com\/es\/crypto\/gala\/credit-card\/#breadcrumb"},"inLanguage":"es","potentialAction":[{"@type":"ReadAction","target":["https:\/\/allin1bitcoins.com\/es\/crypto\/gala\/credit-card\/"]}]},{"@type":"BreadcrumbList","@id":"https:\/\/allin1bitcoins.com\/es\/crypto\/gala\/credit-card\/#breadcrumb","itemListElement":[{"@type":"ListItem","position":1,"name":"Home","item":"https:\/\/allin1bitcoins.com\/es\/"},{"@type":"ListItem","position":2,"name":"Cripto","item":"https:\/\/allin1bitcoins.com\/es\/crypto\/"},{"@type":"ListItem","position":3,"name":"C\u00f3mo Comprar Gala (GALA) &#8211; Gu\u00eda Paso A Paso 2023","item":"https:\/\/allin1bitcoins.com\/es\/crypto\/gala\/"},{"@type":"ListItem","position":4,"name":"C\u00f3mo Comprar Gala Coin (GALA) Con Tarjeta De Cr\u00e9dito"}]},{"@type":"WebSite","@id":"https:\/\/allin1bitcoins.com\/es\/#website","url":"https:\/\/allin1bitcoins.com\/es\/","name":"Allin1Bitcoins","description":"","publisher":{"@id":"https:\/\/allin1bitcoins.com\/es\/#organization"},"potentialAction":[{"@type":"SearchAction","target":{"@type":"EntryPoint","urlTemplate":"https:\/\/allin1bitcoins.com\/es\/?s={search_term_string}"},"query-input":"required name=search_term_string"}],"inLanguage":"es"},{"@type":"Organization","@id":"https:\/\/allin1bitcoins.com\/es\/#organization","name":"allin1bitcoins","url":"https:\/\/allin1bitcoins.com\/es\/","logo":{"@type":"ImageObject","inLanguage":"es","@id":"https:\/\/allin1bitcoins.com\/es\/#\/schema\/logo\/image\/","url":"https:\/\/allin1bitcoins.com\/wp-content\/uploads\/2019\/01\/logo-new.png","contentUrl":"https:\/\/allin1bitcoins.com\/wp-content\/uploads\/2019\/01\/logo-new.png","width":178,"height":71,"caption":"allin1bitcoins"},"image":{"@id":"https:\/\/allin1bitcoins.com\/es\/#\/schema\/logo\/image\/"}}]}},"_links":{"self":[{"href":"https:\/\/allin1bitcoins.com\/es\/wp-json\/wp\/v2\/pages\/22601"}],"collection":[{"href":"https:\/\/allin1bitcoins.com\/es\/wp-json\/wp\/v2\/pages"}],"about":[{"href":"https:\/\/allin1bitcoins.com\/es\/wp-json\/wp\/v2\/types\/page"}],"author":[{"embeddable":true,"href":"https:\/\/allin1bitcoins.com\/es\/wp-json\/wp\/v2\/users\/5"}],"replies":[{"embeddable":true,"href":"https:\/\/allin1bitcoins.com\/es\/wp-json\/wp\/v2\/comments?post=22601"}],"version-history":[{"count":1,"href":"https:\/\/allin1bitcoins.com\/es\/wp-json\/wp\/v2\/pages\/22601\/revisions"}],"predecessor-version":[{"id":22605,"href":"https:\/\/allin1bitcoins.com\/es\/wp-json\/wp\/v2\/pages\/22601\/revisions\/22605"}],"up":[{"embeddable":true,"href":"https:\/\/allin1bitcoins.com\/es\/wp-json\/wp\/v2\/pages\/22590"}],"wp:featuredmedia":[{"embeddable":true,"href":"https:\/\/allin1bitcoins.com\/es\/wp-json\/wp\/v2\/media\/22609"}],"wp:attachment":[{"href":"https:\/\/allin1bitcoins.com\/es\/wp-json\/wp\/v2\/media?parent=22601"}],"curies":[{"name":"wp","href":"https:\/\/api.w.org\/{rel}","templated":true}]}}