{"id":22629,"date":"2023-03-05T17:41:58","date_gmt":"2023-03-05T17:41:58","guid":{"rendered":"https:\/\/allin1bitcoins.com\/?page_id=22629"},"modified":"2023-03-05T17:42:01","modified_gmt":"2023-03-05T17:42:01","slug":"american-express","status":"publish","type":"page","link":"https:\/\/allin1bitcoins.com\/es\/crypto\/gala\/american-express\/","title":{"rendered":"C\u00f3mo Comprar La Moneda Gala (GALA) Con American Express"},"content":{"rendered":"\n<h2 class=\"wp-block-heading\">Se puede comprar Gala Coin usando American Express.<\/h2>\n\n\n\n<p>Antes de poder comprar Gala Coin con American Express, primero debes encontrar un exchange de criptomonedas que la acepte. Una vez que hayas localizado un exchange confiable, puedes abrir una cuenta all\u00ed y utilizar tu tarjeta American Express para comprar Gala Coin siguiendo las instrucciones del exchange. <\/p>\n\n\n\n<h2 class=\"wp-block-heading\">Resumen de Gala Coin<\/h2>\n\n\n\n<p>Desarrollada en 2017 como componente de la Gala Network, una plataforma descentralizada para desarrollar y desplegar aplicaciones descentralizadas, Gala Coin es un activo digital (DApps). Gala Coin se puede intercambiar en exchanges de criptomonedas y se utiliza para impulsar transacciones en la Gala Network.<\/p>\n\n\n\n<h2 class=\"wp-block-heading\">Por qu\u00e9 quieres pagar con American Express para comprar Gala Coin:<\/h2>\n\n\n\n<p>Hay varios factores a considerar antes de usar una tarjeta American Express para comprar Gala Coin. Una raz\u00f3n es que American Express es un proveedor de tarjetas de cr\u00e9dito reputado y conocido, por lo que es posible que te sientas m\u00e1s c\u00f3modo utiliz\u00e1ndolo para comprar criptomonedas. El uso de una tarjeta de cr\u00e9dito para comprar Gala Coin tambi\u00e9n puede proporcionarte protecciones adicionales, como la opci\u00f3n de impugnar cargos si algo sale mal con tu transacci\u00f3n.<\/p>\n\n\n\n<h2 class=\"wp-block-heading\">C\u00f3mo comprar Gala Coin con American Express, paso a paso:<\/h2>\n\n\n\n<ol><li><strong>Selecciona un exchange de criptomonedas que acepte American Express: <\/strong>Hay algunos exchanges donde puedes utilizar tu tarjeta American Express para comprar Gala Coin, pero es crucial hacer tu investigaci\u00f3n para encontrar uno con una s\u00f3lida reputaci\u00f3n y un historial probado. Los exchanges populares como Binance, Kraken y Coinbase todos aceptan American Express.<br><br><\/li><li><strong>Crea una cuenta:<\/strong> Una vez que hayas localizado un exchange confiable, debes crear una cuenta. Por lo general, se requiere proporcionar algunos datos personales b\u00e1sicos, como tu nombre, direcci\u00f3n de correo electr\u00f3nico y n\u00famero de tel\u00e9fono. Tambi\u00e9n puede ser necesario proporcionar una copia de tu identificaci\u00f3n emitida por el gobierno para probar tu identificaci\u00f3n. Despu\u00e9s de que se haya creado tu cuenta, debes agregar tu tarjeta American Express como opci\u00f3n de pago. Por lo general, se requiere proporcionar informaci\u00f3n de tu tarjeta, incluyendo el n\u00famero, la fecha de vencimiento y el c\u00f3digo de seguridad.<br><br><\/li><li><strong>Realice su compra: <\/strong>Puede ordenar Gala Coin una vez que su tarjeta American Express haya sido agregada. Para realizar la transacci\u00f3n, simplemente seleccione cu\u00e1ntos Gala Coin desea comprar y siga las instrucciones del intercambio.<\/li><\/ol>\n\n\n\n<figure class=\"wp-block-embed is-type-video is-provider-youtube wp-block-embed-youtube wp-embed-aspect-16-9 wp-has-aspect-ratio\"><div class=\"wp-block-embed__wrapper\">\n<iframe title=\"How to Buy USDT &amp; other Crypto from Binance from  credit Debit Master and Visa Card Amex Payoneer\" width=\"800\" height=\"450\" src=\"https:\/\/www.youtube.com\/embed\/TodDqg1co_w?feature=oembed\" frameborder=\"0\" allow=\"accelerometer; autoplay; clipboard-write; encrypted-media; gyroscope; picture-in-picture; web-share\" allowfullscreen><\/iframe>\n<\/div><\/figure>\n\n\n\n<h2 class=\"wp-block-heading\">Contras de pagar con American Express al comprar Gala Coin:<\/h2>\n\n\n\n<p>Usar una tarjeta American Express para comprar Gala Coin tiene varios posibles inconvenientes. En primer lugar, en comparaci\u00f3n con otras opciones de pago como transferencias bancarias, el uso de una tarjeta de cr\u00e9dito puede resultar en mayores costos de transacci\u00f3n en los intercambios de bitcoins que aceptan American Express.<\/p>\n\n\n\n<p>Adem\u00e1s, pagar por Gala Coin usando una tarjeta de cr\u00e9dito podr\u00eda incurrir en costos caros de avance de efectivo. Por \u00faltimo, pero no menos importante, es fundamental tener en cuenta que la compra de criptomonedas conlleva riesgos inherentes, incluida la posibilidad de perder su inversi\u00f3n debido a la volatilidad del mercado o el fraude.<\/p>\n\n\n\n<h2 class=\"wp-block-heading\">Conclusi\u00f3n<\/h2>\n\n\n\n<p>En conclusi\u00f3n, usar una tarjeta American Express para comprar Gala Coin es un proceso bastante sencillo, pero es vital hacer su tarea y entender cualquier riesgo y penalizaci\u00f3n potencial. Puede agregar f\u00e1cilmente Gala Coin a su cartera ubicando un intercambio confiable, agregando su tarjeta American Express como opci\u00f3n de pago y haciendo un pedido para comprar Gala Coin. Antes de ingresar al mundo de las criptomonedas, siempre es una buena idea evaluar cuidadosamente sus objetivos de inversi\u00f3n y tolerancia al riesgo.<\/p>\n\n\n\n<!-- Page-list plugin v.5.9 wordpress.org\/plugins\/page-list\/ -->\n<ul class=\"page-list siblings-page-list \">\n<li class=\"page_item page-item-22857\"><a href=\"https:\/\/allin1bitcoins.com\/es\/crypto\/gala\/paypal\/\">C\u00f3mo Comprar Gala (GALA) Con Paypal<\/a><\/li>\n<li class=\"page_item page-item-22638\"><a href=\"https:\/\/allin1bitcoins.com\/es\/crypto\/gala\/apple-pay\/\">C\u00f3mo Comprar Gala Coin (GALA) Con Apple Pay<\/a><\/li>\n<li class=\"page_item page-item-22710\"><a href=\"https:\/\/allin1bitcoins.com\/es\/crypto\/gala\/crypto-anonymously\/\">C\u00f3mo Comprar Gala Coin (GALA) Con Criptomonedas De Manera An\u00f3nima<\/a><\/li>\n<li class=\"page_item page-item-22660\"><a href=\"https:\/\/allin1bitcoins.com\/es\/crypto\/gala\/google-pay\/\">C\u00f3mo Comprar Gala Coin (GALA) Con Google Pay<\/a><\/li>\n<li class=\"page_item page-item-22669\"><a href=\"https:\/\/allin1bitcoins.com\/es\/crypto\/gala\/neteller\/\">C\u00f3mo Comprar Gala Coin (GALA) Con Neteller<\/a><\/li>\n<li class=\"page_item page-item-22679\"><a href=\"https:\/\/allin1bitcoins.com\/es\/crypto\/gala\/paysafecard\/\">C\u00f3mo Comprar Gala Coin (GALA) Con Paysafecard<\/a><\/li>\n<li class=\"page_item page-item-22689\"><a href=\"https:\/\/allin1bitcoins.com\/es\/crypto\/gala\/skrill\/\">C\u00f3mo Comprar Gala Coin (GALA) Con Skrill<\/a><\/li>\n<li class=\"page_item page-item-22601\"><a href=\"https:\/\/allin1bitcoins.com\/es\/crypto\/gala\/credit-card\/\">C\u00f3mo Comprar Gala Coin (GALA) Con Tarjeta De Cr\u00e9dito<\/a><\/li>\n<li class=\"page_item page-item-22619\"><a href=\"https:\/\/allin1bitcoins.com\/es\/crypto\/gala\/debit-card\/\">C\u00f3mo Comprar Gala Coin (GALA) Con Tarjeta De D\u00e9bito<\/a><\/li>\n<li class=\"page_item page-item-22647\"><a href=\"https:\/\/allin1bitcoins.com\/es\/crypto\/gala\/bank-account\/\">C\u00f3mo Comprar Gala Coin (GALA) Con Una Cuenta Bancaria<\/a><\/li>\n<li class=\"page_item page-item-22698\"><a href=\"https:\/\/allin1bitcoins.com\/es\/crypto\/gala\/venmo\/\">C\u00f3mo Comprar Gala Coin (GALA) Con Venmo<\/a><\/li>\n<li class=\"page_item page-item-22780\"><a href=\"https:\/\/allin1bitcoins.com\/es\/crypto\/gala\/germany\/\">C\u00f3mo Comprar Gala Coin (GALA) En Alemania<\/a><\/li>\n<li class=\"page_item page-item-22849\"><a href=\"https:\/\/allin1bitcoins.com\/es\/crypto\/gala\/australia\/\">C\u00f3mo Comprar Gala Coin (GALA) En Australia<\/a><\/li>\n<li class=\"page_item page-item-22730\"><a href=\"https:\/\/allin1bitcoins.com\/es\/crypto\/gala\/canada\/\">C\u00f3mo Comprar Gala Coin (GALA) En Canad\u00e1<\/a><\/li>\n<li class=\"page_item page-item-20220\"><a href=\"https:\/\/allin1bitcoins.com\/es\/crypto\/gala\/united-kingdom\/\">C\u00f3mo Comprar Gala Coin (GALA) En El Reino Unido<\/a><\/li>\n<li class=\"page_item page-item-22760\"><a href=\"https:\/\/allin1bitcoins.com\/es\/crypto\/gala\/finland\/\">C\u00f3mo Comprar Gala Coin (GALA) En Finlandia<\/a><\/li>\n<li class=\"page_item page-item-22771\"><a href=\"https:\/\/allin1bitcoins.com\/es\/crypto\/gala\/france\/\">C\u00f3mo Comprar Gala Coin (GALA) En Francia<\/a><\/li>\n<li class=\"page_item page-item-22789\"><a href=\"https:\/\/allin1bitcoins.com\/es\/crypto\/gala\/ireland\/\">C\u00f3mo Comprar Gala Coin (GALA) En Irlanda<\/a><\/li>\n<li class=\"page_item page-item-22740\"><a href=\"https:\/\/allin1bitcoins.com\/es\/crypto\/gala\/the-netherlands\/\">C\u00f3mo Comprar Gala Coin (GALA) En Los Pa\u00edses Bajos<\/a><\/li>\n<li class=\"page_item page-item-22840\"><a href=\"https:\/\/allin1bitcoins.com\/es\/crypto\/gala\/norway\/\">C\u00f3mo Comprar Gala Coin (GALA) En Noruega<\/a><\/li>\n<li class=\"page_item page-item-22809\"><a href=\"https:\/\/allin1bitcoins.com\/es\/crypto\/gala\/new-zealand\/\">C\u00f3mo Comprar Gala Coin (GALA) En Nueva Zelanda<\/a><\/li>\n<li class=\"page_item page-item-22829\"><a href=\"https:\/\/allin1bitcoins.com\/es\/crypto\/gala\/sweden\/\">C\u00f3mo Comprar Gala Coin (GALA) En Suecia<\/a><\/li>\n<li class=\"page_item page-item-22629\"><a href=\"https:\/\/allin1bitcoins.com\/es\/crypto\/gala\/american-express\/\">C\u00f3mo Comprar La Moneda Gala (GALA) Con American Express<\/a><\/li>\n<li class=\"page_item page-item-22799\"><a href=\"https:\/\/allin1bitcoins.com\/es\/crypto\/gala\/luxembourg\/\">C\u00f3mo Comprar La Moneda Gala (GALA) En Luxemburgo<\/a><\/li>\n\n<\/ul>\n","protected":false},"excerpt":{"rendered":"<p>Se puede comprar Gala Coin usando American Express. Antes de poder comprar Gala Coin con American Express, primero debes encontrar un exchange de criptomonedas que la acepte. Una vez que hayas localizado un exchange confiable, puedes abrir una cuenta all\u00ed y utilizar tu tarjeta American Express para comprar Gala Coin siguiendo las instrucciones del exchange&#8230;.<\/p>\n","protected":false},"author":5,"featured_media":13523,"parent":22590,"menu_order":0,"comment_status":"closed","ping_status":"closed","template":"","meta":{"cybocfi_hide_featured_image":"","footnotes":""},"acf":[],"yoast_head":"<!-- This site is optimized with the Yoast SEO plugin v21.7 - https:\/\/yoast.com\/wordpress\/plugins\/seo\/ -->\n<title>C\u00f3mo Comprar La Moneda Gala (GALA) Con American Express<\/title>\n<meta name=\"description\" content=\"Primero debes encontrar un exchange de criptomonedas que acepte American Express antes de poder comprar la moneda Gala con ella.\" \/>\n<meta name=\"robots\" content=\"index, follow, max-snippet:-1, max-image-preview:large, max-video-preview:-1\" \/>\n<link rel=\"canonical\" href=\"https:\/\/allin1bitcoins.com\/es\/crypto\/gala\/american-express\/\" \/>\n<meta property=\"og:locale\" content=\"es_ES\" \/>\n<meta property=\"og:type\" content=\"article\" \/>\n<meta property=\"og:title\" content=\"C\u00f3mo Comprar La Moneda Gala (GALA) Con American Express\" \/>\n<meta property=\"og:description\" content=\"Primero debes encontrar un exchange de criptomonedas que acepte American Express antes de poder comprar la moneda Gala con ella.\" \/>\n<meta property=\"og:url\" content=\"https:\/\/allin1bitcoins.com\/es\/crypto\/gala\/american-express\/\" \/>\n<meta property=\"og:site_name\" content=\"Allin1Bitcoins\" \/>\n<meta property=\"article:modified_time\" content=\"2023-03-05T17:42:01+00:00\" \/>\n<meta property=\"og:image\" content=\"https:\/\/allin1bitcoins.com\/wp-content\/uploads\/2023\/01\/cardmapr-nl-gPyRGGTqWXk-unsplash-1.jpg\" \/>\n\t<meta property=\"og:image:width\" content=\"1920\" \/>\n\t<meta property=\"og:image:height\" content=\"1282\" \/>\n\t<meta property=\"og:image:type\" content=\"image\/jpeg\" \/>\n<meta name=\"twitter:card\" content=\"summary_large_image\" \/>\n<meta name=\"twitter:label1\" content=\"Est. reading time\" \/>\n\t<meta name=\"twitter:data1\" content=\"3 minutes\" \/>\n<!-- \/ Yoast SEO plugin. -->","yoast_head_json":{"title":"C\u00f3mo Comprar La Moneda Gala (GALA) Con American Express","description":"Primero debes encontrar un exchange de criptomonedas que acepte American Express antes de poder comprar la moneda Gala con ella.","robots":{"index":"index","follow":"follow","max-snippet":"max-snippet:-1","max-image-preview":"max-image-preview:large","max-video-preview":"max-video-preview:-1"},"canonical":"https:\/\/allin1bitcoins.com\/es\/crypto\/gala\/american-express\/","og_locale":"es_ES","og_type":"article","og_title":"C\u00f3mo Comprar La Moneda Gala (GALA) Con American Express","og_description":"Primero debes encontrar un exchange de criptomonedas que acepte American Express antes de poder comprar la moneda Gala con ella.","og_url":"https:\/\/allin1bitcoins.com\/es\/crypto\/gala\/american-express\/","og_site_name":"Allin1Bitcoins","article_modified_time":"2023-03-05T17:42:01+00:00","og_image":[{"width":1920,"height":1282,"url":"https:\/\/allin1bitcoins.com\/wp-content\/uploads\/2023\/01\/cardmapr-nl-gPyRGGTqWXk-unsplash-1.jpg","type":"image\/jpeg"}],"twitter_card":"summary_large_image","twitter_misc":{"Est. reading time":"3 minutes"},"schema":{"@context":"https:\/\/schema.org","@graph":[{"@type":"WebPage","@id":"https:\/\/allin1bitcoins.com\/es\/crypto\/gala\/american-express\/","url":"https:\/\/allin1bitcoins.com\/es\/crypto\/gala\/american-express\/","name":"C\u00f3mo Comprar La Moneda Gala (GALA) Con American Express","isPartOf":{"@id":"https:\/\/allin1bitcoins.com\/es\/#website"},"datePublished":"2023-03-05T17:41:58+00:00","dateModified":"2023-03-05T17:42:01+00:00","description":"Primero debes encontrar un exchange de criptomonedas que acepte American Express antes de poder comprar la moneda Gala con ella.","breadcrumb":{"@id":"https:\/\/allin1bitcoins.com\/es\/crypto\/gala\/american-express\/#breadcrumb"},"inLanguage":"es","potentialAction":[{"@type":"ReadAction","target":["https:\/\/allin1bitcoins.com\/es\/crypto\/gala\/american-express\/"]}]},{"@type":"BreadcrumbList","@id":"https:\/\/allin1bitcoins.com\/es\/crypto\/gala\/american-express\/#breadcrumb","itemListElement":[{"@type":"ListItem","position":1,"name":"Home","item":"https:\/\/allin1bitcoins.com\/es\/"},{"@type":"ListItem","position":2,"name":"Cripto","item":"https:\/\/allin1bitcoins.com\/es\/crypto\/"},{"@type":"ListItem","position":3,"name":"C\u00f3mo Comprar Gala (GALA) &#8211; Gu\u00eda Paso A Paso 2023","item":"https:\/\/allin1bitcoins.com\/es\/crypto\/gala\/"},{"@type":"ListItem","position":4,"name":"C\u00f3mo Comprar La Moneda Gala (GALA) Con American Express"}]},{"@type":"WebSite","@id":"https:\/\/allin1bitcoins.com\/es\/#website","url":"https:\/\/allin1bitcoins.com\/es\/","name":"Allin1Bitcoins","description":"","publisher":{"@id":"https:\/\/allin1bitcoins.com\/es\/#organization"},"potentialAction":[{"@type":"SearchAction","target":{"@type":"EntryPoint","urlTemplate":"https:\/\/allin1bitcoins.com\/es\/?s={search_term_string}"},"query-input":"required name=search_term_string"}],"inLanguage":"es"},{"@type":"Organization","@id":"https:\/\/allin1bitcoins.com\/es\/#organization","name":"allin1bitcoins","url":"https:\/\/allin1bitcoins.com\/es\/","logo":{"@type":"ImageObject","inLanguage":"es","@id":"https:\/\/allin1bitcoins.com\/es\/#\/schema\/logo\/image\/","url":"https:\/\/allin1bitcoins.com\/wp-content\/uploads\/2019\/01\/logo-new.png","contentUrl":"https:\/\/allin1bitcoins.com\/wp-content\/uploads\/2019\/01\/logo-new.png","width":178,"height":71,"caption":"allin1bitcoins"},"image":{"@id":"https:\/\/allin1bitcoins.com\/es\/#\/schema\/logo\/image\/"}}]}},"_links":{"self":[{"href":"https:\/\/allin1bitcoins.com\/es\/wp-json\/wp\/v2\/pages\/22629"}],"collection":[{"href":"https:\/\/allin1bitcoins.com\/es\/wp-json\/wp\/v2\/pages"}],"about":[{"href":"https:\/\/allin1bitcoins.com\/es\/wp-json\/wp\/v2\/types\/page"}],"author":[{"embeddable":true,"href":"https:\/\/allin1bitcoins.com\/es\/wp-json\/wp\/v2\/users\/5"}],"replies":[{"embeddable":true,"href":"https:\/\/allin1bitcoins.com\/es\/wp-json\/wp\/v2\/comments?post=22629"}],"version-history":[{"count":1,"href":"https:\/\/allin1bitcoins.com\/es\/wp-json\/wp\/v2\/pages\/22629\/revisions"}],"predecessor-version":[{"id":22633,"href":"https:\/\/allin1bitcoins.com\/es\/wp-json\/wp\/v2\/pages\/22629\/revisions\/22633"}],"up":[{"embeddable":true,"href":"https:\/\/allin1bitcoins.com\/es\/wp-json\/wp\/v2\/pages\/22590"}],"wp:featuredmedia":[{"embeddable":true,"href":"https:\/\/allin1bitcoins.com\/es\/wp-json\/wp\/v2\/media\/13523"}],"wp:attachment":[{"href":"https:\/\/allin1bitcoins.com\/es\/wp-json\/wp\/v2\/media?parent=22629"}],"curies":[{"name":"wp","href":"https:\/\/api.w.org\/{rel}","templated":true}]}}