{"id":22660,"date":"2023-03-06T05:17:13","date_gmt":"2023-03-06T05:17:13","guid":{"rendered":"https:\/\/allin1bitcoins.com\/?page_id=22660"},"modified":"2023-03-06T05:17:16","modified_gmt":"2023-03-06T05:17:16","slug":"google-pay","status":"publish","type":"page","link":"https:\/\/allin1bitcoins.com\/es\/crypto\/gala\/google-pay\/","title":{"rendered":"C\u00f3mo Comprar Gala Coin (GALA) Con Google Pay"},"content":{"rendered":"\n<h2 class=\"wp-block-heading\">Puedes comprar Gala Coin con Google Pay.<\/h2>\n\n\n\n<p>Debes buscar un intercambio de criptomonedas que ofrezca Google Pay como opci\u00f3n de pago para poder comprar Gala Coin con Google Pay. Una vez que hayas encontrado un intercambio confiable, puedes registrarte para obtener una cuenta all\u00ed y seguir los pasos para comprar Gala Coin con Google Pay.<\/p>\n\n\n\n<h2 class=\"wp-block-heading\">Resumen de Gala Coin:<\/h2>\n\n\n\n<p>Gala Coin es un activo digital que se cre\u00f3 en 2017 como parte de la Gala Network, una plataforma descentralizada para construir y desplegar aplicaciones descentralizadas (DApps). Gala Coin se utiliza para impulsar transacciones en la red Gala y tambi\u00e9n se puede negociar en intercambios de criptomonedas.<\/p>\n\n\n\n<h2 class=\"wp-block-heading\">Por qu\u00e9 querr\u00edas comprar Gala Coin con Google Pay:<\/h2>\n\n\n\n<p>Existen varias razones por las que comprar Gala Coin a trav\u00e9s de Google Pay puede ser una buena idea. Una ventaja de usar Google Pay es que puedes usar tu tel\u00e9fono o tablet Android para hacer compras con solo un toque, lo que lo convierte en un m\u00e9todo de pago r\u00e1pido y seguro. Adem\u00e1s, usar Google Pay para comprar Gala Coin puede proporcionarte protecciones adicionales, como la capacidad de impugnar cargos en caso de que algo salga mal con tu transacci\u00f3n.<\/p>\n\n\n\n<h2 class=\"wp-block-heading\">C\u00f3mo comprar Gala Coin con Google Pay, paso a paso:<\/h2>\n\n\n\n<ol><li><strong>Encuentra un intercambio de criptomonedas que acepte Google Pay: <\/strong>Es importante hacer una investigaci\u00f3n para encontrar un intercambio que acepte Google Pay porque no todos lo hacen. Los intercambios conocidos como Binance y Coinbase permiten Google Pay.<br><br><\/li><li><strong>Crea una cuenta: <\/strong>Una vez que hayas encontrado un intercambio confiable, debes crear una cuenta. Por lo general, se requiere proporcionar algunos datos personales b\u00e1sicos, como tu nombre, direcci\u00f3n de correo electr\u00f3nico y n\u00famero de tel\u00e9fono. Es posible que tambi\u00e9n se requiera una copia de tu identificaci\u00f3n emitida por el gobierno para demostrar tu identidad.<br><br><\/li><li><strong>Agrega la cuenta de Google Pay: <\/strong>Despu\u00e9s de que se haya creado tu cuenta, debes agregar tu cuenta de Google Pay como opci\u00f3n de pago. Por lo general, para hacer esto, debes ingresar tu informaci\u00f3n de inicio de sesi\u00f3n de Google y vincular tu cuenta de Google Pay con el intercambio.<br><br><\/li><li><strong>Haz tu compra: <\/strong>Una vez que se haya agregado tu cuenta de Google Pay, puedes solicitar Gala Coin. Para realizar la transacci\u00f3n, solo selecciona la cantidad de Gala Coin que deseas comprar y sigue las instrucciones del intercambio.<\/li><\/ol>\n\n\n\n<figure class=\"wp-block-embed is-type-video is-provider-youtube wp-block-embed-youtube wp-embed-aspect-16-9 wp-has-aspect-ratio\"><div class=\"wp-block-embed__wrapper\">\n<iframe title=\"How to Buy Crypto with Google Pay \u2013 Easy &amp; Fast! (Crypto.com Google Pay Guide)\" width=\"800\" height=\"450\" src=\"https:\/\/www.youtube.com\/embed\/I0VUJ3Wp21E?feature=oembed\" frameborder=\"0\" allow=\"accelerometer; autoplay; clipboard-write; encrypted-media; gyroscope; picture-in-picture; web-share\" allowfullscreen><\/iframe>\n<\/div><\/figure>\n\n\n\n<h2 class=\"wp-block-heading\">Desventajas de usar Google Pay para comprar Gala Coin:<\/h2>\n\n\n\n<p>El uso de Google Pay para comprar Gala Coin podr\u00eda tener varias desventajas. Puede ser m\u00e1s dif\u00edcil encontrar un intercambio que te permita comprar Gala Coin con Google Pay porque no todos ofrecen esta opci\u00f3n de pago. Los riesgos inherentes asociados con la compra de criptomonedas incluyen la posible p\u00e9rdida de tu inversi\u00f3n debido a la volatilidad del mercado o el fraude.<\/p>\n\n\n\n<h2 class=\"wp-block-heading\">Conclusi\u00f3n:<\/h2>\n\n\n\n<p>En conclusi\u00f3n, usar Google Pay para comprar Gala Coin es una forma r\u00e1pida y segura de enviar dinero, pero es importante investigar y comprender cualquier posible riesgo y restricci\u00f3n. Puedes agregar f\u00e1cilmente Gala Coin a tu cartera buscando un intercambio confiable que acepte Google Pay, conectando tu cuenta de Google Pay como opci\u00f3n de pago y realizando un pedido para comprar Gala Coin. Antes de ingresar al mundo de las criptomonedas, siempre es una buena idea evaluar cuidadosamente tus objetivos de inversi\u00f3n y tolerancia al riesgo.<\/p>\n\n\n\n<!-- Page-list plugin v.5.9 wordpress.org\/plugins\/page-list\/ -->\n<ul class=\"page-list siblings-page-list \">\n<li class=\"page_item page-item-22857\"><a href=\"https:\/\/allin1bitcoins.com\/es\/crypto\/gala\/paypal\/\">C\u00f3mo Comprar Gala (GALA) Con Paypal<\/a><\/li>\n<li class=\"page_item page-item-22638\"><a href=\"https:\/\/allin1bitcoins.com\/es\/crypto\/gala\/apple-pay\/\">C\u00f3mo Comprar Gala Coin (GALA) Con Apple Pay<\/a><\/li>\n<li class=\"page_item page-item-22710\"><a href=\"https:\/\/allin1bitcoins.com\/es\/crypto\/gala\/crypto-anonymously\/\">C\u00f3mo Comprar Gala Coin (GALA) Con Criptomonedas De Manera An\u00f3nima<\/a><\/li>\n<li class=\"page_item page-item-22660\"><a href=\"https:\/\/allin1bitcoins.com\/es\/crypto\/gala\/google-pay\/\">C\u00f3mo Comprar Gala Coin (GALA) Con Google Pay<\/a><\/li>\n<li class=\"page_item page-item-22669\"><a href=\"https:\/\/allin1bitcoins.com\/es\/crypto\/gala\/neteller\/\">C\u00f3mo Comprar Gala Coin (GALA) Con Neteller<\/a><\/li>\n<li class=\"page_item page-item-22679\"><a href=\"https:\/\/allin1bitcoins.com\/es\/crypto\/gala\/paysafecard\/\">C\u00f3mo Comprar Gala Coin (GALA) Con Paysafecard<\/a><\/li>\n<li class=\"page_item page-item-22689\"><a href=\"https:\/\/allin1bitcoins.com\/es\/crypto\/gala\/skrill\/\">C\u00f3mo Comprar Gala Coin (GALA) Con Skrill<\/a><\/li>\n<li class=\"page_item page-item-22601\"><a href=\"https:\/\/allin1bitcoins.com\/es\/crypto\/gala\/credit-card\/\">C\u00f3mo Comprar Gala Coin (GALA) Con Tarjeta De Cr\u00e9dito<\/a><\/li>\n<li class=\"page_item page-item-22619\"><a href=\"https:\/\/allin1bitcoins.com\/es\/crypto\/gala\/debit-card\/\">C\u00f3mo Comprar Gala Coin (GALA) Con Tarjeta De D\u00e9bito<\/a><\/li>\n<li class=\"page_item page-item-22647\"><a href=\"https:\/\/allin1bitcoins.com\/es\/crypto\/gala\/bank-account\/\">C\u00f3mo Comprar Gala Coin (GALA) Con Una Cuenta Bancaria<\/a><\/li>\n<li class=\"page_item page-item-22698\"><a href=\"https:\/\/allin1bitcoins.com\/es\/crypto\/gala\/venmo\/\">C\u00f3mo Comprar Gala Coin (GALA) Con Venmo<\/a><\/li>\n<li class=\"page_item page-item-22780\"><a href=\"https:\/\/allin1bitcoins.com\/es\/crypto\/gala\/germany\/\">C\u00f3mo Comprar Gala Coin (GALA) En Alemania<\/a><\/li>\n<li class=\"page_item page-item-22849\"><a href=\"https:\/\/allin1bitcoins.com\/es\/crypto\/gala\/australia\/\">C\u00f3mo Comprar Gala Coin (GALA) En Australia<\/a><\/li>\n<li class=\"page_item page-item-22730\"><a href=\"https:\/\/allin1bitcoins.com\/es\/crypto\/gala\/canada\/\">C\u00f3mo Comprar Gala Coin (GALA) En Canad\u00e1<\/a><\/li>\n<li class=\"page_item page-item-20220\"><a href=\"https:\/\/allin1bitcoins.com\/es\/crypto\/gala\/united-kingdom\/\">C\u00f3mo Comprar Gala Coin (GALA) En El Reino Unido<\/a><\/li>\n<li class=\"page_item page-item-22760\"><a href=\"https:\/\/allin1bitcoins.com\/es\/crypto\/gala\/finland\/\">C\u00f3mo Comprar Gala Coin (GALA) En Finlandia<\/a><\/li>\n<li class=\"page_item page-item-22771\"><a href=\"https:\/\/allin1bitcoins.com\/es\/crypto\/gala\/france\/\">C\u00f3mo Comprar Gala Coin (GALA) En Francia<\/a><\/li>\n<li class=\"page_item page-item-22789\"><a href=\"https:\/\/allin1bitcoins.com\/es\/crypto\/gala\/ireland\/\">C\u00f3mo Comprar Gala Coin (GALA) En Irlanda<\/a><\/li>\n<li class=\"page_item page-item-22740\"><a href=\"https:\/\/allin1bitcoins.com\/es\/crypto\/gala\/the-netherlands\/\">C\u00f3mo Comprar Gala Coin (GALA) En Los Pa\u00edses Bajos<\/a><\/li>\n<li class=\"page_item page-item-22840\"><a href=\"https:\/\/allin1bitcoins.com\/es\/crypto\/gala\/norway\/\">C\u00f3mo Comprar Gala Coin (GALA) En Noruega<\/a><\/li>\n<li class=\"page_item page-item-22809\"><a href=\"https:\/\/allin1bitcoins.com\/es\/crypto\/gala\/new-zealand\/\">C\u00f3mo Comprar Gala Coin (GALA) En Nueva Zelanda<\/a><\/li>\n<li class=\"page_item page-item-22829\"><a href=\"https:\/\/allin1bitcoins.com\/es\/crypto\/gala\/sweden\/\">C\u00f3mo Comprar Gala Coin (GALA) En Suecia<\/a><\/li>\n<li class=\"page_item page-item-22629\"><a href=\"https:\/\/allin1bitcoins.com\/es\/crypto\/gala\/american-express\/\">C\u00f3mo Comprar La Moneda Gala (GALA) Con American Express<\/a><\/li>\n<li class=\"page_item page-item-22799\"><a href=\"https:\/\/allin1bitcoins.com\/es\/crypto\/gala\/luxembourg\/\">C\u00f3mo Comprar La Moneda Gala (GALA) En Luxemburgo<\/a><\/li>\n\n<\/ul>\n","protected":false},"excerpt":{"rendered":"<p>Puedes comprar Gala Coin con Google Pay. Debes buscar un intercambio de criptomonedas que ofrezca Google Pay como opci\u00f3n de pago para poder comprar Gala Coin con Google Pay. Una vez que hayas encontrado un intercambio confiable, puedes registrarte para obtener una cuenta all\u00ed y seguir los pasos para comprar Gala Coin con Google Pay&#8230;.<\/p>\n","protected":false},"author":5,"featured_media":12376,"parent":22590,"menu_order":0,"comment_status":"closed","ping_status":"closed","template":"","meta":{"cybocfi_hide_featured_image":"","footnotes":""},"acf":[],"yoast_head":"<!-- This site is optimized with the Yoast SEO plugin v21.7 - https:\/\/yoast.com\/wordpress\/plugins\/seo\/ -->\n<title>C\u00f3mo Comprar Gala Coin (GALA) Con Google Pay<\/title>\n<meta name=\"description\" content=\"Debes buscar un intercambio de criptomonedas que ofrezca Google Pay como opci\u00f3n de pago para comprar Gala Coin con Google Pay.\" \/>\n<meta name=\"robots\" content=\"index, follow, max-snippet:-1, max-image-preview:large, max-video-preview:-1\" \/>\n<link rel=\"canonical\" href=\"https:\/\/allin1bitcoins.com\/es\/crypto\/gala\/google-pay\/\" \/>\n<meta property=\"og:locale\" content=\"es_ES\" \/>\n<meta property=\"og:type\" content=\"article\" \/>\n<meta property=\"og:title\" content=\"C\u00f3mo Comprar Gala Coin (GALA) Con Google Pay\" \/>\n<meta property=\"og:description\" content=\"Debes buscar un intercambio de criptomonedas que ofrezca Google Pay como opci\u00f3n de pago para comprar Gala Coin con Google Pay.\" \/>\n<meta property=\"og:url\" content=\"https:\/\/allin1bitcoins.com\/es\/crypto\/gala\/google-pay\/\" \/>\n<meta property=\"og:site_name\" content=\"Allin1Bitcoins\" \/>\n<meta property=\"article:modified_time\" content=\"2023-03-06T05:17:16+00:00\" \/>\n<meta property=\"og:image\" content=\"https:\/\/allin1bitcoins.com\/wp-content\/uploads\/2022\/12\/matthew-kwong-rQRKEu9HnZo-unsplash.jpg\" \/>\n\t<meta property=\"og:image:width\" content=\"1920\" \/>\n\t<meta property=\"og:image:height\" content=\"1280\" \/>\n\t<meta property=\"og:image:type\" content=\"image\/jpeg\" \/>\n<meta name=\"twitter:card\" content=\"summary_large_image\" \/>\n<meta name=\"twitter:label1\" content=\"Est. reading time\" \/>\n\t<meta name=\"twitter:data1\" content=\"3 minutes\" \/>\n<!-- \/ Yoast SEO plugin. -->","yoast_head_json":{"title":"C\u00f3mo Comprar Gala Coin (GALA) Con Google Pay","description":"Debes buscar un intercambio de criptomonedas que ofrezca Google Pay como opci\u00f3n de pago para comprar Gala Coin con Google Pay.","robots":{"index":"index","follow":"follow","max-snippet":"max-snippet:-1","max-image-preview":"max-image-preview:large","max-video-preview":"max-video-preview:-1"},"canonical":"https:\/\/allin1bitcoins.com\/es\/crypto\/gala\/google-pay\/","og_locale":"es_ES","og_type":"article","og_title":"C\u00f3mo Comprar Gala Coin (GALA) Con Google Pay","og_description":"Debes buscar un intercambio de criptomonedas que ofrezca Google Pay como opci\u00f3n de pago para comprar Gala Coin con Google Pay.","og_url":"https:\/\/allin1bitcoins.com\/es\/crypto\/gala\/google-pay\/","og_site_name":"Allin1Bitcoins","article_modified_time":"2023-03-06T05:17:16+00:00","og_image":[{"width":1920,"height":1280,"url":"https:\/\/allin1bitcoins.com\/wp-content\/uploads\/2022\/12\/matthew-kwong-rQRKEu9HnZo-unsplash.jpg","type":"image\/jpeg"}],"twitter_card":"summary_large_image","twitter_misc":{"Est. reading time":"3 minutes"},"schema":{"@context":"https:\/\/schema.org","@graph":[{"@type":"WebPage","@id":"https:\/\/allin1bitcoins.com\/es\/crypto\/gala\/google-pay\/","url":"https:\/\/allin1bitcoins.com\/es\/crypto\/gala\/google-pay\/","name":"C\u00f3mo Comprar Gala Coin (GALA) Con Google Pay","isPartOf":{"@id":"https:\/\/allin1bitcoins.com\/es\/#website"},"datePublished":"2023-03-06T05:17:13+00:00","dateModified":"2023-03-06T05:17:16+00:00","description":"Debes buscar un intercambio de criptomonedas que ofrezca Google Pay como opci\u00f3n de pago para comprar Gala Coin con Google Pay.","breadcrumb":{"@id":"https:\/\/allin1bitcoins.com\/es\/crypto\/gala\/google-pay\/#breadcrumb"},"inLanguage":"es","potentialAction":[{"@type":"ReadAction","target":["https:\/\/allin1bitcoins.com\/es\/crypto\/gala\/google-pay\/"]}]},{"@type":"BreadcrumbList","@id":"https:\/\/allin1bitcoins.com\/es\/crypto\/gala\/google-pay\/#breadcrumb","itemListElement":[{"@type":"ListItem","position":1,"name":"Home","item":"https:\/\/allin1bitcoins.com\/es\/"},{"@type":"ListItem","position":2,"name":"Cripto","item":"https:\/\/allin1bitcoins.com\/es\/crypto\/"},{"@type":"ListItem","position":3,"name":"C\u00f3mo Comprar Gala (GALA) &#8211; Gu\u00eda Paso A Paso 2023","item":"https:\/\/allin1bitcoins.com\/es\/crypto\/gala\/"},{"@type":"ListItem","position":4,"name":"C\u00f3mo Comprar Gala Coin (GALA) Con Google Pay"}]},{"@type":"WebSite","@id":"https:\/\/allin1bitcoins.com\/es\/#website","url":"https:\/\/allin1bitcoins.com\/es\/","name":"Allin1Bitcoins","description":"","publisher":{"@id":"https:\/\/allin1bitcoins.com\/es\/#organization"},"potentialAction":[{"@type":"SearchAction","target":{"@type":"EntryPoint","urlTemplate":"https:\/\/allin1bitcoins.com\/es\/?s={search_term_string}"},"query-input":"required name=search_term_string"}],"inLanguage":"es"},{"@type":"Organization","@id":"https:\/\/allin1bitcoins.com\/es\/#organization","name":"allin1bitcoins","url":"https:\/\/allin1bitcoins.com\/es\/","logo":{"@type":"ImageObject","inLanguage":"es","@id":"https:\/\/allin1bitcoins.com\/es\/#\/schema\/logo\/image\/","url":"https:\/\/allin1bitcoins.com\/wp-content\/uploads\/2019\/01\/logo-new.png","contentUrl":"https:\/\/allin1bitcoins.com\/wp-content\/uploads\/2019\/01\/logo-new.png","width":178,"height":71,"caption":"allin1bitcoins"},"image":{"@id":"https:\/\/allin1bitcoins.com\/es\/#\/schema\/logo\/image\/"}}]}},"_links":{"self":[{"href":"https:\/\/allin1bitcoins.com\/es\/wp-json\/wp\/v2\/pages\/22660"}],"collection":[{"href":"https:\/\/allin1bitcoins.com\/es\/wp-json\/wp\/v2\/pages"}],"about":[{"href":"https:\/\/allin1bitcoins.com\/es\/wp-json\/wp\/v2\/types\/page"}],"author":[{"embeddable":true,"href":"https:\/\/allin1bitcoins.com\/es\/wp-json\/wp\/v2\/users\/5"}],"replies":[{"embeddable":true,"href":"https:\/\/allin1bitcoins.com\/es\/wp-json\/wp\/v2\/comments?post=22660"}],"version-history":[{"count":1,"href":"https:\/\/allin1bitcoins.com\/es\/wp-json\/wp\/v2\/pages\/22660\/revisions"}],"predecessor-version":[{"id":22664,"href":"https:\/\/allin1bitcoins.com\/es\/wp-json\/wp\/v2\/pages\/22660\/revisions\/22664"}],"up":[{"embeddable":true,"href":"https:\/\/allin1bitcoins.com\/es\/wp-json\/wp\/v2\/pages\/22590"}],"wp:featuredmedia":[{"embeddable":true,"href":"https:\/\/allin1bitcoins.com\/es\/wp-json\/wp\/v2\/media\/12376"}],"wp:attachment":[{"href":"https:\/\/allin1bitcoins.com\/es\/wp-json\/wp\/v2\/media?parent=22660"}],"curies":[{"name":"wp","href":"https:\/\/api.w.org\/{rel}","templated":true}]}}