{"id":22771,"date":"2023-03-08T06:04:23","date_gmt":"2023-03-08T06:04:23","guid":{"rendered":"https:\/\/allin1bitcoins.com\/?page_id=22771"},"modified":"2023-03-08T06:04:26","modified_gmt":"2023-03-08T06:04:26","slug":"france","status":"publish","type":"page","link":"https:\/\/allin1bitcoins.com\/es\/crypto\/gala\/france\/","title":{"rendered":"C\u00f3mo Comprar Gala Coin (GALA) En Francia"},"content":{"rendered":"\n<p>Encuentra un intercambio de criptomonedas que admita Gala Coin si deseas comprar Gala Coin en Francia. Los intercambios conocidos OKEx, Huobi y Binance admiten Gala Coin. Debes registrarte para obtener una cuenta, demostrar tu identidad y luego transferir dinero a tu cuenta una vez que hayas localizado un intercambio que acepte Gala Coin. Una vez que tu cuenta est\u00e9 financiada, puedes utilizar tu m\u00e9todo de pago seleccionado para realizar un pedido para comprar Gala Coin.<\/p>\n\n\n\n<h2 class=\"wp-block-heading\">Resumen de Gala Coin<\/h2>\n\n\n\n<p>El prop\u00f3sito de Gala Coin, una criptomoneda descentralizada, es ser utilizada como medio de intercambio y reserva de valor. Se basa en la cadena de bloques Ethereum y utiliza contratos inteligentes para acelerar las transacciones y mantener las pol\u00edticas de red. Gala Coin est\u00e1 dise\u00f1ada con un enfoque en la usabilidad y accesibilidad, y se ha creado para ser r\u00e1pida, segura y escalable.<\/p>\n\n\n\n<p>El \u00e9nfasis de Gala Coin en el gobierno local es una de sus caracter\u00edsticas distintivas. Un factor clave para garantizar que la red de Gala Coin siga descentralizada y adaptable a las necesidades del usuario es la capacidad de la comunidad para proponer y votar sobre mejoras de la red.<\/p>\n\n\n\n<h2 class=\"wp-block-heading\">Ventajas de comprar Gala Coin<\/h2>\n\n\n\n<p><strong>La compra de Gala Coin tiene varias ventajas, que incluyen:<\/strong><\/p>\n\n\n\n<ul><li><strong>Descentralizaci\u00f3n:<\/strong> Gala Coin es una criptomoneda descentralizada, lo que significa que no est\u00e1 gobernada por un banco u otra entidad centralizada. Como resultado, es menos susceptible a la censura, el fraude y otros tipos de intromisi\u00f3n.<br><br><\/li><li><strong>Seguridad: <\/strong>Las transacciones de Gala Coin est\u00e1n aseguradas utilizando la criptograf\u00eda m\u00e1s avanzada, lo que tambi\u00e9n protege contra el fraude. La capacidad de mantener y transferir valor de esta manera es segura.<br><br><\/li><li><strong>Bajas comisiones de transacci\u00f3n: <\/strong>La red de Gala Coin es una opci\u00f3n asequible tanto para transacciones peque\u00f1as como grandes, ya que las transacciones all\u00ed suelen ser muy econ\u00f3micas.<br><br><\/li><li><strong>Gobernanza comunitaria:<\/strong> Como se indic\u00f3 anteriormente, la comunidad de Gala Coin tiene la capacidad de sugerir y decidir sobre cambios en la red. Esto facilita el mantenimiento de la capacidad de respuesta de la red a las necesidades del usuario.<\/li><\/ul>\n\n\n\n<figure class=\"wp-block-embed is-type-video is-provider-youtube wp-block-embed-youtube wp-embed-aspect-16-9 wp-has-aspect-ratio\"><div class=\"wp-block-embed__wrapper\">\n<iframe title=\"TIME TO BUY GALA GAMES CRYPTO \ud83d\udea8 GALA IN THE CENTRE OF CRYPTO GAMING \ud83d\udea8 GALA GAMES HUGE NEWS\" width=\"800\" height=\"450\" src=\"https:\/\/www.youtube.com\/embed\/wi1DW-ejZMQ?feature=oembed\" frameborder=\"0\" allow=\"accelerometer; autoplay; clipboard-write; encrypted-media; gyroscope; picture-in-picture; web-share\" allowfullscreen><\/iframe>\n<\/div><\/figure>\n\n\n\n<h2 class=\"wp-block-heading\">Instrucciones detalladas sobre c\u00f3mo comprar Gala Coin en Francia<\/h2>\n\n\n\n<ol><li>El primer paso para comprar Gala Coin en Francia es encontrar un intercambio de criptomonedas que acepte la moneda. Gala Coin es admitida por varios intercambios conocidos, incluidos OKEx, Huobi y Binance.<br><br><\/li><li>Una vez que hayas localizado un intercambio que acepte Gala Coin, debes registrarte en esa plataforma. Por lo general, esto implica proporcionar algunos datos personales y demostrar tu identidad.<br><br><\/li><li>Transferir dinero a tu cuenta: Despu\u00e9s de configurar tu cuenta, necesitar\u00e1s agregar dinero para poder comprar Gala Coin. Por lo general, puedes usar una transferencia bancaria, tarjeta de cr\u00e9dito u otra criptomoneda para esto.<br><br><\/li><li>Una vez que tu cuenta ha sido financiada, puedes usar tu m\u00e9todo de pago favorito para hacer una orden de compra de Gala Coin. Debes ser espec\u00edfico sobre la cantidad de Gala Coin que deseas comprar y tu rango de precios.<br><br><\/li><li>Despu\u00e9s de que tu orden haya sido completada, debes retirar tus Gala Coin a una billetera segura. Es importante que puedas gestionar tus propias claves privadas, que son necesarias para acceder a tus Gala Coin.<\/li><\/ol>\n\n\n\n<h2 class=\"wp-block-heading\">Impuestos sobre la compra de Gala Coin en Francia<\/h2>\n\n\n\n<p>Aunque la tributaci\u00f3n francesa de las criptomonedas a\u00fan no ha sido completamente determinada, generalmente se acepta que es un activo financiero y, por lo tanto, est\u00e1 sujeto a impuestos sobre las ganancias de capital. Sin embargo, tus circunstancias individuales, incluido tu estatus de residencia y la duraci\u00f3n de tiempo que retengas las Gala Coin, determinar\u00e1n las implicaciones fiscales precisas de la compra y tenencia de Gala Coin.<\/p>\n\n\n\n<p>Recuerda que la legislaci\u00f3n fiscal a\u00fan se est\u00e1 desarrollando en lo que respecta a las criptomonedas, como Gala Coin. Por lo tanto, se recomienda consultar a un experto fiscal certificado antes de comprar o vender Gala Coin en Francia.<\/p>\n\n\n\n<h2 class=\"wp-block-heading\">Conclusi\u00f3n<\/h2>\n\n\n\n<p>En conclusi\u00f3n, la compra de Gala Coin en Francia requiere localizar un exchange de criptomonedas que acepte Gala Coin, configurar una cuenta, transferir dinero y realizar una orden de compra. Es crucial analizar cuidadosamente las repercusiones fiscales de la compra y tenencia de Gala Coin, y obtener orientaci\u00f3n de un profesional fiscal con licencia si es necesario. En general, la compra de Gala Coin puede ser una forma pr\u00e1ctica y segura de mantener y transferir valor, siempre y cuando tomes las medidas de seguridad adecuadas para proteger tu inversi\u00f3n.<\/p>\n\n\n\n<!-- Page-list plugin v.5.9 wordpress.org\/plugins\/page-list\/ -->\n<ul class=\"page-list siblings-page-list \">\n<li class=\"page_item page-item-22857\"><a href=\"https:\/\/allin1bitcoins.com\/es\/crypto\/gala\/paypal\/\">C\u00f3mo Comprar Gala (GALA) Con Paypal<\/a><\/li>\n<li class=\"page_item page-item-22638\"><a href=\"https:\/\/allin1bitcoins.com\/es\/crypto\/gala\/apple-pay\/\">C\u00f3mo Comprar Gala Coin (GALA) Con Apple Pay<\/a><\/li>\n<li class=\"page_item page-item-22710\"><a href=\"https:\/\/allin1bitcoins.com\/es\/crypto\/gala\/crypto-anonymously\/\">C\u00f3mo Comprar Gala Coin (GALA) Con Criptomonedas De Manera An\u00f3nima<\/a><\/li>\n<li class=\"page_item page-item-22660\"><a href=\"https:\/\/allin1bitcoins.com\/es\/crypto\/gala\/google-pay\/\">C\u00f3mo Comprar Gala Coin (GALA) Con Google Pay<\/a><\/li>\n<li class=\"page_item page-item-22669\"><a href=\"https:\/\/allin1bitcoins.com\/es\/crypto\/gala\/neteller\/\">C\u00f3mo Comprar Gala Coin (GALA) Con Neteller<\/a><\/li>\n<li class=\"page_item page-item-22679\"><a href=\"https:\/\/allin1bitcoins.com\/es\/crypto\/gala\/paysafecard\/\">C\u00f3mo Comprar Gala Coin (GALA) Con Paysafecard<\/a><\/li>\n<li class=\"page_item page-item-22689\"><a href=\"https:\/\/allin1bitcoins.com\/es\/crypto\/gala\/skrill\/\">C\u00f3mo Comprar Gala Coin (GALA) Con Skrill<\/a><\/li>\n<li class=\"page_item page-item-22601\"><a href=\"https:\/\/allin1bitcoins.com\/es\/crypto\/gala\/credit-card\/\">C\u00f3mo Comprar Gala Coin (GALA) Con Tarjeta De Cr\u00e9dito<\/a><\/li>\n<li class=\"page_item page-item-22619\"><a href=\"https:\/\/allin1bitcoins.com\/es\/crypto\/gala\/debit-card\/\">C\u00f3mo Comprar Gala Coin (GALA) Con Tarjeta De D\u00e9bito<\/a><\/li>\n<li class=\"page_item page-item-22647\"><a href=\"https:\/\/allin1bitcoins.com\/es\/crypto\/gala\/bank-account\/\">C\u00f3mo Comprar Gala Coin (GALA) Con Una Cuenta Bancaria<\/a><\/li>\n<li class=\"page_item page-item-22698\"><a href=\"https:\/\/allin1bitcoins.com\/es\/crypto\/gala\/venmo\/\">C\u00f3mo Comprar Gala Coin (GALA) Con Venmo<\/a><\/li>\n<li class=\"page_item page-item-22780\"><a href=\"https:\/\/allin1bitcoins.com\/es\/crypto\/gala\/germany\/\">C\u00f3mo Comprar Gala Coin (GALA) En Alemania<\/a><\/li>\n<li class=\"page_item page-item-22849\"><a href=\"https:\/\/allin1bitcoins.com\/es\/crypto\/gala\/australia\/\">C\u00f3mo Comprar Gala Coin (GALA) En Australia<\/a><\/li>\n<li class=\"page_item page-item-22730\"><a href=\"https:\/\/allin1bitcoins.com\/es\/crypto\/gala\/canada\/\">C\u00f3mo Comprar Gala Coin (GALA) En Canad\u00e1<\/a><\/li>\n<li class=\"page_item page-item-20220\"><a href=\"https:\/\/allin1bitcoins.com\/es\/crypto\/gala\/united-kingdom\/\">C\u00f3mo Comprar Gala Coin (GALA) En El Reino Unido<\/a><\/li>\n<li class=\"page_item page-item-22760\"><a href=\"https:\/\/allin1bitcoins.com\/es\/crypto\/gala\/finland\/\">C\u00f3mo Comprar Gala Coin (GALA) En Finlandia<\/a><\/li>\n<li class=\"page_item page-item-22771\"><a href=\"https:\/\/allin1bitcoins.com\/es\/crypto\/gala\/france\/\">C\u00f3mo Comprar Gala Coin (GALA) En Francia<\/a><\/li>\n<li class=\"page_item page-item-22789\"><a href=\"https:\/\/allin1bitcoins.com\/es\/crypto\/gala\/ireland\/\">C\u00f3mo Comprar Gala Coin (GALA) En Irlanda<\/a><\/li>\n<li class=\"page_item page-item-22740\"><a href=\"https:\/\/allin1bitcoins.com\/es\/crypto\/gala\/the-netherlands\/\">C\u00f3mo Comprar Gala Coin (GALA) En Los Pa\u00edses Bajos<\/a><\/li>\n<li class=\"page_item page-item-22840\"><a href=\"https:\/\/allin1bitcoins.com\/es\/crypto\/gala\/norway\/\">C\u00f3mo Comprar Gala Coin (GALA) En Noruega<\/a><\/li>\n<li class=\"page_item page-item-22809\"><a href=\"https:\/\/allin1bitcoins.com\/es\/crypto\/gala\/new-zealand\/\">C\u00f3mo Comprar Gala Coin (GALA) En Nueva Zelanda<\/a><\/li>\n<li class=\"page_item page-item-22829\"><a href=\"https:\/\/allin1bitcoins.com\/es\/crypto\/gala\/sweden\/\">C\u00f3mo Comprar Gala Coin (GALA) En Suecia<\/a><\/li>\n<li class=\"page_item page-item-22629\"><a href=\"https:\/\/allin1bitcoins.com\/es\/crypto\/gala\/american-express\/\">C\u00f3mo Comprar La Moneda Gala (GALA) Con American Express<\/a><\/li>\n<li class=\"page_item page-item-22799\"><a href=\"https:\/\/allin1bitcoins.com\/es\/crypto\/gala\/luxembourg\/\">C\u00f3mo Comprar La Moneda Gala (GALA) En Luxemburgo<\/a><\/li>\n\n<\/ul>\n","protected":false},"excerpt":{"rendered":"<p>Encuentra un intercambio de criptomonedas que admita Gala Coin si deseas comprar Gala Coin en Francia. Los intercambios conocidos OKEx, Huobi y Binance admiten Gala Coin. Debes registrarte para obtener una cuenta, demostrar tu identidad y luego transferir dinero a tu cuenta una vez que hayas localizado un intercambio que acepte Gala Coin. Una vez&#8230;<\/p>\n","protected":false},"author":5,"featured_media":13440,"parent":22590,"menu_order":0,"comment_status":"closed","ping_status":"closed","template":"","meta":{"cybocfi_hide_featured_image":"","footnotes":""},"acf":[],"yoast_head":"<!-- This site is optimized with the Yoast SEO plugin v21.7 - https:\/\/yoast.com\/wordpress\/plugins\/seo\/ -->\n<title>C\u00f3mo Comprar Gala Coin (GALA) En Francia<\/title>\n<meta name=\"description\" content=\"Encuentra un exchange de criptomonedas que admita Gala Coin si deseas comprar Gala Coin en Francia. Lee m\u00e1s a continuaci\u00f3n.\" \/>\n<meta name=\"robots\" content=\"index, follow, max-snippet:-1, max-image-preview:large, max-video-preview:-1\" \/>\n<link rel=\"canonical\" href=\"https:\/\/allin1bitcoins.com\/es\/crypto\/gala\/france\/\" \/>\n<meta property=\"og:locale\" content=\"es_ES\" \/>\n<meta property=\"og:type\" content=\"article\" \/>\n<meta property=\"og:title\" content=\"C\u00f3mo Comprar Gala Coin (GALA) En Francia\" \/>\n<meta property=\"og:description\" content=\"Encuentra un exchange de criptomonedas que admita Gala Coin si deseas comprar Gala Coin en Francia. Lee m\u00e1s a continuaci\u00f3n.\" \/>\n<meta property=\"og:url\" content=\"https:\/\/allin1bitcoins.com\/es\/crypto\/gala\/france\/\" \/>\n<meta property=\"og:site_name\" content=\"Allin1Bitcoins\" \/>\n<meta property=\"article:modified_time\" content=\"2023-03-08T06:04:26+00:00\" \/>\n<meta property=\"og:image\" content=\"https:\/\/allin1bitcoins.com\/wp-content\/uploads\/2023\/01\/nicholas-cappello-Wb63zqJ5gnE-unsplash.jpg\" \/>\n\t<meta property=\"og:image:width\" content=\"1920\" \/>\n\t<meta property=\"og:image:height\" content=\"1275\" \/>\n\t<meta property=\"og:image:type\" content=\"image\/jpeg\" \/>\n<meta name=\"twitter:card\" content=\"summary_large_image\" \/>\n<meta name=\"twitter:label1\" content=\"Est. reading time\" \/>\n\t<meta name=\"twitter:data1\" content=\"4 minutes\" \/>\n<!-- \/ Yoast SEO plugin. -->","yoast_head_json":{"title":"C\u00f3mo Comprar Gala Coin (GALA) En Francia","description":"Encuentra un exchange de criptomonedas que admita Gala Coin si deseas comprar Gala Coin en Francia. Lee m\u00e1s a continuaci\u00f3n.","robots":{"index":"index","follow":"follow","max-snippet":"max-snippet:-1","max-image-preview":"max-image-preview:large","max-video-preview":"max-video-preview:-1"},"canonical":"https:\/\/allin1bitcoins.com\/es\/crypto\/gala\/france\/","og_locale":"es_ES","og_type":"article","og_title":"C\u00f3mo Comprar Gala Coin (GALA) En Francia","og_description":"Encuentra un exchange de criptomonedas que admita Gala Coin si deseas comprar Gala Coin en Francia. Lee m\u00e1s a continuaci\u00f3n.","og_url":"https:\/\/allin1bitcoins.com\/es\/crypto\/gala\/france\/","og_site_name":"Allin1Bitcoins","article_modified_time":"2023-03-08T06:04:26+00:00","og_image":[{"width":1920,"height":1275,"url":"https:\/\/allin1bitcoins.com\/wp-content\/uploads\/2023\/01\/nicholas-cappello-Wb63zqJ5gnE-unsplash.jpg","type":"image\/jpeg"}],"twitter_card":"summary_large_image","twitter_misc":{"Est. reading time":"4 minutes"},"schema":{"@context":"https:\/\/schema.org","@graph":[{"@type":"WebPage","@id":"https:\/\/allin1bitcoins.com\/es\/crypto\/gala\/france\/","url":"https:\/\/allin1bitcoins.com\/es\/crypto\/gala\/france\/","name":"C\u00f3mo Comprar Gala Coin (GALA) En Francia","isPartOf":{"@id":"https:\/\/allin1bitcoins.com\/es\/#website"},"datePublished":"2023-03-08T06:04:23+00:00","dateModified":"2023-03-08T06:04:26+00:00","description":"Encuentra un exchange de criptomonedas que admita Gala Coin si deseas comprar Gala Coin en Francia. Lee m\u00e1s a continuaci\u00f3n.","breadcrumb":{"@id":"https:\/\/allin1bitcoins.com\/es\/crypto\/gala\/france\/#breadcrumb"},"inLanguage":"es","potentialAction":[{"@type":"ReadAction","target":["https:\/\/allin1bitcoins.com\/es\/crypto\/gala\/france\/"]}]},{"@type":"BreadcrumbList","@id":"https:\/\/allin1bitcoins.com\/es\/crypto\/gala\/france\/#breadcrumb","itemListElement":[{"@type":"ListItem","position":1,"name":"Home","item":"https:\/\/allin1bitcoins.com\/es\/"},{"@type":"ListItem","position":2,"name":"Cripto","item":"https:\/\/allin1bitcoins.com\/es\/crypto\/"},{"@type":"ListItem","position":3,"name":"C\u00f3mo Comprar Gala (GALA) &#8211; Gu\u00eda Paso A Paso 2023","item":"https:\/\/allin1bitcoins.com\/es\/crypto\/gala\/"},{"@type":"ListItem","position":4,"name":"C\u00f3mo Comprar Gala Coin (GALA) En Francia"}]},{"@type":"WebSite","@id":"https:\/\/allin1bitcoins.com\/es\/#website","url":"https:\/\/allin1bitcoins.com\/es\/","name":"Allin1Bitcoins","description":"","publisher":{"@id":"https:\/\/allin1bitcoins.com\/es\/#organization"},"potentialAction":[{"@type":"SearchAction","target":{"@type":"EntryPoint","urlTemplate":"https:\/\/allin1bitcoins.com\/es\/?s={search_term_string}"},"query-input":"required name=search_term_string"}],"inLanguage":"es"},{"@type":"Organization","@id":"https:\/\/allin1bitcoins.com\/es\/#organization","name":"allin1bitcoins","url":"https:\/\/allin1bitcoins.com\/es\/","logo":{"@type":"ImageObject","inLanguage":"es","@id":"https:\/\/allin1bitcoins.com\/es\/#\/schema\/logo\/image\/","url":"https:\/\/allin1bitcoins.com\/wp-content\/uploads\/2019\/01\/logo-new.png","contentUrl":"https:\/\/allin1bitcoins.com\/wp-content\/uploads\/2019\/01\/logo-new.png","width":178,"height":71,"caption":"allin1bitcoins"},"image":{"@id":"https:\/\/allin1bitcoins.com\/es\/#\/schema\/logo\/image\/"}}]}},"_links":{"self":[{"href":"https:\/\/allin1bitcoins.com\/es\/wp-json\/wp\/v2\/pages\/22771"}],"collection":[{"href":"https:\/\/allin1bitcoins.com\/es\/wp-json\/wp\/v2\/pages"}],"about":[{"href":"https:\/\/allin1bitcoins.com\/es\/wp-json\/wp\/v2\/types\/page"}],"author":[{"embeddable":true,"href":"https:\/\/allin1bitcoins.com\/es\/wp-json\/wp\/v2\/users\/5"}],"replies":[{"embeddable":true,"href":"https:\/\/allin1bitcoins.com\/es\/wp-json\/wp\/v2\/comments?post=22771"}],"version-history":[{"count":1,"href":"https:\/\/allin1bitcoins.com\/es\/wp-json\/wp\/v2\/pages\/22771\/revisions"}],"predecessor-version":[{"id":22775,"href":"https:\/\/allin1bitcoins.com\/es\/wp-json\/wp\/v2\/pages\/22771\/revisions\/22775"}],"up":[{"embeddable":true,"href":"https:\/\/allin1bitcoins.com\/es\/wp-json\/wp\/v2\/pages\/22590"}],"wp:featuredmedia":[{"embeddable":true,"href":"https:\/\/allin1bitcoins.com\/es\/wp-json\/wp\/v2\/media\/13440"}],"wp:attachment":[{"href":"https:\/\/allin1bitcoins.com\/es\/wp-json\/wp\/v2\/media?parent=22771"}],"curies":[{"name":"wp","href":"https:\/\/api.w.org\/{rel}","templated":true}]}}