{"id":22809,"date":"2023-03-08T17:51:58","date_gmt":"2023-03-08T17:51:58","guid":{"rendered":"https:\/\/allin1bitcoins.com\/?page_id=22809"},"modified":"2023-03-08T17:52:01","modified_gmt":"2023-03-08T17:52:01","slug":"new-zealand","status":"publish","type":"page","link":"https:\/\/allin1bitcoins.com\/es\/crypto\/gala\/new-zealand\/","title":{"rendered":"C\u00f3mo Comprar Gala Coin (GALA) En Nueva Zelanda"},"content":{"rendered":"\n<p>Encontrar un intercambio de criptomonedas que admita Gala Coin es el primer paso si desea comprar Gala Coin en Nueva Zelanda. Gala Coin es compatible con varios intercambios conocidos, como OKEx, Huobi y Binance. Debe registrarse para obtener una cuenta, demostrar su identidad y luego transferir dinero a su cuenta una vez que haya encontrado un intercambio que acepte Gala Coin. Una vez que se ha financiado su cuenta, puede usar su m\u00e9todo de pago seleccionado para hacer un pedido para comprar Gala Coin.<\/p>\n\n\n\n<h2 class=\"wp-block-heading\">Resumen de Gala Coin<\/h2>\n\n\n\n<p>Gala Coin es una criptomoneda descentralizada destinada a ser un medio de intercambio y una reserva de valor. Est\u00e1 construida en la cadena de bloques Ethereum y utiliza contratos inteligentes para acelerar las transacciones y hacer cumplir las pol\u00edticas de la red. Gala Coin est\u00e1 dise\u00f1ado con un enfoque en la usabilidad y accesibilidad, y est\u00e1 dise\u00f1ado para ser r\u00e1pido, seguro y escalable.<\/p>\n\n\n\n<p>El \u00e9nfasis de Gala Coin en el gobierno local es una de sus caracter\u00edsticas distintivas. La capacidad de la comunidad de Gala Coin para proponer y votar actualizaciones de la red permite que la red siga siendo descentralizada y adaptable a las necesidades de sus usuarios.<\/p>\n\n\n\n<h2 class=\"wp-block-heading\">Ventajas de comprar Gala Coin<\/h2>\n\n\n\n<p><strong>Comprar Gala Coin tiene varias ventajas, que incluyen:<\/strong><\/p>\n\n\n\n<ul><li><strong>Descentralizado: <\/strong>Gala Coin es una criptomoneda descentralizada, lo que significa que ninguna entidad \u00fanica, como un banco o el gobierno, tiene poder sobre ella. Como resultado, es menos susceptible a la censura, el fraude y otros tipos de interferencia. Gala Coin utiliza criptograf\u00eda de vanguardia para proteger sus transacciones y evitar el fraude. La capacidad de mantener y transferir valor de esta manera es segura y confiable.<br><br><\/li><li><strong>Tarifas de transacci\u00f3n bajas: <\/strong>La red de Gala Coin es una opci\u00f3n econ\u00f3mica para transacciones peque\u00f1as y grandes porque las transacciones all\u00ed suelen ser muy econ\u00f3micas.<br><br><\/li><li><strong>Gobernanza comunitaria: <\/strong>Como se indic\u00f3 anteriormente, la comunidad de Gala Coin tiene la capacidad de sugerir y decidir sobre los cambios en la red. Esto facilita el mantenimiento de la capacidad de respuesta de la red a las necesidades de los usuarios. Gala Coin se cre\u00f3 para ser accesible para todos los usuarios, independientemente de su nivel de conocimientos t\u00e9cnicos o recursos financieros. Es f\u00e1cil de usar y accesible desde cualquier ubicaci\u00f3n con una conexi\u00f3n a Internet.<\/li><\/ul>\n\n\n\n<h2 class=\"wp-block-heading\">Instrucciones detalladas sobre c\u00f3mo comprar Gala Coin en Nueva Zelanda<\/h2>\n\n\n\n<ol><li>El primer paso para comprar Gala Coin en Nueva Zelanda es localizar un intercambio que admita Gala Coin. Gala Coin es compatible con varios intercambios conocidos, como OKEx, Huobi y Binance.<br><br><\/li><li>Una vez que haya localizado un intercambio que acepte Gala Coin, debe registrarse en esa plataforma. Por lo general, esto implica suministrar algunos datos personales y demostrar su identificaci\u00f3n.<br><br><\/li><li>Despu\u00e9s de configurar su cuenta, deber\u00e1 agregar fondos para poder comprar Gala Coin. Por lo general, se puede utilizar una transferencia bancaria, tarjeta de cr\u00e9dito u otra criptomoneda para esto. Puede usar su m\u00e9todo de pago favorito para hacer un pedido de compra de Gala Coin una vez que su cuenta tenga fondos. Debe ser espec\u00edfico acerca de cu\u00e1ntos Gala Coin desea comprar y su rango de precios.<br><br><\/li><li>Una vez que se haya cumplido su pedido, debe retirar su Gala Coin a una billetera segura. El hecho de poder gestionar sus propias claves privadas, que son necesarias para acceder a su Gala Coin, hace que esto sea significativo.<\/li><\/ol>\n\n\n\n<figure class=\"wp-block-embed is-type-video is-provider-youtube wp-block-embed-youtube wp-embed-aspect-16-9 wp-has-aspect-ratio\"><div class=\"wp-block-embed__wrapper\">\n<iframe title=\"Best New Zealand Crypto Exchange - Easy Crypto\" width=\"800\" height=\"450\" src=\"https:\/\/www.youtube.com\/embed\/QsR6_bsbogA?feature=oembed\" frameborder=\"0\" allow=\"accelerometer; autoplay; clipboard-write; encrypted-media; gyroscope; picture-in-picture; web-share\" allowfullscreen><\/iframe>\n<\/div><\/figure>\n\n\n\n<h2 class=\"wp-block-heading\">Compra de Gala Coin en Nueva Zelanda &#8211; Impuestos<\/h2>\n\n\n\n<p>En Nueva Zelanda, la compra de Gala Coin y su mantenimiento suele considerarse una ganancia de capital, lo que la hace susceptible de impuestos. Sin embargo, sus circunstancias individuales, incluido su estado de residencia y el tiempo que retiene el Gala Coin, determinar\u00e1n las implicaciones fiscales precisas de la compra y propiedad de Gala Coin.<\/p>\n\n\n\n<p>Es importante recordar que la ley tributaria sigue en desarrollo con respecto a las criptomonedas, incluida Gala Coin. Por lo tanto, se recomienda consultar a un experto fiscal capacitado antes de comprar o disponer de Gala Coin en Nueva Zelanda.<\/p>\n\n\n\n<h2 class=\"wp-block-heading\">Conclusi\u00f3n<\/h2>\n\n\n\n<p>En conclusi\u00f3n, la compra de Gala Coin en Nueva Zelanda implica localizar un intercambio que maneje criptomonedas, configurar una cuenta, transferir fondos y realizar un pedido de compra. Las implicaciones fiscales de la compra y propiedad de Gala Coin deben considerarse cuidadosamente y, si es necesario, se debe consultar a un asesor fiscal certificado. Mientras tome el cuidado apropiado para proteger su inversi\u00f3n, la compra de Gala Coin puede ser una manera pr\u00e1ctica y segura de mantener y transferir valor.<\/p>\n\n\n\n<!-- Page-list plugin v.5.9 wordpress.org\/plugins\/page-list\/ -->\n<ul class=\"page-list siblings-page-list \">\n<li class=\"page_item page-item-22857\"><a href=\"https:\/\/allin1bitcoins.com\/es\/crypto\/gala\/paypal\/\">C\u00f3mo Comprar Gala (GALA) Con Paypal<\/a><\/li>\n<li class=\"page_item page-item-22638\"><a href=\"https:\/\/allin1bitcoins.com\/es\/crypto\/gala\/apple-pay\/\">C\u00f3mo Comprar Gala Coin (GALA) Con Apple Pay<\/a><\/li>\n<li class=\"page_item page-item-22710\"><a href=\"https:\/\/allin1bitcoins.com\/es\/crypto\/gala\/crypto-anonymously\/\">C\u00f3mo Comprar Gala Coin (GALA) Con Criptomonedas De Manera An\u00f3nima<\/a><\/li>\n<li class=\"page_item page-item-22660\"><a href=\"https:\/\/allin1bitcoins.com\/es\/crypto\/gala\/google-pay\/\">C\u00f3mo Comprar Gala Coin (GALA) Con Google Pay<\/a><\/li>\n<li class=\"page_item page-item-22669\"><a href=\"https:\/\/allin1bitcoins.com\/es\/crypto\/gala\/neteller\/\">C\u00f3mo Comprar Gala Coin (GALA) Con Neteller<\/a><\/li>\n<li class=\"page_item page-item-22679\"><a href=\"https:\/\/allin1bitcoins.com\/es\/crypto\/gala\/paysafecard\/\">C\u00f3mo Comprar Gala Coin (GALA) Con Paysafecard<\/a><\/li>\n<li class=\"page_item page-item-22689\"><a href=\"https:\/\/allin1bitcoins.com\/es\/crypto\/gala\/skrill\/\">C\u00f3mo Comprar Gala Coin (GALA) Con Skrill<\/a><\/li>\n<li class=\"page_item page-item-22601\"><a href=\"https:\/\/allin1bitcoins.com\/es\/crypto\/gala\/credit-card\/\">C\u00f3mo Comprar Gala Coin (GALA) Con Tarjeta De Cr\u00e9dito<\/a><\/li>\n<li class=\"page_item page-item-22619\"><a href=\"https:\/\/allin1bitcoins.com\/es\/crypto\/gala\/debit-card\/\">C\u00f3mo Comprar Gala Coin (GALA) Con Tarjeta De D\u00e9bito<\/a><\/li>\n<li class=\"page_item page-item-22647\"><a href=\"https:\/\/allin1bitcoins.com\/es\/crypto\/gala\/bank-account\/\">C\u00f3mo Comprar Gala Coin (GALA) Con Una Cuenta Bancaria<\/a><\/li>\n<li class=\"page_item page-item-22698\"><a href=\"https:\/\/allin1bitcoins.com\/es\/crypto\/gala\/venmo\/\">C\u00f3mo Comprar Gala Coin (GALA) Con Venmo<\/a><\/li>\n<li class=\"page_item page-item-22780\"><a href=\"https:\/\/allin1bitcoins.com\/es\/crypto\/gala\/germany\/\">C\u00f3mo Comprar Gala Coin (GALA) En Alemania<\/a><\/li>\n<li class=\"page_item page-item-22849\"><a href=\"https:\/\/allin1bitcoins.com\/es\/crypto\/gala\/australia\/\">C\u00f3mo Comprar Gala Coin (GALA) En Australia<\/a><\/li>\n<li class=\"page_item page-item-22730\"><a href=\"https:\/\/allin1bitcoins.com\/es\/crypto\/gala\/canada\/\">C\u00f3mo Comprar Gala Coin (GALA) En Canad\u00e1<\/a><\/li>\n<li class=\"page_item page-item-20220\"><a href=\"https:\/\/allin1bitcoins.com\/es\/crypto\/gala\/united-kingdom\/\">C\u00f3mo Comprar Gala Coin (GALA) En El Reino Unido<\/a><\/li>\n<li class=\"page_item page-item-22760\"><a href=\"https:\/\/allin1bitcoins.com\/es\/crypto\/gala\/finland\/\">C\u00f3mo Comprar Gala Coin (GALA) En Finlandia<\/a><\/li>\n<li class=\"page_item page-item-22771\"><a href=\"https:\/\/allin1bitcoins.com\/es\/crypto\/gala\/france\/\">C\u00f3mo Comprar Gala Coin (GALA) En Francia<\/a><\/li>\n<li class=\"page_item page-item-22789\"><a href=\"https:\/\/allin1bitcoins.com\/es\/crypto\/gala\/ireland\/\">C\u00f3mo Comprar Gala Coin (GALA) En Irlanda<\/a><\/li>\n<li class=\"page_item page-item-22740\"><a href=\"https:\/\/allin1bitcoins.com\/es\/crypto\/gala\/the-netherlands\/\">C\u00f3mo Comprar Gala Coin (GALA) En Los Pa\u00edses Bajos<\/a><\/li>\n<li class=\"page_item page-item-22840\"><a href=\"https:\/\/allin1bitcoins.com\/es\/crypto\/gala\/norway\/\">C\u00f3mo Comprar Gala Coin (GALA) En Noruega<\/a><\/li>\n<li class=\"page_item page-item-22809\"><a href=\"https:\/\/allin1bitcoins.com\/es\/crypto\/gala\/new-zealand\/\">C\u00f3mo Comprar Gala Coin (GALA) En Nueva Zelanda<\/a><\/li>\n<li class=\"page_item page-item-22829\"><a href=\"https:\/\/allin1bitcoins.com\/es\/crypto\/gala\/sweden\/\">C\u00f3mo Comprar Gala Coin (GALA) En Suecia<\/a><\/li>\n<li class=\"page_item page-item-22629\"><a href=\"https:\/\/allin1bitcoins.com\/es\/crypto\/gala\/american-express\/\">C\u00f3mo Comprar La Moneda Gala (GALA) Con American Express<\/a><\/li>\n<li class=\"page_item page-item-22799\"><a href=\"https:\/\/allin1bitcoins.com\/es\/crypto\/gala\/luxembourg\/\">C\u00f3mo Comprar La Moneda Gala (GALA) En Luxemburgo<\/a><\/li>\n\n<\/ul>\n","protected":false},"excerpt":{"rendered":"<p>Encontrar un intercambio de criptomonedas que admita Gala Coin es el primer paso si desea comprar Gala Coin en Nueva Zelanda. Gala Coin es compatible con varios intercambios conocidos, como OKEx, Huobi y Binance. Debe registrarse para obtener una cuenta, demostrar su identidad y luego transferir dinero a su cuenta una vez que haya encontrado&#8230;<\/p>\n","protected":false},"author":5,"featured_media":13422,"parent":22590,"menu_order":0,"comment_status":"closed","ping_status":"closed","template":"","meta":{"cybocfi_hide_featured_image":"","footnotes":""},"acf":[],"yoast_head":"<!-- This site is optimized with the Yoast SEO plugin v21.7 - https:\/\/yoast.com\/wordpress\/plugins\/seo\/ -->\n<title>C\u00f3mo Comprar Gala Coin (GALA) En Nueva Zelanda<\/title>\n<meta name=\"description\" content=\"Encontrar un intercambio de criptomonedas que admita Gala Coin es el primer paso si desea comprar Gala Coin en Nueva Zelanda.\" \/>\n<meta name=\"robots\" content=\"index, follow, max-snippet:-1, max-image-preview:large, max-video-preview:-1\" \/>\n<link rel=\"canonical\" href=\"https:\/\/allin1bitcoins.com\/es\/crypto\/gala\/new-zealand\/\" \/>\n<meta property=\"og:locale\" content=\"es_ES\" \/>\n<meta property=\"og:type\" content=\"article\" \/>\n<meta property=\"og:title\" content=\"C\u00f3mo Comprar Gala Coin (GALA) En Nueva Zelanda\" \/>\n<meta property=\"og:description\" content=\"Encontrar un intercambio de criptomonedas que admita Gala Coin es el primer paso si desea comprar Gala Coin en Nueva Zelanda.\" \/>\n<meta property=\"og:url\" content=\"https:\/\/allin1bitcoins.com\/es\/crypto\/gala\/new-zealand\/\" \/>\n<meta property=\"og:site_name\" content=\"Allin1Bitcoins\" \/>\n<meta property=\"article:modified_time\" content=\"2023-03-08T17:52:01+00:00\" \/>\n<meta property=\"og:image\" content=\"https:\/\/allin1bitcoins.com\/wp-content\/uploads\/2023\/01\/m-ZzOa5G8hSPI-unsplash.jpg\" \/>\n\t<meta property=\"og:image:width\" content=\"1920\" \/>\n\t<meta property=\"og:image:height\" content=\"1280\" \/>\n\t<meta property=\"og:image:type\" content=\"image\/jpeg\" \/>\n<meta name=\"twitter:card\" content=\"summary_large_image\" \/>\n<meta name=\"twitter:label1\" content=\"Est. reading time\" \/>\n\t<meta name=\"twitter:data1\" content=\"4 minutes\" \/>\n<!-- \/ Yoast SEO plugin. -->","yoast_head_json":{"title":"C\u00f3mo Comprar Gala Coin (GALA) En Nueva Zelanda","description":"Encontrar un intercambio de criptomonedas que admita Gala Coin es el primer paso si desea comprar Gala Coin en Nueva Zelanda.","robots":{"index":"index","follow":"follow","max-snippet":"max-snippet:-1","max-image-preview":"max-image-preview:large","max-video-preview":"max-video-preview:-1"},"canonical":"https:\/\/allin1bitcoins.com\/es\/crypto\/gala\/new-zealand\/","og_locale":"es_ES","og_type":"article","og_title":"C\u00f3mo Comprar Gala Coin (GALA) En Nueva Zelanda","og_description":"Encontrar un intercambio de criptomonedas que admita Gala Coin es el primer paso si desea comprar Gala Coin en Nueva Zelanda.","og_url":"https:\/\/allin1bitcoins.com\/es\/crypto\/gala\/new-zealand\/","og_site_name":"Allin1Bitcoins","article_modified_time":"2023-03-08T17:52:01+00:00","og_image":[{"width":1920,"height":1280,"url":"https:\/\/allin1bitcoins.com\/wp-content\/uploads\/2023\/01\/m-ZzOa5G8hSPI-unsplash.jpg","type":"image\/jpeg"}],"twitter_card":"summary_large_image","twitter_misc":{"Est. reading time":"4 minutes"},"schema":{"@context":"https:\/\/schema.org","@graph":[{"@type":"WebPage","@id":"https:\/\/allin1bitcoins.com\/es\/crypto\/gala\/new-zealand\/","url":"https:\/\/allin1bitcoins.com\/es\/crypto\/gala\/new-zealand\/","name":"C\u00f3mo Comprar Gala Coin (GALA) En Nueva Zelanda","isPartOf":{"@id":"https:\/\/allin1bitcoins.com\/es\/#website"},"datePublished":"2023-03-08T17:51:58+00:00","dateModified":"2023-03-08T17:52:01+00:00","description":"Encontrar un intercambio de criptomonedas que admita Gala Coin es el primer paso si desea comprar Gala Coin en Nueva Zelanda.","breadcrumb":{"@id":"https:\/\/allin1bitcoins.com\/es\/crypto\/gala\/new-zealand\/#breadcrumb"},"inLanguage":"es","potentialAction":[{"@type":"ReadAction","target":["https:\/\/allin1bitcoins.com\/es\/crypto\/gala\/new-zealand\/"]}]},{"@type":"BreadcrumbList","@id":"https:\/\/allin1bitcoins.com\/es\/crypto\/gala\/new-zealand\/#breadcrumb","itemListElement":[{"@type":"ListItem","position":1,"name":"Home","item":"https:\/\/allin1bitcoins.com\/es\/"},{"@type":"ListItem","position":2,"name":"Cripto","item":"https:\/\/allin1bitcoins.com\/es\/crypto\/"},{"@type":"ListItem","position":3,"name":"C\u00f3mo Comprar Gala (GALA) &#8211; Gu\u00eda Paso A Paso 2023","item":"https:\/\/allin1bitcoins.com\/es\/crypto\/gala\/"},{"@type":"ListItem","position":4,"name":"C\u00f3mo Comprar Gala Coin (GALA) En Nueva Zelanda"}]},{"@type":"WebSite","@id":"https:\/\/allin1bitcoins.com\/es\/#website","url":"https:\/\/allin1bitcoins.com\/es\/","name":"Allin1Bitcoins","description":"","publisher":{"@id":"https:\/\/allin1bitcoins.com\/es\/#organization"},"potentialAction":[{"@type":"SearchAction","target":{"@type":"EntryPoint","urlTemplate":"https:\/\/allin1bitcoins.com\/es\/?s={search_term_string}"},"query-input":"required name=search_term_string"}],"inLanguage":"es"},{"@type":"Organization","@id":"https:\/\/allin1bitcoins.com\/es\/#organization","name":"allin1bitcoins","url":"https:\/\/allin1bitcoins.com\/es\/","logo":{"@type":"ImageObject","inLanguage":"es","@id":"https:\/\/allin1bitcoins.com\/es\/#\/schema\/logo\/image\/","url":"https:\/\/allin1bitcoins.com\/wp-content\/uploads\/2019\/01\/logo-new.png","contentUrl":"https:\/\/allin1bitcoins.com\/wp-content\/uploads\/2019\/01\/logo-new.png","width":178,"height":71,"caption":"allin1bitcoins"},"image":{"@id":"https:\/\/allin1bitcoins.com\/es\/#\/schema\/logo\/image\/"}}]}},"_links":{"self":[{"href":"https:\/\/allin1bitcoins.com\/es\/wp-json\/wp\/v2\/pages\/22809"}],"collection":[{"href":"https:\/\/allin1bitcoins.com\/es\/wp-json\/wp\/v2\/pages"}],"about":[{"href":"https:\/\/allin1bitcoins.com\/es\/wp-json\/wp\/v2\/types\/page"}],"author":[{"embeddable":true,"href":"https:\/\/allin1bitcoins.com\/es\/wp-json\/wp\/v2\/users\/5"}],"replies":[{"embeddable":true,"href":"https:\/\/allin1bitcoins.com\/es\/wp-json\/wp\/v2\/comments?post=22809"}],"version-history":[{"count":1,"href":"https:\/\/allin1bitcoins.com\/es\/wp-json\/wp\/v2\/pages\/22809\/revisions"}],"predecessor-version":[{"id":22815,"href":"https:\/\/allin1bitcoins.com\/es\/wp-json\/wp\/v2\/pages\/22809\/revisions\/22815"}],"up":[{"embeddable":true,"href":"https:\/\/allin1bitcoins.com\/es\/wp-json\/wp\/v2\/pages\/22590"}],"wp:featuredmedia":[{"embeddable":true,"href":"https:\/\/allin1bitcoins.com\/es\/wp-json\/wp\/v2\/media\/13422"}],"wp:attachment":[{"href":"https:\/\/allin1bitcoins.com\/es\/wp-json\/wp\/v2\/media?parent=22809"}],"curies":[{"name":"wp","href":"https:\/\/api.w.org\/{rel}","templated":true}]}}