{"id":23031,"date":"2023-03-09T17:55:55","date_gmt":"2023-03-09T17:55:55","guid":{"rendered":"https:\/\/allin1bitcoins.com\/?page_id=23031"},"modified":"2023-03-09T17:55:57","modified_gmt":"2023-03-09T17:55:57","slug":"american-express","status":"publish","type":"page","link":"https:\/\/allin1bitcoins.com\/es\/crypto\/dogecoin\/american-express\/","title":{"rendered":"C\u00f3mo Comprar Dogecoin (DOGE) Con American Express"},"content":{"rendered":"\n<h2 class=\"wp-block-heading\">Puedes comprar Dogecoin utilizando American Express.<\/h2>\n\n\n\n<p>Encontrar un intercambio de criptomonedas que acepte American Express y seguir sus instrucciones para comprar Dogecoin son las dos respuestas simples a la pregunta de c\u00f3mo comprar Dogecoin con American Express. Es posible que debas buscar un intercambio que acepte American Express ya que no todos lo hacen. Para crear una cuenta y completar la transacci\u00f3n, es posible que tambi\u00e9n debas proporcionar informaci\u00f3n personal y financiera, como tu nombre, direcci\u00f3n de correo electr\u00f3nico e informaci\u00f3n de pago.<\/p>\n\n\n\n<h2 class=\"wp-block-heading\">Resumen de Dogecoin<\/h2>\n\n\n\n<p>En 2013 se estableci\u00f3 una criptomoneda llamada Dogecoin como una broma basada en el conocido meme de Internet &#8220;Doge&#8221;. A pesar de sus humildes comienzos, Dogecoin ha desarrollado una base leal de usuarios y defensores. Utiliza la misma tecnolog\u00eda que Bitcoin y se ejecuta en una red descentralizada, lo que significa que ninguna autoridad gubernamental o instituci\u00f3n financiera tiene influencia sobre ella.<\/p>\n\n\n\n<p>Dogecoin es una criptomoneda que se puede utilizar para diversas cosas, como compras en l\u00ednea, pagos y recaudaci\u00f3n de fondos. Se puede guardar en una billetera digital y negociarse en intercambios por otras criptomonedas.<\/p>\n\n\n\n<h2 class=\"wp-block-heading\">Los beneficios de comprar Dogecoin con American Express<\/h2>\n\n\n\n<p>Es posible que desees comprar Dogecoin con American Express por diversas razones. Una de ellas es que comprar Dogecoin con American Express es sencillo y pr\u00e1ctico porque es una opci\u00f3n de pago ampliamente utilizada y de confianza. El uso de American Express tambi\u00e9n puede proporcionar un cierto nivel de protecci\u00f3n contra fraudes y transacciones no autorizadas.<\/p>\n\n\n\n<p>Otro beneficio de comprar Dogecoin con American Express es que puedes hacerlo sin utilizar una tarjeta de cr\u00e9dito o una cuenta bancaria. Las personas que no tienen una cuenta bancaria o una tarjeta de cr\u00e9dito, o que optan por no utilizar estas herramientas financieras para transacciones en l\u00ednea, pueden encontrar esto extremadamente \u00fatil.<\/p>\n\n\n\n<h2 class=\"wp-block-heading\">C\u00f3mo comprar Dogecoin con American Express en detalle<\/h2>\n\n\n\n<p><strong>Las siguientes instrucciones te mostrar\u00e1n c\u00f3mo comprar Dogecoin con American Express:<\/strong><\/p>\n\n\n\n<ol><li>Encuentra un intercambio de bitcoins que acepte American Express. Es posible que debas buscar un intercambio que acepte American Express ya que no todos lo hacen. Intercambios populares como Coinbase, Paxful y LocalBitcoins aceptan American Express.<br><br><\/li><li>Crea un perfil en el intercambio. Por lo general, deber\u00e1s proporcionar algunos detalles personales y financieros como tu nombre, direcci\u00f3n de correo electr\u00f3nico e informaci\u00f3n de pago.<br><br><\/li><li>Inspecciona tu cuenta. Debes autenticar tu identificaci\u00f3n antes de realizar una compra en varias bolsas de criptomonedas. Es posible que debas subir una copia de tu identificaci\u00f3n u otros documentos de respaldo adem\u00e1s de completar un proceso de verificaci\u00f3n telef\u00f3nica o por correo electr\u00f3nico.<br><br><\/li><li>Haz de Dogecoin tu criptomoneda elegida para la compra. Por lo general, puedes buscar Dogecoin u otras criptomonedas en las bolsas y agregarlas a tu carrito de compras para su compra posterior.<br><br><\/li><li>Selecciona American Express como tu m\u00e9todo de pago. Elige American Express como tu opci\u00f3n de pago para la compra de Dogecoin.<br><br><\/li><li>Debes ingresar la cantidad de Dogecoin que deseas comprar y luego aprobar la transacci\u00f3n. Revisa los detalles de la transacci\u00f3n, como el costo y otros cargos, y confirma tu compra.<br><br><\/li><li>Espera hasta que la transacci\u00f3n se complete. Dependiendo de la bolsa y el nivel de demanda de Dogecoin en este momento, la transacci\u00f3n puede tardar unos minutos en completarse. Dogecoin se agregar\u00e1 a tu billetera de intercambio en l\u00ednea tan pronto como se complete la transacci\u00f3n.<\/li><\/ol>\n\n\n\n<figure class=\"wp-block-embed is-type-video is-provider-youtube wp-block-embed-youtube wp-embed-aspect-16-9 wp-has-aspect-ratio\"><div class=\"wp-block-embed__wrapper\">\n<iframe title=\"How to Buy Crypto with a Credit Card\" width=\"800\" height=\"450\" src=\"https:\/\/www.youtube.com\/embed\/b3piDxPyXS8?feature=oembed\" frameborder=\"0\" allow=\"accelerometer; autoplay; clipboard-write; encrypted-media; gyroscope; picture-in-picture; web-share\" allowfullscreen><\/iframe>\n<\/div><\/figure>\n\n\n\n<h2 class=\"wp-block-heading\">Contras de usar American Express para comprar Dogecoin<\/h2>\n\n\n\n<p>Deben tenerse en cuenta algunos inconvenientes al comprar Dogecoin con American Express. Puede que necesites buscar una bolsa de criptomonedas que acepte American Express porque no todas lo hacen. Adem\u00e1s, el uso de American Express puede requerir que pagues tarifas de transacci\u00f3n, lo que podr\u00eda aumentar el precio final de tu compra. Es crucial estudiar cuidadosamente las tarifas asociadas con el uso de American Express antes de realizar una transacci\u00f3n, porque se reconoce que esta opci\u00f3n de pago tiene tarifas m\u00e1s altas en comparaci\u00f3n con otras tarjetas de cr\u00e9dito.<\/p>\n\n\n\n<p>Otro posible inconveniente es que el valor de Dogecoin es extremadamente vol\u00e1til y est\u00e1 sujeto a grandes fluctuaciones, al igual que otras criptomonedas. Esto significa que tu inversi\u00f3n podr\u00eda verse afectada si el precio de Dogecoin cambia dr\u00e1sticamente en un corto per\u00edodo de tiempo. Todas las inversiones en criptomonedas conllevan este riesgo, por lo que debes pensarlo detenidamente antes de comprar.<\/p>\n\n\n\n<h2 class=\"wp-block-heading\">Conclusi\u00f3n<\/h2>\n\n\n\n<p>Se puede usar una bolsa de criptomonedas que admita American Express como opci\u00f3n de pago para comprar Dogecoin, y el proceso es bastante sencillo. Sin embargo, existen riesgos asociados con la inversi\u00f3n en criptomonedas, por lo que es crucial investigar a fondo la bolsa y la moneda en cuesti\u00f3n antes de realizar una compra. Adem\u00e1s, considera si la conveniencia de usar American Express como m\u00e9todo de pago justifica las tarifas que pueden estar asociadas con el uso de este m\u00e9todo de pago.<\/p>\n\n\n\n<!-- Page-list plugin v.5.9 wordpress.org\/plugins\/page-list\/ -->\n<ul class=\"page-list siblings-page-list \">\n<li class=\"page_item page-item-23031\"><a href=\"https:\/\/allin1bitcoins.com\/es\/crypto\/dogecoin\/american-express\/\">C\u00f3mo Comprar Dogecoin (DOGE) Con American Express<\/a><\/li>\n<li class=\"page_item page-item-23039\"><a href=\"https:\/\/allin1bitcoins.com\/es\/crypto\/dogecoin\/apple-pay\/\">C\u00f3mo Comprar Dogecoin (DOGE) Con Apple Pay<\/a><\/li>\n<li class=\"page_item page-item-23057\"><a href=\"https:\/\/allin1bitcoins.com\/es\/crypto\/dogecoin\/google-pay\/\">C\u00f3mo Comprar Dogecoin (DOGE) Con Google Pay<\/a><\/li>\n<li class=\"page_item page-item-23066\"><a href=\"https:\/\/allin1bitcoins.com\/es\/crypto\/dogecoin\/neteller\/\">C\u00f3mo Comprar Dogecoin (DOGE) Con Neteller<\/a><\/li>\n<li class=\"page_item page-item-23011\"><a href=\"https:\/\/allin1bitcoins.com\/es\/crypto\/dogecoin\/paypal\/\">C\u00f3mo Comprar Dogecoin (DOGE) Con PayPal<\/a><\/li>\n<li class=\"page_item page-item-23075\"><a href=\"https:\/\/allin1bitcoins.com\/es\/crypto\/dogecoin\/paysafecard\/\">C\u00f3mo Comprar Dogecoin (DOGE) Con Paysafecard<\/a><\/li>\n<li class=\"page_item page-item-23085\"><a href=\"https:\/\/allin1bitcoins.com\/es\/crypto\/dogecoin\/skrill\/\">C\u00f3mo Comprar Dogecoin (DOGE) Con Skrill<\/a><\/li>\n<li class=\"page_item page-item-23048\"><a href=\"https:\/\/allin1bitcoins.com\/es\/crypto\/dogecoin\/bank-account\/\">C\u00f3mo Comprar Dogecoin (DOGE) Con Una Cuenta Bancaria<\/a><\/li>\n<li class=\"page_item page-item-23094\"><a href=\"https:\/\/allin1bitcoins.com\/es\/crypto\/dogecoin\/venmo\/\">C\u00f3mo Comprar Dogecoin (DOGE) Con Venmo<\/a><\/li>\n\n<\/ul>\n","protected":false},"excerpt":{"rendered":"<p>Puedes comprar Dogecoin utilizando American Express. Encontrar un intercambio de criptomonedas que acepte American Express y seguir sus instrucciones para comprar Dogecoin son las dos respuestas simples a la pregunta de c\u00f3mo comprar Dogecoin con American Express. Es posible que debas buscar un intercambio que acepte American Express ya que no todos lo hacen. Para&#8230;<\/p>\n","protected":false},"author":5,"featured_media":12854,"parent":22867,"menu_order":0,"comment_status":"closed","ping_status":"closed","template":"","meta":{"cybocfi_hide_featured_image":"","footnotes":""},"acf":[],"yoast_head":"<!-- This site is optimized with the Yoast SEO plugin v21.7 - https:\/\/yoast.com\/wordpress\/plugins\/seo\/ -->\n<title>C\u00f3mo Comprar Dogecoin (DOGE) Con American Express<\/title>\n<meta name=\"description\" content=\"Encontrando un intercambio de criptomonedas que acepte American Express y siguiendo sus instrucciones para comprar Dogecoin.\" \/>\n<meta name=\"robots\" content=\"index, follow, max-snippet:-1, max-image-preview:large, max-video-preview:-1\" \/>\n<link rel=\"canonical\" href=\"https:\/\/allin1bitcoins.com\/es\/crypto\/dogecoin\/american-express\/\" \/>\n<meta property=\"og:locale\" content=\"es_ES\" \/>\n<meta property=\"og:type\" content=\"article\" \/>\n<meta property=\"og:title\" content=\"C\u00f3mo Comprar Dogecoin (DOGE) Con American Express\" \/>\n<meta property=\"og:description\" content=\"Encontrando un intercambio de criptomonedas que acepte American Express y siguiendo sus instrucciones para comprar Dogecoin.\" \/>\n<meta property=\"og:url\" content=\"https:\/\/allin1bitcoins.com\/es\/crypto\/dogecoin\/american-express\/\" \/>\n<meta property=\"og:site_name\" content=\"Allin1Bitcoins\" \/>\n<meta property=\"article:modified_time\" content=\"2023-03-09T17:55:57+00:00\" \/>\n<meta property=\"og:image\" content=\"https:\/\/allin1bitcoins.com\/wp-content\/uploads\/2023\/01\/kanchanara-uRKETZRn-K4-unsplash.jpg\" \/>\n\t<meta property=\"og:image:width\" content=\"1920\" \/>\n\t<meta property=\"og:image:height\" content=\"1277\" \/>\n\t<meta property=\"og:image:type\" content=\"image\/jpeg\" \/>\n<meta name=\"twitter:card\" content=\"summary_large_image\" \/>\n<meta name=\"twitter:label1\" content=\"Est. reading time\" \/>\n\t<meta name=\"twitter:data1\" content=\"4 minutes\" \/>\n<!-- \/ Yoast SEO plugin. -->","yoast_head_json":{"title":"C\u00f3mo Comprar Dogecoin (DOGE) Con American Express","description":"Encontrando un intercambio de criptomonedas que acepte American Express y siguiendo sus instrucciones para comprar Dogecoin.","robots":{"index":"index","follow":"follow","max-snippet":"max-snippet:-1","max-image-preview":"max-image-preview:large","max-video-preview":"max-video-preview:-1"},"canonical":"https:\/\/allin1bitcoins.com\/es\/crypto\/dogecoin\/american-express\/","og_locale":"es_ES","og_type":"article","og_title":"C\u00f3mo Comprar Dogecoin (DOGE) Con American Express","og_description":"Encontrando un intercambio de criptomonedas que acepte American Express y siguiendo sus instrucciones para comprar Dogecoin.","og_url":"https:\/\/allin1bitcoins.com\/es\/crypto\/dogecoin\/american-express\/","og_site_name":"Allin1Bitcoins","article_modified_time":"2023-03-09T17:55:57+00:00","og_image":[{"width":1920,"height":1277,"url":"https:\/\/allin1bitcoins.com\/wp-content\/uploads\/2023\/01\/kanchanara-uRKETZRn-K4-unsplash.jpg","type":"image\/jpeg"}],"twitter_card":"summary_large_image","twitter_misc":{"Est. reading time":"4 minutes"},"schema":{"@context":"https:\/\/schema.org","@graph":[{"@type":"WebPage","@id":"https:\/\/allin1bitcoins.com\/es\/crypto\/dogecoin\/american-express\/","url":"https:\/\/allin1bitcoins.com\/es\/crypto\/dogecoin\/american-express\/","name":"C\u00f3mo Comprar Dogecoin (DOGE) Con American Express","isPartOf":{"@id":"https:\/\/allin1bitcoins.com\/es\/#website"},"datePublished":"2023-03-09T17:55:55+00:00","dateModified":"2023-03-09T17:55:57+00:00","description":"Encontrando un intercambio de criptomonedas que acepte American Express y siguiendo sus instrucciones para comprar Dogecoin.","breadcrumb":{"@id":"https:\/\/allin1bitcoins.com\/es\/crypto\/dogecoin\/american-express\/#breadcrumb"},"inLanguage":"es","potentialAction":[{"@type":"ReadAction","target":["https:\/\/allin1bitcoins.com\/es\/crypto\/dogecoin\/american-express\/"]}]},{"@type":"BreadcrumbList","@id":"https:\/\/allin1bitcoins.com\/es\/crypto\/dogecoin\/american-express\/#breadcrumb","itemListElement":[{"@type":"ListItem","position":1,"name":"Home","item":"https:\/\/allin1bitcoins.com\/es\/"},{"@type":"ListItem","position":2,"name":"Cripto","item":"https:\/\/allin1bitcoins.com\/es\/crypto\/"},{"@type":"ListItem","position":3,"name":"C\u00f3mo Comprar Dogecoin (DOGE) &#8211; Gu\u00eda Paso A Paso 2023","item":"https:\/\/allin1bitcoins.com\/es\/crypto\/dogecoin\/"},{"@type":"ListItem","position":4,"name":"C\u00f3mo Comprar Dogecoin (DOGE) Con American Express"}]},{"@type":"WebSite","@id":"https:\/\/allin1bitcoins.com\/es\/#website","url":"https:\/\/allin1bitcoins.com\/es\/","name":"Allin1Bitcoins","description":"","publisher":{"@id":"https:\/\/allin1bitcoins.com\/es\/#organization"},"potentialAction":[{"@type":"SearchAction","target":{"@type":"EntryPoint","urlTemplate":"https:\/\/allin1bitcoins.com\/es\/?s={search_term_string}"},"query-input":"required name=search_term_string"}],"inLanguage":"es"},{"@type":"Organization","@id":"https:\/\/allin1bitcoins.com\/es\/#organization","name":"allin1bitcoins","url":"https:\/\/allin1bitcoins.com\/es\/","logo":{"@type":"ImageObject","inLanguage":"es","@id":"https:\/\/allin1bitcoins.com\/es\/#\/schema\/logo\/image\/","url":"https:\/\/allin1bitcoins.com\/wp-content\/uploads\/2019\/01\/logo-new.png","contentUrl":"https:\/\/allin1bitcoins.com\/wp-content\/uploads\/2019\/01\/logo-new.png","width":178,"height":71,"caption":"allin1bitcoins"},"image":{"@id":"https:\/\/allin1bitcoins.com\/es\/#\/schema\/logo\/image\/"}}]}},"_links":{"self":[{"href":"https:\/\/allin1bitcoins.com\/es\/wp-json\/wp\/v2\/pages\/23031"}],"collection":[{"href":"https:\/\/allin1bitcoins.com\/es\/wp-json\/wp\/v2\/pages"}],"about":[{"href":"https:\/\/allin1bitcoins.com\/es\/wp-json\/wp\/v2\/types\/page"}],"author":[{"embeddable":true,"href":"https:\/\/allin1bitcoins.com\/es\/wp-json\/wp\/v2\/users\/5"}],"replies":[{"embeddable":true,"href":"https:\/\/allin1bitcoins.com\/es\/wp-json\/wp\/v2\/comments?post=23031"}],"version-history":[{"count":1,"href":"https:\/\/allin1bitcoins.com\/es\/wp-json\/wp\/v2\/pages\/23031\/revisions"}],"predecessor-version":[{"id":23035,"href":"https:\/\/allin1bitcoins.com\/es\/wp-json\/wp\/v2\/pages\/23031\/revisions\/23035"}],"up":[{"embeddable":true,"href":"https:\/\/allin1bitcoins.com\/es\/wp-json\/wp\/v2\/pages\/22867"}],"wp:featuredmedia":[{"embeddable":true,"href":"https:\/\/allin1bitcoins.com\/es\/wp-json\/wp\/v2\/media\/12854"}],"wp:attachment":[{"href":"https:\/\/allin1bitcoins.com\/es\/wp-json\/wp\/v2\/media?parent=23031"}],"curies":[{"name":"wp","href":"https:\/\/api.w.org\/{rel}","templated":true}]}}