{"id":23057,"date":"2023-03-10T02:55:31","date_gmt":"2023-03-10T02:55:31","guid":{"rendered":"https:\/\/allin1bitcoins.com\/?page_id=23057"},"modified":"2023-03-10T02:55:33","modified_gmt":"2023-03-10T02:55:33","slug":"google-pay","status":"publish","type":"page","link":"https:\/\/allin1bitcoins.com\/es\/crypto\/dogecoin\/google-pay\/","title":{"rendered":"C\u00f3mo Comprar Dogecoin (DOGE) Con Google Pay"},"content":{"rendered":"\n<h2 class=\"wp-block-heading\">Breve explicaci\u00f3n sobre c\u00f3mo comprar Dogecoin utilizando Google Pay<\/h2>\n\n\n\n<p>Encontrar un intercambio de criptomonedas que acepte Google Pay y seguir sus instrucciones de compra para Dogecoin son los dos simples pasos para comprar Dogecoin con Google Pay. Investigue para encontrar un intercambio que acepte Google Pay porque no todos lo hacen. Adem\u00e1s, para crear una cuenta y finalizar la transacci\u00f3n, es posible que deba divulgar ciertos datos personales y financieros, como su nombre, direcci\u00f3n de correo electr\u00f3nico e informaci\u00f3n de pago.<\/p>\n\n\n\n<h2 class=\"wp-block-heading\">Opiniones sobre Dogecoin<\/h2>\n\n\n\n<p>Dogecoin es una criptomoneda que se desarroll\u00f3 en 2013 como una broma basada en el conocido meme de internet &#8220;Doge&#8221;. A pesar de sus humildes comienzos, Dogecoin ha ganado popularidad y tiene una gran cantidad de usuarios y fans. Utiliza la misma tecnolog\u00eda que Bitcoin y funciona en una red descentralizada, lo que significa que no est\u00e1 regulado por ning\u00fan organismo gubernamental o financiero.<\/p>\n\n\n\n<p>Las transacciones en l\u00ednea, los pagos y la recaudaci\u00f3n de fondos son solo algunas de las formas de utilizar Dogecoin. Se puede negociar en intercambios de criptomonedas y guardarse en una billetera digital.<\/p>\n\n\n\n<h2 class=\"wp-block-heading\">Por qu\u00e9 quieres comprar Dogecoin utilizando Google Pay<\/h2>\n\n\n\n<p>Es posible que desee comprar Dogecoin utilizando Google Pay por diversas razones. Una explicaci\u00f3n es que Google Pay es una opci\u00f3n de pago com\u00fan y confiable, lo que lo convierte en una forma sencilla y pr\u00e1ctica de comprar Dogecoin. Adem\u00e1s, utilizar Google Pay podr\u00eda proporcionar cierto grado de seguridad contra el fraude y las transacciones il\u00edcitas.<\/p>\n\n\n\n<p>La capacidad de comprar Dogecoin utilizando Google Pay elimina la necesidad de una cuenta bancaria o una tarjeta de cr\u00e9dito, lo que es otra ventaja. Esto es especialmente \u00fatil para las personas que no tienen una cuenta bancaria o tarjeta de cr\u00e9dito o que eligen no utilizar m\u00e9todos de pago convencionales para transacciones en l\u00ednea. Una forma r\u00e1pida y segura de pagar por Dogecoin es a trav\u00e9s de Google Pay, que le permite hacer compras utilizando la tarjeta de d\u00e9bito o cr\u00e9dito vinculada a su cuenta de Google.<\/p>\n\n\n\n<h2 class=\"wp-block-heading\">C\u00f3mo comprar Dogecoin utilizando Google Pay: Una gu\u00eda paso a paso<\/h2>\n\n\n\n<p><strong>Esta es una gu\u00eda paso a paso sobre c\u00f3mo comprar Dogecoin con Google Pay:<\/strong><\/p>\n\n\n\n<ol><li>Busque un intercambio de Bitcoin que acepte Google Pay. Puede ser necesario buscar para encontrar un intercambio que acepte Google Pay, ya que no todos lo hacen. Coinbase, Paxful y LocalBitcoins son algunos intercambios conocidos que admiten Google Pay.<br><br><\/li><li>Abrir un perfil con la casa de cambio. Por lo general, se le pedir\u00e1 cierta informaci\u00f3n personal y financiera, como su nombre, direcci\u00f3n de correo electr\u00f3nico y detalles de pago.<br><br><\/li><li>Confirmar su cuenta. Antes de poder realizar una compra en muchas casas de cambio, a menudo debe demostrar su identidad. Esto podr\u00eda implicar el env\u00edo de una solicitud de verificaci\u00f3n por correo electr\u00f3nico o tel\u00e9fono, la carga de una copia de su identificaci\u00f3n u otro tipo de documentaci\u00f3n de respaldo, o ambas.<br><br><\/li><li>Elegir Dogecoin como la moneda digital que desea comprar. La mayor\u00eda de las casas de cambio le permiten buscar Dogecoin u otras criptomonedas y agregarlas a su carrito de compras para su compra posterior.<br><br><\/li><li>Como opci\u00f3n de pago, seleccione Google Pay. Elija Google Pay como forma de pago para Dogecoin.<br><br><\/li><li>Para completar la transacci\u00f3n, ingrese la cantidad de Dogecoin que desea comprar. Confirme la compra despu\u00e9s de revisar los detalles de la transacci\u00f3n, como el costo y cualquier cargo.<br><br><\/li><li>Espere a que finalice la transacci\u00f3n. Dependiendo de la casa de cambio y de la demanda actual de Dogecoin, la transacci\u00f3n podr\u00eda tardar unos minutos en completarse. Dogecoin se agregar\u00e1 a su billetera digital basada en la casa de cambio tan pronto como se complete la transacci\u00f3n.<\/li><\/ol>\n\n\n\n<figure class=\"wp-block-embed is-type-video is-provider-youtube wp-block-embed-youtube wp-embed-aspect-16-9 wp-has-aspect-ratio\"><div class=\"wp-block-embed__wrapper\">\n<iframe title=\"How to Buy Crypto with Google Pay \u2013 Easy &amp; Fast! (Crypto.com Google Pay Guide)\" width=\"800\" height=\"450\" src=\"https:\/\/www.youtube.com\/embed\/I0VUJ3Wp21E?feature=oembed\" frameborder=\"0\" allow=\"accelerometer; autoplay; clipboard-write; encrypted-media; gyroscope; picture-in-picture; web-share\" allowfullscreen><\/iframe>\n<\/div><\/figure>\n\n\n\n<h2 class=\"wp-block-heading\">Desventajas de usar Google Pay para comprar Dogecoin<\/h2>\n\n\n\n<p>Hay algunas desventajas a tener en cuenta al comprar Dogecoin con Google Pay. Puede que tenga que buscar una casa de cambio que acepte Google Pay, ya que no todas lo hacen. Adem\u00e1s, el uso de Google Pay puede requerir el pago de tarifas de transacci\u00f3n, lo que eleva el precio final de la compra. Las tarifas asociadas con el uso de Google Pay suelen ser m\u00ednimas, pero es importante analizarlas cuidadosamente antes de realizar una transacci\u00f3n.<\/p>\n\n\n\n<p>Otra desventaja es que Dogecoin, al igual que otras criptomonedas, es extremadamente vol\u00e1til y su valor puede cambiar dr\u00e1sticamente. Esto implica que el precio de Dogecoin puede aumentar o disminuir dr\u00e1sticamente en un breve per\u00edodo de tiempo, lo que puede tener un impacto en su inversi\u00f3n. Todas las inversiones en bitcoin tienen este riesgo, por lo que es importante pensarlo cuidadosamente antes de invertir.<\/p>\n\n\n\n<h2 class=\"wp-block-heading\">Conclusi\u00f3n.<\/h2>\n\n\n\n<p>En resumen, comprar Dogecoin con Google Pay es un proceso bastante sencillo que puede realizarse a trav\u00e9s de un exchange de criptomonedas que permita Google Pay como m\u00e9todo de pago. Aunque existen riesgos asociados a invertir en criptomonedas, es crucial llevar a cabo una investigaci\u00f3n exhaustiva tanto del exchange como de la moneda en particular antes de realizar una compra. Adem\u00e1s, hay que tener en cuenta las tarifas que pueden generarse al utilizar Google Pay como opci\u00f3n de pago y decidir si la comodidad de hacerlo compensa el costo. Siempre que se tomen las medidas de seguridad adecuadas para proteger la inversi\u00f3n, Google Pay puede ser una forma r\u00e1pida y segura de comprar Dogecoin.<\/p>\n\n\n\n<!-- Page-list plugin v.5.9 wordpress.org\/plugins\/page-list\/ -->\n<ul class=\"page-list siblings-page-list \">\n<li class=\"page_item page-item-23031\"><a href=\"https:\/\/allin1bitcoins.com\/es\/crypto\/dogecoin\/american-express\/\">C\u00f3mo Comprar Dogecoin (DOGE) Con American Express<\/a><\/li>\n<li class=\"page_item page-item-23039\"><a href=\"https:\/\/allin1bitcoins.com\/es\/crypto\/dogecoin\/apple-pay\/\">C\u00f3mo Comprar Dogecoin (DOGE) Con Apple Pay<\/a><\/li>\n<li class=\"page_item page-item-23057\"><a href=\"https:\/\/allin1bitcoins.com\/es\/crypto\/dogecoin\/google-pay\/\">C\u00f3mo Comprar Dogecoin (DOGE) Con Google Pay<\/a><\/li>\n<li class=\"page_item page-item-23066\"><a href=\"https:\/\/allin1bitcoins.com\/es\/crypto\/dogecoin\/neteller\/\">C\u00f3mo Comprar Dogecoin (DOGE) Con Neteller<\/a><\/li>\n<li class=\"page_item page-item-23011\"><a href=\"https:\/\/allin1bitcoins.com\/es\/crypto\/dogecoin\/paypal\/\">C\u00f3mo Comprar Dogecoin (DOGE) Con PayPal<\/a><\/li>\n<li class=\"page_item page-item-23075\"><a href=\"https:\/\/allin1bitcoins.com\/es\/crypto\/dogecoin\/paysafecard\/\">C\u00f3mo Comprar Dogecoin (DOGE) Con Paysafecard<\/a><\/li>\n<li class=\"page_item page-item-23085\"><a href=\"https:\/\/allin1bitcoins.com\/es\/crypto\/dogecoin\/skrill\/\">C\u00f3mo Comprar Dogecoin (DOGE) Con Skrill<\/a><\/li>\n<li class=\"page_item page-item-23048\"><a href=\"https:\/\/allin1bitcoins.com\/es\/crypto\/dogecoin\/bank-account\/\">C\u00f3mo Comprar Dogecoin (DOGE) Con Una Cuenta Bancaria<\/a><\/li>\n<li class=\"page_item page-item-23094\"><a href=\"https:\/\/allin1bitcoins.com\/es\/crypto\/dogecoin\/venmo\/\">C\u00f3mo Comprar Dogecoin (DOGE) Con Venmo<\/a><\/li>\n\n<\/ul>\n","protected":false},"excerpt":{"rendered":"<p>Breve explicaci\u00f3n sobre c\u00f3mo comprar Dogecoin utilizando Google Pay Encontrar un intercambio de criptomonedas que acepte Google Pay y seguir sus instrucciones de compra para Dogecoin son los dos simples pasos para comprar Dogecoin con Google Pay. Investigue para encontrar un intercambio que acepte Google Pay porque no todos lo hacen. Adem\u00e1s, para crear una&#8230;<\/p>\n","protected":false},"author":5,"featured_media":12897,"parent":22867,"menu_order":0,"comment_status":"closed","ping_status":"closed","template":"","meta":{"cybocfi_hide_featured_image":"","footnotes":""},"acf":[],"yoast_head":"<!-- This site is optimized with the Yoast SEO plugin v21.7 - https:\/\/yoast.com\/wordpress\/plugins\/seo\/ -->\n<title>C\u00f3mo Comprar Dogecoin (DOGE) Con Google Pay<\/title>\n<meta name=\"description\" content=\"Encontrar un intercambio de criptomonedas que acepte Google Pay y seguir sus instrucciones de compra para Dogecoin son los dos simples pasos.\" \/>\n<meta name=\"robots\" content=\"index, follow, max-snippet:-1, max-image-preview:large, max-video-preview:-1\" \/>\n<link rel=\"canonical\" href=\"https:\/\/allin1bitcoins.com\/es\/crypto\/dogecoin\/google-pay\/\" \/>\n<meta property=\"og:locale\" content=\"es_ES\" \/>\n<meta property=\"og:type\" content=\"article\" \/>\n<meta property=\"og:title\" content=\"C\u00f3mo Comprar Dogecoin (DOGE) Con Google Pay\" \/>\n<meta property=\"og:description\" content=\"Encontrar un intercambio de criptomonedas que acepte Google Pay y seguir sus instrucciones de compra para Dogecoin son los dos simples pasos.\" \/>\n<meta property=\"og:url\" content=\"https:\/\/allin1bitcoins.com\/es\/crypto\/dogecoin\/google-pay\/\" \/>\n<meta property=\"og:site_name\" content=\"Allin1Bitcoins\" \/>\n<meta property=\"article:modified_time\" content=\"2023-03-10T02:55:33+00:00\" \/>\n<meta property=\"og:image\" content=\"https:\/\/allin1bitcoins.com\/wp-content\/uploads\/2023\/01\/matthew-kwong-rQRKEu9HnZo-unsplash.jpg\" \/>\n\t<meta property=\"og:image:width\" content=\"1920\" \/>\n\t<meta property=\"og:image:height\" content=\"1280\" \/>\n\t<meta property=\"og:image:type\" content=\"image\/jpeg\" \/>\n<meta name=\"twitter:card\" content=\"summary_large_image\" \/>\n<meta name=\"twitter:label1\" content=\"Est. reading time\" \/>\n\t<meta name=\"twitter:data1\" content=\"4 minutes\" \/>\n<!-- \/ Yoast SEO plugin. -->","yoast_head_json":{"title":"C\u00f3mo Comprar Dogecoin (DOGE) Con Google Pay","description":"Encontrar un intercambio de criptomonedas que acepte Google Pay y seguir sus instrucciones de compra para Dogecoin son los dos simples pasos.","robots":{"index":"index","follow":"follow","max-snippet":"max-snippet:-1","max-image-preview":"max-image-preview:large","max-video-preview":"max-video-preview:-1"},"canonical":"https:\/\/allin1bitcoins.com\/es\/crypto\/dogecoin\/google-pay\/","og_locale":"es_ES","og_type":"article","og_title":"C\u00f3mo Comprar Dogecoin (DOGE) Con Google Pay","og_description":"Encontrar un intercambio de criptomonedas que acepte Google Pay y seguir sus instrucciones de compra para Dogecoin son los dos simples pasos.","og_url":"https:\/\/allin1bitcoins.com\/es\/crypto\/dogecoin\/google-pay\/","og_site_name":"Allin1Bitcoins","article_modified_time":"2023-03-10T02:55:33+00:00","og_image":[{"width":1920,"height":1280,"url":"https:\/\/allin1bitcoins.com\/wp-content\/uploads\/2023\/01\/matthew-kwong-rQRKEu9HnZo-unsplash.jpg","type":"image\/jpeg"}],"twitter_card":"summary_large_image","twitter_misc":{"Est. reading time":"4 minutes"},"schema":{"@context":"https:\/\/schema.org","@graph":[{"@type":"WebPage","@id":"https:\/\/allin1bitcoins.com\/es\/crypto\/dogecoin\/google-pay\/","url":"https:\/\/allin1bitcoins.com\/es\/crypto\/dogecoin\/google-pay\/","name":"C\u00f3mo Comprar Dogecoin (DOGE) Con Google Pay","isPartOf":{"@id":"https:\/\/allin1bitcoins.com\/es\/#website"},"datePublished":"2023-03-10T02:55:31+00:00","dateModified":"2023-03-10T02:55:33+00:00","description":"Encontrar un intercambio de criptomonedas que acepte Google Pay y seguir sus instrucciones de compra para Dogecoin son los dos simples pasos.","breadcrumb":{"@id":"https:\/\/allin1bitcoins.com\/es\/crypto\/dogecoin\/google-pay\/#breadcrumb"},"inLanguage":"es","potentialAction":[{"@type":"ReadAction","target":["https:\/\/allin1bitcoins.com\/es\/crypto\/dogecoin\/google-pay\/"]}]},{"@type":"BreadcrumbList","@id":"https:\/\/allin1bitcoins.com\/es\/crypto\/dogecoin\/google-pay\/#breadcrumb","itemListElement":[{"@type":"ListItem","position":1,"name":"Home","item":"https:\/\/allin1bitcoins.com\/es\/"},{"@type":"ListItem","position":2,"name":"Cripto","item":"https:\/\/allin1bitcoins.com\/es\/crypto\/"},{"@type":"ListItem","position":3,"name":"C\u00f3mo Comprar Dogecoin (DOGE) &#8211; Gu\u00eda Paso A Paso 2023","item":"https:\/\/allin1bitcoins.com\/es\/crypto\/dogecoin\/"},{"@type":"ListItem","position":4,"name":"C\u00f3mo Comprar Dogecoin (DOGE) Con Google Pay"}]},{"@type":"WebSite","@id":"https:\/\/allin1bitcoins.com\/es\/#website","url":"https:\/\/allin1bitcoins.com\/es\/","name":"Allin1Bitcoins","description":"","publisher":{"@id":"https:\/\/allin1bitcoins.com\/es\/#organization"},"potentialAction":[{"@type":"SearchAction","target":{"@type":"EntryPoint","urlTemplate":"https:\/\/allin1bitcoins.com\/es\/?s={search_term_string}"},"query-input":"required name=search_term_string"}],"inLanguage":"es"},{"@type":"Organization","@id":"https:\/\/allin1bitcoins.com\/es\/#organization","name":"allin1bitcoins","url":"https:\/\/allin1bitcoins.com\/es\/","logo":{"@type":"ImageObject","inLanguage":"es","@id":"https:\/\/allin1bitcoins.com\/es\/#\/schema\/logo\/image\/","url":"https:\/\/allin1bitcoins.com\/wp-content\/uploads\/2019\/01\/logo-new.png","contentUrl":"https:\/\/allin1bitcoins.com\/wp-content\/uploads\/2019\/01\/logo-new.png","width":178,"height":71,"caption":"allin1bitcoins"},"image":{"@id":"https:\/\/allin1bitcoins.com\/es\/#\/schema\/logo\/image\/"}}]}},"_links":{"self":[{"href":"https:\/\/allin1bitcoins.com\/es\/wp-json\/wp\/v2\/pages\/23057"}],"collection":[{"href":"https:\/\/allin1bitcoins.com\/es\/wp-json\/wp\/v2\/pages"}],"about":[{"href":"https:\/\/allin1bitcoins.com\/es\/wp-json\/wp\/v2\/types\/page"}],"author":[{"embeddable":true,"href":"https:\/\/allin1bitcoins.com\/es\/wp-json\/wp\/v2\/users\/5"}],"replies":[{"embeddable":true,"href":"https:\/\/allin1bitcoins.com\/es\/wp-json\/wp\/v2\/comments?post=23057"}],"version-history":[{"count":1,"href":"https:\/\/allin1bitcoins.com\/es\/wp-json\/wp\/v2\/pages\/23057\/revisions"}],"predecessor-version":[{"id":23061,"href":"https:\/\/allin1bitcoins.com\/es\/wp-json\/wp\/v2\/pages\/23057\/revisions\/23061"}],"up":[{"embeddable":true,"href":"https:\/\/allin1bitcoins.com\/es\/wp-json\/wp\/v2\/pages\/22867"}],"wp:featuredmedia":[{"embeddable":true,"href":"https:\/\/allin1bitcoins.com\/es\/wp-json\/wp\/v2\/media\/12897"}],"wp:attachment":[{"href":"https:\/\/allin1bitcoins.com\/es\/wp-json\/wp\/v2\/media?parent=23057"}],"curies":[{"name":"wp","href":"https:\/\/api.w.org\/{rel}","templated":true}]}}