{"id":23085,"date":"2023-03-10T04:42:55","date_gmt":"2023-03-10T04:42:55","guid":{"rendered":"https:\/\/allin1bitcoins.com\/?page_id=23085"},"modified":"2023-03-10T04:42:57","modified_gmt":"2023-03-10T04:42:57","slug":"skrill","status":"publish","type":"page","link":"https:\/\/allin1bitcoins.com\/es\/crypto\/dogecoin\/skrill\/","title":{"rendered":"C\u00f3mo Comprar Dogecoin (DOGE) Con Skrill"},"content":{"rendered":"\n<h2 class=\"wp-block-heading\">Puedes comprar Dogecoin usando Skrill.<\/h2>\n\n\n\n<p>La forma m\u00e1s r\u00e1pida de comprar Dogecoin con Skrill es encontrar un intercambio de criptomonedas que acepte Skrill y seguir las instrucciones para hacerlo. Debes saber que no todas las plataformas de negociaci\u00f3n admiten Skrill, por lo que es posible que tengas que buscar una que lo haga. Adem\u00e1s, es posible que debas divulgar cierta informaci\u00f3n financiera y personal, como tu nombre, direcci\u00f3n de correo electr\u00f3nico e informaci\u00f3n de cuenta de Skrill, para crear una cuenta y completar la transacci\u00f3n.<\/p>\n\n\n\n<h2 class=\"wp-block-heading\">Resumen de Dogecoin<\/h2>\n\n\n\n<p>El meme de internet &#8220;Doge&#8221; sirvi\u00f3 de inspiraci\u00f3n para la creaci\u00f3n de la criptomoneda de broma conocida como Dogecoin, que se lanz\u00f3 en 2013. A pesar de sus humildes comienzos, Dogecoin ha desarrollado una base de seguidores leales y defensores. Utiliza la misma tecnolog\u00eda que Bitcoin y funciona en una red descentralizada, lo que significa que ning\u00fan gobierno o instituci\u00f3n financiera tiene control sobre ella.<\/p>\n\n\n\n<p>Se pueden realizar diversas actividades, como transacciones en l\u00ednea, pagos y recaudaciones de fondos, con Dogecoin. Se puede mantener en una billetera digital y negociar en intercambios por otras criptomonedas.<\/p>\n\n\n\n<h2 class=\"wp-block-heading\">Por qu\u00e9 querr\u00edas comprar Dogecoin usando Skrill<\/h2>\n\n\n\n<p>Existen varias razones por las que podr\u00edas desear utilizar Skrill para comprar Dogecoin. Un factor que hace que Skrill sea una opci\u00f3n simple y pr\u00e1ctica para comprar Dogecoin es que es una forma de pago ampliamente utilizada y de confianza. El uso de Skrill tambi\u00e9n puede proporcionar cierto nivel de protecci\u00f3n contra el fraude y las transacciones il\u00edcitas.<\/p>\n\n\n\n<p>La capacidad de Skrill para permitirte adquirir Dogecoin sin una cuenta bancaria o tarjeta de cr\u00e9dito es otra ventaja de utilizarla para hacerlo. Esto es especialmente \u00fatil para personas que no tienen una cuenta bancaria o una tarjeta de cr\u00e9dito, o que eligen no utilizar m\u00e9todos de pago convencionales para transacciones en l\u00ednea. Skrill hace que sea f\u00e1cil y seguro comprar Dogecoin al permitirte realizar compras utilizando el dinero de tu cuenta de Skrill. Instrucciones detalladas sobre c\u00f3mo comprar Dogecoin usando Skrill<\/p>\n\n\n\n<h2 class=\"wp-block-heading\">Se puede encontrar una gu\u00eda paso a paso sobre c\u00f3mo comprar Dogecoin usando Skrill aqu\u00ed:<\/h2>\n\n\n\n<ol><li>Investiga sobre intercambios de bitcoin que acepten Skrill. Es posible que debas buscar para encontrar un intercambio que acepte Skrill, ya que no todos lo hacen. Intercambios populares como Coinbase, Paxful y LocalBitcoins admiten Skrill.<br><br><\/li><li>Crea un perfil en el intercambio. Por lo general, se te pedir\u00e1 que proporciones cierta informaci\u00f3n financiera y personal, como tu nombre, direcci\u00f3n de correo electr\u00f3nico e informaci\u00f3n de cuenta de Skrill.<br><br><\/li><li>Inspeccione su cuenta. Debe autenticar su identificaci\u00f3n antes de realizar una compra en varias bolsas de valores. Es posible que deba cargar una copia de su identificaci\u00f3n u otro documento de respaldo adem\u00e1s de completar un proceso de verificaci\u00f3n por tel\u00e9fono o correo electr\u00f3nico.<br><br><\/li><li>Haga de Dogecoin su criptomoneda elegida para comprar. Por lo general, puede buscar Dogecoin u otras criptomonedas en las bolsas y agregarlas a su carrito de compras para su compra posterior.<br><br><\/li><li>Haga de Skrill su m\u00e9todo de pago preferido. Elija Skrill como su opci\u00f3n de pago preferida al comprar Dogecoin.<br><br><\/li><li>Debe ingresar la cantidad de Dogecoin que desea comprar y luego aprobar la transacci\u00f3n. Revise los detalles de la transacci\u00f3n, como el costo y otros cargos, y confirme su compra.<br><br><\/li><li>Espere hasta que se complete la transacci\u00f3n. Dependiendo de la bolsa y el nivel de demanda de Dogecoin en este momento, la transacci\u00f3n podr\u00eda tardar algunos minutos en completarse. Dogecoin se agregar\u00e1 a su billetera de intercambio en l\u00ednea tan pronto como se complete la transacci\u00f3n.<\/li><\/ol>\n\n\n\n<figure class=\"wp-block-embed is-type-video is-provider-youtube wp-block-embed-youtube wp-embed-aspect-16-9 wp-has-aspect-ratio\"><div class=\"wp-block-embed__wrapper\">\n<iframe title=\"HOW TO BUY CRYPTO CURRIENCIES USING SKRILL\" width=\"800\" height=\"450\" src=\"https:\/\/www.youtube.com\/embed\/v3EtS7AR_Io?feature=oembed\" frameborder=\"0\" allow=\"accelerometer; autoplay; clipboard-write; encrypted-media; gyroscope; picture-in-picture; web-share\" allowfullscreen><\/iframe>\n<\/div><\/figure>\n\n\n\n<h2 class=\"wp-block-heading\">Desventajas de utilizar Skrill para comprar Dogecoin<\/h2>\n\n\n\n<p>Utilizar Skrill para comprar Dogecoin tiene algunas desventajas a tener en cuenta. El hecho de que no todas las bolsas acepten Skrill significa que es posible que deba buscar una que lo haga. Adem\u00e1s, utilizar Skrill puede implicar pagar tarifas de transacci\u00f3n, lo que eleva el costo final del art\u00edculo. Si bien las tarifas de Skrill suelen ser modestas, es crucial analizarlas cuidadosamente antes de utilizar esta opci\u00f3n de pago para realizar una transacci\u00f3n.<\/p>\n\n\n\n<p>Otra gran desventaja es que Dogecoin, al igual que otras criptomonedas, es extremadamente vol\u00e1til y su valor puede cambiar dr\u00e1sticamente. Esto implica que el precio de Dogecoin puede aumentar o disminuir dr\u00e1sticamente en un corto per\u00edodo de tiempo, lo que puede tener un impacto en su inversi\u00f3n. Todas las inversiones en criptomonedas llevan este riesgo, por lo que debe pensarlo detenidamente antes de comprar.<\/p>\n\n\n\n<h2 class=\"wp-block-heading\">Conclusi\u00f3n<\/h2>\n\n\n\n<p>En resumen, comprar Dogecoin con Skrill es una operaci\u00f3n bastante sencilla que se puede realizar a trav\u00e9s de una bolsa de criptomonedas que permita Skrill como opci\u00f3n de pago. Sin embargo, debido a que invertir en criptomonedas conlleva cierto riesgo, es crucial realizar una investigaci\u00f3n exhaustiva tanto sobre la bolsa como sobre la moneda en cuesti\u00f3n antes de realizar una compra. Considere si la facilidad de utilizar Skrill como opci\u00f3n de pago justifica cualquier tarifa que pueda estar asociada con hacerlo, as\u00ed como cualquier otro costo que pueda estar involucrado. En general, si toma las precauciones adecuadas para proteger su inversi\u00f3n, Skrill puede ser una opci\u00f3n conveniente y segura para comprar Dogecoin.<\/p>\n\n\n\n<!-- Page-list plugin v.5.9 wordpress.org\/plugins\/page-list\/ -->\n<ul class=\"page-list siblings-page-list \">\n<li class=\"page_item page-item-23031\"><a href=\"https:\/\/allin1bitcoins.com\/es\/crypto\/dogecoin\/american-express\/\">C\u00f3mo Comprar Dogecoin (DOGE) Con American Express<\/a><\/li>\n<li class=\"page_item page-item-23039\"><a href=\"https:\/\/allin1bitcoins.com\/es\/crypto\/dogecoin\/apple-pay\/\">C\u00f3mo Comprar Dogecoin (DOGE) Con Apple Pay<\/a><\/li>\n<li class=\"page_item page-item-23057\"><a href=\"https:\/\/allin1bitcoins.com\/es\/crypto\/dogecoin\/google-pay\/\">C\u00f3mo Comprar Dogecoin (DOGE) Con Google Pay<\/a><\/li>\n<li class=\"page_item page-item-23066\"><a href=\"https:\/\/allin1bitcoins.com\/es\/crypto\/dogecoin\/neteller\/\">C\u00f3mo Comprar Dogecoin (DOGE) Con Neteller<\/a><\/li>\n<li class=\"page_item page-item-23011\"><a href=\"https:\/\/allin1bitcoins.com\/es\/crypto\/dogecoin\/paypal\/\">C\u00f3mo Comprar Dogecoin (DOGE) Con PayPal<\/a><\/li>\n<li class=\"page_item page-item-23075\"><a href=\"https:\/\/allin1bitcoins.com\/es\/crypto\/dogecoin\/paysafecard\/\">C\u00f3mo Comprar Dogecoin (DOGE) Con Paysafecard<\/a><\/li>\n<li class=\"page_item page-item-23085\"><a href=\"https:\/\/allin1bitcoins.com\/es\/crypto\/dogecoin\/skrill\/\">C\u00f3mo Comprar Dogecoin (DOGE) Con Skrill<\/a><\/li>\n<li class=\"page_item page-item-23048\"><a href=\"https:\/\/allin1bitcoins.com\/es\/crypto\/dogecoin\/bank-account\/\">C\u00f3mo Comprar Dogecoin (DOGE) Con Una Cuenta Bancaria<\/a><\/li>\n<li class=\"page_item page-item-23094\"><a href=\"https:\/\/allin1bitcoins.com\/es\/crypto\/dogecoin\/venmo\/\">C\u00f3mo Comprar Dogecoin (DOGE) Con Venmo<\/a><\/li>\n\n<\/ul>\n","protected":false},"excerpt":{"rendered":"<p>Puedes comprar Dogecoin usando Skrill. La forma m\u00e1s r\u00e1pida de comprar Dogecoin con Skrill es encontrar un intercambio de criptomonedas que acepte Skrill y seguir las instrucciones para hacerlo. Debes saber que no todas las plataformas de negociaci\u00f3n admiten Skrill, por lo que es posible que tengas que buscar una que lo haga. Adem\u00e1s, es&#8230;<\/p>\n","protected":false},"author":5,"featured_media":13474,"parent":22867,"menu_order":0,"comment_status":"closed","ping_status":"closed","template":"","meta":{"cybocfi_hide_featured_image":"","footnotes":""},"acf":[],"yoast_head":"<!-- This site is optimized with the Yoast SEO plugin v21.7 - https:\/\/yoast.com\/wordpress\/plugins\/seo\/ -->\n<title>C\u00f3mo Comprar Dogecoin (DOGE) Con Skrill<\/title>\n<meta name=\"description\" content=\"La forma m\u00e1s r\u00e1pida de comprar Dogecoin con Skrill es localizar un exchange de criptomonedas que acepte Skrill y seguir las instrucciones para hacerlo\" \/>\n<meta name=\"robots\" content=\"index, follow, max-snippet:-1, max-image-preview:large, max-video-preview:-1\" \/>\n<link rel=\"canonical\" href=\"https:\/\/allin1bitcoins.com\/es\/crypto\/dogecoin\/skrill\/\" \/>\n<meta property=\"og:locale\" content=\"es_ES\" \/>\n<meta property=\"og:type\" content=\"article\" \/>\n<meta property=\"og:title\" content=\"C\u00f3mo Comprar Dogecoin (DOGE) Con Skrill\" \/>\n<meta property=\"og:description\" content=\"La forma m\u00e1s r\u00e1pida de comprar Dogecoin con Skrill es localizar un exchange de criptomonedas que acepte Skrill y seguir las instrucciones para hacerlo\" \/>\n<meta property=\"og:url\" content=\"https:\/\/allin1bitcoins.com\/es\/crypto\/dogecoin\/skrill\/\" \/>\n<meta property=\"og:site_name\" content=\"Allin1Bitcoins\" \/>\n<meta property=\"article:modified_time\" content=\"2023-03-10T04:42:57+00:00\" \/>\n<meta property=\"og:image\" content=\"https:\/\/allin1bitcoins.com\/wp-content\/uploads\/2023\/01\/Skr222.png\" \/>\n\t<meta property=\"og:image:width\" content=\"1200\" \/>\n\t<meta property=\"og:image:height\" content=\"420\" \/>\n\t<meta property=\"og:image:type\" content=\"image\/png\" \/>\n<meta name=\"twitter:card\" content=\"summary_large_image\" \/>\n<meta name=\"twitter:label1\" content=\"Est. reading time\" \/>\n\t<meta name=\"twitter:data1\" content=\"4 minutes\" \/>\n<!-- \/ Yoast SEO plugin. -->","yoast_head_json":{"title":"C\u00f3mo Comprar Dogecoin (DOGE) Con Skrill","description":"La forma m\u00e1s r\u00e1pida de comprar Dogecoin con Skrill es localizar un exchange de criptomonedas que acepte Skrill y seguir las instrucciones para hacerlo","robots":{"index":"index","follow":"follow","max-snippet":"max-snippet:-1","max-image-preview":"max-image-preview:large","max-video-preview":"max-video-preview:-1"},"canonical":"https:\/\/allin1bitcoins.com\/es\/crypto\/dogecoin\/skrill\/","og_locale":"es_ES","og_type":"article","og_title":"C\u00f3mo Comprar Dogecoin (DOGE) Con Skrill","og_description":"La forma m\u00e1s r\u00e1pida de comprar Dogecoin con Skrill es localizar un exchange de criptomonedas que acepte Skrill y seguir las instrucciones para hacerlo","og_url":"https:\/\/allin1bitcoins.com\/es\/crypto\/dogecoin\/skrill\/","og_site_name":"Allin1Bitcoins","article_modified_time":"2023-03-10T04:42:57+00:00","og_image":[{"width":1200,"height":420,"url":"https:\/\/allin1bitcoins.com\/wp-content\/uploads\/2023\/01\/Skr222.png","type":"image\/png"}],"twitter_card":"summary_large_image","twitter_misc":{"Est. reading time":"4 minutes"},"schema":{"@context":"https:\/\/schema.org","@graph":[{"@type":"WebPage","@id":"https:\/\/allin1bitcoins.com\/es\/crypto\/dogecoin\/skrill\/","url":"https:\/\/allin1bitcoins.com\/es\/crypto\/dogecoin\/skrill\/","name":"C\u00f3mo Comprar Dogecoin (DOGE) Con Skrill","isPartOf":{"@id":"https:\/\/allin1bitcoins.com\/es\/#website"},"datePublished":"2023-03-10T04:42:55+00:00","dateModified":"2023-03-10T04:42:57+00:00","description":"La forma m\u00e1s r\u00e1pida de comprar Dogecoin con Skrill es localizar un exchange de criptomonedas que acepte Skrill y seguir las instrucciones para hacerlo","breadcrumb":{"@id":"https:\/\/allin1bitcoins.com\/es\/crypto\/dogecoin\/skrill\/#breadcrumb"},"inLanguage":"es","potentialAction":[{"@type":"ReadAction","target":["https:\/\/allin1bitcoins.com\/es\/crypto\/dogecoin\/skrill\/"]}]},{"@type":"BreadcrumbList","@id":"https:\/\/allin1bitcoins.com\/es\/crypto\/dogecoin\/skrill\/#breadcrumb","itemListElement":[{"@type":"ListItem","position":1,"name":"Home","item":"https:\/\/allin1bitcoins.com\/es\/"},{"@type":"ListItem","position":2,"name":"Cripto","item":"https:\/\/allin1bitcoins.com\/es\/crypto\/"},{"@type":"ListItem","position":3,"name":"C\u00f3mo Comprar Dogecoin (DOGE) &#8211; Gu\u00eda Paso A Paso 2023","item":"https:\/\/allin1bitcoins.com\/es\/crypto\/dogecoin\/"},{"@type":"ListItem","position":4,"name":"C\u00f3mo Comprar Dogecoin (DOGE) Con Skrill"}]},{"@type":"WebSite","@id":"https:\/\/allin1bitcoins.com\/es\/#website","url":"https:\/\/allin1bitcoins.com\/es\/","name":"Allin1Bitcoins","description":"","publisher":{"@id":"https:\/\/allin1bitcoins.com\/es\/#organization"},"potentialAction":[{"@type":"SearchAction","target":{"@type":"EntryPoint","urlTemplate":"https:\/\/allin1bitcoins.com\/es\/?s={search_term_string}"},"query-input":"required name=search_term_string"}],"inLanguage":"es"},{"@type":"Organization","@id":"https:\/\/allin1bitcoins.com\/es\/#organization","name":"allin1bitcoins","url":"https:\/\/allin1bitcoins.com\/es\/","logo":{"@type":"ImageObject","inLanguage":"es","@id":"https:\/\/allin1bitcoins.com\/es\/#\/schema\/logo\/image\/","url":"https:\/\/allin1bitcoins.com\/wp-content\/uploads\/2019\/01\/logo-new.png","contentUrl":"https:\/\/allin1bitcoins.com\/wp-content\/uploads\/2019\/01\/logo-new.png","width":178,"height":71,"caption":"allin1bitcoins"},"image":{"@id":"https:\/\/allin1bitcoins.com\/es\/#\/schema\/logo\/image\/"}}]}},"_links":{"self":[{"href":"https:\/\/allin1bitcoins.com\/es\/wp-json\/wp\/v2\/pages\/23085"}],"collection":[{"href":"https:\/\/allin1bitcoins.com\/es\/wp-json\/wp\/v2\/pages"}],"about":[{"href":"https:\/\/allin1bitcoins.com\/es\/wp-json\/wp\/v2\/types\/page"}],"author":[{"embeddable":true,"href":"https:\/\/allin1bitcoins.com\/es\/wp-json\/wp\/v2\/users\/5"}],"replies":[{"embeddable":true,"href":"https:\/\/allin1bitcoins.com\/es\/wp-json\/wp\/v2\/comments?post=23085"}],"version-history":[{"count":1,"href":"https:\/\/allin1bitcoins.com\/es\/wp-json\/wp\/v2\/pages\/23085\/revisions"}],"predecessor-version":[{"id":23089,"href":"https:\/\/allin1bitcoins.com\/es\/wp-json\/wp\/v2\/pages\/23085\/revisions\/23089"}],"up":[{"embeddable":true,"href":"https:\/\/allin1bitcoins.com\/es\/wp-json\/wp\/v2\/pages\/22867"}],"wp:featuredmedia":[{"embeddable":true,"href":"https:\/\/allin1bitcoins.com\/es\/wp-json\/wp\/v2\/media\/13474"}],"wp:attachment":[{"href":"https:\/\/allin1bitcoins.com\/es\/wp-json\/wp\/v2\/media?parent=23085"}],"curies":[{"name":"wp","href":"https:\/\/api.w.org\/{rel}","templated":true}]}}