{"id":23164,"date":"2023-03-10T09:01:19","date_gmt":"2023-03-10T09:01:19","guid":{"rendered":"https:\/\/allin1bitcoins.com\/?page_id=23164"},"modified":"2023-03-10T09:01:21","modified_gmt":"2023-03-10T09:01:21","slug":"bank-account","status":"publish","type":"page","link":"https:\/\/allin1bitcoins.com\/es\/crypto\/babydogeking\/bank-account\/","title":{"rendered":"C\u00f3mo Comprar BabyDogeKing Con Una Cuenta Bancaria"},"content":{"rendered":"\n<h2 class=\"wp-block-heading\">Debes realizar las siguientes acciones para comprar la moneda BabyDogeKing con una cuenta bancaria:<\/h2>\n\n\n\n<ul><li>Busca un intercambio de bitcoins que permita transferencias bancarias como forma de pago.<\/li><li>Crea una cuenta en el intercambio registr\u00e1ndote y completando los pasos requeridos de verificaci\u00f3n de identidad.<\/li><li>Tu cuenta bancaria debe estar vinculada al intercambio.<\/li><li>Usa una transferencia bancaria para agregar dinero a tu cuenta.<\/li><li>En el intercambio, busca la moneda BabyDogeKing y luego realiza una orden para comprarla con el dinero en tu cuenta.<\/li><li>Espera el procesamiento de la orden y la transferencia de las monedas BabyDogeKing a tu billetera de intercambio.<\/li><\/ul>\n\n\n\n<h2 class=\"wp-block-heading\">Revisi\u00f3n de la moneda BabyDogeKing<\/h2>\n\n\n\n<p>Un fork de la conocida criptomoneda Dogecoin llev\u00f3 a la creaci\u00f3n de la moneda BabyDogeKing en 2021. La moneda BabyDogeKing, al igual que Dogecoin, se basa en la tecnolog\u00eda de miner\u00eda Scrypt y tiene una base de usuarios en l\u00ednea considerable. Una de las principales diferencias entre la moneda BabyDogeKing y Dogecoin es que, mientras que Dogecoin no tiene l\u00edmite superior, la moneda BabyDogeKing tiene una cantidad finita de monedas que se acu\u00f1ar\u00e1n.<\/p>\n\n\n\n<h2 class=\"wp-block-heading\">Por qu\u00e9 querr\u00edas usar una cuenta bancaria para comprar la moneda BabyDogeKing<\/h2>\n\n\n\n<p>Es posible que desees comprar la moneda BabyDogeKing con una cuenta bancaria por varias razones. Las transferencias bancarias suelen ser una de las opciones de pago m\u00e1s seguras, lo cual es una de las principales razones. Una transferencia bancaria reduce la posibilidad de fraude o robo de identidad porque el dinero se env\u00eda directamente desde tu cuenta bancaria al destinatario.<\/p>\n\n\n\n<p>Otro beneficio de comprar la moneda BabyDogeKing con una cuenta bancaria son los costos m\u00e1s bajos. En comparaci\u00f3n con las compras realizadas con tarjeta de cr\u00e9dito o PayPal, las transferencias bancarias suelen tener tarifas m\u00e1s bajas. Si el valor de la moneda BabyDogeKing aumenta, esto puede ayudarte a ahorrar dinero y aumentar tus ganancias.<\/p>\n\n\n\n<h2 class=\"wp-block-heading\">Instrucciones detalladas sobre c\u00f3mo comprar la moneda BabyDogeKing con una cuenta bancaria<\/h2>\n\n\n\n<ol><li>Busca un intercambio de bitcoins que permita transferencias bancarias como forma de pago. Encontrar un intercambio que acepte transferencias bancarias es crucial porque no todos lo hacen. Coinbase y Kraken son dos intercambios comunes que permiten transferencias bancarias.<br><br><\/li><li>Crea una cuenta en el intercambio registr\u00e1ndote y completando los pasos requeridos de verificaci\u00f3n de identidad. La mayor\u00eda de los intercambios requieren informaci\u00f3n personal y prueba de identidad para cumplir con las leyes de prevenci\u00f3n del lavado de dinero.<br><br><\/li><li>Debe vincular su cuenta bancaria con la plataforma de intercambio. Una vez que se complete el proceso de registro, debe conectar su cuenta bancaria con la plataforma de intercambio. Por lo general, debe autorizar la conexi\u00f3n y proporcionar su informaci\u00f3n bancaria a la plataforma.<br><br><\/li><li>Utilice una transferencia bancaria para agregar dinero a su cuenta. Una vez que su cuenta bancaria est\u00e9 conectada a la plataforma de intercambio, puede hacer dep\u00f3sitos en su cuenta de intercambio a trav\u00e9s de una transferencia bancaria. <br>Verifique las tarifas antes de realizar un dep\u00f3sito, ya que algunas plataformas pueden cobrar por las transferencias bancarias.<br><br><\/li><li>En la plataforma de intercambio, busque la moneda BabyDogeKing y luego haga un pedido para comprarla con el dinero en su cuenta. Cuando tenga dinero en su cuenta, puede buscar y hacer un pedido para comprar la moneda BabyDogeKing en la plataforma de intercambio. Aseg\u00farese de indicar la cantidad de moneda BabyDogeKing que desea comprar, as\u00ed como el precio que est\u00e1 dispuesto a pagar.<br><br><\/li><li>Espere a que se procese el pedido y se transfieran las monedas BabyDogeKing a su billetera de intercambio. Las monedas BabyDogeKing se transferir\u00e1n a su billetera de intercambio una vez que se confirme su pedido. Luego, las monedas se pueden dejar en su billetera de intercambio o mover a una billetera personal para un almacenamiento m\u00e1s seguro.<\/li><\/ol>\n\n\n\n<figure class=\"wp-block-embed is-type-video is-provider-youtube wp-block-embed-youtube wp-embed-aspect-16-9 wp-has-aspect-ratio\"><div class=\"wp-block-embed__wrapper\">\n<iframe title=\"How to Buy Baby Dogecoin on Trust wallet Using Binance, Pancakeswap &amp; Bitmart: easy crypto tutorial!\" width=\"800\" height=\"450\" src=\"https:\/\/www.youtube.com\/embed\/5kkya4w11MM?feature=oembed\" frameborder=\"0\" allow=\"accelerometer; autoplay; clipboard-write; encrypted-media; gyroscope; picture-in-picture; web-share\" allowfullscreen><\/iframe>\n<\/div><\/figure>\n\n\n\n<h2 class=\"wp-block-heading\">Desventajas de utilizar una cuenta bancaria para comprar la moneda BabyDogeKing<\/h2>\n\n\n\n<p>Utilizar una cuenta bancaria para comprar la moneda BabyDogeKing tiene algunas desventajas. Una posible desventaja es que las transferencias bancarias pueden tardar m\u00e1s en completarse que otras opciones de pago. Esto puede ser molesto si desea invertir en la moneda BabyDogeKing de inmediato pero debe esperar a que se complete la transferencia bancaria.<\/p>\n\n\n\n<p>Otra desventaja es que, como medida de seguridad, algunos bancos pueden prohibir o limitar el uso de cuentas bancarias para compras de criptomonedas. Si no puede utilizar su cuenta bancaria para hacer la compra, puede ser dif\u00edcil encontrar una forma alternativa de pago.<\/p>\n\n\n\n<h2 class=\"wp-block-heading\">Conclusi\u00f3n<\/h2>\n\n\n\n<p>Comprar la moneda BabyDogeKing utilizando una cuenta bancaria puede ser una opci\u00f3n segura y posiblemente econ\u00f3mica para invertir en criptomonedas. Al seleccionar una plataforma de intercambio, es importante realizar una investigaci\u00f3n y ser consciente de posibles desventajas, como tiempos de procesamiento prolongados y la posibilidad de restricciones bancarias. Utilizar una cuenta bancaria para comprar la moneda BabyDogeKing puede ser una forma segura y confiable de invertir en una nueva y emocionante clase de activos.<\/p>\n\n\n\n<!-- Page-list plugin v.5.9 wordpress.org\/plugins\/page-list\/ -->\n<ul class=\"page-list siblings-page-list \">\n<li class=\"page_item page-item-23193\"><a href=\"https:\/\/allin1bitcoins.com\/es\/crypto\/babydogeking\/credit-card\/\">C\u00f3mo Comprar BabDogeKing Con Una Tarjeta De Cr\u00e9dito<\/a><\/li>\n<li class=\"page_item page-item-23173\"><a href=\"https:\/\/allin1bitcoins.com\/es\/crypto\/babydogeking\/paypal\/\">C\u00f3mo Comprar BabyDogeKing Con PayPal<\/a><\/li>\n<li class=\"page_item page-item-23183\"><a href=\"https:\/\/allin1bitcoins.com\/es\/crypto\/babydogeking\/debit-card\/\">C\u00f3mo Comprar BabyDogeKing Con Tarjeta De D\u00e9bito<\/a><\/li>\n<li class=\"page_item page-item-23164\"><a href=\"https:\/\/allin1bitcoins.com\/es\/crypto\/babydogeking\/bank-account\/\">C\u00f3mo Comprar BabyDogeKing Con Una Cuenta Bancaria<\/a><\/li>\n<li class=\"page_item page-item-23152\"><a href=\"https:\/\/allin1bitcoins.com\/es\/crypto\/babydogeking\/australia\/\">C\u00f3mo Comprar BabyDogeKing En Australia<\/a><\/li>\n<li class=\"page_item page-item-23201\"><a href=\"https:\/\/allin1bitcoins.com\/es\/crypto\/babydogeking\/canada\/\">C\u00f3mo Comprar BabyDogeKing En Canad\u00e1<\/a><\/li>\n<li class=\"page_item page-item-23118\"><a href=\"https:\/\/allin1bitcoins.com\/es\/crypto\/babydogeking\/united-kingdom\/\">C\u00f3mo Comprar BabyDogeKing En El Reino Unido<\/a><\/li>\n<li class=\"page_item page-item-23128\"><a href=\"https:\/\/allin1bitcoins.com\/es\/crypto\/babydogeking\/united-states\/\">C\u00f3mo Comprar BabyDogeKing En Estados Unidos<\/a><\/li>\n\n<\/ul>\n","protected":false},"excerpt":{"rendered":"<p>Debes realizar las siguientes acciones para comprar la moneda BabyDogeKing con una cuenta bancaria: Busca un intercambio de bitcoins que permita transferencias bancarias como forma de pago. Crea una cuenta en el intercambio registr\u00e1ndote y completando los pasos requeridos de verificaci\u00f3n de identidad. Tu cuenta bancaria debe estar vinculada al intercambio. Usa una transferencia bancaria&#8230;<\/p>\n","protected":false},"author":5,"featured_media":15572,"parent":23106,"menu_order":0,"comment_status":"closed","ping_status":"closed","template":"","meta":{"cybocfi_hide_featured_image":"","footnotes":""},"acf":[],"yoast_head":"<!-- This site is optimized with the Yoast SEO plugin v21.7 - https:\/\/yoast.com\/wordpress\/plugins\/seo\/ -->\n<title>C\u00f3mo Comprar BabyDogeKing Con Una Cuenta Bancaria<\/title>\n<meta name=\"description\" content=\"Debes realizar las siguientes acciones para comprar la moneda BabyDogeKing con una cuenta bancaria. Sigue leyendo.\" \/>\n<meta name=\"robots\" content=\"index, follow, max-snippet:-1, max-image-preview:large, max-video-preview:-1\" \/>\n<link rel=\"canonical\" href=\"https:\/\/allin1bitcoins.com\/es\/crypto\/babydogeking\/bank-account\/\" \/>\n<meta property=\"og:locale\" content=\"es_ES\" \/>\n<meta property=\"og:type\" content=\"article\" \/>\n<meta property=\"og:title\" content=\"C\u00f3mo Comprar BabyDogeKing Con Una Cuenta Bancaria\" \/>\n<meta property=\"og:description\" content=\"Debes realizar las siguientes acciones para comprar la moneda BabyDogeKing con una cuenta bancaria. Sigue leyendo.\" \/>\n<meta property=\"og:url\" content=\"https:\/\/allin1bitcoins.com\/es\/crypto\/babydogeking\/bank-account\/\" \/>\n<meta property=\"og:site_name\" content=\"Allin1Bitcoins\" \/>\n<meta property=\"article:modified_time\" content=\"2023-03-10T09:01:21+00:00\" \/>\n<meta property=\"og:image\" content=\"https:\/\/allin1bitcoins.com\/wp-content\/uploads\/2023\/01\/pexels-pixabay-210574.jpg\" \/>\n\t<meta property=\"og:image:width\" content=\"1280\" \/>\n\t<meta property=\"og:image:height\" content=\"853\" \/>\n\t<meta property=\"og:image:type\" content=\"image\/jpeg\" \/>\n<meta name=\"twitter:card\" content=\"summary_large_image\" \/>\n<meta name=\"twitter:label1\" content=\"Est. reading time\" \/>\n\t<meta name=\"twitter:data1\" content=\"4 minutes\" \/>\n<!-- \/ Yoast SEO plugin. -->","yoast_head_json":{"title":"C\u00f3mo Comprar BabyDogeKing Con Una Cuenta Bancaria","description":"Debes realizar las siguientes acciones para comprar la moneda BabyDogeKing con una cuenta bancaria. Sigue leyendo.","robots":{"index":"index","follow":"follow","max-snippet":"max-snippet:-1","max-image-preview":"max-image-preview:large","max-video-preview":"max-video-preview:-1"},"canonical":"https:\/\/allin1bitcoins.com\/es\/crypto\/babydogeking\/bank-account\/","og_locale":"es_ES","og_type":"article","og_title":"C\u00f3mo Comprar BabyDogeKing Con Una Cuenta Bancaria","og_description":"Debes realizar las siguientes acciones para comprar la moneda BabyDogeKing con una cuenta bancaria. Sigue leyendo.","og_url":"https:\/\/allin1bitcoins.com\/es\/crypto\/babydogeking\/bank-account\/","og_site_name":"Allin1Bitcoins","article_modified_time":"2023-03-10T09:01:21+00:00","og_image":[{"width":1280,"height":853,"url":"https:\/\/allin1bitcoins.com\/wp-content\/uploads\/2023\/01\/pexels-pixabay-210574.jpg","type":"image\/jpeg"}],"twitter_card":"summary_large_image","twitter_misc":{"Est. reading time":"4 minutes"},"schema":{"@context":"https:\/\/schema.org","@graph":[{"@type":"WebPage","@id":"https:\/\/allin1bitcoins.com\/es\/crypto\/babydogeking\/bank-account\/","url":"https:\/\/allin1bitcoins.com\/es\/crypto\/babydogeking\/bank-account\/","name":"C\u00f3mo Comprar BabyDogeKing Con Una Cuenta Bancaria","isPartOf":{"@id":"https:\/\/allin1bitcoins.com\/es\/#website"},"datePublished":"2023-03-10T09:01:19+00:00","dateModified":"2023-03-10T09:01:21+00:00","description":"Debes realizar las siguientes acciones para comprar la moneda BabyDogeKing con una cuenta bancaria. Sigue leyendo.","breadcrumb":{"@id":"https:\/\/allin1bitcoins.com\/es\/crypto\/babydogeking\/bank-account\/#breadcrumb"},"inLanguage":"es","potentialAction":[{"@type":"ReadAction","target":["https:\/\/allin1bitcoins.com\/es\/crypto\/babydogeking\/bank-account\/"]}]},{"@type":"BreadcrumbList","@id":"https:\/\/allin1bitcoins.com\/es\/crypto\/babydogeking\/bank-account\/#breadcrumb","itemListElement":[{"@type":"ListItem","position":1,"name":"Home","item":"https:\/\/allin1bitcoins.com\/es\/"},{"@type":"ListItem","position":2,"name":"Cripto","item":"https:\/\/allin1bitcoins.com\/es\/crypto\/"},{"@type":"ListItem","position":3,"name":"C\u00f3mo Comprar BabyDogeKing: Gu\u00eda Paso A Paso 2023","item":"https:\/\/allin1bitcoins.com\/es\/crypto\/babydogeking\/"},{"@type":"ListItem","position":4,"name":"C\u00f3mo Comprar BabyDogeKing Con Una Cuenta Bancaria"}]},{"@type":"WebSite","@id":"https:\/\/allin1bitcoins.com\/es\/#website","url":"https:\/\/allin1bitcoins.com\/es\/","name":"Allin1Bitcoins","description":"","publisher":{"@id":"https:\/\/allin1bitcoins.com\/es\/#organization"},"potentialAction":[{"@type":"SearchAction","target":{"@type":"EntryPoint","urlTemplate":"https:\/\/allin1bitcoins.com\/es\/?s={search_term_string}"},"query-input":"required name=search_term_string"}],"inLanguage":"es"},{"@type":"Organization","@id":"https:\/\/allin1bitcoins.com\/es\/#organization","name":"allin1bitcoins","url":"https:\/\/allin1bitcoins.com\/es\/","logo":{"@type":"ImageObject","inLanguage":"es","@id":"https:\/\/allin1bitcoins.com\/es\/#\/schema\/logo\/image\/","url":"https:\/\/allin1bitcoins.com\/wp-content\/uploads\/2019\/01\/logo-new.png","contentUrl":"https:\/\/allin1bitcoins.com\/wp-content\/uploads\/2019\/01\/logo-new.png","width":178,"height":71,"caption":"allin1bitcoins"},"image":{"@id":"https:\/\/allin1bitcoins.com\/es\/#\/schema\/logo\/image\/"}}]}},"_links":{"self":[{"href":"https:\/\/allin1bitcoins.com\/es\/wp-json\/wp\/v2\/pages\/23164"}],"collection":[{"href":"https:\/\/allin1bitcoins.com\/es\/wp-json\/wp\/v2\/pages"}],"about":[{"href":"https:\/\/allin1bitcoins.com\/es\/wp-json\/wp\/v2\/types\/page"}],"author":[{"embeddable":true,"href":"https:\/\/allin1bitcoins.com\/es\/wp-json\/wp\/v2\/users\/5"}],"replies":[{"embeddable":true,"href":"https:\/\/allin1bitcoins.com\/es\/wp-json\/wp\/v2\/comments?post=23164"}],"version-history":[{"count":1,"href":"https:\/\/allin1bitcoins.com\/es\/wp-json\/wp\/v2\/pages\/23164\/revisions"}],"predecessor-version":[{"id":23168,"href":"https:\/\/allin1bitcoins.com\/es\/wp-json\/wp\/v2\/pages\/23164\/revisions\/23168"}],"up":[{"embeddable":true,"href":"https:\/\/allin1bitcoins.com\/es\/wp-json\/wp\/v2\/pages\/23106"}],"wp:featuredmedia":[{"embeddable":true,"href":"https:\/\/allin1bitcoins.com\/es\/wp-json\/wp\/v2\/media\/15572"}],"wp:attachment":[{"href":"https:\/\/allin1bitcoins.com\/es\/wp-json\/wp\/v2\/media?parent=23164"}],"curies":[{"name":"wp","href":"https:\/\/api.w.org\/{rel}","templated":true}]}}