{"id":23201,"date":"2023-03-10T10:18:56","date_gmt":"2023-03-10T10:18:56","guid":{"rendered":"https:\/\/allin1bitcoins.com\/?page_id=23201"},"modified":"2023-03-10T10:18:59","modified_gmt":"2023-03-10T10:18:59","slug":"canada","status":"publish","type":"page","link":"https:\/\/allin1bitcoins.com\/es\/crypto\/babydogeking\/canada\/","title":{"rendered":"C\u00f3mo Comprar BabyDogeKing En Canad\u00e1"},"content":{"rendered":"\n<h2 class=\"wp-block-heading\">Debe seguir los siguientes pasos para comprar la moneda BabyDogeKing en Canad\u00e1:<\/h2>\n\n\n\n<ul><li>Busque un intercambio de criptomonedas canadiense que acepte la moneda BabyDogeKing.<\/li><li>Abra un perfil en el intercambio. <\/li><li>Utilice una tarjeta de cr\u00e9dito\/d\u00e9bito o una transferencia bancaria para agregar dinero a su cuenta. Realice una orden para comprar la moneda BabyDogeKing busc\u00e1ndola.<\/li><\/ul>\n\n\n\n<h2 class=\"wp-block-heading\">Revisi\u00f3n de la moneda BabyDogeKing<\/h2>\n\n\n\n<p>Se desarroll\u00f3 una criptomoneda llamada BabyDogeKing como un spin-off del conocido Dogecoin. Su emblema incluye una representaci\u00f3n de dibujos animados del personaje conocido como &#8220;Baby Yoda&#8221; de la serie de Disney+ &#8220;The Mandalorian&#8221;. A pesar de ser creada como una broma y no tener la intenci\u00f3n de ser tomada en serio, la moneda BabyDogeKing ha desarrollado un modesto seguimiento entre los entusiastas de las criptomonedas.<\/p>\n\n\n\n<h2 class=\"wp-block-heading\">Ventajas de comprar la moneda BabyDogeKing<\/h2>\n\n\n\n<p><strong>Algunas ventajas de comprar la moneda BabyDogeKing incluyen:<\/strong><\/p>\n\n\n\n<ul><li>Puede ser una forma fascinante y entretenida de explorar el mundo de las criptomonedas.<br><br><\/li><li>Es posible que pueda vender la moneda BabyDogeKing por una ganancia si su valor aumenta. A pesar de no ser una inversi\u00f3n inteligente, la moneda BabyDogeKing puede apreciarse debido a especuladores u otras circunstancias.<br><br><\/li><li>La compra de BabyDogeKing puede ayudarlo a diversificar su cartera de bitcoins. Puede ser capaz de distribuir el riesgo y mejorar sus posibilidades de obtener una ganancia manteniendo una amplia selecci\u00f3n de criptomonedas.<\/li><\/ul>\n\n\n\n<h2 class=\"wp-block-heading\">Instrucciones detalladas sobre c\u00f3mo comprar la moneda BabyDogeKing en Canad\u00e1<\/h2>\n\n\n\n<p><strong>Se proporciona un manual de instrucciones para comprar la moneda BabyDogeKing en Canad\u00e1 a continuaci\u00f3n:<\/strong><\/p>\n\n\n\n<ol><li>Busque un intercambio de criptomonedas canadiense que acepte la moneda BabyDogeKing. Estos requisitos son cumplidos por varios intercambios conocidos, incluyendo Coinbase, Kraken y Bitfinex.<br><br><\/li><li>Abra un perfil en el intercambio. Normalmente, esto implica proporcionar informaci\u00f3n personal y comprobar su identificaci\u00f3n.<br><br><\/li><li>Agregue dinero a su cuenta. Por lo general, se puede utilizar una transferencia bancaria o una tarjeta de cr\u00e9dito o d\u00e9bito para esto.<br><br><\/li><li>Realice un pedido para comprar la moneda BabyDogeKing busc\u00e1ndola. Debe indicar cu\u00e1nto desea comprar de la moneda BabyDogeKing y el precio que est\u00e1 dispuesto a pagar para hacerlo.<br><br><\/li><li>Espere la ejecuci\u00f3n de su pedido. Esto puede tomar unos minutos o m\u00e1s tiempo, dependiendo de la transacci\u00f3n.<br><br><\/li><li>La moneda BabyDogeKing ser\u00e1 suya despu\u00e9s de que se haya cumplido su pedido. Puede guardarla y esperar a que su valor aumente o venderla por dinero fiduciario o otra criptomoneda (como el d\u00f3lar canadiense).<\/li><\/ol>\n\n\n\n<figure class=\"wp-block-embed is-type-video is-provider-youtube wp-block-embed-youtube wp-embed-aspect-16-9 wp-has-aspect-ratio\"><div class=\"wp-block-embed__wrapper\">\n<iframe title=\"BABY DOGE COIN - (Millionaire) - Let&#039;s See How Much You Need!\" width=\"800\" height=\"450\" src=\"https:\/\/www.youtube.com\/embed\/E1OZ28X7Jqs?feature=oembed\" frameborder=\"0\" allow=\"accelerometer; autoplay; clipboard-write; encrypted-media; gyroscope; picture-in-picture; web-share\" allowfullscreen><\/iframe>\n<\/div><\/figure>\n\n\n\n<h2 class=\"wp-block-heading\">Impuestos sobre la compra de monedas BabyDogeKing en Canad\u00e1<\/h2>\n\n\n\n<p>Debe comprender las repercusiones fiscales de la compra de la moneda BabyDogeKing en Canad\u00e1. Cualquier ganancia que obtenga al comprar y comerciar con criptomonedas est\u00e1 sujeta a impuestos sobre las ganancias de capital, seg\u00fan la Agencia de Ingresos de Canad\u00e1 (CRA). Esto significa que debe incluir cualquier ganancia que obtenga en su declaraci\u00f3n de impuestos anual y pagar el monto correspondiente de impuestos sobre ellas. Mantener registros detallados de todas sus transacciones de criptomonedas le ayudar\u00e1 a determinar f\u00e1cilmente sus ganancias o p\u00e9rdidas para fines fiscales.<\/p>\n\n\n\n<h2 class=\"wp-block-heading\">Conclusi\u00f3n<\/h2>\n\n\n\n<p>En conclusi\u00f3n, la compra de la moneda BabyDogeKing en Canad\u00e1 se puede hacer de manera bastante sencilla mediante la b\u00fasqueda de una casa de cambio de criptomonedas que la acepte, la apertura de una cuenta, el financiamiento de la cuenta y la colocaci\u00f3n de un pedido para adquirirla. La moneda BabyDogeKing puede ser una forma divertida e interesante de involucrarse en el mundo de las criptomonedas, a pesar de que no es una inversi\u00f3n seria y conlleva un alto nivel de riesgo. Las ramificaciones fiscales de comprar y vender la moneda BabyDogeKing en Canad\u00e1 son particularmente importantes de entender, ya que cualquier ganancia que obtenga est\u00e1 sujeta a impuestos sobre las ganancias de capital. Para proteger la seguridad de sus activos, aseg\u00farese de realizar su propia investigaci\u00f3n y utilizar una casa de cambio confiable.<\/p>\n\n\n\n<!-- Page-list plugin v.5.9 wordpress.org\/plugins\/page-list\/ -->\n<ul class=\"page-list siblings-page-list \">\n<li class=\"page_item page-item-23193\"><a href=\"https:\/\/allin1bitcoins.com\/es\/crypto\/babydogeking\/credit-card\/\">C\u00f3mo Comprar BabDogeKing Con Una Tarjeta De Cr\u00e9dito<\/a><\/li>\n<li class=\"page_item page-item-23173\"><a href=\"https:\/\/allin1bitcoins.com\/es\/crypto\/babydogeking\/paypal\/\">C\u00f3mo Comprar BabyDogeKing Con PayPal<\/a><\/li>\n<li class=\"page_item page-item-23183\"><a href=\"https:\/\/allin1bitcoins.com\/es\/crypto\/babydogeking\/debit-card\/\">C\u00f3mo Comprar BabyDogeKing Con Tarjeta De D\u00e9bito<\/a><\/li>\n<li class=\"page_item page-item-23164\"><a href=\"https:\/\/allin1bitcoins.com\/es\/crypto\/babydogeking\/bank-account\/\">C\u00f3mo Comprar BabyDogeKing Con Una Cuenta Bancaria<\/a><\/li>\n<li class=\"page_item page-item-23152\"><a href=\"https:\/\/allin1bitcoins.com\/es\/crypto\/babydogeking\/australia\/\">C\u00f3mo Comprar BabyDogeKing En Australia<\/a><\/li>\n<li class=\"page_item page-item-23201\"><a href=\"https:\/\/allin1bitcoins.com\/es\/crypto\/babydogeking\/canada\/\">C\u00f3mo Comprar BabyDogeKing En Canad\u00e1<\/a><\/li>\n<li class=\"page_item page-item-23118\"><a href=\"https:\/\/allin1bitcoins.com\/es\/crypto\/babydogeking\/united-kingdom\/\">C\u00f3mo Comprar BabyDogeKing En El Reino Unido<\/a><\/li>\n<li class=\"page_item page-item-23128\"><a href=\"https:\/\/allin1bitcoins.com\/es\/crypto\/babydogeking\/united-states\/\">C\u00f3mo Comprar BabyDogeKing En Estados Unidos<\/a><\/li>\n\n<\/ul>\n","protected":false},"excerpt":{"rendered":"<p>Debe seguir los siguientes pasos para comprar la moneda BabyDogeKing en Canad\u00e1: Busque un intercambio de criptomonedas canadiense que acepte la moneda BabyDogeKing. Abra un perfil en el intercambio. Utilice una tarjeta de cr\u00e9dito\/d\u00e9bito o una transferencia bancaria para agregar dinero a su cuenta. Realice una orden para comprar la moneda BabyDogeKing busc\u00e1ndola. Revisi\u00f3n de&#8230;<\/p>\n","protected":false},"author":5,"featured_media":15491,"parent":23106,"menu_order":0,"comment_status":"closed","ping_status":"closed","template":"","meta":{"cybocfi_hide_featured_image":"","footnotes":""},"acf":[],"yoast_head":"<!-- This site is optimized with the Yoast SEO plugin v21.7 - https:\/\/yoast.com\/wordpress\/plugins\/seo\/ -->\n<title>C\u00f3mo Comprar BabyDogeKing En Canad\u00e1<\/title>\n<meta name=\"description\" content=\"Para comprar la criptomoneda BabyDogeKing en Canad\u00e1, debes seguir los siguientes pasos. Sigue leyendo para obtener m\u00e1s informaci\u00f3n sobre cada uno de ellos.\" \/>\n<meta name=\"robots\" content=\"index, follow, max-snippet:-1, max-image-preview:large, max-video-preview:-1\" \/>\n<link rel=\"canonical\" href=\"https:\/\/allin1bitcoins.com\/es\/crypto\/babydogeking\/canada\/\" \/>\n<meta property=\"og:locale\" content=\"es_ES\" \/>\n<meta property=\"og:type\" content=\"article\" \/>\n<meta property=\"og:title\" content=\"C\u00f3mo Comprar BabyDogeKing En Canad\u00e1\" \/>\n<meta property=\"og:description\" content=\"Para comprar la criptomoneda BabyDogeKing en Canad\u00e1, debes seguir los siguientes pasos. Sigue leyendo para obtener m\u00e1s informaci\u00f3n sobre cada uno de ellos.\" \/>\n<meta property=\"og:url\" content=\"https:\/\/allin1bitcoins.com\/es\/crypto\/babydogeking\/canada\/\" \/>\n<meta property=\"og:site_name\" content=\"Allin1Bitcoins\" \/>\n<meta property=\"article:modified_time\" content=\"2023-03-10T10:18:59+00:00\" \/>\n<meta property=\"og:image\" content=\"https:\/\/allin1bitcoins.com\/wp-content\/uploads\/2023\/01\/harry-grout-5xtCZ_KQb48-unsplash.jpg\" \/>\n\t<meta property=\"og:image:width\" content=\"1920\" \/>\n\t<meta property=\"og:image:height\" content=\"1280\" \/>\n\t<meta property=\"og:image:type\" content=\"image\/jpeg\" \/>\n<meta name=\"twitter:card\" content=\"summary_large_image\" \/>\n<meta name=\"twitter:label1\" content=\"Est. reading time\" \/>\n\t<meta name=\"twitter:data1\" content=\"3 minutes\" \/>\n<!-- \/ Yoast SEO plugin. -->","yoast_head_json":{"title":"C\u00f3mo Comprar BabyDogeKing En Canad\u00e1","description":"Para comprar la criptomoneda BabyDogeKing en Canad\u00e1, debes seguir los siguientes pasos. Sigue leyendo para obtener m\u00e1s informaci\u00f3n sobre cada uno de ellos.","robots":{"index":"index","follow":"follow","max-snippet":"max-snippet:-1","max-image-preview":"max-image-preview:large","max-video-preview":"max-video-preview:-1"},"canonical":"https:\/\/allin1bitcoins.com\/es\/crypto\/babydogeking\/canada\/","og_locale":"es_ES","og_type":"article","og_title":"C\u00f3mo Comprar BabyDogeKing En Canad\u00e1","og_description":"Para comprar la criptomoneda BabyDogeKing en Canad\u00e1, debes seguir los siguientes pasos. Sigue leyendo para obtener m\u00e1s informaci\u00f3n sobre cada uno de ellos.","og_url":"https:\/\/allin1bitcoins.com\/es\/crypto\/babydogeking\/canada\/","og_site_name":"Allin1Bitcoins","article_modified_time":"2023-03-10T10:18:59+00:00","og_image":[{"width":1920,"height":1280,"url":"https:\/\/allin1bitcoins.com\/wp-content\/uploads\/2023\/01\/harry-grout-5xtCZ_KQb48-unsplash.jpg","type":"image\/jpeg"}],"twitter_card":"summary_large_image","twitter_misc":{"Est. reading time":"3 minutes"},"schema":{"@context":"https:\/\/schema.org","@graph":[{"@type":"WebPage","@id":"https:\/\/allin1bitcoins.com\/es\/crypto\/babydogeking\/canada\/","url":"https:\/\/allin1bitcoins.com\/es\/crypto\/babydogeking\/canada\/","name":"C\u00f3mo Comprar BabyDogeKing En Canad\u00e1","isPartOf":{"@id":"https:\/\/allin1bitcoins.com\/es\/#website"},"datePublished":"2023-03-10T10:18:56+00:00","dateModified":"2023-03-10T10:18:59+00:00","description":"Para comprar la criptomoneda BabyDogeKing en Canad\u00e1, debes seguir los siguientes pasos. Sigue leyendo para obtener m\u00e1s informaci\u00f3n sobre cada uno de ellos.","breadcrumb":{"@id":"https:\/\/allin1bitcoins.com\/es\/crypto\/babydogeking\/canada\/#breadcrumb"},"inLanguage":"es","potentialAction":[{"@type":"ReadAction","target":["https:\/\/allin1bitcoins.com\/es\/crypto\/babydogeking\/canada\/"]}]},{"@type":"BreadcrumbList","@id":"https:\/\/allin1bitcoins.com\/es\/crypto\/babydogeking\/canada\/#breadcrumb","itemListElement":[{"@type":"ListItem","position":1,"name":"Home","item":"https:\/\/allin1bitcoins.com\/es\/"},{"@type":"ListItem","position":2,"name":"Cripto","item":"https:\/\/allin1bitcoins.com\/es\/crypto\/"},{"@type":"ListItem","position":3,"name":"C\u00f3mo Comprar BabyDogeKing: Gu\u00eda Paso A Paso 2023","item":"https:\/\/allin1bitcoins.com\/es\/crypto\/babydogeking\/"},{"@type":"ListItem","position":4,"name":"C\u00f3mo Comprar BabyDogeKing En Canad\u00e1"}]},{"@type":"WebSite","@id":"https:\/\/allin1bitcoins.com\/es\/#website","url":"https:\/\/allin1bitcoins.com\/es\/","name":"Allin1Bitcoins","description":"","publisher":{"@id":"https:\/\/allin1bitcoins.com\/es\/#organization"},"potentialAction":[{"@type":"SearchAction","target":{"@type":"EntryPoint","urlTemplate":"https:\/\/allin1bitcoins.com\/es\/?s={search_term_string}"},"query-input":"required name=search_term_string"}],"inLanguage":"es"},{"@type":"Organization","@id":"https:\/\/allin1bitcoins.com\/es\/#organization","name":"allin1bitcoins","url":"https:\/\/allin1bitcoins.com\/es\/","logo":{"@type":"ImageObject","inLanguage":"es","@id":"https:\/\/allin1bitcoins.com\/es\/#\/schema\/logo\/image\/","url":"https:\/\/allin1bitcoins.com\/wp-content\/uploads\/2019\/01\/logo-new.png","contentUrl":"https:\/\/allin1bitcoins.com\/wp-content\/uploads\/2019\/01\/logo-new.png","width":178,"height":71,"caption":"allin1bitcoins"},"image":{"@id":"https:\/\/allin1bitcoins.com\/es\/#\/schema\/logo\/image\/"}}]}},"_links":{"self":[{"href":"https:\/\/allin1bitcoins.com\/es\/wp-json\/wp\/v2\/pages\/23201"}],"collection":[{"href":"https:\/\/allin1bitcoins.com\/es\/wp-json\/wp\/v2\/pages"}],"about":[{"href":"https:\/\/allin1bitcoins.com\/es\/wp-json\/wp\/v2\/types\/page"}],"author":[{"embeddable":true,"href":"https:\/\/allin1bitcoins.com\/es\/wp-json\/wp\/v2\/users\/5"}],"replies":[{"embeddable":true,"href":"https:\/\/allin1bitcoins.com\/es\/wp-json\/wp\/v2\/comments?post=23201"}],"version-history":[{"count":1,"href":"https:\/\/allin1bitcoins.com\/es\/wp-json\/wp\/v2\/pages\/23201\/revisions"}],"predecessor-version":[{"id":23206,"href":"https:\/\/allin1bitcoins.com\/es\/wp-json\/wp\/v2\/pages\/23201\/revisions\/23206"}],"up":[{"embeddable":true,"href":"https:\/\/allin1bitcoins.com\/es\/wp-json\/wp\/v2\/pages\/23106"}],"wp:featuredmedia":[{"embeddable":true,"href":"https:\/\/allin1bitcoins.com\/es\/wp-json\/wp\/v2\/media\/15491"}],"wp:attachment":[{"href":"https:\/\/allin1bitcoins.com\/es\/wp-json\/wp\/v2\/media?parent=23201"}],"curies":[{"name":"wp","href":"https:\/\/api.w.org\/{rel}","templated":true}]}}