{"id":23240,"date":"2023-03-10T12:24:16","date_gmt":"2023-03-10T12:24:16","guid":{"rendered":"https:\/\/allin1bitcoins.com\/?page_id=23240"},"modified":"2023-03-10T12:26:38","modified_gmt":"2023-03-10T12:26:38","slug":"venmo","status":"publish","type":"page","link":"https:\/\/allin1bitcoins.com\/es\/crypto\/shiba-inu\/venmo\/","title":{"rendered":"C\u00f3mo Comprar Shiba Inu (SHIB) Con Venmo"},"content":{"rendered":"\n<p>Debes encontrar primero una criptomoneda m\u00e1s popular usando una cuenta de Venmo, si deseas comprar Shiba Inu Coin (SHIB) con una cuenta de Venmo. Luego, puedes utilizar un exchange de criptomonedas que la acepte para intercambiar esta moneda por SHIB.<\/p>\n\n\n\n<h2 class=\"wp-block-heading\">Resumen de la moneda Shiba Inu<\/h2>\n\n\n\n<p>Basada en la red Ethereum, Shiba Inu Coin (SHIB) es una criptomoneda que se lanz\u00f3 en agosto de 2020. Se pretend\u00eda que fuera una criptomoneda &#8220;divertida y basada en memes&#8221; y se model\u00f3 seg\u00fan la conocida raza de perros Shiba Inu.<\/p>\n\n\n\n<p>Debido a su mete\u00f3rico aumento de precio a principios de 2021, SHIB ha atra\u00eddo mucha atenci\u00f3n en la comunidad de criptomonedas. En su apogeo, SHIB fue una de las criptomonedas m\u00e1s grandes por tama\u00f1o de mercado, con una capitalizaci\u00f3n de mercado de m\u00e1s de $6 mil millones.<\/p>\n\n\n\n<p>Sin embargo, debido a su volatilidad y falta de valor fundamental, SHIB se considera una inversi\u00f3n de alto riesgo. Debido a su afiliaci\u00f3n con la &#8220;mafia de Dogecoin&#8221;, un grupo de inversores en criptomonedas acusados de manipular el precio de SHIB y otras criptomonedas, tambi\u00e9n ha generado controversia.<\/p>\n\n\n\n<h2 class=\"wp-block-heading\">Por qu\u00e9 querr\u00edas comprar Shiba Inu Coin a trav\u00e9s de Venmo<\/h2>\n\n\n\n<p>Es posible que desees utilizar una cuenta de Venmo para comprar Shiba Inu Coin por varias razones diferentes. Una explicaci\u00f3n podr\u00eda ser que deseas aprovechar el revuelo que rodea a SHIB y posiblemente obtener beneficios de los cambios de precios.<\/p>\n\n\n\n<p>Tambi\u00e9n puedes elegir utilizar SHIB como reserva de valor o m\u00e9todo de intercambio para otras monedas. SHIB puede utilizarse como medio de intercambio para compras en l\u00ednea o como inversi\u00f3n especulativa, ya que algunas tiendas y plataformas en l\u00ednea la aceptar\u00edan como forma de pago.<\/p>\n\n\n\n<h2 class=\"wp-block-heading\">C\u00f3mo comprar Shiba Inu Coin con Venmo: Gu\u00eda paso a paso<\/h2>\n\n\n\n<p><strong>A continuaci\u00f3n, se proporciona una gu\u00eda paso a paso sobre c\u00f3mo comprar Shiba Inu Coin utilizando una cuenta de Venmo:<\/strong><\/p>\n\n\n\n<ol><li>Crea una cuenta en Venmo y confirma tu identidad. Debes registrarte en una cuenta de Venmo y pasar por el proceso de verificaci\u00f3n para poder usar Venmo para comprar criptomonedas. Por lo general, para que esto funcione, debes cargar una identificaci\u00f3n emitida por el gobierno y proporcionar cierta informaci\u00f3n personal.<br><br><\/li><li>Localiza un exchange de criptomonedas compatible con Venmo. Deber\u00e1s localizar un exchange de criptomonedas que acepte Venmo, ya que no todos lo hacen. Venmo es aceptado por varios exchanges conocidos, incluyendo Coinbase, Kraken y Bitfinex.<br><br><\/li><li>Usa Venmo para comprar una criptomoneda m\u00e1s popular, como Bitcoin o Ethereum. Una vez que hayas localizado un intercambio de criptomonedas que acepte Venmo, debes utilizar tu cuenta de Venmo para comprar una criptomoneda m\u00e1s conocida, como Bitcoin o Ethereum. Para hacer esto, debes transferir dinero desde tu cuenta de Venmo al intercambio y luego utilizar ese dinero para comprar la criptomoneda que elijas.<br><br><\/li><li>En un intercambio de criptomonedas que la acepte, puedes intercambiar tu criptomoneda por SHIB. Despu\u00e9s de comprar una criptomoneda m\u00e1s popular con Venmo, puedes intercambiarla por SHIB en un intercambio que acepte la criptomoneda que hayas elegido. Los intercambios populares que incluyen SHIB son OKEx, Huobi y Binance.<br><br><\/li><li>Guarda tu SHIB de forma segura. Una vez que hayas comprado SHIB, es crucial mantenerlo seguro en una billetera en l\u00ednea que funcione con la red Ethereum. De esta manera, puedes proteger tu SHIB contra los peligros en l\u00ednea y asegurarte de mantener la propiedad de tu inversi\u00f3n.<\/li><\/ol>\n\n\n\n<figure class=\"wp-block-embed is-type-video is-provider-youtube wp-block-embed-youtube wp-embed-aspect-16-9 wp-has-aspect-ratio\"><div class=\"wp-block-embed__wrapper\">\n<iframe title=\"How To Buy\/Sell Crypto With Venmo App! (Easy Tutorial Guide)\" width=\"800\" height=\"450\" src=\"https:\/\/www.youtube.com\/embed\/AnfyEraRT00?feature=oembed\" frameborder=\"0\" allow=\"accelerometer; autoplay; clipboard-write; encrypted-media; gyroscope; picture-in-picture; web-share\" allowfullscreen><\/iframe>\n<\/div><\/figure>\n\n\n\n<h2 class=\"wp-block-heading\">Cuando se compra la moneda Shiba Inu usando una cuenta de Venmo, existen algunas desventajas que se deben tener en cuenta.<\/h2>\n\n\n\n<ul><li><strong>Estas incluyen:<\/strong> SHIB es una criptomoneda altamente vol\u00e1til, lo que significa que su valor puede cambiar dr\u00e1sticamente en cuesti\u00f3n de segundos. Debido a esto, estimar el valor de su inversi\u00f3n puede resultar dif\u00edcil, y si el precio baja, puede generar p\u00e9rdidas significativas.<br><br><\/li><li><strong>Falta de valor fundamental: <\/strong>SHIB no tiene recursos o utilidad subyacentes, por lo que carece de valor intr\u00ednseco. Esto hace que sea m\u00e1s dif\u00edcil defender su precio y aumenta su susceptibilidad a pr\u00e1cticas especulativas y manipulativas.<br><br><\/li><li><strong>Riesgos asociados con los intercambios de criptomonedas: <\/strong>los intercambios de criptomonedas son susceptibles a fraudes, pirater\u00eda y otros riesgos de seguridad. Puede perder dinero si el intercambio que utiliza para comprar SHIB es pirateado.<br><br><\/li><li><strong>Riesgos asociados con Venmo:<\/strong> a pesar de ser una plataforma generalmente segura, Venmo no est\u00e1 libre de riesgos. Puede perder su dinero si su cuenta de Venmo es pirateada o si cae en una estafa.<\/li><\/ul>\n\n\n\n<h2 class=\"wp-block-heading\">Conclusi\u00f3n<\/h2>\n\n\n\n<p>Es posible comprar la moneda Shiba Inu usando una cuenta de Venmo, pero existen varios procesos y riesgos involucrados. Existen riesgos asociados con el uso de intercambios de criptomonedas y Venmo, y SHIB es una criptomoneda altamente vol\u00e1til y especulativa sin valor intr\u00ednseco. Haga su investigaci\u00f3n, invierta solo lo que pueda permitirse perder y guarde su SHIB de manera segura si decide comprar SHIB.<\/p>\n\n\n\n<!-- Page-list plugin v.5.9 wordpress.org\/plugins\/page-list\/ -->\n<ul class=\"page-list siblings-page-list \">\n<li class=\"page_item page-item-23300\"><a href=\"https:\/\/allin1bitcoins.com\/es\/crypto\/shiba-inu\/apple-pay\/\">C\u00f3mo Comprar Shiba Inu (SHIB) Con Apple Pay<\/a><\/li>\n<li class=\"page_item page-item-23232\"><a href=\"https:\/\/allin1bitcoins.com\/es\/crypto\/shiba-inu\/debit-card\/\">C\u00f3mo Comprar Shiba Inu (SHIB) Con Tarjeta De D\u00e9bito<\/a><\/li>\n<li class=\"page_item page-item-23240\"><a href=\"https:\/\/allin1bitcoins.com\/es\/crypto\/shiba-inu\/venmo\/\">C\u00f3mo Comprar Shiba Inu (SHIB) Con Venmo<\/a><\/li>\n<li class=\"page_item page-item-23319\"><a href=\"https:\/\/allin1bitcoins.com\/es\/crypto\/shiba-inu\/american-express\/\">C\u00f3mo Comprar Shiba Inu (SHIBA) Con American Express<\/a><\/li>\n<li class=\"page_item page-item-23309\"><a href=\"https:\/\/allin1bitcoins.com\/es\/crypto\/shiba-inu\/crypto-anonymously\/\">C\u00f3mo Comprar Shiba Inu (SHIBA) Con Criptomonedas De Forma An\u00f3nima<\/a><\/li>\n<li class=\"page_item page-item-23280\"><a href=\"https:\/\/allin1bitcoins.com\/es\/crypto\/shiba-inu\/google-pay\/\">C\u00f3mo Comprar Shiba Inu (SHIBA) Con Google Pay<\/a><\/li>\n<li class=\"page_item page-item-23270\"><a href=\"https:\/\/allin1bitcoins.com\/es\/crypto\/shiba-inu\/paypal\/\">C\u00f3mo Comprar Shiba Inu (SHIBA) Con Paypal<\/a><\/li>\n<li class=\"page_item page-item-23260\"><a href=\"https:\/\/allin1bitcoins.com\/es\/crypto\/shiba-inu\/skrill\/\">C\u00f3mo Comprar Shiba Inu (SHIBA) Con Skrill<\/a><\/li>\n<li class=\"page_item page-item-23289\"><a href=\"https:\/\/allin1bitcoins.com\/es\/crypto\/shiba-inu\/bank-account\/\">C\u00f3mo Comprar Shiba Inu (SHIBA) Con Una Cuenta Bancaria<\/a><\/li>\n<li class=\"page_item page-item-23249\"><a href=\"https:\/\/allin1bitcoins.com\/es\/crypto\/shiba-inu\/paysafecard\/\">C\u00f3mo Comprar Shiba Inu (SHIBA) Con Una Tarjeta Paysafecard<\/a><\/li>\n\n<\/ul>\n","protected":false},"excerpt":{"rendered":"<p>Debes encontrar primero una criptomoneda m\u00e1s popular usando una cuenta de Venmo, si deseas comprar Shiba Inu Coin (SHIB) con una cuenta de Venmo. Luego, puedes utilizar un exchange de criptomonedas que la acepte para intercambiar esta moneda por SHIB. Resumen de la moneda Shiba Inu Basada en la red Ethereum, Shiba Inu Coin (SHIB)&#8230;<\/p>\n","protected":false},"author":5,"featured_media":13043,"parent":23213,"menu_order":0,"comment_status":"closed","ping_status":"closed","template":"","meta":{"cybocfi_hide_featured_image":"","footnotes":""},"acf":[],"yoast_head":"<!-- This site is optimized with the Yoast SEO plugin v21.7 - https:\/\/yoast.com\/wordpress\/plugins\/seo\/ -->\n<title>C\u00f3mo Comprar Shiba Inu (SHIB) Con Venmo<\/title>\n<meta name=\"description\" content=\"Primero debes encontrar una criptomoneda m\u00e1s popular usando una cuenta de Venmo, si deseas comprar Shiba Inu Coin con una cuenta de Venmo.\" \/>\n<meta name=\"robots\" content=\"index, follow, max-snippet:-1, max-image-preview:large, max-video-preview:-1\" \/>\n<link rel=\"canonical\" href=\"https:\/\/allin1bitcoins.com\/es\/crypto\/shiba-inu\/venmo\/\" \/>\n<meta property=\"og:locale\" content=\"es_ES\" \/>\n<meta property=\"og:type\" content=\"article\" \/>\n<meta property=\"og:title\" content=\"C\u00f3mo Comprar Shiba Inu (SHIB) Con Venmo\" \/>\n<meta property=\"og:description\" content=\"Primero debes encontrar una criptomoneda m\u00e1s popular usando una cuenta de Venmo, si deseas comprar Shiba Inu Coin con una cuenta de Venmo.\" \/>\n<meta property=\"og:url\" content=\"https:\/\/allin1bitcoins.com\/es\/crypto\/shiba-inu\/venmo\/\" \/>\n<meta property=\"og:site_name\" content=\"Allin1Bitcoins\" \/>\n<meta property=\"article:modified_time\" content=\"2023-03-10T12:26:38+00:00\" \/>\n<meta property=\"og:image\" content=\"https:\/\/allin1bitcoins.com\/wp-content\/uploads\/2023\/01\/blake-wisz-q3o_8MteFM0-unsplash.jpg\" \/>\n\t<meta property=\"og:image:width\" content=\"1920\" \/>\n\t<meta property=\"og:image:height\" content=\"1280\" \/>\n\t<meta property=\"og:image:type\" content=\"image\/jpeg\" \/>\n<meta name=\"twitter:card\" content=\"summary_large_image\" \/>\n<meta name=\"twitter:label1\" content=\"Est. reading time\" \/>\n\t<meta name=\"twitter:data1\" content=\"4 minutes\" \/>\n<!-- \/ Yoast SEO plugin. -->","yoast_head_json":{"title":"C\u00f3mo Comprar Shiba Inu (SHIB) Con Venmo","description":"Primero debes encontrar una criptomoneda m\u00e1s popular usando una cuenta de Venmo, si deseas comprar Shiba Inu Coin con una cuenta de Venmo.","robots":{"index":"index","follow":"follow","max-snippet":"max-snippet:-1","max-image-preview":"max-image-preview:large","max-video-preview":"max-video-preview:-1"},"canonical":"https:\/\/allin1bitcoins.com\/es\/crypto\/shiba-inu\/venmo\/","og_locale":"es_ES","og_type":"article","og_title":"C\u00f3mo Comprar Shiba Inu (SHIB) Con Venmo","og_description":"Primero debes encontrar una criptomoneda m\u00e1s popular usando una cuenta de Venmo, si deseas comprar Shiba Inu Coin con una cuenta de Venmo.","og_url":"https:\/\/allin1bitcoins.com\/es\/crypto\/shiba-inu\/venmo\/","og_site_name":"Allin1Bitcoins","article_modified_time":"2023-03-10T12:26:38+00:00","og_image":[{"width":1920,"height":1280,"url":"https:\/\/allin1bitcoins.com\/wp-content\/uploads\/2023\/01\/blake-wisz-q3o_8MteFM0-unsplash.jpg","type":"image\/jpeg"}],"twitter_card":"summary_large_image","twitter_misc":{"Est. reading time":"4 minutes"},"schema":{"@context":"https:\/\/schema.org","@graph":[{"@type":"WebPage","@id":"https:\/\/allin1bitcoins.com\/es\/crypto\/shiba-inu\/venmo\/","url":"https:\/\/allin1bitcoins.com\/es\/crypto\/shiba-inu\/venmo\/","name":"C\u00f3mo Comprar Shiba Inu (SHIB) Con Venmo","isPartOf":{"@id":"https:\/\/allin1bitcoins.com\/es\/#website"},"datePublished":"2023-03-10T12:24:16+00:00","dateModified":"2023-03-10T12:26:38+00:00","description":"Primero debes encontrar una criptomoneda m\u00e1s popular usando una cuenta de Venmo, si deseas comprar Shiba Inu Coin con una cuenta de Venmo.","breadcrumb":{"@id":"https:\/\/allin1bitcoins.com\/es\/crypto\/shiba-inu\/venmo\/#breadcrumb"},"inLanguage":"es","potentialAction":[{"@type":"ReadAction","target":["https:\/\/allin1bitcoins.com\/es\/crypto\/shiba-inu\/venmo\/"]}]},{"@type":"BreadcrumbList","@id":"https:\/\/allin1bitcoins.com\/es\/crypto\/shiba-inu\/venmo\/#breadcrumb","itemListElement":[{"@type":"ListItem","position":1,"name":"Home","item":"https:\/\/allin1bitcoins.com\/es\/"},{"@type":"ListItem","position":2,"name":"Cripto","item":"https:\/\/allin1bitcoins.com\/es\/crypto\/"},{"@type":"ListItem","position":3,"name":"C\u00f3mo Comprar Shiba Inu (SHIB) &#8211; Gu\u00eda Paso A Paso 2023","item":"https:\/\/allin1bitcoins.com\/es\/crypto\/shiba-inu\/"},{"@type":"ListItem","position":4,"name":"C\u00f3mo Comprar Shiba Inu (SHIB) Con Venmo"}]},{"@type":"WebSite","@id":"https:\/\/allin1bitcoins.com\/es\/#website","url":"https:\/\/allin1bitcoins.com\/es\/","name":"Allin1Bitcoins","description":"","publisher":{"@id":"https:\/\/allin1bitcoins.com\/es\/#organization"},"potentialAction":[{"@type":"SearchAction","target":{"@type":"EntryPoint","urlTemplate":"https:\/\/allin1bitcoins.com\/es\/?s={search_term_string}"},"query-input":"required name=search_term_string"}],"inLanguage":"es"},{"@type":"Organization","@id":"https:\/\/allin1bitcoins.com\/es\/#organization","name":"allin1bitcoins","url":"https:\/\/allin1bitcoins.com\/es\/","logo":{"@type":"ImageObject","inLanguage":"es","@id":"https:\/\/allin1bitcoins.com\/es\/#\/schema\/logo\/image\/","url":"https:\/\/allin1bitcoins.com\/wp-content\/uploads\/2019\/01\/logo-new.png","contentUrl":"https:\/\/allin1bitcoins.com\/wp-content\/uploads\/2019\/01\/logo-new.png","width":178,"height":71,"caption":"allin1bitcoins"},"image":{"@id":"https:\/\/allin1bitcoins.com\/es\/#\/schema\/logo\/image\/"}}]}},"_links":{"self":[{"href":"https:\/\/allin1bitcoins.com\/es\/wp-json\/wp\/v2\/pages\/23240"}],"collection":[{"href":"https:\/\/allin1bitcoins.com\/es\/wp-json\/wp\/v2\/pages"}],"about":[{"href":"https:\/\/allin1bitcoins.com\/es\/wp-json\/wp\/v2\/types\/page"}],"author":[{"embeddable":true,"href":"https:\/\/allin1bitcoins.com\/es\/wp-json\/wp\/v2\/users\/5"}],"replies":[{"embeddable":true,"href":"https:\/\/allin1bitcoins.com\/es\/wp-json\/wp\/v2\/comments?post=23240"}],"version-history":[{"count":2,"href":"https:\/\/allin1bitcoins.com\/es\/wp-json\/wp\/v2\/pages\/23240\/revisions"}],"predecessor-version":[{"id":23245,"href":"https:\/\/allin1bitcoins.com\/es\/wp-json\/wp\/v2\/pages\/23240\/revisions\/23245"}],"up":[{"embeddable":true,"href":"https:\/\/allin1bitcoins.com\/es\/wp-json\/wp\/v2\/pages\/23213"}],"wp:featuredmedia":[{"embeddable":true,"href":"https:\/\/allin1bitcoins.com\/es\/wp-json\/wp\/v2\/media\/13043"}],"wp:attachment":[{"href":"https:\/\/allin1bitcoins.com\/es\/wp-json\/wp\/v2\/media?parent=23240"}],"curies":[{"name":"wp","href":"https:\/\/api.w.org\/{rel}","templated":true}]}}