{"id":23270,"date":"2023-03-10T13:15:09","date_gmt":"2023-03-10T13:15:09","guid":{"rendered":"https:\/\/allin1bitcoins.com\/?page_id=23270"},"modified":"2023-03-10T13:15:11","modified_gmt":"2023-03-10T13:15:11","slug":"paypal","status":"publish","type":"page","link":"https:\/\/allin1bitcoins.com\/es\/crypto\/shiba-inu\/paypal\/","title":{"rendered":"C\u00f3mo Comprar Shiba Inu (SHIBA) Con Paypal"},"content":{"rendered":"\n<h2 class=\"wp-block-heading\">Respuesta breve: Puedes comprar Shiba Inu coins con Paypal.<\/h2>\n\n\n\n<p><strong>Para comprar Shiba Inu Coin con una cuenta de Paypal, debes realizar las siguientes acciones:<\/strong><\/p>\n\n\n\n<ul><li>Buscar un exchange de criptomonedas que acepte Paypal como forma de pago.<\/li><li>Crear una cuenta de Paypal en el exchange y conectarla.<\/li><li>Utilizar tu cuenta de Paypal para comprar Bitcoin o Ethereum.<\/li><li>Agregar Shiba Inu Coin a un exchange de criptomonedas que acepte Bitcoin o Ethereum.<\/li><li>Comprar Shiba Inu Coin con Ethereum o Bitcoin.<\/li><\/ul>\n\n\n\n<h2 class=\"wp-block-heading\">Resumen de Shiba Inu Coin<\/h2>\n\n\n\n<p>Shiba Inu Coin es una criptomoneda que se estableci\u00f3 en agosto de 2020. Est\u00e1 construida en la red de Ethereum y tiene una oferta de 1 bill\u00f3n de monedas. La moneda es frecuentemente llamada el &#8220;hermano peque\u00f1o&#8221; de Dogecoin y lleva el nombre de la raza de perro Shiba Inu.<\/p>\n\n\n\n<p>Shiba Inu Coin se ha hecho conocida gracias a su campa\u00f1a de marketing viral y al respaldo de Elon Musk, una figura conocida en las redes sociales. Sin embargo, Shiba Inu Coin es un activo altamente especulativo y vol\u00e1til, y su inversi\u00f3n conlleva un gran riesgo.<\/p>\n\n\n\n<h2 class=\"wp-block-heading\">Por qu\u00e9 comprar Shiba Inu Coin con Paypal<\/h2>\n\n\n\n<p>Hay varios factores a considerar si decides comprar Shiba Inu Coin con una cuenta de Paypal. En primer lugar, Paypal es una opci\u00f3n de pago en l\u00ednea conocida y confiable. Ofrece una forma segura de transferir y recibir dinero en l\u00ednea y es f\u00e1cil de usar. En segundo lugar, las personas que no tienen una tarjeta de cr\u00e9dito o d\u00e9bito o que no quieren vincular su cuenta bancaria a un exchange de criptomonedas pueden encontrar f\u00e1cil comprar Shiba Inu Coin con Paypal.<\/p>\n\n\n\n<h2 class=\"wp-block-heading\">C\u00f3mo comprar Shiba Inu Coin con Paypal: gu\u00eda paso a paso<\/h2>\n\n\n\n<p><strong>Para comprar Shiba Inu Coin con una cuenta de Paypal, sigue estos sencillos pasos:<\/strong><\/p>\n\n\n\n<ol><li>Busca un exchange de criptomonedas que acepte Paypal como forma de pago. Coinbase y Paxful son algunas de las opciones m\u00e1s populares.<br><br><\/li><li>Crea una cuenta de Paypal en el exchange y con\u00e9ctala. Se te pedir\u00e1 que proporciones algunos datos personales, como tu nombre y correo electr\u00f3nico, junto con una posible verificaci\u00f3n de identidad.<br><br><\/li><li>Utiliza tu cuenta de Paypal para comprar Bitcoin o Ethereum. La mayor\u00eda de los exchanges te permiten utilizar Paypal para comprar estas criptomonedas directamente.<br><br><\/li><li>Agrega Shiba Inu Coin a un exchange de criptomonedas que acepte Bitcoin o Ethereum. Binance y Huobi son algunas de las opciones m\u00e1s populares.<br><br><\/li><li>Compra Shiba Inu Coin con Ethereum o Bitcoin. Para hacerlo, busca el par de negociaci\u00f3n de Shiba Inu Coin en el exchange y luego env\u00eda una orden de compra.<\/li><\/ol>\n\n\n\n<figure class=\"wp-block-embed is-type-video is-provider-youtube wp-block-embed-youtube wp-embed-aspect-16-9 wp-has-aspect-ratio\"><div class=\"wp-block-embed__wrapper\">\n<iframe title=\"How To Buy Cryptocurrency With Paypal [PayPal Arbitrage]\" width=\"800\" height=\"450\" src=\"https:\/\/www.youtube.com\/embed\/kqIn4cvvyHY?feature=oembed\" frameborder=\"0\" allow=\"accelerometer; autoplay; clipboard-write; encrypted-media; gyroscope; picture-in-picture; web-share\" allowfullscreen><\/iframe>\n<\/div><\/figure>\n\n\n\n<h2 class=\"wp-block-heading\">Desventajas de utilizar Paypal para comprar Shiba Inu Coin<\/h2>\n\n\n\n<p>Al comprar Shiba Inu Coin a trav\u00e9s de una cuenta de Paypal, hay algunas desventajas a tener en cuenta.<\/p>\n\n\n\n<p>Los intercambios que manejan criptomonedas y aceptan Paypal como opci\u00f3n de pago tambi\u00e9n pueden agregar algunos cargos adicionales. Si tiene la intenci\u00f3n de mantener el Shiba Inu Coin durante mucho tiempo, estos cargos podr\u00edan acumularse y disminuir dr\u00e1sticamente sus ganancias.<\/p>\n\n\n\n<p>Un punto final a tener en cuenta es que Shiba Inu Coin es un activo muy arriesgado y vol\u00e1til. Su valor puede cambiar sustancialmente en per\u00edodos cortos de tiempo, y no es raro que el valor de la moneda disminuya bruscamente. Como resultado, si compra Shiba Inu Coin utilizando una cuenta de Paypal, corre el riesgo de perder una suma considerable de dinero si el valor de la moneda disminuye.<\/p>\n\n\n\n<h2 class=\"wp-block-heading\">Conclusi\u00f3n<\/h2>\n\n\n\n<p>Para aquellos que no tienen una tarjeta de cr\u00e9dito o d\u00e9bito o no desean vincular su cuenta bancaria a un intercambio de criptomonedas, comprar Shiba Inu Coin con una cuenta de Paypal es una opci\u00f3n pr\u00e1ctica. Sin embargo, deben considerarse los costos de usar Paypal y los peligros de invertir en un activo altamente especulativo y vol\u00e1til como Shiba Inu Coin. Antes de elegir comprar Shiba Inu Coin con una cuenta de Paypal, es crucial hacer su debida diligencia y evaluar exhaustivamente los posibles riesgos y recompensas.<\/p>\n\n\n\n<!-- Page-list plugin v.5.9 wordpress.org\/plugins\/page-list\/ -->\n<ul class=\"page-list siblings-page-list \">\n<li class=\"page_item page-item-23300\"><a href=\"https:\/\/allin1bitcoins.com\/es\/crypto\/shiba-inu\/apple-pay\/\">C\u00f3mo Comprar Shiba Inu (SHIB) Con Apple Pay<\/a><\/li>\n<li class=\"page_item page-item-23232\"><a href=\"https:\/\/allin1bitcoins.com\/es\/crypto\/shiba-inu\/debit-card\/\">C\u00f3mo Comprar Shiba Inu (SHIB) Con Tarjeta De D\u00e9bito<\/a><\/li>\n<li class=\"page_item page-item-23240\"><a href=\"https:\/\/allin1bitcoins.com\/es\/crypto\/shiba-inu\/venmo\/\">C\u00f3mo Comprar Shiba Inu (SHIB) Con Venmo<\/a><\/li>\n<li class=\"page_item page-item-23319\"><a href=\"https:\/\/allin1bitcoins.com\/es\/crypto\/shiba-inu\/american-express\/\">C\u00f3mo Comprar Shiba Inu (SHIBA) Con American Express<\/a><\/li>\n<li class=\"page_item page-item-23309\"><a href=\"https:\/\/allin1bitcoins.com\/es\/crypto\/shiba-inu\/crypto-anonymously\/\">C\u00f3mo Comprar Shiba Inu (SHIBA) Con Criptomonedas De Forma An\u00f3nima<\/a><\/li>\n<li class=\"page_item page-item-23280\"><a href=\"https:\/\/allin1bitcoins.com\/es\/crypto\/shiba-inu\/google-pay\/\">C\u00f3mo Comprar Shiba Inu (SHIBA) Con Google Pay<\/a><\/li>\n<li class=\"page_item page-item-23270\"><a href=\"https:\/\/allin1bitcoins.com\/es\/crypto\/shiba-inu\/paypal\/\">C\u00f3mo Comprar Shiba Inu (SHIBA) Con Paypal<\/a><\/li>\n<li class=\"page_item page-item-23260\"><a href=\"https:\/\/allin1bitcoins.com\/es\/crypto\/shiba-inu\/skrill\/\">C\u00f3mo Comprar Shiba Inu (SHIBA) Con Skrill<\/a><\/li>\n<li class=\"page_item page-item-23289\"><a href=\"https:\/\/allin1bitcoins.com\/es\/crypto\/shiba-inu\/bank-account\/\">C\u00f3mo Comprar Shiba Inu (SHIBA) Con Una Cuenta Bancaria<\/a><\/li>\n<li class=\"page_item page-item-23249\"><a href=\"https:\/\/allin1bitcoins.com\/es\/crypto\/shiba-inu\/paysafecard\/\">C\u00f3mo Comprar Shiba Inu (SHIBA) Con Una Tarjeta Paysafecard<\/a><\/li>\n\n<\/ul>\n","protected":false},"excerpt":{"rendered":"<p>Respuesta breve: Puedes comprar Shiba Inu coins con Paypal. Para comprar Shiba Inu Coin con una cuenta de Paypal, debes realizar las siguientes acciones: Buscar un exchange de criptomonedas que acepte Paypal como forma de pago. Crear una cuenta de Paypal en el exchange y conectarla. Utilizar tu cuenta de Paypal para comprar Bitcoin o&#8230;<\/p>\n","protected":false},"author":5,"featured_media":13019,"parent":23213,"menu_order":0,"comment_status":"closed","ping_status":"closed","template":"","meta":{"cybocfi_hide_featured_image":"","footnotes":""},"acf":[],"yoast_head":"<!-- This site is optimized with the Yoast SEO plugin v21.7 - https:\/\/yoast.com\/wordpress\/plugins\/seo\/ -->\n<title>C\u00f3mo Comprar Shiba Inu (SHIBA) Con Paypal<\/title>\n<meta name=\"description\" content=\"Para comprar Shiba Inu Coin utilizando una cuenta de Paypal, debes llevar a cabo las siguientes acciones. Sigue leyendo para saber m\u00e1s.\" \/>\n<meta name=\"robots\" content=\"index, follow, max-snippet:-1, max-image-preview:large, max-video-preview:-1\" \/>\n<link rel=\"canonical\" href=\"https:\/\/allin1bitcoins.com\/es\/crypto\/shiba-inu\/paypal\/\" \/>\n<meta property=\"og:locale\" content=\"es_ES\" \/>\n<meta property=\"og:type\" content=\"article\" \/>\n<meta property=\"og:title\" content=\"C\u00f3mo Comprar Shiba Inu (SHIBA) Con Paypal\" \/>\n<meta property=\"og:description\" content=\"Para comprar Shiba Inu Coin utilizando una cuenta de Paypal, debes llevar a cabo las siguientes acciones. Sigue leyendo para saber m\u00e1s.\" \/>\n<meta property=\"og:url\" content=\"https:\/\/allin1bitcoins.com\/es\/crypto\/shiba-inu\/paypal\/\" \/>\n<meta property=\"og:site_name\" content=\"Allin1Bitcoins\" \/>\n<meta property=\"article:modified_time\" content=\"2023-03-10T13:15:11+00:00\" \/>\n<meta property=\"og:image\" content=\"https:\/\/allin1bitcoins.com\/wp-content\/uploads\/2023\/01\/pexels-brett-jordan-54375871.jpg\" \/>\n\t<meta property=\"og:image:width\" content=\"640\" \/>\n\t<meta property=\"og:image:height\" content=\"480\" \/>\n\t<meta property=\"og:image:type\" content=\"image\/jpeg\" \/>\n<meta name=\"twitter:card\" content=\"summary_large_image\" \/>\n<meta name=\"twitter:label1\" content=\"Est. reading time\" \/>\n\t<meta name=\"twitter:data1\" content=\"3 minutes\" \/>\n<!-- \/ Yoast SEO plugin. -->","yoast_head_json":{"title":"C\u00f3mo Comprar Shiba Inu (SHIBA) Con Paypal","description":"Para comprar Shiba Inu Coin utilizando una cuenta de Paypal, debes llevar a cabo las siguientes acciones. Sigue leyendo para saber m\u00e1s.","robots":{"index":"index","follow":"follow","max-snippet":"max-snippet:-1","max-image-preview":"max-image-preview:large","max-video-preview":"max-video-preview:-1"},"canonical":"https:\/\/allin1bitcoins.com\/es\/crypto\/shiba-inu\/paypal\/","og_locale":"es_ES","og_type":"article","og_title":"C\u00f3mo Comprar Shiba Inu (SHIBA) Con Paypal","og_description":"Para comprar Shiba Inu Coin utilizando una cuenta de Paypal, debes llevar a cabo las siguientes acciones. Sigue leyendo para saber m\u00e1s.","og_url":"https:\/\/allin1bitcoins.com\/es\/crypto\/shiba-inu\/paypal\/","og_site_name":"Allin1Bitcoins","article_modified_time":"2023-03-10T13:15:11+00:00","og_image":[{"width":640,"height":480,"url":"https:\/\/allin1bitcoins.com\/wp-content\/uploads\/2023\/01\/pexels-brett-jordan-54375871.jpg","type":"image\/jpeg"}],"twitter_card":"summary_large_image","twitter_misc":{"Est. reading time":"3 minutes"},"schema":{"@context":"https:\/\/schema.org","@graph":[{"@type":"WebPage","@id":"https:\/\/allin1bitcoins.com\/es\/crypto\/shiba-inu\/paypal\/","url":"https:\/\/allin1bitcoins.com\/es\/crypto\/shiba-inu\/paypal\/","name":"C\u00f3mo Comprar Shiba Inu (SHIBA) Con Paypal","isPartOf":{"@id":"https:\/\/allin1bitcoins.com\/es\/#website"},"datePublished":"2023-03-10T13:15:09+00:00","dateModified":"2023-03-10T13:15:11+00:00","description":"Para comprar Shiba Inu Coin utilizando una cuenta de Paypal, debes llevar a cabo las siguientes acciones. Sigue leyendo para saber m\u00e1s.","breadcrumb":{"@id":"https:\/\/allin1bitcoins.com\/es\/crypto\/shiba-inu\/paypal\/#breadcrumb"},"inLanguage":"es","potentialAction":[{"@type":"ReadAction","target":["https:\/\/allin1bitcoins.com\/es\/crypto\/shiba-inu\/paypal\/"]}]},{"@type":"BreadcrumbList","@id":"https:\/\/allin1bitcoins.com\/es\/crypto\/shiba-inu\/paypal\/#breadcrumb","itemListElement":[{"@type":"ListItem","position":1,"name":"Home","item":"https:\/\/allin1bitcoins.com\/es\/"},{"@type":"ListItem","position":2,"name":"Cripto","item":"https:\/\/allin1bitcoins.com\/es\/crypto\/"},{"@type":"ListItem","position":3,"name":"C\u00f3mo Comprar Shiba Inu (SHIB) &#8211; Gu\u00eda Paso A Paso 2023","item":"https:\/\/allin1bitcoins.com\/es\/crypto\/shiba-inu\/"},{"@type":"ListItem","position":4,"name":"C\u00f3mo Comprar Shiba Inu (SHIBA) Con Paypal"}]},{"@type":"WebSite","@id":"https:\/\/allin1bitcoins.com\/es\/#website","url":"https:\/\/allin1bitcoins.com\/es\/","name":"Allin1Bitcoins","description":"","publisher":{"@id":"https:\/\/allin1bitcoins.com\/es\/#organization"},"potentialAction":[{"@type":"SearchAction","target":{"@type":"EntryPoint","urlTemplate":"https:\/\/allin1bitcoins.com\/es\/?s={search_term_string}"},"query-input":"required name=search_term_string"}],"inLanguage":"es"},{"@type":"Organization","@id":"https:\/\/allin1bitcoins.com\/es\/#organization","name":"allin1bitcoins","url":"https:\/\/allin1bitcoins.com\/es\/","logo":{"@type":"ImageObject","inLanguage":"es","@id":"https:\/\/allin1bitcoins.com\/es\/#\/schema\/logo\/image\/","url":"https:\/\/allin1bitcoins.com\/wp-content\/uploads\/2019\/01\/logo-new.png","contentUrl":"https:\/\/allin1bitcoins.com\/wp-content\/uploads\/2019\/01\/logo-new.png","width":178,"height":71,"caption":"allin1bitcoins"},"image":{"@id":"https:\/\/allin1bitcoins.com\/es\/#\/schema\/logo\/image\/"}}]}},"_links":{"self":[{"href":"https:\/\/allin1bitcoins.com\/es\/wp-json\/wp\/v2\/pages\/23270"}],"collection":[{"href":"https:\/\/allin1bitcoins.com\/es\/wp-json\/wp\/v2\/pages"}],"about":[{"href":"https:\/\/allin1bitcoins.com\/es\/wp-json\/wp\/v2\/types\/page"}],"author":[{"embeddable":true,"href":"https:\/\/allin1bitcoins.com\/es\/wp-json\/wp\/v2\/users\/5"}],"replies":[{"embeddable":true,"href":"https:\/\/allin1bitcoins.com\/es\/wp-json\/wp\/v2\/comments?post=23270"}],"version-history":[{"count":1,"href":"https:\/\/allin1bitcoins.com\/es\/wp-json\/wp\/v2\/pages\/23270\/revisions"}],"predecessor-version":[{"id":23274,"href":"https:\/\/allin1bitcoins.com\/es\/wp-json\/wp\/v2\/pages\/23270\/revisions\/23274"}],"up":[{"embeddable":true,"href":"https:\/\/allin1bitcoins.com\/es\/wp-json\/wp\/v2\/pages\/23213"}],"wp:featuredmedia":[{"embeddable":true,"href":"https:\/\/allin1bitcoins.com\/es\/wp-json\/wp\/v2\/media\/13019"}],"wp:attachment":[{"href":"https:\/\/allin1bitcoins.com\/es\/wp-json\/wp\/v2\/media?parent=23270"}],"curies":[{"name":"wp","href":"https:\/\/api.w.org\/{rel}","templated":true}]}}