{"id":23280,"date":"2023-03-10T18:03:21","date_gmt":"2023-03-10T18:03:21","guid":{"rendered":"https:\/\/allin1bitcoins.com\/?page_id=23280"},"modified":"2023-03-10T18:03:42","modified_gmt":"2023-03-10T18:03:42","slug":"google-pay","status":"publish","type":"page","link":"https:\/\/allin1bitcoins.com\/es\/crypto\/shiba-inu\/google-pay\/","title":{"rendered":"C\u00f3mo Comprar Shiba Inu (SHIBA) Con Google Pay"},"content":{"rendered":"\n<h2 class=\"wp-block-heading\">Breve explicaci\u00f3n de c\u00f3mo comprar Shiba Inu Coin usando Google Pay<\/h2>\n\n\n\n<p>El procedimiento es bastante sencillo si desea comprar Shiba Inu Coin utilizando Google Pay. Primero debe crear una cuenta de Google Pay y vincular su cuenta bancaria o tarjeta de d\u00e9bito a ella. El siguiente paso es encontrar un exchange de criptomonedas que le permita comprar Shiba Inu Coin utilizando Google Pay.<\/p>\n\n\n\n<p>Cuando haya encontrado un exchange que acepte Google Pay, puede registrarse, confirmar su identidad y luego seguir las instrucciones del exchange para comprar Shiba Inu Coin con Google Pay.<\/p>\n\n\n\n<h2 class=\"wp-block-heading\">Resumen de Shiba Inu Coin<\/h2>\n\n\n\n<p>Shiba Inu Coin (SHIB), una criptomoneda, se cre\u00f3 a partir de una divisi\u00f3n de la red Ethereum en agosto de 2020. Con frecuencia se le llama el &#8220;asesino de Dogecoin&#8221; y fue modelada seg\u00fan la conocida raza de perros Shiba Inu. Al igual que Dogecoin, Shiba Inu Coin pone mucho \u00e9nfasis en las comunidades de internet y la cultura de los memes.<\/p>\n\n\n\n<p>Hay un cuadrill\u00f3n de Shiba Inu Coins disponibles en todo momento, y los titulares de Ethereum reciben el 50% del suministro total. La comunidad de Shiba Inu Coin recibi\u00f3 el 50% restante del suministro a trav\u00e9s de una serie de airdrops y regalos.<\/p>\n\n\n\n<h2 class=\"wp-block-heading\">Por qu\u00e9 desea utilizar Google Pay para comprar Shiba Inu Coin<\/h2>\n\n\n\n<p>Puede desear comprar Shiba Inu Coin con Google Pay por varias razones. En primer lugar, Google Pay es un m\u00e9todo pr\u00e1ctico y seguro de realizar pagos en l\u00ednea. Puede ahorrar tiempo y esfuerzo utilizando Google Pay en lugar de tener que ingresar su n\u00famero de tarjeta de cr\u00e9dito o informaci\u00f3n de cuenta bancaria cada vez que desee realizar una transacci\u00f3n.<\/p>\n\n\n\n<p>Adem\u00e1s, dado que las transacciones de Google Pay suelen procesarse en tiempo real, utilizar Google Pay para comprar Shiba Inu Coin puede ser m\u00e1s r\u00e1pido que hacerlo con otra opci\u00f3n de pago. Esto significa que casi inmediatamente despu\u00e9s de completar la compra, puede comenzar a usar su Shiba Inu Coin.<\/p>\n\n\n\n<p>Por \u00faltimo, las personas que son nuevas en las criptomonedas y buscan una manera simple y directa de comenzar pueden considerar comprar Shiba Inu Coin con Google Pay.<\/p>\n\n\n\n<h2 class=\"wp-block-heading\">Instrucciones detalladas sobre c\u00f3mo comprar Shiba Inu Coin usando Google Pay<\/h2>\n\n\n\n<p><strong>Los siguientes pasos le mostrar\u00e1n c\u00f3mo comprar Shiba Inu Coin utilizando Google Pay:<\/strong><\/p>\n\n\n\n<ol><li><strong>Establezca una cuenta de Google Pay: <\/strong>Debe crear una cuenta de Google Pay si a\u00fan no tiene una. Descargue la aplicaci\u00f3n Google Pay desde App Store o Google Play Store, luego establezca una cuenta siguiendo las indicaciones en la pantalla.<br><br><\/li><li>Cone<strong>cte su tarjeta de d\u00e9bito o cuenta bancaria: <\/strong>Una vez que tenga una cuenta de Google Pay, debe conectar su cuenta bancaria o tarjeta de d\u00e9bito a ella. Podr\u00e1 utilizar Google Pay para realizar pagos como resultado.<br><br><\/li><li><strong>Encuentre un exchange de Bitcoin que acepte Google Pay: <\/strong>Puede comprar Shiba Inu Coin utilizando Google Pay en muchos exchanges de criptomonedas. Binance, Coinbase y Kraken son algunas opciones populares.<br><br><\/li><li><strong>Abra un perfil en el exchange:<\/strong> Una vez que haya encontrado un exchange que acepte Google Pay, debe registrarse para obtener una cuenta en la plataforma. Por lo general, esto implica proporcionar algunos datos personales y demostrar su identificaci\u00f3n.<br><br><\/li><li><strong>Para obtener instrucciones sobre c\u00f3mo utilizar Google<\/strong> <strong>Pay para comprar Shiba Inu Coin, consulte el exchange: <\/strong>El procedimiento para comprar Shiba Inu Coin utilizando Google Pay var\u00eda seg\u00fan el exchange. Para garantizar que la compra se realice correctamente, siga cuidadosamente las instrucciones del exchange.<\/li><\/ol>\n\n\n\n<figure class=\"wp-block-embed is-type-video is-provider-youtube wp-block-embed-youtube wp-embed-aspect-16-9 wp-has-aspect-ratio\"><div class=\"wp-block-embed__wrapper\">\n<iframe title=\"How to buy crypto with Google pay, apple pay\ud83d\ude40\ud83d\ude40\" width=\"800\" height=\"450\" src=\"https:\/\/www.youtube.com\/embed\/lhhTuYRTtac?feature=oembed\" frameborder=\"0\" allow=\"accelerometer; autoplay; clipboard-write; encrypted-media; gyroscope; picture-in-picture; web-share\" allowfullscreen><\/iframe>\n<\/div><\/figure>\n\n\n\n<h2 class=\"wp-block-heading\">Desventajas de usar Google Pay para comprar Shiba Inu Coin<\/h2>\n\n\n\n<p>Si bien usar Google Pay para comprar Shiba Inu Coin es una opci\u00f3n r\u00e1pida y f\u00e1cil, hay algunas desventajas a tener en cuenta.<\/p>\n\n\n\n<p>Lo primero que hay que recordar es que existen riesgos al comprar Shiba Inu Coin con Google Pay o cualquier otra criptomoneda. Dado que el valor de las criptomonedas puede fluctuar enormemente, siempre existe la posibilidad de perder parte o la totalidad de su inversi\u00f3n. Por lo tanto, antes de realizar una compra, es crucial evaluar cuidadosamente los riesgos.<\/p>\n\n\n\n<p>Otra posible desventaja de usar Google Pay para comprar Shiba Inu Coin es que esta opci\u00f3n de pago a\u00fan no es ampliamente reconocida para compras de criptomonedas. Como resultado, encontrar un exchange que admita Google Pay puede requerir m\u00e1s investigaci\u00f3n que encontrar un exchange que acepte otras opciones de pago.<\/p>\n\n\n\n<p>Por \u00faltimo, algunos comerciantes pueden a\u00f1adir costos adicionales para los pagos de Google Pay. Antes de realizar una compra, aseg\u00farese de verificar los costos del exchange para asegurarse de que est\u00e1 obteniendo una buena oferta.<\/p>\n\n\n\n<h2 class=\"wp-block-heading\">Conclusi\u00f3n<\/h2>\n\n\n\n<p>Para las personas que quieren empezar a usar criptomonedas, comprar Shiba Inu Coin con Google Pay es una opci\u00f3n r\u00e1pida y sencilla. Siguiendo los procedimientos explicados anteriormente, puede crear r\u00e1pidamente una cuenta de Google Pay, conectarla a su cuenta bancaria o tarjeta de d\u00e9bito y usarla para comprar Shiba Inu Coin en un exchange de criptomonedas. Los riesgos asociados con la compra de Shiba Inu Coin, o cualquier otra criptomoneda, deben ser cuidadosamente considerados antes de realizar una compra, as\u00ed que tenga esto en cuenta.<\/p>\n\n\n\n<!-- Page-list plugin v.5.9 wordpress.org\/plugins\/page-list\/ -->\n<ul class=\"page-list siblings-page-list \">\n<li class=\"page_item page-item-23300\"><a href=\"https:\/\/allin1bitcoins.com\/es\/crypto\/shiba-inu\/apple-pay\/\">C\u00f3mo Comprar Shiba Inu (SHIB) Con Apple Pay<\/a><\/li>\n<li class=\"page_item page-item-23232\"><a href=\"https:\/\/allin1bitcoins.com\/es\/crypto\/shiba-inu\/debit-card\/\">C\u00f3mo Comprar Shiba Inu (SHIB) Con Tarjeta De D\u00e9bito<\/a><\/li>\n<li class=\"page_item page-item-23240\"><a href=\"https:\/\/allin1bitcoins.com\/es\/crypto\/shiba-inu\/venmo\/\">C\u00f3mo Comprar Shiba Inu (SHIB) Con Venmo<\/a><\/li>\n<li class=\"page_item page-item-23319\"><a href=\"https:\/\/allin1bitcoins.com\/es\/crypto\/shiba-inu\/american-express\/\">C\u00f3mo Comprar Shiba Inu (SHIBA) Con American Express<\/a><\/li>\n<li class=\"page_item page-item-23309\"><a href=\"https:\/\/allin1bitcoins.com\/es\/crypto\/shiba-inu\/crypto-anonymously\/\">C\u00f3mo Comprar Shiba Inu (SHIBA) Con Criptomonedas De Forma An\u00f3nima<\/a><\/li>\n<li class=\"page_item page-item-23280\"><a href=\"https:\/\/allin1bitcoins.com\/es\/crypto\/shiba-inu\/google-pay\/\">C\u00f3mo Comprar Shiba Inu (SHIBA) Con Google Pay<\/a><\/li>\n<li class=\"page_item page-item-23270\"><a href=\"https:\/\/allin1bitcoins.com\/es\/crypto\/shiba-inu\/paypal\/\">C\u00f3mo Comprar Shiba Inu (SHIBA) Con Paypal<\/a><\/li>\n<li class=\"page_item page-item-23260\"><a href=\"https:\/\/allin1bitcoins.com\/es\/crypto\/shiba-inu\/skrill\/\">C\u00f3mo Comprar Shiba Inu (SHIBA) Con Skrill<\/a><\/li>\n<li class=\"page_item page-item-23289\"><a href=\"https:\/\/allin1bitcoins.com\/es\/crypto\/shiba-inu\/bank-account\/\">C\u00f3mo Comprar Shiba Inu (SHIBA) Con Una Cuenta Bancaria<\/a><\/li>\n<li class=\"page_item page-item-23249\"><a href=\"https:\/\/allin1bitcoins.com\/es\/crypto\/shiba-inu\/paysafecard\/\">C\u00f3mo Comprar Shiba Inu (SHIBA) Con Una Tarjeta Paysafecard<\/a><\/li>\n\n<\/ul>\n\n\n\n<p><\/p>\n","protected":false},"excerpt":{"rendered":"<p>Breve explicaci\u00f3n de c\u00f3mo comprar Shiba Inu Coin usando Google Pay El procedimiento es bastante sencillo si desea comprar Shiba Inu Coin utilizando Google Pay. Primero debe crear una cuenta de Google Pay y vincular su cuenta bancaria o tarjeta de d\u00e9bito a ella. El siguiente paso es encontrar un exchange de criptomonedas que le&#8230;<\/p>\n","protected":false},"author":5,"featured_media":13009,"parent":23213,"menu_order":0,"comment_status":"closed","ping_status":"closed","template":"","meta":{"cybocfi_hide_featured_image":"","footnotes":""},"acf":[],"yoast_head":"<!-- This site is optimized with the Yoast SEO plugin v21.7 - https:\/\/yoast.com\/wordpress\/plugins\/seo\/ -->\n<title>C\u00f3mo Comprar Shiba Inu (SHIBA) Con Google Pay<\/title>\n<meta name=\"description\" content=\"Primero debes crear una cuenta de Google Pay y vincular tu cuenta bancaria o tarjeta de d\u00e9bito a ella. Sigue leyendo para saber m\u00e1s.\" \/>\n<meta name=\"robots\" content=\"index, follow, max-snippet:-1, max-image-preview:large, max-video-preview:-1\" \/>\n<link rel=\"canonical\" href=\"https:\/\/allin1bitcoins.com\/es\/crypto\/shiba-inu\/google-pay\/\" \/>\n<meta property=\"og:locale\" content=\"es_ES\" \/>\n<meta property=\"og:type\" content=\"article\" \/>\n<meta property=\"og:title\" content=\"C\u00f3mo Comprar Shiba Inu (SHIBA) Con Google Pay\" \/>\n<meta property=\"og:description\" content=\"Primero debes crear una cuenta de Google Pay y vincular tu cuenta bancaria o tarjeta de d\u00e9bito a ella. Sigue leyendo para saber m\u00e1s.\" \/>\n<meta property=\"og:url\" content=\"https:\/\/allin1bitcoins.com\/es\/crypto\/shiba-inu\/google-pay\/\" \/>\n<meta property=\"og:site_name\" content=\"Allin1Bitcoins\" \/>\n<meta property=\"article:modified_time\" content=\"2023-03-10T18:03:42+00:00\" \/>\n<meta property=\"og:image\" content=\"https:\/\/allin1bitcoins.com\/wp-content\/uploads\/2023\/01\/mika-baumeister-PZao9UjlbMY-unsplash.jpg\" \/>\n\t<meta property=\"og:image:width\" content=\"1920\" \/>\n\t<meta property=\"og:image:height\" content=\"1536\" \/>\n\t<meta property=\"og:image:type\" content=\"image\/jpeg\" \/>\n<meta name=\"twitter:card\" content=\"summary_large_image\" \/>\n<meta name=\"twitter:label1\" content=\"Est. reading time\" \/>\n\t<meta name=\"twitter:data1\" content=\"4 minutes\" \/>\n<!-- \/ Yoast SEO plugin. -->","yoast_head_json":{"title":"C\u00f3mo Comprar Shiba Inu (SHIBA) Con Google Pay","description":"Primero debes crear una cuenta de Google Pay y vincular tu cuenta bancaria o tarjeta de d\u00e9bito a ella. Sigue leyendo para saber m\u00e1s.","robots":{"index":"index","follow":"follow","max-snippet":"max-snippet:-1","max-image-preview":"max-image-preview:large","max-video-preview":"max-video-preview:-1"},"canonical":"https:\/\/allin1bitcoins.com\/es\/crypto\/shiba-inu\/google-pay\/","og_locale":"es_ES","og_type":"article","og_title":"C\u00f3mo Comprar Shiba Inu (SHIBA) Con Google Pay","og_description":"Primero debes crear una cuenta de Google Pay y vincular tu cuenta bancaria o tarjeta de d\u00e9bito a ella. Sigue leyendo para saber m\u00e1s.","og_url":"https:\/\/allin1bitcoins.com\/es\/crypto\/shiba-inu\/google-pay\/","og_site_name":"Allin1Bitcoins","article_modified_time":"2023-03-10T18:03:42+00:00","og_image":[{"width":1920,"height":1536,"url":"https:\/\/allin1bitcoins.com\/wp-content\/uploads\/2023\/01\/mika-baumeister-PZao9UjlbMY-unsplash.jpg","type":"image\/jpeg"}],"twitter_card":"summary_large_image","twitter_misc":{"Est. reading time":"4 minutes"},"schema":{"@context":"https:\/\/schema.org","@graph":[{"@type":"WebPage","@id":"https:\/\/allin1bitcoins.com\/es\/crypto\/shiba-inu\/google-pay\/","url":"https:\/\/allin1bitcoins.com\/es\/crypto\/shiba-inu\/google-pay\/","name":"C\u00f3mo Comprar Shiba Inu (SHIBA) Con Google Pay","isPartOf":{"@id":"https:\/\/allin1bitcoins.com\/es\/#website"},"datePublished":"2023-03-10T18:03:21+00:00","dateModified":"2023-03-10T18:03:42+00:00","description":"Primero debes crear una cuenta de Google Pay y vincular tu cuenta bancaria o tarjeta de d\u00e9bito a ella. Sigue leyendo para saber m\u00e1s.","breadcrumb":{"@id":"https:\/\/allin1bitcoins.com\/es\/crypto\/shiba-inu\/google-pay\/#breadcrumb"},"inLanguage":"es","potentialAction":[{"@type":"ReadAction","target":["https:\/\/allin1bitcoins.com\/es\/crypto\/shiba-inu\/google-pay\/"]}]},{"@type":"BreadcrumbList","@id":"https:\/\/allin1bitcoins.com\/es\/crypto\/shiba-inu\/google-pay\/#breadcrumb","itemListElement":[{"@type":"ListItem","position":1,"name":"Home","item":"https:\/\/allin1bitcoins.com\/es\/"},{"@type":"ListItem","position":2,"name":"Cripto","item":"https:\/\/allin1bitcoins.com\/es\/crypto\/"},{"@type":"ListItem","position":3,"name":"C\u00f3mo Comprar Shiba Inu (SHIB) &#8211; Gu\u00eda Paso A Paso 2023","item":"https:\/\/allin1bitcoins.com\/es\/crypto\/shiba-inu\/"},{"@type":"ListItem","position":4,"name":"C\u00f3mo Comprar Shiba Inu (SHIBA) Con Google Pay"}]},{"@type":"WebSite","@id":"https:\/\/allin1bitcoins.com\/es\/#website","url":"https:\/\/allin1bitcoins.com\/es\/","name":"Allin1Bitcoins","description":"","publisher":{"@id":"https:\/\/allin1bitcoins.com\/es\/#organization"},"potentialAction":[{"@type":"SearchAction","target":{"@type":"EntryPoint","urlTemplate":"https:\/\/allin1bitcoins.com\/es\/?s={search_term_string}"},"query-input":"required name=search_term_string"}],"inLanguage":"es"},{"@type":"Organization","@id":"https:\/\/allin1bitcoins.com\/es\/#organization","name":"allin1bitcoins","url":"https:\/\/allin1bitcoins.com\/es\/","logo":{"@type":"ImageObject","inLanguage":"es","@id":"https:\/\/allin1bitcoins.com\/es\/#\/schema\/logo\/image\/","url":"https:\/\/allin1bitcoins.com\/wp-content\/uploads\/2019\/01\/logo-new.png","contentUrl":"https:\/\/allin1bitcoins.com\/wp-content\/uploads\/2019\/01\/logo-new.png","width":178,"height":71,"caption":"allin1bitcoins"},"image":{"@id":"https:\/\/allin1bitcoins.com\/es\/#\/schema\/logo\/image\/"}}]}},"_links":{"self":[{"href":"https:\/\/allin1bitcoins.com\/es\/wp-json\/wp\/v2\/pages\/23280"}],"collection":[{"href":"https:\/\/allin1bitcoins.com\/es\/wp-json\/wp\/v2\/pages"}],"about":[{"href":"https:\/\/allin1bitcoins.com\/es\/wp-json\/wp\/v2\/types\/page"}],"author":[{"embeddable":true,"href":"https:\/\/allin1bitcoins.com\/es\/wp-json\/wp\/v2\/users\/5"}],"replies":[{"embeddable":true,"href":"https:\/\/allin1bitcoins.com\/es\/wp-json\/wp\/v2\/comments?post=23280"}],"version-history":[{"count":1,"href":"https:\/\/allin1bitcoins.com\/es\/wp-json\/wp\/v2\/pages\/23280\/revisions"}],"predecessor-version":[{"id":23284,"href":"https:\/\/allin1bitcoins.com\/es\/wp-json\/wp\/v2\/pages\/23280\/revisions\/23284"}],"up":[{"embeddable":true,"href":"https:\/\/allin1bitcoins.com\/es\/wp-json\/wp\/v2\/pages\/23213"}],"wp:featuredmedia":[{"embeddable":true,"href":"https:\/\/allin1bitcoins.com\/es\/wp-json\/wp\/v2\/media\/13009"}],"wp:attachment":[{"href":"https:\/\/allin1bitcoins.com\/es\/wp-json\/wp\/v2\/media?parent=23280"}],"curies":[{"name":"wp","href":"https:\/\/api.w.org\/{rel}","templated":true}]}}