{"id":23309,"date":"2023-03-10T18:42:47","date_gmt":"2023-03-10T18:42:47","guid":{"rendered":"https:\/\/allin1bitcoins.com\/?page_id=23309"},"modified":"2023-03-10T18:42:50","modified_gmt":"2023-03-10T18:42:50","slug":"crypto-anonymously","status":"publish","type":"page","link":"https:\/\/allin1bitcoins.com\/es\/crypto\/shiba-inu\/crypto-anonymously\/","title":{"rendered":"C\u00f3mo Comprar Shiba Inu (SHIBA) Con Criptomonedas De Forma An\u00f3nima"},"content":{"rendered":"\n<p>Usa un exchange descentralizado (DEX) que admita Shiba Inu Coin (SHIB) y permita pagos con criptomonedas si deseas adquirir SHIB de forma an\u00f3nima. Puedes utilizar una billetera no custodial y una red privada virtual (VPN) para ocultar tu direcci\u00f3n IP y evitar que se conecten tus datos personales con tus transacciones de criptomonedas. Tambi\u00e9n puedes realizar tus pagos utilizando una criptomoneda que se centre en la privacidad, como Monero (XMR) o Zcash (ZEC).<\/p>\n\n\n\n<h2 class=\"wp-block-heading\">Resumen de Shiba Inu Coin<\/h2>\n\n\n\n<p>Se introdujo una criptomoneda llamada Shiba Inu Coin (SHIB) en agosto de 2020, est\u00e1 construida en la plataforma Ethereum. Fue desarrollada como una parodia de Dogecoin, una criptomoneda conocida que se inspir\u00f3 en la raza de perros Shiba Inu. Debido a su bajo costo y su amplia oferta, lo que la hace f\u00e1cilmente accesible para una variedad de usuarios, SHIB ha ganado popularidad.<\/p>\n\n\n\n<h2 class=\"wp-block-heading\">Por qu\u00e9 deseas comprar Shiba Inu Coin utilizando una criptomoneda de forma an\u00f3nima<\/h2>\n\n\n\n<p>Existen varias razones por las que podr\u00edas desear adquirir Shiba Inu Coin de forma discreta utilizando una criptomoneda. Preservar tu privacidad es una justificaci\u00f3n. Para comprar bitcoin a trav\u00e9s de un exchange regular, a menudo debes proporcionar informaci\u00f3n financiera y personal que es susceptible a robos de identidad y filtraciones de datos. Puedes evitar los riesgos potenciales al comprar SHIB de forma an\u00f3nima. <br><br>Evitar la vigilancia del gobierno es otra ventaja de comprar SHIB discretamente. Comprar SHIB de forma an\u00f3nima puede ayudarte a evitar ser identificado o descubierto en algunos pa\u00edses donde el gobierno puede monitorear o limitar las transacciones de criptomonedas.<\/p>\n\n\n\n<h2 class=\"wp-block-heading\">C\u00f3mo comprar Shiba Inu Coin utilizando una criptomoneda paso a paso de manera an\u00f3nima<\/h2>\n\n\n\n<p><strong>A continuaci\u00f3n, se proporciona una gu\u00eda que muestra c\u00f3mo comprar Shiba Inu Coin de forma secreta utilizando una criptomoneda:<\/strong><\/p>\n\n\n\n<ol><li>Instala una billetera no custodial en tu dispositivo. Puedes administrar y almacenar tus criptomonedas con una billetera no custodial sin necesidad de que un tercero mantenga tus claves privadas. Esto es crucial porque te da control sobre tus criptomonedas y protege tu privacidad para que no se revele al proveedor de la billetera. MyEtherWallet y Trust Wallet son algunas de las opciones populares de billeteras no custodiales.<br><br><\/li><li>Obt\u00e9n una criptomoneda que ponga un fuerte \u00e9nfasis en la privacidad, como Zcash o Monero.<br><br><\/li><li>Puedes adquirir estas criptomonedas en un exchange centralizado utilizando un mecanismo de pago como una tarjeta de d\u00e9bito prepaga o efectivo, sin tener que presentar ninguna forma de identificaci\u00f3n.<br><br><\/li><li>Es necesario acceder a una red privada virtual (VPN). Una VPN dificulta que alguien pueda monitorizar tus actividades en l\u00ednea al encriptar tu conexi\u00f3n a internet y ocultar tu direcci\u00f3n IP. Hay muchos proveedores de servicios VPN para elegir, pero es crucial seleccionar uno que tenga una s\u00f3lida reputaci\u00f3n y que no registre tu comportamiento en l\u00ednea.<br><br><\/li><li>Encuentra un exchange descentralizado (DEX) que acepte la criptomoneda enfocada en la privacidad que adquiriste en el paso 2 y que admita SHIB. Uniswap, Binance DEX y Kyber Network son algunas opciones populares de DEX.<br><br><\/li><li>Conecta tu billetera no custodial al DEX para realizar una operaci\u00f3n y comprar SHIB utilizando la moneda que prioriza la privacidad.<br><br><\/li><li>Mant\u00e9n tu SHIB en tu billetera no custodial para que est\u00e9 segura.<\/li><\/ol>\n\n\n\n<figure class=\"wp-block-embed is-type-video is-provider-youtube wp-block-embed-youtube wp-embed-aspect-16-9 wp-has-aspect-ratio\"><div class=\"wp-block-embed__wrapper\">\n<iframe title=\"IF YOU PUT $100 INTO SHIBA INU COIN TODAY - HOW MUCH PROFIT WOULD IT MAKE? SHIBA INU MILLIONAIRES\" width=\"800\" height=\"450\" src=\"https:\/\/www.youtube.com\/embed\/P6BeSbnHYC0?feature=oembed\" frameborder=\"0\" allow=\"accelerometer; autoplay; clipboard-write; encrypted-media; gyroscope; picture-in-picture; web-share\" allowfullscreen><\/iframe>\n<\/div><\/figure>\n\n\n\n<h2 class=\"wp-block-heading\">Contras de hacer una compra an\u00f3nima de criptomonedas<\/h2>\n\n\n\n<p>Aunque comprar SHIB de forma an\u00f3nima tiene sus ventajas, tambi\u00e9n hay algunos inconvenientes a tener en cuenta. Uno de ellos es que puede ser m\u00e1s dif\u00edcil y llevar m\u00e1s tiempo que comprar SHIB a trav\u00e9s de un exchange convencional. Deber\u00e1s crear una billetera no custodial y comprar una moneda que priorice la privacidad, lo que podr\u00eda implicar procesos y costos adicionales.<\/p>\n\n\n\n<p>Otro inconveniente de comprar SHIB de forma an\u00f3nima es que puede no ser tan seguro como hacerlo a trav\u00e9s de un exchange reputado. Los DEX pueden ser m\u00e1s propensos a sufrir hackeos o estafas porque no est\u00e1n tan regulados como los exchanges convencionales. Una VPN y una criptomoneda que priorice la privacidad tambi\u00e9n pueden utilizarse para ofrecer una capa adicional de seguridad, pero no son infalibles.<\/p>\n\n\n\n<h2 class=\"wp-block-heading\">Conclusi\u00f3n<\/h2>\n\n\n\n<p>En resumen, aquellos que deseen mantener su privacidad o evitar ser vigilados por las autoridades pueden encontrar que comprar Shiba Inu Coin de forma secreta a trav\u00e9s de una criptomoneda es una buena opci\u00f3n. Puede proporcionar un nivel de anonimato que podr\u00eda valer la pena el esfuerzo extra, aunque sea m\u00e1s complicado y posiblemente menos seguro que utilizar un exchange est\u00e1ndar. Solo recuerda hacer tu tarea, utilizando m\u00e9todos y procedimientos seguros, y estar al tanto de cualquier riesgo potencial asociado con la compra de SHIB de forma an\u00f3nima.<\/p>\n\n\n\n<!-- Page-list plugin v.5.9 wordpress.org\/plugins\/page-list\/ -->\n<ul class=\"page-list siblings-page-list \">\n<li class=\"page_item page-item-23300\"><a href=\"https:\/\/allin1bitcoins.com\/es\/crypto\/shiba-inu\/apple-pay\/\">C\u00f3mo Comprar Shiba Inu (SHIB) Con Apple Pay<\/a><\/li>\n<li class=\"page_item page-item-23232\"><a href=\"https:\/\/allin1bitcoins.com\/es\/crypto\/shiba-inu\/debit-card\/\">C\u00f3mo Comprar Shiba Inu (SHIB) Con Tarjeta De D\u00e9bito<\/a><\/li>\n<li class=\"page_item page-item-23240\"><a href=\"https:\/\/allin1bitcoins.com\/es\/crypto\/shiba-inu\/venmo\/\">C\u00f3mo Comprar Shiba Inu (SHIB) Con Venmo<\/a><\/li>\n<li class=\"page_item page-item-23319\"><a href=\"https:\/\/allin1bitcoins.com\/es\/crypto\/shiba-inu\/american-express\/\">C\u00f3mo Comprar Shiba Inu (SHIBA) Con American Express<\/a><\/li>\n<li class=\"page_item page-item-23309\"><a href=\"https:\/\/allin1bitcoins.com\/es\/crypto\/shiba-inu\/crypto-anonymously\/\">C\u00f3mo Comprar Shiba Inu (SHIBA) Con Criptomonedas De Forma An\u00f3nima<\/a><\/li>\n<li class=\"page_item page-item-23280\"><a href=\"https:\/\/allin1bitcoins.com\/es\/crypto\/shiba-inu\/google-pay\/\">C\u00f3mo Comprar Shiba Inu (SHIBA) Con Google Pay<\/a><\/li>\n<li class=\"page_item page-item-23270\"><a href=\"https:\/\/allin1bitcoins.com\/es\/crypto\/shiba-inu\/paypal\/\">C\u00f3mo Comprar Shiba Inu (SHIBA) Con Paypal<\/a><\/li>\n<li class=\"page_item page-item-23260\"><a href=\"https:\/\/allin1bitcoins.com\/es\/crypto\/shiba-inu\/skrill\/\">C\u00f3mo Comprar Shiba Inu (SHIBA) Con Skrill<\/a><\/li>\n<li class=\"page_item page-item-23289\"><a href=\"https:\/\/allin1bitcoins.com\/es\/crypto\/shiba-inu\/bank-account\/\">C\u00f3mo Comprar Shiba Inu (SHIBA) Con Una Cuenta Bancaria<\/a><\/li>\n<li class=\"page_item page-item-23249\"><a href=\"https:\/\/allin1bitcoins.com\/es\/crypto\/shiba-inu\/paysafecard\/\">C\u00f3mo Comprar Shiba Inu (SHIBA) Con Una Tarjeta Paysafecard<\/a><\/li>\n\n<\/ul>\n","protected":false},"excerpt":{"rendered":"<p>Usa un exchange descentralizado (DEX) que admita Shiba Inu Coin (SHIB) y permita pagos con criptomonedas si deseas adquirir SHIB de forma an\u00f3nima. Puedes utilizar una billetera no custodial y una red privada virtual (VPN) para ocultar tu direcci\u00f3n IP y evitar que se conecten tus datos personales con tus transacciones de criptomonedas. Tambi\u00e9n puedes&#8230;<\/p>\n","protected":false},"author":5,"featured_media":12976,"parent":23213,"menu_order":0,"comment_status":"closed","ping_status":"closed","template":"","meta":{"cybocfi_hide_featured_image":"","footnotes":""},"acf":[],"yoast_head":"<!-- This site is optimized with the Yoast SEO plugin v21.7 - https:\/\/yoast.com\/wordpress\/plugins\/seo\/ -->\n<title>C\u00f3mo Comprar Shiba Inu (SHIBA) Con Criptomonedas De Forma An\u00f3nima<\/title>\n<meta name=\"description\" content=\"Utiliza un exchange descentralizado (DEX) que admita Shiba Inu Coin (SHIB) y permita pagos con criptomonedas.\" \/>\n<meta name=\"robots\" content=\"index, follow, max-snippet:-1, max-image-preview:large, max-video-preview:-1\" \/>\n<link rel=\"canonical\" href=\"https:\/\/allin1bitcoins.com\/es\/crypto\/shiba-inu\/crypto-anonymously\/\" \/>\n<meta property=\"og:locale\" content=\"es_ES\" \/>\n<meta property=\"og:type\" content=\"article\" \/>\n<meta property=\"og:title\" content=\"C\u00f3mo Comprar Shiba Inu (SHIBA) Con Criptomonedas De Forma An\u00f3nima\" \/>\n<meta property=\"og:description\" content=\"Utiliza un exchange descentralizado (DEX) que admita Shiba Inu Coin (SHIB) y permita pagos con criptomonedas.\" \/>\n<meta property=\"og:url\" content=\"https:\/\/allin1bitcoins.com\/es\/crypto\/shiba-inu\/crypto-anonymously\/\" \/>\n<meta property=\"og:site_name\" content=\"Allin1Bitcoins\" \/>\n<meta property=\"article:modified_time\" content=\"2023-03-10T18:42:50+00:00\" \/>\n<meta property=\"og:image\" content=\"https:\/\/allin1bitcoins.com\/wp-content\/uploads\/2023\/01\/clint-patterson-dYEuFB8KQJk-unsplash.jpg\" \/>\n\t<meta property=\"og:image:width\" content=\"640\" \/>\n\t<meta property=\"og:image:height\" content=\"428\" \/>\n\t<meta property=\"og:image:type\" content=\"image\/jpeg\" \/>\n<meta name=\"twitter:card\" content=\"summary_large_image\" \/>\n<meta name=\"twitter:label1\" content=\"Est. reading time\" \/>\n\t<meta name=\"twitter:data1\" content=\"4 minutes\" \/>\n<!-- \/ Yoast SEO plugin. -->","yoast_head_json":{"title":"C\u00f3mo Comprar Shiba Inu (SHIBA) Con Criptomonedas De Forma An\u00f3nima","description":"Utiliza un exchange descentralizado (DEX) que admita Shiba Inu Coin (SHIB) y permita pagos con criptomonedas.","robots":{"index":"index","follow":"follow","max-snippet":"max-snippet:-1","max-image-preview":"max-image-preview:large","max-video-preview":"max-video-preview:-1"},"canonical":"https:\/\/allin1bitcoins.com\/es\/crypto\/shiba-inu\/crypto-anonymously\/","og_locale":"es_ES","og_type":"article","og_title":"C\u00f3mo Comprar Shiba Inu (SHIBA) Con Criptomonedas De Forma An\u00f3nima","og_description":"Utiliza un exchange descentralizado (DEX) que admita Shiba Inu Coin (SHIB) y permita pagos con criptomonedas.","og_url":"https:\/\/allin1bitcoins.com\/es\/crypto\/shiba-inu\/crypto-anonymously\/","og_site_name":"Allin1Bitcoins","article_modified_time":"2023-03-10T18:42:50+00:00","og_image":[{"width":640,"height":428,"url":"https:\/\/allin1bitcoins.com\/wp-content\/uploads\/2023\/01\/clint-patterson-dYEuFB8KQJk-unsplash.jpg","type":"image\/jpeg"}],"twitter_card":"summary_large_image","twitter_misc":{"Est. reading time":"4 minutes"},"schema":{"@context":"https:\/\/schema.org","@graph":[{"@type":"WebPage","@id":"https:\/\/allin1bitcoins.com\/es\/crypto\/shiba-inu\/crypto-anonymously\/","url":"https:\/\/allin1bitcoins.com\/es\/crypto\/shiba-inu\/crypto-anonymously\/","name":"C\u00f3mo Comprar Shiba Inu (SHIBA) Con Criptomonedas De Forma An\u00f3nima","isPartOf":{"@id":"https:\/\/allin1bitcoins.com\/es\/#website"},"datePublished":"2023-03-10T18:42:47+00:00","dateModified":"2023-03-10T18:42:50+00:00","description":"Utiliza un exchange descentralizado (DEX) que admita Shiba Inu Coin (SHIB) y permita pagos con criptomonedas.","breadcrumb":{"@id":"https:\/\/allin1bitcoins.com\/es\/crypto\/shiba-inu\/crypto-anonymously\/#breadcrumb"},"inLanguage":"es","potentialAction":[{"@type":"ReadAction","target":["https:\/\/allin1bitcoins.com\/es\/crypto\/shiba-inu\/crypto-anonymously\/"]}]},{"@type":"BreadcrumbList","@id":"https:\/\/allin1bitcoins.com\/es\/crypto\/shiba-inu\/crypto-anonymously\/#breadcrumb","itemListElement":[{"@type":"ListItem","position":1,"name":"Home","item":"https:\/\/allin1bitcoins.com\/es\/"},{"@type":"ListItem","position":2,"name":"Cripto","item":"https:\/\/allin1bitcoins.com\/es\/crypto\/"},{"@type":"ListItem","position":3,"name":"C\u00f3mo Comprar Shiba Inu (SHIB) &#8211; Gu\u00eda Paso A Paso 2023","item":"https:\/\/allin1bitcoins.com\/es\/crypto\/shiba-inu\/"},{"@type":"ListItem","position":4,"name":"C\u00f3mo Comprar Shiba Inu (SHIBA) Con Criptomonedas De Forma An\u00f3nima"}]},{"@type":"WebSite","@id":"https:\/\/allin1bitcoins.com\/es\/#website","url":"https:\/\/allin1bitcoins.com\/es\/","name":"Allin1Bitcoins","description":"","publisher":{"@id":"https:\/\/allin1bitcoins.com\/es\/#organization"},"potentialAction":[{"@type":"SearchAction","target":{"@type":"EntryPoint","urlTemplate":"https:\/\/allin1bitcoins.com\/es\/?s={search_term_string}"},"query-input":"required name=search_term_string"}],"inLanguage":"es"},{"@type":"Organization","@id":"https:\/\/allin1bitcoins.com\/es\/#organization","name":"allin1bitcoins","url":"https:\/\/allin1bitcoins.com\/es\/","logo":{"@type":"ImageObject","inLanguage":"es","@id":"https:\/\/allin1bitcoins.com\/es\/#\/schema\/logo\/image\/","url":"https:\/\/allin1bitcoins.com\/wp-content\/uploads\/2019\/01\/logo-new.png","contentUrl":"https:\/\/allin1bitcoins.com\/wp-content\/uploads\/2019\/01\/logo-new.png","width":178,"height":71,"caption":"allin1bitcoins"},"image":{"@id":"https:\/\/allin1bitcoins.com\/es\/#\/schema\/logo\/image\/"}}]}},"_links":{"self":[{"href":"https:\/\/allin1bitcoins.com\/es\/wp-json\/wp\/v2\/pages\/23309"}],"collection":[{"href":"https:\/\/allin1bitcoins.com\/es\/wp-json\/wp\/v2\/pages"}],"about":[{"href":"https:\/\/allin1bitcoins.com\/es\/wp-json\/wp\/v2\/types\/page"}],"author":[{"embeddable":true,"href":"https:\/\/allin1bitcoins.com\/es\/wp-json\/wp\/v2\/users\/5"}],"replies":[{"embeddable":true,"href":"https:\/\/allin1bitcoins.com\/es\/wp-json\/wp\/v2\/comments?post=23309"}],"version-history":[{"count":1,"href":"https:\/\/allin1bitcoins.com\/es\/wp-json\/wp\/v2\/pages\/23309\/revisions"}],"predecessor-version":[{"id":23313,"href":"https:\/\/allin1bitcoins.com\/es\/wp-json\/wp\/v2\/pages\/23309\/revisions\/23313"}],"up":[{"embeddable":true,"href":"https:\/\/allin1bitcoins.com\/es\/wp-json\/wp\/v2\/pages\/23213"}],"wp:featuredmedia":[{"embeddable":true,"href":"https:\/\/allin1bitcoins.com\/es\/wp-json\/wp\/v2\/media\/12976"}],"wp:attachment":[{"href":"https:\/\/allin1bitcoins.com\/es\/wp-json\/wp\/v2\/media?parent=23309"}],"curies":[{"name":"wp","href":"https:\/\/api.w.org\/{rel}","templated":true}]}}