{"id":5540,"date":"2022-01-14T10:53:18","date_gmt":"2022-01-14T10:53:18","guid":{"rendered":"https:\/\/allin1bitcoins.com\/why-allin1bitcoins\/"},"modified":"2022-01-14T16:02:20","modified_gmt":"2022-01-14T16:02:20","slug":"why-allin1bitcoins","status":"publish","type":"page","link":"https:\/\/allin1bitcoins.com\/es\/why-allin1bitcoins\/","title":{"rendered":"Por qu\u00e9 Allin1Bitcoins"},"content":{"rendered":"\n<p><strong>Allin1Bitcoins se esfuerza por asegurarse de que usted obtiene el m\u00e1ximo rendimiento de su dinero.<\/strong>\u00a0Por eso, hemos creado esta plataforma en la que proporcionamos informaci\u00f3n completa sobre soluciones de trading en l\u00ednea de forma gratuita. Creemos que el conocimiento debe estar disponible para todos. Solo podremos ser merecedores de su confianza si le brindamos informaci\u00f3n s\u00f3lida para que pueda invertir su dinero y su tiempo en un software de transacciones en l\u00ednea seguro.<\/p>\n\n\n\n<p class=\"has-luminous-vivid-orange-color has-text-color\"><strong>NUESTRO PROP\u00d3SITO ES SIMPLE: QUEREMOS OFRECERLE LAS MEJORES SOLUCIONES.<\/strong><\/p>\n\n\n\n<p>Allin1Bitcoins quiere que nuestra empresa destaque por su honestidad y nos esforzamos por hacerla m\u00e1s transparente para usted. Cuando se trata de operaciones de trading en l\u00ednea, usted necesita una soluci\u00f3n s\u00f3lida, sin fisuras y fiable que lo acompa\u00f1e hasta el final y lo ayude no solo a obtener enormes beneficios en sus operaciones, sino tambi\u00e9n a mantener ese dinero a buen recaudo y protegido. Por eso, es necesario que lleve a cabo una investigaci\u00f3n exhaustiva y haga sus deberes antes de ponerse a trabajar con una soluci\u00f3n concreta.<\/p>\n\n\n\n<p>Realizar esta tarea es bastante dif\u00edcil, ya que es preciso consultar m\u00faltiples p\u00e1ginas web antes de tener una cierta idea sobre que se est\u00e1 tratando. Lo sabemos porque somos conscientes de lo complicadas que pueden ser la econom\u00eda y las finanzas y porque a nuestros expertos les ha llevado bastante tiempo obtener toda la informaci\u00f3n que le ofrecemos para su propio beneficio.<\/p>\n\n\n\n<h2 class=\"wp-block-heading\">Un centro de informaci\u00f3n completa, fiable e imparcial<\/h2>\n\n\n\n<p>Sin embargo, adem\u00e1s de haber hecho el trabajo por usted, deseamos ayudarle a tomar una decisi\u00f3n. Es por eso que le ofrecemos Allin1Bitcoins, un centro de informaci\u00f3n completa y fiable sobre todo el software de transacciones en l\u00ednea activo actualmente. Gracias a ello, no tendr\u00e1 que perder el tiempo con b\u00fasquedas propias e inciertas. Olv\u00eddese del tedio y las preocupaciones que supone el analizar a fondo las numerosas opciones de transacciones en l\u00ednea disponibles en el mercado. Todo lo que tiene que hacer es buscar la informaci\u00f3n que necesita en Allin1Bitcoins.<\/p>\n\n\n\n<h3 class=\"wp-block-heading\">Realizamos investigaciones y estudios exhaustivos, as\u00ed como buscamos estar siempre actualizados para que usted pueda aprovecharlo<\/h3>\n\n\n\n<ol><li>A cada instante, suceden miles de cosas en el mundo de las transacciones financieras. Tanto si es un trader novato como si es un profesional con experiencia, es incre\u00edblemente dif\u00edcil que usted se mantenga al d\u00eda de todas y cada una de las novedades y sucesos que van emergiendo. Estar al tanto de los \u00faltimos enfoques y opciones es crucial, ya que hasta el m\u00e1s m\u00ednimo cambio o informaci\u00f3n novedosa tienen la capacidad para cambiar el desarrollo de sus operaciones y sus resultados finales. Basarse en informaci\u00f3n err\u00f3nea y desactualizada presenta unas altas probabilidades de quiebra, y eso no lo deseamos ni usted ni nosotros.<\/li><li>Aqu\u00ed es donde Allin1Bitcoins puede ayudarle de forma sustancial. Estudiamos todas y cada una de las \u00faltimas novedades, tanto a nivel de caracter\u00edsticas como en el aspecto t\u00e9cnico, de las soluciones de transacciones en l\u00ednea m\u00e1s populares. De este modo, nos aseguramos de que la informaci\u00f3n que le proporcionamos est\u00e1 actualizada y es, adem\u00e1s, correcta. Entendemos lo importante que es para usted disponer de informaci\u00f3n veraz que le permita salvaguardar sus ganancias. Es por eso por lo que no asumimos ning\u00fan riesgo y buscamos siempre la m\u00e1xima imparcialidad y rigor. Ya no necesitar\u00e1 pasar tiempo estudiando e investigando. Lo haremos todo por usted y le facilitaremos actualizaciones continuas sobre cualquier cambio o noticia de inter\u00e9s.<\/li><li><\/li><\/ol>\n\n\n\n<h2 class=\"wp-block-heading\">Estamos a su disposici\u00f3n con un equipo de asistencia repleto de los m\u00e1s eficaces profesionales<\/h2>\n\n\n\n<p>A la vez que nos mantenemos fieles a nuestro prop\u00f3sito de facilitar y potenciar su vida financiera, Allin1Bitcoins le brinda un servicio de asistencia t\u00e9cnica continuo y constante. Atendemos cualquier consulta o problema que pueda tener. Estamos orgullosos de nuestro equipo de atenci\u00f3n al cliente. Se trata de un grupo de profesionales de indudable \u00e9tica que trabaja con dedicaci\u00f3n d\u00eda tras d\u00eda para ayudarle a resolver cualquier duda. Se acab\u00f3 lo de frenar su desarrollo por culpa de un problema que es incapaz de solucionar. Todo lo que tiene que hacer es ponerse en contacto con nuestro equipo de asistencia y, una vez que hayamos abordado la naturaleza y complejidad de su consulta, nos entregaremos en cuerpo y alma para poder resolverla en la mayor brevedad posible.<\/p>\n\n\n\n<p>Garantizamos una resoluci\u00f3n del 100 % de las consultas en el menor tiempo posible. Nuestro equipo posee conocimientos pr\u00e1cticos que, combinados con nuestro r\u00e1pido tiempo de respuesta, har\u00e1n que ninguna de sus dudas quede olvidada. Entender cada situaci\u00f3n plenamente, as\u00ed como solventar cualquier problema, nunca hab\u00eda sido tan f\u00e1cil.<\/p>\n\n\n\n<h3 class=\"wp-block-heading\">Acceda a las mejores ofertas y promociones: siempre intentamos proporcionar a nuestros lectores bonos de usuario, promociones y los mejores precios<\/h3>\n\n\n\n<p>Trabajamos incansablemente para encontrar los mejores bonos, promociones y precios. Mientras que algunas soluciones de transacciones en l\u00ednea son gratuitas, otras le cobran cuotas de suscripci\u00f3n. Por eso, nos aseguramos de ofrecerle informaci\u00f3n sobre las soluciones que mejor se adaptan a su presupuesto y a sus necesidades. Entendemos que el dinero es una construcci\u00f3n social clave y usted necesita mantener el suyo seguro y protegido para que pueda planificar inversiones inteligentes. Allin1Bitcoins se esfuerza por conseguir las mejores ofertas para su dinero de forma que no se arrepienta de sus elecciones a largo plazo. Obtenga las mejores ofertas y promociones y no tendr\u00e1 que preocuparse por haber pagado de m\u00e1s por algo que podr\u00eda haber obtenido con un descuento importante.<\/p>\n\n\n\n<h3 class=\"wp-block-heading\">La b\u00fasqueda de contenido es sencilla y fluida<\/h3>\n\n\n\n<p>El sector del trading ya es complicado de por s\u00ed: tecnicismos financieros y conceptos computacionales complejos campan a sus anchas y pueden hacer del proceso de invertir algo arduo. Por ello, nosotros buscamos siempre la sencillez a trav\u00e9s de una interfaz simple y muy f\u00e1cil de usar. En Allin1Bitcoins, apostamos por ser directos y rechazamos todo lo que implique dificultades de acceso a una informaci\u00f3n que consideramos vital para el desarrollo de su actividad como trader.<\/p>\n\n\n\n<p>Buscar la soluci\u00f3n de transacciones en l\u00ednea deseada y explorar cada una de sus caracter\u00edsticas tampoco es dif\u00edcil. Puede buscar la soluci\u00f3n de trading que quiere o simplemente revisar la lista que ya hemos preparado para usted de una manera f\u00e1cil y transparente. Todo lo que necesita es hacer clic en la soluci\u00f3n de transacciones sobre la que le interesa saber m\u00e1s y ser\u00e1 redirigido a una \u00fanica p\u00e1gina web donde se ha reunido toda la informaci\u00f3n sobre ella con un nivel de organizaci\u00f3n claro y simple. Los frecuentes encabezados y subencabezados demarcan toda la extensi\u00f3n de la informaci\u00f3n que tenemos sobre cada software de transacciones en l\u00ednea. Esto hace que sea muy sencillo revisar a fondo y con rapidez todas sus caracter\u00edsticas.<\/p>\n\n\n\n<h2 class=\"wp-block-heading\">Explore todas las soluciones de transacciones en l\u00ednea activas actualmente<\/h2>\n\n\n\n<p>El problema con las soluciones de transacciones en l\u00ednea es que, simplemente, hay demasiadas. Poder revisar las caracter\u00edsticas y especificaciones de cada una de ellas es un proceso incre\u00edblemente duro, complicado y que lleva mucho tiempo. Es por eso que Allin1Bitcoins ha reunido todas bajo un mismo techo, lo que da a nuestros lectores el poder de explorar cada posible soluci\u00f3n de transacciones en l\u00ednea que existe. Aunque nuestra lista comienza con las soluciones de transacciones en l\u00ednea m\u00e1s en boga actualmente en el mercado, tambi\u00e9n puede buscar cualquier otro software de transacciones que le pueda interesar.<\/p>\n\n\n\n<p>Animamos a nuestros lectores a que visiten todas y cada una de las soluciones de trading que deseen. Si no sabe por d\u00f3nde empezar y qu\u00e9 soluciones de transacciones en l\u00ednea explorar primero, simplemente c\u00e9ntrese en el principio de la lista, ya que ah\u00ed recogemos las opciones m\u00e1s populares.<\/p>\n\n\n\n<h3 class=\"wp-block-heading\">Nuestro objetivo es ayudarle a tomar decisiones inteligentes<\/h3>\n\n\n\n<p>Allin1Bitcoins se ide\u00f3 y construy\u00f3 con la idea de ayudar a la gente a tomar mejores decisiones en relaci\u00f3n con su dinero, inversiones y negocios, y nos esforzamos cada d\u00eda por alcanzar este objetivo. Grandes personas hacen grandes productos. Pasamos horas y d\u00edas intentando comprender cada soluci\u00f3n de trading en l\u00ednea que le pueda interesar, as\u00ed como reuniendo informaci\u00f3n sobre ellas en una forma que sea f\u00e1cil de leer y de entender. Nuestro objetivo es proporcionar luz para que encuentre informaci\u00f3n relevante. Esto nos congratula, pues tambi\u00e9n nos permite conectar con usted de una forma adecuada y equilibrada. A la larga, todos salimos beneficiados mediante esta simbiosis de colaboraci\u00f3n e intercambio de informaci\u00f3n.<\/p>\n\n\n\n<h3 class=\"wp-block-heading\">Ante todo, sencillez y acceso gratuito a la informaci\u00f3n<\/h3>\n\n\n\n<p>Allin1Bitcoins es una plataforma de operaciones centralizada donde buscamos la perfecci\u00f3n. Ponemos a disposici\u00f3n de todos, de la manera m\u00e1s simple, abundante informaci\u00f3n obtenida mediante exhaustivas investigaciones. Es un secreto a voces: le traemos las mejores soluciones de transacciones en l\u00ednea que existen y nos aseguramos de superar sus expectativas en todo momento.<\/p>\n\n\n\n<p>Creemos que tenemos el poder de cambiar la forma en que las transacciones mundiales se han venido desarrollando desde hace ya varias d\u00e9cadas. Estamos seguros de que podemos brindarle informaci\u00f3n sobre plataformas que le ayudar\u00e1n a obtener ganancias a trav\u00e9s de la especulaci\u00f3n con bitcoins u otras monedas digitales, como ether, ripple, bitcoin cash, etc.<\/p>\n\n\n\n<p>Cambie su forma de operar a trav\u00e9s de nuestras recomendaciones y la informaci\u00f3n que podemos ofrecerle sobre todas las alternativas de trading existentes. Nuestro enfoque directo le permitir\u00e1 acceder a todo nuestro contenido de forma f\u00e1cil y r\u00e1pida.<\/p>\n","protected":false},"excerpt":{"rendered":"<p>Allin1Bitcoins se esfuerza por asegurarse de que usted obtiene el m\u00e1ximo rendimiento de su dinero.\u00a0Por eso, hemos creado esta plataforma en la que proporcionamos informaci\u00f3n completa sobre soluciones de trading en l\u00ednea de forma gratuita. Creemos que el conocimiento debe estar disponible para todos. Solo podremos ser merecedores de su confianza si le brindamos informaci\u00f3n&#8230;<\/p>\n","protected":false},"author":1,"featured_media":0,"parent":0,"menu_order":0,"comment_status":"closed","ping_status":"closed","template":"","meta":{"cybocfi_hide_featured_image":"","footnotes":""},"acf":[],"yoast_head":"<!-- This site is optimized with the Yoast SEO plugin v21.7 - https:\/\/yoast.com\/wordpress\/plugins\/seo\/ -->\n<title>Por qu\u00e9 Allin1Bitcoins - Allin1Bitcoins<\/title>\n<meta name=\"robots\" content=\"index, follow, max-snippet:-1, max-image-preview:large, max-video-preview:-1\" \/>\n<link rel=\"canonical\" href=\"https:\/\/allin1bitcoins.com\/es\/why-allin1bitcoins\/\" \/>\n<meta property=\"og:locale\" content=\"es_ES\" \/>\n<meta property=\"og:type\" content=\"article\" \/>\n<meta property=\"og:title\" content=\"Por qu\u00e9 Allin1Bitcoins - Allin1Bitcoins\" \/>\n<meta property=\"og:description\" content=\"Allin1Bitcoins se esfuerza por asegurarse de que usted obtiene el m\u00e1ximo rendimiento de su dinero.\u00a0Por eso, hemos creado esta plataforma en la que proporcionamos informaci\u00f3n completa sobre soluciones de trading en l\u00ednea de forma gratuita. Creemos que el conocimiento debe estar disponible para todos. Solo podremos ser merecedores de su confianza si le brindamos informaci\u00f3n...\" \/>\n<meta property=\"og:url\" content=\"https:\/\/allin1bitcoins.com\/es\/why-allin1bitcoins\/\" \/>\n<meta property=\"og:site_name\" content=\"Allin1Bitcoins\" \/>\n<meta property=\"article:modified_time\" content=\"2022-01-14T16:02:20+00:00\" \/>\n<meta name=\"twitter:card\" content=\"summary_large_image\" \/>\n<meta name=\"twitter:label1\" content=\"Est. reading time\" \/>\n\t<meta name=\"twitter:data1\" content=\"7 minutes\" \/>\n<!-- \/ Yoast SEO plugin. -->","yoast_head_json":{"title":"Por qu\u00e9 Allin1Bitcoins - Allin1Bitcoins","robots":{"index":"index","follow":"follow","max-snippet":"max-snippet:-1","max-image-preview":"max-image-preview:large","max-video-preview":"max-video-preview:-1"},"canonical":"https:\/\/allin1bitcoins.com\/es\/why-allin1bitcoins\/","og_locale":"es_ES","og_type":"article","og_title":"Por qu\u00e9 Allin1Bitcoins - Allin1Bitcoins","og_description":"Allin1Bitcoins se esfuerza por asegurarse de que usted obtiene el m\u00e1ximo rendimiento de su dinero.\u00a0Por eso, hemos creado esta plataforma en la que proporcionamos informaci\u00f3n completa sobre soluciones de trading en l\u00ednea de forma gratuita. Creemos que el conocimiento debe estar disponible para todos. Solo podremos ser merecedores de su confianza si le brindamos informaci\u00f3n...","og_url":"https:\/\/allin1bitcoins.com\/es\/why-allin1bitcoins\/","og_site_name":"Allin1Bitcoins","article_modified_time":"2022-01-14T16:02:20+00:00","twitter_card":"summary_large_image","twitter_misc":{"Est. reading time":"7 minutes"},"schema":{"@context":"https:\/\/schema.org","@graph":[{"@type":"WebPage","@id":"https:\/\/allin1bitcoins.com\/es\/why-allin1bitcoins\/","url":"https:\/\/allin1bitcoins.com\/es\/why-allin1bitcoins\/","name":"Por qu\u00e9 Allin1Bitcoins - Allin1Bitcoins","isPartOf":{"@id":"https:\/\/allin1bitcoins.com\/es\/#website"},"datePublished":"2022-01-14T10:53:18+00:00","dateModified":"2022-01-14T16:02:20+00:00","breadcrumb":{"@id":"https:\/\/allin1bitcoins.com\/es\/why-allin1bitcoins\/#breadcrumb"},"inLanguage":"es","potentialAction":[{"@type":"ReadAction","target":["https:\/\/allin1bitcoins.com\/es\/why-allin1bitcoins\/"]}]},{"@type":"BreadcrumbList","@id":"https:\/\/allin1bitcoins.com\/es\/why-allin1bitcoins\/#breadcrumb","itemListElement":[{"@type":"ListItem","position":1,"name":"Home","item":"https:\/\/allin1bitcoins.com\/es\/"},{"@type":"ListItem","position":2,"name":"Por qu\u00e9 Allin1Bitcoins"}]},{"@type":"WebSite","@id":"https:\/\/allin1bitcoins.com\/es\/#website","url":"https:\/\/allin1bitcoins.com\/es\/","name":"Allin1Bitcoins","description":"","publisher":{"@id":"https:\/\/allin1bitcoins.com\/es\/#organization"},"potentialAction":[{"@type":"SearchAction","target":{"@type":"EntryPoint","urlTemplate":"https:\/\/allin1bitcoins.com\/es\/?s={search_term_string}"},"query-input":"required name=search_term_string"}],"inLanguage":"es"},{"@type":"Organization","@id":"https:\/\/allin1bitcoins.com\/es\/#organization","name":"allin1bitcoins","url":"https:\/\/allin1bitcoins.com\/es\/","logo":{"@type":"ImageObject","inLanguage":"es","@id":"https:\/\/allin1bitcoins.com\/es\/#\/schema\/logo\/image\/","url":"https:\/\/allin1bitcoins.com\/wp-content\/uploads\/2019\/01\/logo-new.png","contentUrl":"https:\/\/allin1bitcoins.com\/wp-content\/uploads\/2019\/01\/logo-new.png","width":178,"height":71,"caption":"allin1bitcoins"},"image":{"@id":"https:\/\/allin1bitcoins.com\/es\/#\/schema\/logo\/image\/"}}]}},"_links":{"self":[{"href":"https:\/\/allin1bitcoins.com\/es\/wp-json\/wp\/v2\/pages\/5540"}],"collection":[{"href":"https:\/\/allin1bitcoins.com\/es\/wp-json\/wp\/v2\/pages"}],"about":[{"href":"https:\/\/allin1bitcoins.com\/es\/wp-json\/wp\/v2\/types\/page"}],"author":[{"embeddable":true,"href":"https:\/\/allin1bitcoins.com\/es\/wp-json\/wp\/v2\/users\/1"}],"replies":[{"embeddable":true,"href":"https:\/\/allin1bitcoins.com\/es\/wp-json\/wp\/v2\/comments?post=5540"}],"version-history":[{"count":1,"href":"https:\/\/allin1bitcoins.com\/es\/wp-json\/wp\/v2\/pages\/5540\/revisions"}],"predecessor-version":[{"id":5915,"href":"https:\/\/allin1bitcoins.com\/es\/wp-json\/wp\/v2\/pages\/5540\/revisions\/5915"}],"wp:attachment":[{"href":"https:\/\/allin1bitcoins.com\/es\/wp-json\/wp\/v2\/media?parent=5540"}],"curies":[{"name":"wp","href":"https:\/\/api.w.org\/{rel}","templated":true}]}}