{"id":5590,"date":"2022-01-14T10:52:35","date_gmt":"2022-01-14T10:52:35","guid":{"rendered":"https:\/\/allin1bitcoins.com\/about\/"},"modified":"2022-01-14T15:48:23","modified_gmt":"2022-01-14T15:48:23","slug":"about","status":"publish","type":"page","link":"https:\/\/allin1bitcoins.com\/es\/about\/","title":{"rendered":"Qui\u00e9nes somos"},"content":{"rendered":"\n<p><strong>Allin1Bitcoins surgi\u00f3 a partir de la idea de proporcionar a todos informaci\u00f3n correcta, fiable y lo m\u00e1s actualizada posible.<\/strong><\/p>\n\n\n\n<p>Como grupo de operadores expertos que han pasado a\u00f1os y a\u00f1os en el mercado de transacciones financieras, sabemos lo importante que es para todos los operadores tener en sus manos la informaci\u00f3n correcta. Una m\u00ednima informaci\u00f3n err\u00f3nea puede arruinar incluso la mejor de las operaciones, lo que, a su vez, se traduce en numerosas p\u00e9rdidas.<\/p>\n\n\n\n<p>Sin embargo, al principio no sab\u00edamos c\u00f3mo pod\u00edamos hacerlo. Las cosas cambiaron cuando nos pusimos en contacto con otro equipo de operadores de alto nivel y gran experiencia. Juntos. llegamos a una conclusi\u00f3n: deb\u00edamos dar vida a una plataforma centralizada en forma de sitio web donde los operadores, tanto novatos como experimentados, pudiesen obtener toda la informaci\u00f3n que necesitasen, de forma totalmente gratuita, sobre soluciones de trading en l\u00ednea para Bitcoins y otras criptodivisas. As\u00ed es c\u00f3mo naci\u00f3 Allin1Bitcoins.<\/p>\n\n\n\n<h2 class=\"wp-block-heading\">Nos dedicamos a hacer que las operaciones de trading en l\u00ednea sean lo m\u00e1s sencillas posible<\/h2>\n\n\n\n<p>Allin1Bitcoins se ha propuesto hacer algo diferente. Nuestra \u00e9tica de trabajo y nuestro fuerte compromiso con la verdad son lo que nos distingue. Nuestra estricta pol\u00edtica de no incluir contenido publicitario nos permite aportar informaci\u00f3n aut\u00e9ntica y veraz. No se preocupe, no va a recibir publicidad encubierta como recomendaci\u00f3n. Nosotros solo recomendamos aquello en lo que realmente creemos.<\/p>\n\n\n\n<p class=\"has-luminous-vivid-orange-color has-text-color\"><strong>NUESTRO OBJETIVO<\/strong><\/p>\n\n\n\n<p>Nuestro objetivo es liderar la completa transformaci\u00f3n digital del universo de las transacciones en l\u00ednea con bitcoin para, posteriormente, cambiar tambi\u00e9n el enfoque y centrarnos as\u00ed en otras muchas soluciones de transacciones en l\u00ednea de calidad que funcionen con otras criptodivisas, como ether, ripple, bitcoin cash, etc. Buscamos modernizar la forma en que la gente tradea en l\u00ednea, as\u00ed como ayudarles a conseguir considerables beneficios de la forma m\u00e1s equilibrada posible.<\/p>\n\n\n\n<p>Sabemos que a la hora de usar una soluci\u00f3n en l\u00ednea busca flexibilidad y precios competitivos. Somos conscientes de que tambi\u00e9n necesita libertad y, por tanto, cuando se trata de recomendar cualquier soluci\u00f3n de trading en l\u00ednea, nos aseguramos de abarcar todo ello. Obviamente, elegir una opci\u00f3n u otra depende de usted. Nuestro objetivo es poner a su disposici\u00f3n la informaci\u00f3n m\u00e1s precisa posible a trav\u00e9s de un solo lugar y ,as\u00ed, permitirle alcanzar un conocimiento pleno sobre cada alternativa. Pero recuerde, lo repetimos: al final, la decisi\u00f3n la toma \u00fanicamente usted.<\/p>\n\n\n\n<h3 class=\"wp-block-heading\">Qu\u00e9 queremos decir cuando afirmamos que necesita obtener sus beneficios de manera equilibrada<\/h3>\n\n\n\n<p>Algunas soluciones de transacciones en l\u00ednea ayudan a obtener al principio peque\u00f1as ganancias, pero, luego, con el paso del tiempo, se pierde gran cantidad de dinero debido a malas operaciones en esas mismas soluciones de transacciones en l\u00ednea. Otras soluciones de trading en l\u00ednea ponen restricciones al montante de las ganancias que se pueden retirar, piden una comisi\u00f3n sobre las mismas o establecen otro tipo de limitaciones. Nosotros creemos que su dinero es solo suyo y que deber\u00eda poder retirarlo con total libertad. Nuestro objetivo en Allin1Bitcoins es recomendar soluciones que le permitan obtener ganancias de forma equilibrada.<\/p>\n\n\n\n<p>Olv\u00eddese de todas sus preocupaciones sobre las restricciones a la cantidad que se puede retirar, comisiones y desastrosas operaciones a largo plazo. Nuestro equipo de expertos investigadores realiza profundos estudios para detectar a tiempo las potenciales debilidades de cada soluci\u00f3n de transacciones en l\u00ednea.<\/p>\n\n\n\n<h2 class=\"wp-block-heading\">Es su dinero. Le ayudaremos a obtener la informaci\u00f3n correcta<\/h2>\n\n\n\n<p>Nuestro equipo se entrega en cuerpo y alma con una sola intenci\u00f3n: proporcionar informaci\u00f3n gratuita, fiable y correcta para todos. Hemos recorrido un largo camino desde que empezamos a recomendar soluciones de transacciones en l\u00ednea y hemos reunido toda la informaci\u00f3n necesaria en un solo lugar. Nuestros lectores se benefician continuamente de la informaci\u00f3n que les proporcionamos y, gracias a ello, han podido mantenerse alejados de soluciones de transacciones en l\u00ednea sospechosas. Nos esforzamos por seguir trabajando para que su dinero no corra riesgos, as\u00ed como para mantenerlo a usted a salvo en el dif\u00edcil mundo del trading.<\/p>\n\n\n\n<p>Allin1Bitcoins representa la honestidad, la transparencia, el compromiso y la investigaci\u00f3n exhaustiva. Proporcionamos una perspectiva objetiva y perspicaz sobre cada una de las soluciones de transacciones en l\u00ednea que existen y nos aseguramos de enumerar todos los pros y los contras sin ocultar nada. Si decide darle una oportunidad a Allin1Bitcoins, puede estar seguro de que no le enga\u00f1aremos para que elija una p\u00e9sima soluci\u00f3n ni tampoco intentaremos venderle ning\u00fan producto.<\/p>\n\n\n\n<p>Su bienestar y su seguridad financiera es nuestra principal preocupaci\u00f3n y trabajaremos d\u00eda tras d\u00eda para asegurarnos de que esta nunca se vea comprometida.<\/p>\n","protected":false},"excerpt":{"rendered":"<p>Allin1Bitcoins surgi\u00f3 a partir de la idea de proporcionar a todos informaci\u00f3n correcta, fiable y lo m\u00e1s actualizada posible. Como grupo de operadores expertos que han pasado a\u00f1os y a\u00f1os en el mercado de transacciones financieras, sabemos lo importante que es para todos los operadores tener en sus manos la informaci\u00f3n correcta. Una m\u00ednima informaci\u00f3n&#8230;<\/p>\n","protected":false},"author":1,"featured_media":0,"parent":0,"menu_order":0,"comment_status":"closed","ping_status":"closed","template":"","meta":{"cybocfi_hide_featured_image":"","footnotes":""},"acf":[],"yoast_head":"<!-- This site is optimized with the Yoast SEO plugin v21.7 - https:\/\/yoast.com\/wordpress\/plugins\/seo\/ -->\n<title>Qui\u00e9nes somos - Allin1Bitcoins<\/title>\n<meta name=\"robots\" content=\"index, follow, max-snippet:-1, max-image-preview:large, max-video-preview:-1\" \/>\n<link rel=\"canonical\" href=\"https:\/\/allin1bitcoins.com\/es\/about\/\" \/>\n<meta property=\"og:locale\" content=\"es_ES\" \/>\n<meta property=\"og:type\" content=\"article\" \/>\n<meta property=\"og:title\" content=\"Qui\u00e9nes somos - Allin1Bitcoins\" \/>\n<meta property=\"og:description\" content=\"Allin1Bitcoins surgi\u00f3 a partir de la idea de proporcionar a todos informaci\u00f3n correcta, fiable y lo m\u00e1s actualizada posible. Como grupo de operadores expertos que han pasado a\u00f1os y a\u00f1os en el mercado de transacciones financieras, sabemos lo importante que es para todos los operadores tener en sus manos la informaci\u00f3n correcta. Una m\u00ednima informaci\u00f3n...\" \/>\n<meta property=\"og:url\" content=\"https:\/\/allin1bitcoins.com\/es\/about\/\" \/>\n<meta property=\"og:site_name\" content=\"Allin1Bitcoins\" \/>\n<meta property=\"article:modified_time\" content=\"2022-01-14T15:48:23+00:00\" \/>\n<meta name=\"twitter:card\" content=\"summary_large_image\" \/>\n<meta name=\"twitter:label1\" content=\"Est. reading time\" \/>\n\t<meta name=\"twitter:data1\" content=\"4 minutes\" \/>\n<!-- \/ Yoast SEO plugin. -->","yoast_head_json":{"title":"Qui\u00e9nes somos - Allin1Bitcoins","robots":{"index":"index","follow":"follow","max-snippet":"max-snippet:-1","max-image-preview":"max-image-preview:large","max-video-preview":"max-video-preview:-1"},"canonical":"https:\/\/allin1bitcoins.com\/es\/about\/","og_locale":"es_ES","og_type":"article","og_title":"Qui\u00e9nes somos - Allin1Bitcoins","og_description":"Allin1Bitcoins surgi\u00f3 a partir de la idea de proporcionar a todos informaci\u00f3n correcta, fiable y lo m\u00e1s actualizada posible. Como grupo de operadores expertos que han pasado a\u00f1os y a\u00f1os en el mercado de transacciones financieras, sabemos lo importante que es para todos los operadores tener en sus manos la informaci\u00f3n correcta. Una m\u00ednima informaci\u00f3n...","og_url":"https:\/\/allin1bitcoins.com\/es\/about\/","og_site_name":"Allin1Bitcoins","article_modified_time":"2022-01-14T15:48:23+00:00","twitter_card":"summary_large_image","twitter_misc":{"Est. reading time":"4 minutes"},"schema":{"@context":"https:\/\/schema.org","@graph":[{"@type":"WebPage","@id":"https:\/\/allin1bitcoins.com\/es\/about\/","url":"https:\/\/allin1bitcoins.com\/es\/about\/","name":"Qui\u00e9nes somos - Allin1Bitcoins","isPartOf":{"@id":"https:\/\/allin1bitcoins.com\/es\/#website"},"datePublished":"2022-01-14T10:52:35+00:00","dateModified":"2022-01-14T15:48:23+00:00","breadcrumb":{"@id":"https:\/\/allin1bitcoins.com\/es\/about\/#breadcrumb"},"inLanguage":"es","potentialAction":[{"@type":"ReadAction","target":["https:\/\/allin1bitcoins.com\/es\/about\/"]}]},{"@type":"BreadcrumbList","@id":"https:\/\/allin1bitcoins.com\/es\/about\/#breadcrumb","itemListElement":[{"@type":"ListItem","position":1,"name":"Home","item":"https:\/\/allin1bitcoins.com\/es\/"},{"@type":"ListItem","position":2,"name":"Qui\u00e9nes somos"}]},{"@type":"WebSite","@id":"https:\/\/allin1bitcoins.com\/es\/#website","url":"https:\/\/allin1bitcoins.com\/es\/","name":"Allin1Bitcoins","description":"","publisher":{"@id":"https:\/\/allin1bitcoins.com\/es\/#organization"},"potentialAction":[{"@type":"SearchAction","target":{"@type":"EntryPoint","urlTemplate":"https:\/\/allin1bitcoins.com\/es\/?s={search_term_string}"},"query-input":"required name=search_term_string"}],"inLanguage":"es"},{"@type":"Organization","@id":"https:\/\/allin1bitcoins.com\/es\/#organization","name":"allin1bitcoins","url":"https:\/\/allin1bitcoins.com\/es\/","logo":{"@type":"ImageObject","inLanguage":"es","@id":"https:\/\/allin1bitcoins.com\/es\/#\/schema\/logo\/image\/","url":"https:\/\/allin1bitcoins.com\/wp-content\/uploads\/2019\/01\/logo-new.png","contentUrl":"https:\/\/allin1bitcoins.com\/wp-content\/uploads\/2019\/01\/logo-new.png","width":178,"height":71,"caption":"allin1bitcoins"},"image":{"@id":"https:\/\/allin1bitcoins.com\/es\/#\/schema\/logo\/image\/"}}]}},"_links":{"self":[{"href":"https:\/\/allin1bitcoins.com\/es\/wp-json\/wp\/v2\/pages\/5590"}],"collection":[{"href":"https:\/\/allin1bitcoins.com\/es\/wp-json\/wp\/v2\/pages"}],"about":[{"href":"https:\/\/allin1bitcoins.com\/es\/wp-json\/wp\/v2\/types\/page"}],"author":[{"embeddable":true,"href":"https:\/\/allin1bitcoins.com\/es\/wp-json\/wp\/v2\/users\/1"}],"replies":[{"embeddable":true,"href":"https:\/\/allin1bitcoins.com\/es\/wp-json\/wp\/v2\/comments?post=5590"}],"version-history":[{"count":2,"href":"https:\/\/allin1bitcoins.com\/es\/wp-json\/wp\/v2\/pages\/5590\/revisions"}],"predecessor-version":[{"id":5909,"href":"https:\/\/allin1bitcoins.com\/es\/wp-json\/wp\/v2\/pages\/5590\/revisions\/5909"}],"wp:attachment":[{"href":"https:\/\/allin1bitcoins.com\/es\/wp-json\/wp\/v2\/media?parent=5590"}],"curies":[{"name":"wp","href":"https:\/\/api.w.org\/{rel}","templated":true}]}}