{"id":20029,"date":"2023-02-01T14:57:01","date_gmt":"2023-02-01T14:57:01","guid":{"rendered":"https:\/\/allin1bitcoins.com\/?page_id=20029"},"modified":"2023-02-02T06:54:47","modified_gmt":"2023-02-02T06:54:47","slug":"united-states","status":"publish","type":"page","link":"https:\/\/allin1bitcoins.com\/it\/crypto\/unicorn-token\/united-states\/","title":{"rendered":"Come Acquistare Unicorn Token (UNI) Negli Stati Uniti"},"content":{"rendered":"\n<h2 class=\"wp-block-heading\">Risposta breve: puoi acquistare monete di unicorn token negli Stati Uniti<br><\/h2>\n\n\n\n<p>Devi prima trovare una piattaforma di criptovaluta che accetti la moneta Unicorn Token se vuoi acquistarla negli Stati Uniti. Una volta che hai trovato una piattaforma, devi registrarti e completare i passaggi di verifica. A seguire, puoi aggiungere denaro al tuo account e utilizzarlo per acquistare la moneta Unicorn Token.<br><\/p>\n\n\n\n<h2 class=\"wp-block-heading\">Moneta: Panoramica su Unicorn Token<br><\/h2>\n\n\n\n<p>Una criptovaluta costruita sulla tecnologia blockchain si chiama moneta Unicorn Token. Serve come mezzo di facilitazione delle transazioni sulla rete Unicorn Token e funge da tipo di attivo digitale che pu\u00f2 essere utilizzato per gli investimenti. La moneta Unicorn Token \u00e8 distintiva in quanto offre ai suoi utenti una variet\u00e0 di casi d&#8217;uso e viene supportata da un determinato asset. Puoi effettuare una ricerca sul sito web ufficiale, sul whitepaper e su altre fonti per saperne di pi\u00f9 sulla moneta Unicorn Token.<br><\/p>\n\n\n\n<h2 class=\"wp-block-heading\">Vantaggi dell&#8217;acquisto della moneta Unicorn Token<br><\/h2>\n\n\n\n<p>L&#8217;acquisto di monete Unicorn Token negli Stati Uniti presenta alcuni vantaggi significativi. Una ragione \u00e8 che diversi dei pi\u00f9 importanti scambi di criptovalute al mondo hanno sede negli Stati Uniti, rendendo semplice l&#8217;acquisto e la vendita di asset digitali. Inoltre, \u00e8 generalmente considerato pi\u00f9 sicuro e trasparente rispetto alle forme convenzionali di valuta poich\u00e9 \u00e8 basato sulla tecnologia blockchain. \u00c8 anche possibile diversificare il proprio portafoglio di investimenti includendo asset digitali acquistando la valuta Unicorn Token negli Stati Uniti.<br><\/p>\n\n\n\n<h2 class=\"wp-block-heading\">Come acquistare monete Unicorn Token negli Stati Uniti: una guida passo passo<br><\/h2>\n\n\n\n<ol><li>Individua un exchange di criptovalute che supporti e accetti dollari statunitensi insieme alla token Unicorn Token. Coinbase, Kraken e Binance sono alcuni degli exchange ben noti negli Stati Uniti.<br><br><\/li><li>Registrati per un account sull&#8217;exchange, quindi completa il processo di verifica. Potrebbe essere necessario fornire una copia del tuo ID e altri dati personali.<br><br><\/li><li>Usa dollari statunitensi per effettuare un deposito sul tuo account. Normalmente, puoi farlo connettendo un conto bancario o una carta di credito.<br><br><\/li><li>Una volta che i fondi sono disponibili sul tuo account, puoi acquistare la moneta Unicorn Token. Trova il trading pair di Unicorn Token sull&#8217;exchange, quindi scegli quante monete vuoi acquistare.<br><br><\/li><li>Le monete Unicorn Token verranno aggiunte al tuo portafoglio sull&#8217;exchange dopo l&#8217;acquisto. Trasferire i tuoi fondi su un portafoglio personale li manterr\u00e0 al sicuro.<\/li><\/ol>\n\n\n\n<figure class=\"wp-block-embed is-type-video is-provider-youtube wp-block-embed-youtube wp-embed-aspect-16-9 wp-has-aspect-ratio\"><div class=\"wp-block-embed__wrapper\">\n<iframe title=\"How to Buy UNICORN CAKE Token (UNIC) Using PancakeSwap On Trust Wallet OR MetaMask Wallet\" width=\"800\" height=\"450\" src=\"https:\/\/www.youtube.com\/embed\/edAUfmxiWE8?feature=oembed\" frameborder=\"0\" allow=\"accelerometer; autoplay; clipboard-write; encrypted-media; gyroscope; picture-in-picture; web-share\" allowfullscreen><\/iframe>\n<\/div><\/figure>\n\n\n\n<h2 class=\"wp-block-heading\">L&#8217;acquisto di valuta Unicorn Token negli Stati Uniti \u00e8 tassato<br><\/h2>\n\n\n\n<p>Il Servizio delle Entrate degli Stati Uniti (Internal Revenue Service &#8211; IRS) ha rilasciato alcuni consigli su come affrontare le implicazioni fiscali dell&#8217;acquisto e della vendita di criptovalute negli Stati Uniti, dove il trattamento fiscale delle criptovalute \u00e8 ancora in evoluzione. Secondo l&#8217;IRS, i guadagni dall&#8217;acquisto e vendita di criptovalute sono soggetti a tassazione sulle plusvalenze. Se si utilizza la criptovaluta per transazioni regolari come l&#8217;acquisto di prodotti e servizi, sar\u00e0 soggetta a tassazione sul reddito. Poich\u00e9 il panorama normativo per le criptovalute \u00e8 in continuo cambiamento, \u00e8 sempre consigliabile parlare con un esperto fiscale per garantire il rispetto delle norme fiscali degli Stati Uniti.<br><\/p>\n\n\n\n<h2 class=\"wp-block-heading\">Conclusione<br><\/h2>\n\n\n\n<p>In sintesi, l&#8217;acquisto di monete Unicorn Token negli Stati Uniti \u00e8 un processo abbastanza semplice che chiunque pu\u00f2 completare. Seguendo i passaggi descritti sopra, sarai in grado di trovare un exchange, creare un account, depositare fondi e acquistare monete Unicorn Token. Tieni presente che l&#8217;investimento in criptovalute e token \u00e8 altamente speculativo e comporta un alto grado di rischio. Ricordati di essere cauto e di comprendere i rischi dell&#8217;investimento prima di acquistarlo. Inoltre, \u00e8 importante essere consapevoli delle implicazioni fiscali quando si acquistano monete Unicorn Token negli Stati Uniti e consultare un esperto fiscale per garantire la conformit\u00e0. Inoltre, \u00e8 anche importante essere al corrente delle norme riguardanti l&#8217;acquisto e la vendita di cripto negli Stati Uniti, poich\u00e9 il panorama normativo \u00e8 in continua evoluzione. Fa sempre la tua personale ricerca per comprendere i fondamenti del progetto e prendere una decisione informata. \u00c8 anche essenziale essere consapevoli delle pratiche di sicurezza quando si acquistano monete Unicorn Token, poich\u00e9, come qualsiasi attivit\u00e0 digitale, c&#8217;\u00e8 il rischio di hacking e furto. Puoi garantire la sicurezza del tuo investimento utilizzando un portafoglio sicuro e tenendo traccia delle tue chiavi private. Infine, \u00e8 sempre una buona pratica familiarizzare con la tecnologia dietro la valuta digitale e i relativi progetti prima di investire nel token, al fine di trarre il massimo dall&#8217;investimento.<\/p>\n\n\n\n<!-- Page-list plugin v.5.9 wordpress.org\/plugins\/page-list\/ -->\n<ul class=\"page-list siblings-page-list \">\n<li class=\"page_item page-item-20141\"><a href=\"https:\/\/allin1bitcoins.com\/it\/crypto\/unicorn-token\/credit-card\/\">Come Acquistare il Token Unicorno (UNI) Con Una Carta Di Credito<\/a><\/li>\n<li class=\"page_item page-item-20020\"><a href=\"https:\/\/allin1bitcoins.com\/it\/crypto\/unicorn-token\/canada\/\">Come Acquistare Il Token Unicorno (UNI) In Canada<\/a><\/li>\n<li class=\"page_item page-item-20152\"><a href=\"https:\/\/allin1bitcoins.com\/it\/crypto\/unicorn-token\/switzerland\/\">Come Acquistare Il Token Unicorno (UNI) In Svizzera<\/a><\/li>\n<li class=\"page_item page-item-19994\"><a href=\"https:\/\/allin1bitcoins.com\/it\/crypto\/unicorn-token\/united-kingdom\/\">Come Acquistare Il Token Unicorno (UNI) Nel Regno Unito<\/a><\/li>\n<li class=\"page_item page-item-20107\"><a href=\"https:\/\/allin1bitcoins.com\/it\/crypto\/unicorn-token\/debit-card\/\">Come Acquistare La Moneta Unicorn Token (UNI) Con Una Carta di Debito<\/a><\/li>\n<li class=\"page_item page-item-20118\"><a href=\"https:\/\/allin1bitcoins.com\/it\/crypto\/unicorn-token\/paypal\/\">Come Acquistare La Unicornia Token (UNI) Con PayPal<\/a><\/li>\n<li class=\"page_item page-item-20029\"><a href=\"https:\/\/allin1bitcoins.com\/it\/crypto\/unicorn-token\/united-states\/\">Come Acquistare Unicorn Token (UNI) Negli Stati Uniti<\/a><\/li>\n<li class=\"page_item page-item-20053\"><a href=\"https:\/\/allin1bitcoins.com\/it\/crypto\/unicorn-token\/american-express\/\">Come Comprare Il Token Unicorno (UNI) Con American Express<\/a><\/li>\n\n<\/ul>\n","protected":false},"excerpt":{"rendered":"<p>Risposta breve: puoi acquistare monete di unicorn token negli Stati Uniti Devi prima trovare una piattaforma di criptovaluta che accetti la moneta Unicorn Token se vuoi acquistarla negli Stati Uniti. Una volta che hai trovato una piattaforma, devi registrarti e completare i passaggi di verifica. A seguire, puoi aggiungere denaro al tuo account e utilizzarlo&#8230;<\/p>\n","protected":false},"author":3,"featured_media":16735,"parent":19978,"menu_order":0,"comment_status":"closed","ping_status":"closed","template":"","meta":{"cybocfi_hide_featured_image":"","footnotes":""},"acf":[],"yoast_head":"<!-- This site is optimized with the Yoast SEO plugin v21.7 - https:\/\/yoast.com\/wordpress\/plugins\/seo\/ -->\n<title>Come Acquistare Unicorn Token (UNI) Negli Stati Uniti<\/title>\n<meta name=\"description\" content=\"Devi prima trovare una piattaforma di criptovalute che accetti la moneta UNI Token se vuoi acquistarla negli Stati Uniti. Continua a leggere.\" \/>\n<meta name=\"robots\" content=\"index, follow, max-snippet:-1, max-image-preview:large, max-video-preview:-1\" \/>\n<link rel=\"canonical\" href=\"https:\/\/allin1bitcoins.com\/it\/crypto\/unicorn-token\/united-states\/\" \/>\n<meta property=\"og:locale\" content=\"it_IT\" \/>\n<meta property=\"og:type\" content=\"article\" \/>\n<meta property=\"og:title\" content=\"Come Acquistare Unicorn Token (UNI) Negli Stati Uniti\" \/>\n<meta property=\"og:description\" content=\"Devi prima trovare una piattaforma di criptovalute che accetti la moneta UNI Token se vuoi acquistarla negli Stati Uniti. Continua a leggere.\" \/>\n<meta property=\"og:url\" content=\"https:\/\/allin1bitcoins.com\/it\/crypto\/unicorn-token\/united-states\/\" \/>\n<meta property=\"og:site_name\" content=\"Allin1Bitcoins\" \/>\n<meta property=\"article:modified_time\" content=\"2023-02-02T06:54:47+00:00\" \/>\n<meta property=\"og:image\" content=\"https:\/\/allin1bitcoins.com\/wp-content\/uploads\/2023\/01\/regularguy-eth-zmY1hAJiIIU-unsplash.jpg\" \/>\n\t<meta property=\"og:image:width\" content=\"1920\" \/>\n\t<meta property=\"og:image:height\" content=\"1282\" \/>\n\t<meta property=\"og:image:type\" content=\"image\/jpeg\" \/>\n<meta name=\"twitter:card\" content=\"summary_large_image\" \/>\n<meta name=\"twitter:label1\" content=\"Est. reading time\" \/>\n\t<meta name=\"twitter:data1\" content=\"4 minutes\" \/>\n<!-- \/ Yoast SEO plugin. -->","yoast_head_json":{"title":"Come Acquistare Unicorn Token (UNI) Negli Stati Uniti","description":"Devi prima trovare una piattaforma di criptovalute che accetti la moneta UNI Token se vuoi acquistarla negli Stati Uniti. Continua a leggere.","robots":{"index":"index","follow":"follow","max-snippet":"max-snippet:-1","max-image-preview":"max-image-preview:large","max-video-preview":"max-video-preview:-1"},"canonical":"https:\/\/allin1bitcoins.com\/it\/crypto\/unicorn-token\/united-states\/","og_locale":"it_IT","og_type":"article","og_title":"Come Acquistare Unicorn Token (UNI) Negli Stati Uniti","og_description":"Devi prima trovare una piattaforma di criptovalute che accetti la moneta UNI Token se vuoi acquistarla negli Stati Uniti. Continua a leggere.","og_url":"https:\/\/allin1bitcoins.com\/it\/crypto\/unicorn-token\/united-states\/","og_site_name":"Allin1Bitcoins","article_modified_time":"2023-02-02T06:54:47+00:00","og_image":[{"width":1920,"height":1282,"url":"https:\/\/allin1bitcoins.com\/wp-content\/uploads\/2023\/01\/regularguy-eth-zmY1hAJiIIU-unsplash.jpg","type":"image\/jpeg"}],"twitter_card":"summary_large_image","twitter_misc":{"Est. reading time":"4 minutes"},"schema":{"@context":"https:\/\/schema.org","@graph":[{"@type":"WebPage","@id":"https:\/\/allin1bitcoins.com\/it\/crypto\/unicorn-token\/united-states\/","url":"https:\/\/allin1bitcoins.com\/it\/crypto\/unicorn-token\/united-states\/","name":"Come Acquistare Unicorn Token (UNI) Negli Stati Uniti","isPartOf":{"@id":"https:\/\/allin1bitcoins.com\/it\/#website"},"datePublished":"2023-02-01T14:57:01+00:00","dateModified":"2023-02-02T06:54:47+00:00","description":"Devi prima trovare una piattaforma di criptovalute che accetti la moneta UNI Token se vuoi acquistarla negli Stati Uniti. Continua a leggere.","breadcrumb":{"@id":"https:\/\/allin1bitcoins.com\/it\/crypto\/unicorn-token\/united-states\/#breadcrumb"},"inLanguage":"it","potentialAction":[{"@type":"ReadAction","target":["https:\/\/allin1bitcoins.com\/it\/crypto\/unicorn-token\/united-states\/"]}]},{"@type":"BreadcrumbList","@id":"https:\/\/allin1bitcoins.com\/it\/crypto\/unicorn-token\/united-states\/#breadcrumb","itemListElement":[{"@type":"ListItem","position":1,"name":"Home","item":"https:\/\/allin1bitcoins.com\/it\/"},{"@type":"ListItem","position":2,"name":"Crypto","item":"https:\/\/allin1bitcoins.com\/it\/crypto\/"},{"@type":"ListItem","position":3,"name":"Acquistare il Token Unicorno (UNI) &#8211; Guida Passo Per Passo","item":"https:\/\/allin1bitcoins.com\/it\/crypto\/unicorn-token\/"},{"@type":"ListItem","position":4,"name":"Come Acquistare Unicorn Token (UNI) Negli Stati Uniti"}]},{"@type":"WebSite","@id":"https:\/\/allin1bitcoins.com\/it\/#website","url":"https:\/\/allin1bitcoins.com\/it\/","name":"Allin1Bitcoins","description":"","publisher":{"@id":"https:\/\/allin1bitcoins.com\/it\/#organization"},"potentialAction":[{"@type":"SearchAction","target":{"@type":"EntryPoint","urlTemplate":"https:\/\/allin1bitcoins.com\/it\/?s={search_term_string}"},"query-input":"required name=search_term_string"}],"inLanguage":"it"},{"@type":"Organization","@id":"https:\/\/allin1bitcoins.com\/it\/#organization","name":"allin1bitcoins","url":"https:\/\/allin1bitcoins.com\/it\/","logo":{"@type":"ImageObject","inLanguage":"it","@id":"https:\/\/allin1bitcoins.com\/it\/#\/schema\/logo\/image\/","url":"https:\/\/allin1bitcoins.com\/wp-content\/uploads\/2019\/01\/logo-new.png","contentUrl":"https:\/\/allin1bitcoins.com\/wp-content\/uploads\/2019\/01\/logo-new.png","width":178,"height":71,"caption":"allin1bitcoins"},"image":{"@id":"https:\/\/allin1bitcoins.com\/it\/#\/schema\/logo\/image\/"}}]}},"_links":{"self":[{"href":"https:\/\/allin1bitcoins.com\/it\/wp-json\/wp\/v2\/pages\/20029"}],"collection":[{"href":"https:\/\/allin1bitcoins.com\/it\/wp-json\/wp\/v2\/pages"}],"about":[{"href":"https:\/\/allin1bitcoins.com\/it\/wp-json\/wp\/v2\/types\/page"}],"author":[{"embeddable":true,"href":"https:\/\/allin1bitcoins.com\/it\/wp-json\/wp\/v2\/users\/3"}],"replies":[{"embeddable":true,"href":"https:\/\/allin1bitcoins.com\/it\/wp-json\/wp\/v2\/comments?post=20029"}],"version-history":[{"count":3,"href":"https:\/\/allin1bitcoins.com\/it\/wp-json\/wp\/v2\/pages\/20029\/revisions"}],"predecessor-version":[{"id":20196,"href":"https:\/\/allin1bitcoins.com\/it\/wp-json\/wp\/v2\/pages\/20029\/revisions\/20196"}],"up":[{"embeddable":true,"href":"https:\/\/allin1bitcoins.com\/it\/wp-json\/wp\/v2\/pages\/19978"}],"wp:featuredmedia":[{"embeddable":true,"href":"https:\/\/allin1bitcoins.com\/it\/wp-json\/wp\/v2\/media\/16735"}],"wp:attachment":[{"href":"https:\/\/allin1bitcoins.com\/it\/wp-json\/wp\/v2\/media?parent=20029"}],"curies":[{"name":"wp","href":"https:\/\/api.w.org\/{rel}","templated":true}]}}