{"id":20053,"date":"2023-02-01T14:00:04","date_gmt":"2023-02-01T14:00:04","guid":{"rendered":"https:\/\/allin1bitcoins.com\/?page_id=20053"},"modified":"2023-02-02T06:53:27","modified_gmt":"2023-02-02T06:53:27","slug":"american-express","status":"publish","type":"page","link":"https:\/\/allin1bitcoins.com\/it\/crypto\/unicorn-token\/american-express\/","title":{"rendered":"Come Comprare Il Token Unicorno (UNI) Con American Express"},"content":{"rendered":"\n<h2 class=\"wp-block-heading\"> \u00c8 possibile acquistare monete di token unicorno con American Express. <br><\/h2>\n\n\n\n<p> \u00c8 necessario trovare una piattaforma di criptovaluta che accetti American Express e che tratti la moneta di token unicorno se si vuole acquistarla con la propria carta American Express. Una volta trovata una piattaforma, \u00e8 necessario registrarsi e completare i passaggi di verifica. Dopo di che, \u00e8 possibile utilizzare i soldi depositati con la carta American Express per acquistare la moneta di token unicorno. <br><\/p>\n\n\n\n<h2 class=\"wp-block-heading\"> Panoramica sul token Unicorno <br><\/h2>\n\n\n\n<p> La criptovaluta costruita sulla tecnologia blockchain si chiama Unicorn Token Coin. Serve come mezzo per facilitare le transazioni sulla rete di Unicorn Token e serve come tipo di asset digitale che pu\u00f2 essere utilizzato per gli investimenti. La moneta Unicorn Token \u00e8 distintiva in quanto offre agli utenti una variet\u00e0 di casi d&#8217;uso e viene supportata da un determinato asset. Puoi effettuare ricerche sul sito ufficiale, sul whitepaper e su altre fonti per saperne di pi\u00f9 su Unicorn Token. <br><\/p>\n\n\n\n<h2 class=\"wp-block-heading\"> Perch\u00e9 si vuole utilizzare American Express per acquistare Unicorn Token coin <br><\/h2>\n\n\n\n<p> American Express potrebbe essere utilizzato per acquistare Unicorn Token coin per un numero di fattori. Innanzitutto, American Express \u00e8 un metodo di pagamento largamente accettato, rendendo semplice per le persone acquistare il token di Unicorn Token. Inoltre, alcuni mercati che accettano American Express potrebbero offrire ricompense o bonus per l&#8217;utilizzo della carta. Come incentivo aggiuntivo per utilizzare la carta, i membri di American Express possono anche essere in grado di ricevere punti premio o denaro durante una transazione. <br><\/p>\n\n\n\n<h2 class=\"wp-block-heading\"> Come acquistare i token di Unicorn utilizzando American Express: una guida passo-passo <br><\/h2>\n\n\n\n<ol><li>dividuare una piattaforma di criptovalute che accetti American Express e che abbia disponibile il token di Unicorn. American Express \u00e8 supportato da diverse piattaforme conosciute, tra cui Bitstamp, Bitfinex e CEX.IO.<br><br><\/li><li>Registrati per un account sulla piattaforma, quindi completa il processo di verifica. Potrebbe essere necessario fornire una copia del tuo documento d&#8217;identit\u00e0 e altri dati personali.<br><br><\/li><li>Dopo che l&#8217;account \u00e8 stato verificato, vai alla pagina di deposito della piattaforma e scegli American Express come opzione di pagamento.<br><br><\/li><li>Inserisci l&#8217;importo desiderato di deposito e le informazioni necessarie della tua carta American Express.<br><br><\/li><li>Quando il deposito \u00e8 avvenuto con successo, vai alla sezione di trading della piattaforma e cerca la coppia di trading per il token di Unicorn. Scegli la quantit\u00e0 che desideri acquistare e completa l&#8217;operazione.<br><br><\/li><li>I token di Unicorn verranno aggiunti al tuo portafoglio sulla piattaforma dopo l&#8217;acquisto. Trasferire i tuoi fondi su un portafoglio personale li manterr\u00e0 al sicuro.<\/li><\/ol>\n\n\n\n<figure class=\"wp-block-embed is-type-video is-provider-youtube wp-block-embed-youtube wp-embed-aspect-16-9 wp-has-aspect-ratio\"><div class=\"wp-block-embed__wrapper\">\n<iframe title=\"UNICOIN IS SET TO SKYROCKET | 100 FREE COINS | NO INVESTMENT | CRYPTO BACKED UP BY REAL WORLD ASSETS\" width=\"800\" height=\"450\" src=\"https:\/\/www.youtube.com\/embed\/MJg-Tinr1cw?feature=oembed\" frameborder=\"0\" allow=\"accelerometer; autoplay; clipboard-write; encrypted-media; gyroscope; picture-in-picture; web-share\" allowfullscreen><\/iframe>\n<\/div><\/figure>\n\n\n\n<h2 class=\"wp-block-heading\"> Contro di utilizzare American Express per acquistare token di Unicorn <br><\/h2>\n\n\n\n<p> Ci sono alcuni svantaggi da prendere in considerazione, nonostante il fatto che acquistare i token di Unicorn con American Express possa essere una scelta pratica. Un possibile svantaggio \u00e8 che alcune piattaforme possono imporre costi di transazione pi\u00f9 elevati quando si paga con una carta di credito rispetto ad altre opzioni di pagamento come il bonifico bancario. La quantit\u00e0 di denaro che pu\u00f2 essere messa a disposizione con una carta di credito potrebbe anche essere limitata da alcune piattaforme. La reputazione e la storia della piattaforma dovrebbero anche essere prese in considerazione. <br><\/p>\n\n\n\n<h2 class=\"wp-block-heading\"> Conclusione <br><\/h2>\n\n\n\n<p> In generale, utilizzare una carta American Express per acquistare i token di Unicorn \u00e8 un processo abbastanza semplice che chiunque abbia una carta American Express pu\u00f2 fare. \u00c8 possibile individuare una piattaforma che accetti American Express, aprire un account, depositare denaro con la tua carta e acquistare token di Unicorn seguendo i metodi sopra menzionati. Ma come con qualsiasi investimento, \u00e8 fondamentale completare la tua ricerca e comprendere i rischi e le limitazioni associati. Verifica sempre le commissioni, le limitazioni e le regole della piattaforma prim.<\/p>\n\n\n\n<!-- Page-list plugin v.5.9 wordpress.org\/plugins\/page-list\/ -->\n<ul class=\"page-list siblings-page-list \">\n<li class=\"page_item page-item-20141\"><a href=\"https:\/\/allin1bitcoins.com\/it\/crypto\/unicorn-token\/credit-card\/\">Come Acquistare il Token Unicorno (UNI) Con Una Carta Di Credito<\/a><\/li>\n<li class=\"page_item page-item-20020\"><a href=\"https:\/\/allin1bitcoins.com\/it\/crypto\/unicorn-token\/canada\/\">Come Acquistare Il Token Unicorno (UNI) In Canada<\/a><\/li>\n<li class=\"page_item page-item-20152\"><a href=\"https:\/\/allin1bitcoins.com\/it\/crypto\/unicorn-token\/switzerland\/\">Come Acquistare Il Token Unicorno (UNI) In Svizzera<\/a><\/li>\n<li class=\"page_item page-item-19994\"><a href=\"https:\/\/allin1bitcoins.com\/it\/crypto\/unicorn-token\/united-kingdom\/\">Come Acquistare Il Token Unicorno (UNI) Nel Regno Unito<\/a><\/li>\n<li class=\"page_item page-item-20107\"><a href=\"https:\/\/allin1bitcoins.com\/it\/crypto\/unicorn-token\/debit-card\/\">Come Acquistare La Moneta Unicorn Token (UNI) Con Una Carta di Debito<\/a><\/li>\n<li class=\"page_item page-item-20118\"><a href=\"https:\/\/allin1bitcoins.com\/it\/crypto\/unicorn-token\/paypal\/\">Come Acquistare La Unicornia Token (UNI) Con PayPal<\/a><\/li>\n<li class=\"page_item page-item-20029\"><a href=\"https:\/\/allin1bitcoins.com\/it\/crypto\/unicorn-token\/united-states\/\">Come Acquistare Unicorn Token (UNI) Negli Stati Uniti<\/a><\/li>\n<li class=\"page_item page-item-20053\"><a href=\"https:\/\/allin1bitcoins.com\/it\/crypto\/unicorn-token\/american-express\/\">Come Comprare Il Token Unicorno (UNI) Con American Express<\/a><\/li>\n\n<\/ul>\n","protected":false},"excerpt":{"rendered":"<p>\u00c8 possibile acquistare monete di token unicorno con American Express. \u00c8 necessario trovare una piattaforma di criptovaluta che accetti American Express e che tratti la moneta di token unicorno se si vuole acquistarla con la propria carta American Express. Una volta trovata una piattaforma, \u00e8 necessario registrarsi e completare i passaggi di verifica. Dopo di&#8230;<\/p>\n","protected":false},"author":3,"featured_media":17077,"parent":19978,"menu_order":0,"comment_status":"closed","ping_status":"closed","template":"","meta":{"cybocfi_hide_featured_image":"","footnotes":""},"acf":[],"yoast_head":"<!-- This site is optimized with the Yoast SEO plugin v21.7 - https:\/\/yoast.com\/wordpress\/plugins\/seo\/ -->\n<title>Come Comprare Il Token Unicorno (UNI) Con American Express<\/title>\n<meta name=\"description\" content=\"AMEX pu\u00f2 essere utilizzato per acquistare monete Unicorn Token per una serie di motivi. AMEX \u00e8 un metodo di pagamento largamente accettato.\" \/>\n<meta name=\"robots\" content=\"index, follow, max-snippet:-1, max-image-preview:large, max-video-preview:-1\" \/>\n<link rel=\"canonical\" href=\"https:\/\/allin1bitcoins.com\/it\/crypto\/unicorn-token\/american-express\/\" \/>\n<meta property=\"og:locale\" content=\"it_IT\" \/>\n<meta property=\"og:type\" content=\"article\" \/>\n<meta property=\"og:title\" content=\"Come Comprare Il Token Unicorno (UNI) Con American Express\" \/>\n<meta property=\"og:description\" content=\"AMEX pu\u00f2 essere utilizzato per acquistare monete Unicorn Token per una serie di motivi. AMEX \u00e8 un metodo di pagamento largamente accettato.\" \/>\n<meta property=\"og:url\" content=\"https:\/\/allin1bitcoins.com\/it\/crypto\/unicorn-token\/american-express\/\" \/>\n<meta property=\"og:site_name\" content=\"Allin1Bitcoins\" \/>\n<meta property=\"article:modified_time\" content=\"2023-02-02T06:53:27+00:00\" \/>\n<meta property=\"og:image\" content=\"https:\/\/allin1bitcoins.com\/wp-content\/uploads\/2023\/01\/pexels-rodnae-productions-7821765.jpg\" \/>\n\t<meta property=\"og:image:width\" content=\"1280\" \/>\n\t<meta property=\"og:image:height\" content=\"853\" \/>\n\t<meta property=\"og:image:type\" content=\"image\/jpeg\" \/>\n<meta name=\"twitter:card\" content=\"summary_large_image\" \/>\n<meta name=\"twitter:label1\" content=\"Est. reading time\" \/>\n\t<meta name=\"twitter:data1\" content=\"3 minutes\" \/>\n<!-- \/ Yoast SEO plugin. -->","yoast_head_json":{"title":"Come Comprare Il Token Unicorno (UNI) Con American Express","description":"AMEX pu\u00f2 essere utilizzato per acquistare monete Unicorn Token per una serie di motivi. AMEX \u00e8 un metodo di pagamento largamente accettato.","robots":{"index":"index","follow":"follow","max-snippet":"max-snippet:-1","max-image-preview":"max-image-preview:large","max-video-preview":"max-video-preview:-1"},"canonical":"https:\/\/allin1bitcoins.com\/it\/crypto\/unicorn-token\/american-express\/","og_locale":"it_IT","og_type":"article","og_title":"Come Comprare Il Token Unicorno (UNI) Con American Express","og_description":"AMEX pu\u00f2 essere utilizzato per acquistare monete Unicorn Token per una serie di motivi. AMEX \u00e8 un metodo di pagamento largamente accettato.","og_url":"https:\/\/allin1bitcoins.com\/it\/crypto\/unicorn-token\/american-express\/","og_site_name":"Allin1Bitcoins","article_modified_time":"2023-02-02T06:53:27+00:00","og_image":[{"width":1280,"height":853,"url":"https:\/\/allin1bitcoins.com\/wp-content\/uploads\/2023\/01\/pexels-rodnae-productions-7821765.jpg","type":"image\/jpeg"}],"twitter_card":"summary_large_image","twitter_misc":{"Est. reading time":"3 minutes"},"schema":{"@context":"https:\/\/schema.org","@graph":[{"@type":"WebPage","@id":"https:\/\/allin1bitcoins.com\/it\/crypto\/unicorn-token\/american-express\/","url":"https:\/\/allin1bitcoins.com\/it\/crypto\/unicorn-token\/american-express\/","name":"Come Comprare Il Token Unicorno (UNI) Con American Express","isPartOf":{"@id":"https:\/\/allin1bitcoins.com\/it\/#website"},"datePublished":"2023-02-01T14:00:04+00:00","dateModified":"2023-02-02T06:53:27+00:00","description":"AMEX pu\u00f2 essere utilizzato per acquistare monete Unicorn Token per una serie di motivi. AMEX \u00e8 un metodo di pagamento largamente accettato.","breadcrumb":{"@id":"https:\/\/allin1bitcoins.com\/it\/crypto\/unicorn-token\/american-express\/#breadcrumb"},"inLanguage":"it","potentialAction":[{"@type":"ReadAction","target":["https:\/\/allin1bitcoins.com\/it\/crypto\/unicorn-token\/american-express\/"]}]},{"@type":"BreadcrumbList","@id":"https:\/\/allin1bitcoins.com\/it\/crypto\/unicorn-token\/american-express\/#breadcrumb","itemListElement":[{"@type":"ListItem","position":1,"name":"Home","item":"https:\/\/allin1bitcoins.com\/it\/"},{"@type":"ListItem","position":2,"name":"Crypto","item":"https:\/\/allin1bitcoins.com\/it\/crypto\/"},{"@type":"ListItem","position":3,"name":"Acquistare il Token Unicorno (UNI) &#8211; Guida Passo Per Passo","item":"https:\/\/allin1bitcoins.com\/it\/crypto\/unicorn-token\/"},{"@type":"ListItem","position":4,"name":"Come Comprare Il Token Unicorno (UNI) Con American Express"}]},{"@type":"WebSite","@id":"https:\/\/allin1bitcoins.com\/it\/#website","url":"https:\/\/allin1bitcoins.com\/it\/","name":"Allin1Bitcoins","description":"","publisher":{"@id":"https:\/\/allin1bitcoins.com\/it\/#organization"},"potentialAction":[{"@type":"SearchAction","target":{"@type":"EntryPoint","urlTemplate":"https:\/\/allin1bitcoins.com\/it\/?s={search_term_string}"},"query-input":"required name=search_term_string"}],"inLanguage":"it"},{"@type":"Organization","@id":"https:\/\/allin1bitcoins.com\/it\/#organization","name":"allin1bitcoins","url":"https:\/\/allin1bitcoins.com\/it\/","logo":{"@type":"ImageObject","inLanguage":"it","@id":"https:\/\/allin1bitcoins.com\/it\/#\/schema\/logo\/image\/","url":"https:\/\/allin1bitcoins.com\/wp-content\/uploads\/2019\/01\/logo-new.png","contentUrl":"https:\/\/allin1bitcoins.com\/wp-content\/uploads\/2019\/01\/logo-new.png","width":178,"height":71,"caption":"allin1bitcoins"},"image":{"@id":"https:\/\/allin1bitcoins.com\/it\/#\/schema\/logo\/image\/"}}]}},"_links":{"self":[{"href":"https:\/\/allin1bitcoins.com\/it\/wp-json\/wp\/v2\/pages\/20053"}],"collection":[{"href":"https:\/\/allin1bitcoins.com\/it\/wp-json\/wp\/v2\/pages"}],"about":[{"href":"https:\/\/allin1bitcoins.com\/it\/wp-json\/wp\/v2\/types\/page"}],"author":[{"embeddable":true,"href":"https:\/\/allin1bitcoins.com\/it\/wp-json\/wp\/v2\/users\/3"}],"replies":[{"embeddable":true,"href":"https:\/\/allin1bitcoins.com\/it\/wp-json\/wp\/v2\/comments?post=20053"}],"version-history":[{"count":2,"href":"https:\/\/allin1bitcoins.com\/it\/wp-json\/wp\/v2\/pages\/20053\/revisions"}],"predecessor-version":[{"id":20192,"href":"https:\/\/allin1bitcoins.com\/it\/wp-json\/wp\/v2\/pages\/20053\/revisions\/20192"}],"up":[{"embeddable":true,"href":"https:\/\/allin1bitcoins.com\/it\/wp-json\/wp\/v2\/pages\/19978"}],"wp:featuredmedia":[{"embeddable":true,"href":"https:\/\/allin1bitcoins.com\/it\/wp-json\/wp\/v2\/media\/17077"}],"wp:attachment":[{"href":"https:\/\/allin1bitcoins.com\/it\/wp-json\/wp\/v2\/media?parent=20053"}],"curies":[{"name":"wp","href":"https:\/\/api.w.org\/{rel}","templated":true}]}}