{"id":20118,"date":"2023-02-01T17:05:14","date_gmt":"2023-02-01T17:05:14","guid":{"rendered":"https:\/\/allin1bitcoins.com\/?page_id=20118"},"modified":"2023-02-02T06:42:31","modified_gmt":"2023-02-02T06:42:31","slug":"paypal","status":"publish","type":"page","link":"https:\/\/allin1bitcoins.com\/it\/crypto\/unicorn-token\/paypal\/","title":{"rendered":"Come Acquistare La Unicornia Token (UNI) Con PayPal"},"content":{"rendered":"\n<h2 class=\"wp-block-heading\">Risposta breve: \u00c8 possibile acquistare monete Unicorn Token con Paypal<br><\/h2>\n\n\n\n<p>L&#8217;acquisto di Unicorn Tokens con PayPal \u00e8 un processo semplice che richiede solo pochi passaggi di base. \u00c8 necessario prima registrarsi su una piattaforma di criptovaluta che accetti PayPal come opzione di pagamento. La piattaforma deve essere ora collegata al tuo account PayPal. Dopo aver completato questo, \u00e8 possibile cercare e ordinare la moneta Unicorn Token. La transazione deve quindi essere confermata e poi attendere la consegna delle monete sul portafoglio della piattaforma.<br><\/p>\n\n\n\n<h2 class=\"wp-block-heading\">Moneta: Panoramica della Unicornia Token<br><\/h2>\n\n\n\n<p>La criptovaluta, che \u00e8 una sorta di valuta digitale o virtuale che utilizza la crittografia per la sicurezza, comprende le token unicorno. A causa della loro natura decentralizzata e dell&#8217;uso della tecnologia blockchain, le criptovalute consentono transazioni sicure e aperte. In quanto token ERC-20 basato sulla blockchain di Ethereum, la Unicorn Token segue un insieme specifico di linee guida e standard per i token creati sulla piattaforma Ethereum. Settore dei giochi e iniziative di crowdfunding sono solo due esempi dei molteplici usi e applicazioni delle token unicorno. Pu\u00f2 anche essere utilizzato come mezzo di investimento. Tuttavia, \u00e8 estremamente volatile, proprio come tutte le criptovalute, pertanto \u00e8 cruciale condurre la propria ricerca e investire solo denaro che si pu\u00f2 permettersi di perdere.<br><\/p>\n\n\n\n<h2 class=\"wp-block-heading\">Perch\u00e9 vuoi acquistare una valuta Unicorn Token con PayPal<br><\/h2>\n\n\n\n<p>Uno dei sistemi di pagamento online pi\u00f9 utilizzati e affidabili a livello mondiale \u00e8 PayPal. Puoi sfruttare la comodit\u00e0 e la sicurezza di una piattaforma di pagamento affidabile utilizzando PayPal per acquistare la moneta Unicorn Token senza dover affrontare la complessit\u00e0 del trasferimento di denaro dal tuo conto bancario o utilizzando una carta di credito.\u00a0<br><\/p>\n\n\n\n<p>Inoltre, utilizzando PayPal puoi ottenere una maggiore protezione dell&#8217;acquirente poich\u00e9 puoi contestare eventuali transazioni problematiche e ottenere un rimborso, se necessario. Coloro che sono nuovi nel mondo delle criptovalute possono sentirsi pi\u00f9 a loro agio grazie a questa sicurezza supplementare.<\/p>\n\n\n\n<figure class=\"wp-block-embed is-type-video is-provider-youtube wp-block-embed-youtube wp-embed-aspect-16-9 wp-has-aspect-ratio\"><div class=\"wp-block-embed__wrapper\">\n<iframe title=\"UNI COIN LATEST ENTRY &amp; EXIT UPDATES ! UNI COIN CHART UPDATES ! UNI COIN PRICE PREDICTION !\" width=\"800\" height=\"450\" src=\"https:\/\/www.youtube.com\/embed\/Rrp3SL7tZ2U?feature=oembed\" frameborder=\"0\" allow=\"accelerometer; autoplay; clipboard-write; encrypted-media; gyroscope; picture-in-picture; web-share\" allowfullscreen><\/iframe>\n<\/div><\/figure>\n\n\n\n<h2 class=\"wp-block-heading\">Istruzioni dettagliate su come acquistare Unicorn Tokens utilizzando PayPal<br><\/h2>\n\n\n\n<ol><li>Unirsi a una piattaforma di criptovaluta che accetta PayPal.<br><br><\/li><li>Collegare il proprio account PayPal alla transazione, solitamente visitando la sezione &#8220;opzioni&#8221; o &#8220;metodi di pagamento&#8221; della piattaforma e scegliendo PayPal come metodo di pagamento.<br><br><\/li><li>Effettuare un ordine per acquistare la moneta Unicorn Token cercandola sulla piattaforma. Prima di effettuare l&#8217;ordine, assicurarsi di verificare il simbolo di ticker e il tasso di cambio.<br><br><\/li><li>Attendere l&#8217;arrivo delle monete nel proprio wallet sulla piattaforma dopo aver confermato la transazione. A seconda della piattaforma, la consegna pu\u00f2 richiedere pochi minuti a pochi giorni.<br><br><\/li><li>Verificare le transazioni per assicurarsi che gli importi e i dettagli siano corretti. Ricordare che ogni piattaforma ha una procedura diversa per l&#8217;acquisto e la conservazione delle criptovalute, quindi fare attenzione a leggere e seguire le linee guida della piattaforma.<br><\/li><\/ol>\n\n\n\n<h2 class=\"wp-block-heading\">Contro di utilizzare PayPal per acquistare la moneta di Unicorn Token:<br><\/h2>\n\n\n\n<p>Le commissioni di transazione possono essere abbastanza elevate quando si acquistano monete Unicorn Token utilizzando PayPal, che \u00e8 un svantaggio. Se si sta acquistando molte monete, le commissioni di transazione addebitate da PayPal possono aumentare rapidamente. Inoltre, alcune piattaforme che accettano PayPal potrebbero anche imporre le proprie commissioni, che potrebbero aumentare considerevolmente il prezzo dell&#8217;acquisto.\u00a0<br><\/p>\n\n\n\n<p>Trovare una piattaforma affidabile e affidabile che accetti PayPal pu\u00f2 essere una sfida, che \u00e8 un altro svantaggio per l&#8217;acquisto di token di Unicorn Token con PayPal. Questo perch\u00e9 molte piattaforme sono restie ad accettare PayPal a causa dei suoi pesanti costi e dei problemi normativi.<br><\/p>\n\n\n\n<h2 class=\"wp-block-heading\">Conclusione<br><\/h2>\n\n\n\n<p>In conclusione, l&#8217;acquisto di criptovaluta Unicorn Token con PayPal potrebbe essere un modo semplice e sicuro. Tuttavia, \u00e8 importante ricordare che l&#8217;utilizzo di PayPal ha dei svantaggi, tra cui costosi costi di transazione e la sfida di trovare un exchange affidabile che lo accetti. \u00c8 importante fare la propria ricerca e valutare attentamente i vantaggi e gli svantaggi dell&#8217;utilizzo di PayPal per l&#8217;acquisto di token Unicorn Token prima di prendere una decisione. Come con qualsiasi investimento in criptovalute, \u00e8 importante monitorare i movimenti del mercato e investire solo denaro che si \u00e8 disposti a perdere. Inoltre, \u00e8 importante proteggere le proprie chiavi private e verificare con attenzione i dettagli della transazione prima di dare l&#8217;approvazione finale.<\/p>\n\n\n\n<!-- Page-list plugin v.5.9 wordpress.org\/plugins\/page-list\/ -->\n<ul class=\"page-list siblings-page-list \">\n<li class=\"page_item page-item-20141\"><a href=\"https:\/\/allin1bitcoins.com\/it\/crypto\/unicorn-token\/credit-card\/\">Come Acquistare il Token Unicorno (UNI) Con Una Carta Di Credito<\/a><\/li>\n<li class=\"page_item page-item-20020\"><a href=\"https:\/\/allin1bitcoins.com\/it\/crypto\/unicorn-token\/canada\/\">Come Acquistare Il Token Unicorno (UNI) In Canada<\/a><\/li>\n<li class=\"page_item page-item-20152\"><a href=\"https:\/\/allin1bitcoins.com\/it\/crypto\/unicorn-token\/switzerland\/\">Come Acquistare Il Token Unicorno (UNI) In Svizzera<\/a><\/li>\n<li class=\"page_item page-item-19994\"><a href=\"https:\/\/allin1bitcoins.com\/it\/crypto\/unicorn-token\/united-kingdom\/\">Come Acquistare Il Token Unicorno (UNI) Nel Regno Unito<\/a><\/li>\n<li class=\"page_item page-item-20107\"><a href=\"https:\/\/allin1bitcoins.com\/it\/crypto\/unicorn-token\/debit-card\/\">Come Acquistare La Moneta Unicorn Token (UNI) Con Una Carta di Debito<\/a><\/li>\n<li class=\"page_item page-item-20118\"><a href=\"https:\/\/allin1bitcoins.com\/it\/crypto\/unicorn-token\/paypal\/\">Come Acquistare La Unicornia Token (UNI) Con PayPal<\/a><\/li>\n<li class=\"page_item page-item-20029\"><a href=\"https:\/\/allin1bitcoins.com\/it\/crypto\/unicorn-token\/united-states\/\">Come Acquistare Unicorn Token (UNI) Negli Stati Uniti<\/a><\/li>\n<li class=\"page_item page-item-20053\"><a href=\"https:\/\/allin1bitcoins.com\/it\/crypto\/unicorn-token\/american-express\/\">Come Comprare Il Token Unicorno (UNI) Con American Express<\/a><\/li>\n\n<\/ul>\n","protected":false},"excerpt":{"rendered":"<p>Risposta breve: \u00c8 possibile acquistare monete Unicorn Token con Paypal L&#8217;acquisto di Unicorn Tokens con PayPal \u00e8 un processo semplice che richiede solo pochi passaggi di base. \u00c8 necessario prima registrarsi su una piattaforma di criptovaluta che accetti PayPal come opzione di pagamento. La piattaforma deve essere ora collegata al tuo account PayPal. Dopo aver&#8230;<\/p>\n","protected":false},"author":3,"featured_media":17200,"parent":19978,"menu_order":0,"comment_status":"closed","ping_status":"closed","template":"","meta":{"cybocfi_hide_featured_image":"","footnotes":""},"acf":[],"yoast_head":"<!-- This site is optimized with the Yoast SEO plugin v21.7 - https:\/\/yoast.com\/wordpress\/plugins\/seo\/ -->\n<title>Come Acquistare La Unicornia Token (UNI) Con PayPal<\/title>\n<meta name=\"description\" content=\"Acquistare token Unicorn con PayPal \u00e8 un processo semplice che richiede solo alcuni semplici passaggi. Continua a leggere per saperne di pi\u00f9.\" \/>\n<meta name=\"robots\" content=\"index, follow, max-snippet:-1, max-image-preview:large, max-video-preview:-1\" \/>\n<link rel=\"canonical\" href=\"https:\/\/allin1bitcoins.com\/it\/crypto\/unicorn-token\/paypal\/\" \/>\n<meta property=\"og:locale\" content=\"it_IT\" \/>\n<meta property=\"og:type\" content=\"article\" \/>\n<meta property=\"og:title\" content=\"Come Acquistare La Unicornia Token (UNI) Con PayPal\" \/>\n<meta property=\"og:description\" content=\"Acquistare token Unicorn con PayPal \u00e8 un processo semplice che richiede solo alcuni semplici passaggi. Continua a leggere per saperne di pi\u00f9.\" \/>\n<meta property=\"og:url\" content=\"https:\/\/allin1bitcoins.com\/it\/crypto\/unicorn-token\/paypal\/\" \/>\n<meta property=\"og:site_name\" content=\"Allin1Bitcoins\" \/>\n<meta property=\"article:modified_time\" content=\"2023-02-02T06:42:31+00:00\" \/>\n<meta property=\"og:image\" content=\"https:\/\/allin1bitcoins.com\/wp-content\/uploads\/2023\/01\/tech-daily-lKYV7FaUMzA-unsplash.jpg\" \/>\n\t<meta property=\"og:image:width\" content=\"1920\" \/>\n\t<meta property=\"og:image:height\" content=\"1280\" \/>\n\t<meta property=\"og:image:type\" content=\"image\/jpeg\" \/>\n<meta name=\"twitter:card\" content=\"summary_large_image\" \/>\n<meta name=\"twitter:label1\" content=\"Est. reading time\" \/>\n\t<meta name=\"twitter:data1\" content=\"3 minutes\" \/>\n<!-- \/ Yoast SEO plugin. -->","yoast_head_json":{"title":"Come Acquistare La Unicornia Token (UNI) Con PayPal","description":"Acquistare token Unicorn con PayPal \u00e8 un processo semplice che richiede solo alcuni semplici passaggi. Continua a leggere per saperne di pi\u00f9.","robots":{"index":"index","follow":"follow","max-snippet":"max-snippet:-1","max-image-preview":"max-image-preview:large","max-video-preview":"max-video-preview:-1"},"canonical":"https:\/\/allin1bitcoins.com\/it\/crypto\/unicorn-token\/paypal\/","og_locale":"it_IT","og_type":"article","og_title":"Come Acquistare La Unicornia Token (UNI) Con PayPal","og_description":"Acquistare token Unicorn con PayPal \u00e8 un processo semplice che richiede solo alcuni semplici passaggi. Continua a leggere per saperne di pi\u00f9.","og_url":"https:\/\/allin1bitcoins.com\/it\/crypto\/unicorn-token\/paypal\/","og_site_name":"Allin1Bitcoins","article_modified_time":"2023-02-02T06:42:31+00:00","og_image":[{"width":1920,"height":1280,"url":"https:\/\/allin1bitcoins.com\/wp-content\/uploads\/2023\/01\/tech-daily-lKYV7FaUMzA-unsplash.jpg","type":"image\/jpeg"}],"twitter_card":"summary_large_image","twitter_misc":{"Est. reading time":"3 minutes"},"schema":{"@context":"https:\/\/schema.org","@graph":[{"@type":"WebPage","@id":"https:\/\/allin1bitcoins.com\/it\/crypto\/unicorn-token\/paypal\/","url":"https:\/\/allin1bitcoins.com\/it\/crypto\/unicorn-token\/paypal\/","name":"Come Acquistare La Unicornia Token (UNI) Con PayPal","isPartOf":{"@id":"https:\/\/allin1bitcoins.com\/it\/#website"},"datePublished":"2023-02-01T17:05:14+00:00","dateModified":"2023-02-02T06:42:31+00:00","description":"Acquistare token Unicorn con PayPal \u00e8 un processo semplice che richiede solo alcuni semplici passaggi. Continua a leggere per saperne di pi\u00f9.","breadcrumb":{"@id":"https:\/\/allin1bitcoins.com\/it\/crypto\/unicorn-token\/paypal\/#breadcrumb"},"inLanguage":"it","potentialAction":[{"@type":"ReadAction","target":["https:\/\/allin1bitcoins.com\/it\/crypto\/unicorn-token\/paypal\/"]}]},{"@type":"BreadcrumbList","@id":"https:\/\/allin1bitcoins.com\/it\/crypto\/unicorn-token\/paypal\/#breadcrumb","itemListElement":[{"@type":"ListItem","position":1,"name":"Home","item":"https:\/\/allin1bitcoins.com\/it\/"},{"@type":"ListItem","position":2,"name":"Crypto","item":"https:\/\/allin1bitcoins.com\/it\/crypto\/"},{"@type":"ListItem","position":3,"name":"Acquistare il Token Unicorno (UNI) &#8211; Guida Passo Per Passo","item":"https:\/\/allin1bitcoins.com\/it\/crypto\/unicorn-token\/"},{"@type":"ListItem","position":4,"name":"Come Acquistare La Unicornia Token (UNI) Con PayPal"}]},{"@type":"WebSite","@id":"https:\/\/allin1bitcoins.com\/it\/#website","url":"https:\/\/allin1bitcoins.com\/it\/","name":"Allin1Bitcoins","description":"","publisher":{"@id":"https:\/\/allin1bitcoins.com\/it\/#organization"},"potentialAction":[{"@type":"SearchAction","target":{"@type":"EntryPoint","urlTemplate":"https:\/\/allin1bitcoins.com\/it\/?s={search_term_string}"},"query-input":"required name=search_term_string"}],"inLanguage":"it"},{"@type":"Organization","@id":"https:\/\/allin1bitcoins.com\/it\/#organization","name":"allin1bitcoins","url":"https:\/\/allin1bitcoins.com\/it\/","logo":{"@type":"ImageObject","inLanguage":"it","@id":"https:\/\/allin1bitcoins.com\/it\/#\/schema\/logo\/image\/","url":"https:\/\/allin1bitcoins.com\/wp-content\/uploads\/2019\/01\/logo-new.png","contentUrl":"https:\/\/allin1bitcoins.com\/wp-content\/uploads\/2019\/01\/logo-new.png","width":178,"height":71,"caption":"allin1bitcoins"},"image":{"@id":"https:\/\/allin1bitcoins.com\/it\/#\/schema\/logo\/image\/"}}]}},"_links":{"self":[{"href":"https:\/\/allin1bitcoins.com\/it\/wp-json\/wp\/v2\/pages\/20118"}],"collection":[{"href":"https:\/\/allin1bitcoins.com\/it\/wp-json\/wp\/v2\/pages"}],"about":[{"href":"https:\/\/allin1bitcoins.com\/it\/wp-json\/wp\/v2\/types\/page"}],"author":[{"embeddable":true,"href":"https:\/\/allin1bitcoins.com\/it\/wp-json\/wp\/v2\/users\/3"}],"replies":[{"embeddable":true,"href":"https:\/\/allin1bitcoins.com\/it\/wp-json\/wp\/v2\/comments?post=20118"}],"version-history":[{"count":4,"href":"https:\/\/allin1bitcoins.com\/it\/wp-json\/wp\/v2\/pages\/20118\/revisions"}],"predecessor-version":[{"id":20170,"href":"https:\/\/allin1bitcoins.com\/it\/wp-json\/wp\/v2\/pages\/20118\/revisions\/20170"}],"up":[{"embeddable":true,"href":"https:\/\/allin1bitcoins.com\/it\/wp-json\/wp\/v2\/pages\/19978"}],"wp:featuredmedia":[{"embeddable":true,"href":"https:\/\/allin1bitcoins.com\/it\/wp-json\/wp\/v2\/media\/17200"}],"wp:attachment":[{"href":"https:\/\/allin1bitcoins.com\/it\/wp-json\/wp\/v2\/media?parent=20118"}],"curies":[{"name":"wp","href":"https:\/\/api.w.org\/{rel}","templated":true}]}}