{"id":20345,"date":"2023-02-04T18:26:31","date_gmt":"2023-02-04T18:26:31","guid":{"rendered":"https:\/\/allin1bitcoins.com\/?page_id=20345"},"modified":"2023-02-04T18:26:34","modified_gmt":"2023-02-04T18:26:34","slug":"united-kingdom","status":"publish","type":"page","link":"https:\/\/allin1bitcoins.com\/it\/crypto\/kirobo\/united-kingdom\/","title":{"rendered":"Come Acquistare Kirobo (KIBO) Nel Regno Unito"},"content":{"rendered":"\n<p><strong>Per acquistare la moneta Kirobo in Regno Unito, devi seguire questi passaggi:<\/strong><\/p>\n\n\n\n<ul><li>Cerca un exchange di criptovaluta che accetti la moneta Kirobo e abbia clienti nel Regno Unito.<br><br><\/li><li>Iscriviti a un account sull&#8217;exchange e autentica la tua identit\u00e0.<br><br><\/li><li>Collega il tuo account exchange al tuo metodo di pagamento.<br><br><\/li><li>Utilizza il tuo metodo di pagamento per acquistare la moneta Kirobo.<br><br><\/li><li>Effettua l&#8217;acquisto.<\/li><\/ul>\n\n\n\n<h2 class=\"wp-block-heading\">Panoramica della moneta Kirobo<\/h2>\n\n\n\n<p>La criptovaluta decentralizzata nota come moneta Kirobo \u00e8 stata sviluppata per abilitare la piattaforma Kirobo, un mercato e una rete sociale per robot e intelligenza artificiale. La moneta Kirobo, una criptovaluta costruita sulla blockchain di Ethereum, utilizza i contratti intelligenti per consentire transazioni sicure e aperte da parte degli utenti.<\/p>\n\n\n\n<h2 class=\"wp-block-heading\">Vantaggi dell&#8217;acquisto di Kirobo Coin<\/h2>\n\n\n\n<p><strong>Di seguito sono elencati alcuni dei vantaggi dell&#8217;acquisto di Kirobo Coin:<\/strong><\/p>\n\n\n\n<ul><li><strong>Supporto per la piattaforma Kirobo: <\/strong>l&#8217;acquisto di Kirobo Coin aiuter\u00e0 la piattaforma Kirobo, che aspira a costruire una comunit\u00e0 per robot e intelligenza artificiale, a continuare a espandersi e prosperare.<br><br><\/li><li><strong>Potenziale di crescita: <\/strong>il prezzo di Kirobo Coin potrebbe aumentare man mano che la piattaforma Kirobo si espande e acquista popolarit\u00e0. A causa di ci\u00f2, l&#8217;acquisto di Kirobo Coin pu\u00f2 rappresentare un investimento redditizio.<br><br><\/li><li><strong>Decentralizzato e sicuro:<\/strong> Kirobo Coin \u00e8 costruito sulla rete Ethereum decentralizzata e sicura. Questo garantisce che il tuo Kirobo Coin sar\u00e0 al sicuro da pericoli come il hacking.<\/li><\/ul>\n\n\n\n<h2 class=\"wp-block-heading\">Come acquistare Kirobo Coin nel Regno Unito: una guida passo-passo<\/h2>\n\n\n\n<ol><li>Cerca una piattaforma di scambio di criptovalute che accetti Kirobo Coin e che abbia clienti nel Regno Unito. Piattaforme popolari come Coinbase, Binance e Kraken potrebbero supportare Kirobo Coin e offrire servizi ai clienti nel Regno Unito.<br><br><\/li><li>Iscriviti a un account sulla piattaforma di scambio e autentica la tua identit\u00e0. La maggior parte delle piattaforme di scambio ti richieder\u00e0 alcune informazioni personali e forse anche una copia del tuo documento d&#8217;identit\u00e0 rilasciato dal governo. Questa precauzione di sicurezza \u00e8 progettata per aiutare a prevenire frodi e confermare che sei davvero tu.<br><br><\/li><li>Collega il tuo account sulla piattaforma di scambio al tuo metodo di pagamento. Devi dare alla piattaforma di scambio un modo per trasferire fondi dal tuo account. Questo viene comunemente fatto collegando il tuo account sulla piattaforma di scambio a un conto bancario, una carta di debito o una carta di credito.<br><br><\/li><li>Usa il tuo metodo di pagamento per acquistare Kirobo Coin. Puoi acquistare Kirobo Coin visitando la pagina di acquisto\/vendita sulla piattaforma di scambio e scegliendo la tua opzione di pagamento dopo aver collegato il tuo metodo di pagamento al tuo account sulla piattaforma di scambio. Completa la transazione immettendo la quantit\u00e0 di Kirobo Coin che desideri acquistare.<\/li><\/ol>\n\n\n\n<figure class=\"wp-block-embed is-type-video is-provider-youtube wp-block-embed-youtube wp-embed-aspect-16-9 wp-has-aspect-ratio\"><div class=\"wp-block-embed__wrapper\">\n<iframe title=\"Kirobo Coin Review 2021 - Taking a look at Kirobo.io -  Kirobo Token Security - Crypto Kirobo Coin\" width=\"800\" height=\"450\" src=\"https:\/\/www.youtube.com\/embed\/S8K_0RnjgR8?feature=oembed\" frameborder=\"0\" allow=\"accelerometer; autoplay; clipboard-write; encrypted-media; gyroscope; picture-in-picture; web-share\" allowfullscreen><\/iframe>\n<\/div><\/figure>\n\n\n\n<h2 class=\"wp-block-heading\">Acquistare Kirobo Coin nelle tasse del Regno Unito<\/h2>\n\n\n\n<p>\u00c8 fondamentale comprendere le conseguenze fiscali dell&#8217;acquisto di Kirobo Coin nel Regno Unito. Secondo HM Revenue and Customs (HMRC), l&#8217;autorit\u00e0 fiscale nel Regno Unito, la vendita di criptovaluta \u00e8 soggetta a imposte sulle plusvalenze. Ci\u00f2 significa che devi pagare imposte sulle plusvalenze su eventuali profitti realizzati se acquisti Kirobo Coin e poi lo vendi a un profitto.<\/p>\n\n\n\n<p>La tua situazione specifica, compresi il tuo tasso fiscale e se sei un contribuente a tasso base, tasso superiore o tasso supplementare, determiner\u00e0 quante tasse devi pagare. Per maggiori dettagli su come dichiarare e pagare le tasse sulle tue transazioni di bitcoin, dovresti parlare con un esperto fiscale o l&#8217;HMRC.<\/p>\n\n\n\n<h2 class=\"wp-block-heading\">Conclusione<\/h2>\n\n\n\n<p>Sostenendo la piattaforma Kirobo acquistando Kirobo Coin nel Regno Unito, hai la possibilit\u00e0 di sfruttare l&#8217;espansione della comunit\u00e0 Kirobo. Per garantire una transazione sicura ed efficace, assicurati di utilizzare un exchange affidabile e di conservare le informazioni sul metodo di pagamento. \u00c8 anche fondamentale comprendere le conseguenze finanziarie dell&#8217;acquisto di Kirobo Coin nel Regno Unito e parlare con un esperto fiscale se hai preoccupazioni.<\/p>\n\n\n\n<!-- Page-list plugin v.5.9 wordpress.org\/plugins\/page-list\/ -->\n<ul class=\"page-list siblings-page-list \">\n<li class=\"page_item page-item-20345\"><a href=\"https:\/\/allin1bitcoins.com\/it\/crypto\/kirobo\/united-kingdom\/\">Come Acquistare Kirobo (KIBO) Nel Regno Unito<\/a><\/li>\n<li class=\"page_item page-item-20322\"><a href=\"https:\/\/allin1bitcoins.com\/it\/crypto\/kirobo\/paypal\/\">Come Acquistare Kirobo (KIRO) Con PayPal<\/a><\/li>\n<li class=\"page_item page-item-20330\"><a href=\"https:\/\/allin1bitcoins.com\/it\/crypto\/kirobo\/skrill\/\">Come Acquistare Kirobo (KIRO) Con Skrill<\/a><\/li>\n<li class=\"page_item page-item-20288\"><a href=\"https:\/\/allin1bitcoins.com\/it\/crypto\/kirobo\/credit-card\/\">Come Acquistare Kirobo (KIRO) Con Una Carta Di Credito<\/a><\/li>\n<li class=\"page_item page-item-20299\"><a href=\"https:\/\/allin1bitcoins.com\/it\/crypto\/kirobo\/debit-card\/\">Come Acquistare Kirobo (KIRO) Con Una Carta Di Debito<\/a><\/li>\n<li class=\"page_item page-item-20281\"><a href=\"https:\/\/allin1bitcoins.com\/it\/crypto\/kirobo\/australia\/\">Come Acquistare Kirobo (KIRO) In Australia<\/a><\/li>\n<li class=\"page_item page-item-20248\"><a href=\"https:\/\/allin1bitcoins.com\/it\/crypto\/kirobo\/united-states\/\">Come Acquistare La Moneta Kirobo (KIRO) Negli Stati Uniti<\/a><\/li>\n<li class=\"page_item page-item-20259\"><a href=\"https:\/\/allin1bitcoins.com\/it\/crypto\/kirobo\/canada\/\">Come Comprare Kirobo (KIRO) In Canada<\/a><\/li>\n\n<\/ul>\n","protected":false},"excerpt":{"rendered":"<p>Per acquistare la moneta Kirobo in Regno Unito, devi seguire questi passaggi: Cerca un exchange di criptovaluta che accetti la moneta Kirobo e abbia clienti nel Regno Unito. Iscriviti a un account sull&#8217;exchange e autentica la tua identit\u00e0. Collega il tuo account exchange al tuo metodo di pagamento. Utilizza il tuo metodo di pagamento per&#8230;<\/p>\n","protected":false},"author":3,"featured_media":16007,"parent":20212,"menu_order":0,"comment_status":"closed","ping_status":"closed","template":"","meta":{"cybocfi_hide_featured_image":"","footnotes":""},"acf":[],"yoast_head":"<!-- This site is optimized with the Yoast SEO plugin v21.7 - https:\/\/yoast.com\/wordpress\/plugins\/seo\/ -->\n<title>Come Acquistare Kirobo (KIBO) Nel Regno Unito<\/title>\n<meta name=\"description\" content=\"\u00c8 necessario eseguire le seguenti azioni per acquistare la moneta KIRO nel Regno Unito. Leggi di seguito per saperne di pi\u00f9 sui dettagli.\" \/>\n<meta name=\"robots\" content=\"index, follow, max-snippet:-1, max-image-preview:large, max-video-preview:-1\" \/>\n<link rel=\"canonical\" href=\"https:\/\/allin1bitcoins.com\/it\/crypto\/kirobo\/united-kingdom\/\" \/>\n<meta property=\"og:locale\" content=\"it_IT\" \/>\n<meta property=\"og:type\" content=\"article\" \/>\n<meta property=\"og:title\" content=\"Come Acquistare Kirobo (KIBO) Nel Regno Unito\" \/>\n<meta property=\"og:description\" content=\"\u00c8 necessario eseguire le seguenti azioni per acquistare la moneta KIRO nel Regno Unito. Leggi di seguito per saperne di pi\u00f9 sui dettagli.\" \/>\n<meta property=\"og:url\" content=\"https:\/\/allin1bitcoins.com\/it\/crypto\/kirobo\/united-kingdom\/\" \/>\n<meta property=\"og:site_name\" content=\"Allin1Bitcoins\" \/>\n<meta property=\"article:modified_time\" content=\"2023-02-04T18:26:34+00:00\" \/>\n<meta property=\"og:image\" content=\"https:\/\/allin1bitcoins.com\/wp-content\/uploads\/2023\/01\/christopher-bill-rrTRZdCu7No-unsplash.jpg\" \/>\n\t<meta property=\"og:image:width\" content=\"1920\" \/>\n\t<meta property=\"og:image:height\" content=\"1280\" \/>\n\t<meta property=\"og:image:type\" content=\"image\/jpeg\" \/>\n<meta name=\"twitter:card\" content=\"summary_large_image\" \/>\n<meta name=\"twitter:label1\" content=\"Est. reading time\" \/>\n\t<meta name=\"twitter:data1\" content=\"3 minutes\" \/>\n<!-- \/ Yoast SEO plugin. -->","yoast_head_json":{"title":"Come Acquistare Kirobo (KIBO) Nel Regno Unito","description":"\u00c8 necessario eseguire le seguenti azioni per acquistare la moneta KIRO nel Regno Unito. Leggi di seguito per saperne di pi\u00f9 sui dettagli.","robots":{"index":"index","follow":"follow","max-snippet":"max-snippet:-1","max-image-preview":"max-image-preview:large","max-video-preview":"max-video-preview:-1"},"canonical":"https:\/\/allin1bitcoins.com\/it\/crypto\/kirobo\/united-kingdom\/","og_locale":"it_IT","og_type":"article","og_title":"Come Acquistare Kirobo (KIBO) Nel Regno Unito","og_description":"\u00c8 necessario eseguire le seguenti azioni per acquistare la moneta KIRO nel Regno Unito. Leggi di seguito per saperne di pi\u00f9 sui dettagli.","og_url":"https:\/\/allin1bitcoins.com\/it\/crypto\/kirobo\/united-kingdom\/","og_site_name":"Allin1Bitcoins","article_modified_time":"2023-02-04T18:26:34+00:00","og_image":[{"width":1920,"height":1280,"url":"https:\/\/allin1bitcoins.com\/wp-content\/uploads\/2023\/01\/christopher-bill-rrTRZdCu7No-unsplash.jpg","type":"image\/jpeg"}],"twitter_card":"summary_large_image","twitter_misc":{"Est. reading time":"3 minutes"},"schema":{"@context":"https:\/\/schema.org","@graph":[{"@type":"WebPage","@id":"https:\/\/allin1bitcoins.com\/it\/crypto\/kirobo\/united-kingdom\/","url":"https:\/\/allin1bitcoins.com\/it\/crypto\/kirobo\/united-kingdom\/","name":"Come Acquistare Kirobo (KIBO) Nel Regno Unito","isPartOf":{"@id":"https:\/\/allin1bitcoins.com\/it\/#website"},"datePublished":"2023-02-04T18:26:31+00:00","dateModified":"2023-02-04T18:26:34+00:00","description":"\u00c8 necessario eseguire le seguenti azioni per acquistare la moneta KIRO nel Regno Unito. Leggi di seguito per saperne di pi\u00f9 sui dettagli.","breadcrumb":{"@id":"https:\/\/allin1bitcoins.com\/it\/crypto\/kirobo\/united-kingdom\/#breadcrumb"},"inLanguage":"it","potentialAction":[{"@type":"ReadAction","target":["https:\/\/allin1bitcoins.com\/it\/crypto\/kirobo\/united-kingdom\/"]}]},{"@type":"BreadcrumbList","@id":"https:\/\/allin1bitcoins.com\/it\/crypto\/kirobo\/united-kingdom\/#breadcrumb","itemListElement":[{"@type":"ListItem","position":1,"name":"Home","item":"https:\/\/allin1bitcoins.com\/it\/"},{"@type":"ListItem","position":2,"name":"Crypto","item":"https:\/\/allin1bitcoins.com\/it\/crypto\/"},{"@type":"ListItem","position":3,"name":"Come Acquistare Kirobo (KIRO) &#8211; Guida Passo Passo (2023)","item":"https:\/\/allin1bitcoins.com\/it\/crypto\/kirobo\/"},{"@type":"ListItem","position":4,"name":"Come Acquistare Kirobo (KIBO) Nel Regno Unito"}]},{"@type":"WebSite","@id":"https:\/\/allin1bitcoins.com\/it\/#website","url":"https:\/\/allin1bitcoins.com\/it\/","name":"Allin1Bitcoins","description":"","publisher":{"@id":"https:\/\/allin1bitcoins.com\/it\/#organization"},"potentialAction":[{"@type":"SearchAction","target":{"@type":"EntryPoint","urlTemplate":"https:\/\/allin1bitcoins.com\/it\/?s={search_term_string}"},"query-input":"required name=search_term_string"}],"inLanguage":"it"},{"@type":"Organization","@id":"https:\/\/allin1bitcoins.com\/it\/#organization","name":"allin1bitcoins","url":"https:\/\/allin1bitcoins.com\/it\/","logo":{"@type":"ImageObject","inLanguage":"it","@id":"https:\/\/allin1bitcoins.com\/it\/#\/schema\/logo\/image\/","url":"https:\/\/allin1bitcoins.com\/wp-content\/uploads\/2019\/01\/logo-new.png","contentUrl":"https:\/\/allin1bitcoins.com\/wp-content\/uploads\/2019\/01\/logo-new.png","width":178,"height":71,"caption":"allin1bitcoins"},"image":{"@id":"https:\/\/allin1bitcoins.com\/it\/#\/schema\/logo\/image\/"}}]}},"_links":{"self":[{"href":"https:\/\/allin1bitcoins.com\/it\/wp-json\/wp\/v2\/pages\/20345"}],"collection":[{"href":"https:\/\/allin1bitcoins.com\/it\/wp-json\/wp\/v2\/pages"}],"about":[{"href":"https:\/\/allin1bitcoins.com\/it\/wp-json\/wp\/v2\/types\/page"}],"author":[{"embeddable":true,"href":"https:\/\/allin1bitcoins.com\/it\/wp-json\/wp\/v2\/users\/3"}],"replies":[{"embeddable":true,"href":"https:\/\/allin1bitcoins.com\/it\/wp-json\/wp\/v2\/comments?post=20345"}],"version-history":[{"count":3,"href":"https:\/\/allin1bitcoins.com\/it\/wp-json\/wp\/v2\/pages\/20345\/revisions"}],"predecessor-version":[{"id":20354,"href":"https:\/\/allin1bitcoins.com\/it\/wp-json\/wp\/v2\/pages\/20345\/revisions\/20354"}],"up":[{"embeddable":true,"href":"https:\/\/allin1bitcoins.com\/it\/wp-json\/wp\/v2\/pages\/20212"}],"wp:featuredmedia":[{"embeddable":true,"href":"https:\/\/allin1bitcoins.com\/it\/wp-json\/wp\/v2\/media\/16007"}],"wp:attachment":[{"href":"https:\/\/allin1bitcoins.com\/it\/wp-json\/wp\/v2\/media?parent=20345"}],"curies":[{"name":"wp","href":"https:\/\/api.w.org\/{rel}","templated":true}]}}