{"id":20494,"date":"2023-02-06T06:30:18","date_gmt":"2023-02-06T06:30:18","guid":{"rendered":"https:\/\/allin1bitcoins.com\/?page_id=20494"},"modified":"2023-02-06T06:31:09","modified_gmt":"2023-02-06T06:31:09","slug":"denmark","status":"publish","type":"page","link":"https:\/\/allin1bitcoins.com\/it\/crypto\/signature-chain\/denmark\/","title":{"rendered":"Come Acquistare Signature Chain (SIGN) In Danimarca"},"content":{"rendered":"\n<h2 class=\"wp-block-heading\">Puoi acquistare monete Signature Chain in Danimarca.<\/h2>\n\n\n\n<ul><li>Il primo passo per acquistarlo in Danimarca \u00e8 trovare un exchange di criptovalute che offra la moneta Signature Chain.\u00a0<br><br><\/li><li>Binance, Coinbase e Kraken sono alcune delle exchange ben note dove puoi acquistare la token Signature Chain in Danimarca.\u00a0<br><br><\/li><li>Una volta che hai trovato un exchange che accetti la moneta Signature Chain, puoi aprire un account, provare la tua identit\u00e0 e aggiungere denaro al tuo account.\u00a0<br><br><\/li><li>Dopo che il tuo account \u00e8 stato alimentato, puoi cercare la moneta Signature Chain e fare un ordine per acquistarla.<\/li><\/ul>\n\n\n\n<h2 class=\"wp-block-heading\">Panoramica su Signature Chain<\/h2>\n\n\n\n<p>Gli utenti possono produrre e validare firme digitali sulla blockchain utilizzando la piattaforma decentralizzata conosciuta come Signature Chain.\u00a0\u00c8 progettato per fornire agli utenti un mezzo sicuro, trasparente e immutabile per firmare e validare documenti importanti, contratti e altri documenti.\u00a0La criptovaluta nativa SIGN, che \u00e8 destinata a incoraggiare e premiare gli utenti che contribuiscono alla rete, alimenta la rete Signature Chain.<\/p>\n\n\n\n<h2 class=\"wp-block-heading\">Vantaggi di acquistare una moneta Signature Chain<\/h2>\n\n\n\n<p>L&#8217;acquisto della valuta Signature Chain presenta una serie di vantaggi.\u00a0Innanzitutto, potrebbe fornire un buon rendimento sull&#8217;investimento.\u00a0SIGN \u00e8 una delle molte criptovalute che hanno visto una crescita significativa dei prezzi negli ultimi anni. Puoi considerare l&#8217;acquisto di SIGN come un investimento speculativo se credi nel potenziale a lungo termine di Signature Chain e nel valore che aggiunge all&#8217;industria delle firme digitali.<\/p>\n\n\n\n<p>In secondo luogo, acquistando SIGN puoi contribuire alla rete Signature Chain e aiutare la sua espansione. Possedendo SIGN, puoi partecipare alla rete come azionista e potenzialmente guadagnare vantaggi per aver fatto contributi.<\/p>\n\n\n\n<h2 class=\"wp-block-heading\">Istruzioni dettagliate su come acquistare le monete Danish Signature Chain<\/h2>\n\n\n\n<p><strong>Un guida passo-passo su come acquistare le monete Danish Signature Chain \u00e8 fornita di seguito:<\/strong><\/p>\n\n\n\n<ol><li><strong>Una borsa criptovaluta compatibile con SIGN dovrebbe essere cercata.<\/strong><br> Come gi\u00e0 notato, grandi borse come Binance, Coinbase e Kraken ti permettono di acquistare SIGN in Danimarca. Prima di selezionare una, fai i compiti e esamina i costi, la reputazione e la sicurezza di diverse borse.<br><br><\/li><li><strong>Apri un profilo sulla borsa.<\/strong><br> Crea un account sul sito della borsa, quindi conferma la tua identificazione seguendo i passaggi online. Spesso \u00e8 necessario caricare un documento di identit\u00e0 rilasciato dal governo insieme ad alcune informazioni personali durante questo processo.<br><br><\/li><li><strong>Aggiungi denaro al tuo account.<\/strong><br> Non puoi acquistare SIGN a meno che tu non depositi denaro sul tuo account verificato. I trasferimenti bancari e i pagamenti con carta di credito\/debito sono generalmente accettati presso le borse.<br><br><\/li><li><strong>Ordina SIGN facendo una ricerca.<\/strong><br> Quando il tuo account \u00e8 finanziato, puoi cercare SIGN sulla piattaforma di trading della borsa. Utilizzando i soldi che hai appena depositato, puoi quindi effettuare un ordine per acquistare SIGN.<br><br><\/li><li><strong>Prendi i tuoi SIGN e mettili in un portafoglio sicuro.<\/strong><br> Il tuo SIGN sar\u00e0 accreditato sul tuo account della borsa dopo che il tuo ordine sar\u00e0 finito. Per proteggere i tuoi SIGN contro gli attacchi degli hacker e altri pericoli, si consiglia di prelevare i tuoi soldi in un portafoglio sicuro, come un portafoglio hardware.<\/li><\/ol>\n\n\n\n<figure class=\"wp-block-embed is-type-video is-provider-youtube wp-block-embed-youtube wp-embed-aspect-16-9 wp-has-aspect-ratio\"><div class=\"wp-block-embed__wrapper\">\n<iframe title=\"How to Buy Crypto in Denmark EASY\" width=\"800\" height=\"450\" src=\"https:\/\/www.youtube.com\/embed\/s_CGenQbjU0?feature=oembed\" frameborder=\"0\" allow=\"accelerometer; autoplay; clipboard-write; encrypted-media; gyroscope; picture-in-picture; web-share\" allowfullscreen><\/iframe>\n<\/div><\/figure>\n\n\n\n<h2 class=\"wp-block-heading\">Imposta danese sull&#8217;acquisto di monete Signature Chain<\/h2>\n\n\n\n<p>La tassazione delle transazioni in bitcoin in Danimarca \u00e8 ancora un argomento fresco e in evoluzione. Le criptovalute sono generalmente considerate dalle autorit\u00e0 fiscali danesi come beni tassabili e qualsiasi guadagno derivante dall&#8217;acquisto e vendita di essi \u00e8 soggetto a imposta sulle plusvalenze.<\/p>\n\n\n\n<p>Eventuali profitti che si realizzano dalla vendita di SIGN se si acquista per uso personale e si detiene a lungo termine possono essere tassati come plusvalenze. In questa situazione, \u00e8 necessario dichiarare i propri guadagni sul modello di dichiarazione dei redditi annuale e pagare l&#8217;imposta alla aliquota applicabile alla propria situazione.<\/p>\n\n\n\n<p>I tuoi guadagni possono essere soggetti a imposta sul reddito se acquisti SIGN a scopo commerciale, come il trading o se lo accetti come pagamento per prodotti o servizi. In questa situazione, devi includere i tuoi profitti come reddito d&#8217;impresa sul modello di dichiarazione dei redditi e pagare l&#8217;imposta alla aliquota applicabile alla tua situazione individuale.<\/p>\n\n\n\n<p>Lo stato fiscale delle transazioni in bitcoin \u00e8 un argomento complesso e in evoluzione e le regole e le norme possono cambiare a seconda della tua situazione unica. Si consiglia di consultare un esperto fiscale o le autorit\u00e0 fiscali danesi se non si \u00e8 sicuri delle conseguenze fiscali dell&#8217;acquisto e vendita di SIGN in Danimarca.&#8221;<\/p>\n\n\n\n<h2 class=\"wp-block-heading\">Conclusione<\/h2>\n\n\n\n<p>In conclusione, seguendo i metodi sopra menzionati, l&#8217;acquisto di monete della Signature Chain in Danimarca \u00e8 un processo abbastanza semplice. \u00c8 possibile acquistare SIGN e unirsi alla rete Signature Chain scegliendo una criptovaluta affidabile, impostando un account e depositando denaro. Prima di acquistare SIGN o qualsiasi altra criptovaluta, \u00e8 cruciale fare i compiti e comprendere i rischi e le conseguenze fiscali delle transazioni. L&#8217;acquisto di SIGN in Danimarca pu\u00f2 fornire un forte ritorno sull&#8217;investimento e un mezzo per partecipare all&#8217;espansione e allo sviluppo della piattaforma Signature Chain con un&#8217;adeguata diligenza e una prospettiva di investimento a lungo termine.<\/p>\n\n\n\n<!-- Page-list plugin v.5.9 wordpress.org\/plugins\/page-list\/ -->\n<ul class=\"page-list siblings-page-list \">\n<li class=\"page_item page-item-20409\"><a href=\"https:\/\/allin1bitcoins.com\/it\/crypto\/signature-chain\/venmo\/\">Come Acquistare La Moneta Signature Chain (SIGN) Con Venmo<\/a><\/li>\n<li class=\"page_item page-item-20436\"><a href=\"https:\/\/allin1bitcoins.com\/it\/crypto\/signature-chain\/netherlands\/\">Come Acquistare La Moneta Signature Chain (SIGN) in Olanda<\/a><\/li>\n<li class=\"page_item page-item-20398\"><a href=\"https:\/\/allin1bitcoins.com\/it\/crypto\/signature-chain\/google-pay\/\">Come Acquistare Signature Chain (SIGN) Con Google Pay<\/a><\/li>\n<li class=\"page_item page-item-20375\"><a href=\"https:\/\/allin1bitcoins.com\/it\/crypto\/signature-chain\/paypal\/\">Come Acquistare Signature Chain (SIGN) Con PayPal<\/a><\/li>\n<li class=\"page_item page-item-20365\"><a href=\"https:\/\/allin1bitcoins.com\/it\/crypto\/signature-chain\/credit-card\/\">Come Acquistare Signature Chain (SIGN) Con Una Carta Di Credito<\/a><\/li>\n<li class=\"page_item page-item-20494\"><a href=\"https:\/\/allin1bitcoins.com\/it\/crypto\/signature-chain\/denmark\/\">Come Acquistare Signature Chain (SIGN) In Danimarca<\/a><\/li>\n<li class=\"page_item page-item-20419\"><a href=\"https:\/\/allin1bitcoins.com\/it\/crypto\/signature-chain\/germany\/\">Come Acquistare Signature Chain (SIGN) In Germania<\/a><\/li>\n<li class=\"page_item page-item-20477\"><a href=\"https:\/\/allin1bitcoins.com\/it\/crypto\/signature-chain\/ireland\/\">Come Acquistare Signature Chain (SIGN) In Irlanda<\/a><\/li>\n\n<\/ul>\n","protected":false},"excerpt":{"rendered":"<p>Puoi acquistare monete Signature Chain in Danimarca. Il primo passo per acquistarlo in Danimarca \u00e8 trovare un exchange di criptovalute che offra la moneta Signature Chain.\u00a0 Binance, Coinbase e Kraken sono alcune delle exchange ben note dove puoi acquistare la token Signature Chain in Danimarca.\u00a0 Una volta che hai trovato un exchange che accetti la&#8230;<\/p>\n","protected":false},"author":3,"featured_media":14423,"parent":20232,"menu_order":0,"comment_status":"closed","ping_status":"closed","template":"","meta":{"cybocfi_hide_featured_image":"","footnotes":""},"acf":[],"yoast_head":"<!-- This site is optimized with the Yoast SEO plugin v21.7 - https:\/\/yoast.com\/wordpress\/plugins\/seo\/ -->\n<title>Come Acquistare Signature Chain (SIGN) In Danimarca<\/title>\n<meta name=\"description\" content=\"Trovare una piattaforma di criptovalute che offra la moneta Signature Chain \u00e8 il primo passo se si vuole acquistarla in Danimarca.\" \/>\n<meta name=\"robots\" content=\"index, follow, max-snippet:-1, max-image-preview:large, max-video-preview:-1\" \/>\n<link rel=\"canonical\" href=\"https:\/\/allin1bitcoins.com\/it\/crypto\/signature-chain\/denmark\/\" \/>\n<meta property=\"og:locale\" content=\"it_IT\" \/>\n<meta property=\"og:type\" content=\"article\" \/>\n<meta property=\"og:title\" content=\"Come Acquistare Signature Chain (SIGN) In Danimarca\" \/>\n<meta property=\"og:description\" content=\"Trovare una piattaforma di criptovalute che offra la moneta Signature Chain \u00e8 il primo passo se si vuole acquistarla in Danimarca.\" \/>\n<meta property=\"og:url\" content=\"https:\/\/allin1bitcoins.com\/it\/crypto\/signature-chain\/denmark\/\" \/>\n<meta property=\"og:site_name\" content=\"Allin1Bitcoins\" \/>\n<meta property=\"article:modified_time\" content=\"2023-02-06T06:31:09+00:00\" \/>\n<meta property=\"og:image\" content=\"https:\/\/allin1bitcoins.com\/wp-content\/uploads\/2023\/01\/mark-konig-ldVsZ3owWY-unsplash.jpg\" \/>\n\t<meta property=\"og:image:width\" content=\"1920\" \/>\n\t<meta property=\"og:image:height\" content=\"1440\" \/>\n\t<meta property=\"og:image:type\" content=\"image\/jpeg\" \/>\n<meta name=\"twitter:card\" content=\"summary_large_image\" \/>\n<meta name=\"twitter:label1\" content=\"Est. reading time\" \/>\n\t<meta name=\"twitter:data1\" content=\"4 minutes\" \/>\n<!-- \/ Yoast SEO plugin. -->","yoast_head_json":{"title":"Come Acquistare Signature Chain (SIGN) In Danimarca","description":"Trovare una piattaforma di criptovalute che offra la moneta Signature Chain \u00e8 il primo passo se si vuole acquistarla in Danimarca.","robots":{"index":"index","follow":"follow","max-snippet":"max-snippet:-1","max-image-preview":"max-image-preview:large","max-video-preview":"max-video-preview:-1"},"canonical":"https:\/\/allin1bitcoins.com\/it\/crypto\/signature-chain\/denmark\/","og_locale":"it_IT","og_type":"article","og_title":"Come Acquistare Signature Chain (SIGN) In Danimarca","og_description":"Trovare una piattaforma di criptovalute che offra la moneta Signature Chain \u00e8 il primo passo se si vuole acquistarla in Danimarca.","og_url":"https:\/\/allin1bitcoins.com\/it\/crypto\/signature-chain\/denmark\/","og_site_name":"Allin1Bitcoins","article_modified_time":"2023-02-06T06:31:09+00:00","og_image":[{"width":1920,"height":1440,"url":"https:\/\/allin1bitcoins.com\/wp-content\/uploads\/2023\/01\/mark-konig-ldVsZ3owWY-unsplash.jpg","type":"image\/jpeg"}],"twitter_card":"summary_large_image","twitter_misc":{"Est. reading time":"4 minutes"},"schema":{"@context":"https:\/\/schema.org","@graph":[{"@type":"WebPage","@id":"https:\/\/allin1bitcoins.com\/it\/crypto\/signature-chain\/denmark\/","url":"https:\/\/allin1bitcoins.com\/it\/crypto\/signature-chain\/denmark\/","name":"Come Acquistare Signature Chain (SIGN) In Danimarca","isPartOf":{"@id":"https:\/\/allin1bitcoins.com\/it\/#website"},"datePublished":"2023-02-06T06:30:18+00:00","dateModified":"2023-02-06T06:31:09+00:00","description":"Trovare una piattaforma di criptovalute che offra la moneta Signature Chain \u00e8 il primo passo se si vuole acquistarla in Danimarca.","breadcrumb":{"@id":"https:\/\/allin1bitcoins.com\/it\/crypto\/signature-chain\/denmark\/#breadcrumb"},"inLanguage":"it","potentialAction":[{"@type":"ReadAction","target":["https:\/\/allin1bitcoins.com\/it\/crypto\/signature-chain\/denmark\/"]}]},{"@type":"BreadcrumbList","@id":"https:\/\/allin1bitcoins.com\/it\/crypto\/signature-chain\/denmark\/#breadcrumb","itemListElement":[{"@type":"ListItem","position":1,"name":"Home","item":"https:\/\/allin1bitcoins.com\/it\/"},{"@type":"ListItem","position":2,"name":"Crypto","item":"https:\/\/allin1bitcoins.com\/it\/crypto\/"},{"@type":"ListItem","position":3,"name":"Come Acquistare Signature Chain (SIGN) | Guida Dettagliata (2023)","item":"https:\/\/allin1bitcoins.com\/it\/crypto\/signature-chain\/"},{"@type":"ListItem","position":4,"name":"Come Acquistare Signature Chain (SIGN) In Danimarca"}]},{"@type":"WebSite","@id":"https:\/\/allin1bitcoins.com\/it\/#website","url":"https:\/\/allin1bitcoins.com\/it\/","name":"Allin1Bitcoins","description":"","publisher":{"@id":"https:\/\/allin1bitcoins.com\/it\/#organization"},"potentialAction":[{"@type":"SearchAction","target":{"@type":"EntryPoint","urlTemplate":"https:\/\/allin1bitcoins.com\/it\/?s={search_term_string}"},"query-input":"required name=search_term_string"}],"inLanguage":"it"},{"@type":"Organization","@id":"https:\/\/allin1bitcoins.com\/it\/#organization","name":"allin1bitcoins","url":"https:\/\/allin1bitcoins.com\/it\/","logo":{"@type":"ImageObject","inLanguage":"it","@id":"https:\/\/allin1bitcoins.com\/it\/#\/schema\/logo\/image\/","url":"https:\/\/allin1bitcoins.com\/wp-content\/uploads\/2019\/01\/logo-new.png","contentUrl":"https:\/\/allin1bitcoins.com\/wp-content\/uploads\/2019\/01\/logo-new.png","width":178,"height":71,"caption":"allin1bitcoins"},"image":{"@id":"https:\/\/allin1bitcoins.com\/it\/#\/schema\/logo\/image\/"}}]}},"_links":{"self":[{"href":"https:\/\/allin1bitcoins.com\/it\/wp-json\/wp\/v2\/pages\/20494"}],"collection":[{"href":"https:\/\/allin1bitcoins.com\/it\/wp-json\/wp\/v2\/pages"}],"about":[{"href":"https:\/\/allin1bitcoins.com\/it\/wp-json\/wp\/v2\/types\/page"}],"author":[{"embeddable":true,"href":"https:\/\/allin1bitcoins.com\/it\/wp-json\/wp\/v2\/users\/3"}],"replies":[{"embeddable":true,"href":"https:\/\/allin1bitcoins.com\/it\/wp-json\/wp\/v2\/comments?post=20494"}],"version-history":[{"count":4,"href":"https:\/\/allin1bitcoins.com\/it\/wp-json\/wp\/v2\/pages\/20494\/revisions"}],"predecessor-version":[{"id":20504,"href":"https:\/\/allin1bitcoins.com\/it\/wp-json\/wp\/v2\/pages\/20494\/revisions\/20504"}],"up":[{"embeddable":true,"href":"https:\/\/allin1bitcoins.com\/it\/wp-json\/wp\/v2\/pages\/20232"}],"wp:featuredmedia":[{"embeddable":true,"href":"https:\/\/allin1bitcoins.com\/it\/wp-json\/wp\/v2\/media\/14423"}],"wp:attachment":[{"href":"https:\/\/allin1bitcoins.com\/it\/wp-json\/wp\/v2\/media?parent=20494"}],"curies":[{"name":"wp","href":"https:\/\/api.w.org\/{rel}","templated":true}]}}