{"id":20565,"date":"2023-02-06T11:20:47","date_gmt":"2023-02-06T11:20:47","guid":{"rendered":"https:\/\/allin1bitcoins.com\/?page_id=20565"},"modified":"2023-02-06T11:20:50","modified_gmt":"2023-02-06T11:20:50","slug":"canada","status":"publish","type":"page","link":"https:\/\/allin1bitcoins.com\/it\/crypto\/wrapped-ncg\/canada\/","title":{"rendered":"Come Acquistare La moneta Wrapped NCG (WNCG) In Canada"},"content":{"rendered":"\n<h2 class=\"wp-block-heading\">In Canada, \u00e8 possibile acquistare monete Wrapped NCG seguendo questi semplici passaggi:<\/h2>\n\n\n\n<ul><li>Cerca un exchange di criptovalute affidabile che accetti Wrapped NCG Coin. Apri un profilo sull&#8217;exchange.<br><br><\/li><li>Fornendo i dettagli finanziari e personali richiesti, \u00e8 possibile confermare la propria identit\u00e0.<br><br><\/li><li>Paga il tuo account con una carta di credito\/debito o un bonifico bancario in dollari canadesi. Acquista NCG Coin e piazza un ordine per acquistarlo.<br><br><\/li><li>Prendi la moneta Wrapped NCG e mettila nel tuo portafoglio di criptovalute.<\/li><\/ul>\n\n\n\n<h2 class=\"wp-block-heading\">Panoramica della moneta in un involucro<\/h2>\n\n\n\n<p>Una risorsa digitale chiamata Wrapped ncg Coin \u00e8 basata sulla blockchain di Ethereum. \u00c8 un tipo di token che rappresenta un&#8217;unit\u00e0 di valore singola e pu\u00f2 essere venduto su siti web che trattano criptovalute. Essere &#8220;avvolto&#8221; attorno a un&#8217;altra criptovaluta, in particolare ncg Coin, rende Wrapped ncg Coin speciale. Di conseguenza, il valore di Wrapped ncg Coin dipende dal valore di ncg Coin e \u00e8 garantito da una specifica quantit\u00e0 di ncg Coin.<\/p>\n\n\n\n<p>Poich\u00e9 ncg Coin non \u00e8 nativo della piattaforma Ethereum, \u00e8 stato sviluppato Wrapped ncg Coin per consentire a ncg Coin di essere utilizzato sulla rete Ethereum. Gli utenti possono ora utilizzare ncg Coin su piattaforme basate su Ethereum, incluse le decentralizzate exchange (DEX) e le app di contratti intelligenti, poich\u00e9 \u00e8 stato avvolto in una forma interoperabile con Ethereum.<\/p>\n\n\n\n<h2 class=\"wp-block-heading\">Vantaggi dell&#8217;acquisto di monete Wrapped ncg<\/h2>\n\n\n\n<p><strong>Potresti essere interessato ad acquistare Wrapped ncg Coin per le seguenti ragioni:<\/strong><\/p>\n\n\n\n<ul><li><strong>Trasportabilit\u00e0: <\/strong>Wrapped ncg Coin \u00e8 pi\u00f9 trasportabile di ncg Coin, che non \u00e8 un token nativo di Ethereum, poich\u00e9 pu\u00f2 essere spostato e scambiato con facilit\u00e0 su piattaforme basate su Ethereum.<br><br><\/li><li><strong>Flessibilit\u00e0:<\/strong> Wrapped ncg Coin pu\u00f2 essere utilizzato in molteplici modi su Ethereum, tra cui partecipare a protocolli di finanza decentralizzata (DeFi) e votare per decisioni amministrative. Wrapped ncg Coin \u00e8 pi\u00f9 liquido di ncg Coin poich\u00e9 \u00e8 semplice da acquistare e vendere su exchange di criptovalute.<\/li><\/ul>\n\n\n\n<h2 class=\"wp-block-heading\">Istruzioni dettagliate su come avvolgere una moneta ncg in Canada<\/h2>\n\n\n\n<p><strong>Una guida passo passo su come acquistare monete ncg avvolte in Canada \u00e8 fornita di seguito:<\/strong><\/p>\n\n\n\n<ol><li>Cerca una scambio di criptovalute affidabile che accetti la Moneta ncg Avvolta. Coinbase, Binance e Kraken sono alcune scelte popolari.<br><br><\/li><li>Apri un profilo sulla scambio. Dare alcuni dettagli personali e finanziari, come il tuo nome, indirizzo email e identificazione rilasciata dal governo, sar\u00e0 di solito richiesto.<br><br><\/li><li>Stabilisci la tua identit\u00e0. La maggior parte degli scambi richiede la verifica dell&#8217;identit\u00e0 prima di consentirti di acquistare Moneta ncg Avvolta. Caricare una copia del tuo ID e una prova di indirizzo \u00e8 spesso il modo per farlo.<br><br><\/li><li>Effettua un deposito sul tuo conto in dollari canadesi. Un bonifico bancario o una carta di credito \/ debito potrebbe essere utilizzato per questo.<br><br><\/li><li>Usa i tuoi dollari canadesi per cercare la Moneta ncg Avvolta e piazzare un ordine per acquistarla. La tua transazione sar\u00e0 facilitata dalla scambio, che ti abbiner\u00e0 immediatamente con un venditore.<br><br><\/li><li>Prendi la moneta ncg avvolta e mettila nel tuo portafoglio di criptovalute. Poich\u00e9 gli scambi sono suscettibili di hacking, di solito \u00e8 una buona idea conservare i tuoi asset digitali in un portafoglio personale piuttosto che su uno.<\/li><\/ol>\n\n\n\n<figure class=\"wp-block-embed is-type-video is-provider-youtube wp-block-embed-youtube wp-embed-aspect-16-9 wp-has-aspect-ratio\"><div class=\"wp-block-embed__wrapper\">\n<iframe title=\"$WNCG - Wrapped NCG TOKEN - WNCG ALTCOIN - NINE CHRONICLES ETH BRIDGE GOLD - 9 CHRONICLE CRYPTO APP\" width=\"800\" height=\"450\" src=\"https:\/\/www.youtube.com\/embed\/hPpFWXjoPW0?feature=oembed\" frameborder=\"0\" allow=\"accelerometer; autoplay; clipboard-write; encrypted-media; gyroscope; picture-in-picture; web-share\" allowfullscreen><\/iframe>\n<\/div><\/figure>\n\n\n\n<h2 class=\"wp-block-heading\">Acquistare monete NCG avvolte in Canada fiscale<\/h2>\n\n\n\n<p>A seconda dell&#8217;utilizzo, l&#8217;acquisto di monete NCG avvolte in Canada pu\u00f2 avere conseguenze fiscali.<\/p>\n\n\n\n<p>Potresti dover pagare l&#8217;imposta sulle plusvalenze se acquisti la moneta NCG avvolta come investimento e la conservi per un lungo periodo prima di venderla. Il profitto che ottieni quando vendi un asset per un importo superiore a quello che hai speso \u00e8 soggetto all&#8217;imposta sulle plusvalenze. In Canada, viene applicata un&#8217;imposta sulle plusvalenze del 50% al guadagno.<\/p>\n\n\n\n<p>Tuttavia, potresti essere soggetto all&#8217;Imposta sulle vendite di beni e servizi (GST) o all&#8217;imposta sulle vendite armonizzata (HST) se acquisti la moneta NCG avvolta con l&#8217;intenzione di utilizzarla come forma di pagamento, ad esempio per beni e servizi. Ci\u00f2 accade perch\u00e9 le transazioni in bitcoin sono considerate forniture tassabili dall&#8217;Agenzia delle entrate del Canada (CRA).<\/p>\n\n\n\n<p>\u00c8 importante tenere presente che la trattamento fiscale delle monete NCG avvolte \u00e8 attualmente incerto e potrebbe cambiare a seconda della situazione individuale. Per ulteriori informazioni, \u00e8 sempre una buona idea parlare con un esperto fiscale o con la CRA.<\/p>\n\n\n\n<h2 class=\"wp-block-heading\">Conclusione<\/h2>\n\n\n\n<p>Se segui le istruzioni in questo post, l&#8217;acquisto di monete NCG avvolte in Canada \u00e8 abbastanza semplice. Puoi acquistare e possedere in sicurezza la moneta NCG avvolta in Canada utilizzando un exchange di criptovalute affidabile, confermando la tua identit\u00e0 e mantenendo le tue monete in un portafoglio personale. Tuttavia, \u00e8 critico essere consapevoli di eventuali conseguenze fiscali associate all&#8217;acquisto e all&#8217;utilizzo della moneta NCG avvolta in Canada.<\/p>\n\n\n\n<!-- Page-list plugin v.5.9 wordpress.org\/plugins\/page-list\/ -->\n<ul class=\"page-list siblings-page-list \">\n<li class=\"page_item page-item-20565\"><a href=\"https:\/\/allin1bitcoins.com\/it\/crypto\/wrapped-ncg\/canada\/\">Come Acquistare La moneta Wrapped NCG (WNCG) In Canada<\/a><\/li>\n<li class=\"page_item page-item-20721\"><a href=\"https:\/\/allin1bitcoins.com\/it\/crypto\/wrapped-ncg\/debit-card\/\">Come Acquistare Wrapped NCG (WNCG) Con Una Carta Di Debito<\/a><\/li>\n<li class=\"page_item page-item-20587\"><a href=\"https:\/\/allin1bitcoins.com\/it\/crypto\/wrapped-ncg\/australia\/\">Come Acquistare Wrapped NCG (WNCG) In Australia<\/a><\/li>\n<li class=\"page_item page-item-20601\"><a href=\"https:\/\/allin1bitcoins.com\/it\/crypto\/wrapped-ncg\/united-states\/\">Come Acquistare Wrapped NCG (WNCG) Negli Stati Uniti<\/a><\/li>\n<li class=\"page_item page-item-20554\"><a href=\"https:\/\/allin1bitcoins.com\/it\/crypto\/wrapped-ncg\/united-kingdom\/\">Come Acquistare Wrapped NCG (WNCG) Nel Regno Unito<\/a><\/li>\n<li class=\"page_item page-item-20609\"><a href=\"https:\/\/allin1bitcoins.com\/it\/crypto\/wrapped-ncg\/paypal\/\">Come Acquistare Wrapped-NCG (WNC) Con PayPal<\/a><\/li>\n<li class=\"page_item page-item-20736\"><a href=\"https:\/\/allin1bitcoins.com\/it\/crypto\/wrapped-ncg\/bank-account\/\">Come Acquistare Wrapped-NCG (WNCG) Con Un Conto Bancario<\/a><\/li>\n<li class=\"page_item page-item-20686\"><a href=\"https:\/\/allin1bitcoins.com\/it\/crypto\/wrapped-ncg\/credit-card\/\">Come Acquistare Wrapped-NCG (WNCG) Con Una Carta Di Credito<\/a><\/li>\n\n<\/ul>\n","protected":false},"excerpt":{"rendered":"<p>In Canada, \u00e8 possibile acquistare monete Wrapped NCG seguendo questi semplici passaggi: Cerca un exchange di criptovalute affidabile che accetti Wrapped NCG Coin. Apri un profilo sull&#8217;exchange. Fornendo i dettagli finanziari e personali richiesti, \u00e8 possibile confermare la propria identit\u00e0. Paga il tuo account con una carta di credito\/debito o un bonifico bancario in dollari&#8230;<\/p>\n","protected":false},"author":3,"featured_media":15668,"parent":20512,"menu_order":0,"comment_status":"closed","ping_status":"closed","template":"","meta":{"cybocfi_hide_featured_image":"","footnotes":""},"acf":[],"yoast_head":"<!-- This site is optimized with the Yoast SEO plugin v21.7 - https:\/\/yoast.com\/wordpress\/plugins\/seo\/ -->\n<title>Come Acquistare La moneta Wrapped NCG (WNCG) In Canada<\/title>\n<meta name=\"description\" content=\"Se si seguono le istruzioni in questo post, l&#039;acquisto di monete NCG avvolte in Canada \u00e8 abbastanza semplice.\" \/>\n<meta name=\"robots\" content=\"index, follow, max-snippet:-1, max-image-preview:large, max-video-preview:-1\" \/>\n<link rel=\"canonical\" href=\"https:\/\/allin1bitcoins.com\/it\/crypto\/wrapped-ncg\/canada\/\" \/>\n<meta property=\"og:locale\" content=\"it_IT\" \/>\n<meta property=\"og:type\" content=\"article\" \/>\n<meta property=\"og:title\" content=\"Come Acquistare La moneta Wrapped NCG (WNCG) In Canada\" \/>\n<meta property=\"og:description\" content=\"Se si seguono le istruzioni in questo post, l&#039;acquisto di monete NCG avvolte in Canada \u00e8 abbastanza semplice.\" \/>\n<meta property=\"og:url\" content=\"https:\/\/allin1bitcoins.com\/it\/crypto\/wrapped-ncg\/canada\/\" \/>\n<meta property=\"og:site_name\" content=\"Allin1Bitcoins\" \/>\n<meta property=\"article:modified_time\" content=\"2023-02-06T11:20:50+00:00\" \/>\n<meta property=\"og:image\" content=\"https:\/\/allin1bitcoins.com\/wp-content\/uploads\/2023\/01\/behnam-norouzi-r3WlSS57plg-unsplash-scaled.jpg\" \/>\n\t<meta property=\"og:image:width\" content=\"1684\" \/>\n\t<meta property=\"og:image:height\" content=\"2560\" \/>\n\t<meta property=\"og:image:type\" content=\"image\/jpeg\" \/>\n<meta name=\"twitter:card\" content=\"summary_large_image\" \/>\n<meta name=\"twitter:label1\" content=\"Est. reading time\" \/>\n\t<meta name=\"twitter:data1\" content=\"4 minutes\" \/>\n<!-- \/ Yoast SEO plugin. -->","yoast_head_json":{"title":"Come Acquistare La moneta Wrapped NCG (WNCG) In Canada","description":"Se si seguono le istruzioni in questo post, l'acquisto di monete NCG avvolte in Canada \u00e8 abbastanza semplice.","robots":{"index":"index","follow":"follow","max-snippet":"max-snippet:-1","max-image-preview":"max-image-preview:large","max-video-preview":"max-video-preview:-1"},"canonical":"https:\/\/allin1bitcoins.com\/it\/crypto\/wrapped-ncg\/canada\/","og_locale":"it_IT","og_type":"article","og_title":"Come Acquistare La moneta Wrapped NCG (WNCG) In Canada","og_description":"Se si seguono le istruzioni in questo post, l'acquisto di monete NCG avvolte in Canada \u00e8 abbastanza semplice.","og_url":"https:\/\/allin1bitcoins.com\/it\/crypto\/wrapped-ncg\/canada\/","og_site_name":"Allin1Bitcoins","article_modified_time":"2023-02-06T11:20:50+00:00","og_image":[{"width":1684,"height":2560,"url":"https:\/\/allin1bitcoins.com\/wp-content\/uploads\/2023\/01\/behnam-norouzi-r3WlSS57plg-unsplash-scaled.jpg","type":"image\/jpeg"}],"twitter_card":"summary_large_image","twitter_misc":{"Est. reading time":"4 minutes"},"schema":{"@context":"https:\/\/schema.org","@graph":[{"@type":"WebPage","@id":"https:\/\/allin1bitcoins.com\/it\/crypto\/wrapped-ncg\/canada\/","url":"https:\/\/allin1bitcoins.com\/it\/crypto\/wrapped-ncg\/canada\/","name":"Come Acquistare La moneta Wrapped NCG (WNCG) In Canada","isPartOf":{"@id":"https:\/\/allin1bitcoins.com\/it\/#website"},"datePublished":"2023-02-06T11:20:47+00:00","dateModified":"2023-02-06T11:20:50+00:00","description":"Se si seguono le istruzioni in questo post, l'acquisto di monete NCG avvolte in Canada \u00e8 abbastanza semplice.","breadcrumb":{"@id":"https:\/\/allin1bitcoins.com\/it\/crypto\/wrapped-ncg\/canada\/#breadcrumb"},"inLanguage":"it","potentialAction":[{"@type":"ReadAction","target":["https:\/\/allin1bitcoins.com\/it\/crypto\/wrapped-ncg\/canada\/"]}]},{"@type":"BreadcrumbList","@id":"https:\/\/allin1bitcoins.com\/it\/crypto\/wrapped-ncg\/canada\/#breadcrumb","itemListElement":[{"@type":"ListItem","position":1,"name":"Home","item":"https:\/\/allin1bitcoins.com\/it\/"},{"@type":"ListItem","position":2,"name":"Crypto","item":"https:\/\/allin1bitcoins.com\/it\/crypto\/"},{"@type":"ListItem","position":3,"name":"Come Acquistare Wrapped NCG (WNCG) &#8211; Guida Passo Passo (2023)","item":"https:\/\/allin1bitcoins.com\/it\/crypto\/wrapped-ncg\/"},{"@type":"ListItem","position":4,"name":"Come Acquistare La moneta Wrapped NCG (WNCG) In Canada"}]},{"@type":"WebSite","@id":"https:\/\/allin1bitcoins.com\/it\/#website","url":"https:\/\/allin1bitcoins.com\/it\/","name":"Allin1Bitcoins","description":"","publisher":{"@id":"https:\/\/allin1bitcoins.com\/it\/#organization"},"potentialAction":[{"@type":"SearchAction","target":{"@type":"EntryPoint","urlTemplate":"https:\/\/allin1bitcoins.com\/it\/?s={search_term_string}"},"query-input":"required name=search_term_string"}],"inLanguage":"it"},{"@type":"Organization","@id":"https:\/\/allin1bitcoins.com\/it\/#organization","name":"allin1bitcoins","url":"https:\/\/allin1bitcoins.com\/it\/","logo":{"@type":"ImageObject","inLanguage":"it","@id":"https:\/\/allin1bitcoins.com\/it\/#\/schema\/logo\/image\/","url":"https:\/\/allin1bitcoins.com\/wp-content\/uploads\/2019\/01\/logo-new.png","contentUrl":"https:\/\/allin1bitcoins.com\/wp-content\/uploads\/2019\/01\/logo-new.png","width":178,"height":71,"caption":"allin1bitcoins"},"image":{"@id":"https:\/\/allin1bitcoins.com\/it\/#\/schema\/logo\/image\/"}}]}},"_links":{"self":[{"href":"https:\/\/allin1bitcoins.com\/it\/wp-json\/wp\/v2\/pages\/20565"}],"collection":[{"href":"https:\/\/allin1bitcoins.com\/it\/wp-json\/wp\/v2\/pages"}],"about":[{"href":"https:\/\/allin1bitcoins.com\/it\/wp-json\/wp\/v2\/types\/page"}],"author":[{"embeddable":true,"href":"https:\/\/allin1bitcoins.com\/it\/wp-json\/wp\/v2\/users\/3"}],"replies":[{"embeddable":true,"href":"https:\/\/allin1bitcoins.com\/it\/wp-json\/wp\/v2\/comments?post=20565"}],"version-history":[{"count":1,"href":"https:\/\/allin1bitcoins.com\/it\/wp-json\/wp\/v2\/pages\/20565\/revisions"}],"predecessor-version":[{"id":20566,"href":"https:\/\/allin1bitcoins.com\/it\/wp-json\/wp\/v2\/pages\/20565\/revisions\/20566"}],"up":[{"embeddable":true,"href":"https:\/\/allin1bitcoins.com\/it\/wp-json\/wp\/v2\/pages\/20512"}],"wp:featuredmedia":[{"embeddable":true,"href":"https:\/\/allin1bitcoins.com\/it\/wp-json\/wp\/v2\/media\/15668"}],"wp:attachment":[{"href":"https:\/\/allin1bitcoins.com\/it\/wp-json\/wp\/v2\/media?parent=20565"}],"curies":[{"name":"wp","href":"https:\/\/api.w.org\/{rel}","templated":true}]}}