{"id":20587,"date":"2023-02-06T11:52:46","date_gmt":"2023-02-06T11:52:46","guid":{"rendered":"https:\/\/allin1bitcoins.com\/?page_id=20587"},"modified":"2023-02-06T11:52:49","modified_gmt":"2023-02-06T11:52:49","slug":"australia","status":"publish","type":"page","link":"https:\/\/allin1bitcoins.com\/it\/crypto\/wrapped-ncg\/australia\/","title":{"rendered":"Come Acquistare Wrapped NCG (WNCG) In Australia"},"content":{"rendered":"\n<h2 class=\"wp-block-heading\">In Australia, \u00e8 possibile acquistare monete Wrapped NCG seguendo questi semplici passaggi:<\/h2>\n\n\n\n<ul><li>Trova un exchange di criptovaluta affidabile che supporti Wrapped NCG Coin.<br><br><\/li><li>Apri un profilo sull&#8217;exchange.<br><br><\/li><li>Fornendo i dettagli finanziari e personali richiesti, puoi confermare la tua identificazione.<br><br><\/li><li>Usa un bonifico bancario o una carta di credito\/debito per aggiungere dollari australiani al tuo account.<br><br><\/li><li>Usa i tuoi dollari australiani per cercare Wrapped NCG Coin e effettuare un ordine per acquistarlo.<br><br><\/li><li>Prendi il Wrapped NCG Coin e mettilo nel tuo wallet per criptovalute personale.<\/li><\/ul>\n\n\n\n<h2 class=\"wp-block-heading\">Panoramica sulle monete Wrapped NCG<\/h2>\n\n\n\n<p>Un asset digitale chiamato Wrapped NCG Coin \u00e8 basato sulla blockchain di Ethereum. \u00c8 un tipo di token che rappresenta un&#8217;unit\u00e0 di valore singola e pu\u00f2 essere venduto su siti web che trattano criptovalute. Wrapped NCG Coin \u00e8 distintivo perch\u00e9 \u00e8 &#8220;avvolto&#8221; intorno a NCG Coin, un&#8217;altra criptovaluta. Di conseguenza, il valore di Wrapped NCG Coin dipende dal valore di NCG Coin ed \u00e8 garantito da una certa quantit\u00e0 di NCG Coin.<\/p>\n\n\n\n<p>Poich\u00e9 NCG Coin non \u00e8 nativo di Ethereum, \u00e8 stato sviluppato Wrapped NCG Coin per consentire a NCG Coin di essere utilizzato sulla rete Ethereum. Gli utenti possono ora utilizzare NCG Coin su piattaforme basate su Ethereum come le exchange decentralizzate (DEX) e le applicazioni di contratti intelligenti perch\u00e9 NCG Coin \u00e8 stato avvolto in una forma compatibile con Ethereum.<\/p>\n\n\n\n<h2 class=\"wp-block-heading\">Vantaggi dell&#8217;acquisto di monete Wrapped NCG<\/h2>\n\n\n\n<p><strong>Potresti essere interessato all&#8217;acquisto di Wrapped NCG Coin per i seguenti motivi:<\/strong><\/p>\n\n\n\n<ul><li><strong>Portabilit\u00e0: <\/strong>Wrapped NCG Coin \u00e8 pi\u00f9 portatile di NCG Coin, che non \u00e8 una moneta nativa di Ethereum, in quanto pu\u00f2 essere spostato e scambiato con facilit\u00e0 su piattaforme basate su Ethereum.<br><br><\/li><li><strong>Flessibilit\u00e0:<\/strong> Wrapped NCG Coin pu\u00f2 essere utilizzato in diversi modi su Ethereum, tra cui partecipare a protocolli di finanza decentralizzata (DeFi) e votare per decisioni amministrative. Wrapped NCG Coin \u00e8 pi\u00f9 liquido di NCG Coin perch\u00e9 \u00e8 semplice da acquistare e vendere su scambi di criptovalute.<\/li><\/ul>\n\n\n\n<h2 class=\"wp-block-heading\">Istruzioni dettagliate su come avvolgere le monete NCG in Australia<\/h2>\n\n\n\n<p><strong>Un guida passo-passo su come acquistare Wrapped NCG Coin in Australia \u00e8 fornita di seguito:<\/strong><\/p>\n\n\n\n<ol><li>Bisogna trovare una exchange di criptovalute affidabile che accetti Wrapped NCG Coin. Coinbase, Binance e Kraken sono alcune delle scelte pi\u00f9 popolari.<br><br><\/li><li>Apri un profilo sull&#8217;exchange. Fornire alcuni dettagli personali e finanziari, come il tuo nome, indirizzo email e identificazione rilasciata dal governo, sar\u00e0 normalmente richiesto.<br><br><\/li><li>Stabilisci la tua identit\u00e0. Prima di acquistare Wrapped NCG Coin, la maggior parte delle exchange richiede di confermare la tua identit\u00e0. Caricare una copia del tuo ID e una prova di residenza \u00e8 spesso il modo per farlo.<br><br><\/li><li>Aggiungi alcune valute australiane al tuo account. Un bonifico bancario o una carta di credito \/ debito pu\u00f2 essere utilizzato per questo. Utilizzare i tuoi dollari australiani per cercare Wrapped NCG Coin e effettuare un ordine per acquistarlo. La tua transazione sar\u00e0 facilitata dall&#8217;exchange, che ti abbiner\u00e0 immediatamente con un venditore.<br><br><\/li><li>Prendi Wrapped NCG Coin e mettilo nel tuo wallet di criptovalute. Poich\u00e9 le exchange sono suscettibili a hacking, \u00e8 solitamente una buona idea conservare i tuoi asset digitali in un wallet personale invece che su uno.<\/li><\/ol>\n\n\n\n<figure class=\"wp-block-embed is-type-video is-provider-youtube wp-block-embed-youtube wp-embed-aspect-16-9 wp-has-aspect-ratio\"><div class=\"wp-block-embed__wrapper\">\n<iframe title=\"WNCG COIN TO THE MOON ! WRAPPED NCG PRICE PREDICTION $4,5 IS REAL\u2049\ufe0f\" width=\"800\" height=\"450\" src=\"https:\/\/www.youtube.com\/embed\/rRFXEpSzDJg?feature=oembed\" frameborder=\"0\" allow=\"accelerometer; autoplay; clipboard-write; encrypted-media; gyroscope; picture-in-picture; web-share\" allowfullscreen><\/iframe>\n<\/div><\/figure>\n\n\n\n<h2 class=\"wp-block-heading\">Tassa sull&#8217;acquisto di Wrapped NCG Coin in Australia<\/h2>\n\n\n\n<p>A seconda di come lo usi, acquistare Wrapped NCG Coin in Australia pu\u00f2 avere conseguenze fiscali.<\/p>\n\n\n\n<p>Potresti dover pagare la tassa sulle plusvalenze se acquisti Wrapped NCG Coin come investimento e lo conservi per molto tempo prima di venderlo. Il profitto che ottieni quando vendi un asset per pi\u00f9 di quanto l&#8217;hai comprato \u00e8 soggetto a tassa sulle plusvalenze. In Australia, viene applicata una tassa sulle plusvalenze del 50%.<\/p>\n\n\n\n<p>Tuttavia, puoi essere responsabile per l&#8217;Imposta sulle vendite se acquisti Wrapped NCG Coin con l&#8217;intenzione di usarlo come forma di pagamento, come l&#8217;acquisto di beni e servizi (GST). Ci\u00f2 \u00e8 dovuto al fatto che le transazioni in bitcoin sono considerate dall&#8217;Ufficio delle imposte australiano (ATO) come fornitura tassabile.<\/p>\n\n\n\n<p>\u00c8 importante notare che il trattamento fiscale delle monete NCG avvolte \u00e8 ancora in evoluzione e pu\u00f2 variare in base alle circostanze individuali. Per ulteriori informazioni, \u00e8 sempre una buona idea parlare con un esperto fiscale o con l&#8217;ATO.<\/p>\n\n\n\n<h2 class=\"wp-block-heading\">Conclusione<\/h2>\n\n\n\n<p>Finch\u00e9 si seguono le istruzioni fornite in questo post, acquistare monete NCG avvolte in Australia \u00e8 abbastanza semplice. \u00c8 possibile acquistare e possedere in sicurezza le monete NCG avvolte in Australia utilizzando un exchange di criptovalute affidabile, confermando la propria identit\u00e0 e tenendo le monete in un portafoglio personale. Bisogna anche prendere in considerazione le possibili conseguenze fiscali dell&#8217;acquisto e dell&#8217;utilizzo di monete NCG avvolte in Australia.<\/p>\n\n\n\n<!-- Page-list plugin v.5.9 wordpress.org\/plugins\/page-list\/ -->\n<ul class=\"page-list siblings-page-list \">\n<li class=\"page_item page-item-20565\"><a href=\"https:\/\/allin1bitcoins.com\/it\/crypto\/wrapped-ncg\/canada\/\">Come Acquistare La moneta Wrapped NCG (WNCG) In Canada<\/a><\/li>\n<li class=\"page_item page-item-20721\"><a href=\"https:\/\/allin1bitcoins.com\/it\/crypto\/wrapped-ncg\/debit-card\/\">Come Acquistare Wrapped NCG (WNCG) Con Una Carta Di Debito<\/a><\/li>\n<li class=\"page_item page-item-20587\"><a href=\"https:\/\/allin1bitcoins.com\/it\/crypto\/wrapped-ncg\/australia\/\">Come Acquistare Wrapped NCG (WNCG) In Australia<\/a><\/li>\n<li class=\"page_item page-item-20601\"><a href=\"https:\/\/allin1bitcoins.com\/it\/crypto\/wrapped-ncg\/united-states\/\">Come Acquistare Wrapped NCG (WNCG) Negli Stati Uniti<\/a><\/li>\n<li class=\"page_item page-item-20554\"><a href=\"https:\/\/allin1bitcoins.com\/it\/crypto\/wrapped-ncg\/united-kingdom\/\">Come Acquistare Wrapped NCG (WNCG) Nel Regno Unito<\/a><\/li>\n<li class=\"page_item page-item-20609\"><a href=\"https:\/\/allin1bitcoins.com\/it\/crypto\/wrapped-ncg\/paypal\/\">Come Acquistare Wrapped-NCG (WNC) Con PayPal<\/a><\/li>\n<li class=\"page_item page-item-20736\"><a href=\"https:\/\/allin1bitcoins.com\/it\/crypto\/wrapped-ncg\/bank-account\/\">Come Acquistare Wrapped-NCG (WNCG) Con Un Conto Bancario<\/a><\/li>\n<li class=\"page_item page-item-20686\"><a href=\"https:\/\/allin1bitcoins.com\/it\/crypto\/wrapped-ncg\/credit-card\/\">Come Acquistare Wrapped-NCG (WNCG) Con Una Carta Di Credito<\/a><\/li>\n\n<\/ul>\n","protected":false},"excerpt":{"rendered":"<p>In Australia, \u00e8 possibile acquistare monete Wrapped NCG seguendo questi semplici passaggi: Trova un exchange di criptovaluta affidabile che supporti Wrapped NCG Coin. Apri un profilo sull&#8217;exchange. Fornendo i dettagli finanziari e personali richiesti, puoi confermare la tua identificazione. Usa un bonifico bancario o una carta di credito\/debito per aggiungere dollari australiani al tuo account&#8230;.<\/p>\n","protected":false},"author":3,"featured_media":20579,"parent":20512,"menu_order":0,"comment_status":"closed","ping_status":"closed","template":"","meta":{"cybocfi_hide_featured_image":"","footnotes":""},"acf":[],"yoast_head":"<!-- This site is optimized with the Yoast SEO plugin v21.7 - https:\/\/yoast.com\/wordpress\/plugins\/seo\/ -->\n<title>Come Acquistare Wrapped NCG (WNCG) In Australia<\/title>\n<meta name=\"description\" content=\"In Australia, puoi acquistare monete NCG avvolte seguendo questi semplici passaggi. Leggi questi semplici passaggi per acquistare WNCG in AUS.\" \/>\n<meta name=\"robots\" content=\"index, follow, max-snippet:-1, max-image-preview:large, max-video-preview:-1\" \/>\n<link rel=\"canonical\" href=\"https:\/\/allin1bitcoins.com\/it\/crypto\/wrapped-ncg\/australia\/\" \/>\n<meta property=\"og:locale\" content=\"it_IT\" \/>\n<meta property=\"og:type\" content=\"article\" \/>\n<meta property=\"og:title\" content=\"Come Acquistare Wrapped NCG (WNCG) In Australia\" \/>\n<meta property=\"og:description\" content=\"In Australia, puoi acquistare monete NCG avvolte seguendo questi semplici passaggi. Leggi questi semplici passaggi per acquistare WNCG in AUS.\" \/>\n<meta property=\"og:url\" content=\"https:\/\/allin1bitcoins.com\/it\/crypto\/wrapped-ncg\/australia\/\" \/>\n<meta property=\"og:site_name\" content=\"Allin1Bitcoins\" \/>\n<meta property=\"article:modified_time\" content=\"2023-02-06T11:52:49+00:00\" \/>\n<meta property=\"og:image\" content=\"https:\/\/allin1bitcoins.com\/wp-content\/uploads\/2023\/02\/pexels-mikhail-nilov-7735700.jpg\" \/>\n\t<meta property=\"og:image:width\" content=\"1280\" \/>\n\t<meta property=\"og:image:height\" content=\"934\" \/>\n\t<meta property=\"og:image:type\" content=\"image\/jpeg\" \/>\n<meta name=\"twitter:card\" content=\"summary_large_image\" \/>\n<meta name=\"twitter:label1\" content=\"Est. reading time\" \/>\n\t<meta name=\"twitter:data1\" content=\"4 minutes\" \/>\n<!-- \/ Yoast SEO plugin. -->","yoast_head_json":{"title":"Come Acquistare Wrapped NCG (WNCG) In Australia","description":"In Australia, puoi acquistare monete NCG avvolte seguendo questi semplici passaggi. Leggi questi semplici passaggi per acquistare WNCG in AUS.","robots":{"index":"index","follow":"follow","max-snippet":"max-snippet:-1","max-image-preview":"max-image-preview:large","max-video-preview":"max-video-preview:-1"},"canonical":"https:\/\/allin1bitcoins.com\/it\/crypto\/wrapped-ncg\/australia\/","og_locale":"it_IT","og_type":"article","og_title":"Come Acquistare Wrapped NCG (WNCG) In Australia","og_description":"In Australia, puoi acquistare monete NCG avvolte seguendo questi semplici passaggi. Leggi questi semplici passaggi per acquistare WNCG in AUS.","og_url":"https:\/\/allin1bitcoins.com\/it\/crypto\/wrapped-ncg\/australia\/","og_site_name":"Allin1Bitcoins","article_modified_time":"2023-02-06T11:52:49+00:00","og_image":[{"width":1280,"height":934,"url":"https:\/\/allin1bitcoins.com\/wp-content\/uploads\/2023\/02\/pexels-mikhail-nilov-7735700.jpg","type":"image\/jpeg"}],"twitter_card":"summary_large_image","twitter_misc":{"Est. reading time":"4 minutes"},"schema":{"@context":"https:\/\/schema.org","@graph":[{"@type":"WebPage","@id":"https:\/\/allin1bitcoins.com\/it\/crypto\/wrapped-ncg\/australia\/","url":"https:\/\/allin1bitcoins.com\/it\/crypto\/wrapped-ncg\/australia\/","name":"Come Acquistare Wrapped NCG (WNCG) In Australia","isPartOf":{"@id":"https:\/\/allin1bitcoins.com\/it\/#website"},"datePublished":"2023-02-06T11:52:46+00:00","dateModified":"2023-02-06T11:52:49+00:00","description":"In Australia, puoi acquistare monete NCG avvolte seguendo questi semplici passaggi. Leggi questi semplici passaggi per acquistare WNCG in AUS.","breadcrumb":{"@id":"https:\/\/allin1bitcoins.com\/it\/crypto\/wrapped-ncg\/australia\/#breadcrumb"},"inLanguage":"it","potentialAction":[{"@type":"ReadAction","target":["https:\/\/allin1bitcoins.com\/it\/crypto\/wrapped-ncg\/australia\/"]}]},{"@type":"BreadcrumbList","@id":"https:\/\/allin1bitcoins.com\/it\/crypto\/wrapped-ncg\/australia\/#breadcrumb","itemListElement":[{"@type":"ListItem","position":1,"name":"Home","item":"https:\/\/allin1bitcoins.com\/it\/"},{"@type":"ListItem","position":2,"name":"Crypto","item":"https:\/\/allin1bitcoins.com\/it\/crypto\/"},{"@type":"ListItem","position":3,"name":"Come Acquistare Wrapped NCG (WNCG) &#8211; Guida Passo Passo (2023)","item":"https:\/\/allin1bitcoins.com\/it\/crypto\/wrapped-ncg\/"},{"@type":"ListItem","position":4,"name":"Come Acquistare Wrapped NCG (WNCG) In Australia"}]},{"@type":"WebSite","@id":"https:\/\/allin1bitcoins.com\/it\/#website","url":"https:\/\/allin1bitcoins.com\/it\/","name":"Allin1Bitcoins","description":"","publisher":{"@id":"https:\/\/allin1bitcoins.com\/it\/#organization"},"potentialAction":[{"@type":"SearchAction","target":{"@type":"EntryPoint","urlTemplate":"https:\/\/allin1bitcoins.com\/it\/?s={search_term_string}"},"query-input":"required name=search_term_string"}],"inLanguage":"it"},{"@type":"Organization","@id":"https:\/\/allin1bitcoins.com\/it\/#organization","name":"allin1bitcoins","url":"https:\/\/allin1bitcoins.com\/it\/","logo":{"@type":"ImageObject","inLanguage":"it","@id":"https:\/\/allin1bitcoins.com\/it\/#\/schema\/logo\/image\/","url":"https:\/\/allin1bitcoins.com\/wp-content\/uploads\/2019\/01\/logo-new.png","contentUrl":"https:\/\/allin1bitcoins.com\/wp-content\/uploads\/2019\/01\/logo-new.png","width":178,"height":71,"caption":"allin1bitcoins"},"image":{"@id":"https:\/\/allin1bitcoins.com\/it\/#\/schema\/logo\/image\/"}}]}},"_links":{"self":[{"href":"https:\/\/allin1bitcoins.com\/it\/wp-json\/wp\/v2\/pages\/20587"}],"collection":[{"href":"https:\/\/allin1bitcoins.com\/it\/wp-json\/wp\/v2\/pages"}],"about":[{"href":"https:\/\/allin1bitcoins.com\/it\/wp-json\/wp\/v2\/types\/page"}],"author":[{"embeddable":true,"href":"https:\/\/allin1bitcoins.com\/it\/wp-json\/wp\/v2\/users\/3"}],"replies":[{"embeddable":true,"href":"https:\/\/allin1bitcoins.com\/it\/wp-json\/wp\/v2\/comments?post=20587"}],"version-history":[{"count":1,"href":"https:\/\/allin1bitcoins.com\/it\/wp-json\/wp\/v2\/pages\/20587\/revisions"}],"predecessor-version":[{"id":20588,"href":"https:\/\/allin1bitcoins.com\/it\/wp-json\/wp\/v2\/pages\/20587\/revisions\/20588"}],"up":[{"embeddable":true,"href":"https:\/\/allin1bitcoins.com\/it\/wp-json\/wp\/v2\/pages\/20512"}],"wp:featuredmedia":[{"embeddable":true,"href":"https:\/\/allin1bitcoins.com\/it\/wp-json\/wp\/v2\/media\/20579"}],"wp:attachment":[{"href":"https:\/\/allin1bitcoins.com\/it\/wp-json\/wp\/v2\/media?parent=20587"}],"curies":[{"name":"wp","href":"https:\/\/api.w.org\/{rel}","templated":true}]}}