{"id":20609,"date":"2023-02-06T14:43:27","date_gmt":"2023-02-06T14:43:27","guid":{"rendered":"https:\/\/allin1bitcoins.com\/?page_id=20609"},"modified":"2023-02-06T14:45:19","modified_gmt":"2023-02-06T14:45:19","slug":"paypal","status":"publish","type":"page","link":"https:\/\/allin1bitcoins.com\/it\/crypto\/wrapped-ncg\/paypal\/","title":{"rendered":"Come Acquistare Wrapped-NCG (WNC) Con PayPal"},"content":{"rendered":"\n<h2 class=\"wp-block-heading\">Se vuoi acquistare Wrapped NCG Coin utilizzando PayPal, puoi seguire questi passi:<\/h2>\n\n\n\n<p>Apri un account con un exchange di criptovaluta che supporta PayPal, come eToro o Paxful. Verifica la tua identit\u00e0 caricando i documenti richiesti e completando eventuali altri passi necessari. Collega il tuo account PayPal al tuo account di exchange. Cerca Wrapped NCG Coin e seleziona l&#8217;opzione &#8220;Acquista&#8221;. Inserisci l&#8217;importo di Wrapped NCG Coin che vuoi acquistare e completa l&#8217;acquisto utilizzando il tuo account PayPal collegato.<\/p>\n\n\n\n<h2 class=\"wp-block-heading\">Panoramica di Wrapped NCG Coin<\/h2>\n\n\n\n<p>Wrapped NCG Coin \u00e8 un asset digitale basato sulla blockchain di Ethereum. \u00c8 una versione di NCG Coin che \u00e8 stata &#8220;avvolta&#8221; nello standard di token ERC-20 di Ethereum, il che significa che pu\u00f2 essere utilizzata sulla rete Ethereum e pu\u00f2 essere memorizzata in qualsiasi portafoglio Ethereum.<\/p>\n\n\n\n<p>L&#8217;obiettivo principale di Wrapped NCG Coin \u00e8 consentire ai titolari di NCG Coin di utilizzare i loro token sulla rete Ethereum e sfruttare le numerose applicazioni decentralizzate (dApps) costruite su Ethereum. Ci\u00f2 include la possibilit\u00e0 di partecipare a applicazioni di finanza decentralizzata (DeFi), come piattaforme di prestito e di prestito, nonch\u00e9 un&#8217;ampia gamma di altre dApps disponibili sulla rete Ethereum.<\/p>\n\n\n\n<h2 class=\"wp-block-heading\">Perch\u00e9 ti piacerebbe acquistare Wrapped NCG Coin con PayPal<\/h2>\n\n\n\n<p><strong>Ci sono diverse ragioni per cui potresti voler acquistare Wrapped NCG Coin utilizzando PayPal:<\/strong><\/p>\n\n\n\n<ul><li><strong>Comodit\u00e0:<\/strong> PayPal \u00e8 un metodo di pagamento accettato e conveniente che ti permette di effettuare acquisti online rapidamente e facilmente. Utilizzare PayPal per acquistare Wrapped NCG Coin pu\u00f2 essere particolarmente utile se non hai un conto bancario o una carta di credito.<br><br><\/li><li><strong>Sicurezza: <\/strong>PayPal \u00e8 generalmente un metodo di pagamento sicuro, poich\u00e9 offre una protezione per il compratore e una protezione contro le frodi per aiutare a mantenere sicure le informazioni finanziarie.<br><br><\/li><li><strong>Familiarit\u00e0:<\/strong> se sei gi\u00e0 familiare con l&#8217;utilizzo di PayPal, pu\u00f2 essere un modo confortevole e familiare per acquistare Wrapped NCG Coin.<\/li><\/ul>\n\n\n\n<figure class=\"wp-block-embed is-type-video is-provider-youtube wp-block-embed-youtube wp-embed-aspect-16-9 wp-has-aspect-ratio\"><div class=\"wp-block-embed__wrapper\">\n<iframe title=\"What are Wrapped Tokens? (Explained with Animations)\" width=\"800\" height=\"450\" src=\"https:\/\/www.youtube.com\/embed\/DuwQ6NuPQp4?feature=oembed\" frameborder=\"0\" allow=\"accelerometer; autoplay; clipboard-write; encrypted-media; gyroscope; picture-in-picture; web-share\" allowfullscreen><\/iframe>\n<\/div><\/figure>\n\n\n\n<h2 class=\"wp-block-heading\">Tutorial passo-passo su come acquistare Wrapped NCG Coin con PayPal<\/h2>\n\n\n\n<ol><li>Apri un account con un exchange di criptovalute che supporta PayPal. Alcuni exchange popolari che supportano PayPal includono eToro e Paxful.<br><br><\/li><li>Verifica la tua identit\u00e0 caricando i documenti richiesti e completando qualsiasi altro passaggio richiesto. Questo viene solitamente fatto per conformarsi alle normative anti-riciclaggio di denaro e conoscenza del cliente (AML\/KYC).<br><br><\/li><li>Collega il tuo account PayPal al tuo account exchange. Questo solitamente pu\u00f2 essere fatto fornendo le informazioni di login di PayPal necessarie.<br><br><\/li><li>Cerca Wrapped NCG Coin e seleziona l&#8217;opzione &#8220;Acquista&#8221;.<br><br><\/li><li>Inserisci la quantit\u00e0 di Wrapped NCG Coin che vuoi acquistare e completa l&#8217;acquisto utilizzando il tuo account PayPal collegato.<\/li><\/ol>\n\n\n\n<h2 class=\"wp-block-heading\">Svantaggi dell&#8217;acquisto di Wrapped NCG Coin con PayPal<\/h2>\n\n\n\n<p><strong>Ci sono alcuni svantaggi nell&#8217;acquistare Wrapped NCG Coin con PayPal:<\/strong><\/p>\n\n\n\n<ul><li><strong>Disponibilit\u00e0 limitata: <\/strong>non tutti gli exchange supportano PayPal come metodo di pagamento, quindi potresti avere un numero limitato di opzioni se vuoi acquistare Wrapped NCG Coin con PayPal.<br><br><\/li><li><strong>Commissioni:<\/strong> PayPal addebita commissioni per i suoi servizi, che possono aumentare il costo complessivo dell&#8217;acquisto di Wrapped NCG Coin.<br><br><\/li><li><strong>Reverse:<\/strong> uno dei vantaggi di utilizzare PayPal \u00e8 che ti permette di invertire una transazione se necessario. Tuttavia, questo pu\u00f2 anche essere uno svantaggio quando si acquista Wrapped NCG Coin, in quanto significa che la transazione non \u00e8 definitiva e pu\u00f2 essere invertita da PayPal.<\/li><\/ul>\n\n\n\n<h2 class=\"wp-block-heading\">Conclusione<\/h2>\n\n\n\n<p>In conclusione, l&#8217;acquisto di Wrapped NCG Coin con PayPal pu\u00f2 essere un modo conveniente e sicuro per acquistare l&#8217;asset digitale. \u00c8 un metodo di pagamento largamente accettato e familiare che offre protezione per l&#8217;acquirente e protezione contro la frode per aiutare a mantenere al sicuro le tue informazioni finanziarie. Tuttavia, \u00e8 importante tener presente che non tutti gli exchange supportano PayPal e che potrebbero esserci commissioni associate all&#8217;utilizzo del servizio di pagamento. \u00c8 anche importante effettuare una ricerca e un confronto attenti degli exchange per trovare quello pi\u00f9 adatto alle tue esigenze e seguire le misure di sicurezza appropriate per proteggere i tuoi fondi.<\/p>\n\n\n\n<!-- Page-list plugin v.5.9 wordpress.org\/plugins\/page-list\/ -->\n<ul class=\"page-list siblings-page-list \">\n<li class=\"page_item page-item-20565\"><a href=\"https:\/\/allin1bitcoins.com\/it\/crypto\/wrapped-ncg\/canada\/\">Come Acquistare La moneta Wrapped NCG (WNCG) In Canada<\/a><\/li>\n<li class=\"page_item page-item-20721\"><a href=\"https:\/\/allin1bitcoins.com\/it\/crypto\/wrapped-ncg\/debit-card\/\">Come Acquistare Wrapped NCG (WNCG) Con Una Carta Di Debito<\/a><\/li>\n<li class=\"page_item page-item-20587\"><a href=\"https:\/\/allin1bitcoins.com\/it\/crypto\/wrapped-ncg\/australia\/\">Come Acquistare Wrapped NCG (WNCG) In Australia<\/a><\/li>\n<li class=\"page_item page-item-20601\"><a href=\"https:\/\/allin1bitcoins.com\/it\/crypto\/wrapped-ncg\/united-states\/\">Come Acquistare Wrapped NCG (WNCG) Negli Stati Uniti<\/a><\/li>\n<li class=\"page_item page-item-20554\"><a href=\"https:\/\/allin1bitcoins.com\/it\/crypto\/wrapped-ncg\/united-kingdom\/\">Come Acquistare Wrapped NCG (WNCG) Nel Regno Unito<\/a><\/li>\n<li class=\"page_item page-item-20609\"><a href=\"https:\/\/allin1bitcoins.com\/it\/crypto\/wrapped-ncg\/paypal\/\">Come Acquistare Wrapped-NCG (WNC) Con PayPal<\/a><\/li>\n<li class=\"page_item page-item-20736\"><a href=\"https:\/\/allin1bitcoins.com\/it\/crypto\/wrapped-ncg\/bank-account\/\">Come Acquistare Wrapped-NCG (WNCG) Con Un Conto Bancario<\/a><\/li>\n<li class=\"page_item page-item-20686\"><a href=\"https:\/\/allin1bitcoins.com\/it\/crypto\/wrapped-ncg\/credit-card\/\">Come Acquistare Wrapped-NCG (WNCG) Con Una Carta Di Credito<\/a><\/li>\n\n<\/ul>\n","protected":false},"excerpt":{"rendered":"<p>Se vuoi acquistare Wrapped NCG Coin utilizzando PayPal, puoi seguire questi passi: Apri un account con un exchange di criptovaluta che supporta PayPal, come eToro o Paxful. Verifica la tua identit\u00e0 caricando i documenti richiesti e completando eventuali altri passi necessari. Collega il tuo account PayPal al tuo account di exchange. Cerca Wrapped NCG Coin&#8230;<\/p>\n","protected":false},"author":3,"featured_media":17020,"parent":20512,"menu_order":0,"comment_status":"closed","ping_status":"closed","template":"","meta":{"cybocfi_hide_featured_image":"","footnotes":""},"acf":[],"yoast_head":"<!-- This site is optimized with the Yoast SEO plugin v21.7 - https:\/\/yoast.com\/wordpress\/plugins\/seo\/ -->\n<title>Come Acquistare Wrapped-NCG (WNC) Con PayPal<\/title>\n<meta name=\"description\" content=\"Acquistare Wrapped NCG Coin con PayPal pu\u00f2 essere un modo conveniente e sicuro per acquistare il bene digitale. Continua a leggere.\" \/>\n<meta name=\"robots\" content=\"index, follow, max-snippet:-1, max-image-preview:large, max-video-preview:-1\" \/>\n<link rel=\"canonical\" href=\"https:\/\/allin1bitcoins.com\/it\/crypto\/wrapped-ncg\/paypal\/\" \/>\n<meta property=\"og:locale\" content=\"it_IT\" \/>\n<meta property=\"og:type\" content=\"article\" \/>\n<meta property=\"og:title\" content=\"Come Acquistare Wrapped-NCG (WNC) Con PayPal\" \/>\n<meta property=\"og:description\" content=\"Acquistare Wrapped NCG Coin con PayPal pu\u00f2 essere un modo conveniente e sicuro per acquistare il bene digitale. Continua a leggere.\" \/>\n<meta property=\"og:url\" content=\"https:\/\/allin1bitcoins.com\/it\/crypto\/wrapped-ncg\/paypal\/\" \/>\n<meta property=\"og:site_name\" content=\"Allin1Bitcoins\" \/>\n<meta property=\"article:modified_time\" content=\"2023-02-06T14:45:19+00:00\" \/>\n<meta property=\"og:image\" content=\"https:\/\/allin1bitcoins.com\/wp-content\/uploads\/2023\/01\/pexels-kindel-media-6774947.jpg\" \/>\n\t<meta property=\"og:image:width\" content=\"1280\" \/>\n\t<meta property=\"og:image:height\" content=\"960\" \/>\n\t<meta property=\"og:image:type\" content=\"image\/jpeg\" \/>\n<meta name=\"twitter:card\" content=\"summary_large_image\" \/>\n<meta name=\"twitter:label1\" content=\"Est. reading time\" \/>\n\t<meta name=\"twitter:data1\" content=\"3 minutes\" \/>\n<!-- \/ Yoast SEO plugin. -->","yoast_head_json":{"title":"Come Acquistare Wrapped-NCG (WNC) Con PayPal","description":"Acquistare Wrapped NCG Coin con PayPal pu\u00f2 essere un modo conveniente e sicuro per acquistare il bene digitale. Continua a leggere.","robots":{"index":"index","follow":"follow","max-snippet":"max-snippet:-1","max-image-preview":"max-image-preview:large","max-video-preview":"max-video-preview:-1"},"canonical":"https:\/\/allin1bitcoins.com\/it\/crypto\/wrapped-ncg\/paypal\/","og_locale":"it_IT","og_type":"article","og_title":"Come Acquistare Wrapped-NCG (WNC) Con PayPal","og_description":"Acquistare Wrapped NCG Coin con PayPal pu\u00f2 essere un modo conveniente e sicuro per acquistare il bene digitale. Continua a leggere.","og_url":"https:\/\/allin1bitcoins.com\/it\/crypto\/wrapped-ncg\/paypal\/","og_site_name":"Allin1Bitcoins","article_modified_time":"2023-02-06T14:45:19+00:00","og_image":[{"width":1280,"height":960,"url":"https:\/\/allin1bitcoins.com\/wp-content\/uploads\/2023\/01\/pexels-kindel-media-6774947.jpg","type":"image\/jpeg"}],"twitter_card":"summary_large_image","twitter_misc":{"Est. reading time":"3 minutes"},"schema":{"@context":"https:\/\/schema.org","@graph":[{"@type":"WebPage","@id":"https:\/\/allin1bitcoins.com\/it\/crypto\/wrapped-ncg\/paypal\/","url":"https:\/\/allin1bitcoins.com\/it\/crypto\/wrapped-ncg\/paypal\/","name":"Come Acquistare Wrapped-NCG (WNC) Con PayPal","isPartOf":{"@id":"https:\/\/allin1bitcoins.com\/it\/#website"},"datePublished":"2023-02-06T14:43:27+00:00","dateModified":"2023-02-06T14:45:19+00:00","description":"Acquistare Wrapped NCG Coin con PayPal pu\u00f2 essere un modo conveniente e sicuro per acquistare il bene digitale. Continua a leggere.","breadcrumb":{"@id":"https:\/\/allin1bitcoins.com\/it\/crypto\/wrapped-ncg\/paypal\/#breadcrumb"},"inLanguage":"it","potentialAction":[{"@type":"ReadAction","target":["https:\/\/allin1bitcoins.com\/it\/crypto\/wrapped-ncg\/paypal\/"]}]},{"@type":"BreadcrumbList","@id":"https:\/\/allin1bitcoins.com\/it\/crypto\/wrapped-ncg\/paypal\/#breadcrumb","itemListElement":[{"@type":"ListItem","position":1,"name":"Home","item":"https:\/\/allin1bitcoins.com\/it\/"},{"@type":"ListItem","position":2,"name":"Crypto","item":"https:\/\/allin1bitcoins.com\/it\/crypto\/"},{"@type":"ListItem","position":3,"name":"Come Acquistare Wrapped NCG (WNCG) &#8211; Guida Passo Passo (2023)","item":"https:\/\/allin1bitcoins.com\/it\/crypto\/wrapped-ncg\/"},{"@type":"ListItem","position":4,"name":"Come Acquistare Wrapped-NCG (WNC) Con PayPal"}]},{"@type":"WebSite","@id":"https:\/\/allin1bitcoins.com\/it\/#website","url":"https:\/\/allin1bitcoins.com\/it\/","name":"Allin1Bitcoins","description":"","publisher":{"@id":"https:\/\/allin1bitcoins.com\/it\/#organization"},"potentialAction":[{"@type":"SearchAction","target":{"@type":"EntryPoint","urlTemplate":"https:\/\/allin1bitcoins.com\/it\/?s={search_term_string}"},"query-input":"required name=search_term_string"}],"inLanguage":"it"},{"@type":"Organization","@id":"https:\/\/allin1bitcoins.com\/it\/#organization","name":"allin1bitcoins","url":"https:\/\/allin1bitcoins.com\/it\/","logo":{"@type":"ImageObject","inLanguage":"it","@id":"https:\/\/allin1bitcoins.com\/it\/#\/schema\/logo\/image\/","url":"https:\/\/allin1bitcoins.com\/wp-content\/uploads\/2019\/01\/logo-new.png","contentUrl":"https:\/\/allin1bitcoins.com\/wp-content\/uploads\/2019\/01\/logo-new.png","width":178,"height":71,"caption":"allin1bitcoins"},"image":{"@id":"https:\/\/allin1bitcoins.com\/it\/#\/schema\/logo\/image\/"}}]}},"_links":{"self":[{"href":"https:\/\/allin1bitcoins.com\/it\/wp-json\/wp\/v2\/pages\/20609"}],"collection":[{"href":"https:\/\/allin1bitcoins.com\/it\/wp-json\/wp\/v2\/pages"}],"about":[{"href":"https:\/\/allin1bitcoins.com\/it\/wp-json\/wp\/v2\/types\/page"}],"author":[{"embeddable":true,"href":"https:\/\/allin1bitcoins.com\/it\/wp-json\/wp\/v2\/users\/3"}],"replies":[{"embeddable":true,"href":"https:\/\/allin1bitcoins.com\/it\/wp-json\/wp\/v2\/comments?post=20609"}],"version-history":[{"count":2,"href":"https:\/\/allin1bitcoins.com\/it\/wp-json\/wp\/v2\/pages\/20609\/revisions"}],"predecessor-version":[{"id":20617,"href":"https:\/\/allin1bitcoins.com\/it\/wp-json\/wp\/v2\/pages\/20609\/revisions\/20617"}],"up":[{"embeddable":true,"href":"https:\/\/allin1bitcoins.com\/it\/wp-json\/wp\/v2\/pages\/20512"}],"wp:featuredmedia":[{"embeddable":true,"href":"https:\/\/allin1bitcoins.com\/it\/wp-json\/wp\/v2\/media\/17020"}],"wp:attachment":[{"href":"https:\/\/allin1bitcoins.com\/it\/wp-json\/wp\/v2\/media?parent=20609"}],"curies":[{"name":"wp","href":"https:\/\/api.w.org\/{rel}","templated":true}]}}