{"id":20736,"date":"2023-02-08T11:07:59","date_gmt":"2023-02-08T11:07:59","guid":{"rendered":"https:\/\/allin1bitcoins.com\/?page_id=20736"},"modified":"2023-02-08T11:08:06","modified_gmt":"2023-02-08T11:08:06","slug":"bank-account","status":"publish","type":"page","link":"https:\/\/allin1bitcoins.com\/it\/crypto\/wrapped-ncg\/bank-account\/","title":{"rendered":"Come Acquistare Wrapped-NCG (WNCG) Con Un Conto Bancario"},"content":{"rendered":"\n<h2 class=\"wp-block-heading\">I passi seguenti possono essere utilizzati per acquistare Wrapped NCG Coin utilizzando un conto bancario:<\/h2>\n\n\n\n<ul><li>Crea un account su una piattaforma di scambio di criptovalute come Coinbase o Kraken che accettano depositi da conti bancari.<br><br><\/li><li>Verifica la tua identit\u00e0 caricando la documentazione necessaria e compiendo qualsiasi altra azione richiesta.<br><br><\/li><li>Collega il tuo account di scambio al tuo conto bancario.<br><br><\/li><li>Scegli l&#8217;opzione &#8220;Acquista&#8221; dopo aver effettuato una ricerca per Wrapped NCG Coin.<br><br><\/li><li>Inserisci la quantit\u00e0 di Wrapped NCG Coin che desideri acquistare e paga con il tuo conto bancario associato per completare la transazione.<\/li><\/ul>\n\n\n\n<h2 class=\"wp-block-heading\">Panoramica delle monete Wrapped NCG<\/h2>\n\n\n\n<p>La risorsa digitale Wrapped NCG Coin \u00e8 basata sulla blockchain di Ethereum. \u00c8 una variante di NCG Coin che \u00e8 stata &#8220;avvolta&#8221; nello standard token ERC-20 per Ethereum, rendendola utilizzabile sulla rete Ethereum e in grado di essere conservata in qualsiasi portafoglio Ethereum.<\/p>\n\n\n\n<p>L&#8217;obiettivo principale di Wrapped NCG Coin \u00e8 permettere ai detentori di NCG Coin di spendere i loro token sulla rete Ethereum e trarre vantaggio dalle molte applicazioni decentralizzate (dApps) create su Ethereum. Ci\u00f2 include l&#8217;accesso a una variet\u00e0 di altre dApps disponibili sulla rete Ethereum, nonch\u00e9 la possibilit\u00e0 di partecipare a applicazioni di finanza decentralizzata (DeFi) come piattaforme di prestito e di prestito.<\/p>\n\n\n\n<h2 class=\"wp-block-heading\">Perch\u00e9 utilizzare un conto bancario per acquistare monete wrapped NCG<\/h2>\n\n\n\n<p><strong>Potresti voler utilizzare un conto bancario per acquistare Wrapped NCG Coin per diversi motivi:<\/strong><\/p>\n\n\n\n<ul><li><strong>Comodit\u00e0: <\/strong>rispetto alle opzioni di pagamento alternative come carte di credito o criptovalute, l&#8217;acquisto di Wrapped NCG Coin con un conto bancario \u00e8 di solito pi\u00f9 conveniente. Ci\u00f2 \u00e8 dovuto al fatto che le transazioni sui conti bancari vengono spesso gestite pi\u00f9 rapidamente e a costi inferiori rispetto a quelle effettuate tramite altri canali.<br><br><\/li><li><strong>Sicurezza:<\/strong> utilizzare un conto bancario per acquistare Wrapped NCG Coin pu\u00f2 essere pi\u00f9 sicuro che utilizzare altri metodi perch\u00e9 i conti bancari sono spesso pi\u00f9 sicuri e meno vulnerabili alla frode rispetto ad altre forme di pagamento. L&#8217;utilizzo di un conto bancario per acquistare Wrapped NCG Coin potrebbe essere pi\u00f9 confortevole e familiare per te se sei nuovo alle criptovalute, poich\u00e9 \u00e8 simile a come effettueresti altre transazioni online.<\/li><\/ul>\n\n\n\n<h2 class=\"wp-block-heading\">Come acquistare Wrapped NCG Coin utilizzando un conto bancario: Guida passo-passo<\/h2>\n\n\n\n<ol><li>Crea un account su una piattaforma di criptovalute che accetti depositi da conti bancari. Coinbase e Kraken sono due importanti piattaforme che accettano depositi da conti bancari.<br><br><\/li><li>Verifica la tua identit\u00e0 caricando i documenti necessari e effettuando qualsiasi altra azione richiesta. Solitamente vengono seguiti i requisiti di antiriciclaggio e conoscenza del cliente (AML\/KYC) per fare questo.<br><br><\/li><li>Collega il tuo account alla piattaforma al tuo conto bancario. Di solito questo pu\u00f2 essere fatto fornendo semplicemente le informazioni sul conto bancario e sul routing richieste.<br><br><\/li><li>Scegli l&#8217;opzione &#8220;Acquista&#8221; dopo aver effettuato una ricerca di Wrapped NCG Coin.<br><br><\/li><li>Inserisci la quantit\u00e0 di Wrapped NCG Coin che desideri acquistare e quindi paga con il tuo conto bancario associato per completare la transazione.<\/li><\/ol>\n\n\n\n<figure class=\"wp-block-embed is-type-video is-provider-youtube wp-block-embed-youtube wp-embed-aspect-16-9 wp-has-aspect-ratio\"><div class=\"wp-block-embed__wrapper\">\n<iframe title=\"Here\u2019s Why Wrapped Tokens Are Necessary!\" width=\"800\" height=\"450\" src=\"https:\/\/www.youtube.com\/embed\/QzHS0ttP19w?feature=oembed\" frameborder=\"0\" allow=\"accelerometer; autoplay; clipboard-write; encrypted-media; gyroscope; picture-in-picture; web-share\" allowfullscreen><\/iframe>\n<\/div><\/figure>\n\n\n\n<h2 class=\"wp-block-heading\">Svantaggi nell&#8217;utilizzo di un conto bancario per acquistare Wrapped NCG Coin<\/h2>\n\n\n\n<p><strong>Utilizzare un conto bancario per acquistare Wrapped NCG Coin ha alcuni svantaggi.<\/strong><\/p>\n\n\n\n<p>I tempi di elaborazione possono essere pi\u00f9 lunghi per le transazioni effettuate tramite conto bancario rispetto a quelle effettuate con carte di credito o criptovalute. Ci\u00f2 significa che la consegna delle tue monete Wrapped NCG sul tuo account di scambio potrebbe richiedere pi\u00f9 tempo. Se si desidera acquistare Wrapped NCG, le opzioni potrebbero essere limitate poich\u00e9 non tutti gli scambi accettano depositi tramite conto bancario.<\/p>\n\n\n\n<h2 class=\"wp-block-heading\">Conclusione<\/h2>\n\n\n\n<p>L&#8217;acquisto di Wrapped NCG Coin tramite un conto bancario pu\u00f2 essere un processo semplice e sicuro. Rispetto ad altre opzioni di pagamento, offre la convenienza di tempi di elaborazione pi\u00f9 rapidi e di costi ridotti e di solito \u00e8 pi\u00f9 familiare a coloro che sono nuovi alle criptovalute. Sebbene non tutti gli scambi consentano depositi tramite conto bancario, \u00e8 importante tenere presente che le transazioni effettuate tramite conto bancario spesso richiedono pi\u00f9 tempo per essere elaborate. Per scegliere il miglior scambio per le tue esigenze e seguire le procedure di sicurezza necessarie per proteggere i tuoi asset, \u00e8 fondamentale condurre una ricerca completa e confrontare diversi scambi.<\/p>\n\n\n\n<!-- Page-list plugin v.5.9 wordpress.org\/plugins\/page-list\/ -->\n<ul class=\"page-list siblings-page-list \">\n<li class=\"page_item page-item-20565\"><a href=\"https:\/\/allin1bitcoins.com\/it\/crypto\/wrapped-ncg\/canada\/\">Come Acquistare La moneta Wrapped NCG (WNCG) In Canada<\/a><\/li>\n<li class=\"page_item page-item-20721\"><a href=\"https:\/\/allin1bitcoins.com\/it\/crypto\/wrapped-ncg\/debit-card\/\">Come Acquistare Wrapped NCG (WNCG) Con Una Carta Di Debito<\/a><\/li>\n<li class=\"page_item page-item-20587\"><a href=\"https:\/\/allin1bitcoins.com\/it\/crypto\/wrapped-ncg\/australia\/\">Come Acquistare Wrapped NCG (WNCG) In Australia<\/a><\/li>\n<li class=\"page_item page-item-20601\"><a href=\"https:\/\/allin1bitcoins.com\/it\/crypto\/wrapped-ncg\/united-states\/\">Come Acquistare Wrapped NCG (WNCG) Negli Stati Uniti<\/a><\/li>\n<li class=\"page_item page-item-20554\"><a href=\"https:\/\/allin1bitcoins.com\/it\/crypto\/wrapped-ncg\/united-kingdom\/\">Come Acquistare Wrapped NCG (WNCG) Nel Regno Unito<\/a><\/li>\n<li class=\"page_item page-item-20609\"><a href=\"https:\/\/allin1bitcoins.com\/it\/crypto\/wrapped-ncg\/paypal\/\">Come Acquistare Wrapped-NCG (WNC) Con PayPal<\/a><\/li>\n<li class=\"page_item page-item-20736\"><a href=\"https:\/\/allin1bitcoins.com\/it\/crypto\/wrapped-ncg\/bank-account\/\">Come Acquistare Wrapped-NCG (WNCG) Con Un Conto Bancario<\/a><\/li>\n<li class=\"page_item page-item-20686\"><a href=\"https:\/\/allin1bitcoins.com\/it\/crypto\/wrapped-ncg\/credit-card\/\">Come Acquistare Wrapped-NCG (WNCG) Con Una Carta Di Credito<\/a><\/li>\n\n<\/ul>\n","protected":false},"excerpt":{"rendered":"<p>I passi seguenti possono essere utilizzati per acquistare Wrapped NCG Coin utilizzando un conto bancario: Crea un account su una piattaforma di scambio di criptovalute come Coinbase o Kraken che accettano depositi da conti bancari. Verifica la tua identit\u00e0 caricando la documentazione necessaria e compiendo qualsiasi altra azione richiesta. Collega il tuo account di scambio&#8230;<\/p>\n","protected":false},"author":3,"featured_media":17180,"parent":20512,"menu_order":0,"comment_status":"closed","ping_status":"closed","template":"","meta":{"cybocfi_hide_featured_image":"","footnotes":""},"acf":[],"yoast_head":"<!-- This site is optimized with the Yoast SEO plugin v21.7 - https:\/\/yoast.com\/wordpress\/plugins\/seo\/ -->\n<title>Come Acquistare Wrapped-NCG (WNCG) Con Un Conto Bancario<\/title>\n<meta name=\"description\" content=\"L&#039;acquisto di Wrapped NCG Coin con un conto bancario pu\u00f2 essere un processo semplice e sicuro. Leggi di pi\u00f9 per saperne di pi\u00f9 in dettaglio.\" \/>\n<meta name=\"robots\" content=\"index, follow, max-snippet:-1, max-image-preview:large, max-video-preview:-1\" \/>\n<link rel=\"canonical\" href=\"https:\/\/allin1bitcoins.com\/it\/crypto\/wrapped-ncg\/bank-account\/\" \/>\n<meta property=\"og:locale\" content=\"it_IT\" \/>\n<meta property=\"og:type\" content=\"article\" \/>\n<meta property=\"og:title\" content=\"Come Acquistare Wrapped-NCG (WNCG) Con Un Conto Bancario\" \/>\n<meta property=\"og:description\" content=\"L&#039;acquisto di Wrapped NCG Coin con un conto bancario pu\u00f2 essere un processo semplice e sicuro. Leggi di pi\u00f9 per saperne di pi\u00f9 in dettaglio.\" \/>\n<meta property=\"og:url\" content=\"https:\/\/allin1bitcoins.com\/it\/crypto\/wrapped-ncg\/bank-account\/\" \/>\n<meta property=\"og:site_name\" content=\"Allin1Bitcoins\" \/>\n<meta property=\"article:modified_time\" content=\"2023-02-08T11:08:06+00:00\" \/>\n<meta property=\"og:image\" content=\"https:\/\/allin1bitcoins.com\/wp-content\/uploads\/2023\/01\/pexels-rodnae-productions-7821715.jpg\" \/>\n\t<meta property=\"og:image:width\" content=\"1280\" \/>\n\t<meta property=\"og:image:height\" content=\"853\" \/>\n\t<meta property=\"og:image:type\" content=\"image\/jpeg\" \/>\n<meta name=\"twitter:card\" content=\"summary_large_image\" \/>\n<meta name=\"twitter:label1\" content=\"Est. reading time\" \/>\n\t<meta name=\"twitter:data1\" content=\"3 minutes\" \/>\n<!-- \/ Yoast SEO plugin. -->","yoast_head_json":{"title":"Come Acquistare Wrapped-NCG (WNCG) Con Un Conto Bancario","description":"L'acquisto di Wrapped NCG Coin con un conto bancario pu\u00f2 essere un processo semplice e sicuro. Leggi di pi\u00f9 per saperne di pi\u00f9 in dettaglio.","robots":{"index":"index","follow":"follow","max-snippet":"max-snippet:-1","max-image-preview":"max-image-preview:large","max-video-preview":"max-video-preview:-1"},"canonical":"https:\/\/allin1bitcoins.com\/it\/crypto\/wrapped-ncg\/bank-account\/","og_locale":"it_IT","og_type":"article","og_title":"Come Acquistare Wrapped-NCG (WNCG) Con Un Conto Bancario","og_description":"L'acquisto di Wrapped NCG Coin con un conto bancario pu\u00f2 essere un processo semplice e sicuro. Leggi di pi\u00f9 per saperne di pi\u00f9 in dettaglio.","og_url":"https:\/\/allin1bitcoins.com\/it\/crypto\/wrapped-ncg\/bank-account\/","og_site_name":"Allin1Bitcoins","article_modified_time":"2023-02-08T11:08:06+00:00","og_image":[{"width":1280,"height":853,"url":"https:\/\/allin1bitcoins.com\/wp-content\/uploads\/2023\/01\/pexels-rodnae-productions-7821715.jpg","type":"image\/jpeg"}],"twitter_card":"summary_large_image","twitter_misc":{"Est. reading time":"3 minutes"},"schema":{"@context":"https:\/\/schema.org","@graph":[{"@type":"WebPage","@id":"https:\/\/allin1bitcoins.com\/it\/crypto\/wrapped-ncg\/bank-account\/","url":"https:\/\/allin1bitcoins.com\/it\/crypto\/wrapped-ncg\/bank-account\/","name":"Come Acquistare Wrapped-NCG (WNCG) Con Un Conto Bancario","isPartOf":{"@id":"https:\/\/allin1bitcoins.com\/it\/#website"},"datePublished":"2023-02-08T11:07:59+00:00","dateModified":"2023-02-08T11:08:06+00:00","description":"L'acquisto di Wrapped NCG Coin con un conto bancario pu\u00f2 essere un processo semplice e sicuro. Leggi di pi\u00f9 per saperne di pi\u00f9 in dettaglio.","breadcrumb":{"@id":"https:\/\/allin1bitcoins.com\/it\/crypto\/wrapped-ncg\/bank-account\/#breadcrumb"},"inLanguage":"it","potentialAction":[{"@type":"ReadAction","target":["https:\/\/allin1bitcoins.com\/it\/crypto\/wrapped-ncg\/bank-account\/"]}]},{"@type":"BreadcrumbList","@id":"https:\/\/allin1bitcoins.com\/it\/crypto\/wrapped-ncg\/bank-account\/#breadcrumb","itemListElement":[{"@type":"ListItem","position":1,"name":"Home","item":"https:\/\/allin1bitcoins.com\/it\/"},{"@type":"ListItem","position":2,"name":"Crypto","item":"https:\/\/allin1bitcoins.com\/it\/crypto\/"},{"@type":"ListItem","position":3,"name":"Come Acquistare Wrapped NCG (WNCG) &#8211; Guida Passo Passo (2023)","item":"https:\/\/allin1bitcoins.com\/it\/crypto\/wrapped-ncg\/"},{"@type":"ListItem","position":4,"name":"Come Acquistare Wrapped-NCG (WNCG) Con Un Conto Bancario"}]},{"@type":"WebSite","@id":"https:\/\/allin1bitcoins.com\/it\/#website","url":"https:\/\/allin1bitcoins.com\/it\/","name":"Allin1Bitcoins","description":"","publisher":{"@id":"https:\/\/allin1bitcoins.com\/it\/#organization"},"potentialAction":[{"@type":"SearchAction","target":{"@type":"EntryPoint","urlTemplate":"https:\/\/allin1bitcoins.com\/it\/?s={search_term_string}"},"query-input":"required name=search_term_string"}],"inLanguage":"it"},{"@type":"Organization","@id":"https:\/\/allin1bitcoins.com\/it\/#organization","name":"allin1bitcoins","url":"https:\/\/allin1bitcoins.com\/it\/","logo":{"@type":"ImageObject","inLanguage":"it","@id":"https:\/\/allin1bitcoins.com\/it\/#\/schema\/logo\/image\/","url":"https:\/\/allin1bitcoins.com\/wp-content\/uploads\/2019\/01\/logo-new.png","contentUrl":"https:\/\/allin1bitcoins.com\/wp-content\/uploads\/2019\/01\/logo-new.png","width":178,"height":71,"caption":"allin1bitcoins"},"image":{"@id":"https:\/\/allin1bitcoins.com\/it\/#\/schema\/logo\/image\/"}}]}},"_links":{"self":[{"href":"https:\/\/allin1bitcoins.com\/it\/wp-json\/wp\/v2\/pages\/20736"}],"collection":[{"href":"https:\/\/allin1bitcoins.com\/it\/wp-json\/wp\/v2\/pages"}],"about":[{"href":"https:\/\/allin1bitcoins.com\/it\/wp-json\/wp\/v2\/types\/page"}],"author":[{"embeddable":true,"href":"https:\/\/allin1bitcoins.com\/it\/wp-json\/wp\/v2\/users\/3"}],"replies":[{"embeddable":true,"href":"https:\/\/allin1bitcoins.com\/it\/wp-json\/wp\/v2\/comments?post=20736"}],"version-history":[{"count":2,"href":"https:\/\/allin1bitcoins.com\/it\/wp-json\/wp\/v2\/pages\/20736\/revisions"}],"predecessor-version":[{"id":20783,"href":"https:\/\/allin1bitcoins.com\/it\/wp-json\/wp\/v2\/pages\/20736\/revisions\/20783"}],"up":[{"embeddable":true,"href":"https:\/\/allin1bitcoins.com\/it\/wp-json\/wp\/v2\/pages\/20512"}],"wp:featuredmedia":[{"embeddable":true,"href":"https:\/\/allin1bitcoins.com\/it\/wp-json\/wp\/v2\/media\/17180"}],"wp:attachment":[{"href":"https:\/\/allin1bitcoins.com\/it\/wp-json\/wp\/v2\/media?parent=20736"}],"curies":[{"name":"wp","href":"https:\/\/api.w.org\/{rel}","templated":true}]}}