{"id":20808,"date":"2023-02-08T17:03:28","date_gmt":"2023-02-08T17:03:28","guid":{"rendered":"https:\/\/allin1bitcoins.com\/?page_id=20808"},"modified":"2023-02-08T17:03:30","modified_gmt":"2023-02-08T17:03:30","slug":"australia","status":"publish","type":"page","link":"https:\/\/allin1bitcoins.com\/it\/crypto\/bittorrent-new\/australia\/","title":{"rendered":"Come Acquistare Bittorrent-New (BTT) In Australia"},"content":{"rendered":"\n<h2 class=\"wp-block-heading\">Risposta breve: puoi acquistare Bittorrent-New Coin in Australia<\/h2>\n\n\n\n<p><strong>Seguire questi procedimenti per acquistare Bittorrent-New Coin in Australia:<\/strong><\/p>\n\n\n\n<ul><li>Cerca un exchange di criptovalute australiano affidabile.<br><br><\/li><li>Iscriviti per un account sull&#8217;exchange, quindi completa il processo di verifica.<br><br><\/li><li>Seleziona Bittorrent-New Coin nella pagina &#8220;Acquista&#8221; o &#8220;Scambia&#8221; dell&#8217;exchange.<br><br><\/li><li>Scegli l&#8217;opzione di pagamento desiderata, come carta di debito, carta di credito o bonifico bancario.<br><br><\/li><li>Per completare l&#8217;acquisto, inserisci la quantit\u00e0 di Bittorrent-New Coin che desideri acquistare e quindi segui le istruzioni sullo schermo.<\/li><\/ul>\n\n\n\n<h2 class=\"wp-block-heading\">Panoramica di Bittorrent-New Coin<\/h2>\n\n\n\n<p>Sulla piattaforma Bittorrent-New, le transazioni sono facilitate dalla Bittorrent-New Coin, un asset digitale. \u00c8 destinato ad essere utilizzato come valore di riserva e come mezzo di scambio per una variet\u00e0 di prodotti e servizi. La base di Bittorrent-New Coin \u00e8 una blockchain, un sistema di registro decentralizzato che garantisce velocit\u00e0, sicurezza e trasparenza.<\/p>\n\n\n\n<h2 class=\"wp-block-heading\">Benefici dell&#8217;acquisto della nuova moneta Bittorrent<\/h2>\n\n\n\n<ul><li>L&#8217;acquisto di Bittorrent-New Coin ha un certo numero di vantaggi.<br><br><\/li><li>Un vantaggio \u00e8 che pu\u00f2 essere un modo rapido e semplice per effettuare pagamenti online.<br><br><\/li><li>Senza passare attraverso una banca o altra istituzione finanziaria, Bittorrent-New Coin pu\u00f2 essere utilizzato per pagare beni e servizi direttamente.<br><br><br><\/li><li>Inoltre, l&#8217;utilizzo di Bittorrent-New Coin pu\u00f2 essere pi\u00f9 veloce e conveniente rispetto ai metodi di pagamento tradizionali, poich\u00e9 pu\u00f2 bypassare le tariffe e i ritardi associati al trattamento delle transazioni attraverso banche e altri intermediari.<br><br><\/li><li>Bittorrent-New Coin pu\u00f2 anche offrire alcuni potenziali vantaggi come investimento.<br><br><\/li><li>Il valore di Bittorrent-New Coin pu\u00f2 fluttuare significativamente e c&#8217;\u00e8 sempre la possibilit\u00e0 di guadagnare soldi se il valore della moneta aumenta.<br><br><\/li><li>Tuttavia, \u00e8 importante fare la propria ricerca e comprendere i rischi prima di investire in qualsiasi criptovaluta.<br><br><\/li><li>Come con qualsiasi investimento, \u00e8 sempre una buona idea diversificare il proprio portafoglio e non investire pi\u00f9 di quanto si possa perdere.<\/li><\/ul>\n\n\n\n<figure class=\"wp-block-embed is-type-video is-provider-youtube wp-block-embed-youtube wp-embed-aspect-16-9 wp-has-aspect-ratio\"><div class=\"wp-block-embed__wrapper\">\n<iframe title=\"BTT NEW Crypto MIllionaire : How To Become A New Bittorrent Token Millionaire ( BTT Token )\" width=\"800\" height=\"450\" src=\"https:\/\/www.youtube.com\/embed\/ZFSUUCFUsoI?feature=oembed\" frameborder=\"0\" allow=\"accelerometer; autoplay; clipboard-write; encrypted-media; gyroscope; picture-in-picture; web-share\" allowfullscreen><\/iframe>\n<\/div><\/figure>\n\n\n\n<h2 class=\"wp-block-heading\">Passo dopo passo tutorial: Come acquistare Bittorrent-New Coin in Australia<\/h2>\n\n\n\n<ol><li>Cerca un exchange di criptovalute australiano affidabile.<br><br><\/li><li>Alcuni exchange popolari che potrebbero offrire Bittorrent-New Coin e operare in Australia includono Binance, Coinbase e Kraken. \u00c8 importante fare la propria ricerca e scegliere un exchange affidabile, sicuro e con un buon track record.<br><br><\/li><li>Iscriviti per un account presso l&#8217;exchange e completa il processo di verifica.<br><br><\/li><li>La maggior parte degli exchange richieder\u00e0 di fornire alcune informazioni personali e la prova dell&#8217;identit\u00e0 per aprire un account.<br><br><\/li><li>Questa \u00e8 una misura di sicurezza standard per prevenire frodi e garantire la conformit\u00e0 alle norme.<br><br><\/li><li>Seleziona Bittorrent-New Coin nella pagina &#8220;Acquisto&#8221; o &#8220;Scambio&#8221; dell&#8217;exchange.<br><br><\/li><li>Cerca l&#8217;opzione per acquistare Bittorrent-New Coin con il metodo di pagamento preferito, come un bonifico bancario, carta di debito o carta di credito.<br><br><\/li><li>Per completare l&#8217;acquisto, inserisci la quantit\u00e0 di Bittorrent-New Coin che desideri acquistare e segui le istruzioni sullo schermo.<br><br><\/li><li>L&#8217;exchange elabora il pagamento e trasferisce il Bittorrent-New Coin al tuo account.<\/li><\/ol>\n\n\n\n<h2 class=\"wp-block-heading\">Acquisto di Bittorrent-New Coin in Australia, tassazione<\/h2>\n\n\n\n<ul><li>In Australia, la tassazione delle transazioni in criptovalute dipende dalle circostanze specifiche della transazione. Se acquisti Bittorrent-New Coin come investimento e lo tieni per pi\u00f9 di un anno prima di vendere, potrebbe essere tassato come una plusvalenza a lungo termine al tasso massimo del 50% del tuo reddito totale. Se vendi Bittorrent-New Coin entro un anno dall&#8217;acquisto, potrebbe essere tassato come plusvalenza a breve termine al tasso fiscale sul reddito regolare.<br><br><\/li><li>Se usi Bittorrent-New Coin per acquistare beni o servizi, la transazione potrebbe essere soggetta all&#8217;imposta sul valore aggiunto (IVA).<br><br><\/li><li>L&#8217;IVA (GST) \u00e8 una tassa sulla valorizzazione simile all&#8217;IVA nell&#8217;Unione Europea. L&#8217;aliquota IVA in Australia attualmente \u00e8 del 10%. Se sei registrato per l&#8217;IVA e acquisti Bittorrent-New Coin per il tuo business, potresti essere in grado di richiedere un credito IVA per l&#8217;acquisto.<br><br><\/li><li>\u00c8 importante consultare un professionista fiscale o chiedere consiglio all&#8217;Ufficio delle Imposte Australiano (ATO) per determinare i tuoi obblighi fiscali quando compri e vendi Bittorrent-New Coin in Australia. Il mancato pagamento della quantit\u00e0 corretta di tasse pu\u00f2 comportare sanzioni e multe.<\/li><\/ul>\n\n\n\n<h2 class=\"wp-block-heading\">Conclusione<\/h2>\n\n\n\n<p>L&#8217;acquisto di Bittorrent-New Coin in Australia pu\u00f2 essere un modo conveniente ed efficiente per effettuare pagamenti e potenzialmente investire in criptovaluta. Tuttavia, \u00e8 importante fare la propria ricerca e scegliere una borsa affidabile, essere consapevoli di eventuali commissioni e limiti e comprendere i rischi coinvolti nell&#8217;investire in criptovaluta. \u00c8 anche importante essere consapevoli dei propri obblighi fiscali e consultare un professionista fiscale se necessario. Come con qualsiasi investimento, \u00e8 importante comprendere i rischi e non investire pi\u00f9 di quanto ci si possa permettere di perdere.<\/p>\n\n\n\n<!-- Page-list plugin v.5.9 wordpress.org\/plugins\/page-list\/ -->\n<ul class=\"page-list siblings-page-list \">\n<li class=\"page_item page-item-20835\"><a href=\"https:\/\/allin1bitcoins.com\/it\/crypto\/bittorrent-new\/credit-card\/\">Come Acquistare Bittorrent-New (BTT) Aon Una Carta Di Credito<\/a><\/li>\n<li class=\"page_item page-item-20846\"><a href=\"https:\/\/allin1bitcoins.com\/it\/crypto\/bittorrent-new\/debit-card\/\">Come Acquistare Bittorrent-New (BTT) Con Una Carta Di Debito<\/a><\/li>\n<li class=\"page_item page-item-20742\"><a href=\"https:\/\/allin1bitcoins.com\/it\/crypto\/bittorrent-new\/venmo\/\">Come Acquistare Bittorrent-New (BTT) Con Venmo<\/a><\/li>\n<li class=\"page_item page-item-20808\"><a href=\"https:\/\/allin1bitcoins.com\/it\/crypto\/bittorrent-new\/australia\/\">Come Acquistare Bittorrent-New (BTT) In Australia<\/a><\/li>\n<li class=\"page_item page-item-20796\"><a href=\"https:\/\/allin1bitcoins.com\/it\/crypto\/bittorrent-new\/germany\/\">Come Acquistare Bittorrent-New (BTT) In Germania<\/a><\/li>\n<li class=\"page_item page-item-20816\"><a href=\"https:\/\/allin1bitcoins.com\/it\/crypto\/bittorrent-new\/united-states\/\">Come Acquistare Bittorrent-New (BTT) Negli Stati Uniti<\/a><\/li>\n<li class=\"page_item page-item-20827\"><a href=\"https:\/\/allin1bitcoins.com\/it\/crypto\/bittorrent-new\/united-kingdom\/\">Come Acquistare Bittorrent-New (BTT) Nel Regno Unito<\/a><\/li>\n<li class=\"page_item page-item-20762\"><a href=\"https:\/\/allin1bitcoins.com\/it\/crypto\/bittorrent-new\/paypal\/\">Come Comprare Bittorrent-New (BTT) Con PayPal<\/a><\/li>\n\n<\/ul>\n","protected":false},"excerpt":{"rendered":"<p>Risposta breve: puoi acquistare Bittorrent-New Coin in Australia Seguire questi procedimenti per acquistare Bittorrent-New Coin in Australia: Cerca un exchange di criptovalute australiano affidabile. Iscriviti per un account sull&#8217;exchange, quindi completa il processo di verifica. Seleziona Bittorrent-New Coin nella pagina &#8220;Acquista&#8221; o &#8220;Scambia&#8221; dell&#8217;exchange. Scegli l&#8217;opzione di pagamento desiderata, come carta di debito, carta di&#8230;<\/p>\n","protected":false},"author":3,"featured_media":15275,"parent":20752,"menu_order":0,"comment_status":"closed","ping_status":"closed","template":"","meta":{"cybocfi_hide_featured_image":"","footnotes":""},"acf":[],"yoast_head":"<!-- This site is optimized with the Yoast SEO plugin v21.7 - https:\/\/yoast.com\/wordpress\/plugins\/seo\/ -->\n<title>Come Acquistare Bittorrent-New (BTT) In Australia<\/title>\n<meta name=\"description\" content=\"Acquistare BTT Moneta in Australia pu\u00f2 essere un modo conveniente ed efficiente per effettuare pagamenti e potenzialmente investire in cripto.\" \/>\n<meta name=\"robots\" content=\"index, follow, max-snippet:-1, max-image-preview:large, max-video-preview:-1\" \/>\n<link rel=\"canonical\" href=\"https:\/\/allin1bitcoins.com\/it\/crypto\/bittorrent-new\/australia\/\" \/>\n<meta property=\"og:locale\" content=\"it_IT\" \/>\n<meta property=\"og:type\" content=\"article\" \/>\n<meta property=\"og:title\" content=\"Come Acquistare Bittorrent-New (BTT) In Australia\" \/>\n<meta property=\"og:description\" content=\"Acquistare BTT Moneta in Australia pu\u00f2 essere un modo conveniente ed efficiente per effettuare pagamenti e potenzialmente investire in cripto.\" \/>\n<meta property=\"og:url\" content=\"https:\/\/allin1bitcoins.com\/it\/crypto\/bittorrent-new\/australia\/\" \/>\n<meta property=\"og:site_name\" content=\"Allin1Bitcoins\" \/>\n<meta property=\"article:modified_time\" content=\"2023-02-08T17:03:30+00:00\" \/>\n<meta property=\"og:image\" content=\"https:\/\/allin1bitcoins.com\/wp-content\/uploads\/2023\/01\/pexels-catarina-sousa-68704.jpg\" \/>\n\t<meta property=\"og:image:width\" content=\"1280\" \/>\n\t<meta property=\"og:image:height\" content=\"821\" \/>\n\t<meta property=\"og:image:type\" content=\"image\/jpeg\" \/>\n<meta name=\"twitter:card\" content=\"summary_large_image\" \/>\n<meta name=\"twitter:label1\" content=\"Est. reading time\" \/>\n\t<meta name=\"twitter:data1\" content=\"4 minutes\" \/>\n<!-- \/ Yoast SEO plugin. -->","yoast_head_json":{"title":"Come Acquistare Bittorrent-New (BTT) In Australia","description":"Acquistare BTT Moneta in Australia pu\u00f2 essere un modo conveniente ed efficiente per effettuare pagamenti e potenzialmente investire in cripto.","robots":{"index":"index","follow":"follow","max-snippet":"max-snippet:-1","max-image-preview":"max-image-preview:large","max-video-preview":"max-video-preview:-1"},"canonical":"https:\/\/allin1bitcoins.com\/it\/crypto\/bittorrent-new\/australia\/","og_locale":"it_IT","og_type":"article","og_title":"Come Acquistare Bittorrent-New (BTT) In Australia","og_description":"Acquistare BTT Moneta in Australia pu\u00f2 essere un modo conveniente ed efficiente per effettuare pagamenti e potenzialmente investire in cripto.","og_url":"https:\/\/allin1bitcoins.com\/it\/crypto\/bittorrent-new\/australia\/","og_site_name":"Allin1Bitcoins","article_modified_time":"2023-02-08T17:03:30+00:00","og_image":[{"width":1280,"height":821,"url":"https:\/\/allin1bitcoins.com\/wp-content\/uploads\/2023\/01\/pexels-catarina-sousa-68704.jpg","type":"image\/jpeg"}],"twitter_card":"summary_large_image","twitter_misc":{"Est. reading time":"4 minutes"},"schema":{"@context":"https:\/\/schema.org","@graph":[{"@type":"WebPage","@id":"https:\/\/allin1bitcoins.com\/it\/crypto\/bittorrent-new\/australia\/","url":"https:\/\/allin1bitcoins.com\/it\/crypto\/bittorrent-new\/australia\/","name":"Come Acquistare Bittorrent-New (BTT) In Australia","isPartOf":{"@id":"https:\/\/allin1bitcoins.com\/it\/#website"},"datePublished":"2023-02-08T17:03:28+00:00","dateModified":"2023-02-08T17:03:30+00:00","description":"Acquistare BTT Moneta in Australia pu\u00f2 essere un modo conveniente ed efficiente per effettuare pagamenti e potenzialmente investire in cripto.","breadcrumb":{"@id":"https:\/\/allin1bitcoins.com\/it\/crypto\/bittorrent-new\/australia\/#breadcrumb"},"inLanguage":"it","potentialAction":[{"@type":"ReadAction","target":["https:\/\/allin1bitcoins.com\/it\/crypto\/bittorrent-new\/australia\/"]}]},{"@type":"BreadcrumbList","@id":"https:\/\/allin1bitcoins.com\/it\/crypto\/bittorrent-new\/australia\/#breadcrumb","itemListElement":[{"@type":"ListItem","position":1,"name":"Home","item":"https:\/\/allin1bitcoins.com\/it\/"},{"@type":"ListItem","position":2,"name":"Crypto","item":"https:\/\/allin1bitcoins.com\/it\/crypto\/"},{"@type":"ListItem","position":3,"name":"Come Acquistare Bittorrent-New (BTT) &#8211; Guida Dettagliata 2023","item":"https:\/\/allin1bitcoins.com\/it\/crypto\/bittorrent-new\/"},{"@type":"ListItem","position":4,"name":"Come Acquistare Bittorrent-New (BTT) In Australia"}]},{"@type":"WebSite","@id":"https:\/\/allin1bitcoins.com\/it\/#website","url":"https:\/\/allin1bitcoins.com\/it\/","name":"Allin1Bitcoins","description":"","publisher":{"@id":"https:\/\/allin1bitcoins.com\/it\/#organization"},"potentialAction":[{"@type":"SearchAction","target":{"@type":"EntryPoint","urlTemplate":"https:\/\/allin1bitcoins.com\/it\/?s={search_term_string}"},"query-input":"required name=search_term_string"}],"inLanguage":"it"},{"@type":"Organization","@id":"https:\/\/allin1bitcoins.com\/it\/#organization","name":"allin1bitcoins","url":"https:\/\/allin1bitcoins.com\/it\/","logo":{"@type":"ImageObject","inLanguage":"it","@id":"https:\/\/allin1bitcoins.com\/it\/#\/schema\/logo\/image\/","url":"https:\/\/allin1bitcoins.com\/wp-content\/uploads\/2019\/01\/logo-new.png","contentUrl":"https:\/\/allin1bitcoins.com\/wp-content\/uploads\/2019\/01\/logo-new.png","width":178,"height":71,"caption":"allin1bitcoins"},"image":{"@id":"https:\/\/allin1bitcoins.com\/it\/#\/schema\/logo\/image\/"}}]}},"_links":{"self":[{"href":"https:\/\/allin1bitcoins.com\/it\/wp-json\/wp\/v2\/pages\/20808"}],"collection":[{"href":"https:\/\/allin1bitcoins.com\/it\/wp-json\/wp\/v2\/pages"}],"about":[{"href":"https:\/\/allin1bitcoins.com\/it\/wp-json\/wp\/v2\/types\/page"}],"author":[{"embeddable":true,"href":"https:\/\/allin1bitcoins.com\/it\/wp-json\/wp\/v2\/users\/3"}],"replies":[{"embeddable":true,"href":"https:\/\/allin1bitcoins.com\/it\/wp-json\/wp\/v2\/comments?post=20808"}],"version-history":[{"count":1,"href":"https:\/\/allin1bitcoins.com\/it\/wp-json\/wp\/v2\/pages\/20808\/revisions"}],"predecessor-version":[{"id":20809,"href":"https:\/\/allin1bitcoins.com\/it\/wp-json\/wp\/v2\/pages\/20808\/revisions\/20809"}],"up":[{"embeddable":true,"href":"https:\/\/allin1bitcoins.com\/it\/wp-json\/wp\/v2\/pages\/20752"}],"wp:featuredmedia":[{"embeddable":true,"href":"https:\/\/allin1bitcoins.com\/it\/wp-json\/wp\/v2\/media\/15275"}],"wp:attachment":[{"href":"https:\/\/allin1bitcoins.com\/it\/wp-json\/wp\/v2\/media?parent=20808"}],"curies":[{"name":"wp","href":"https:\/\/api.w.org\/{rel}","templated":true}]}}