{"id":20816,"date":"2023-02-08T17:33:30","date_gmt":"2023-02-08T17:33:30","guid":{"rendered":"https:\/\/allin1bitcoins.com\/?page_id=20816"},"modified":"2023-02-08T17:33:33","modified_gmt":"2023-02-08T17:33:33","slug":"united-states","status":"publish","type":"page","link":"https:\/\/allin1bitcoins.com\/it\/crypto\/bittorrent-new\/united-states\/","title":{"rendered":"Come Acquistare Bittorrent-New (BTT) Negli Stati Uniti"},"content":{"rendered":"\n<h2 class=\"wp-block-heading\">Breve spiegazione su come acquistare la Bittorrent-New Coin negli Stati Uniti<\/h2>\n\n\n\n<p><strong>Seguire questi passi per acquistare Bittorrent-New Coin negli Stati Uniti:<\/strong><\/p>\n\n\n\n<ul><li>Trova un exchange di bitcoin affidabile che opera negli Stati Uniti.<br><br><\/li><li>Iscriviti a un account sull&#8217;exchange, quindi completa il processo di verifica.<br><br><\/li><li>Seleziona Bittorrent-New Coin sulla pagina &#8220;Acquisto&#8221; o &#8220;Scambio&#8221; dell&#8217;exchange.<br><br><\/li><li>Scegli l&#8217;opzione di pagamento desiderata, come carta di debito, carta di credito o bonifico bancario.<br><br><\/li><li>Per completare l&#8217;acquisto, inserisci la quantit\u00e0 di Bittorrent-New Coin che desideri acquistare e quindi seguire le istruzioni sullo schermo.<\/li><\/ul>\n\n\n\n<h2 class=\"wp-block-heading\">Panoramica di Bittorrent-New Coin<\/h2>\n\n\n\n<p>Sulla piattaforma Bittorrent-New, le transazioni sono facilitate da Bittorrent-New Coin, un asset digitale. \u00c8 destinato ad essere utilizzato come store of value e come mezzo di scambio per una variet\u00e0 di prodotti e servizi. La base di Bittorrent-New Coin \u00e8 una blockchain, un sistema di ledger decentralizzato che consente velocit\u00e0, sicurezza e trasparenza.<\/p>\n\n\n\n<h2 class=\"wp-block-heading\">Benefici dell&#8217;acquisto della nuova moneta Bittorrent<\/h2>\n\n\n\n<p>L&#8217;acquisto di Bittorrent-New Coin ha un certo numero di vantaggi. Un vantaggio \u00e8 che pu\u00f2 essere un modo rapido e semplice per effettuare pagamenti online. Senza passare attraverso una banca o un&#8217;altra istituzione finanziaria, Bittorrent-New Coin pu\u00f2 essere utilizzato per pagare direttamente beni e servizi. Inoltre, poich\u00e9 Bittorrent-New Coin pu\u00f2 effettuare transazioni senza passare attraverso banche o altri intermediari e incurrere in costi e ritardi, l&#8217;utilizzo pu\u00f2 essere pi\u00f9 veloce e meno costoso rispetto ai metodi di pagamento standard.<\/p>\n\n\n\n<p>Come investimento, la moneta Bittorrent-New potrebbe offrire alcuni vantaggi potenziali. Il valore di Bittorrent-New \u00e8 soggetto a forti oscillazioni, ma c&#8217;\u00e8 sempre una possibilit\u00e0 di guadagno se il valore della moneta aumenta. Prima di investire in qualsiasi criptovaluta, \u00e8 necessario fare la propria ricerca e comprendere i rischi. Come con qualsiasi investimento, diversificare il proprio portafoglio \u00e8 sempre una buona idea e non si dovrebbe mai investire pi\u00f9 di quanto si possa perdere.<\/p>\n\n\n\n<h2 class=\"wp-block-heading\">Guida passo-passo su come acquistare Bittorrent-New Coin negli Stati Uniti:<\/h2>\n\n\n\n<ol><li>Trova un exchange di bitcoin affidabile che opera negli Stati Uniti.<br><br><\/li><li>Binance, Coinbase e Kraken sono alcuni exchange ben noti che potrebbero fornire Bittorrent-New Coin e che sono basati negli Stati Uniti.<br><br><\/li><li>\u00c8 cruciale fare la propria ricerca e scegliere un exchange affidabile, sicuro con una storia comprovata.<br><br><\/li><li>Iscriviti a un account sull&#8217;exchange e completa il processo di verifica.<br><br><\/li><li>Per aprire un account, la maggior parte degli exchange richieder\u00e0 di fornire alcune informazioni personali e documenti di identificazione.<br><br><\/li><li>Questa \u00e8 una comune precauzione di sicurezza per proteggere contro la frode e garantire il rispetto delle regole.<br><br><\/li><li>Seleziona Bittorrent-New Coin sulla pagina &#8220;Acquista&#8221; o &#8220;Scambio&#8221; dell&#8217;exchange.<br><br><\/li><li>Per acquistare Bittorrent-New Coin con il tuo metodo di pagamento preferito, come un bonifico bancario, una carta di debito o una carta di credito, cerca l&#8217;opzione per farlo.<br><br><\/li><li>Per completare l&#8217;acquisto, inserisci la quantit\u00e0 di Bittorrent-New Coin che desideri acquistare e seguire le istruzioni visualizzate sullo schermo.<br><br><\/li><li>Il tuo pagamento verr\u00e0 elaborato dall&#8217;exchange e la Bittorrent-New Coin verr\u00e0 inviata al tuo account.<\/li><\/ol>\n\n\n\n<figure class=\"wp-block-embed is-type-video is-provider-youtube wp-block-embed-youtube wp-embed-aspect-16-9 wp-has-aspect-ratio\"><div class=\"wp-block-embed__wrapper\">\n<iframe title=\"BitTorrent Chain Update | BTT Token Price Prediction\" width=\"800\" height=\"450\" src=\"https:\/\/www.youtube.com\/embed\/UIteYrc4mpg?feature=oembed\" frameborder=\"0\" allow=\"accelerometer; autoplay; clipboard-write; encrypted-media; gyroscope; picture-in-picture; web-share\" allowfullscreen><\/iframe>\n<\/div><\/figure>\n\n\n\n<h2 class=\"wp-block-heading\">L&#8217;acquisto di Bittorrent-New Coin negli Stati Uniti \u00e8 tassato<\/h2>\n\n\n\n<p>L&#8217;Internal Revenue Service (IRS) degli Stati Uniti ha pubblicato linee guida per quanto riguarda la tassazione delle transazioni in bitcoin. Le criptovalute sono considerate come propriet\u00e0 ai fini fiscali, secondo l&#8217;IRS. Di conseguenza, se acquisti Bittorrent-New Coin come investimento e lo tieni per pi\u00f9 di un anno prima di venderlo, potresti essere soggetto a una tassa sulle plusvalenze a lungo termine del 20%. Bittorrent-New Coin potrebbe essere tassato come plusvalenza a breve termine al tuo tasso d&#8217;imposta sul reddito se lo vendi entro un anno dall&#8217;acquisto.<\/p>\n\n\n\n<p>L&#8217;acquisto di beni o servizi effettuati con Bittorrent-New Coin pu\u00f2 essere soggetto a tassa sulle vendite. La tassa sulle vendite \u00e8 una tassa imposta dallo Stato o dal governo locale sull&#8217;acquisto di beni e servizi. La posizione della vendita e il tipo di prodotti o servizi che vengono acquistati influiscono entrambi sul tasso di tassa sulle vendite. Se la tua azienda consente ai clienti di pagare con Bittorrent-New Coin, potresti dover riscuotere la tassa sulle vendite da loro e inviarla alle autorit\u00e0 fiscali appropriate. Quando si acquista e si vende Bittorrent-New Coin negli Stati Uniti, \u00e8 fondamentale cercare l&#8217;assistenza di un esperto fiscale o dell&#8217;IRS per valutare le proprie responsabilit\u00e0 fiscali. Possono essere applicate sanzioni e multe se non viene pagato l&#8217;importo corretto di tasse.<\/p>\n\n\n\n<h2 class=\"wp-block-heading\">Conclusi\u00f3n<\/h2>\n\n\n\n<p>Una opzione rapida ed efficace per inviare denaro e forse anche investire in criptovalute \u00e8 acquistare Bittorrent-New Coin negli Stati Uniti. Tuttavia, \u00e8 fondamentale fare la propria ricerca, scegliere un exchange affidabile, essere consapevoli di eventuali tariffe o limiti e comprendere i rischi associati all&#8217;investimento in bitcoin. \u00c8 altrettanto importante essere a conoscenza dei propri obblighi fiscali e, se necessario, ricevere consigli da un esperto fiscale. Comprendere i pericoli e effettuare solo investimenti che si \u00e8 in grado di perdere \u00e8 cruciale quando si effettua qualsiasi tipo di investimento.<\/p>\n\n\n\n<!-- Page-list plugin v.5.9 wordpress.org\/plugins\/page-list\/ -->\n<ul class=\"page-list siblings-page-list \">\n<li class=\"page_item page-item-20835\"><a href=\"https:\/\/allin1bitcoins.com\/it\/crypto\/bittorrent-new\/credit-card\/\">Come Acquistare Bittorrent-New (BTT) Aon Una Carta Di Credito<\/a><\/li>\n<li class=\"page_item page-item-20846\"><a href=\"https:\/\/allin1bitcoins.com\/it\/crypto\/bittorrent-new\/debit-card\/\">Come Acquistare Bittorrent-New (BTT) Con Una Carta Di Debito<\/a><\/li>\n<li class=\"page_item page-item-20742\"><a href=\"https:\/\/allin1bitcoins.com\/it\/crypto\/bittorrent-new\/venmo\/\">Come Acquistare Bittorrent-New (BTT) Con Venmo<\/a><\/li>\n<li class=\"page_item page-item-20808\"><a href=\"https:\/\/allin1bitcoins.com\/it\/crypto\/bittorrent-new\/australia\/\">Come Acquistare Bittorrent-New (BTT) In Australia<\/a><\/li>\n<li class=\"page_item page-item-20796\"><a href=\"https:\/\/allin1bitcoins.com\/it\/crypto\/bittorrent-new\/germany\/\">Come Acquistare Bittorrent-New (BTT) In Germania<\/a><\/li>\n<li class=\"page_item page-item-20816\"><a href=\"https:\/\/allin1bitcoins.com\/it\/crypto\/bittorrent-new\/united-states\/\">Come Acquistare Bittorrent-New (BTT) Negli Stati Uniti<\/a><\/li>\n<li class=\"page_item page-item-20827\"><a href=\"https:\/\/allin1bitcoins.com\/it\/crypto\/bittorrent-new\/united-kingdom\/\">Come Acquistare Bittorrent-New (BTT) Nel Regno Unito<\/a><\/li>\n<li class=\"page_item page-item-20762\"><a href=\"https:\/\/allin1bitcoins.com\/it\/crypto\/bittorrent-new\/paypal\/\">Come Comprare Bittorrent-New (BTT) Con PayPal<\/a><\/li>\n\n<\/ul>\n","protected":false},"excerpt":{"rendered":"<p>Breve spiegazione su come acquistare la Bittorrent-New Coin negli Stati Uniti Seguire questi passi per acquistare Bittorrent-New Coin negli Stati Uniti: Trova un exchange di bitcoin affidabile che opera negli Stati Uniti. Iscriviti a un account sull&#8217;exchange, quindi completa il processo di verifica. Seleziona Bittorrent-New Coin sulla pagina &#8220;Acquisto&#8221; o &#8220;Scambio&#8221; dell&#8217;exchange. Scegli l&#8217;opzione di&#8230;<\/p>\n","protected":false},"author":3,"featured_media":15291,"parent":20752,"menu_order":0,"comment_status":"closed","ping_status":"closed","template":"","meta":{"cybocfi_hide_featured_image":"","footnotes":""},"acf":[],"yoast_head":"<!-- This site is optimized with the Yoast SEO plugin v21.7 - https:\/\/yoast.com\/wordpress\/plugins\/seo\/ -->\n<title>Come Acquistare Bittorrent-New (BTT) Negli Stati Uniti<\/title>\n<meta name=\"description\" content=\"Una opzione veloce ed efficiente per inviare denaro e forse anche investire in criptovalute \u00e8 acquistare Bittorrent-Nuova Moneta USA.\" \/>\n<meta name=\"robots\" content=\"index, follow, max-snippet:-1, max-image-preview:large, max-video-preview:-1\" \/>\n<link rel=\"canonical\" href=\"https:\/\/allin1bitcoins.com\/it\/crypto\/bittorrent-new\/united-states\/\" \/>\n<meta property=\"og:locale\" content=\"it_IT\" \/>\n<meta property=\"og:type\" content=\"article\" \/>\n<meta property=\"og:title\" content=\"Come Acquistare Bittorrent-New (BTT) Negli Stati Uniti\" \/>\n<meta property=\"og:description\" content=\"Una opzione veloce ed efficiente per inviare denaro e forse anche investire in criptovalute \u00e8 acquistare Bittorrent-Nuova Moneta USA.\" \/>\n<meta property=\"og:url\" content=\"https:\/\/allin1bitcoins.com\/it\/crypto\/bittorrent-new\/united-states\/\" \/>\n<meta property=\"og:site_name\" content=\"Allin1Bitcoins\" \/>\n<meta property=\"article:modified_time\" content=\"2023-02-08T17:33:33+00:00\" \/>\n<meta property=\"og:image\" content=\"https:\/\/allin1bitcoins.com\/wp-content\/uploads\/2023\/01\/cristina-glebova-fYqQBr0EzkA-unsplash.jpg\" \/>\n\t<meta property=\"og:image:width\" content=\"1920\" \/>\n\t<meta property=\"og:image:height\" content=\"1317\" \/>\n\t<meta property=\"og:image:type\" content=\"image\/jpeg\" \/>\n<meta name=\"twitter:card\" content=\"summary_large_image\" \/>\n<meta name=\"twitter:label1\" content=\"Est. reading time\" \/>\n\t<meta name=\"twitter:data1\" content=\"4 minutes\" \/>\n<!-- \/ Yoast SEO plugin. -->","yoast_head_json":{"title":"Come Acquistare Bittorrent-New (BTT) Negli Stati Uniti","description":"Una opzione veloce ed efficiente per inviare denaro e forse anche investire in criptovalute \u00e8 acquistare Bittorrent-Nuova Moneta USA.","robots":{"index":"index","follow":"follow","max-snippet":"max-snippet:-1","max-image-preview":"max-image-preview:large","max-video-preview":"max-video-preview:-1"},"canonical":"https:\/\/allin1bitcoins.com\/it\/crypto\/bittorrent-new\/united-states\/","og_locale":"it_IT","og_type":"article","og_title":"Come Acquistare Bittorrent-New (BTT) Negli Stati Uniti","og_description":"Una opzione veloce ed efficiente per inviare denaro e forse anche investire in criptovalute \u00e8 acquistare Bittorrent-Nuova Moneta USA.","og_url":"https:\/\/allin1bitcoins.com\/it\/crypto\/bittorrent-new\/united-states\/","og_site_name":"Allin1Bitcoins","article_modified_time":"2023-02-08T17:33:33+00:00","og_image":[{"width":1920,"height":1317,"url":"https:\/\/allin1bitcoins.com\/wp-content\/uploads\/2023\/01\/cristina-glebova-fYqQBr0EzkA-unsplash.jpg","type":"image\/jpeg"}],"twitter_card":"summary_large_image","twitter_misc":{"Est. reading time":"4 minutes"},"schema":{"@context":"https:\/\/schema.org","@graph":[{"@type":"WebPage","@id":"https:\/\/allin1bitcoins.com\/it\/crypto\/bittorrent-new\/united-states\/","url":"https:\/\/allin1bitcoins.com\/it\/crypto\/bittorrent-new\/united-states\/","name":"Come Acquistare Bittorrent-New (BTT) Negli Stati Uniti","isPartOf":{"@id":"https:\/\/allin1bitcoins.com\/it\/#website"},"datePublished":"2023-02-08T17:33:30+00:00","dateModified":"2023-02-08T17:33:33+00:00","description":"Una opzione veloce ed efficiente per inviare denaro e forse anche investire in criptovalute \u00e8 acquistare Bittorrent-Nuova Moneta USA.","breadcrumb":{"@id":"https:\/\/allin1bitcoins.com\/it\/crypto\/bittorrent-new\/united-states\/#breadcrumb"},"inLanguage":"it","potentialAction":[{"@type":"ReadAction","target":["https:\/\/allin1bitcoins.com\/it\/crypto\/bittorrent-new\/united-states\/"]}]},{"@type":"BreadcrumbList","@id":"https:\/\/allin1bitcoins.com\/it\/crypto\/bittorrent-new\/united-states\/#breadcrumb","itemListElement":[{"@type":"ListItem","position":1,"name":"Home","item":"https:\/\/allin1bitcoins.com\/it\/"},{"@type":"ListItem","position":2,"name":"Crypto","item":"https:\/\/allin1bitcoins.com\/it\/crypto\/"},{"@type":"ListItem","position":3,"name":"Come Acquistare Bittorrent-New (BTT) &#8211; Guida Dettagliata 2023","item":"https:\/\/allin1bitcoins.com\/it\/crypto\/bittorrent-new\/"},{"@type":"ListItem","position":4,"name":"Come Acquistare Bittorrent-New (BTT) Negli Stati Uniti"}]},{"@type":"WebSite","@id":"https:\/\/allin1bitcoins.com\/it\/#website","url":"https:\/\/allin1bitcoins.com\/it\/","name":"Allin1Bitcoins","description":"","publisher":{"@id":"https:\/\/allin1bitcoins.com\/it\/#organization"},"potentialAction":[{"@type":"SearchAction","target":{"@type":"EntryPoint","urlTemplate":"https:\/\/allin1bitcoins.com\/it\/?s={search_term_string}"},"query-input":"required name=search_term_string"}],"inLanguage":"it"},{"@type":"Organization","@id":"https:\/\/allin1bitcoins.com\/it\/#organization","name":"allin1bitcoins","url":"https:\/\/allin1bitcoins.com\/it\/","logo":{"@type":"ImageObject","inLanguage":"it","@id":"https:\/\/allin1bitcoins.com\/it\/#\/schema\/logo\/image\/","url":"https:\/\/allin1bitcoins.com\/wp-content\/uploads\/2019\/01\/logo-new.png","contentUrl":"https:\/\/allin1bitcoins.com\/wp-content\/uploads\/2019\/01\/logo-new.png","width":178,"height":71,"caption":"allin1bitcoins"},"image":{"@id":"https:\/\/allin1bitcoins.com\/it\/#\/schema\/logo\/image\/"}}]}},"_links":{"self":[{"href":"https:\/\/allin1bitcoins.com\/it\/wp-json\/wp\/v2\/pages\/20816"}],"collection":[{"href":"https:\/\/allin1bitcoins.com\/it\/wp-json\/wp\/v2\/pages"}],"about":[{"href":"https:\/\/allin1bitcoins.com\/it\/wp-json\/wp\/v2\/types\/page"}],"author":[{"embeddable":true,"href":"https:\/\/allin1bitcoins.com\/it\/wp-json\/wp\/v2\/users\/3"}],"replies":[{"embeddable":true,"href":"https:\/\/allin1bitcoins.com\/it\/wp-json\/wp\/v2\/comments?post=20816"}],"version-history":[{"count":1,"href":"https:\/\/allin1bitcoins.com\/it\/wp-json\/wp\/v2\/pages\/20816\/revisions"}],"predecessor-version":[{"id":20817,"href":"https:\/\/allin1bitcoins.com\/it\/wp-json\/wp\/v2\/pages\/20816\/revisions\/20817"}],"up":[{"embeddable":true,"href":"https:\/\/allin1bitcoins.com\/it\/wp-json\/wp\/v2\/pages\/20752"}],"wp:featuredmedia":[{"embeddable":true,"href":"https:\/\/allin1bitcoins.com\/it\/wp-json\/wp\/v2\/media\/15291"}],"wp:attachment":[{"href":"https:\/\/allin1bitcoins.com\/it\/wp-json\/wp\/v2\/media?parent=20816"}],"curies":[{"name":"wp","href":"https:\/\/api.w.org\/{rel}","templated":true}]}}