{"id":20827,"date":"2023-02-08T19:27:25","date_gmt":"2023-02-08T19:27:25","guid":{"rendered":"https:\/\/allin1bitcoins.com\/?page_id=20827"},"modified":"2023-02-08T19:27:27","modified_gmt":"2023-02-08T19:27:27","slug":"united-kingdom","status":"publish","type":"page","link":"https:\/\/allin1bitcoins.com\/it\/crypto\/bittorrent-new\/united-kingdom\/","title":{"rendered":"Come Acquistare Bittorrent-New (BTT) Nel Regno Unito"},"content":{"rendered":"\n<h2 class=\"wp-block-heading\">Risposta Breve: Puoi acquistare la Bittorrent-New Coin nel Regno Unito.<\/h2>\n\n\n\n<p><strong>Segui questi procedimenti per acquistare Bittorrent-New Coin nel Regno Unito:<\/strong><\/p>\n\n\n\n<ul><li>Trova un exchange di bitcoin affidabile che funziona nel Regno Unito.<br><br><\/li><li>Iscriviti a un account sull&#8217;exchange e completa il processo di verifica.<br><br><\/li><li>Seleziona Bittorrent-New Coin nella pagina &#8220;Acquisto&#8221; o &#8220;Scambio&#8221; dell&#8217;exchange.<br><br><\/li><li>Scegli l&#8217;opzione di pagamento desiderata, come una carta di debito, una carta di credito o un bonifico bancario.<br><br><br><\/li><li>Per completare l&#8217;acquisto, inserisci la quantit\u00e0 di Bittorrent-New Coin che desideri acquistare e segui le istruzioni sullo schermo.<\/li><\/ul>\n\n\n\n<h2 class=\"wp-block-heading\">Panoramica sulla Bittorrent-New Coin<\/h2>\n\n\n\n<p>Sulla piattaforma Bittorrent-New, le transazioni sono facilitate dalla Bittorrent-New Coin, un asset digitale. \u00c8 destinato ad essere utilizzato come valore di deposito e come mezzo di scambio per una variet\u00e0 di prodotti e servizi. La base della Bittorrent-New Coin \u00e8 una blockchain, un sistema di registro decentralizzato che consente velocit\u00e0, sicurezza e trasparenza.<\/p>\n\n\n\n<h2 class=\"wp-block-heading\">Benefici dell&#8217;acquisto della nuova moneta Bittorrent<\/h2>\n\n\n\n<ul><li>L&#8217;acquisto di Bittorrent-New Coin presenta una serie di vantaggi<br><br><\/li><li>Un vantaggio \u00e8 che pu\u00f2 essere un modo rapido e semplice per effettuare pagamenti online.<br><br><\/li><li>Senza passare attraverso una banca o altra istituzione finanziaria, Bittorrent-New Coin pu\u00f2 essere utilizzata per pagare beni e servizi direttamente.<br><br><\/li><li>Inoltre, poich\u00e9 Bittorrent-New Coin pu\u00f2 effettuare transazioni senza passare attraverso banche o altri intermediari e senza incorrere in costi e ritardi, l&#8217;utilizzo pu\u00f2 essere pi\u00f9 rapido e meno costoso rispetto all&#8217;utilizzo di metodi di pagamento standard.<br><br><\/li><li>Come investimento, Bittorrent-New Coin pu\u00f2 offrire alcuni vantaggi potenziali.<br><br><\/li><li>Il valore di Bittorrent-New Coin \u00e8 soggetto a forti oscillazioni, ma c&#8217;\u00e8 sempre una possibilit\u00e0 di guadagno se il valore della moneta aumenta.<br><br><\/li><li>Prima di investire in qualsiasi criptovaluta, dovresti fare la tua ricerca e comprendere i rischi.<br><br><\/li><li>Come per qualsiasi investimento, diversificare il proprio portafoglio \u00e8 sempre una buona idea e non si dovrebbe mai investire pi\u00f9 di quanto ci si possa permettere di perdere.<\/li><\/ul>\n\n\n\n<figure class=\"wp-block-embed is-type-video is-provider-youtube wp-block-embed-youtube wp-embed-aspect-16-9 wp-has-aspect-ratio\"><div class=\"wp-block-embed__wrapper\">\n<iframe title=\"BitTorrent Price Prediction \ud83d\ude80 \ud83d\ude80  for 2025 and 2030 | Btt Price Target | BitTorrent Updates\" width=\"800\" height=\"450\" src=\"https:\/\/www.youtube.com\/embed\/BIPcIxgT9V8?feature=oembed\" frameborder=\"0\" allow=\"accelerometer; autoplay; clipboard-write; encrypted-media; gyroscope; picture-in-picture; web-share\" allowfullscreen><\/iframe>\n<\/div><\/figure>\n\n\n\n<h2 class=\"wp-block-heading\">Come acquistare Bittorrent-New Coin nel Regno Unito: una guida passo dopo passo<\/h2>\n\n\n\n<ol><li>Individua un exchange di bitcoin affidabile che opera nel Regno Unito. Binance, Coinbase e Kraken sono alcuni exchange conosciuti che potrebbero fornire Bittorrent-New Coin e sono attivi nel Regno Unito. \u00c8 cruciale fare la propria ricerca e scegliere un exchange affidabile, sicuro e con una buona reputazione.<br><br><\/li><li>Registrati per un account sull&#8217;exchange e completa il processo di verifica. Per aprire un account, la maggior parte degli exchange richieder\u00e0 di fornire alcune informazioni personali e documenti di identit\u00e0. Questo \u00e8 un comune precauzione di sicurezza per prevenire frodi e garantire il rispetto delle regole.<br><br><\/li><li>Seleziona Bittorrent-New Coin sulla pagina &#8220;Acquista&#8221; o &#8220;Scambio&#8221; dell&#8217;exchange. Per acquistare Bittorrent-New Coin con il metodo di pagamento preferito, come bonifico bancario, carta di debito o carta di credito, cerca l&#8217;opzione per farlo.<br><br><\/li><li>Per completare l&#8217;acquisto, inserisci la quantit\u00e0 di Bittorrent-New Coin che desideri acquistare e segui le istruzioni sullo schermo. Il tuo pagamento sar\u00e0 elaborato dall&#8217;exchange e Bittorrent-New Coin sar\u00e0 inviato al tuo account.<br><br><\/li><li>Si consiglia di trasferire Bittorrent-New Coin in un portafoglio sicuro una volta che \u00e8 stato aggiunto al tuo account, in modo che possa essere archiviato in sicurezza. Un portafoglio \u00e8 un pezzo di software che ti permette di memorizzare e accedere al tuo bitcoin. I portafogli sono disponibili in una vasta gamma di stili, tra cui portafogli hardware, software e cartacei. \u00c8 cruciale scegliere un portafoglio che soddisfi le tue esigenze e sia sicuro.<\/li><\/ol>\n\n\n\n<h2 class=\"wp-block-heading\">Tassazione sugli acquisti di Bittorrent-New Coin nel Regno Unito<\/h2>\n\n\n\n<ul><li>Lo stato fiscale delle transazioni in criptovaluta \u00e8 governato dai fatti specifici di ogni caso nel Regno Unito. La tassazione di Bittorrent-New Coin dipender\u00e0 generalmente dal modo in cui viene utilizzata, come investimento o come pagamento per beni e servizi.<br><br><\/li><li>Se Bittorrent-New Coin viene utilizzata come investimento, potrebbe essere soggetta all&#8217;imposta sulle plusvalenze. Il profitto ottenuto vendendo un bene con valore pi\u00f9 alto \u00e8 soggetto all&#8217;imposta sulle plusvalenze. Potresti dover pagare l&#8217;imposta sulle plusvalenze sul profitto che fai se tieni Bittorrent-New Coin come investimento e lo vendi per un profitto. La tua aliquota fiscale e il tempo che possiedi il bene influiranno entrambi sulla percentuale di imposta sulle plusvalenze.<br><br><\/li><li>Se utilizzi Bittorrent-New Coin per acquistare beni o servizi, potresti dover pagare l&#8217;IVA. Il governo riscuote l&#8217;IVA, una tassa sulla vendita di beni e servizi. Attualmente, c&#8217;\u00e8 una aliquota IVA del 20% nel Regno Unito. Potresti dover pagare l&#8217;IVA sui prodotti o servizi che acquisti utilizzando Bittorrent-New Coin se la usi come mezzo di scambio.<br><br><\/li><li>\u00c8 fondamentale ricordare che il modo in cui sono tassate le transazioni in bitcoin sta ancora evolvendo e potrebbe cambiare in futuro. Se hai domande o preoccupazioni riguardo alle conseguenze fiscali dell&#8217;acquisto o della vendita di Bittorrent-New Coin nel Regno Unito, \u00e8 sempre una buona idea parlare con un esperto fiscale o cercare orientamento dal governo.<\/li><\/ul>\n\n\n\n<h2 class=\"wp-block-heading\">Conclusione<\/h2>\n\n\n\n<p>L&#8217;acquisto di Bittorrent-New Coin nel Regno Unito potrebbe essere un modo rapido e semplice per inviare denaro online e allo stesso tempo guadagnare possibilmente dal valore d&#8217;investimento della moneta. Prima di acquistare qualsiasi criptovaluta, \u00e8 cruciale condurre la propria ricerca, comprendere i rischi e tener conto delle conseguenze fiscali. \u00c8 possibile acquistare Bittorrent-New Coin nel Regno Unito con fiducia seguendo i passaggi sopra indicati, utilizzando un exchange affidabile e un wallet sicuro.<\/p>\n\n\n\n<!-- Page-list plugin v.5.9 wordpress.org\/plugins\/page-list\/ -->\n<ul class=\"page-list siblings-page-list \">\n<li class=\"page_item page-item-20835\"><a href=\"https:\/\/allin1bitcoins.com\/it\/crypto\/bittorrent-new\/credit-card\/\">Come Acquistare Bittorrent-New (BTT) Aon Una Carta Di Credito<\/a><\/li>\n<li class=\"page_item page-item-20846\"><a href=\"https:\/\/allin1bitcoins.com\/it\/crypto\/bittorrent-new\/debit-card\/\">Come Acquistare Bittorrent-New (BTT) Con Una Carta Di Debito<\/a><\/li>\n<li class=\"page_item page-item-20742\"><a href=\"https:\/\/allin1bitcoins.com\/it\/crypto\/bittorrent-new\/venmo\/\">Come Acquistare Bittorrent-New (BTT) Con Venmo<\/a><\/li>\n<li class=\"page_item page-item-20808\"><a href=\"https:\/\/allin1bitcoins.com\/it\/crypto\/bittorrent-new\/australia\/\">Come Acquistare Bittorrent-New (BTT) In Australia<\/a><\/li>\n<li class=\"page_item page-item-20796\"><a href=\"https:\/\/allin1bitcoins.com\/it\/crypto\/bittorrent-new\/germany\/\">Come Acquistare Bittorrent-New (BTT) In Germania<\/a><\/li>\n<li class=\"page_item page-item-20816\"><a href=\"https:\/\/allin1bitcoins.com\/it\/crypto\/bittorrent-new\/united-states\/\">Come Acquistare Bittorrent-New (BTT) Negli Stati Uniti<\/a><\/li>\n<li class=\"page_item page-item-20827\"><a href=\"https:\/\/allin1bitcoins.com\/it\/crypto\/bittorrent-new\/united-kingdom\/\">Come Acquistare Bittorrent-New (BTT) Nel Regno Unito<\/a><\/li>\n<li class=\"page_item page-item-20762\"><a href=\"https:\/\/allin1bitcoins.com\/it\/crypto\/bittorrent-new\/paypal\/\">Come Comprare Bittorrent-New (BTT) Con PayPal<\/a><\/li>\n\n<\/ul>\n","protected":false},"excerpt":{"rendered":"<p>Risposta Breve: Puoi acquistare la Bittorrent-New Coin nel Regno Unito. Segui questi procedimenti per acquistare Bittorrent-New Coin nel Regno Unito: Trova un exchange di bitcoin affidabile che funziona nel Regno Unito. Iscriviti a un account sull&#8217;exchange e completa il processo di verifica. Seleziona Bittorrent-New Coin nella pagina &#8220;Acquisto&#8221; o &#8220;Scambio&#8221; dell&#8217;exchange. Scegli l&#8217;opzione di pagamento&#8230;<\/p>\n","protected":false},"author":3,"featured_media":15304,"parent":20752,"menu_order":0,"comment_status":"closed","ping_status":"closed","template":"","meta":{"cybocfi_hide_featured_image":"","footnotes":""},"acf":[],"yoast_head":"<!-- This site is optimized with the Yoast SEO plugin v21.7 - https:\/\/yoast.com\/wordpress\/plugins\/seo\/ -->\n<title>Come Acquistare Bittorrent-New (BTT) Nel Regno Unito<\/title>\n<meta name=\"description\" content=\"Puoi acquistare Bittorrent-New Coin nel Regno Unito. Seguire questi procedimenti per acquistare Bittorrent-New Coin nel Regno Unito.\" \/>\n<meta name=\"robots\" content=\"index, follow, max-snippet:-1, max-image-preview:large, max-video-preview:-1\" \/>\n<link rel=\"canonical\" href=\"https:\/\/allin1bitcoins.com\/it\/crypto\/bittorrent-new\/united-kingdom\/\" \/>\n<meta property=\"og:locale\" content=\"it_IT\" \/>\n<meta property=\"og:type\" content=\"article\" \/>\n<meta property=\"og:title\" content=\"Come Acquistare Bittorrent-New (BTT) Nel Regno Unito\" \/>\n<meta property=\"og:description\" content=\"Puoi acquistare Bittorrent-New Coin nel Regno Unito. Seguire questi procedimenti per acquistare Bittorrent-New Coin nel Regno Unito.\" \/>\n<meta property=\"og:url\" content=\"https:\/\/allin1bitcoins.com\/it\/crypto\/bittorrent-new\/united-kingdom\/\" \/>\n<meta property=\"og:site_name\" content=\"Allin1Bitcoins\" \/>\n<meta property=\"article:modified_time\" content=\"2023-02-08T19:27:27+00:00\" \/>\n<meta property=\"og:image\" content=\"https:\/\/allin1bitcoins.com\/wp-content\/uploads\/2023\/01\/pexels-liza-summer-6347729.jpg\" \/>\n\t<meta property=\"og:image:width\" content=\"1280\" \/>\n\t<meta property=\"og:image:height\" content=\"1920\" \/>\n\t<meta property=\"og:image:type\" content=\"image\/jpeg\" \/>\n<meta name=\"twitter:card\" content=\"summary_large_image\" \/>\n<meta name=\"twitter:label1\" content=\"Est. reading time\" \/>\n\t<meta name=\"twitter:data1\" content=\"4 minutes\" \/>\n<!-- \/ Yoast SEO plugin. -->","yoast_head_json":{"title":"Come Acquistare Bittorrent-New (BTT) Nel Regno Unito","description":"Puoi acquistare Bittorrent-New Coin nel Regno Unito. Seguire questi procedimenti per acquistare Bittorrent-New Coin nel Regno Unito.","robots":{"index":"index","follow":"follow","max-snippet":"max-snippet:-1","max-image-preview":"max-image-preview:large","max-video-preview":"max-video-preview:-1"},"canonical":"https:\/\/allin1bitcoins.com\/it\/crypto\/bittorrent-new\/united-kingdom\/","og_locale":"it_IT","og_type":"article","og_title":"Come Acquistare Bittorrent-New (BTT) Nel Regno Unito","og_description":"Puoi acquistare Bittorrent-New Coin nel Regno Unito. Seguire questi procedimenti per acquistare Bittorrent-New Coin nel Regno Unito.","og_url":"https:\/\/allin1bitcoins.com\/it\/crypto\/bittorrent-new\/united-kingdom\/","og_site_name":"Allin1Bitcoins","article_modified_time":"2023-02-08T19:27:27+00:00","og_image":[{"width":1280,"height":1920,"url":"https:\/\/allin1bitcoins.com\/wp-content\/uploads\/2023\/01\/pexels-liza-summer-6347729.jpg","type":"image\/jpeg"}],"twitter_card":"summary_large_image","twitter_misc":{"Est. reading time":"4 minutes"},"schema":{"@context":"https:\/\/schema.org","@graph":[{"@type":"WebPage","@id":"https:\/\/allin1bitcoins.com\/it\/crypto\/bittorrent-new\/united-kingdom\/","url":"https:\/\/allin1bitcoins.com\/it\/crypto\/bittorrent-new\/united-kingdom\/","name":"Come Acquistare Bittorrent-New (BTT) Nel Regno Unito","isPartOf":{"@id":"https:\/\/allin1bitcoins.com\/it\/#website"},"datePublished":"2023-02-08T19:27:25+00:00","dateModified":"2023-02-08T19:27:27+00:00","description":"Puoi acquistare Bittorrent-New Coin nel Regno Unito. Seguire questi procedimenti per acquistare Bittorrent-New Coin nel Regno Unito.","breadcrumb":{"@id":"https:\/\/allin1bitcoins.com\/it\/crypto\/bittorrent-new\/united-kingdom\/#breadcrumb"},"inLanguage":"it","potentialAction":[{"@type":"ReadAction","target":["https:\/\/allin1bitcoins.com\/it\/crypto\/bittorrent-new\/united-kingdom\/"]}]},{"@type":"BreadcrumbList","@id":"https:\/\/allin1bitcoins.com\/it\/crypto\/bittorrent-new\/united-kingdom\/#breadcrumb","itemListElement":[{"@type":"ListItem","position":1,"name":"Home","item":"https:\/\/allin1bitcoins.com\/it\/"},{"@type":"ListItem","position":2,"name":"Crypto","item":"https:\/\/allin1bitcoins.com\/it\/crypto\/"},{"@type":"ListItem","position":3,"name":"Come Acquistare Bittorrent-New (BTT) &#8211; Guida Dettagliata 2023","item":"https:\/\/allin1bitcoins.com\/it\/crypto\/bittorrent-new\/"},{"@type":"ListItem","position":4,"name":"Come Acquistare Bittorrent-New (BTT) Nel Regno Unito"}]},{"@type":"WebSite","@id":"https:\/\/allin1bitcoins.com\/it\/#website","url":"https:\/\/allin1bitcoins.com\/it\/","name":"Allin1Bitcoins","description":"","publisher":{"@id":"https:\/\/allin1bitcoins.com\/it\/#organization"},"potentialAction":[{"@type":"SearchAction","target":{"@type":"EntryPoint","urlTemplate":"https:\/\/allin1bitcoins.com\/it\/?s={search_term_string}"},"query-input":"required name=search_term_string"}],"inLanguage":"it"},{"@type":"Organization","@id":"https:\/\/allin1bitcoins.com\/it\/#organization","name":"allin1bitcoins","url":"https:\/\/allin1bitcoins.com\/it\/","logo":{"@type":"ImageObject","inLanguage":"it","@id":"https:\/\/allin1bitcoins.com\/it\/#\/schema\/logo\/image\/","url":"https:\/\/allin1bitcoins.com\/wp-content\/uploads\/2019\/01\/logo-new.png","contentUrl":"https:\/\/allin1bitcoins.com\/wp-content\/uploads\/2019\/01\/logo-new.png","width":178,"height":71,"caption":"allin1bitcoins"},"image":{"@id":"https:\/\/allin1bitcoins.com\/it\/#\/schema\/logo\/image\/"}}]}},"_links":{"self":[{"href":"https:\/\/allin1bitcoins.com\/it\/wp-json\/wp\/v2\/pages\/20827"}],"collection":[{"href":"https:\/\/allin1bitcoins.com\/it\/wp-json\/wp\/v2\/pages"}],"about":[{"href":"https:\/\/allin1bitcoins.com\/it\/wp-json\/wp\/v2\/types\/page"}],"author":[{"embeddable":true,"href":"https:\/\/allin1bitcoins.com\/it\/wp-json\/wp\/v2\/users\/3"}],"replies":[{"embeddable":true,"href":"https:\/\/allin1bitcoins.com\/it\/wp-json\/wp\/v2\/comments?post=20827"}],"version-history":[{"count":1,"href":"https:\/\/allin1bitcoins.com\/it\/wp-json\/wp\/v2\/pages\/20827\/revisions"}],"predecessor-version":[{"id":20828,"href":"https:\/\/allin1bitcoins.com\/it\/wp-json\/wp\/v2\/pages\/20827\/revisions\/20828"}],"up":[{"embeddable":true,"href":"https:\/\/allin1bitcoins.com\/it\/wp-json\/wp\/v2\/pages\/20752"}],"wp:featuredmedia":[{"embeddable":true,"href":"https:\/\/allin1bitcoins.com\/it\/wp-json\/wp\/v2\/media\/15304"}],"wp:attachment":[{"href":"https:\/\/allin1bitcoins.com\/it\/wp-json\/wp\/v2\/media?parent=20827"}],"curies":[{"name":"wp","href":"https:\/\/api.w.org\/{rel}","templated":true}]}}