{"id":20835,"date":"2023-02-09T06:55:56","date_gmt":"2023-02-09T06:55:56","guid":{"rendered":"https:\/\/allin1bitcoins.com\/?page_id=20835"},"modified":"2023-02-09T06:56:00","modified_gmt":"2023-02-09T06:56:00","slug":"credit-card","status":"publish","type":"page","link":"https:\/\/allin1bitcoins.com\/it\/crypto\/bittorrent-new\/credit-card\/","title":{"rendered":"Come Acquistare Bittorrent-New (BTT) Aon Una Carta Di Credito"},"content":{"rendered":"\n<h2 class=\"wp-block-heading\">Risposta breve: \u00c8 possibile acquistare la moneta Bittorrent-New utilizzando una carta di credito.<\/h2>\n\n\n\n<p><strong>Osservare queste procedure per acquistare la moneta Bittorrent-New con una carta di credito:<\/strong><\/p>\n\n\n\n<ul><li>Si dovrebbe trovare una criptovaluta affidabile che consenta i pagamenti con carta di credito.<br><br><\/li><li>Iscriversi a un account di exchange e completare il processo di verifica.<br><br><\/li><li>Selezionare Bittorrent-New Coin sulla pagina &#8220;Acquista&#8221; o &#8220;Scambia&#8221; dell&#8217;exchange.<br><br><br><\/li><li>Scegliere una carta di credito come forma di pagamento.<br><br><\/li><li>Per completare l&#8217;acquisto, inserire la quantit\u00e0 di Bittorrent-New Coin che si desidera acquistare e seguire le istruzioni a schermo.<\/li><\/ul>\n\n\n\n<h2 class=\"wp-block-heading\">Panoramica sulla moneta Bittorrent-New<\/h2>\n\n\n\n<p>Sulla piattaforma Bittorrent-New, le transazioni sono facilitate dalla moneta Bittorrent-New, un asset digitale. \u00c8 destinato ad essere utilizzato come valore di riserva e come mezzo di scambio per una variet\u00e0 di beni e servizi. La base della moneta Bittorrent-New \u00e8 una blockchain, un sistema di registro decentralizzato che consente velocit\u00e0, sicurezza e trasparenza.<\/p>\n\n\n\n<h2 class=\"wp-block-heading\">Perch\u00e9 si vuole utilizzare una carta di credito per acquistare la moneta Bittorrent-New<\/h2>\n\n\n\n<ul><li>Potresti scegliere di utilizzare una carta di credito per acquistare la moneta Bittorrent-New per una serie di fattori.<br><br><\/li><li>Un vantaggio \u00e8 che pu\u00f2 essere un modo rapido e facile per acquistare la moneta<br><br><\/li><li>Le carte di credito sono comunemente utilizzate e rendono semplice e rapido completare la transazione.<br><br><\/li><li>Inoltre, utilizzare una carta di credito potrebbe fornire ulteriore sicurezza poich\u00e9 \u00e8 possibile contestare la transazione se non \u00e8 come previsto.<\/li><\/ul>\n\n\n\n<figure class=\"wp-block-embed is-type-video is-provider-youtube wp-block-embed-youtube wp-embed-aspect-16-9 wp-has-aspect-ratio\"><div class=\"wp-block-embed__wrapper\">\n<iframe title=\"BitTorrent Price Prediction \ud83d\ude80 \ud83d\ude80  for 2025 and 2030 | Btt Price Target | BitTorrent Updates\" width=\"800\" height=\"450\" src=\"https:\/\/www.youtube.com\/embed\/BIPcIxgT9V8?feature=oembed\" frameborder=\"0\" allow=\"accelerometer; autoplay; clipboard-write; encrypted-media; gyroscope; picture-in-picture; web-share\" allowfullscreen><\/iframe>\n<\/div><\/figure>\n\n\n\n<h2 class=\"wp-block-heading\">Come acquistare Bittorrent-New Coin con una carta di credito: Una guida passo passo<\/h2>\n\n\n\n<ol><li>Una piattaforma di criptovaluta affidabile che consente i pagamenti con carta di credito dovrebbe essere individuata. Coinbase, Binance e Kraken sono alcune delle piattaforme ben note che potrebbero offrire Bittorrent-New Coin e accettare pagamenti con carta di credito. \u00c8 fondamentale fare la propria ricerca e scegliere una piattaforma affidabile, sicura e con una buona reputazione.<br><br><\/li><li>Iscriviti per un account sulla piattaforma e completa il processo di verifica. La maggior parte delle piattaforme richieder\u00e0 di fornire alcune informazioni personali e documenti di identificazione. Questo \u00e8 una precauzione comune di sicurezza per proteggere contro la frode e garantire il rispetto delle regole.<br><br><\/li><li>Seleziona Bittorrent-New Coin nella pagina &#8220;Acquista&#8221; o &#8220;Scambia&#8221; della piattaforma. Cerca l&#8217;opzione di pagamento con carta di credito durante l&#8217;acquisto di Bittorrent-New Coin.<br><br><\/li><li>Per completare l&#8217;acquisto, inserisci la quantit\u00e0 di Bittorrent-New Coin che desideri acquistare e segui le istruzioni visualizzate. Il tuo pagamento verr\u00e0 elaborato dalla piattaforma e il Bittorrent-New Coin verr\u00e0 inviato al tuo account.<\/li><\/ol>\n\n\n\n<h2 class=\"wp-block-heading\">Svantaggi dell&#8217;utilizzo di una carta di credito per acquistare Bittorrent-New Coin<\/h2>\n\n\n\n<ul><li>Quando si acquista Bittorrent-New Coin utilizzando una carta di credito, ci sono alcuni svantaggi da prendere in considerazione. I costi associati alle transazioni con carta di credito sono un problema. Alcune piattaforme potrebbero addebitare costi extra per i pagamenti con carta di credito, aumentando il prezzo finale dell&#8217;acquisto. Inoltre, poich\u00e9 si utilizza un prestito per effettuare la transazione quando si utilizza una carta di credito, c&#8217;\u00e8 un certo rischio finanziario. Si rischia di accumulare interessi se non si \u00e8 in grado di pagare l&#8217;intero saldo sulla carta di credito ogni mese.<br><br><\/li><li>Il pericolo di frode o di furto di identit\u00e0 \u00e8 un altro possibile svantaggio. C&#8217;\u00e8 sempre la possibilit\u00e0 che le tue informazioni personali vengano compromesse, anche se le borse rispettabili prendono precauzioni per proteggerle. Se questo pericolo ti preoccupa, potresti voler pensare di passare a un altro metodo di pagamento, come un bonifico bancario o un portafoglio di criptovalute.<\/li><\/ul>\n\n\n\n<h2 class=\"wp-block-heading\">Conclusione<\/h2>\n\n\n\n<p>Utilizzare una carta di credito per acquistare Bittorrent-New Coin pu\u00f2 essere un processo rapido e pratico. Prima di procedere, \u00e8 cruciale pesare a fondo i costi e i pericoli associati ai pagamenti con carta di credito. Puoi ridurre questi pericoli e acquistare Bittorrent-New Coin con sicurezza utilizzando una borsa affidabile e seguendo le migliori pratiche del settore per la sicurezza in linea.<\/p>\n\n\n\n<!-- Page-list plugin v.5.9 wordpress.org\/plugins\/page-list\/ -->\n<ul class=\"page-list siblings-page-list \">\n<li class=\"page_item page-item-20835\"><a href=\"https:\/\/allin1bitcoins.com\/it\/crypto\/bittorrent-new\/credit-card\/\">Come Acquistare Bittorrent-New (BTT) Aon Una Carta Di Credito<\/a><\/li>\n<li class=\"page_item page-item-20846\"><a href=\"https:\/\/allin1bitcoins.com\/it\/crypto\/bittorrent-new\/debit-card\/\">Come Acquistare Bittorrent-New (BTT) Con Una Carta Di Debito<\/a><\/li>\n<li class=\"page_item page-item-20742\"><a href=\"https:\/\/allin1bitcoins.com\/it\/crypto\/bittorrent-new\/venmo\/\">Come Acquistare Bittorrent-New (BTT) Con Venmo<\/a><\/li>\n<li class=\"page_item page-item-20808\"><a href=\"https:\/\/allin1bitcoins.com\/it\/crypto\/bittorrent-new\/australia\/\">Come Acquistare Bittorrent-New (BTT) In Australia<\/a><\/li>\n<li class=\"page_item page-item-20796\"><a href=\"https:\/\/allin1bitcoins.com\/it\/crypto\/bittorrent-new\/germany\/\">Come Acquistare Bittorrent-New (BTT) In Germania<\/a><\/li>\n<li class=\"page_item page-item-20816\"><a href=\"https:\/\/allin1bitcoins.com\/it\/crypto\/bittorrent-new\/united-states\/\">Come Acquistare Bittorrent-New (BTT) Negli Stati Uniti<\/a><\/li>\n<li class=\"page_item page-item-20827\"><a href=\"https:\/\/allin1bitcoins.com\/it\/crypto\/bittorrent-new\/united-kingdom\/\">Come Acquistare Bittorrent-New (BTT) Nel Regno Unito<\/a><\/li>\n<li class=\"page_item page-item-20762\"><a href=\"https:\/\/allin1bitcoins.com\/it\/crypto\/bittorrent-new\/paypal\/\">Come Comprare Bittorrent-New (BTT) Con PayPal<\/a><\/li>\n\n<\/ul>\n","protected":false},"excerpt":{"rendered":"<p>Risposta breve: \u00c8 possibile acquistare la moneta Bittorrent-New utilizzando una carta di credito. Osservare queste procedure per acquistare la moneta Bittorrent-New con una carta di credito: Si dovrebbe trovare una criptovaluta affidabile che consenta i pagamenti con carta di credito. Iscriversi a un account di exchange e completare il processo di verifica. Selezionare Bittorrent-New Coin&#8230;<\/p>\n","protected":false},"author":3,"featured_media":15329,"parent":20752,"menu_order":0,"comment_status":"closed","ping_status":"closed","template":"","meta":{"cybocfi_hide_featured_image":"","footnotes":""},"acf":[],"yoast_head":"<!-- This site is optimized with the Yoast SEO plugin v21.7 - https:\/\/yoast.com\/wordpress\/plugins\/seo\/ -->\n<title>Come Acquistare Bittorrent-New (BTT) Aon Una Carta Di Credito<\/title>\n<meta name=\"description\" content=\"\u00c8 possibile acquistare BTT utilizzando una carta di credito. Seguire questi procedimenti per acquistare Bittorrent-New Coin con una carta di credito.\" \/>\n<meta name=\"robots\" content=\"index, follow, max-snippet:-1, max-image-preview:large, max-video-preview:-1\" \/>\n<link rel=\"canonical\" href=\"https:\/\/allin1bitcoins.com\/it\/crypto\/bittorrent-new\/credit-card\/\" \/>\n<meta property=\"og:locale\" content=\"it_IT\" \/>\n<meta property=\"og:type\" content=\"article\" \/>\n<meta property=\"og:title\" content=\"Come Acquistare Bittorrent-New (BTT) Aon Una Carta Di Credito\" \/>\n<meta property=\"og:description\" content=\"\u00c8 possibile acquistare BTT utilizzando una carta di credito. Seguire questi procedimenti per acquistare Bittorrent-New Coin con una carta di credito.\" \/>\n<meta property=\"og:url\" content=\"https:\/\/allin1bitcoins.com\/it\/crypto\/bittorrent-new\/credit-card\/\" \/>\n<meta property=\"og:site_name\" content=\"Allin1Bitcoins\" \/>\n<meta property=\"article:modified_time\" content=\"2023-02-09T06:56:00+00:00\" \/>\n<meta property=\"og:image\" content=\"https:\/\/allin1bitcoins.com\/wp-content\/uploads\/2023\/01\/Credit-2.jpg\" \/>\n\t<meta property=\"og:image:width\" content=\"1920\" \/>\n\t<meta property=\"og:image:height\" content=\"1280\" \/>\n\t<meta property=\"og:image:type\" content=\"image\/jpeg\" \/>\n<meta name=\"twitter:card\" content=\"summary_large_image\" \/>\n<meta name=\"twitter:label1\" content=\"Est. reading time\" \/>\n\t<meta name=\"twitter:data1\" content=\"3 minutes\" \/>\n<!-- \/ Yoast SEO plugin. -->","yoast_head_json":{"title":"Come Acquistare Bittorrent-New (BTT) Aon Una Carta Di Credito","description":"\u00c8 possibile acquistare BTT utilizzando una carta di credito. Seguire questi procedimenti per acquistare Bittorrent-New Coin con una carta di credito.","robots":{"index":"index","follow":"follow","max-snippet":"max-snippet:-1","max-image-preview":"max-image-preview:large","max-video-preview":"max-video-preview:-1"},"canonical":"https:\/\/allin1bitcoins.com\/it\/crypto\/bittorrent-new\/credit-card\/","og_locale":"it_IT","og_type":"article","og_title":"Come Acquistare Bittorrent-New (BTT) Aon Una Carta Di Credito","og_description":"\u00c8 possibile acquistare BTT utilizzando una carta di credito. Seguire questi procedimenti per acquistare Bittorrent-New Coin con una carta di credito.","og_url":"https:\/\/allin1bitcoins.com\/it\/crypto\/bittorrent-new\/credit-card\/","og_site_name":"Allin1Bitcoins","article_modified_time":"2023-02-09T06:56:00+00:00","og_image":[{"width":1920,"height":1280,"url":"https:\/\/allin1bitcoins.com\/wp-content\/uploads\/2023\/01\/Credit-2.jpg","type":"image\/jpeg"}],"twitter_card":"summary_large_image","twitter_misc":{"Est. reading time":"3 minutes"},"schema":{"@context":"https:\/\/schema.org","@graph":[{"@type":"WebPage","@id":"https:\/\/allin1bitcoins.com\/it\/crypto\/bittorrent-new\/credit-card\/","url":"https:\/\/allin1bitcoins.com\/it\/crypto\/bittorrent-new\/credit-card\/","name":"Come Acquistare Bittorrent-New (BTT) Aon Una Carta Di Credito","isPartOf":{"@id":"https:\/\/allin1bitcoins.com\/it\/#website"},"datePublished":"2023-02-09T06:55:56+00:00","dateModified":"2023-02-09T06:56:00+00:00","description":"\u00c8 possibile acquistare BTT utilizzando una carta di credito. Seguire questi procedimenti per acquistare Bittorrent-New Coin con una carta di credito.","breadcrumb":{"@id":"https:\/\/allin1bitcoins.com\/it\/crypto\/bittorrent-new\/credit-card\/#breadcrumb"},"inLanguage":"it","potentialAction":[{"@type":"ReadAction","target":["https:\/\/allin1bitcoins.com\/it\/crypto\/bittorrent-new\/credit-card\/"]}]},{"@type":"BreadcrumbList","@id":"https:\/\/allin1bitcoins.com\/it\/crypto\/bittorrent-new\/credit-card\/#breadcrumb","itemListElement":[{"@type":"ListItem","position":1,"name":"Home","item":"https:\/\/allin1bitcoins.com\/it\/"},{"@type":"ListItem","position":2,"name":"Crypto","item":"https:\/\/allin1bitcoins.com\/it\/crypto\/"},{"@type":"ListItem","position":3,"name":"Come Acquistare Bittorrent-New (BTT) &#8211; Guida Dettagliata 2023","item":"https:\/\/allin1bitcoins.com\/it\/crypto\/bittorrent-new\/"},{"@type":"ListItem","position":4,"name":"Come Acquistare Bittorrent-New (BTT) Aon Una Carta Di Credito"}]},{"@type":"WebSite","@id":"https:\/\/allin1bitcoins.com\/it\/#website","url":"https:\/\/allin1bitcoins.com\/it\/","name":"Allin1Bitcoins","description":"","publisher":{"@id":"https:\/\/allin1bitcoins.com\/it\/#organization"},"potentialAction":[{"@type":"SearchAction","target":{"@type":"EntryPoint","urlTemplate":"https:\/\/allin1bitcoins.com\/it\/?s={search_term_string}"},"query-input":"required name=search_term_string"}],"inLanguage":"it"},{"@type":"Organization","@id":"https:\/\/allin1bitcoins.com\/it\/#organization","name":"allin1bitcoins","url":"https:\/\/allin1bitcoins.com\/it\/","logo":{"@type":"ImageObject","inLanguage":"it","@id":"https:\/\/allin1bitcoins.com\/it\/#\/schema\/logo\/image\/","url":"https:\/\/allin1bitcoins.com\/wp-content\/uploads\/2019\/01\/logo-new.png","contentUrl":"https:\/\/allin1bitcoins.com\/wp-content\/uploads\/2019\/01\/logo-new.png","width":178,"height":71,"caption":"allin1bitcoins"},"image":{"@id":"https:\/\/allin1bitcoins.com\/it\/#\/schema\/logo\/image\/"}}]}},"_links":{"self":[{"href":"https:\/\/allin1bitcoins.com\/it\/wp-json\/wp\/v2\/pages\/20835"}],"collection":[{"href":"https:\/\/allin1bitcoins.com\/it\/wp-json\/wp\/v2\/pages"}],"about":[{"href":"https:\/\/allin1bitcoins.com\/it\/wp-json\/wp\/v2\/types\/page"}],"author":[{"embeddable":true,"href":"https:\/\/allin1bitcoins.com\/it\/wp-json\/wp\/v2\/users\/3"}],"replies":[{"embeddable":true,"href":"https:\/\/allin1bitcoins.com\/it\/wp-json\/wp\/v2\/comments?post=20835"}],"version-history":[{"count":1,"href":"https:\/\/allin1bitcoins.com\/it\/wp-json\/wp\/v2\/pages\/20835\/revisions"}],"predecessor-version":[{"id":20836,"href":"https:\/\/allin1bitcoins.com\/it\/wp-json\/wp\/v2\/pages\/20835\/revisions\/20836"}],"up":[{"embeddable":true,"href":"https:\/\/allin1bitcoins.com\/it\/wp-json\/wp\/v2\/pages\/20752"}],"wp:featuredmedia":[{"embeddable":true,"href":"https:\/\/allin1bitcoins.com\/it\/wp-json\/wp\/v2\/media\/15329"}],"wp:attachment":[{"href":"https:\/\/allin1bitcoins.com\/it\/wp-json\/wp\/v2\/media?parent=20835"}],"curies":[{"name":"wp","href":"https:\/\/api.w.org\/{rel}","templated":true}]}}