{"id":20846,"date":"2023-02-09T11:40:26","date_gmt":"2023-02-09T11:40:26","guid":{"rendered":"https:\/\/allin1bitcoins.com\/?page_id=20846"},"modified":"2023-02-09T11:40:30","modified_gmt":"2023-02-09T11:40:30","slug":"debit-card","status":"publish","type":"page","link":"https:\/\/allin1bitcoins.com\/it\/crypto\/bittorrent-new\/debit-card\/","title":{"rendered":"Come Acquistare Bittorrent-New (BTT) Con Una Carta Di Debito"},"content":{"rendered":"\n<h2 class=\"wp-block-heading\">Risposta breve: \u00e8 possibile acquistare la moneta Bittorrent-New utilizzando una carta di debito.<\/h2>\n\n\n\n<p><strong>Seguire queste istruzioni per acquistare la moneta Bittorrent-New con una carta di debito:<\/strong><\/p>\n\n\n\n<ul><li>Individuare un exchange affidabile che accetti pagamenti con carta di debito per criptovalute.<br><br><\/li><li>Iscriversi a un account sull&#8217;exchange e completare il processo di verifica.<br><br><\/li><li>Selezionare la moneta Bittorrent-New nella pagina &#8220;Acquista&#8221; o &#8220;Scambia&#8221; dell&#8217;exchange.<br><br><\/li><li>La carta di debito \u00e8 l&#8217;opzione di pagamento preferita.<br><br><\/li><li>Per completare l&#8217;acquisto, inserire la quantit\u00e0 di moneta Bittorrent-New che si desidera acquistare e poi seguire le istruzioni a schermo.<\/li><\/ul>\n\n\n\n<h2 class=\"wp-block-heading\">Panoramica sulla moneta Bittorrent-New<\/h2>\n\n\n\n<p>Sulla piattaforma Bittorrent-New, le transazioni sono facilitate dalla moneta Bittorrent-New, un asset digitale. \u00c8 destinato ad essere utilizzato come deposito di valore e come mezzo di scambio per una variet\u00e0 di prodotti e servizi. La base della moneta Bittorrent-New \u00e8 una blockchain, un sistema di registro decentralizzato che consente velocit\u00e0, sicurezza e trasparenza.<\/p>\n\n\n\n<h2 class=\"wp-block-heading\">Perch\u00e9 vuoi usare una carta di debito per acquistare Bittorrent-New Coin<\/h2>\n\n\n\n<ul><li>Potresti voler usare una carta di debito per acquistare Bittorrent-New Coin per un certo numero di fattori. Una spiegazione \u00e8 che acquistare la moneta in questo modo potrebbe essere semplice e veloce. Le carte di debito sono ampiamente utilizzate e permettono la completazione rapida e semplice della transazione. Usare una carta di debito pu\u00f2 anche fornire ulteriore sicurezza perch\u00e9 puoi contestare la transazione in caso di problemi.<br><br><\/li><li>\u00c8 possibile acquistare Bittorrent-New Coin con una carta di debito senza accumulare ulteriori debiti, che \u00e8 un&#8217;altra ragione per pensarci. Quando usi una carta di credito per fare un acquisto, stai prestando denaro alla societ\u00e0 della carta di credito. Se non sei in grado di pagare l&#8217;intero saldo sulla tua carta di credito ogni mese, rischi di accumulare commissioni di interesse. Invece di prendere in prestito denaro, avere una carta di debito ti consente di accedere a fondi gi\u00e0 presenti nel tuo conto bancario.<\/li><\/ul>\n\n\n\n<h2 class=\"wp-block-heading\">Come acquistare Bittorrent-New Coin utilizzando una carta di debito: una guida passo-passo<\/h2>\n\n\n\n<ol><li>Localizza un exchange affidabile che accetti pagamenti con carta di debito per le criptovalute. Coinbase, Binance e Kraken sono alcuni exchange ben noti che potrebbero fornire Bittorrent-New Coin e accettare pagamenti con carta di debito.<br><br><\/li><li>\u00c8 cruciale condurre la propria ricerca e scegliere un exchange affidabile e sicuro con una provata esperienza.<br><br><\/li><li>Registrati per un account su un exchange e completa il processo di verifica. Per aprire un account, la maggior parte degli exchange richiederanno di fornire alcune informazioni personali e documentazione di identificazione. Questa \u00e8 una comune precauzione di sicurezza per proteggere contro la frode e garantire il rispetto delle regole.<br><br><br><\/li><li>Seleziona Bittorrent-New Coin nella pagina &#8220;Acquista&#8221; o &#8220;Scambia&#8221; dell&#8217;exchange. Puoi iniziare il processo di acquisto di Bittorrent-New Coin quando hai identificato un exchange che consente pagamenti con carta di debito e dopo aver creato un account.<br><br><\/li><li>Vai alla pagina &#8220;Acquista&#8221; o &#8220;Scambia&#8221; dell&#8217;exchange e scegli Bittorrent-New Coin dall&#8217;elenco delle monete disponibili.<br><br><\/li><li>La carta di debito \u00e8 l&#8217;opzione di pagamento preferita. Scegli una carta di debito come opzione di pagamento nella pagina di checkout. I dettagli della tua carta di debito, inclusi il numero, la data di scadenza e il codice di sicurezza, devono essere inseriti.<br><br><\/li><li>Per completare l&#8217;acquisto, inserisci la quantit\u00e0 di Bittorrent-New Coin che desideri acquistare e segui le istruzioni sullo schermo. Puoi vedere i dettagli della transazione e approvare l&#8217;acquisto dopo aver inserito le informazioni sulla carta di debito e la quantit\u00e0 di Bittorrent-New Coin che desideri acquistare.<br><br><\/li><li>Dovresti ricevere il tuo Bittorrent-New Coin entro pochi minuti o ore dopo aver seguito le istruzioni per completare la transazione, a seconda della velocit\u00e0 con cui l&#8217;exchange elabora le transazioni.<\/li><\/ol>\n\n\n\n<figure class=\"wp-block-embed is-type-video is-provider-youtube wp-block-embed-youtube wp-embed-aspect-16-9 wp-has-aspect-ratio\"><div class=\"wp-block-embed__wrapper\">\n<iframe title=\"BITTORRENT IST HAPENNING X5000?? - BTT THE NEW YEARS LATEST PRICE PREDICTION AND TECHNICAL ANALYSIS\" width=\"800\" height=\"450\" src=\"https:\/\/www.youtube.com\/embed\/zGJ1wg05WsU?feature=oembed\" frameborder=\"0\" allow=\"accelerometer; autoplay; clipboard-write; encrypted-media; gyroscope; picture-in-picture; web-share\" allowfullscreen><\/iframe>\n<\/div><\/figure>\n\n\n\n<h2 class=\"wp-block-heading\">Svantaggi dell&#8217;utilizzo di una carta di debito per acquistare Bittorrent-New Coin <\/h2>\n\n\n\n<ul><li>Anche se l&#8217;acquisto di Bittorrent-New Coin con una carta di debito pu\u00f2 essere un processo rapido e semplice, ci sono alcuni svantaggi da prendere in considerazione.<br><br><\/li><li>Le commissioni connesse alle transazioni con carta di debito sono uno di questi problemi.<br><br><\/li><li>I pagamenti con carta di debito possono comportare costi aggiuntivi in alcuni exchange, aumentando il prezzo finale del tuo articolo.<br><br><\/li><li>Per transazioni estere o altri utilizzi della tua carta di debito, la tua banca o il fornitore della tua carta di credito potrebbero anche addebitarti una commissione.<br><br><\/li><li>Il pericolo di frode o furto d&#8217;identit\u00e0 \u00e8 un altro potenziale svantaggio.<br><br><\/li><li>C&#8217;\u00e8 sempre la possibilit\u00e0 che le tue informazioni personali possano essere compromesse, anche se gli exchange affidabili prendono precauzioni per proteggerle.<br><br><\/li><li>Se questo pericolo ti preoccupa, potresti voler considerare di passare a un altro metodo di pagamento, come un bonifico bancario o un portafoglio di criptovalute.<\/li><\/ul>\n\n\n\n<h2 class=\"wp-block-heading\">Conclusione<\/h2>\n\n\n\n<p>Usare una carta di debito per acquistare Bittorrent-New Coin potrebbe essere un processo rapido e pratico. Prima di procedere, \u00e8 fondamentale pesare attentamente i costi e i pericoli legati ai pagamenti con carta di debito. \u00c8 possibile ridurre questi pericoli e acquistare Bittorrent-New Coin con certezza utilizzando un exchange affidabile e seguendo le migliori pratiche del settore per la sicurezza online.<\/p>\n\n\n\n<!-- Page-list plugin v.5.9 wordpress.org\/plugins\/page-list\/ -->\n<ul class=\"page-list siblings-page-list \">\n<li class=\"page_item page-item-20835\"><a href=\"https:\/\/allin1bitcoins.com\/it\/crypto\/bittorrent-new\/credit-card\/\">Come Acquistare Bittorrent-New (BTT) Aon Una Carta Di Credito<\/a><\/li>\n<li class=\"page_item page-item-20846\"><a href=\"https:\/\/allin1bitcoins.com\/it\/crypto\/bittorrent-new\/debit-card\/\">Come Acquistare Bittorrent-New (BTT) Con Una Carta Di Debito<\/a><\/li>\n<li class=\"page_item page-item-20742\"><a href=\"https:\/\/allin1bitcoins.com\/it\/crypto\/bittorrent-new\/venmo\/\">Come Acquistare Bittorrent-New (BTT) Con Venmo<\/a><\/li>\n<li class=\"page_item page-item-20808\"><a href=\"https:\/\/allin1bitcoins.com\/it\/crypto\/bittorrent-new\/australia\/\">Come Acquistare Bittorrent-New (BTT) In Australia<\/a><\/li>\n<li class=\"page_item page-item-20796\"><a href=\"https:\/\/allin1bitcoins.com\/it\/crypto\/bittorrent-new\/germany\/\">Come Acquistare Bittorrent-New (BTT) In Germania<\/a><\/li>\n<li class=\"page_item page-item-20816\"><a href=\"https:\/\/allin1bitcoins.com\/it\/crypto\/bittorrent-new\/united-states\/\">Come Acquistare Bittorrent-New (BTT) Negli Stati Uniti<\/a><\/li>\n<li class=\"page_item page-item-20827\"><a href=\"https:\/\/allin1bitcoins.com\/it\/crypto\/bittorrent-new\/united-kingdom\/\">Come Acquistare Bittorrent-New (BTT) Nel Regno Unito<\/a><\/li>\n<li class=\"page_item page-item-20762\"><a href=\"https:\/\/allin1bitcoins.com\/it\/crypto\/bittorrent-new\/paypal\/\">Come Comprare Bittorrent-New (BTT) Con PayPal<\/a><\/li>\n\n<\/ul>\n","protected":false},"excerpt":{"rendered":"<p>Risposta breve: \u00e8 possibile acquistare la moneta Bittorrent-New utilizzando una carta di debito. Seguire queste istruzioni per acquistare la moneta Bittorrent-New con una carta di debito: Individuare un exchange affidabile che accetti pagamenti con carta di debito per criptovalute. Iscriversi a un account sull&#8217;exchange e completare il processo di verifica. Selezionare la moneta Bittorrent-New nella&#8230;<\/p>\n","protected":false},"author":3,"featured_media":15352,"parent":20752,"menu_order":0,"comment_status":"closed","ping_status":"closed","template":"","meta":{"cybocfi_hide_featured_image":"","footnotes":""},"acf":[],"yoast_head":"<!-- This site is optimized with the Yoast SEO plugin v21.7 - https:\/\/yoast.com\/wordpress\/plugins\/seo\/ -->\n<title>Come Acquistare Bittorrent-New (BTT) Con Una Carta Di Debito<\/title>\n<meta name=\"description\" content=\"Puoi acquistare monete Bittorrent-New con una carta di debito senza accumulare ulteriori debiti, il che \u00e8 un altro motivo per considerarlo.\" \/>\n<meta name=\"robots\" content=\"index, follow, max-snippet:-1, max-image-preview:large, max-video-preview:-1\" \/>\n<link rel=\"canonical\" href=\"https:\/\/allin1bitcoins.com\/it\/crypto\/bittorrent-new\/debit-card\/\" \/>\n<meta property=\"og:locale\" content=\"it_IT\" \/>\n<meta property=\"og:type\" content=\"article\" \/>\n<meta property=\"og:title\" content=\"Come Acquistare Bittorrent-New (BTT) Con Una Carta Di Debito\" \/>\n<meta property=\"og:description\" content=\"Puoi acquistare monete Bittorrent-New con una carta di debito senza accumulare ulteriori debiti, il che \u00e8 un altro motivo per considerarlo.\" \/>\n<meta property=\"og:url\" content=\"https:\/\/allin1bitcoins.com\/it\/crypto\/bittorrent-new\/debit-card\/\" \/>\n<meta property=\"og:site_name\" content=\"Allin1Bitcoins\" \/>\n<meta property=\"article:modified_time\" content=\"2023-02-09T11:40:30+00:00\" \/>\n<meta property=\"og:image\" content=\"https:\/\/allin1bitcoins.com\/wp-content\/uploads\/2023\/01\/Debit-2.jpg\" \/>\n\t<meta property=\"og:image:width\" content=\"1920\" \/>\n\t<meta property=\"og:image:height\" content=\"1280\" \/>\n\t<meta property=\"og:image:type\" content=\"image\/jpeg\" \/>\n<meta name=\"twitter:card\" content=\"summary_large_image\" \/>\n<meta name=\"twitter:label1\" content=\"Est. reading time\" \/>\n\t<meta name=\"twitter:data1\" content=\"4 minutes\" \/>\n<!-- \/ Yoast SEO plugin. -->","yoast_head_json":{"title":"Come Acquistare Bittorrent-New (BTT) Con Una Carta Di Debito","description":"Puoi acquistare monete Bittorrent-New con una carta di debito senza accumulare ulteriori debiti, il che \u00e8 un altro motivo per considerarlo.","robots":{"index":"index","follow":"follow","max-snippet":"max-snippet:-1","max-image-preview":"max-image-preview:large","max-video-preview":"max-video-preview:-1"},"canonical":"https:\/\/allin1bitcoins.com\/it\/crypto\/bittorrent-new\/debit-card\/","og_locale":"it_IT","og_type":"article","og_title":"Come Acquistare Bittorrent-New (BTT) Con Una Carta Di Debito","og_description":"Puoi acquistare monete Bittorrent-New con una carta di debito senza accumulare ulteriori debiti, il che \u00e8 un altro motivo per considerarlo.","og_url":"https:\/\/allin1bitcoins.com\/it\/crypto\/bittorrent-new\/debit-card\/","og_site_name":"Allin1Bitcoins","article_modified_time":"2023-02-09T11:40:30+00:00","og_image":[{"width":1920,"height":1280,"url":"https:\/\/allin1bitcoins.com\/wp-content\/uploads\/2023\/01\/Debit-2.jpg","type":"image\/jpeg"}],"twitter_card":"summary_large_image","twitter_misc":{"Est. reading time":"4 minutes"},"schema":{"@context":"https:\/\/schema.org","@graph":[{"@type":"WebPage","@id":"https:\/\/allin1bitcoins.com\/it\/crypto\/bittorrent-new\/debit-card\/","url":"https:\/\/allin1bitcoins.com\/it\/crypto\/bittorrent-new\/debit-card\/","name":"Come Acquistare Bittorrent-New (BTT) Con Una Carta Di Debito","isPartOf":{"@id":"https:\/\/allin1bitcoins.com\/it\/#website"},"datePublished":"2023-02-09T11:40:26+00:00","dateModified":"2023-02-09T11:40:30+00:00","description":"Puoi acquistare monete Bittorrent-New con una carta di debito senza accumulare ulteriori debiti, il che \u00e8 un altro motivo per considerarlo.","breadcrumb":{"@id":"https:\/\/allin1bitcoins.com\/it\/crypto\/bittorrent-new\/debit-card\/#breadcrumb"},"inLanguage":"it","potentialAction":[{"@type":"ReadAction","target":["https:\/\/allin1bitcoins.com\/it\/crypto\/bittorrent-new\/debit-card\/"]}]},{"@type":"BreadcrumbList","@id":"https:\/\/allin1bitcoins.com\/it\/crypto\/bittorrent-new\/debit-card\/#breadcrumb","itemListElement":[{"@type":"ListItem","position":1,"name":"Home","item":"https:\/\/allin1bitcoins.com\/it\/"},{"@type":"ListItem","position":2,"name":"Crypto","item":"https:\/\/allin1bitcoins.com\/it\/crypto\/"},{"@type":"ListItem","position":3,"name":"Come Acquistare Bittorrent-New (BTT) &#8211; Guida Dettagliata 2023","item":"https:\/\/allin1bitcoins.com\/it\/crypto\/bittorrent-new\/"},{"@type":"ListItem","position":4,"name":"Come Acquistare Bittorrent-New (BTT) Con Una Carta Di Debito"}]},{"@type":"WebSite","@id":"https:\/\/allin1bitcoins.com\/it\/#website","url":"https:\/\/allin1bitcoins.com\/it\/","name":"Allin1Bitcoins","description":"","publisher":{"@id":"https:\/\/allin1bitcoins.com\/it\/#organization"},"potentialAction":[{"@type":"SearchAction","target":{"@type":"EntryPoint","urlTemplate":"https:\/\/allin1bitcoins.com\/it\/?s={search_term_string}"},"query-input":"required name=search_term_string"}],"inLanguage":"it"},{"@type":"Organization","@id":"https:\/\/allin1bitcoins.com\/it\/#organization","name":"allin1bitcoins","url":"https:\/\/allin1bitcoins.com\/it\/","logo":{"@type":"ImageObject","inLanguage":"it","@id":"https:\/\/allin1bitcoins.com\/it\/#\/schema\/logo\/image\/","url":"https:\/\/allin1bitcoins.com\/wp-content\/uploads\/2019\/01\/logo-new.png","contentUrl":"https:\/\/allin1bitcoins.com\/wp-content\/uploads\/2019\/01\/logo-new.png","width":178,"height":71,"caption":"allin1bitcoins"},"image":{"@id":"https:\/\/allin1bitcoins.com\/it\/#\/schema\/logo\/image\/"}}]}},"_links":{"self":[{"href":"https:\/\/allin1bitcoins.com\/it\/wp-json\/wp\/v2\/pages\/20846"}],"collection":[{"href":"https:\/\/allin1bitcoins.com\/it\/wp-json\/wp\/v2\/pages"}],"about":[{"href":"https:\/\/allin1bitcoins.com\/it\/wp-json\/wp\/v2\/types\/page"}],"author":[{"embeddable":true,"href":"https:\/\/allin1bitcoins.com\/it\/wp-json\/wp\/v2\/users\/3"}],"replies":[{"embeddable":true,"href":"https:\/\/allin1bitcoins.com\/it\/wp-json\/wp\/v2\/comments?post=20846"}],"version-history":[{"count":1,"href":"https:\/\/allin1bitcoins.com\/it\/wp-json\/wp\/v2\/pages\/20846\/revisions"}],"predecessor-version":[{"id":20853,"href":"https:\/\/allin1bitcoins.com\/it\/wp-json\/wp\/v2\/pages\/20846\/revisions\/20853"}],"up":[{"embeddable":true,"href":"https:\/\/allin1bitcoins.com\/it\/wp-json\/wp\/v2\/pages\/20752"}],"wp:featuredmedia":[{"embeddable":true,"href":"https:\/\/allin1bitcoins.com\/it\/wp-json\/wp\/v2\/media\/15352"}],"wp:attachment":[{"href":"https:\/\/allin1bitcoins.com\/it\/wp-json\/wp\/v2\/media?parent=20846"}],"curies":[{"name":"wp","href":"https:\/\/api.w.org\/{rel}","templated":true}]}}