{"id":20870,"date":"2023-02-10T18:12:16","date_gmt":"2023-02-10T18:12:16","guid":{"rendered":"https:\/\/allin1bitcoins.com\/?page_id=20870"},"modified":"2023-02-10T18:12:19","modified_gmt":"2023-02-10T18:12:19","slug":"united-kingdom","status":"publish","type":"page","link":"https:\/\/allin1bitcoins.com\/it\/crypto\/xen-crypto\/united-kingdom\/","title":{"rendered":"Come Acquistare Xen Crypto (XEN) Nel Regno Unito"},"content":{"rendered":"\n<p>Ci sono alcune opzioni disponibili per i residenti del Regno Unito che vogliono acquistare Xen Crypto. Una scelta \u00e8 quella di acquistare Xen Crypto direttamente da una borsa di criptovaluta che accetta i cittadini del Regno Unito utilizzando una carta di credito o debito. Binance, Coinbase e Bitpanda sono solo alcune delle borse che permettono agli abitanti del Regno Unito di acquistare Xen Crypto con una carta di credito o debito. Un&#8217;altra opzione \u00e8 quella di acquisire Bitcoin o Ethereum con una carta di credito o debito, e quindi utilizzare queste valute per acquistare Xen Crypto su una borsa che le accetta.&#8221;<\/p>\n\n\n\n<h2 class=\"wp-block-heading\">Panoramica di Xen Crypto<\/h2>\n\n\n\n<p>Al fine di facilitare transazioni online rapide e sicure, il bene digitale Xen Crypto \u00e8 stato sviluppato nel 2018. \u00c8 decentralizzato e funziona su una rete peer-to-peer poich\u00e9 si basa sulla blockchain di Ethereum. Di conseguenza, n\u00e9 l&#8217;offerta n\u00e9 la domanda di Xen Crypto sono regolamentate da un ente centrale e tutte le transazioni sono verificate e registrate su un registro distribuito noto come blockchain.<\/p>\n\n\n\n<p>Sono possibili sia le acquisizioni online di beni e servizi che lo stoccaggio di valore, simile alle valute tradizionali, con Xen Crypto. Il valore di Xen Crypto si basa su fattori di mercato come offerta e domanda e ha una fornitura finita di 100 milioni di monete.<\/p>\n\n\n\n<h2 class=\"wp-block-heading\">Vantaggi dell&#8217;acquisto di Xen Crypto<\/h2>\n\n\n\n<p>L&#8217;acquisto di Xen Crypto ha una serie di vantaggi. Essere un bene digitale decentralizzato, ovvero che non \u00e8 soggetto alla giurisdizione di un ente centralizzato come una banca o un governo, \u00e8 uno dei suoi vantaggi principali. Rispetto alle valute tradizionali, che sono spesso soggette all&#8217;inflazione e all&#8217;interferenza del governo, questo lo rende potenzialmente un modo pi\u00f9 sicuro e affidabile per conservare e trasferire valore.<\/p>\n\n\n\n<p>La velocit\u00e0 ed efficacia di Xen Crypto \u00e8 un altro vantaggio. Al contrario delle transazioni finanziarie convenzionali, che di solito richiedono giorni per essere regolate, le transazioni possono essere effettuate in minuti o addirittura in secondi. Questo lo rende perfetto per l&#8217;uso nelle transazioni online e per l&#8217;invio di denaro all&#8217;estero.<\/p>\n\n\n\n<p>E infine, investire in Xen Crypto potrebbe essere molto redditizio. Il suo valore si basa su fattori di mercato come l&#8217;offerta e la domanda, quindi se c&#8217;\u00e8 un aumento di interesse per Xen Crypto, il valore delle monete potrebbe aumentare di conseguenza. Ci\u00f2 significa che acquistare Xen Crypto potrebbe potenzialmente generare rendimenti significativi se il valore della valuta aumenta nel tempo.<\/p>\n\n\n\n<h2 class=\"wp-block-heading\">Guida passo-passo per acquistare Xen Crypto nel Regno Unito<\/h2>\n\n\n\n<p><strong>Di seguito \u00e8 riportata una guida passo-passo su come acquistare Xen Crypto se vivi nel Regno Unito:<\/strong><\/p>\n\n\n\n<ol><li>Scegli una piattaforma di scambio di criptovalute che permetta ai cittadini del Regno Unito di acquistare Xen Crypto con una carta di credito o debito. Binance, Coinbase e Bitpanda sono alcune delle alternative.<br><br><\/li><li>Inserendo il tuo indirizzo email e generando una password, puoi creare un account sulla piattaforma. Potresti essere anche invitato a fornire alcuni dati privati, come il tuo nome, indirizzo e numero di telefono.<br><br><\/li><li>Caricare un documento d&#8217;identit\u00e0 rilasciato dal governo come prova di identit\u00e0 sul tuo account. Dovresti anche seguire altri processi di verifica specificati dalla piattaforma.<br><br><\/li><li>Collegare la piattaforma alla tua carta di credito o debito. Di solito, puoi farlo visitando la sezione &#8220;Metodi di pagamento&#8221; della piattaforma e aggiungendo la tua carta seguendo le istruzioni a schermo.<br><br><\/li><li>Puoi scegliere Xen Crypto dall&#8217;elenco di asset disponibili nella sezione &#8220;Acquista\/Vendi&#8221; della piattaforma dopo aver collegato la tua carta.<br><br><\/li><li>Quando richiesto, inserisci la quantit\u00e0 di Xen Crypto che desideri acquistare e fai clic su &#8220;Conferma&#8221;. Le monete verranno aggiunte al tuo portafoglio sulla piattaforma, da cui puoi ritirarle se lo desideri.<\/li><\/ol>\n\n\n\n<figure class=\"wp-block-embed is-type-video is-provider-youtube wp-block-embed-youtube wp-embed-aspect-16-9 wp-has-aspect-ratio\"><div class=\"wp-block-embed__wrapper\">\n<iframe title=\"XEN Crypto (XEN) has a SECRET that is KEY.\" width=\"800\" height=\"450\" src=\"https:\/\/www.youtube.com\/embed\/rdJQGoUDUsM?feature=oembed\" frameborder=\"0\" allow=\"accelerometer; autoplay; clipboard-write; encrypted-media; gyroscope; picture-in-picture; web-share\" allowfullscreen><\/iframe>\n<\/div><\/figure>\n\n\n\n<h2 class=\"wp-block-heading\">Tassa sugli acquisti di Xen Crypto nel Regno Unito<\/h2>\n\n\n\n<p>Se acquisti Xen Crypto e sei residente nel Regno Unito, sarai tenuto a pagare le tasse sulle eventuali plusvalenze che otterrai vendendo le monete. La quantit\u00e0 di tasse che devi pagare dipende dal fatto che i profitti siano considerati un guadagno di capitali o un reddito.<\/p>\n\n\n\n<p>I profitti saranno soggetti a tassa sulle plusvalenze se sono considerati plusvalenze di capitali. Il profitto che ottieni quando vendi un oggetto con un valore pi\u00f9 elevato \u00e8 soggetto a tassa sulle plusvalenze di capitali. Il tuo tasso di tassazione sul reddito influisce sul tasso di tassazione sulle plusvalenze di capitali che devi pagare. Pagherai la tassa sulle plusvalenze di capitali allo stesso tasso del tuo reddito fiscale, che attualmente \u00e8 del 20%. Se il tuo tasso di tassazione sul reddito \u00e8 superiore al 20%, pagherai la tassa sulle plusvalenze di capitali al tasso del 28%.<\/p>\n\n\n\n<p>I profitti saranno soggetti a tassa sul reddito se sono considerati reddito. I tuoi guadagni da lavoro dipendente, lavoro autonomo e investimenti sono soggetti a tassa sul reddito. La quantit\u00e0 del tuo reddito determina il tasso di tassazione sul reddito che devi pagare. Pagherai la tassa sul reddito ai seguenti tassi se il tuo reddito supera il limite personale, che attualmente \u00e8 fissato a \u00a312.570 all&#8217;anno:<\/p>\n\n\n\n<ul><li>20% dei guadagni fino a \u00a350.270 all&#8217;anno <\/li><li>40% dei guadagni annuali tra \u00a350.270 e \u00a3150.000 <\/li><li>45% del reddito superiore a \u00a3150.000 all&#8217;anno<\/li><\/ul>\n\n\n\n<p>\u00c8 fondamentale tenere presente che queste leggi fiscali potrebbero subire modifiche o variazioni in base alla tua situazione specifica. Per ulteriori informazioni, \u00e8 consigliabile parlare con un esperto fiscale o visitare il sito web di HM Revenue and Customs.<\/p>\n\n\n\n<h2 class=\"wp-block-heading\">Conclusione<\/h2>\n\n\n\n<p>In conclusione, acquistare Xen Crypto nel Regno Unito \u00e8 un processo abbastanza semplice, ma \u00e8 fondamentale condurre la propria ricerca e scegliere un exchange affidabile. L&#8217;acquisto e la negoziazione di Xen Crypto potrebbe avere conseguenze fiscali perch\u00e9 i profitti potrebbero essere soggetti a tasse sul reddito o sui capital gain. Chiedere assistenza a un consulente finanziario o a un esperto fiscale \u00e8 una buona idea se si sta pensando di acquistare Xen Crypto.<\/p>\n\n\n\n<!-- Page-list plugin v.5.9 wordpress.org\/plugins\/page-list\/ -->\n<ul class=\"page-list siblings-page-list \">\n<li class=\"page_item page-item-20916\"><a href=\"https:\/\/allin1bitcoins.com\/it\/crypto\/xen-crypto\/credit-card\/\">Come Acquistare La Criptovaluta XEN (XEN) Con Una Carta Di Credito<\/a><\/li>\n<li class=\"page_item page-item-20924\"><a href=\"https:\/\/allin1bitcoins.com\/it\/crypto\/xen-crypto\/debit-card\/\">Come Acquistare La Criptovaluta XEN (XEN) Con Una Carta Di Debito<\/a><\/li>\n<li class=\"page_item page-item-20946\"><a href=\"https:\/\/allin1bitcoins.com\/it\/crypto\/xen-crypto\/bank-account\/\">Come Acquistare La Crypto XEN (XEN) Con Un Conto Bancario<\/a><\/li>\n<li class=\"page_item page-item-20936\"><a href=\"https:\/\/allin1bitcoins.com\/it\/crypto\/xen-crypto\/paypal\/\">Come Acquistare Xen Crypto (XEN) Con PayPal<\/a><\/li>\n<li class=\"page_item page-item-20901\"><a href=\"https:\/\/allin1bitcoins.com\/it\/crypto\/xen-crypto\/australia\/\">Come Acquistare XEN CRYPTO (XEN) In Australia<\/a><\/li>\n<li class=\"page_item page-item-20890\"><a href=\"https:\/\/allin1bitcoins.com\/it\/crypto\/xen-crypto\/canada\/\">Come Acquistare XEN Crypto (XEN) In Canada<\/a><\/li>\n<li class=\"page_item page-item-20880\"><a href=\"https:\/\/allin1bitcoins.com\/it\/crypto\/xen-crypto\/united-states\/\">Come Acquistare XEN Crypto (XEN) Negli Stati Uniti<\/a><\/li>\n<li class=\"page_item page-item-20870\"><a href=\"https:\/\/allin1bitcoins.com\/it\/crypto\/xen-crypto\/united-kingdom\/\">Come Acquistare Xen Crypto (XEN) Nel Regno Unito<\/a><\/li>\n\n<\/ul>\n","protected":false},"excerpt":{"rendered":"<p>Ci sono alcune opzioni disponibili per i residenti del Regno Unito che vogliono acquistare Xen Crypto. Una scelta \u00e8 quella di acquistare Xen Crypto direttamente da una borsa di criptovaluta che accetta i cittadini del Regno Unito utilizzando una carta di credito o debito. Binance, Coinbase e Bitpanda sono solo alcune delle borse che permettono&#8230;<\/p>\n","protected":false},"author":3,"featured_media":16137,"parent":20856,"menu_order":0,"comment_status":"closed","ping_status":"closed","template":"","meta":{"cybocfi_hide_featured_image":"","footnotes":""},"acf":[],"yoast_head":"<!-- This site is optimized with the Yoast SEO plugin v21.7 - https:\/\/yoast.com\/wordpress\/plugins\/seo\/ -->\n<title>Come Acquistare Xen Crypto (XEN) Nel Regno Unito<\/title>\n<meta name=\"description\" content=\"Acquistare Xen Crypto nel Regno Unito \u00e8 un processo abbastanza semplice, ma \u00e8 cruciale fare ricerche e scegliere.\" \/>\n<meta name=\"robots\" content=\"index, follow, max-snippet:-1, max-image-preview:large, max-video-preview:-1\" \/>\n<link rel=\"canonical\" href=\"https:\/\/allin1bitcoins.com\/it\/crypto\/xen-crypto\/united-kingdom\/\" \/>\n<meta property=\"og:locale\" content=\"it_IT\" \/>\n<meta property=\"og:type\" content=\"article\" \/>\n<meta property=\"og:title\" content=\"Come Acquistare Xen Crypto (XEN) Nel Regno Unito\" \/>\n<meta property=\"og:description\" content=\"Acquistare Xen Crypto nel Regno Unito \u00e8 un processo abbastanza semplice, ma \u00e8 cruciale fare ricerche e scegliere.\" \/>\n<meta property=\"og:url\" content=\"https:\/\/allin1bitcoins.com\/it\/crypto\/xen-crypto\/united-kingdom\/\" \/>\n<meta property=\"og:site_name\" content=\"Allin1Bitcoins\" \/>\n<meta property=\"article:modified_time\" content=\"2023-02-10T18:12:19+00:00\" \/>\n<meta property=\"og:image\" content=\"https:\/\/allin1bitcoins.com\/wp-content\/uploads\/2023\/01\/debit-3.jpg\" \/>\n\t<meta property=\"og:image:width\" content=\"1920\" \/>\n\t<meta property=\"og:image:height\" content=\"1920\" \/>\n\t<meta property=\"og:image:type\" content=\"image\/jpeg\" \/>\n<meta name=\"twitter:card\" content=\"summary_large_image\" \/>\n<meta name=\"twitter:label1\" content=\"Est. reading time\" \/>\n\t<meta name=\"twitter:data1\" content=\"5 minutes\" \/>\n<!-- \/ Yoast SEO plugin. -->","yoast_head_json":{"title":"Come Acquistare Xen Crypto (XEN) Nel Regno Unito","description":"Acquistare Xen Crypto nel Regno Unito \u00e8 un processo abbastanza semplice, ma \u00e8 cruciale fare ricerche e scegliere.","robots":{"index":"index","follow":"follow","max-snippet":"max-snippet:-1","max-image-preview":"max-image-preview:large","max-video-preview":"max-video-preview:-1"},"canonical":"https:\/\/allin1bitcoins.com\/it\/crypto\/xen-crypto\/united-kingdom\/","og_locale":"it_IT","og_type":"article","og_title":"Come Acquistare Xen Crypto (XEN) Nel Regno Unito","og_description":"Acquistare Xen Crypto nel Regno Unito \u00e8 un processo abbastanza semplice, ma \u00e8 cruciale fare ricerche e scegliere.","og_url":"https:\/\/allin1bitcoins.com\/it\/crypto\/xen-crypto\/united-kingdom\/","og_site_name":"Allin1Bitcoins","article_modified_time":"2023-02-10T18:12:19+00:00","og_image":[{"width":1920,"height":1920,"url":"https:\/\/allin1bitcoins.com\/wp-content\/uploads\/2023\/01\/debit-3.jpg","type":"image\/jpeg"}],"twitter_card":"summary_large_image","twitter_misc":{"Est. reading time":"5 minutes"},"schema":{"@context":"https:\/\/schema.org","@graph":[{"@type":"WebPage","@id":"https:\/\/allin1bitcoins.com\/it\/crypto\/xen-crypto\/united-kingdom\/","url":"https:\/\/allin1bitcoins.com\/it\/crypto\/xen-crypto\/united-kingdom\/","name":"Come Acquistare Xen Crypto (XEN) Nel Regno Unito","isPartOf":{"@id":"https:\/\/allin1bitcoins.com\/it\/#website"},"datePublished":"2023-02-10T18:12:16+00:00","dateModified":"2023-02-10T18:12:19+00:00","description":"Acquistare Xen Crypto nel Regno Unito \u00e8 un processo abbastanza semplice, ma \u00e8 cruciale fare ricerche e scegliere.","breadcrumb":{"@id":"https:\/\/allin1bitcoins.com\/it\/crypto\/xen-crypto\/united-kingdom\/#breadcrumb"},"inLanguage":"it","potentialAction":[{"@type":"ReadAction","target":["https:\/\/allin1bitcoins.com\/it\/crypto\/xen-crypto\/united-kingdom\/"]}]},{"@type":"BreadcrumbList","@id":"https:\/\/allin1bitcoins.com\/it\/crypto\/xen-crypto\/united-kingdom\/#breadcrumb","itemListElement":[{"@type":"ListItem","position":1,"name":"Home","item":"https:\/\/allin1bitcoins.com\/it\/"},{"@type":"ListItem","position":2,"name":"Crypto","item":"https:\/\/allin1bitcoins.com\/it\/crypto\/"},{"@type":"ListItem","position":3,"name":"Come Acquistare La Criptovaluta Xen (XEN) &#8211; Guida Passo Dopo Passo (2023)","item":"https:\/\/allin1bitcoins.com\/it\/crypto\/xen-crypto\/"},{"@type":"ListItem","position":4,"name":"Come Acquistare Xen Crypto (XEN) Nel Regno Unito"}]},{"@type":"WebSite","@id":"https:\/\/allin1bitcoins.com\/it\/#website","url":"https:\/\/allin1bitcoins.com\/it\/","name":"Allin1Bitcoins","description":"","publisher":{"@id":"https:\/\/allin1bitcoins.com\/it\/#organization"},"potentialAction":[{"@type":"SearchAction","target":{"@type":"EntryPoint","urlTemplate":"https:\/\/allin1bitcoins.com\/it\/?s={search_term_string}"},"query-input":"required name=search_term_string"}],"inLanguage":"it"},{"@type":"Organization","@id":"https:\/\/allin1bitcoins.com\/it\/#organization","name":"allin1bitcoins","url":"https:\/\/allin1bitcoins.com\/it\/","logo":{"@type":"ImageObject","inLanguage":"it","@id":"https:\/\/allin1bitcoins.com\/it\/#\/schema\/logo\/image\/","url":"https:\/\/allin1bitcoins.com\/wp-content\/uploads\/2019\/01\/logo-new.png","contentUrl":"https:\/\/allin1bitcoins.com\/wp-content\/uploads\/2019\/01\/logo-new.png","width":178,"height":71,"caption":"allin1bitcoins"},"image":{"@id":"https:\/\/allin1bitcoins.com\/it\/#\/schema\/logo\/image\/"}}]}},"_links":{"self":[{"href":"https:\/\/allin1bitcoins.com\/it\/wp-json\/wp\/v2\/pages\/20870"}],"collection":[{"href":"https:\/\/allin1bitcoins.com\/it\/wp-json\/wp\/v2\/pages"}],"about":[{"href":"https:\/\/allin1bitcoins.com\/it\/wp-json\/wp\/v2\/types\/page"}],"author":[{"embeddable":true,"href":"https:\/\/allin1bitcoins.com\/it\/wp-json\/wp\/v2\/users\/3"}],"replies":[{"embeddable":true,"href":"https:\/\/allin1bitcoins.com\/it\/wp-json\/wp\/v2\/comments?post=20870"}],"version-history":[{"count":1,"href":"https:\/\/allin1bitcoins.com\/it\/wp-json\/wp\/v2\/pages\/20870\/revisions"}],"predecessor-version":[{"id":20871,"href":"https:\/\/allin1bitcoins.com\/it\/wp-json\/wp\/v2\/pages\/20870\/revisions\/20871"}],"up":[{"embeddable":true,"href":"https:\/\/allin1bitcoins.com\/it\/wp-json\/wp\/v2\/pages\/20856"}],"wp:featuredmedia":[{"embeddable":true,"href":"https:\/\/allin1bitcoins.com\/it\/wp-json\/wp\/v2\/media\/16137"}],"wp:attachment":[{"href":"https:\/\/allin1bitcoins.com\/it\/wp-json\/wp\/v2\/media?parent=20870"}],"curies":[{"name":"wp","href":"https:\/\/api.w.org\/{rel}","templated":true}]}}