{"id":20959,"date":"2023-02-11T20:20:55","date_gmt":"2023-02-11T20:20:55","guid":{"rendered":"https:\/\/allin1bitcoins.com\/?page_id=20959"},"modified":"2023-02-11T20:20:58","modified_gmt":"2023-02-11T20:20:58","slug":"tune-fm","status":"publish","type":"page","link":"https:\/\/allin1bitcoins.com\/it\/crypto\/tune-fm\/","title":{"rendered":"Come Acquistare Tune.fm (JAM) &#8211; Guida Passo Dopo Passo (2023)"},"content":{"rendered":"\n<h2 class=\"wp-block-heading\">Per acquistare la moneta Tune.fm, dovrai seguire questi passaggi:<\/h2>\n\n\n\n<ul><li>Trova un exchange che elenchi la moneta Tune.fm e crea un account.<\/li><li>Depositare fondi sul tuo account.<\/li><li>Piazza un ordine per acquistare la moneta Tune.fm a prezzo desiderato.<\/li><li>Attendi che il tuo ordine sia completato e la tua moneta Tune.fm sia accreditata sul tuo account.<\/li><\/ul>\n\n\n\n<h2 class=\"wp-block-heading\">Introduzione della moneta Tune.fm<\/h2>\n\n\n\n<p>La moneta Tune.fm \u00e8 un asset digitale creato per essere utilizzato sulla piattaforma Tune.fm. Tune.fm \u00e8 un servizio di streaming musicale che consente agli utenti di ascoltare e scoprire nuova musica. \u00c8 simile ad altre piattaforme di streaming musicali popolari come Spotify e Apple Music.<\/p>\n\n\n\n<p>La moneta Tune.fm viene utilizzata come mezzo di pagamento sulla piattaforma. Pu\u00f2 essere utilizzata per acquistare abbonamenti premium, pagare gli artisti per la loro musica e effettuare altre transazioni all&#8217;interno dell&#8217;ecosistema di Tune.fm. Il valore della moneta Tune.fm viene determinato dall&#8217;offerta e la domanda sugli exchange di criptovalute.<\/p>\n\n\n\n<h2 class=\"wp-block-heading\">Panoramica del processo per acquistare la moneta Tune.fm<\/h2>\n\n\n\n<p>Per acquistare la moneta Tune.fm, \u00e8 necessario trovare un exchange di criptovalute che elenchi la moneta e creare un account con esso. Ce ne sono molti a scelta, ed \u00e8 importante fare la propria dovuta diligenza per trovare uno affidabile e degno di fiducia. Alcuni fattori da considerare nella scelta di un exchange includono le loro tariffe, le misure di sicurezza e le recensioni degli utenti.<\/p>\n\n\n\n<p>Una volta creato un account, sar\u00e0 necessario depositare fondi in esso. Ci\u00f2 pu\u00f2 essere fatto in genere trasferendo denaro dal tuo conto bancario o utilizzando una carta di debito o di credito. Il metodo specifico dipender\u00e0 dall&#8217;exchange e dalla tua posizione.<\/p>\n\n\n\n<p>Una volta che il tuo account \u00e8 finanziato, puoi effettuare un ordine per acquistare la moneta Tune.fm a prezzo desiderato. L&#8217;ordine verr\u00e0 inserito nel libro ordini della borsa e verr\u00e0 soddisfatto una volta che verr\u00e0 trovato un venditore disposto a vendere al prezzo specificato. Se il prezzo che specificate \u00e8 pi\u00f9 alto rispetto al prezzo di mercato attuale, il vostro ordine potrebbe non essere subito eseguito e potrebbe invece essere messo in coda per essere eseguito in un momento successivo quando il prezzo di mercato raggiunger\u00e0 il livello specificato.<\/p>\n\n\n\n<h2 class=\"wp-block-heading\">I passi per acquistare la moneta Tune.fm<\/h2>\n\n\n\n<p><strong>Ecco una guida passo-passo per acquistare la moneta Tune.fm:<\/strong><\/p>\n\n\n\n<ol><li>Trova un exchange che elenca la moneta Tune.fm e crea un account con loro.<br><br><\/li><li>Deposita fondi nel tuo account. Questo pu\u00f2 essere tipicamente fatto trasferendo denaro dal tuo conto bancario o utilizzando una carta di debito o di credito.<br><br><\/li><li>Effettua un ordine per acquistare la moneta Tune.fm al prezzo desiderato. Puoi scegliere di effettuare un ordine di mercato, che verr\u00e0 eseguito al prezzo attuale del mercato, o un ordine limite, che verr\u00e0 eseguito al prezzo specifico o migliore.<br><br><\/li><li>Aspetta che il tuo ordine sia soddisfatto. Se hai effettuato un ordine limite, potrebbe volerci del tempo affinch\u00e9 il prezzo del mercato raggiunga il tuo livello specificato.<br><br><\/li><li>Una volta che il tuo ordine \u00e8 stato eseguito, la tua moneta Tune.fm verr\u00e0 accreditata sul tuo account.<\/li><\/ol>\n\n\n\n<figure class=\"wp-block-embed is-type-video is-provider-youtube wp-block-embed-youtube wp-embed-aspect-16-9 wp-has-aspect-ratio\"><div class=\"wp-block-embed__wrapper\">\n<iframe title=\"Hedera HBAR Forum - Tune FM - Andrew Antar\" width=\"800\" height=\"450\" src=\"https:\/\/www.youtube.com\/embed\/4xyETV9UqH4?feature=oembed\" frameborder=\"0\" allow=\"accelerometer; autoplay; clipboard-write; encrypted-media; gyroscope; picture-in-picture; web-share\" allowfullscreen><\/iframe>\n<\/div><\/figure>\n\n\n\n<h2 class=\"wp-block-heading\">Benefici dell&#8217;acquisto della moneta Tune.fm<\/h2>\n\n\n\n<p><strong>Ci sono diversi beneficritti per l&#8217;acquisto della moneta Tune.fm:<\/strong><\/p>\n\n\n\n<ul><li><strong>Uso sulla piattaforma Tune.fm:<\/strong> il principale vantaggio dell&#8217;acquisto della moneta Tune.fm \u00e8 che pu\u00f2 essere utilizzata per acquistare abbonamenti premium e pagare gli artisti sulla piattaforma Tune.fm.<br><br><\/li><li><strong>Potenziale di apprezzamento del prezzo:<\/strong> come altre criptovalute, il valore della moneta Tune.fm \u00e8 determinato dall&#8217;offerta e dalla domanda sulle borse. Se la domanda per la moneta Tune.fm aumenta, il prezzo potrebbe anche aumentare.<br><br><br><\/li><li><strong>Bassi costi di transazione: <\/strong>le transazioni effettuate utilizzando la moneta Tune.fm potrebbero avere costi pi\u00f9 bassi rispetto ad altri metodi di pagamento, poich\u00e9 le transazioni di criptovaluta non coinvolgono di solito istituzioni finanziarie tradizionali, il che pu\u00f2 far risparmiare sui costi di elaborazione. <br><br><\/li><li><strong>Sicurezza:<\/strong> le transazioni di criptovaluta sono protette da tecniche di crittografia avanzate, che possono renderle pi\u00f9 sicure rispetto ad altri metodi di pagamento.<\/li><\/ul>\n\n\n\n<h2 class=\"wp-block-heading\">Conclusione<\/h2>\n\n\n\n<p>In conclusione, l&#8217;acquisto della moneta Tune.fm \u00e8 un processo semplice che implica la ricerca di una borsa che elenca la moneta, la creazione di un account, il deposito di fondi e la posizione di un ordine di acquisto. La moneta Tune.fm pu\u00f2 essere utilizzata sulla piattaforma Tune.fm per acquistare abbonamenti premium e pagare gli artisti e ha anche il potenziale di apprezzamento del prezzo. Inoltre, le transazioni effettuate utilizzando la moneta Tune.fm potrebbero avere costi pi\u00f9 bassi e offrire una maggiore sicurezza rispetto ad altri metodi di pagamento.<\/p>\n\n\n\n<!-- Page-list plugin v.5.9 wordpress.org\/plugins\/page-list\/ -->\n<ul class=\"page-list subpages-page-list \">\n<li class=\"page_item page-item-21020\"><a href=\"https:\/\/allin1bitcoins.com\/it\/crypto\/tune-fm\/australia\/\">Come Acquistare Tune.fm (JAM) Con l&#8217;Australia<\/a><\/li>\n<li class=\"page_item page-item-20988\"><a href=\"https:\/\/allin1bitcoins.com\/it\/crypto\/tune-fm\/paypal\/\">Come Acquistare Tune.fm (JAM) Con PayPal<\/a><\/li>\n<li class=\"page_item page-item-20980\"><a href=\"https:\/\/allin1bitcoins.com\/it\/crypto\/tune-fm\/bank-account\/\">Come Acquistare Tune.fm (JAM) Con Un Conto Bancario<\/a><\/li>\n<li class=\"page_item page-item-20997\"><a href=\"https:\/\/allin1bitcoins.com\/it\/crypto\/tune-fm\/debit-card\/\">Come Acquistare Tune.fm (JAM) Con Una Carta Di Debito<\/a><\/li>\n<li class=\"page_item page-item-21042\"><a href=\"https:\/\/allin1bitcoins.com\/it\/crypto\/tune-fm\/canada\/\">Come Acquistare Tune.fm (JAM) In Canada<\/a><\/li>\n<li class=\"page_item page-item-20970\"><a href=\"https:\/\/allin1bitcoins.com\/it\/crypto\/tune-fm\/united-kingdom\/\">Come Acquistare Tune.fm (JAM) In Regno Unito<\/a><\/li>\n<li class=\"page_item page-item-21031\"><a href=\"https:\/\/allin1bitcoins.com\/it\/crypto\/tune-fm\/united-states\/\">Come Acquistare Tune.fm (JAM) Negli Stati Uniti<\/a><\/li>\n\n<\/ul>\n","protected":false},"excerpt":{"rendered":"<p>Per acquistare la moneta Tune.fm, dovrai seguire questi passaggi: Trova un exchange che elenchi la moneta Tune.fm e crea un account. Depositare fondi sul tuo account. Piazza un ordine per acquistare la moneta Tune.fm a prezzo desiderato. Attendi che il tuo ordine sia completato e la tua moneta Tune.fm sia accreditata sul tuo account. Introduzione&#8230;<\/p>\n","protected":false},"author":3,"featured_media":16619,"parent":19844,"menu_order":0,"comment_status":"closed","ping_status":"closed","template":"","meta":{"cybocfi_hide_featured_image":"","footnotes":""},"acf":[],"yoast_head":"<!-- This site is optimized with the Yoast SEO plugin v21.7 - https:\/\/yoast.com\/wordpress\/plugins\/seo\/ -->\n<title>Come Acquistare Tune.fm (JAM) - Guida Passo Dopo Passo<\/title>\n<meta name=\"description\" content=\"Acquistare la moneta Tune.fm \u00e8 un processo semplice che implica la ricerca di un exchange che elenchi la moneta, la creazione di un account.\" \/>\n<meta name=\"robots\" content=\"index, follow, max-snippet:-1, max-image-preview:large, max-video-preview:-1\" \/>\n<link rel=\"canonical\" href=\"https:\/\/allin1bitcoins.com\/it\/crypto\/tune-fm\/\" \/>\n<meta property=\"og:locale\" content=\"it_IT\" \/>\n<meta property=\"og:type\" content=\"article\" \/>\n<meta property=\"og:title\" content=\"Come Acquistare Tune.fm (JAM) - Guida Passo Dopo Passo\" \/>\n<meta property=\"og:description\" content=\"Acquistare la moneta Tune.fm \u00e8 un processo semplice che implica la ricerca di un exchange che elenchi la moneta, la creazione di un account.\" \/>\n<meta property=\"og:url\" content=\"https:\/\/allin1bitcoins.com\/it\/crypto\/tune-fm\/\" \/>\n<meta property=\"og:site_name\" content=\"Allin1Bitcoins\" \/>\n<meta property=\"article:modified_time\" content=\"2023-02-11T20:20:58+00:00\" \/>\n<meta property=\"og:image\" content=\"https:\/\/allin1bitcoins.com\/wp-content\/uploads\/2023\/01\/stibits-X1ECk9H-eyI-unsplash.jpg\" \/>\n\t<meta property=\"og:image:width\" content=\"1920\" \/>\n\t<meta property=\"og:image:height\" content=\"1080\" \/>\n\t<meta property=\"og:image:type\" content=\"image\/jpeg\" \/>\n<meta name=\"twitter:card\" content=\"summary_large_image\" \/>\n<meta name=\"twitter:label1\" content=\"Est. reading time\" \/>\n\t<meta name=\"twitter:data1\" content=\"4 minutes\" \/>\n<!-- \/ Yoast SEO plugin. -->","yoast_head_json":{"title":"Come Acquistare Tune.fm (JAM) - Guida Passo Dopo Passo","description":"Acquistare la moneta Tune.fm \u00e8 un processo semplice che implica la ricerca di un exchange che elenchi la moneta, la creazione di un account.","robots":{"index":"index","follow":"follow","max-snippet":"max-snippet:-1","max-image-preview":"max-image-preview:large","max-video-preview":"max-video-preview:-1"},"canonical":"https:\/\/allin1bitcoins.com\/it\/crypto\/tune-fm\/","og_locale":"it_IT","og_type":"article","og_title":"Come Acquistare Tune.fm (JAM) - Guida Passo Dopo Passo","og_description":"Acquistare la moneta Tune.fm \u00e8 un processo semplice che implica la ricerca di un exchange che elenchi la moneta, la creazione di un account.","og_url":"https:\/\/allin1bitcoins.com\/it\/crypto\/tune-fm\/","og_site_name":"Allin1Bitcoins","article_modified_time":"2023-02-11T20:20:58+00:00","og_image":[{"width":1920,"height":1080,"url":"https:\/\/allin1bitcoins.com\/wp-content\/uploads\/2023\/01\/stibits-X1ECk9H-eyI-unsplash.jpg","type":"image\/jpeg"}],"twitter_card":"summary_large_image","twitter_misc":{"Est. reading time":"4 minutes"},"schema":{"@context":"https:\/\/schema.org","@graph":[{"@type":"WebPage","@id":"https:\/\/allin1bitcoins.com\/it\/crypto\/tune-fm\/","url":"https:\/\/allin1bitcoins.com\/it\/crypto\/tune-fm\/","name":"Come Acquistare Tune.fm (JAM) - Guida Passo Dopo Passo","isPartOf":{"@id":"https:\/\/allin1bitcoins.com\/it\/#website"},"datePublished":"2023-02-11T20:20:55+00:00","dateModified":"2023-02-11T20:20:58+00:00","description":"Acquistare la moneta Tune.fm \u00e8 un processo semplice che implica la ricerca di un exchange che elenchi la moneta, la creazione di un account.","breadcrumb":{"@id":"https:\/\/allin1bitcoins.com\/it\/crypto\/tune-fm\/#breadcrumb"},"inLanguage":"it","potentialAction":[{"@type":"ReadAction","target":["https:\/\/allin1bitcoins.com\/it\/crypto\/tune-fm\/"]}]},{"@type":"BreadcrumbList","@id":"https:\/\/allin1bitcoins.com\/it\/crypto\/tune-fm\/#breadcrumb","itemListElement":[{"@type":"ListItem","position":1,"name":"Home","item":"https:\/\/allin1bitcoins.com\/it\/"},{"@type":"ListItem","position":2,"name":"Crypto","item":"https:\/\/allin1bitcoins.com\/it\/crypto\/"},{"@type":"ListItem","position":3,"name":"Come Acquistare Tune.fm (JAM) &#8211; Guida Passo Dopo Passo (2023)"}]},{"@type":"WebSite","@id":"https:\/\/allin1bitcoins.com\/it\/#website","url":"https:\/\/allin1bitcoins.com\/it\/","name":"Allin1Bitcoins","description":"","publisher":{"@id":"https:\/\/allin1bitcoins.com\/it\/#organization"},"potentialAction":[{"@type":"SearchAction","target":{"@type":"EntryPoint","urlTemplate":"https:\/\/allin1bitcoins.com\/it\/?s={search_term_string}"},"query-input":"required name=search_term_string"}],"inLanguage":"it"},{"@type":"Organization","@id":"https:\/\/allin1bitcoins.com\/it\/#organization","name":"allin1bitcoins","url":"https:\/\/allin1bitcoins.com\/it\/","logo":{"@type":"ImageObject","inLanguage":"it","@id":"https:\/\/allin1bitcoins.com\/it\/#\/schema\/logo\/image\/","url":"https:\/\/allin1bitcoins.com\/wp-content\/uploads\/2019\/01\/logo-new.png","contentUrl":"https:\/\/allin1bitcoins.com\/wp-content\/uploads\/2019\/01\/logo-new.png","width":178,"height":71,"caption":"allin1bitcoins"},"image":{"@id":"https:\/\/allin1bitcoins.com\/it\/#\/schema\/logo\/image\/"}}]}},"_links":{"self":[{"href":"https:\/\/allin1bitcoins.com\/it\/wp-json\/wp\/v2\/pages\/20959"}],"collection":[{"href":"https:\/\/allin1bitcoins.com\/it\/wp-json\/wp\/v2\/pages"}],"about":[{"href":"https:\/\/allin1bitcoins.com\/it\/wp-json\/wp\/v2\/types\/page"}],"author":[{"embeddable":true,"href":"https:\/\/allin1bitcoins.com\/it\/wp-json\/wp\/v2\/users\/3"}],"replies":[{"embeddable":true,"href":"https:\/\/allin1bitcoins.com\/it\/wp-json\/wp\/v2\/comments?post=20959"}],"version-history":[{"count":1,"href":"https:\/\/allin1bitcoins.com\/it\/wp-json\/wp\/v2\/pages\/20959\/revisions"}],"predecessor-version":[{"id":20961,"href":"https:\/\/allin1bitcoins.com\/it\/wp-json\/wp\/v2\/pages\/20959\/revisions\/20961"}],"up":[{"embeddable":true,"href":"https:\/\/allin1bitcoins.com\/it\/wp-json\/wp\/v2\/pages\/19844"}],"wp:featuredmedia":[{"embeddable":true,"href":"https:\/\/allin1bitcoins.com\/it\/wp-json\/wp\/v2\/media\/16619"}],"wp:attachment":[{"href":"https:\/\/allin1bitcoins.com\/it\/wp-json\/wp\/v2\/media?parent=20959"}],"curies":[{"name":"wp","href":"https:\/\/api.w.org\/{rel}","templated":true}]}}