{"id":20997,"date":"2023-02-12T05:38:48","date_gmt":"2023-02-12T05:38:48","guid":{"rendered":"https:\/\/allin1bitcoins.com\/?page_id=20997"},"modified":"2023-02-12T05:38:52","modified_gmt":"2023-02-12T05:38:52","slug":"debit-card","status":"publish","type":"page","link":"https:\/\/allin1bitcoins.com\/it\/crypto\/tune-fm\/debit-card\/","title":{"rendered":"Come Acquistare Tune.fm (JAM) Con Una Carta Di Debito"},"content":{"rendered":"\n<h2 class=\"wp-block-heading\">Per acquistare la moneta Tune.fm con una carta di debito, dovrai seguire questi passaggi:<\/h2>\n\n\n\n<ul><li>Trova un exchange di criptovalute che ti consenta di acquistare la moneta Tune.fm con una carta di debito.<\/li><li>Crea un account con l&#8217;exchange e verifica la tua identit\u00e0.<\/li><li>Collega la tua carta di debito al tuo account.<\/li><li>Effettua un ordine per acquistare la moneta Tune.fm a un prezzo desiderato.<\/li><li>Aspetta che l&#8217;ordine sia soddisfatto e che la tua moneta Tune.fm sia accreditata sul tuo account.<\/li><\/ul>\n\n\n\n<h2 class=\"wp-block-heading\">Panoramica della moneta Tune.fm<\/h2>\n\n\n\n<p>La moneta Tune.fm \u00e8 un asset digitale creato per essere utilizzato sulla piattaforma Tune.fm. Tune.fm \u00e8 un servizio di streaming musicale che consente agli utenti di ascoltare e scoprire nuova musica. \u00c8 simile ad altre popolari piattaforme di streaming musicali come Spotify e Apple Music.<\/p>\n\n\n\n<p>La moneta Tune.fm viene utilizzata come mezzo di pagamento sulla piattaforma. Pu\u00f2 essere utilizzata per acquistare abbonamenti premium, pagare gli artisti per la loro musica e effettuare altre transazioni all&#8217;interno dell&#8217;ecosistema Tune.fm. Il valore della moneta Tune.fm \u00e8 determinato dall&#8217;offerta e la domanda sugli exchange di criptovalute.<\/p>\n\n\n\n<h2 class=\"wp-block-heading\">Perch\u00e9 vorresti acquistare la moneta Tune.fm con una carta di debito<\/h2>\n\n\n\n<p><strong>Ci sono diversi motivi per cui potresti voler acquistare la moneta Tune.fm con una carta di debito:<\/strong><\/p>\n\n\n\n<ul><li><strong>Comodit\u00e0: <\/strong>l&#8217;acquisto della moneta Tune.fm con una carta di debito \u00e8 un modo rapido e conveniente per acquistare la moneta. Ti consente di effettuare un acquisto online senza dover trasferire fondi dal tuo conto bancario o utilizzare un metodo di pagamento diverso.<br><br><\/li><li><strong>Nessun controllo del credito: <\/strong>a differenza di una carta di credito, una carta di debito non richiede un controllo del credito e non influisce sulla tua valutazione creditizia. Ci\u00f2 pu\u00f2 essere vantaggioso se hai un basso punteggio di credito o non vuoi influire sulla tua valutazione creditizia.<br><br><\/li><li><strong>Nessun interesse:<\/strong> le carte di debito non hanno spese d&#8217;interesse come le carte di credito, quindi non ti saranno addebitati costi aggiuntivi per avere un saldo.<\/li><\/ul>\n\n\n\n<figure class=\"wp-block-embed is-type-video is-provider-youtube wp-block-embed-youtube wp-embed-aspect-16-9 wp-has-aspect-ratio\"><div class=\"wp-block-embed__wrapper\">\n<iframe title=\"Are Crypto Micro Payment&#039;s the Future? Tune.fm\" width=\"800\" height=\"450\" src=\"https:\/\/www.youtube.com\/embed\/-CMhmT1V-vg?feature=oembed\" frameborder=\"0\" allow=\"accelerometer; autoplay; clipboard-write; encrypted-media; gyroscope; picture-in-picture; web-share\" allowfullscreen><\/iframe>\n<\/div><\/figure>\n\n\n\n<h2 class=\"wp-block-heading\">Ecco una guida passo-passo per acquistare Tune.fm coin con una carta di debito:<\/h2>\n\n\n\n<ol><li>Trova un exchange di criptovalute che ti permetta di acquistare Tune.fm coin con una carta di debito. Alcuni exchange affidabili da considerare includono Coinbase, Binance e Kraken.<br><br><\/li><li>Crea un account con l&#8217;exchange e verifica la tua identit\u00e0. La maggior parte degli exchange richieder\u00e0 di fornire alcune informazioni personali e una prova di identit\u00e0 prima di poter iniziare a fare trading.<br><br><\/li><li>Collega la tua carta di debito al tuo account. Dovrai fornire le informazioni della tua carta di debito e potresti dover completare un processo di verifica per garantire che la carta sia valida e appartenga a te.<br><br><\/li><li>Effettua un ordine per acquistare Tune.fm coin al prezzo desiderato. Puoi scegliere di effettuare un ordine di mercato, che verr\u00e0 eseguito al prezzo di mercato corrente, o un ordine a limite, che verr\u00e0 eseguito al prezzo specificato o migliore.<br><br><\/li><li>Aspetta che il tuo ordine venga eseguito. Se hai effettuato un ordine a limite, potrebbe volerci del tempo perch\u00e9 il prezzo di mercato raggiunga il livello specificato.<br><br><\/li><li>Una volta che il tuo ordine viene eseguito, i tuoi Tune.fm coin verranno accreditati sul tuo account.<\/li><\/ol>\n\n\n\n<h2 class=\"wp-block-heading\">Inconvenienti dell&#8217;acquisto di Tune.fm coin con una carta di debito<\/h2>\n\n\n\n<p><strong>Ci sono alcuni inconvenienti nell&#8217;acquisto di Tune.fm coin con una carta di debito:<\/strong><\/p>\n\n\n\n<ul><li><strong>Commissioni: <\/strong>alcune borse addebitano una commissione pi\u00f9 elevata per le transazioni effettuate con carte di debito, il che pu\u00f2 aumentare il costo complessivo delle tue monete Tune.fm.<br><br><\/li><li><strong>Limitazioni di spesa:<\/strong> le carte di debito hanno di solito limiti di spesa pi\u00f9 bassi rispetto alle carte di credito, il che potrebbe limitare la quantit\u00e0 di monete Tune.fm che \u00e8 possibile acquistare in una sola volta.<br><br><\/li><li><strong>Protezione contro la frode:<\/strong> le carte di debito non hanno lo stesso livello di protezione contro la frode delle carte di credito, quindi se la tua carta viene compromessa, potresti essere a rischio di perdere l&#8217;accesso ai tuoi fondi.<\/li><\/ul>\n\n\n\n<h2 class=\"wp-block-heading\">Conclusione<\/h2>\n\n\n\n<p>In conclusione, acquistare Tune.fm coin con una carta di debito \u00e8 un modo conveniente e veloce per acquistare la moneta. Ti consente di effettuare un acquisto online senza dover trasferire fondi dal tuo conto bancario e non richiede un controllo del credito o interessi. Tuttavia, ci sono anche degli svantaggi da considerare, come commissioni, limiti di spesa e mancanza di protezione contro la frode. \u00c8 importante considerare attentamente i pro e i contro dell&#8217;utilizzo di una carta di debito per acquistare Tune.fm coin e assicurarsi di avere fondi sufficienti nel tuo conto per coprire l&#8217;acquisto.<\/p>\n\n\n\n<!-- Page-list plugin v.5.9 wordpress.org\/plugins\/page-list\/ -->\n<ul class=\"page-list siblings-page-list \">\n<li class=\"page_item page-item-21020\"><a href=\"https:\/\/allin1bitcoins.com\/it\/crypto\/tune-fm\/australia\/\">Come Acquistare Tune.fm (JAM) Con l&#8217;Australia<\/a><\/li>\n<li class=\"page_item page-item-20988\"><a href=\"https:\/\/allin1bitcoins.com\/it\/crypto\/tune-fm\/paypal\/\">Come Acquistare Tune.fm (JAM) Con PayPal<\/a><\/li>\n<li class=\"page_item page-item-20980\"><a href=\"https:\/\/allin1bitcoins.com\/it\/crypto\/tune-fm\/bank-account\/\">Come Acquistare Tune.fm (JAM) Con Un Conto Bancario<\/a><\/li>\n<li class=\"page_item page-item-20997\"><a href=\"https:\/\/allin1bitcoins.com\/it\/crypto\/tune-fm\/debit-card\/\">Come Acquistare Tune.fm (JAM) Con Una Carta Di Debito<\/a><\/li>\n<li class=\"page_item page-item-21042\"><a href=\"https:\/\/allin1bitcoins.com\/it\/crypto\/tune-fm\/canada\/\">Come Acquistare Tune.fm (JAM) In Canada<\/a><\/li>\n<li class=\"page_item page-item-20970\"><a href=\"https:\/\/allin1bitcoins.com\/it\/crypto\/tune-fm\/united-kingdom\/\">Come Acquistare Tune.fm (JAM) In Regno Unito<\/a><\/li>\n<li class=\"page_item page-item-21031\"><a href=\"https:\/\/allin1bitcoins.com\/it\/crypto\/tune-fm\/united-states\/\">Come Acquistare Tune.fm (JAM) Negli Stati Uniti<\/a><\/li>\n\n<\/ul>\n","protected":false},"excerpt":{"rendered":"<p>Per acquistare la moneta Tune.fm con una carta di debito, dovrai seguire questi passaggi: Trova un exchange di criptovalute che ti consenta di acquistare la moneta Tune.fm con una carta di debito. Crea un account con l&#8217;exchange e verifica la tua identit\u00e0. Collega la tua carta di debito al tuo account. Effettua un ordine per&#8230;<\/p>\n","protected":false},"author":3,"featured_media":16508,"parent":20959,"menu_order":0,"comment_status":"closed","ping_status":"closed","template":"","meta":{"cybocfi_hide_featured_image":"","footnotes":""},"acf":[],"yoast_head":"<!-- This site is optimized with the Yoast SEO plugin v21.7 - https:\/\/yoast.com\/wordpress\/plugins\/seo\/ -->\n<title>Come Acquistare Tune.fm (JAM) Con Una Carta Di Debito<\/title>\n<meta name=\"description\" content=\"Acquistare la moneta Tune.fm con una carta di debito \u00e8 un modo conveniente e veloce per acquistare la moneda. Continua a leggere per saperne di pi\u00f9.\" \/>\n<meta name=\"robots\" content=\"index, follow, max-snippet:-1, max-image-preview:large, max-video-preview:-1\" \/>\n<link rel=\"canonical\" href=\"https:\/\/allin1bitcoins.com\/it\/crypto\/tune-fm\/debit-card\/\" \/>\n<meta property=\"og:locale\" content=\"it_IT\" \/>\n<meta property=\"og:type\" content=\"article\" \/>\n<meta property=\"og:title\" content=\"Come Acquistare Tune.fm (JAM) Con Una Carta Di Debito\" \/>\n<meta property=\"og:description\" content=\"Acquistare la moneta Tune.fm con una carta di debito \u00e8 un modo conveniente e veloce per acquistare la moneda. Continua a leggere per saperne di pi\u00f9.\" \/>\n<meta property=\"og:url\" content=\"https:\/\/allin1bitcoins.com\/it\/crypto\/tune-fm\/debit-card\/\" \/>\n<meta property=\"og:site_name\" content=\"Allin1Bitcoins\" \/>\n<meta property=\"article:modified_time\" content=\"2023-02-12T05:38:52+00:00\" \/>\n<meta property=\"og:image\" content=\"https:\/\/allin1bitcoins.com\/wp-content\/uploads\/2023\/01\/adam-nir-wTO6MWpMrJk-unsplash.jpg\" \/>\n\t<meta property=\"og:image:width\" content=\"1920\" \/>\n\t<meta property=\"og:image:height\" content=\"1280\" \/>\n\t<meta property=\"og:image:type\" content=\"image\/jpeg\" \/>\n<meta name=\"twitter:card\" content=\"summary_large_image\" \/>\n<meta name=\"twitter:label1\" content=\"Est. reading time\" \/>\n\t<meta name=\"twitter:data1\" content=\"4 minutes\" \/>\n<!-- \/ Yoast SEO plugin. -->","yoast_head_json":{"title":"Come Acquistare Tune.fm (JAM) Con Una Carta Di Debito","description":"Acquistare la moneta Tune.fm con una carta di debito \u00e8 un modo conveniente e veloce per acquistare la moneda. Continua a leggere per saperne di pi\u00f9.","robots":{"index":"index","follow":"follow","max-snippet":"max-snippet:-1","max-image-preview":"max-image-preview:large","max-video-preview":"max-video-preview:-1"},"canonical":"https:\/\/allin1bitcoins.com\/it\/crypto\/tune-fm\/debit-card\/","og_locale":"it_IT","og_type":"article","og_title":"Come Acquistare Tune.fm (JAM) Con Una Carta Di Debito","og_description":"Acquistare la moneta Tune.fm con una carta di debito \u00e8 un modo conveniente e veloce per acquistare la moneda. Continua a leggere per saperne di pi\u00f9.","og_url":"https:\/\/allin1bitcoins.com\/it\/crypto\/tune-fm\/debit-card\/","og_site_name":"Allin1Bitcoins","article_modified_time":"2023-02-12T05:38:52+00:00","og_image":[{"width":1920,"height":1280,"url":"https:\/\/allin1bitcoins.com\/wp-content\/uploads\/2023\/01\/adam-nir-wTO6MWpMrJk-unsplash.jpg","type":"image\/jpeg"}],"twitter_card":"summary_large_image","twitter_misc":{"Est. reading time":"4 minutes"},"schema":{"@context":"https:\/\/schema.org","@graph":[{"@type":"WebPage","@id":"https:\/\/allin1bitcoins.com\/it\/crypto\/tune-fm\/debit-card\/","url":"https:\/\/allin1bitcoins.com\/it\/crypto\/tune-fm\/debit-card\/","name":"Come Acquistare Tune.fm (JAM) Con Una Carta Di Debito","isPartOf":{"@id":"https:\/\/allin1bitcoins.com\/it\/#website"},"datePublished":"2023-02-12T05:38:48+00:00","dateModified":"2023-02-12T05:38:52+00:00","description":"Acquistare la moneta Tune.fm con una carta di debito \u00e8 un modo conveniente e veloce per acquistare la moneda. Continua a leggere per saperne di pi\u00f9.","breadcrumb":{"@id":"https:\/\/allin1bitcoins.com\/it\/crypto\/tune-fm\/debit-card\/#breadcrumb"},"inLanguage":"it","potentialAction":[{"@type":"ReadAction","target":["https:\/\/allin1bitcoins.com\/it\/crypto\/tune-fm\/debit-card\/"]}]},{"@type":"BreadcrumbList","@id":"https:\/\/allin1bitcoins.com\/it\/crypto\/tune-fm\/debit-card\/#breadcrumb","itemListElement":[{"@type":"ListItem","position":1,"name":"Home","item":"https:\/\/allin1bitcoins.com\/it\/"},{"@type":"ListItem","position":2,"name":"Crypto","item":"https:\/\/allin1bitcoins.com\/it\/crypto\/"},{"@type":"ListItem","position":3,"name":"Come Acquistare Tune.fm (JAM) &#8211; Guida Passo Dopo Passo (2023)","item":"https:\/\/allin1bitcoins.com\/it\/crypto\/tune-fm\/"},{"@type":"ListItem","position":4,"name":"Come Acquistare Tune.fm (JAM) Con Una Carta Di Debito"}]},{"@type":"WebSite","@id":"https:\/\/allin1bitcoins.com\/it\/#website","url":"https:\/\/allin1bitcoins.com\/it\/","name":"Allin1Bitcoins","description":"","publisher":{"@id":"https:\/\/allin1bitcoins.com\/it\/#organization"},"potentialAction":[{"@type":"SearchAction","target":{"@type":"EntryPoint","urlTemplate":"https:\/\/allin1bitcoins.com\/it\/?s={search_term_string}"},"query-input":"required name=search_term_string"}],"inLanguage":"it"},{"@type":"Organization","@id":"https:\/\/allin1bitcoins.com\/it\/#organization","name":"allin1bitcoins","url":"https:\/\/allin1bitcoins.com\/it\/","logo":{"@type":"ImageObject","inLanguage":"it","@id":"https:\/\/allin1bitcoins.com\/it\/#\/schema\/logo\/image\/","url":"https:\/\/allin1bitcoins.com\/wp-content\/uploads\/2019\/01\/logo-new.png","contentUrl":"https:\/\/allin1bitcoins.com\/wp-content\/uploads\/2019\/01\/logo-new.png","width":178,"height":71,"caption":"allin1bitcoins"},"image":{"@id":"https:\/\/allin1bitcoins.com\/it\/#\/schema\/logo\/image\/"}}]}},"_links":{"self":[{"href":"https:\/\/allin1bitcoins.com\/it\/wp-json\/wp\/v2\/pages\/20997"}],"collection":[{"href":"https:\/\/allin1bitcoins.com\/it\/wp-json\/wp\/v2\/pages"}],"about":[{"href":"https:\/\/allin1bitcoins.com\/it\/wp-json\/wp\/v2\/types\/page"}],"author":[{"embeddable":true,"href":"https:\/\/allin1bitcoins.com\/it\/wp-json\/wp\/v2\/users\/3"}],"replies":[{"embeddable":true,"href":"https:\/\/allin1bitcoins.com\/it\/wp-json\/wp\/v2\/comments?post=20997"}],"version-history":[{"count":1,"href":"https:\/\/allin1bitcoins.com\/it\/wp-json\/wp\/v2\/pages\/20997\/revisions"}],"predecessor-version":[{"id":20998,"href":"https:\/\/allin1bitcoins.com\/it\/wp-json\/wp\/v2\/pages\/20997\/revisions\/20998"}],"up":[{"embeddable":true,"href":"https:\/\/allin1bitcoins.com\/it\/wp-json\/wp\/v2\/pages\/20959"}],"wp:featuredmedia":[{"embeddable":true,"href":"https:\/\/allin1bitcoins.com\/it\/wp-json\/wp\/v2\/media\/16508"}],"wp:attachment":[{"href":"https:\/\/allin1bitcoins.com\/it\/wp-json\/wp\/v2\/media?parent=20997"}],"curies":[{"name":"wp","href":"https:\/\/api.w.org\/{rel}","templated":true}]}}