{"id":21031,"date":"2023-02-12T07:17:31","date_gmt":"2023-02-12T07:17:31","guid":{"rendered":"https:\/\/allin1bitcoins.com\/?page_id=21031"},"modified":"2023-02-12T07:17:34","modified_gmt":"2023-02-12T07:17:34","slug":"united-states","status":"publish","type":"page","link":"https:\/\/allin1bitcoins.com\/it\/crypto\/tune-fm\/united-states\/","title":{"rendered":"Come Acquistare Tune.fm (JAM) Negli Stati Uniti"},"content":{"rendered":"\n<h2 class=\"wp-block-heading\">Per acquistare la moneta Tune.fm negli Stati Uniti, \u00e8 necessario seguire i seguenti passi:<\/h2>\n\n\n\n<ul><li>Trovare un exchange di criptovaluta che supporti i consumatori statunitensi e elenchi la moneta Tune.fm. <\/li><li>Iscriviti per un account sull&#8217;exchange, quindi autentica la tua identit\u00e0.<\/li><li>Utilizza una carta di debito o di credito, un bonifico bancario o un altro metodo per aggiungere denaro al tuo account. <\/li><li>Effettua un ordine per acquistare la moneta Tune.fm al prezzo desiderato. <\/li><li>Attendi il completamento dell&#8217;ordine e il credito del tuo account con la tua moneta Tune.fm.<\/li><\/ul>\n\n\n\n<h2 class=\"wp-block-heading\">Panoramica sulla moneta Tune.fm<\/h2>\n\n\n\n<p>Una risorsa digitale chiamata moneta Tune.fm \u00e8 stata sviluppata specificamente per la piattaforma Tune.fm. Gli utenti possono ascoltare e trovare nuove canzoni tramite il servizio di streaming musicale Tune.fm. \u00c8 paragonabile ad altri noti servizi di streaming musicali come Spotify e Apple Music.<br><br>Sul sito web, i pagamenti sono effettuati utilizzando la moneta Tune.fm. Pu\u00f2 essere utilizzato per svolgere varie attivit\u00e0 finanziarie all&#8217;interno dell&#8217;ecosistema di Tune.fm, tra cui pagare le iscrizioni premium e la musica degli artisti. L&#8217;offerta e la domanda della moneta Tune.fm sulle borse di criptovaluta determinano il suo valore.<\/p>\n\n\n\n<h2 class=\"wp-block-heading\">Vantaggi di acquistare la moneta Tune.fm<\/h2>\n\n\n\n<p><strong>I seguenti sono alcuni vantaggi dell&#8217;acquisto della moneta Tune.fm:<\/strong><\/p>\n\n\n\n<ul><li><strong>Utilizzo sulla piattaforma Tune.fm: <\/strong>L&#8217;acquisto della moneta Tune.fm ha diverse funzioni, ma il suo principale vantaggio \u00e8 che pu\u00f2 essere utilizzato per pagare le iscrizioni premium e sostenere gli artisti sulla rete.<br><br><\/li><li><strong>Possibilit\u00e0 di aumento del prezzo:<\/strong> l&#8217;offerta e la domanda di Tune.fm coin sulle borse determina il suo valore, proprio come con le altre criptovalute. Sono possibili aumenti del prezzo se c&#8217;\u00e8 un aumento della domanda per la moneta Tune.fm.<br><br><\/li><li>Costi minimi di tran<strong>sazione: <\/strong>poich\u00e9 le transazioni di criptovaluta spesso non coinvolgono istituzioni finanziarie convenzionali, che possono risparmiare sui costi di elaborazione, le transazioni effettuate utilizzando Tune.fm Coin potrebbero avere commissioni pi\u00f9 economiche rispetto alle transazioni effettuate con altre forme di pagamento.<br><br><\/li><li><strong>Sicurezza:<\/strong> le transazioni che coinvolgono le criptovalute sono protette da meccanismi di crittografia all&#8217;avanguardia, che possono renderle pi\u00f9 sicure rispetto alle opzioni di pagamento tradizionali.<\/li><\/ul>\n\n\n\n<figure class=\"wp-block-embed is-type-video is-provider-youtube wp-block-embed-youtube wp-embed-aspect-16-9 wp-has-aspect-ratio\"><div class=\"wp-block-embed__wrapper\">\n<iframe title=\"Tune Fm - (JAM TOKEN DETAIL)The World\u2019s Leading Tokenized Music Platform\" width=\"800\" height=\"450\" src=\"https:\/\/www.youtube.com\/embed\/6v8eIQKkIrY?feature=oembed\" frameborder=\"0\" allow=\"accelerometer; autoplay; clipboard-write; encrypted-media; gyroscope; picture-in-picture; web-share\" allowfullscreen><\/iframe>\n<\/div><\/figure>\n\n\n\n<h2 class=\"wp-block-heading\">Istruzioni dettagliate su come acquistare la moneta Tune.fm negli Stati Uniti<\/h2>\n\n\n\n<p><strong>Ecco una guida passo-passo su come acquistare la moneta Tune.fm negli Stati Uniti:<\/strong><\/p>\n\n\n\n<ol><li>Trova un exchange di criptovaluta che supporti i consumatori statunitensi e che elenchi la moneta Tune.fm. Gli exchange significativi da considerare includono Kraken, Coinbase e Binance.<br><br><\/li><li>Iscriviti per un account di scambio, quindi autentica la tua identit\u00e0. Prima di poter iniziare a fare trading, la maggior parte degli scambi richieder\u00e0 alcune informazioni personali e documenti di identificazione.<br><br><\/li><li>Usa una carta di debito o di credito, un bonifico bancario o un altro metodo per aggiungere denaro al tuo account. L&#8217;approccio preciso varier\u00e0 a seconda dello scambio e della tua posizione.<br><br><\/li><li>Piazza un ordine per acquistare la moneta Tune.fm al prezzo che desideri. Hai la possibilit\u00e0 di piazzare un ordine a limite, che verr\u00e0 riempito a un certo prezzo o meglio, o un ordine di mercato, che verr\u00e0 riempito al prezzo di mercato attuale.<br><br><\/li><li>Aspetta la consegna del tuo ordine. Pu\u00f2 essere necessario del tempo affinch\u00e9 il prezzo di mercato raggiunga il tuo livello desiderato se imposti un ordine a limite.<br><\/li><li>La tua valuta Tune.fm verr\u00e0 accreditata sul tuo account una volta che il tuo ordine sar\u00e0 stato eseguito.<\/li><\/ol>\n\n\n\n<h2 class=\"wp-block-heading\">Acquistare la valuta Tune.fm negli Stati Uniti \u00e8 tassato<\/h2>\n\n\n\n<p>L&#8217;Internal Revenue Service (IRS) degli Stati Uniti ha pubblicato delle linee guida che affermano che le transazioni di valuta virtuale, come l&#8217;acquisizione di Tune.fm coin, sono legalmente tassabili. Se acquisti Tune.fm coin come investimento e poi lo vendi per un profitto, il profitto sar\u00e0 tassato come plusvalenza. Devi dichiarare il valore di mercato equo dei prodotti o servizi che hai ottenuto come reddito tassabile se utilizzi la valuta Tune.fm per pagarli. Per conoscere le conseguenze fiscali delle tue acquisizioni di Tune.fm coin, \u00e8 fondamentale parlare con un esperto fiscale o con l&#8217;IRS.<\/p>\n\n\n\n<h2 class=\"wp-block-heading\">Conclusione<\/h2>\n\n\n\n<p>In conclusione, acquistare la valuta Tune.fm negli Stati Uniti \u00e8 un processo semplice che prevede la localizzazione di un exchange affidabile che offra la moneta e accetti i clienti statunitensi, l&#8217;apertura di un account, la conferma della tua identit\u00e0, il deposito di denaro e la presentazione di un ordine d&#8217;acquisto. La moneta Tune.fm ha la capacit\u00e0 di apprezzarsi e pu\u00f2 essere utilizzata sulla piattaforma Tune.fm per pagare gli artisti e acquistare abbonamenti premium. Inoltre, rispetto ad altre forme di pagamento, le transazioni effettuate utilizzando la valuta Tune.fm possono essere pi\u00f9 sicure e comportare commissioni pi\u00f9 basse per le transazioni. Dovresti essere consapevole delle conseguenze fiscali delle tue acquisizioni di Tune.fm coin e chiedere consiglio a un esperto fiscale o all&#8217;IRS se necessario.<\/p>\n\n\n\n<!-- Page-list plugin v.5.9 wordpress.org\/plugins\/page-list\/ -->\n<ul class=\"page-list siblings-page-list \">\n<li class=\"page_item page-item-21020\"><a href=\"https:\/\/allin1bitcoins.com\/it\/crypto\/tune-fm\/australia\/\">Come Acquistare Tune.fm (JAM) Con l&#8217;Australia<\/a><\/li>\n<li class=\"page_item page-item-20988\"><a href=\"https:\/\/allin1bitcoins.com\/it\/crypto\/tune-fm\/paypal\/\">Come Acquistare Tune.fm (JAM) Con PayPal<\/a><\/li>\n<li class=\"page_item page-item-20980\"><a href=\"https:\/\/allin1bitcoins.com\/it\/crypto\/tune-fm\/bank-account\/\">Come Acquistare Tune.fm (JAM) Con Un Conto Bancario<\/a><\/li>\n<li class=\"page_item page-item-20997\"><a href=\"https:\/\/allin1bitcoins.com\/it\/crypto\/tune-fm\/debit-card\/\">Come Acquistare Tune.fm (JAM) Con Una Carta Di Debito<\/a><\/li>\n<li class=\"page_item page-item-21042\"><a href=\"https:\/\/allin1bitcoins.com\/it\/crypto\/tune-fm\/canada\/\">Come Acquistare Tune.fm (JAM) In Canada<\/a><\/li>\n<li class=\"page_item page-item-20970\"><a href=\"https:\/\/allin1bitcoins.com\/it\/crypto\/tune-fm\/united-kingdom\/\">Come Acquistare Tune.fm (JAM) In Regno Unito<\/a><\/li>\n<li class=\"page_item page-item-21031\"><a href=\"https:\/\/allin1bitcoins.com\/it\/crypto\/tune-fm\/united-states\/\">Come Acquistare Tune.fm (JAM) Negli Stati Uniti<\/a><\/li>\n\n<\/ul>\n","protected":false},"excerpt":{"rendered":"<p>Per acquistare la moneta Tune.fm negli Stati Uniti, \u00e8 necessario seguire i seguenti passi: Trovare un exchange di criptovaluta che supporti i consumatori statunitensi e elenchi la moneta Tune.fm. Iscriviti per un account sull&#8217;exchange, quindi autentica la tua identit\u00e0. Utilizza una carta di debito o di credito, un bonifico bancario o un altro metodo per&#8230;<\/p>\n","protected":false},"author":3,"featured_media":16552,"parent":20959,"menu_order":0,"comment_status":"closed","ping_status":"closed","template":"","meta":{"cybocfi_hide_featured_image":"","footnotes":""},"acf":[],"yoast_head":"<!-- This site is optimized with the Yoast SEO plugin v21.7 - https:\/\/yoast.com\/wordpress\/plugins\/seo\/ -->\n<title>Come Acquistare Tune.fm (JAM) Negli Stati Uniti<\/title>\n<meta name=\"description\" content=\"Acquistare la moneta Tune.fm negli Stati Uniti \u00e8 un procedimento semplice che implica la localizzazione di un exchange.\" \/>\n<meta name=\"robots\" content=\"index, follow, max-snippet:-1, max-image-preview:large, max-video-preview:-1\" \/>\n<link rel=\"canonical\" href=\"https:\/\/allin1bitcoins.com\/it\/crypto\/tune-fm\/united-states\/\" \/>\n<meta property=\"og:locale\" content=\"it_IT\" \/>\n<meta property=\"og:type\" content=\"article\" \/>\n<meta property=\"og:title\" content=\"Come Acquistare Tune.fm (JAM) Negli Stati Uniti\" \/>\n<meta property=\"og:description\" content=\"Acquistare la moneta Tune.fm negli Stati Uniti \u00e8 un procedimento semplice che implica la localizzazione di un exchange.\" \/>\n<meta property=\"og:url\" content=\"https:\/\/allin1bitcoins.com\/it\/crypto\/tune-fm\/united-states\/\" \/>\n<meta property=\"og:site_name\" content=\"Allin1Bitcoins\" \/>\n<meta property=\"article:modified_time\" content=\"2023-02-12T07:17:34+00:00\" \/>\n<meta property=\"og:image\" content=\"https:\/\/allin1bitcoins.com\/wp-content\/uploads\/2023\/01\/wance-paleri-HPM0CDfNtx0-unsplash.jpg\" \/>\n\t<meta property=\"og:image:width\" content=\"1920\" \/>\n\t<meta property=\"og:image:height\" content=\"1280\" \/>\n\t<meta property=\"og:image:type\" content=\"image\/jpeg\" \/>\n<meta name=\"twitter:card\" content=\"summary_large_image\" \/>\n<meta name=\"twitter:label1\" content=\"Est. reading time\" \/>\n\t<meta name=\"twitter:data1\" content=\"4 minutes\" \/>\n<!-- \/ Yoast SEO plugin. -->","yoast_head_json":{"title":"Come Acquistare Tune.fm (JAM) Negli Stati Uniti","description":"Acquistare la moneta Tune.fm negli Stati Uniti \u00e8 un procedimento semplice che implica la localizzazione di un exchange.","robots":{"index":"index","follow":"follow","max-snippet":"max-snippet:-1","max-image-preview":"max-image-preview:large","max-video-preview":"max-video-preview:-1"},"canonical":"https:\/\/allin1bitcoins.com\/it\/crypto\/tune-fm\/united-states\/","og_locale":"it_IT","og_type":"article","og_title":"Come Acquistare Tune.fm (JAM) Negli Stati Uniti","og_description":"Acquistare la moneta Tune.fm negli Stati Uniti \u00e8 un procedimento semplice che implica la localizzazione di un exchange.","og_url":"https:\/\/allin1bitcoins.com\/it\/crypto\/tune-fm\/united-states\/","og_site_name":"Allin1Bitcoins","article_modified_time":"2023-02-12T07:17:34+00:00","og_image":[{"width":1920,"height":1280,"url":"https:\/\/allin1bitcoins.com\/wp-content\/uploads\/2023\/01\/wance-paleri-HPM0CDfNtx0-unsplash.jpg","type":"image\/jpeg"}],"twitter_card":"summary_large_image","twitter_misc":{"Est. reading time":"4 minutes"},"schema":{"@context":"https:\/\/schema.org","@graph":[{"@type":"WebPage","@id":"https:\/\/allin1bitcoins.com\/it\/crypto\/tune-fm\/united-states\/","url":"https:\/\/allin1bitcoins.com\/it\/crypto\/tune-fm\/united-states\/","name":"Come Acquistare Tune.fm (JAM) Negli Stati Uniti","isPartOf":{"@id":"https:\/\/allin1bitcoins.com\/it\/#website"},"datePublished":"2023-02-12T07:17:31+00:00","dateModified":"2023-02-12T07:17:34+00:00","description":"Acquistare la moneta Tune.fm negli Stati Uniti \u00e8 un procedimento semplice che implica la localizzazione di un exchange.","breadcrumb":{"@id":"https:\/\/allin1bitcoins.com\/it\/crypto\/tune-fm\/united-states\/#breadcrumb"},"inLanguage":"it","potentialAction":[{"@type":"ReadAction","target":["https:\/\/allin1bitcoins.com\/it\/crypto\/tune-fm\/united-states\/"]}]},{"@type":"BreadcrumbList","@id":"https:\/\/allin1bitcoins.com\/it\/crypto\/tune-fm\/united-states\/#breadcrumb","itemListElement":[{"@type":"ListItem","position":1,"name":"Home","item":"https:\/\/allin1bitcoins.com\/it\/"},{"@type":"ListItem","position":2,"name":"Crypto","item":"https:\/\/allin1bitcoins.com\/it\/crypto\/"},{"@type":"ListItem","position":3,"name":"Come Acquistare Tune.fm (JAM) &#8211; Guida Passo Dopo Passo (2023)","item":"https:\/\/allin1bitcoins.com\/it\/crypto\/tune-fm\/"},{"@type":"ListItem","position":4,"name":"Come Acquistare Tune.fm (JAM) Negli Stati Uniti"}]},{"@type":"WebSite","@id":"https:\/\/allin1bitcoins.com\/it\/#website","url":"https:\/\/allin1bitcoins.com\/it\/","name":"Allin1Bitcoins","description":"","publisher":{"@id":"https:\/\/allin1bitcoins.com\/it\/#organization"},"potentialAction":[{"@type":"SearchAction","target":{"@type":"EntryPoint","urlTemplate":"https:\/\/allin1bitcoins.com\/it\/?s={search_term_string}"},"query-input":"required name=search_term_string"}],"inLanguage":"it"},{"@type":"Organization","@id":"https:\/\/allin1bitcoins.com\/it\/#organization","name":"allin1bitcoins","url":"https:\/\/allin1bitcoins.com\/it\/","logo":{"@type":"ImageObject","inLanguage":"it","@id":"https:\/\/allin1bitcoins.com\/it\/#\/schema\/logo\/image\/","url":"https:\/\/allin1bitcoins.com\/wp-content\/uploads\/2019\/01\/logo-new.png","contentUrl":"https:\/\/allin1bitcoins.com\/wp-content\/uploads\/2019\/01\/logo-new.png","width":178,"height":71,"caption":"allin1bitcoins"},"image":{"@id":"https:\/\/allin1bitcoins.com\/it\/#\/schema\/logo\/image\/"}}]}},"_links":{"self":[{"href":"https:\/\/allin1bitcoins.com\/it\/wp-json\/wp\/v2\/pages\/21031"}],"collection":[{"href":"https:\/\/allin1bitcoins.com\/it\/wp-json\/wp\/v2\/pages"}],"about":[{"href":"https:\/\/allin1bitcoins.com\/it\/wp-json\/wp\/v2\/types\/page"}],"author":[{"embeddable":true,"href":"https:\/\/allin1bitcoins.com\/it\/wp-json\/wp\/v2\/users\/3"}],"replies":[{"embeddable":true,"href":"https:\/\/allin1bitcoins.com\/it\/wp-json\/wp\/v2\/comments?post=21031"}],"version-history":[{"count":1,"href":"https:\/\/allin1bitcoins.com\/it\/wp-json\/wp\/v2\/pages\/21031\/revisions"}],"predecessor-version":[{"id":21032,"href":"https:\/\/allin1bitcoins.com\/it\/wp-json\/wp\/v2\/pages\/21031\/revisions\/21032"}],"up":[{"embeddable":true,"href":"https:\/\/allin1bitcoins.com\/it\/wp-json\/wp\/v2\/pages\/20959"}],"wp:featuredmedia":[{"embeddable":true,"href":"https:\/\/allin1bitcoins.com\/it\/wp-json\/wp\/v2\/media\/16552"}],"wp:attachment":[{"href":"https:\/\/allin1bitcoins.com\/it\/wp-json\/wp\/v2\/media?parent=21031"}],"curies":[{"name":"wp","href":"https:\/\/api.w.org\/{rel}","templated":true}]}}