{"id":21168,"date":"2023-02-13T15:37:50","date_gmt":"2023-02-13T15:37:50","guid":{"rendered":"https:\/\/allin1bitcoins.com\/?page_id=21168"},"modified":"2023-02-13T15:37:55","modified_gmt":"2023-02-13T15:37:55","slug":"zedxion","status":"publish","type":"page","link":"https:\/\/allin1bitcoins.com\/it\/crypto\/zedxion\/","title":{"rendered":"Come Acquistare Zedxion (ZEDXION) \u2013 Guida dettagliata (2023)"},"content":{"rendered":"\n<h2 class=\"wp-block-heading\">Acquistare la moneta Zedxion: una breve guida<\/h2>\n\n\n\n<ul><li>Il primo passo per acquistare la moneta Zedxion \u00e8 trovare un exchange di criptovalute che tratta la moneta Zedxion.<\/li><li>La moneta Zedxion potrebbe essere disponibile su alcuni exchange ben noti come Binance, Coinbase e Kraken.<\/li><li>Una volta che hai trovato un exchange che tratta la moneta Zedxion, devi registrarti per un account e passare attraverso i passi di verifica necessari.<\/li><li>Una volta creato il tuo account, puoi aggiungere denaro e utilizzarlo per acquistare la moneta Zedxion.<\/li><\/ul>\n\n\n\n<h2 class=\"wp-block-heading\">Introduzione alla moneta Zedxion<\/h2>\n\n\n\n<p>Un asset digitale chiamato moneta Zedxion \u00e8 stato creato per essere utilizzato online come mezzo di scambio. \u00c8 basato sulla tecnologia blockchain, un registro distribuito che \u00e8 decentralizzato e registra tutte le transazioni su una rete di computer.<br>La moneta Zedxion non ha alcuna connessione diretta con alcun asset effettivo e non \u00e8 emessa o supportata da alcun governo o organizzazione finanziaria. Piuttosto, \u00e8 supportata dalla sicurezza e dalla affidabilit\u00e0 della blockchain.<\/p>\n\n\n\n<h2 class=\"wp-block-heading\">Panoramica del procedimento di acquisto Zedxion<\/h2>\n\n\n\n<p>Il procedimento per acquistare Zedxion \u00e8 lo stesso di qualsiasi altra criptovaluta. Trova un exchange di criptovalute affidabile che offre la moneta Zedxion come primo passo. La moneta Zedxion potrebbe essere disponibile su alcuni exchange ben noti come Binance, Coinbase e Kraken.<\/p>\n\n\n\n<p>Una volta che hai trovato un exchange che tratta la moneta Zedxion, devi registrarti per un account e passare attraverso i passi di verifica necessari. Dare informazioni personali e una forma di identificazione, come un passaporto o un documento d&#8217;identit\u00e0 rilasciato dal governo, sono di solito richiesti.<\/p>\n\n\n\n<p>Devi mettere dei soldi sul tuo account quando \u00e8 stato convalidato. Di solito, puoi farlo effettuando un trasferimento di conto bancario o utilizzando una carta di debito o di credito. Puoi acquistare la moneta Zedxion utilizzando i soldi che hai depositato.<\/p>\n\n\n\n<h2 class=\"wp-block-heading\">Come Acquistare Zedxion<\/h2>\n\n\n\n<ol><li>Individua una piattaforma di criptovalute affidabile che vende la moneta Zedxion. La moneta Zedxion potrebbe essere disponibile su alcune piattaforme conosciute come Binance, Coinbase e Kraken.<br><br><\/li><li>Crea un account sulla piattaforma e completa i necessari passi di verifica. Solitamente sono richieste informazioni personali e una forma di identificazione, come un passaporto o un documento di identit\u00e0 rilasciato dal governo.<br><br><br><\/li><li>Aggiungi denaro al tuo account. Di solito puoi farlo effettuando un bonifico bancario o utilizzando una carta di debito o di credito.<br><br><\/li><li>Individua il mercato della moneta Zedxion sulla piattaforma, quindi invia un ordine di acquisto. Devi essere specifico sulla quantit\u00e0 di moneta Zedxion che vuoi acquistare e su quanto sei disposto a spendere.<br><br><\/li><li>Aspetta l&#8217;esecuzione del tuo ordine. A seconda della liquidit\u00e0 del mercato e della domanda di moneta Zedxion, ci\u00f2 potrebbe richiedere poco tempo o molto pi\u00f9 tempo.<br><br><\/li><li>Una volta che il tuo ordine \u00e8 stato eseguito, la tua moneta Zedxion verr\u00e0 aggiunta al tuo account sulla piattaforma. Puoi quindi prelevare la moneta Zedxion su un portafoglio che controlli, come un hardware wallet o un software wallet.<\/li><\/ol>\n\n\n\n<figure class=\"wp-block-embed is-type-video is-provider-youtube wp-block-embed-youtube wp-embed-aspect-16-9 wp-has-aspect-ratio\"><div class=\"wp-block-embed__wrapper\">\n<iframe title=\"Is ZEDXION a Scam? Checking Crypto Exchange for Fraud\" width=\"800\" height=\"450\" src=\"https:\/\/www.youtube.com\/embed\/VFA9Hffj44k?feature=oembed\" frameborder=\"0\" allow=\"accelerometer; autoplay; clipboard-write; encrypted-media; gyroscope; picture-in-picture; web-share\" allowfullscreen><\/iframe>\n<\/div><\/figure>\n\n\n\n<h2 class=\"wp-block-heading\">I vantaggi dell&#8217;acquisto di Zedxion<\/h2>\n\n\n\n<p><strong>Ci sono diversi vantaggi nell&#8217;acquistare la moneta Zedxion:<\/strong><\/p>\n\n\n\n<ul><li><strong>Decentralizzazione: <\/strong>la moneta Zedxion \u00e8 basata sulla tecnologia blockchain, che \u00e8 un registro distribuito e decentralizzato. Ci\u00f2 significa che non \u00e8 controllato da un&#8217;unica entit\u00e0, come un governo o un&#8217;istituzione finanziaria.<br><br><\/li><li><strong>Sicurezza:<\/strong> la blockchain \u00e8 protetta da crittografia, che la rende resistente a frodi e manomissioni. Ci\u00f2 rende la moneta Zedxion un modo sicuro per archiviare e trasferire valore.<br><br><\/li><li><strong>Basso costo:<\/strong> poich\u00e9 la moneta Zedxion \u00e8 basata sulla tecnologia blockchain, consente transazioni rapide e a basso costo senza la necessit\u00e0 di intermediari. Ci\u00f2 pu\u00f2 renderla un&#8217;opzione pi\u00f9 accessibile per l&#8217;invio e la ricezione di pagamenti rispetto ai metodi di pagamento tradizionali, che spesso hanno costi pi\u00f9 elevati.<br><br><\/li><li><strong>Potenziale di crescita: <\/strong>il valore della moneta Zedxion, come qualsiasi altra criptovaluta, \u00e8 soggetto a fluttuazioni. Alcuni investitori vedono questo come un&#8217;opportunit\u00e0 per potenzialmente guadagnare un profitto acquistando a prezzi bassi e vendendo a prezzi elevati. Tuttavia, \u00e8 importante notare che il valore di qualsiasi criptovaluta, compresa la moneta Zedxion, pu\u00f2 anche scendere cos\u00ec come salire e non ci sono garanzie di profitti.<\/li><\/ul>\n\n\n\n<h2 class=\"wp-block-heading\">Conclusione<\/h2>\n\n\n\n<p>L&#8217;acquisto di moneta Zedxion \u00e8 un processo relativamente semplice, ma \u00e8 importante fare la propria due diligence e ricercare con attenzione la borsa e il portafoglio che si utilizzeranno. \u00c8 inoltre importante essere consapevoli dei rischi associati all&#8217;investimento in qualsiasi criptovaluta, compreso il potenziale di perdita di fondi. Con le giuste precauzioni, tuttavia, l&#8217;acquisto di moneta Zedxion pu\u00f2 essere un modo conveniente e potenzialmente redditizio per investire in criptovaluta.<\/p>\n\n\n\n<!-- Page-list plugin v.5.9 wordpress.org\/plugins\/page-list\/ -->\n<ul class=\"page-list subpages-page-list \">\n<li class=\"page_item page-item-21195\"><a href=\"https:\/\/allin1bitcoins.com\/it\/crypto\/zedxion\/apple-pay\/\">Come Acquistare Zedxion (ZEDXION) Con Apple Pay<\/a><\/li>\n<li class=\"page_item page-item-21219\"><a href=\"https:\/\/allin1bitcoins.com\/it\/crypto\/zedxion\/crypto-anonymously\/\">Come Acquistare Zedxion (ZEDXION) Con Criptovaluta In Modo Anonimo<\/a><\/li>\n<li class=\"page_item page-item-21236\"><a href=\"https:\/\/allin1bitcoins.com\/it\/crypto\/zedxion\/google-pay\/\">Come Acquistare Zedxion (ZEDXION) Con Google Pay<\/a><\/li>\n<li class=\"page_item page-item-21178\"><a href=\"https:\/\/allin1bitcoins.com\/it\/crypto\/zedxion\/credit-card\/\">Come Acquistare Zedxion (ZEDXION) Con Una Carta Di Credito<\/a><\/li>\n<li class=\"page_item page-item-21210\"><a href=\"https:\/\/allin1bitcoins.com\/it\/crypto\/zedxion\/france\/\">Come Acquistare Zedxion (ZEDXION) In Francia<\/a><\/li>\n<li class=\"page_item page-item-21247\"><a href=\"https:\/\/allin1bitcoins.com\/it\/crypto\/zedxion\/norway\/\">Come Acquistare Zedxion (ZEDXION) In Norvegia<\/a><\/li>\n<li class=\"page_item page-item-21256\"><a href=\"https:\/\/allin1bitcoins.com\/it\/crypto\/zedxion\/turkey\/\">Come Acquistare Zedxion (ZEDXION) In Turchia<\/a><\/li>\n\n<\/ul>\n","protected":false},"excerpt":{"rendered":"<p>Acquistare la moneta Zedxion: una breve guida Il primo passo per acquistare la moneta Zedxion \u00e8 trovare un exchange di criptovalute che tratta la moneta Zedxion. La moneta Zedxion potrebbe essere disponibile su alcuni exchange ben noti come Binance, Coinbase e Kraken. Una volta che hai trovato un exchange che tratta la moneta Zedxion, devi&#8230;<\/p>\n","protected":false},"author":3,"featured_media":14521,"parent":19844,"menu_order":0,"comment_status":"closed","ping_status":"closed","template":"","meta":{"cybocfi_hide_featured_image":"","footnotes":""},"acf":[],"yoast_head":"<!-- This site is optimized with the Yoast SEO plugin v21.7 - https:\/\/yoast.com\/wordpress\/plugins\/seo\/ -->\n<title>Come Acquistare Zedxion (ZEDXION) \u2013 Guida dettagliata<\/title>\n<meta name=\"description\" content=\"Il primo passo nell&#039;acquisto della moneta Zedxion \u00e8 trovare un exchange di criptovalute che tratti la moneta Zedxion.\" \/>\n<meta name=\"robots\" content=\"index, follow, max-snippet:-1, max-image-preview:large, max-video-preview:-1\" \/>\n<link rel=\"canonical\" href=\"https:\/\/allin1bitcoins.com\/it\/crypto\/zedxion\/\" \/>\n<meta property=\"og:locale\" content=\"it_IT\" \/>\n<meta property=\"og:type\" content=\"article\" \/>\n<meta property=\"og:title\" content=\"Come Acquistare Zedxion (ZEDXION) \u2013 Guida dettagliata\" \/>\n<meta property=\"og:description\" content=\"Il primo passo nell&#039;acquisto della moneta Zedxion \u00e8 trovare un exchange di criptovalute che tratti la moneta Zedxion.\" \/>\n<meta property=\"og:url\" content=\"https:\/\/allin1bitcoins.com\/it\/crypto\/zedxion\/\" \/>\n<meta property=\"og:site_name\" content=\"Allin1Bitcoins\" \/>\n<meta property=\"article:modified_time\" content=\"2023-02-13T15:37:55+00:00\" \/>\n<meta property=\"og:image\" content=\"https:\/\/allin1bitcoins.com\/wp-content\/uploads\/2023\/01\/pexels-karolina-grabowska-5239804.jpg\" \/>\n\t<meta property=\"og:image:width\" content=\"640\" \/>\n\t<meta property=\"og:image:height\" content=\"960\" \/>\n\t<meta property=\"og:image:type\" content=\"image\/jpeg\" \/>\n<meta name=\"twitter:card\" content=\"summary_large_image\" \/>\n<meta name=\"twitter:label1\" content=\"Est. reading time\" \/>\n\t<meta name=\"twitter:data1\" content=\"4 minutes\" \/>\n<!-- \/ Yoast SEO plugin. -->","yoast_head_json":{"title":"Come Acquistare Zedxion (ZEDXION) \u2013 Guida dettagliata","description":"Il primo passo nell'acquisto della moneta Zedxion \u00e8 trovare un exchange di criptovalute che tratti la moneta Zedxion.","robots":{"index":"index","follow":"follow","max-snippet":"max-snippet:-1","max-image-preview":"max-image-preview:large","max-video-preview":"max-video-preview:-1"},"canonical":"https:\/\/allin1bitcoins.com\/it\/crypto\/zedxion\/","og_locale":"it_IT","og_type":"article","og_title":"Come Acquistare Zedxion (ZEDXION) \u2013 Guida dettagliata","og_description":"Il primo passo nell'acquisto della moneta Zedxion \u00e8 trovare un exchange di criptovalute che tratti la moneta Zedxion.","og_url":"https:\/\/allin1bitcoins.com\/it\/crypto\/zedxion\/","og_site_name":"Allin1Bitcoins","article_modified_time":"2023-02-13T15:37:55+00:00","og_image":[{"width":640,"height":960,"url":"https:\/\/allin1bitcoins.com\/wp-content\/uploads\/2023\/01\/pexels-karolina-grabowska-5239804.jpg","type":"image\/jpeg"}],"twitter_card":"summary_large_image","twitter_misc":{"Est. reading time":"4 minutes"},"schema":{"@context":"https:\/\/schema.org","@graph":[{"@type":"WebPage","@id":"https:\/\/allin1bitcoins.com\/it\/crypto\/zedxion\/","url":"https:\/\/allin1bitcoins.com\/it\/crypto\/zedxion\/","name":"Come Acquistare Zedxion (ZEDXION) \u2013 Guida dettagliata","isPartOf":{"@id":"https:\/\/allin1bitcoins.com\/it\/#website"},"datePublished":"2023-02-13T15:37:50+00:00","dateModified":"2023-02-13T15:37:55+00:00","description":"Il primo passo nell'acquisto della moneta Zedxion \u00e8 trovare un exchange di criptovalute che tratti la moneta Zedxion.","breadcrumb":{"@id":"https:\/\/allin1bitcoins.com\/it\/crypto\/zedxion\/#breadcrumb"},"inLanguage":"it","potentialAction":[{"@type":"ReadAction","target":["https:\/\/allin1bitcoins.com\/it\/crypto\/zedxion\/"]}]},{"@type":"BreadcrumbList","@id":"https:\/\/allin1bitcoins.com\/it\/crypto\/zedxion\/#breadcrumb","itemListElement":[{"@type":"ListItem","position":1,"name":"Home","item":"https:\/\/allin1bitcoins.com\/it\/"},{"@type":"ListItem","position":2,"name":"Crypto","item":"https:\/\/allin1bitcoins.com\/it\/crypto\/"},{"@type":"ListItem","position":3,"name":"Come Acquistare Zedxion (ZEDXION) \u2013 Guida dettagliata (2023)"}]},{"@type":"WebSite","@id":"https:\/\/allin1bitcoins.com\/it\/#website","url":"https:\/\/allin1bitcoins.com\/it\/","name":"Allin1Bitcoins","description":"","publisher":{"@id":"https:\/\/allin1bitcoins.com\/it\/#organization"},"potentialAction":[{"@type":"SearchAction","target":{"@type":"EntryPoint","urlTemplate":"https:\/\/allin1bitcoins.com\/it\/?s={search_term_string}"},"query-input":"required name=search_term_string"}],"inLanguage":"it"},{"@type":"Organization","@id":"https:\/\/allin1bitcoins.com\/it\/#organization","name":"allin1bitcoins","url":"https:\/\/allin1bitcoins.com\/it\/","logo":{"@type":"ImageObject","inLanguage":"it","@id":"https:\/\/allin1bitcoins.com\/it\/#\/schema\/logo\/image\/","url":"https:\/\/allin1bitcoins.com\/wp-content\/uploads\/2019\/01\/logo-new.png","contentUrl":"https:\/\/allin1bitcoins.com\/wp-content\/uploads\/2019\/01\/logo-new.png","width":178,"height":71,"caption":"allin1bitcoins"},"image":{"@id":"https:\/\/allin1bitcoins.com\/it\/#\/schema\/logo\/image\/"}}]}},"_links":{"self":[{"href":"https:\/\/allin1bitcoins.com\/it\/wp-json\/wp\/v2\/pages\/21168"}],"collection":[{"href":"https:\/\/allin1bitcoins.com\/it\/wp-json\/wp\/v2\/pages"}],"about":[{"href":"https:\/\/allin1bitcoins.com\/it\/wp-json\/wp\/v2\/types\/page"}],"author":[{"embeddable":true,"href":"https:\/\/allin1bitcoins.com\/it\/wp-json\/wp\/v2\/users\/3"}],"replies":[{"embeddable":true,"href":"https:\/\/allin1bitcoins.com\/it\/wp-json\/wp\/v2\/comments?post=21168"}],"version-history":[{"count":1,"href":"https:\/\/allin1bitcoins.com\/it\/wp-json\/wp\/v2\/pages\/21168\/revisions"}],"predecessor-version":[{"id":21169,"href":"https:\/\/allin1bitcoins.com\/it\/wp-json\/wp\/v2\/pages\/21168\/revisions\/21169"}],"up":[{"embeddable":true,"href":"https:\/\/allin1bitcoins.com\/it\/wp-json\/wp\/v2\/pages\/19844"}],"wp:featuredmedia":[{"embeddable":true,"href":"https:\/\/allin1bitcoins.com\/it\/wp-json\/wp\/v2\/media\/14521"}],"wp:attachment":[{"href":"https:\/\/allin1bitcoins.com\/it\/wp-json\/wp\/v2\/media?parent=21168"}],"curies":[{"name":"wp","href":"https:\/\/api.w.org\/{rel}","templated":true}]}}