{"id":21178,"date":"2023-02-13T16:55:36","date_gmt":"2023-02-13T16:55:36","guid":{"rendered":"https:\/\/allin1bitcoins.com\/?page_id=21178"},"modified":"2023-02-13T16:55:39","modified_gmt":"2023-02-13T16:55:39","slug":"credit-card","status":"publish","type":"page","link":"https:\/\/allin1bitcoins.com\/it\/crypto\/zedxion\/credit-card\/","title":{"rendered":"Come Acquistare Zedxion (ZEDXION) Con Una Carta Di Credito"},"content":{"rendered":"\n<p><strong>Per acquistare la moneta Zedxion utilizzando una carta di credito, \u00e8 necessario eseguire le seguenti azioni:<\/strong><\/p>\n\n\n\n<ul><li>Cercare un exchange di criptovalute che supporti la moneta Zedxion e accetti pagamenti con carta di credito.<\/li><li>Creare un profilo sull&#8217;exchange.<\/li><li>Verificare la propria identit\u00e0 se necessario.<\/li><li>Collegare il proprio account e la carta di credito.<\/li><li>Effettuando un ordine sull&#8217;exchange, \u00e8 possibile acquistare la valuta Zedxion utilizzando una carta di credito.<\/li><\/ul>\n\n\n\n<h2 class=\"wp-block-heading\">Riepilogo della moneta Zedxion<\/h2>\n\n\n\n<p>Una risorsa digitale chiamata moneta Zedxion \u00e8 destinata ad essere utilizzata su una piattaforma decentralizzata come mezzo di scambio. Non \u00e8 governato da un unico organo centrale e utilizza una rete blockchain veloce e sicura per consentire le transazioni. Molte persone utilizzano la moneta Zedxion come alternativa al denaro fiat e possono acquistarla e vendere sulle borse di criptovaluta.<\/p>\n\n\n\n<h2 class=\"wp-block-heading\">Perch\u00e9 vuoi usare una carta di credito per acquistare la moneta Zedxion<\/h2>\n\n\n\n<p><strong>Potresti voler usare una carta di credito per acquistare la moneta Zedxion per diversi motivi:<\/strong><\/p>\n\n\n\n<ul><li><strong>Comodit\u00e0: <\/strong>Poich\u00e9 eviti di dover passare attraverso il processo di trasferimento di denaro dal tuo conto bancario, usare una carta di credito per acquistare la moneta Zedxion \u00e8 conveniente.<br><br><\/li><li><strong>Velocit\u00e0:<\/strong> i trasferimenti bancari richiedono in genere pi\u00f9 tempo per essere elaborati rispetto alle transazioni con carta di credito, quindi puoi ottenere la tua moneta Zedxion pi\u00f9 rapidamente.<br><br><\/li><li><strong>Ricompensa:<\/strong> alcune carte di credito ti offrono un rimborso o punti premio per ogni acquisto che effettui. Potresti essere in grado di ottenere beneficonti acquistando la valuta Zedxion con una carta di credito.<\/li><\/ul>\n\n\n\n<h2 class=\"wp-block-heading\">Come acquistare la moneta Zedxion con una carta di credito: Guida passo passo<\/h2>\n\n\n\n<ol><li>Individua una borsa di criptovaluta che supporta la moneta Zedxion e accetti i pagamenti con carta di credito.  Trovare una borsa di criptovaluta che offra la moneta Zedxion e accetti i pagamenti con carta di credito \u00e8 la prima cosa che devi fare. Non dovresti avere problemi a trovarne una perch\u00e9 ce ne sono diverse che forniscono questo servizio.<br><br><\/li><li>Crea un account utente sulla borsa. Dopo aver determinato che soddisfa le tue esigenze, devi registrarti per un account con la borsa. In genere, questa procedura comporta la fornitura di alcune informazioni personali e la creazione di un nome utente e una password.<br><br><\/li><li>Verifica la tua identit\u00e0, se necessario. Prima di poter iniziare a comprare e vendere monete Zedxion, alcune borse potrebbero chiederti di dimostrare la tua identit\u00e0. Un passaporto o una patente di guida sono esempi comuni di documenti di identificazione rilasciati dal governo che possono essere utilizzati per questo scopo.<br><br><\/li><li>La tua carta di credito dovrebbe essere associata al tuo account. Dopo aver confermato la tua identit\u00e0, devi associare la tua carta di credito al tuo account. Il sito web o l&#8217;app mobile della borsa vengono in genere utilizzati per questo. Devono essere forniti i dettagli del tuo metodo di pagamento, incluso il numero della carta, la data di scadenza e il codice CVV.<br><br><\/li><li>Puoi acquistare la moneta Zedxion utilizzando la tua carta di credito piazzando un ordine sulla borsa. Una volta associata la tua carta di credito al tuo account, puoi acquistare la valuta Zedxion piazzando un ordine sulla borsa. Dovrai farlo specificando quanto Zedxion vuoi acquistare e il tuo intervallo di prezzo. La borsa completer\u00e0 la transazione abbinando il tuo ordine con un venditore.<\/li><\/ol>\n\n\n\n<figure class=\"wp-block-embed is-type-video is-provider-youtube wp-block-embed-youtube wp-embed-aspect-16-9 wp-has-aspect-ratio\"><div class=\"wp-block-embed__wrapper\">\n<iframe title=\"ZEDXION EXCHANGE\" width=\"800\" height=\"450\" src=\"https:\/\/www.youtube.com\/embed\/b4_bGB--ekw?feature=oembed\" frameborder=\"0\" allow=\"accelerometer; autoplay; clipboard-write; encrypted-media; gyroscope; picture-in-picture; web-share\" allowfullscreen><\/iframe>\n<\/div><\/figure>\n\n\n\n<h2 class=\"wp-block-heading\">Svantaggi dell&#8217;utilizzo di una carta di credito per acquistare Zedxion Coin<\/h2>\n\n\n\n<p><strong>\u00c8 importante essere a conoscenza dei seguenti svantaggi nell&#8217;acquisto di valuta Zedxion con una carta di credito:<\/strong><\/p>\n\n\n\n<p>Rispetto ai trasferimenti bancari, alcuni exchange addebitano commissioni maggiori per le transazioni con carta di credito. Ci\u00f2 significa che se si utilizza una carta di credito per acquistare Zedxion coin, si potrebbe finire per spendere di pi\u00f9.<\/p>\n\n\n\n<p>Se non si paga l&#8217;intero saldo sulla carta di credito ogni mese, verr\u00e0 aggiunto interesse alla transazione. Se si decide di utilizzare una carta di credito, \u00e8 fondamentale essere a conoscenza di questo, poich\u00e9 potrebbe aumentare significativamente il prezzo di Zedxion coin.<\/p>\n\n\n\n<p>Utilizzando una carta di credito per effettuare transazioni online, c&#8217;\u00e8 una possibilit\u00e0 di frode. L&#8217;utilizzo di una carta di credito con robuste funzionalit\u00e0 di prevenzione delle frodi, come una con sistema chip e pin, pu\u00f2 ridurre questo rischio.<\/p>\n\n\n\n<h2 class=\"wp-block-heading\">Conclusione<\/h2>\n\n\n\n<p>In conclusione, utilizzare una carta di credito per acquisire Zedxion coin \u00e8 un modo semplice e veloce per ottenere l&#8217;asset digitale. Prima di utilizzare una carta di credito a questo scopo, \u00e8 fondamentale considerare le possibili commissioni e tassi di interesse nonch\u00e9 il rischio di frode. Scegli un exchange affidabile e proteggi i dettagli della tua carta di credito se decidi di utilizzare una carta di credito per acquistare Zedxion coin per ridurre la probabilit\u00e0 di problemi.<\/p>\n\n\n\n<!-- Page-list plugin v.5.9 wordpress.org\/plugins\/page-list\/ -->\n<ul class=\"page-list siblings-page-list \">\n<li class=\"page_item page-item-21195\"><a href=\"https:\/\/allin1bitcoins.com\/it\/crypto\/zedxion\/apple-pay\/\">Come Acquistare Zedxion (ZEDXION) Con Apple Pay<\/a><\/li>\n<li class=\"page_item page-item-21219\"><a href=\"https:\/\/allin1bitcoins.com\/it\/crypto\/zedxion\/crypto-anonymously\/\">Come Acquistare Zedxion (ZEDXION) Con Criptovaluta In Modo Anonimo<\/a><\/li>\n<li class=\"page_item page-item-21236\"><a href=\"https:\/\/allin1bitcoins.com\/it\/crypto\/zedxion\/google-pay\/\">Come Acquistare Zedxion (ZEDXION) Con Google Pay<\/a><\/li>\n<li class=\"page_item page-item-21178\"><a href=\"https:\/\/allin1bitcoins.com\/it\/crypto\/zedxion\/credit-card\/\">Come Acquistare Zedxion (ZEDXION) Con Una Carta Di Credito<\/a><\/li>\n<li class=\"page_item page-item-21210\"><a href=\"https:\/\/allin1bitcoins.com\/it\/crypto\/zedxion\/france\/\">Come Acquistare Zedxion (ZEDXION) In Francia<\/a><\/li>\n<li class=\"page_item page-item-21247\"><a href=\"https:\/\/allin1bitcoins.com\/it\/crypto\/zedxion\/norway\/\">Come Acquistare Zedxion (ZEDXION) In Norvegia<\/a><\/li>\n<li class=\"page_item page-item-21256\"><a href=\"https:\/\/allin1bitcoins.com\/it\/crypto\/zedxion\/turkey\/\">Come Acquistare Zedxion (ZEDXION) In Turchia<\/a><\/li>\n\n<\/ul>\n","protected":false},"excerpt":{"rendered":"<p>Per acquistare la moneta Zedxion utilizzando una carta di credito, \u00e8 necessario eseguire le seguenti azioni: Cercare un exchange di criptovalute che supporti la moneta Zedxion e accetti pagamenti con carta di credito. Creare un profilo sull&#8217;exchange. Verificare la propria identit\u00e0 se necessario. Collegare il proprio account e la carta di credito. Effettuando un ordine&#8230;<\/p>\n","protected":false},"author":3,"featured_media":14533,"parent":21168,"menu_order":0,"comment_status":"closed","ping_status":"closed","template":"","meta":{"cybocfi_hide_featured_image":"","footnotes":""},"acf":[],"yoast_head":"<!-- This site is optimized with the Yoast SEO plugin v21.7 - https:\/\/yoast.com\/wordpress\/plugins\/seo\/ -->\n<title>Come Acquistare Zedxion (ZEDXION) Con Una Carta Di Credito<\/title>\n<meta name=\"description\" content=\"\u00c8 necessario effettuare le seguenti azioni per acquistare la moneta Zedxion utilizzando una carta di credito.\" \/>\n<meta name=\"robots\" content=\"index, follow, max-snippet:-1, max-image-preview:large, max-video-preview:-1\" \/>\n<link rel=\"canonical\" href=\"https:\/\/allin1bitcoins.com\/it\/crypto\/zedxion\/credit-card\/\" \/>\n<meta property=\"og:locale\" content=\"it_IT\" \/>\n<meta property=\"og:type\" content=\"article\" \/>\n<meta property=\"og:title\" content=\"Come Acquistare Zedxion (ZEDXION) Con Una Carta Di Credito\" \/>\n<meta property=\"og:description\" content=\"\u00c8 necessario effettuare le seguenti azioni per acquistare la moneta Zedxion utilizzando una carta di credito.\" \/>\n<meta property=\"og:url\" content=\"https:\/\/allin1bitcoins.com\/it\/crypto\/zedxion\/credit-card\/\" \/>\n<meta property=\"og:site_name\" content=\"Allin1Bitcoins\" \/>\n<meta property=\"article:modified_time\" content=\"2023-02-13T16:55:39+00:00\" \/>\n<meta property=\"og:image\" content=\"https:\/\/allin1bitcoins.com\/wp-content\/uploads\/2023\/01\/pexels-pixabay-50987.jpg\" \/>\n\t<meta property=\"og:image:width\" content=\"1280\" \/>\n\t<meta property=\"og:image:height\" content=\"853\" \/>\n\t<meta property=\"og:image:type\" content=\"image\/jpeg\" \/>\n<meta name=\"twitter:card\" content=\"summary_large_image\" \/>\n<meta name=\"twitter:label1\" content=\"Est. reading time\" \/>\n\t<meta name=\"twitter:data1\" content=\"4 minutes\" \/>\n<!-- \/ Yoast SEO plugin. -->","yoast_head_json":{"title":"Come Acquistare Zedxion (ZEDXION) Con Una Carta Di Credito","description":"\u00c8 necessario effettuare le seguenti azioni per acquistare la moneta Zedxion utilizzando una carta di credito.","robots":{"index":"index","follow":"follow","max-snippet":"max-snippet:-1","max-image-preview":"max-image-preview:large","max-video-preview":"max-video-preview:-1"},"canonical":"https:\/\/allin1bitcoins.com\/it\/crypto\/zedxion\/credit-card\/","og_locale":"it_IT","og_type":"article","og_title":"Come Acquistare Zedxion (ZEDXION) Con Una Carta Di Credito","og_description":"\u00c8 necessario effettuare le seguenti azioni per acquistare la moneta Zedxion utilizzando una carta di credito.","og_url":"https:\/\/allin1bitcoins.com\/it\/crypto\/zedxion\/credit-card\/","og_site_name":"Allin1Bitcoins","article_modified_time":"2023-02-13T16:55:39+00:00","og_image":[{"width":1280,"height":853,"url":"https:\/\/allin1bitcoins.com\/wp-content\/uploads\/2023\/01\/pexels-pixabay-50987.jpg","type":"image\/jpeg"}],"twitter_card":"summary_large_image","twitter_misc":{"Est. reading time":"4 minutes"},"schema":{"@context":"https:\/\/schema.org","@graph":[{"@type":"WebPage","@id":"https:\/\/allin1bitcoins.com\/it\/crypto\/zedxion\/credit-card\/","url":"https:\/\/allin1bitcoins.com\/it\/crypto\/zedxion\/credit-card\/","name":"Come Acquistare Zedxion (ZEDXION) Con Una Carta Di Credito","isPartOf":{"@id":"https:\/\/allin1bitcoins.com\/it\/#website"},"datePublished":"2023-02-13T16:55:36+00:00","dateModified":"2023-02-13T16:55:39+00:00","description":"\u00c8 necessario effettuare le seguenti azioni per acquistare la moneta Zedxion utilizzando una carta di credito.","breadcrumb":{"@id":"https:\/\/allin1bitcoins.com\/it\/crypto\/zedxion\/credit-card\/#breadcrumb"},"inLanguage":"it","potentialAction":[{"@type":"ReadAction","target":["https:\/\/allin1bitcoins.com\/it\/crypto\/zedxion\/credit-card\/"]}]},{"@type":"BreadcrumbList","@id":"https:\/\/allin1bitcoins.com\/it\/crypto\/zedxion\/credit-card\/#breadcrumb","itemListElement":[{"@type":"ListItem","position":1,"name":"Home","item":"https:\/\/allin1bitcoins.com\/it\/"},{"@type":"ListItem","position":2,"name":"Crypto","item":"https:\/\/allin1bitcoins.com\/it\/crypto\/"},{"@type":"ListItem","position":3,"name":"Come Acquistare Zedxion (ZEDXION) \u2013 Guida dettagliata (2023)","item":"https:\/\/allin1bitcoins.com\/it\/crypto\/zedxion\/"},{"@type":"ListItem","position":4,"name":"Come Acquistare Zedxion (ZEDXION) Con Una Carta Di Credito"}]},{"@type":"WebSite","@id":"https:\/\/allin1bitcoins.com\/it\/#website","url":"https:\/\/allin1bitcoins.com\/it\/","name":"Allin1Bitcoins","description":"","publisher":{"@id":"https:\/\/allin1bitcoins.com\/it\/#organization"},"potentialAction":[{"@type":"SearchAction","target":{"@type":"EntryPoint","urlTemplate":"https:\/\/allin1bitcoins.com\/it\/?s={search_term_string}"},"query-input":"required name=search_term_string"}],"inLanguage":"it"},{"@type":"Organization","@id":"https:\/\/allin1bitcoins.com\/it\/#organization","name":"allin1bitcoins","url":"https:\/\/allin1bitcoins.com\/it\/","logo":{"@type":"ImageObject","inLanguage":"it","@id":"https:\/\/allin1bitcoins.com\/it\/#\/schema\/logo\/image\/","url":"https:\/\/allin1bitcoins.com\/wp-content\/uploads\/2019\/01\/logo-new.png","contentUrl":"https:\/\/allin1bitcoins.com\/wp-content\/uploads\/2019\/01\/logo-new.png","width":178,"height":71,"caption":"allin1bitcoins"},"image":{"@id":"https:\/\/allin1bitcoins.com\/it\/#\/schema\/logo\/image\/"}}]}},"_links":{"self":[{"href":"https:\/\/allin1bitcoins.com\/it\/wp-json\/wp\/v2\/pages\/21178"}],"collection":[{"href":"https:\/\/allin1bitcoins.com\/it\/wp-json\/wp\/v2\/pages"}],"about":[{"href":"https:\/\/allin1bitcoins.com\/it\/wp-json\/wp\/v2\/types\/page"}],"author":[{"embeddable":true,"href":"https:\/\/allin1bitcoins.com\/it\/wp-json\/wp\/v2\/users\/3"}],"replies":[{"embeddable":true,"href":"https:\/\/allin1bitcoins.com\/it\/wp-json\/wp\/v2\/comments?post=21178"}],"version-history":[{"count":2,"href":"https:\/\/allin1bitcoins.com\/it\/wp-json\/wp\/v2\/pages\/21178\/revisions"}],"predecessor-version":[{"id":21182,"href":"https:\/\/allin1bitcoins.com\/it\/wp-json\/wp\/v2\/pages\/21178\/revisions\/21182"}],"up":[{"embeddable":true,"href":"https:\/\/allin1bitcoins.com\/it\/wp-json\/wp\/v2\/pages\/21168"}],"wp:featuredmedia":[{"embeddable":true,"href":"https:\/\/allin1bitcoins.com\/it\/wp-json\/wp\/v2\/media\/14533"}],"wp:attachment":[{"href":"https:\/\/allin1bitcoins.com\/it\/wp-json\/wp\/v2\/media?parent=21178"}],"curies":[{"name":"wp","href":"https:\/\/api.w.org\/{rel}","templated":true}]}}