{"id":21195,"date":"2023-02-13T18:01:20","date_gmt":"2023-02-13T18:01:20","guid":{"rendered":"https:\/\/allin1bitcoins.com\/?page_id=21195"},"modified":"2023-02-13T18:01:23","modified_gmt":"2023-02-13T18:01:23","slug":"apple-pay","status":"publish","type":"page","link":"https:\/\/allin1bitcoins.com\/it\/crypto\/zedxion\/apple-pay\/","title":{"rendered":"Come Acquistare Zedxion (ZEDXION) Con Apple Pay"},"content":{"rendered":"\n<h2 class=\"wp-block-heading\">Per acquistare Zedxion Coin utilizzando Apple Pay, \u00e8 necessario eseguire le seguenti azioni:<\/h2>\n\n\n\n<ul><li>Trovare un exchange di criptovalute che accetti Apple Pay e abbia Zedxion Coin disponibile.<\/li><li>Creare un profilo sull&#8217;exchange.<\/li><li>Verificare la propria identit\u00e0 se necessario.<\/li><li>Collegare il proprio account di exchange al proprio account Apple Pay.<\/li><li>Effettuare un ordine sull&#8217;exchange per acquistare Zedxion Coin utilizzando Apple Pay.<\/li><\/ul>\n\n\n\n<h2 class=\"wp-block-heading\">Panoramica della Zedxion Coin<\/h2>\n\n\n\n<p>Zedxion Coin \u00e8 un asset digitale destinato ad essere utilizzato su una piattaforma decentralizzata come mezzo di scambio. Non \u00e8 controllato da un&#8217;unica entit\u00e0 centrale e utilizza una rete blockchain rapida e sicura per consentire le transazioni. Molte persone utilizzano Zedxion Coin come alternativa alla valuta fiat e possono comprarla e venderla su exchange di criptovalute.<\/p>\n\n\n\n<h2 class=\"wp-block-heading\">Perch\u00e9 Apple Pay \u00e8 il miglior metodo per l&#8217;acquisto di Zedxion Coin<\/h2>\n\n\n\n<p><strong>Potresti voler acquistare Zedxion Coin con Apple Pay per i seguenti motivi:<\/strong><\/p>\n\n\n\n<ul><li><strong>Convenienza: <\/strong>Apple Pay elimina la necessit\u00e0 di inserire le informazioni della carta di credito ogni volta che si effettua una transazione online, rendendolo un metodo semplice e sicuro.<br><br><\/li><li><strong>Velocit\u00e0: <\/strong>le transazioni con Apple Pay vengono generalmente completate pi\u00f9 rapidamente rispetto alle transazioni con carta di credito, consentendoti di ricevere la tua Zedxion Coin pi\u00f9 velocemente.<br><br><\/li><li><strong>Sicurezza: <\/strong>puoi essere sicuro che le tue transazioni sono sicure perch\u00e9 Apple Pay utilizza tecniche di sicurezza all&#8217;avanguardia per proteggere le tue informazioni finanziarie.<\/li><\/ul>\n\n\n\n<h2 class=\"wp-block-heading\">Come Acquistare la Criptovaluta Zedxion con Apple Pay: Guida Passo per Passo<\/h2>\n\n\n\n<ol><li><strong>Trovare un exchange di criptovalute che accetti Apple Pay e abbia Zedxion Coin disponibile: <\/strong>Trovare un exchange di criptovalute che accetti Apple Pay e fornisca Zedxion coin \u00e8 il primo passo. Poich\u00e9 meno exchange offrono questa opzione, potrebbe essere pi\u00f9 difficile trovarne uno rispetto a quelli che accettano carte di credito.<br><br><\/li><li><strong>Creare un account utente sull&#8217;Exchange: <\/strong>Una volta determinato che l&#8217;exchange soddisfa le vostre esigenze, dovete registrare un account. Di solito, questa procedura richiede l&#8217;inserimento di alcuni dati personali e la creazione di un nome utente e una password.<br><br><\/li><li><strong>Verificare la propria identit\u00e0, se necessario: <\/strong>Prima di poter iniziare a comprare e vendere Zedxion coin, alcuni exchange potrebbero chiedervi di verificare la vostra identit\u00e0. Il passaporto o la patente di guida sono esempi comuni di documenti di identificazione governativi che possono essere utilizzati per questo scopo.<br><br><br><\/li><li><strong>Collegare il proprio account di Exchange al proprio account Apple Pay: <\/strong>Dopo aver verificato la propria identit\u00e0, \u00e8 necessario collegare il proprio account Apple Pay al proprio account di Exchange. Di solito, il sito web o l&#8217;applicazione mobile dell&#8217;exchange vengono utilizzati per questo. Per collegare il proprio account Apple Pay e autorizzare la connessione, bisogna seguire le istruzioni visualizzate sullo schermo.<br><br><\/li><li><strong>Acquistare Zedxion Coin utilizzando Apple Pay: <\/strong>Una volta collegati il proprio account di Exchange e il proprio account Apple Pay, \u00e8 possibile acquistare la valuta Zedxion effettuando un ordine sull&#8217;exchange. Per farlo, \u00e8 necessario indicare la quantit\u00e0 di Zedxion coin che si desidera acquistare e il proprio intervallo di prezzo. Dopo che l&#8217;ordine viene abbinato con un venditore, l&#8217;exchange effettuer\u00e0 la transazione utilizzando il proprio account associato Apple Pay.<\/li><\/ol>\n\n\n\n<figure class=\"wp-block-embed is-type-video is-provider-youtube wp-block-embed-youtube wp-embed-aspect-16-9 wp-has-aspect-ratio\"><div class=\"wp-block-embed__wrapper\">\n<iframe title=\"ZEDXION EXCHANGE CRYPTO\" width=\"800\" height=\"450\" src=\"https:\/\/www.youtube.com\/embed\/-l4q_fxZ-IM?feature=oembed\" frameborder=\"0\" allow=\"accelerometer; autoplay; clipboard-write; encrypted-media; gyroscope; picture-in-picture; web-share\" allowfullscreen><\/iframe>\n<\/div><\/figure>\n\n\n\n<h2 class=\"wp-block-heading\">Svantaggi nell&#8217;uso di Apple Pay per acquistare Zedxion Coin<\/h2>\n\n\n\n<p><strong>Prima di utilizzare Apple Pay per l&#8217;acquisto di Zedxion Coin, dovresti considerare i seguenti svantaggi:<\/strong><\/p>\n\n\n\n<ul><li><strong>Disponibilit\u00e0 limitata:<\/strong> poich\u00e9 non tutti gli scambi di criptovalute accettano Apple Pay, l&#8217;acquisto di Zedxion Coin potrebbe essere pi\u00f9 difficile per te.<br><br><\/li><li><strong>Commissioni: <\/strong>le transazioni con Apple Pay su alcuni scambi comportano una commissione, che aumenta il prezzo della tua valuta Zedxion.<br><br><\/li><li><strong>Utilizzabilit\u00e0 limitata:<\/strong> se non possiedi un iPhone, un iPad o un Mac, potresti non essere in grado di utilizzare Apple Pay perch\u00e9 funziona solo su specifici dispositivi.<\/li><\/ul>\n\n\n\n<h2 class=\"wp-block-heading\">Conclusioni<\/h2>\n\n\n\n<p>In conclusione, utilizzare Apple Pay per acquistare Zedxion Coin \u00e8 un modo semplice e sicuro per farlo. Prima di utilizzare questa opzione di pagamento, \u00e8 importante tenere presente il numero limitato di scambi che accettano Apple Pay e le eventuali commissioni. Se decidi di utilizzare Apple Pay per acquistare Zedxion Coin, assicurati di utilizzare uno scambio affidabile e proteggi il tuo account Apple Pay per ridurre al minimo la possibilit\u00e0 di eventuali problemi.<\/p>\n\n\n\n<!-- Page-list plugin v.5.9 wordpress.org\/plugins\/page-list\/ -->\n<ul class=\"page-list siblings-page-list \">\n<li class=\"page_item page-item-21195\"><a href=\"https:\/\/allin1bitcoins.com\/it\/crypto\/zedxion\/apple-pay\/\">Come Acquistare Zedxion (ZEDXION) Con Apple Pay<\/a><\/li>\n<li class=\"page_item page-item-21219\"><a href=\"https:\/\/allin1bitcoins.com\/it\/crypto\/zedxion\/crypto-anonymously\/\">Come Acquistare Zedxion (ZEDXION) Con Criptovaluta In Modo Anonimo<\/a><\/li>\n<li class=\"page_item page-item-21236\"><a href=\"https:\/\/allin1bitcoins.com\/it\/crypto\/zedxion\/google-pay\/\">Come Acquistare Zedxion (ZEDXION) Con Google Pay<\/a><\/li>\n<li class=\"page_item page-item-21178\"><a href=\"https:\/\/allin1bitcoins.com\/it\/crypto\/zedxion\/credit-card\/\">Come Acquistare Zedxion (ZEDXION) Con Una Carta Di Credito<\/a><\/li>\n<li class=\"page_item page-item-21210\"><a href=\"https:\/\/allin1bitcoins.com\/it\/crypto\/zedxion\/france\/\">Come Acquistare Zedxion (ZEDXION) In Francia<\/a><\/li>\n<li class=\"page_item page-item-21247\"><a href=\"https:\/\/allin1bitcoins.com\/it\/crypto\/zedxion\/norway\/\">Come Acquistare Zedxion (ZEDXION) In Norvegia<\/a><\/li>\n<li class=\"page_item page-item-21256\"><a href=\"https:\/\/allin1bitcoins.com\/it\/crypto\/zedxion\/turkey\/\">Come Acquistare Zedxion (ZEDXION) In Turchia<\/a><\/li>\n\n<\/ul>\n","protected":false},"excerpt":{"rendered":"<p>Per acquistare Zedxion Coin utilizzando Apple Pay, \u00e8 necessario eseguire le seguenti azioni: Trovare un exchange di criptovalute che accetti Apple Pay e abbia Zedxion Coin disponibile. Creare un profilo sull&#8217;exchange. Verificare la propria identit\u00e0 se necessario. Collegare il proprio account di exchange al proprio account Apple Pay. Effettuare un ordine sull&#8217;exchange per acquistare Zedxion&#8230;<\/p>\n","protected":false},"author":3,"featured_media":14544,"parent":21168,"menu_order":0,"comment_status":"closed","ping_status":"closed","template":"","meta":{"cybocfi_hide_featured_image":"","footnotes":""},"acf":[],"yoast_head":"<!-- This site is optimized with the Yoast SEO plugin v21.7 - https:\/\/yoast.com\/wordpress\/plugins\/seo\/ -->\n<title>Come Acquistare Zedxion (ZEDXION) Con Apple Pay<\/title>\n<meta name=\"description\" content=\"Devi eseguire le seguenti azioni per acquistare Zedxion coin usando Apple Pay. Continua a leggere per maggiori dettagli.\" \/>\n<meta name=\"robots\" content=\"index, follow, max-snippet:-1, max-image-preview:large, max-video-preview:-1\" \/>\n<link rel=\"canonical\" href=\"https:\/\/allin1bitcoins.com\/it\/crypto\/zedxion\/apple-pay\/\" \/>\n<meta property=\"og:locale\" content=\"it_IT\" \/>\n<meta property=\"og:type\" content=\"article\" \/>\n<meta property=\"og:title\" content=\"Come Acquistare Zedxion (ZEDXION) Con Apple Pay\" \/>\n<meta property=\"og:description\" content=\"Devi eseguire le seguenti azioni per acquistare Zedxion coin usando Apple Pay. Continua a leggere per maggiori dettagli.\" \/>\n<meta property=\"og:url\" content=\"https:\/\/allin1bitcoins.com\/it\/crypto\/zedxion\/apple-pay\/\" \/>\n<meta property=\"og:site_name\" content=\"Allin1Bitcoins\" \/>\n<meta property=\"article:modified_time\" content=\"2023-02-13T18:01:23+00:00\" \/>\n<meta property=\"og:image\" content=\"https:\/\/allin1bitcoins.com\/wp-content\/uploads\/2023\/01\/cardmapr-nl-TOaE3Td9F8M-unsplash-scaled.jpg\" \/>\n\t<meta property=\"og:image:width\" content=\"1710\" \/>\n\t<meta property=\"og:image:height\" content=\"2560\" \/>\n\t<meta property=\"og:image:type\" content=\"image\/jpeg\" \/>\n<meta name=\"twitter:card\" content=\"summary_large_image\" \/>\n<meta name=\"twitter:label1\" content=\"Est. reading time\" \/>\n\t<meta name=\"twitter:data1\" content=\"3 minutes\" \/>\n<!-- \/ Yoast SEO plugin. -->","yoast_head_json":{"title":"Come Acquistare Zedxion (ZEDXION) Con Apple Pay","description":"Devi eseguire le seguenti azioni per acquistare Zedxion coin usando Apple Pay. Continua a leggere per maggiori dettagli.","robots":{"index":"index","follow":"follow","max-snippet":"max-snippet:-1","max-image-preview":"max-image-preview:large","max-video-preview":"max-video-preview:-1"},"canonical":"https:\/\/allin1bitcoins.com\/it\/crypto\/zedxion\/apple-pay\/","og_locale":"it_IT","og_type":"article","og_title":"Come Acquistare Zedxion (ZEDXION) Con Apple Pay","og_description":"Devi eseguire le seguenti azioni per acquistare Zedxion coin usando Apple Pay. Continua a leggere per maggiori dettagli.","og_url":"https:\/\/allin1bitcoins.com\/it\/crypto\/zedxion\/apple-pay\/","og_site_name":"Allin1Bitcoins","article_modified_time":"2023-02-13T18:01:23+00:00","og_image":[{"width":1710,"height":2560,"url":"https:\/\/allin1bitcoins.com\/wp-content\/uploads\/2023\/01\/cardmapr-nl-TOaE3Td9F8M-unsplash-scaled.jpg","type":"image\/jpeg"}],"twitter_card":"summary_large_image","twitter_misc":{"Est. reading time":"3 minutes"},"schema":{"@context":"https:\/\/schema.org","@graph":[{"@type":"WebPage","@id":"https:\/\/allin1bitcoins.com\/it\/crypto\/zedxion\/apple-pay\/","url":"https:\/\/allin1bitcoins.com\/it\/crypto\/zedxion\/apple-pay\/","name":"Come Acquistare Zedxion (ZEDXION) Con Apple Pay","isPartOf":{"@id":"https:\/\/allin1bitcoins.com\/it\/#website"},"datePublished":"2023-02-13T18:01:20+00:00","dateModified":"2023-02-13T18:01:23+00:00","description":"Devi eseguire le seguenti azioni per acquistare Zedxion coin usando Apple Pay. Continua a leggere per maggiori dettagli.","breadcrumb":{"@id":"https:\/\/allin1bitcoins.com\/it\/crypto\/zedxion\/apple-pay\/#breadcrumb"},"inLanguage":"it","potentialAction":[{"@type":"ReadAction","target":["https:\/\/allin1bitcoins.com\/it\/crypto\/zedxion\/apple-pay\/"]}]},{"@type":"BreadcrumbList","@id":"https:\/\/allin1bitcoins.com\/it\/crypto\/zedxion\/apple-pay\/#breadcrumb","itemListElement":[{"@type":"ListItem","position":1,"name":"Home","item":"https:\/\/allin1bitcoins.com\/it\/"},{"@type":"ListItem","position":2,"name":"Crypto","item":"https:\/\/allin1bitcoins.com\/it\/crypto\/"},{"@type":"ListItem","position":3,"name":"Come Acquistare Zedxion (ZEDXION) \u2013 Guida dettagliata (2023)","item":"https:\/\/allin1bitcoins.com\/it\/crypto\/zedxion\/"},{"@type":"ListItem","position":4,"name":"Come Acquistare Zedxion (ZEDXION) Con Apple Pay"}]},{"@type":"WebSite","@id":"https:\/\/allin1bitcoins.com\/it\/#website","url":"https:\/\/allin1bitcoins.com\/it\/","name":"Allin1Bitcoins","description":"","publisher":{"@id":"https:\/\/allin1bitcoins.com\/it\/#organization"},"potentialAction":[{"@type":"SearchAction","target":{"@type":"EntryPoint","urlTemplate":"https:\/\/allin1bitcoins.com\/it\/?s={search_term_string}"},"query-input":"required name=search_term_string"}],"inLanguage":"it"},{"@type":"Organization","@id":"https:\/\/allin1bitcoins.com\/it\/#organization","name":"allin1bitcoins","url":"https:\/\/allin1bitcoins.com\/it\/","logo":{"@type":"ImageObject","inLanguage":"it","@id":"https:\/\/allin1bitcoins.com\/it\/#\/schema\/logo\/image\/","url":"https:\/\/allin1bitcoins.com\/wp-content\/uploads\/2019\/01\/logo-new.png","contentUrl":"https:\/\/allin1bitcoins.com\/wp-content\/uploads\/2019\/01\/logo-new.png","width":178,"height":71,"caption":"allin1bitcoins"},"image":{"@id":"https:\/\/allin1bitcoins.com\/it\/#\/schema\/logo\/image\/"}}]}},"_links":{"self":[{"href":"https:\/\/allin1bitcoins.com\/it\/wp-json\/wp\/v2\/pages\/21195"}],"collection":[{"href":"https:\/\/allin1bitcoins.com\/it\/wp-json\/wp\/v2\/pages"}],"about":[{"href":"https:\/\/allin1bitcoins.com\/it\/wp-json\/wp\/v2\/types\/page"}],"author":[{"embeddable":true,"href":"https:\/\/allin1bitcoins.com\/it\/wp-json\/wp\/v2\/users\/3"}],"replies":[{"embeddable":true,"href":"https:\/\/allin1bitcoins.com\/it\/wp-json\/wp\/v2\/comments?post=21195"}],"version-history":[{"count":1,"href":"https:\/\/allin1bitcoins.com\/it\/wp-json\/wp\/v2\/pages\/21195\/revisions"}],"predecessor-version":[{"id":21196,"href":"https:\/\/allin1bitcoins.com\/it\/wp-json\/wp\/v2\/pages\/21195\/revisions\/21196"}],"up":[{"embeddable":true,"href":"https:\/\/allin1bitcoins.com\/it\/wp-json\/wp\/v2\/pages\/21168"}],"wp:featuredmedia":[{"embeddable":true,"href":"https:\/\/allin1bitcoins.com\/it\/wp-json\/wp\/v2\/media\/14544"}],"wp:attachment":[{"href":"https:\/\/allin1bitcoins.com\/it\/wp-json\/wp\/v2\/media?parent=21195"}],"curies":[{"name":"wp","href":"https:\/\/api.w.org\/{rel}","templated":true}]}}