{"id":21219,"date":"2023-02-13T21:11:49","date_gmt":"2023-02-13T21:11:49","guid":{"rendered":"https:\/\/allin1bitcoins.com\/?page_id=21219"},"modified":"2023-02-13T21:11:52","modified_gmt":"2023-02-13T21:11:52","slug":"crypto-anonymously","status":"publish","type":"page","link":"https:\/\/allin1bitcoins.com\/it\/crypto\/zedxion\/crypto-anonymously\/","title":{"rendered":"Come Acquistare Zedxion (ZEDXION) Con Criptovaluta In Modo Anonimo"},"content":{"rendered":"\n<h2 class=\"wp-block-heading\">Devi seguire i seguenti passi per acquistare la moneta Zedxion con criptovaluta in modo anonimo:<\/h2>\n\n\n\n<ul><li>Localizzare una piattaforma di scambio di bitcoin che consenta di acquistare e vendere in modo anonimo.<\/li><li>Crea un account sulla piattaforma con un nome fittizio o pseudonimo.<\/li><li>Per nascondere il tuo indirizzo IP, usa una rete privata virtuale (VPN).<\/li><li>Collega il tuo account di scambio al tuo portafoglio di criptovaluta.<\/li><li>Usando la tua criptovaluta, effettua un ordine sulla piattaforma per acquistare la moneta Zedxion.<\/li><\/ul>\n\n\n\n<h2 class=\"wp-block-heading\">Panoramica della moneta Zedxion<\/h2>\n\n\n\n<p>Un asset digitale chiamato moneta Zedxion \u00e8 destinato ad essere utilizzato su una piattaforma decentralizzata come mezzo di scambio. Non \u00e8 governato da un unico ente centrale e utilizza una rete blockchain rapida e sicura per consentire le transazioni. Molte persone utilizzano la moneta Zedxion come alternativa al denaro fiat e possono acquistarlo e venderlo su piattaforme di scambio di criptovaluta.<\/p>\n\n\n\n<h2 class=\"wp-block-heading\">Perch\u00e9 potresti voler acquistare la moneta Zedxion in modo anonimo utilizzando la criptovaluta<\/h2>\n\n\n\n<p><strong>Potresti voler acquistare la valuta Zedxion in modo anonimo per diverse ragioni:<\/strong><\/p>\n\n\n\n<ul><li><strong>Privacy: <\/strong>Acquistando la moneta Zedxion utilizzando la criptovaluta in modo anonimo, puoi mantenere le tue informazioni finanziarie e personali private.<br><br><\/li><li><strong>Sicurezza: <\/strong>Mantenendo segreta la tua identit\u00e0, puoi ridurre il rischio di furto d&#8217;identit\u00e0 e altri tipi di frode.<br><br><\/li><li><strong>Libert\u00e0: <\/strong>Acquistando Zedxion in modo anonimo, puoi effettuare acquisti in modo clandestino e senza essere osservato.<\/li><\/ul>\n\n\n\n<h2 class=\"wp-block-heading\">Come Acquistare la Moneta Zedxion Utilizzando la Criptovaluta: Una Guida Passo a Passo<\/h2>\n\n\n\n<ol><li>Localizza un exchange di bitcoin che consente acquisti e vendite anonimi. Il primo passo da compiere \u00e8 trovare un exchange di criptovaluta che consente acquisti e vendite anonimi. Potresti dover condurre alcune ricerche per trovare un exchange che soddisfi le tue esigenze, poich\u00e9 non tutti forniscono questa opzione.<br><br><\/li><li>Crea un Account sull&#8217;Exchange con un Pseudonimo o un Nome Fittizio. Una volta che hai scoperto che l&#8217;exchange scelto supporta le transazioni anonime, devi creare un account su di esso. Dovresti creare il tuo account con un nome fittizio o pseudonimo per preservare la tua anonimit\u00e0.<br><br><\/li><li>Per mascherare il tuo indirizzo IP, utilizza una rete privata virtuale (VPN). Dovresti utilizzare una VPN per mascherare il tuo indirizzo IP al fine di garantire ulteriore privacy. Con l&#8217;uso di una VPN, puoi accedere a Internet tramite una connessione privata e sicura che rende difficile per gli altri monitorare il tuo comportamento online.<br><br><\/li><li>Collega il tuo account sull&#8217;exchange al tuo portafoglio di criptovaluta. Dopo aver configurato la tua VPN e il tuo account sull&#8217;exchange, devi collegare il tuo portafoglio di criptovaluta al tuo account sull&#8217;exchange. In questo modo, sarai in grado di inviare la tua criptovaluta all&#8217;exchange e utilizzarla per acquistare la moneta Zedxion.<br><br><\/li><li>Usando la Tua Criptovaluta per Acquistare la Moneta Zedxion Effettuando un Ordine sull&#8217;Exchange. Una volta che il tuo portafoglio di criptovaluta \u00e8 collegato al tuo account sull&#8217;exchange, puoi acquistare la moneta Zedxion effettuando un ordine sull&#8217;exchange. Dovrai farlo specificando quanto Zedxion desideri acquistare e il tuo intervallo di prezzo. Dopo aver trovato un venditore che possa soddisfare il tuo ordine, l&#8217;exchange effettuer\u00e0 la transazione utilizzando la tua criptovaluta.<\/li><\/ol>\n\n\n\n<figure class=\"wp-block-embed is-type-video is-provider-youtube wp-block-embed-youtube wp-embed-aspect-16-9 wp-has-aspect-ratio\"><div class=\"wp-block-embed__wrapper\">\n<iframe title=\"How To Buy Cryptocurrency Using THIS 100% ANONYMOUS Debit Card!\" width=\"800\" height=\"450\" src=\"https:\/\/www.youtube.com\/embed\/tbl48l8pMaU?feature=oembed\" frameborder=\"0\" allow=\"accelerometer; autoplay; clipboard-write; encrypted-media; gyroscope; picture-in-picture; web-share\" allowfullscreen><\/iframe>\n<\/div><\/figure>\n\n\n\n<h2 class=\"wp-block-heading\">Contro di utilizzare la criptovaluta per acquistare la moneta Zedxion in modo anonimo<\/h2>\n\n\n\n<p><strong>Devi essere consapevole dei seguenti svantaggi quando acquisti la moneta Zedxion in modo anonimo con le criptovalute:<\/strong><\/p>\n\n\n\n<ul><li><strong>Disponibilit\u00e0 limitata:<\/strong> poich\u00e9 non tutti gli scambi di criptovalute supportano il trading anonimo, le tue opzioni per acquistare la moneta Zedxion potrebbero essere limitate.<br><br><\/li><li><strong>Commissioni: <\/strong>la tua moneta Zedxion potrebbe costare di pi\u00f9 perch\u00e9 alcuni scambi addebitano commissioni pi\u00f9 elevate per le transazioni effettuate in modo anonimo.<br><br><\/li><li><strong>Rischio di frode:<\/strong> quando acquisti in modo anonimo, non c&#8217;\u00e8 alcun modo per confermare l&#8217;identit\u00e0 del venditore, il che aumenta la possibilit\u00e0 di frode.<\/li><\/ul>\n\n\n\n<h2 class=\"wp-block-heading\">Conclusione<\/h2>\n\n\n\n<p>In conclusione, l&#8217;acquisto della moneta Zedxion con criptovaluta in modo anonimo ti permette di mantenere la tua privacy e sicurezza. Prima di utilizzare questo approccio, \u00e8 importante tenere presente la scarsit\u00e0 di scambi che offrono trading anonimo, eventuali commissioni potenziali e la possibilit\u00e0 di frode. Se scegli di acquistare la moneta Zedxion in modo anonimo, assicurati di utilizzare uno scambio affidabile, proteggere la tua identit\u00e0 e ridurre la possibilit\u00e0 di problemi utilizzando una VPN e uno pseudonimo.<\/p>\n\n\n\n<!-- Page-list plugin v.5.9 wordpress.org\/plugins\/page-list\/ -->\n<ul class=\"page-list siblings-page-list \">\n<li class=\"page_item page-item-21195\"><a href=\"https:\/\/allin1bitcoins.com\/it\/crypto\/zedxion\/apple-pay\/\">Come Acquistare Zedxion (ZEDXION) Con Apple Pay<\/a><\/li>\n<li class=\"page_item page-item-21219\"><a href=\"https:\/\/allin1bitcoins.com\/it\/crypto\/zedxion\/crypto-anonymously\/\">Come Acquistare Zedxion (ZEDXION) Con Criptovaluta In Modo Anonimo<\/a><\/li>\n<li class=\"page_item page-item-21236\"><a href=\"https:\/\/allin1bitcoins.com\/it\/crypto\/zedxion\/google-pay\/\">Come Acquistare Zedxion (ZEDXION) Con Google Pay<\/a><\/li>\n<li class=\"page_item page-item-21178\"><a href=\"https:\/\/allin1bitcoins.com\/it\/crypto\/zedxion\/credit-card\/\">Come Acquistare Zedxion (ZEDXION) Con Una Carta Di Credito<\/a><\/li>\n<li class=\"page_item page-item-21210\"><a href=\"https:\/\/allin1bitcoins.com\/it\/crypto\/zedxion\/france\/\">Come Acquistare Zedxion (ZEDXION) In Francia<\/a><\/li>\n<li class=\"page_item page-item-21247\"><a href=\"https:\/\/allin1bitcoins.com\/it\/crypto\/zedxion\/norway\/\">Come Acquistare Zedxion (ZEDXION) In Norvegia<\/a><\/li>\n<li class=\"page_item page-item-21256\"><a href=\"https:\/\/allin1bitcoins.com\/it\/crypto\/zedxion\/turkey\/\">Come Acquistare Zedxion (ZEDXION) In Turchia<\/a><\/li>\n\n<\/ul>\n","protected":false},"excerpt":{"rendered":"<p>Devi seguire i seguenti passi per acquistare la moneta Zedxion con criptovaluta in modo anonimo: Localizzare una piattaforma di scambio di bitcoin che consenta di acquistare e vendere in modo anonimo. Crea un account sulla piattaforma con un nome fittizio o pseudonimo. Per nascondere il tuo indirizzo IP, usa una rete privata virtuale (VPN). Collega&#8230;<\/p>\n","protected":false},"author":3,"featured_media":14579,"parent":21168,"menu_order":0,"comment_status":"closed","ping_status":"closed","template":"","meta":{"cybocfi_hide_featured_image":"","footnotes":""},"acf":[],"yoast_head":"<!-- This site is optimized with the Yoast SEO plugin v21.7 - https:\/\/yoast.com\/wordpress\/plugins\/seo\/ -->\n<title>Come Acquistare Zedxion (ZEDXION) Con Criptovaluta In Modo Anonimo<\/title>\n<meta name=\"description\" content=\"Devi prendere le seguenti azioni per acquistare la moneta Zedxion con criptovaluta in modo anonimo. Leggi per maggiori dettagli..\" \/>\n<meta name=\"robots\" content=\"index, follow, max-snippet:-1, max-image-preview:large, max-video-preview:-1\" \/>\n<link rel=\"canonical\" href=\"https:\/\/allin1bitcoins.com\/it\/crypto\/zedxion\/crypto-anonymously\/\" \/>\n<meta property=\"og:locale\" content=\"it_IT\" \/>\n<meta property=\"og:type\" content=\"article\" \/>\n<meta property=\"og:title\" content=\"Come Acquistare Zedxion (ZEDXION) Con Criptovaluta In Modo Anonimo\" \/>\n<meta property=\"og:description\" content=\"Devi prendere le seguenti azioni per acquistare la moneta Zedxion con criptovaluta in modo anonimo. Leggi per maggiori dettagli..\" \/>\n<meta property=\"og:url\" content=\"https:\/\/allin1bitcoins.com\/it\/crypto\/zedxion\/crypto-anonymously\/\" \/>\n<meta property=\"og:site_name\" content=\"Allin1Bitcoins\" \/>\n<meta property=\"article:modified_time\" content=\"2023-02-13T21:11:52+00:00\" \/>\n<meta property=\"og:image\" content=\"https:\/\/allin1bitcoins.com\/wp-content\/uploads\/2023\/01\/kari-shea-1SAnrIxw5OY-unsplash.jpg\" \/>\n\t<meta property=\"og:image:width\" content=\"1920\" \/>\n\t<meta property=\"og:image:height\" content=\"1280\" \/>\n\t<meta property=\"og:image:type\" content=\"image\/jpeg\" \/>\n<meta name=\"twitter:card\" content=\"summary_large_image\" \/>\n<meta name=\"twitter:label1\" content=\"Est. reading time\" \/>\n\t<meta name=\"twitter:data1\" content=\"3 minutes\" \/>\n<!-- \/ Yoast SEO plugin. -->","yoast_head_json":{"title":"Come Acquistare Zedxion (ZEDXION) Con Criptovaluta In Modo Anonimo","description":"Devi prendere le seguenti azioni per acquistare la moneta Zedxion con criptovaluta in modo anonimo. Leggi per maggiori dettagli..","robots":{"index":"index","follow":"follow","max-snippet":"max-snippet:-1","max-image-preview":"max-image-preview:large","max-video-preview":"max-video-preview:-1"},"canonical":"https:\/\/allin1bitcoins.com\/it\/crypto\/zedxion\/crypto-anonymously\/","og_locale":"it_IT","og_type":"article","og_title":"Come Acquistare Zedxion (ZEDXION) Con Criptovaluta In Modo Anonimo","og_description":"Devi prendere le seguenti azioni per acquistare la moneta Zedxion con criptovaluta in modo anonimo. Leggi per maggiori dettagli..","og_url":"https:\/\/allin1bitcoins.com\/it\/crypto\/zedxion\/crypto-anonymously\/","og_site_name":"Allin1Bitcoins","article_modified_time":"2023-02-13T21:11:52+00:00","og_image":[{"width":1920,"height":1280,"url":"https:\/\/allin1bitcoins.com\/wp-content\/uploads\/2023\/01\/kari-shea-1SAnrIxw5OY-unsplash.jpg","type":"image\/jpeg"}],"twitter_card":"summary_large_image","twitter_misc":{"Est. reading time":"3 minutes"},"schema":{"@context":"https:\/\/schema.org","@graph":[{"@type":"WebPage","@id":"https:\/\/allin1bitcoins.com\/it\/crypto\/zedxion\/crypto-anonymously\/","url":"https:\/\/allin1bitcoins.com\/it\/crypto\/zedxion\/crypto-anonymously\/","name":"Come Acquistare Zedxion (ZEDXION) Con Criptovaluta In Modo Anonimo","isPartOf":{"@id":"https:\/\/allin1bitcoins.com\/it\/#website"},"datePublished":"2023-02-13T21:11:49+00:00","dateModified":"2023-02-13T21:11:52+00:00","description":"Devi prendere le seguenti azioni per acquistare la moneta Zedxion con criptovaluta in modo anonimo. Leggi per maggiori dettagli..","breadcrumb":{"@id":"https:\/\/allin1bitcoins.com\/it\/crypto\/zedxion\/crypto-anonymously\/#breadcrumb"},"inLanguage":"it","potentialAction":[{"@type":"ReadAction","target":["https:\/\/allin1bitcoins.com\/it\/crypto\/zedxion\/crypto-anonymously\/"]}]},{"@type":"BreadcrumbList","@id":"https:\/\/allin1bitcoins.com\/it\/crypto\/zedxion\/crypto-anonymously\/#breadcrumb","itemListElement":[{"@type":"ListItem","position":1,"name":"Home","item":"https:\/\/allin1bitcoins.com\/it\/"},{"@type":"ListItem","position":2,"name":"Crypto","item":"https:\/\/allin1bitcoins.com\/it\/crypto\/"},{"@type":"ListItem","position":3,"name":"Come Acquistare Zedxion (ZEDXION) \u2013 Guida dettagliata (2023)","item":"https:\/\/allin1bitcoins.com\/it\/crypto\/zedxion\/"},{"@type":"ListItem","position":4,"name":"Come Acquistare Zedxion (ZEDXION) Con Criptovaluta In Modo Anonimo"}]},{"@type":"WebSite","@id":"https:\/\/allin1bitcoins.com\/it\/#website","url":"https:\/\/allin1bitcoins.com\/it\/","name":"Allin1Bitcoins","description":"","publisher":{"@id":"https:\/\/allin1bitcoins.com\/it\/#organization"},"potentialAction":[{"@type":"SearchAction","target":{"@type":"EntryPoint","urlTemplate":"https:\/\/allin1bitcoins.com\/it\/?s={search_term_string}"},"query-input":"required name=search_term_string"}],"inLanguage":"it"},{"@type":"Organization","@id":"https:\/\/allin1bitcoins.com\/it\/#organization","name":"allin1bitcoins","url":"https:\/\/allin1bitcoins.com\/it\/","logo":{"@type":"ImageObject","inLanguage":"it","@id":"https:\/\/allin1bitcoins.com\/it\/#\/schema\/logo\/image\/","url":"https:\/\/allin1bitcoins.com\/wp-content\/uploads\/2019\/01\/logo-new.png","contentUrl":"https:\/\/allin1bitcoins.com\/wp-content\/uploads\/2019\/01\/logo-new.png","width":178,"height":71,"caption":"allin1bitcoins"},"image":{"@id":"https:\/\/allin1bitcoins.com\/it\/#\/schema\/logo\/image\/"}}]}},"_links":{"self":[{"href":"https:\/\/allin1bitcoins.com\/it\/wp-json\/wp\/v2\/pages\/21219"}],"collection":[{"href":"https:\/\/allin1bitcoins.com\/it\/wp-json\/wp\/v2\/pages"}],"about":[{"href":"https:\/\/allin1bitcoins.com\/it\/wp-json\/wp\/v2\/types\/page"}],"author":[{"embeddable":true,"href":"https:\/\/allin1bitcoins.com\/it\/wp-json\/wp\/v2\/users\/3"}],"replies":[{"embeddable":true,"href":"https:\/\/allin1bitcoins.com\/it\/wp-json\/wp\/v2\/comments?post=21219"}],"version-history":[{"count":2,"href":"https:\/\/allin1bitcoins.com\/it\/wp-json\/wp\/v2\/pages\/21219\/revisions"}],"predecessor-version":[{"id":21231,"href":"https:\/\/allin1bitcoins.com\/it\/wp-json\/wp\/v2\/pages\/21219\/revisions\/21231"}],"up":[{"embeddable":true,"href":"https:\/\/allin1bitcoins.com\/it\/wp-json\/wp\/v2\/pages\/21168"}],"wp:featuredmedia":[{"embeddable":true,"href":"https:\/\/allin1bitcoins.com\/it\/wp-json\/wp\/v2\/media\/14579"}],"wp:attachment":[{"href":"https:\/\/allin1bitcoins.com\/it\/wp-json\/wp\/v2\/media?parent=21219"}],"curies":[{"name":"wp","href":"https:\/\/api.w.org\/{rel}","templated":true}]}}