{"id":21247,"date":"2023-02-14T06:15:57","date_gmt":"2023-02-14T06:15:57","guid":{"rendered":"https:\/\/allin1bitcoins.com\/?page_id=21247"},"modified":"2023-02-14T06:22:35","modified_gmt":"2023-02-14T06:22:35","slug":"norway","status":"publish","type":"page","link":"https:\/\/allin1bitcoins.com\/it\/crypto\/zedxion\/norway\/","title":{"rendered":"Come Acquistare Zedxion (ZEDXION) In Norvegia"},"content":{"rendered":"\n<h2 class=\"wp-block-heading\">La risposta breve su come acquistare Zedxion Coin in Norvegia<\/h2>\n\n\n\n<p><strong>\u00c8 necessario effettuare le seguenti azioni per acquistare Zedxion Coin in Norvegia:<\/strong><\/p>\n\n\n\n<ul><li>Trova un exchange di criptovalute norvegese dove puoi acquistare e vendere Zedxion Coin. <\/li><li>Crea un profilo sull&#8217;exchange. <\/li><li>Verifica la tua identit\u00e0 se necessario. <\/li><li>Trasferisci denaro sul tuo account dell&#8217;exchange. <\/li><li>Inserisci un ordine per l&#8217;acquisto della valuta Zedxion sull&#8217;exchange.<\/li><\/ul>\n\n\n\n<h2 class=\"wp-block-heading\">Panoramica di Zedxion<\/h2>\n\n\n\n<p>Un&#8217;attivit\u00e0 digitale chiamata Zedxion Coin \u00e8 destinata ad essere utilizzata su una piattaforma decentralizzata come mezzo di scambio. Non \u00e8 governata da un singolo ente centrale ed utilizza una rete blockchain veloce e sicura per consentire le transazioni. Molte persone utilizzano Zedxion Coin come alternativa alla valuta fiat e possono acquistarlo e venderlo su exchange di criptovalute.<\/p>\n\n\n\n<h2 class=\"wp-block-heading\">Vantaggi dell&#8217;acquisto di Zedxion<\/h2>\n\n\n\n<p><strong>L&#8217;acquisto di Zedxion Coin offre i seguenti vantaggi:<\/strong><\/p>\n\n\n\n<ul><li><strong>Decentralizzazione:<\/strong> poich\u00e9 Zedxion Coin non \u00e8 sotto il controllo di un singolo ente, \u00e8 meno probabile che si verifichino interferenze o manipolazioni.<br><br><\/li><li><strong>Sicurezza:<\/strong> la valuta Zedxion utilizza una tecnologia blockchain altamente sicura, rendendo difficile per i ladri prendere i tuoi soldi.<br><br><\/li><li><strong>Commissioni di transazione inferiori:<\/strong> rispetto ad altre opzioni di pagamento, le transazioni con Zedxion Coin presentano spesso commissioni di transazione inferiori.<\/li><\/ul>\n\n\n\n<h2 class=\"wp-block-heading\">Guida Dettagliata su Come Acquistare Zedxion Coin in Norvegia<\/h2>\n\n\n\n<p><strong>Ecco cosa devi fare per acquistare Zedxion coin in Norvegia:<\/strong><\/p>\n\n\n\n<ol><li>Trova uno scambio di criptovalute norvegese dove puoi acquistare e vendere Zedxion coin. La prima cosa da fare \u00e8 trovare uno scambio di criptovalute che ti consenta di acquistare e vendere Zedxion coin in Norvegia. Dovresti essere in grado di trovare uno scambio che soddisfi le tue esigenze poich\u00e9 ce ne sono molti che offrono questa scelta.<br><br><\/li><li>Crea un profilo sull&#8217;exchange. Dopo aver individuato uno scambio che ti consente di acquistare Zedxion coin in Norvegia, devi creare un account. Di solito, questa procedura prevede la fornitura di alcuni dati personali e la generazione di un nome utente e di una password.<br><br><\/li><li>Verifica la tua identit\u00e0, se necessario. Prima di poter iniziare a comprare e vendere Zedxion coin, alcuni scambi potrebbero chiederti di dimostrare la tua identit\u00e0. Il passaporto o la patente di guida sono esempi comuni di documenti di identificazione rilasciati dal governo che possono essere utilizzati per questo scopo.<br><br><br><\/li><li>Trasferisci denaro sul tuo account di scambio. Il passo successivo \u00e8 inviare denaro sul tuo account di scambio dopo che la tua identit\u00e0 \u00e8 stata confermata. Puoi utilizzare diverse tecniche, come un bonifico bancario o un pagamento con carta di credito, per farlo.<br><br><\/li><li>Acquista Zedxion coin inserendo un ordine sull&#8217;exchange. Puoi acquistare Zedxion coin inserendo un ordine sull&#8217;exchange dopo aver finanziato il tuo account di scambio. Dovrai farlo indicando la quantit\u00e0 di Zedxion coin che desideri acquistare e il tuo range di prezzo. Una volta che un venditore e il tuo ordine sono stati abbinati, lo scambio utilizzer\u00e0 i tuoi fondi per finalizzare la transazione.<\/li><\/ol>\n\n\n\n<figure class=\"wp-block-embed is-type-video is-provider-youtube wp-block-embed-youtube wp-embed-aspect-16-9 wp-has-aspect-ratio\"><div class=\"wp-block-embed__wrapper\">\n<iframe title=\"ZEDXION TOKEN ANALYSIS\" width=\"800\" height=\"450\" src=\"https:\/\/www.youtube.com\/embed\/-GCnMkhujLQ?feature=oembed\" frameborder=\"0\" allow=\"accelerometer; autoplay; clipboard-write; encrypted-media; gyroscope; picture-in-picture; web-share\" allowfullscreen><\/iframe>\n<\/div><\/figure>\n\n\n\n<h2 class=\"wp-block-heading\">Acquisto di Zedxion Coin in Norvegia e tassazione<\/h2>\n\n\n\n<p>In base alle specifiche del tuo acquisto, Zedxion Coin potrebbe o meno essere soggetto a diverse tassazioni in Norvegia. In generale, l&#8217;imposta sulle plusvalenze pu\u00f2 essere applicata su ogni guadagno derivante dalla vendita di Zedxion Coin. Per maggiori informazioni sullo stato fiscale di Zedxion Coin in Norvegia, dovresti parlare con un esperto di tasse o consultare i regolamenti dell&#8217;Amministrazione fiscale norvegese.<\/p>\n\n\n\n<h2 class=\"wp-block-heading\">Conclusioni<\/h2>\n\n\n\n<p>In conclusione, l&#8217;acquisto di Zedxion Coin in Norvegia \u00e8 un processo semplice e sicuro. Prima di utilizzare questo metodo di pagamento, \u00e8 fondamentale considerare i potenziali costi e le implicazioni fiscali della transazione. Se decidi di acquistare Zedxion Coin in Norvegia, assicurati di farlo da un exchange affidabile e di rispettare tutte le norme fiscali applicabili.<\/p>\n\n\n\n<!-- Page-list plugin v.5.9 wordpress.org\/plugins\/page-list\/ -->\n<ul class=\"page-list siblings-page-list \">\n<li class=\"page_item page-item-21195\"><a href=\"https:\/\/allin1bitcoins.com\/it\/crypto\/zedxion\/apple-pay\/\">Come Acquistare Zedxion (ZEDXION) Con Apple Pay<\/a><\/li>\n<li class=\"page_item page-item-21219\"><a href=\"https:\/\/allin1bitcoins.com\/it\/crypto\/zedxion\/crypto-anonymously\/\">Come Acquistare Zedxion (ZEDXION) Con Criptovaluta In Modo Anonimo<\/a><\/li>\n<li class=\"page_item page-item-21236\"><a href=\"https:\/\/allin1bitcoins.com\/it\/crypto\/zedxion\/google-pay\/\">Come Acquistare Zedxion (ZEDXION) Con Google Pay<\/a><\/li>\n<li class=\"page_item page-item-21178\"><a href=\"https:\/\/allin1bitcoins.com\/it\/crypto\/zedxion\/credit-card\/\">Come Acquistare Zedxion (ZEDXION) Con Una Carta Di Credito<\/a><\/li>\n<li class=\"page_item page-item-21210\"><a href=\"https:\/\/allin1bitcoins.com\/it\/crypto\/zedxion\/france\/\">Come Acquistare Zedxion (ZEDXION) In Francia<\/a><\/li>\n<li class=\"page_item page-item-21247\"><a href=\"https:\/\/allin1bitcoins.com\/it\/crypto\/zedxion\/norway\/\">Come Acquistare Zedxion (ZEDXION) In Norvegia<\/a><\/li>\n<li class=\"page_item page-item-21256\"><a href=\"https:\/\/allin1bitcoins.com\/it\/crypto\/zedxion\/turkey\/\">Come Acquistare Zedxion (ZEDXION) In Turchia<\/a><\/li>\n\n<\/ul>\n","protected":false},"excerpt":{"rendered":"<p>La risposta breve su come acquistare Zedxion Coin in Norvegia \u00c8 necessario effettuare le seguenti azioni per acquistare Zedxion Coin in Norvegia: Trova un exchange di criptovalute norvegese dove puoi acquistare e vendere Zedxion Coin. Crea un profilo sull&#8217;exchange. Verifica la tua identit\u00e0 se necessario. Trasferisci denaro sul tuo account dell&#8217;exchange. Inserisci un ordine per&#8230;<\/p>\n","protected":false},"author":3,"featured_media":0,"parent":21168,"menu_order":0,"comment_status":"closed","ping_status":"closed","template":"","meta":{"cybocfi_hide_featured_image":"","footnotes":""},"acf":[],"yoast_head":"<!-- This site is optimized with the Yoast SEO plugin v21.7 - https:\/\/yoast.com\/wordpress\/plugins\/seo\/ -->\n<title>Come Acquistare Zedxion (ZEDXION) In Norvegia - Allin1Bitcoins<\/title>\n<meta name=\"description\" content=\"Devi compiere le seguenti azioni per acquistare la moneta Zedxion in Norvegia. Continua a leggere per saperne di pi\u00f9 in dettaglio.\" \/>\n<meta name=\"robots\" content=\"index, follow, max-snippet:-1, max-image-preview:large, max-video-preview:-1\" \/>\n<link rel=\"canonical\" href=\"https:\/\/allin1bitcoins.com\/it\/crypto\/zedxion\/norway\/\" \/>\n<meta property=\"og:locale\" content=\"it_IT\" \/>\n<meta property=\"og:type\" content=\"article\" \/>\n<meta property=\"og:title\" content=\"Come Acquistare Zedxion (ZEDXION) In Norvegia - Allin1Bitcoins\" \/>\n<meta property=\"og:description\" content=\"Devi compiere le seguenti azioni per acquistare la moneta Zedxion in Norvegia. Continua a leggere per saperne di pi\u00f9 in dettaglio.\" \/>\n<meta property=\"og:url\" content=\"https:\/\/allin1bitcoins.com\/it\/crypto\/zedxion\/norway\/\" \/>\n<meta property=\"og:site_name\" content=\"Allin1Bitcoins\" \/>\n<meta property=\"article:modified_time\" content=\"2023-02-14T06:22:35+00:00\" \/>\n<meta name=\"twitter:card\" content=\"summary_large_image\" \/>\n<meta name=\"twitter:label1\" content=\"Est. reading time\" \/>\n\t<meta name=\"twitter:data1\" content=\"3 minutes\" \/>\n<!-- \/ Yoast SEO plugin. -->","yoast_head_json":{"title":"Come Acquistare Zedxion (ZEDXION) In Norvegia - Allin1Bitcoins","description":"Devi compiere le seguenti azioni per acquistare la moneta Zedxion in Norvegia. Continua a leggere per saperne di pi\u00f9 in dettaglio.","robots":{"index":"index","follow":"follow","max-snippet":"max-snippet:-1","max-image-preview":"max-image-preview:large","max-video-preview":"max-video-preview:-1"},"canonical":"https:\/\/allin1bitcoins.com\/it\/crypto\/zedxion\/norway\/","og_locale":"it_IT","og_type":"article","og_title":"Come Acquistare Zedxion (ZEDXION) In Norvegia - Allin1Bitcoins","og_description":"Devi compiere le seguenti azioni per acquistare la moneta Zedxion in Norvegia. Continua a leggere per saperne di pi\u00f9 in dettaglio.","og_url":"https:\/\/allin1bitcoins.com\/it\/crypto\/zedxion\/norway\/","og_site_name":"Allin1Bitcoins","article_modified_time":"2023-02-14T06:22:35+00:00","twitter_card":"summary_large_image","twitter_misc":{"Est. reading time":"3 minutes"},"schema":{"@context":"https:\/\/schema.org","@graph":[{"@type":"WebPage","@id":"https:\/\/allin1bitcoins.com\/it\/crypto\/zedxion\/norway\/","url":"https:\/\/allin1bitcoins.com\/it\/crypto\/zedxion\/norway\/","name":"Come Acquistare Zedxion (ZEDXION) In Norvegia - Allin1Bitcoins","isPartOf":{"@id":"https:\/\/allin1bitcoins.com\/it\/#website"},"datePublished":"2023-02-14T06:15:57+00:00","dateModified":"2023-02-14T06:22:35+00:00","description":"Devi compiere le seguenti azioni per acquistare la moneta Zedxion in Norvegia. Continua a leggere per saperne di pi\u00f9 in dettaglio.","breadcrumb":{"@id":"https:\/\/allin1bitcoins.com\/it\/crypto\/zedxion\/norway\/#breadcrumb"},"inLanguage":"it","potentialAction":[{"@type":"ReadAction","target":["https:\/\/allin1bitcoins.com\/it\/crypto\/zedxion\/norway\/"]}]},{"@type":"BreadcrumbList","@id":"https:\/\/allin1bitcoins.com\/it\/crypto\/zedxion\/norway\/#breadcrumb","itemListElement":[{"@type":"ListItem","position":1,"name":"Home","item":"https:\/\/allin1bitcoins.com\/it\/"},{"@type":"ListItem","position":2,"name":"Crypto","item":"https:\/\/allin1bitcoins.com\/it\/crypto\/"},{"@type":"ListItem","position":3,"name":"Come Acquistare Zedxion (ZEDXION) \u2013 Guida dettagliata (2023)","item":"https:\/\/allin1bitcoins.com\/it\/crypto\/zedxion\/"},{"@type":"ListItem","position":4,"name":"Come Acquistare Zedxion (ZEDXION) In Norvegia"}]},{"@type":"WebSite","@id":"https:\/\/allin1bitcoins.com\/it\/#website","url":"https:\/\/allin1bitcoins.com\/it\/","name":"Allin1Bitcoins","description":"","publisher":{"@id":"https:\/\/allin1bitcoins.com\/it\/#organization"},"potentialAction":[{"@type":"SearchAction","target":{"@type":"EntryPoint","urlTemplate":"https:\/\/allin1bitcoins.com\/it\/?s={search_term_string}"},"query-input":"required name=search_term_string"}],"inLanguage":"it"},{"@type":"Organization","@id":"https:\/\/allin1bitcoins.com\/it\/#organization","name":"allin1bitcoins","url":"https:\/\/allin1bitcoins.com\/it\/","logo":{"@type":"ImageObject","inLanguage":"it","@id":"https:\/\/allin1bitcoins.com\/it\/#\/schema\/logo\/image\/","url":"https:\/\/allin1bitcoins.com\/wp-content\/uploads\/2019\/01\/logo-new.png","contentUrl":"https:\/\/allin1bitcoins.com\/wp-content\/uploads\/2019\/01\/logo-new.png","width":178,"height":71,"caption":"allin1bitcoins"},"image":{"@id":"https:\/\/allin1bitcoins.com\/it\/#\/schema\/logo\/image\/"}}]}},"_links":{"self":[{"href":"https:\/\/allin1bitcoins.com\/it\/wp-json\/wp\/v2\/pages\/21247"}],"collection":[{"href":"https:\/\/allin1bitcoins.com\/it\/wp-json\/wp\/v2\/pages"}],"about":[{"href":"https:\/\/allin1bitcoins.com\/it\/wp-json\/wp\/v2\/types\/page"}],"author":[{"embeddable":true,"href":"https:\/\/allin1bitcoins.com\/it\/wp-json\/wp\/v2\/users\/3"}],"replies":[{"embeddable":true,"href":"https:\/\/allin1bitcoins.com\/it\/wp-json\/wp\/v2\/comments?post=21247"}],"version-history":[{"count":2,"href":"https:\/\/allin1bitcoins.com\/it\/wp-json\/wp\/v2\/pages\/21247\/revisions"}],"predecessor-version":[{"id":21250,"href":"https:\/\/allin1bitcoins.com\/it\/wp-json\/wp\/v2\/pages\/21247\/revisions\/21250"}],"up":[{"embeddable":true,"href":"https:\/\/allin1bitcoins.com\/it\/wp-json\/wp\/v2\/pages\/21168"}],"wp:attachment":[{"href":"https:\/\/allin1bitcoins.com\/it\/wp-json\/wp\/v2\/media?parent=21247"}],"curies":[{"name":"wp","href":"https:\/\/api.w.org\/{rel}","templated":true}]}}