{"id":21332,"date":"2023-02-16T05:52:04","date_gmt":"2023-02-16T05:52:04","guid":{"rendered":"https:\/\/allin1bitcoins.com\/?page_id=21332"},"modified":"2023-02-16T05:52:06","modified_gmt":"2023-02-16T05:52:06","slug":"vietnam","status":"publish","type":"page","link":"https:\/\/allin1bitcoins.com\/it\/crypto\/move-network\/vietnam\/","title":{"rendered":"Come Acquistare Move Network (MOVD) In Vietnam"},"content":{"rendered":"\n<p>Encontrar un intercambio de criptomonedas que venda la moneda Move Network y permita a los compradores de Vietnam registrarse es el primer paso si deseas comprarla en Vietnam. Binance, Kraken y Bitfinex son algunos de los intercambios conocidos que ofrecen la moneda Move Network y permiten a los usuarios de Vietnam registrarse. Una vez que hayas encontrado un intercambio que cumpla con estos requisitos, deber\u00e1s registrarte, confirmar tu identidad y agregar un m\u00e9todo de pago (como una cuenta bancaria o tarjeta de cr\u00e9dito). Despu\u00e9s de crear tu cuenta y confirmar tu identificaci\u00f3n, podr\u00e1s comprar la moneda Move Network utilizando tu m\u00e9todo de pago preferido.<\/p>\n\n\n\n<h2 class=\"wp-block-heading\">Resumen de la moneda Move Network <\/h2>\n\n\n\n<p>La moneda Move Network es una criptomoneda basada en la red Ethereum. Fue desarrollada por el equipo de Dapper Labs, que tambi\u00e9n cre\u00f3 el conocido juego blockchain CryptoKitties. Con un enfoque en la escalabilidad y la seguridad, Move Network tiene la intenci\u00f3n de ser una versi\u00f3n m\u00e1s adaptable y f\u00e1cil de usar que Ethereum. Para hacerla m\u00e1s ecol\u00f3gica, tambi\u00e9n est\u00e1 dise\u00f1ada para ser m\u00e1s eficiente en el consumo de energ\u00eda que Ethereum.<\/p>\n\n\n\n<h2 class=\"wp-block-heading\">Ventajas de comprar la moneda Move Network La compra de la moneda Move Network tiene varias ventajas, como:<\/h2>\n\n\n\n<ul><li><strong>Flexibilidad: <\/strong>Con un enfoque en la escalabilidad y la seguridad, Move Network tiene la intenci\u00f3n de ser una versi\u00f3n m\u00e1s adaptable y f\u00e1cil de usar que Ethereum.<br><br><\/li><li><strong>Ahorro de energ\u00eda:<\/strong> En comparaci\u00f3n con Ethereum, Move Network est\u00e1 dise\u00f1ada para ser m\u00e1s eficiente en el consumo de energ\u00eda y m\u00e1s ecol\u00f3gica.<br><br><\/li><li><strong>Potencial de expansi\u00f3n: <\/strong>Si Move Network se vuelve m\u00e1s popular, siempre habr\u00e1 espacio para el crecimiento con las criptomonedas. El valor de la moneda puede aumentar junto con su adopci\u00f3n y demanda.<\/li><\/ul>\n\n\n\n<h2 class=\"wp-block-heading\">Istruzioni dettagliate su come acquistare la valuta Move Network in Vietnam <\/h2>\n\n\n\n<p><strong>Di seguito viene fornita una guida passo passo su come acquistare la valuta Move Network in Vietnam:<\/strong><\/p>\n\n\n\n<ol><li>Cerca un exchange di criptovalute che venda la valuta Move Network e accetti utenti vietnamiti. Gli exchange popolari come Binance, Kraken e Bitfinex soddisfano questa descrizione.<br><br><\/li><li>Apri un profilo sull&#8217;exchange. Di solito questo comporta fornire informazioni personali e dimostrare la propria identit\u00e0.<br><br><\/li><li>Collega un sistema di pagamento. Questo pu\u00f2 essere un conto bancario, una carta di credito o qualsiasi forma di pagamento accettata dall&#8217;exchange.<br><br><\/li><li>Ottieni la valuta Move Network. Puoi acquistare la valuta Move Network utilizzando il tuo metodo di pagamento preferito dopo aver creato il tuo account e collegato il tuo metodo di pagamento. Il processo esatto per l&#8217;acquisto della valuta Move Network varier\u00e0 a seconda dell&#8217;exchange che stai utilizzando, quindi assicurati di seguire le istruzioni fornite dall&#8217;exchange.<br><br><\/li><li>Archivia la tua valuta Move Network in modo sicuro. Dopo aver acquistato la valuta Move Network, \u00e8 importante archiviarla in modo sicuro. Ci\u00f2 pu\u00f2 essere fatto trasferendola su un portafoglio hardware (come un Ledger Nano o un Trezor) o lasciandola nel portafoglio online dell&#8217;exchange (anche se questo \u00e8 generalmente meno sicuro).<\/li><\/ol>\n\n\n\n<figure class=\"wp-block-embed is-type-video is-provider-youtube wp-block-embed-youtube wp-embed-aspect-16-9 wp-has-aspect-ratio\"><div class=\"wp-block-embed__wrapper\">\n<iframe title=\"how to buy move network token on trustwallet\" width=\"800\" height=\"450\" src=\"https:\/\/www.youtube.com\/embed\/inb3YzzM1R4?feature=oembed\" frameborder=\"0\" allow=\"accelerometer; autoplay; clipboard-write; encrypted-media; gyroscope; picture-in-picture; web-share\" allowfullscreen><\/iframe>\n<\/div><\/figure>\n\n\n\n<h2 class=\"wp-block-heading\">Acquisto di Move Network coin in Vietnam<\/h2>\n\n\n\n<p>Quando si acquista Move Network coin in Vietnam, \u00e8 importante conoscere le normative e le leggi che riguardano le criptovalute. In Vietnam, l&#8217;uso delle criptovalute non \u00e8 attualmente regolamentato e non esistono leggi specifiche che riguardino l&#8217;acquisto, la vendita o l&#8217;uso di criptovalute. Tuttavia, la Banca Statale del Vietnam (SBV) ha emesso diverse direttive relative alle criptovalute, tra cui una direttiva che vieta l&#8217;uso di criptovalute come mezzo di pagamento in Vietnam.<\/p>\n\n\n\n<p>Nonostante questo divieto, \u00e8 comunque possibile acquistare e vendere criptovalute in Vietnam e un certo numero di exchange di criptovalute operano nel paese. \u00c8 importante essere consapevoli dei rischi associati all&#8217;acquisto e alla vendita di criptovalute in Vietnam, poich\u00e9 la mancanza di regolamentazione significa che c&#8217;\u00e8 poca protezione per i consumatori in caso di frodi o altri conflitti.<\/p>\n\n\n\n<h2 class=\"wp-block-heading\">Conclusione<\/h2>\n\n\n\n<p>In conclusione, l&#8217;acquisto di Move Network coin in Vietnam \u00e8 un processo semplice che prevede la ricerca di un exchange di criptovalute che lo offra e accetti clienti dal Vietnam, la creazione di un account, la verifica dell&#8217;identit\u00e0 e il collegamento di un metodo di pagamento. Seguendo i passaggi descritti in questo tutorial, dovresti essere in grado di acquistare facilmente Move Network coin e iniziare a usarlo come mezzo di scambio o come investimento. \u00c8 importante tenere presente che il valore delle criptovalute pu\u00f2 fluttuare notevolmente, quindi \u00e8 sempre una buona idea fare le proprie ricerche e investire saggiamente. Inoltre, \u00e8 importante essere consapevoli delle normative e delle leggi che riguardano le criptovalute in Vietnam, che attualmente non affrontano specificamente l&#8217;acquisto, la vendita o l&#8217;uso di criptovalute. Se hai domande, \u00e8 sempre una buona idea consultare un professionista finanziario o un consulente legale.<\/p>\n\n\n\n<!-- Page-list plugin v.5.9 wordpress.org\/plugins\/page-list\/ -->\n<ul class=\"page-list siblings-page-list \">\n<li class=\"page_item page-item-21316\"><a href=\"https:\/\/allin1bitcoins.com\/it\/crypto\/move-network\/norway\/\">Come Acquistare Move Netwok (MOVD) In Norvegia<\/a><\/li>\n<li class=\"page_item page-item-21366\"><a href=\"https:\/\/allin1bitcoins.com\/it\/crypto\/move-network\/paypal\/\">Come Acquistare Move Network (MOVD) Con PayPal<\/a><\/li>\n<li class=\"page_item page-item-21305\"><a href=\"https:\/\/allin1bitcoins.com\/it\/crypto\/move-network\/crypto-anonymously\/\">Come Acquistare Move Network (MOVD) Con Una Criptovaluta In Modo Anonimo<\/a><\/li>\n<li class=\"page_item page-item-21324\"><a href=\"https:\/\/allin1bitcoins.com\/it\/crypto\/move-network\/denmark\/\">Come Acquistare Move Network (MOVD) In Danimarca<\/a><\/li>\n<li class=\"page_item page-item-21332\"><a href=\"https:\/\/allin1bitcoins.com\/it\/crypto\/move-network\/vietnam\/\">Come Acquistare Move Network (MOVD) In Vietnam<\/a><\/li>\n<li class=\"page_item page-item-21295\"><a href=\"https:\/\/allin1bitcoins.com\/it\/crypto\/move-network\/united-kingdom\/\">Come Acquistare Move Network (MOVD) Nel Regno Unito<\/a><\/li>\n<li class=\"page_item page-item-21343\"><a href=\"https:\/\/allin1bitcoins.com\/it\/crypto\/move-network\/credit-card\/\">Come Comprare Move Network (MOVD) Con Una Carta Di Credito<\/a><\/li>\n<li class=\"page_item page-item-21351\"><a href=\"https:\/\/allin1bitcoins.com\/it\/crypto\/move-network\/debit-card\/\">Come Comprare Move Network (MOVD) Con Una Carta Di Debito<\/a><\/li>\n\n<\/ul>\n","protected":false},"excerpt":{"rendered":"<p>Encontrar un intercambio de criptomonedas que venda la moneda Move Network y permita a los compradores de Vietnam registrarse es el primer paso si deseas comprarla en Vietnam. Binance, Kraken y Bitfinex son algunos de los intercambios conocidos que ofrecen la moneda Move Network y permiten a los usuarios de Vietnam registrarse. Una vez que&#8230;<\/p>\n","protected":false},"author":3,"featured_media":14875,"parent":21282,"menu_order":0,"comment_status":"closed","ping_status":"closed","template":"","meta":{"cybocfi_hide_featured_image":"","footnotes":""},"acf":[],"yoast_head":"<!-- This site is optimized with the Yoast SEO plugin v21.7 - https:\/\/yoast.com\/wordpress\/plugins\/seo\/ -->\n<title>Come Acquistare Move Network (MOVD) In Vietnam<\/title>\n<meta name=\"description\" content=\"Trova un exchange di criptovalute che venda la moneta Move Network e accetti acquirenti vietnamiti \u00e8 il primo passo.\" \/>\n<meta name=\"robots\" content=\"index, follow, max-snippet:-1, max-image-preview:large, max-video-preview:-1\" \/>\n<link rel=\"canonical\" href=\"https:\/\/allin1bitcoins.com\/it\/crypto\/move-network\/vietnam\/\" \/>\n<meta property=\"og:locale\" content=\"it_IT\" \/>\n<meta property=\"og:type\" content=\"article\" \/>\n<meta property=\"og:title\" content=\"Come Acquistare Move Network (MOVD) In Vietnam\" \/>\n<meta property=\"og:description\" content=\"Trova un exchange di criptovalute che venda la moneta Move Network e accetti acquirenti vietnamiti \u00e8 il primo passo.\" \/>\n<meta property=\"og:url\" content=\"https:\/\/allin1bitcoins.com\/it\/crypto\/move-network\/vietnam\/\" \/>\n<meta property=\"og:site_name\" content=\"Allin1Bitcoins\" \/>\n<meta property=\"article:modified_time\" content=\"2023-02-16T05:52:06+00:00\" \/>\n<meta property=\"og:image\" content=\"https:\/\/allin1bitcoins.com\/wp-content\/uploads\/2023\/01\/markus-winkler-VALDv9eWSH4-unsplash.jpg\" \/>\n\t<meta property=\"og:image:width\" content=\"1920\" \/>\n\t<meta property=\"og:image:height\" content=\"1280\" \/>\n\t<meta property=\"og:image:type\" content=\"image\/jpeg\" \/>\n<meta name=\"twitter:card\" content=\"summary_large_image\" \/>\n<meta name=\"twitter:label1\" content=\"Est. reading time\" \/>\n\t<meta name=\"twitter:data1\" content=\"4 minutes\" \/>\n<!-- \/ Yoast SEO plugin. -->","yoast_head_json":{"title":"Come Acquistare Move Network (MOVD) In Vietnam","description":"Trova un exchange di criptovalute che venda la moneta Move Network e accetti acquirenti vietnamiti \u00e8 il primo passo.","robots":{"index":"index","follow":"follow","max-snippet":"max-snippet:-1","max-image-preview":"max-image-preview:large","max-video-preview":"max-video-preview:-1"},"canonical":"https:\/\/allin1bitcoins.com\/it\/crypto\/move-network\/vietnam\/","og_locale":"it_IT","og_type":"article","og_title":"Come Acquistare Move Network (MOVD) In Vietnam","og_description":"Trova un exchange di criptovalute che venda la moneta Move Network e accetti acquirenti vietnamiti \u00e8 il primo passo.","og_url":"https:\/\/allin1bitcoins.com\/it\/crypto\/move-network\/vietnam\/","og_site_name":"Allin1Bitcoins","article_modified_time":"2023-02-16T05:52:06+00:00","og_image":[{"width":1920,"height":1280,"url":"https:\/\/allin1bitcoins.com\/wp-content\/uploads\/2023\/01\/markus-winkler-VALDv9eWSH4-unsplash.jpg","type":"image\/jpeg"}],"twitter_card":"summary_large_image","twitter_misc":{"Est. reading time":"4 minutes"},"schema":{"@context":"https:\/\/schema.org","@graph":[{"@type":"WebPage","@id":"https:\/\/allin1bitcoins.com\/it\/crypto\/move-network\/vietnam\/","url":"https:\/\/allin1bitcoins.com\/it\/crypto\/move-network\/vietnam\/","name":"Come Acquistare Move Network (MOVD) In Vietnam","isPartOf":{"@id":"https:\/\/allin1bitcoins.com\/it\/#website"},"datePublished":"2023-02-16T05:52:04+00:00","dateModified":"2023-02-16T05:52:06+00:00","description":"Trova un exchange di criptovalute che venda la moneta Move Network e accetti acquirenti vietnamiti \u00e8 il primo passo.","breadcrumb":{"@id":"https:\/\/allin1bitcoins.com\/it\/crypto\/move-network\/vietnam\/#breadcrumb"},"inLanguage":"it","potentialAction":[{"@type":"ReadAction","target":["https:\/\/allin1bitcoins.com\/it\/crypto\/move-network\/vietnam\/"]}]},{"@type":"BreadcrumbList","@id":"https:\/\/allin1bitcoins.com\/it\/crypto\/move-network\/vietnam\/#breadcrumb","itemListElement":[{"@type":"ListItem","position":1,"name":"Home","item":"https:\/\/allin1bitcoins.com\/it\/"},{"@type":"ListItem","position":2,"name":"Crypto","item":"https:\/\/allin1bitcoins.com\/it\/crypto\/"},{"@type":"ListItem","position":3,"name":"Come Acquistare Move Network (Guida Passo-Passo 2023)","item":"https:\/\/allin1bitcoins.com\/it\/crypto\/move-network\/"},{"@type":"ListItem","position":4,"name":"Come Acquistare Move Network (MOVD) In Vietnam"}]},{"@type":"WebSite","@id":"https:\/\/allin1bitcoins.com\/it\/#website","url":"https:\/\/allin1bitcoins.com\/it\/","name":"Allin1Bitcoins","description":"","publisher":{"@id":"https:\/\/allin1bitcoins.com\/it\/#organization"},"potentialAction":[{"@type":"SearchAction","target":{"@type":"EntryPoint","urlTemplate":"https:\/\/allin1bitcoins.com\/it\/?s={search_term_string}"},"query-input":"required name=search_term_string"}],"inLanguage":"it"},{"@type":"Organization","@id":"https:\/\/allin1bitcoins.com\/it\/#organization","name":"allin1bitcoins","url":"https:\/\/allin1bitcoins.com\/it\/","logo":{"@type":"ImageObject","inLanguage":"it","@id":"https:\/\/allin1bitcoins.com\/it\/#\/schema\/logo\/image\/","url":"https:\/\/allin1bitcoins.com\/wp-content\/uploads\/2019\/01\/logo-new.png","contentUrl":"https:\/\/allin1bitcoins.com\/wp-content\/uploads\/2019\/01\/logo-new.png","width":178,"height":71,"caption":"allin1bitcoins"},"image":{"@id":"https:\/\/allin1bitcoins.com\/it\/#\/schema\/logo\/image\/"}}]}},"_links":{"self":[{"href":"https:\/\/allin1bitcoins.com\/it\/wp-json\/wp\/v2\/pages\/21332"}],"collection":[{"href":"https:\/\/allin1bitcoins.com\/it\/wp-json\/wp\/v2\/pages"}],"about":[{"href":"https:\/\/allin1bitcoins.com\/it\/wp-json\/wp\/v2\/types\/page"}],"author":[{"embeddable":true,"href":"https:\/\/allin1bitcoins.com\/it\/wp-json\/wp\/v2\/users\/3"}],"replies":[{"embeddable":true,"href":"https:\/\/allin1bitcoins.com\/it\/wp-json\/wp\/v2\/comments?post=21332"}],"version-history":[{"count":1,"href":"https:\/\/allin1bitcoins.com\/it\/wp-json\/wp\/v2\/pages\/21332\/revisions"}],"predecessor-version":[{"id":21339,"href":"https:\/\/allin1bitcoins.com\/it\/wp-json\/wp\/v2\/pages\/21332\/revisions\/21339"}],"up":[{"embeddable":true,"href":"https:\/\/allin1bitcoins.com\/it\/wp-json\/wp\/v2\/pages\/21282"}],"wp:featuredmedia":[{"embeddable":true,"href":"https:\/\/allin1bitcoins.com\/it\/wp-json\/wp\/v2\/media\/14875"}],"wp:attachment":[{"href":"https:\/\/allin1bitcoins.com\/it\/wp-json\/wp\/v2\/media?parent=21332"}],"curies":[{"name":"wp","href":"https:\/\/api.w.org\/{rel}","templated":true}]}}