{"id":21396,"date":"2023-02-16T19:15:12","date_gmt":"2023-02-16T19:15:12","guid":{"rendered":"https:\/\/allin1bitcoins.com\/?page_id=21396"},"modified":"2023-02-16T19:15:17","modified_gmt":"2023-02-16T19:15:17","slug":"united-states","status":"publish","type":"page","link":"https:\/\/allin1bitcoins.com\/it\/crypto\/bobcoin\/united-states\/","title":{"rendered":"Come Acquistare Bobcoin (BOBC) Negli Stati Uniti"},"content":{"rendered":"\n<p>Bobcoin \u00e8 una valuta digitale decentralizzata che elimina la necessit\u00e0 di un&#8217;entit\u00e0 centralizzata per inviare e ricevere pagamenti. Per acquistare Bobcoin negli Stati Uniti, dovrai creare un portafoglio digitale e registrarti presso una borsa di criptovaluta che si occupa di Bobcoin. Successivamente, puoi acquistare Bobcoin utilizzando diversi metodi di pagamento, tra cui carta di credito, bonifico bancario o addirittura contanti.<\/p>\n\n\n\n<h2 class=\"wp-block-heading\">Panoramica di Bobcoin<\/h2>\n\n\n\n<p>Bobcoin \u00e8 una valuta digitale decentralizzata sviluppata nel 2009 da &#8220;Satoshi Nakamoto&#8221;, una persona o un gruppo di persone che preferisce rimanere anonimo. La valuta si basa sulla tecnologia peer-to-peer, che consente agli utenti di trasferire e ricevere denaro senza la necessit\u00e0 di un&#8217;organizzazione centralizzata. La limitata fornitura di Bobcoin \u00e8 una delle sue caratteristiche distintive. Solo 21 milioni di Bobcoin saranno in circolazione; a gennaio 2021, ne esistevano pi\u00f9 di 18,6 milioni. Il valore di Bobcoin \u00e8 aumentato significativamente nel tempo a causa della limitata offerta e dell&#8217;aumento della domanda.<\/p>\n\n\n\n<h2 class=\"wp-block-heading\">Vantaggi dell&#8217;acquisto di Bobcoin<\/h2>\n\n\n\n<p><strong>Di seguito sono riportati alcuni vantaggi dell&#8217;acquisto di Bobcoin:<\/strong><\/p>\n\n\n\n<ul><li><strong>Sicuro:<\/strong> Bobcoin funziona su una rete peer-to-peer anzich\u00e9 essere sotto il controllo di un&#8217;entit\u00e0 singola, nota come decentralizzazione. Di conseguenza, \u00e8 meno suscettibile a censura, frodi e altri tipi di interferenze.<br><br><\/li><li><strong>Costi di transazione ridotti: <\/strong>le transazioni con Bobcoin hanno spesso costi di transazione relativamente bassi rispetto ad altri metodi di pagamento. Ci\u00f2 lo rende una scelta desiderabile per gli utenti che desiderano inviare denaro all&#8217;estero o completare altre transazioni significative.<br><br><\/li><li><strong>Quantit\u00e0 finite: <\/strong>Bobcoin ha un&#8217;offerta limitata; ne esisteranno solo 21 milioni, come gi\u00e0 stabilito. Il valore di Bobcoin \u00e8 aumentato significativamente nel tempo a causa della limitata offerta e dell&#8217;aumento della domanda.<br><br><\/li><li><strong>Anonimato: <\/strong>le transazioni con Bobcoin sono pseudonime, il che significa che anche se i nomi delle parti coinvolte sono registrati sulla blockchain (un registro pubblico), le loro identit\u00e0 rimangono segrete. Gli utenti possono quindi effettuare transazioni senza divulgare alcuna informazione personale.<\/li><\/ul>\n\n\n\n<figure class=\"wp-block-embed is-type-video is-provider-youtube wp-block-embed-youtube wp-embed-aspect-16-9 wp-has-aspect-ratio\"><div class=\"wp-block-embed__wrapper\">\n<iframe title=\"$BOBC - BOBCOIN TOKEN - CRYPTO COIN ALTCOIN HOW TO BUY NFT NFTS BSC ETH BTC NEW BOB BOBC EV BIKES\" width=\"800\" height=\"450\" src=\"https:\/\/www.youtube.com\/embed\/PMxoUPS5cio?feature=oembed\" frameborder=\"0\" allow=\"accelerometer; autoplay; clipboard-write; encrypted-media; gyroscope; picture-in-picture; web-share\" allowfullscreen><\/iframe>\n<\/div><\/figure>\n\n\n\n<h2 class=\"wp-block-heading\">Come acquistare Bobcoin negli Stati Uniti: una guida passo-passo <\/h2>\n\n\n\n<p><strong>Ecco un tutorial passo-passo per l&#8217;acquisto di Bobcoin negli Stati Uniti:<\/strong><\/p>\n\n\n\n<ol><li><strong>Creare un portafoglio digitale: <\/strong>Per prima cosa \u00e8 necessario creare un portafoglio digitale in cui conservare i propri Bobcoin. Esistono diverse scelte tra cui portafogli hardware e software. Scegliere quello che meglio soddisfa le proprie esigenze e poi impostarlo seguendo le istruzioni fornite.<br><br><\/li><li><strong>Diventare membro di uno scambio di criptovalute: <\/strong>dopo aver creato un portafoglio digitale, \u00e8 necessario registrarsi presso uno scambio di criptovalute che accetta Bobcoin. Negli Stati Uniti ci sono diversi scambi ben noti, tra cui Coinbase, Binance e Kraken. Per creare un account, visitare il sito web dello scambio e seguire le istruzioni.<br><br><\/li><li><strong>Verificare il proprio account:<\/strong> Prima di poter iniziare ad acquistare e scambiare Bobcoin sulla maggior parte degli scambi di criptovalute, \u00e8 necessario verificare il proprio account. Di solito \u00e8 richiesto caricare una copia di un documento di identit\u00e0 emesso dal governo e un documento che provi il proprio indirizzo.<br><br><\/li><li><strong>Aggiungere fondi:<\/strong> Dopo aver validato il proprio account, \u00e8 necessario finanziarlo utilizzando un metodo di pagamento. A seconda dello scambio utilizzato, si potrebbe utilizzare una carta di credito, un bonifico bancario o addirittura contanti per farlo.<br><br><\/li><li><strong>Ordinare Bobcoin:<\/strong> Una volta che il proprio account \u00e8 stato finanziato, si pu\u00f2 iniziare ad acquistare Bobcoin. Basta eseguire una ricerca di scambio di Bobcoin e scegliere la quantit\u00e0 desiderata da acquistare. Verificare i dettagli dell&#8217;ordine, inclusi il prezzo totale e eventuali commissioni applicabili, quindi confermare l&#8217;acquisto.<\/li><\/ol>\n\n\n\n<h2 class=\"wp-block-heading\">Tassazione di Bobcoin quando acquistato negli Stati Uniti <\/h2>\n\n\n\n<p>Le implicazioni fiscali dell&#8217;acquisto di Bobcoin negli Stati Uniti devono essere prese in considerazione, come con ogni altro investimento. Quando venduti, Bobcoin e altre criptovalute sono soggetti a una tassa sulle plusvalenze in quanto sono considerati &#8220;beni&#8221; ai fini fiscali dall&#8217;Internal Revenue Service (IRS). Se si hanno domande o preoccupazioni su come Bobcoin sia trattato dal punto di vista fiscale, \u00e8 importante parlare con un esperto fiscale. Per garantire la conformit\u00e0 alle norme fiscali, \u00e8 anche importante mantenere registri precisi delle transazioni e delle vendite di Bobcoin.<\/p>\n\n\n\n<h2 class=\"wp-block-heading\">Conclusione<\/h2>\n\n\n\n<p>Una volta che hai un portafoglio digitale e un account con un exchange di criptovalute, l&#8217;acquisto di Bobcoin negli Stati Uniti \u00e8 un processo piuttosto semplice. Puoi comprare rapidamente Bobcoin utilizzando diversi metodi di pagamento seguendo le istruzioni descritte sopra e cominciando a utilizzarlo per le transazioni online. Anche se ci sono alcune implicazioni fiscali di cui essere consapevoli, aggiungere Bobcoin al tuo portafoglio di investimenti pu\u00f2 essere una decisione saggia. Prima di prendere qualsiasi decisione, come con qualsiasi investimento, \u00e8 essenziale condurre la tua ricerca e parlare con un esperto finanziario.<\/p>\n\n\n\n<!-- Page-list plugin v.5.9 wordpress.org\/plugins\/page-list\/ -->\n<ul class=\"page-list siblings-page-list \">\n<li class=\"page_item page-item-21469\"><a href=\"https:\/\/allin1bitcoins.com\/it\/crypto\/bobcoin\/american-express\/\">Acquista Bobcoin (BOBC) Con American Express<\/a><\/li>\n<li class=\"page_item page-item-21454\"><a href=\"https:\/\/allin1bitcoins.com\/it\/crypto\/bobcoin\/paypal\/\">Come Acquistare Bobcoin (BOBC) Con Paypal<\/a><\/li>\n<li class=\"page_item page-item-21433\"><a href=\"https:\/\/allin1bitcoins.com\/it\/crypto\/bobcoin\/credit-card\/\">Come Acquistare Bobcoin (BOBC) Con Una Carta Di Credito<\/a><\/li>\n<li class=\"page_item page-item-21441\"><a href=\"https:\/\/allin1bitcoins.com\/it\/crypto\/bobcoin\/debit-card\/\">Come Acquistare Bobcoin (BOBC) Con Una Carta di Debito<\/a><\/li>\n<li class=\"page_item page-item-21420\"><a href=\"https:\/\/allin1bitcoins.com\/it\/crypto\/bobcoin\/switzerland\/\">Come Acquistare Bobcoin (BOBC) In Svizzera<\/a><\/li>\n<li class=\"page_item page-item-21396\"><a href=\"https:\/\/allin1bitcoins.com\/it\/crypto\/bobcoin\/united-states\/\">Come Acquistare Bobcoin (BOBC) Negli Stati Uniti<\/a><\/li>\n<li class=\"page_item page-item-21386\"><a href=\"https:\/\/allin1bitcoins.com\/it\/crypto\/bobcoin\/united-kingdom\/\">Come Acquistare Bobcoin (BOBC) Nel Regno Unito<\/a><\/li>\n<li class=\"page_item page-item-21410\"><a href=\"https:\/\/allin1bitcoins.com\/it\/crypto\/bobcoin\/canada\/\">Come Comprare Bobcoin (BOBC) In Canada<\/a><\/li>\n\n<\/ul>\n","protected":false},"excerpt":{"rendered":"<p>Bobcoin \u00e8 una valuta digitale decentralizzata che elimina la necessit\u00e0 di un&#8217;entit\u00e0 centralizzata per inviare e ricevere pagamenti. Per acquistare Bobcoin negli Stati Uniti, dovrai creare un portafoglio digitale e registrarti presso una borsa di criptovaluta che si occupa di Bobcoin. Successivamente, puoi acquistare Bobcoin utilizzando diversi metodi di pagamento, tra cui carta di credito,&#8230;<\/p>\n","protected":false},"author":3,"featured_media":17098,"parent":21377,"menu_order":0,"comment_status":"closed","ping_status":"closed","template":"","meta":{"cybocfi_hide_featured_image":"","footnotes":""},"acf":[],"yoast_head":"<!-- This site is optimized with the Yoast SEO plugin v21.7 - https:\/\/yoast.com\/wordpress\/plugins\/seo\/ -->\n<title>Come Acquistare Bobcoin (BOBC) Negli Stati Uniti<\/title>\n<meta name=\"description\" content=\"Dopo aver creato un portafoglio digitale e un account su un exchange di criptovalute, l&#039;acquisto di Bobcoin negli Stati Uniti \u00e8 facile.\" \/>\n<meta name=\"robots\" content=\"index, follow, max-snippet:-1, max-image-preview:large, max-video-preview:-1\" \/>\n<link rel=\"canonical\" href=\"https:\/\/allin1bitcoins.com\/it\/crypto\/bobcoin\/united-states\/\" \/>\n<meta property=\"og:locale\" content=\"it_IT\" \/>\n<meta property=\"og:type\" content=\"article\" \/>\n<meta property=\"og:title\" content=\"Come Acquistare Bobcoin (BOBC) Negli Stati Uniti\" \/>\n<meta property=\"og:description\" content=\"Dopo aver creato un portafoglio digitale e un account su un exchange di criptovalute, l&#039;acquisto di Bobcoin negli Stati Uniti \u00e8 facile.\" \/>\n<meta property=\"og:url\" content=\"https:\/\/allin1bitcoins.com\/it\/crypto\/bobcoin\/united-states\/\" \/>\n<meta property=\"og:site_name\" content=\"Allin1Bitcoins\" \/>\n<meta property=\"article:modified_time\" content=\"2023-02-16T19:15:17+00:00\" \/>\n<meta property=\"og:image\" content=\"https:\/\/allin1bitcoins.com\/wp-content\/uploads\/2023\/01\/pexels-sharefaith-1202723.jpg\" \/>\n\t<meta property=\"og:image:width\" content=\"1279\" \/>\n\t<meta property=\"og:image:height\" content=\"829\" \/>\n\t<meta property=\"og:image:type\" content=\"image\/jpeg\" \/>\n<meta name=\"twitter:card\" content=\"summary_large_image\" \/>\n<meta name=\"twitter:label1\" content=\"Est. reading time\" \/>\n\t<meta name=\"twitter:data1\" content=\"4 minutes\" \/>\n<!-- \/ Yoast SEO plugin. -->","yoast_head_json":{"title":"Come Acquistare Bobcoin (BOBC) Negli Stati Uniti","description":"Dopo aver creato un portafoglio digitale e un account su un exchange di criptovalute, l'acquisto di Bobcoin negli Stati Uniti \u00e8 facile.","robots":{"index":"index","follow":"follow","max-snippet":"max-snippet:-1","max-image-preview":"max-image-preview:large","max-video-preview":"max-video-preview:-1"},"canonical":"https:\/\/allin1bitcoins.com\/it\/crypto\/bobcoin\/united-states\/","og_locale":"it_IT","og_type":"article","og_title":"Come Acquistare Bobcoin (BOBC) Negli Stati Uniti","og_description":"Dopo aver creato un portafoglio digitale e un account su un exchange di criptovalute, l'acquisto di Bobcoin negli Stati Uniti \u00e8 facile.","og_url":"https:\/\/allin1bitcoins.com\/it\/crypto\/bobcoin\/united-states\/","og_site_name":"Allin1Bitcoins","article_modified_time":"2023-02-16T19:15:17+00:00","og_image":[{"width":1279,"height":829,"url":"https:\/\/allin1bitcoins.com\/wp-content\/uploads\/2023\/01\/pexels-sharefaith-1202723.jpg","type":"image\/jpeg"}],"twitter_card":"summary_large_image","twitter_misc":{"Est. reading time":"4 minutes"},"schema":{"@context":"https:\/\/schema.org","@graph":[{"@type":"WebPage","@id":"https:\/\/allin1bitcoins.com\/it\/crypto\/bobcoin\/united-states\/","url":"https:\/\/allin1bitcoins.com\/it\/crypto\/bobcoin\/united-states\/","name":"Come Acquistare Bobcoin (BOBC) Negli Stati Uniti","isPartOf":{"@id":"https:\/\/allin1bitcoins.com\/it\/#website"},"datePublished":"2023-02-16T19:15:12+00:00","dateModified":"2023-02-16T19:15:17+00:00","description":"Dopo aver creato un portafoglio digitale e un account su un exchange di criptovalute, l'acquisto di Bobcoin negli Stati Uniti \u00e8 facile.","breadcrumb":{"@id":"https:\/\/allin1bitcoins.com\/it\/crypto\/bobcoin\/united-states\/#breadcrumb"},"inLanguage":"it","potentialAction":[{"@type":"ReadAction","target":["https:\/\/allin1bitcoins.com\/it\/crypto\/bobcoin\/united-states\/"]}]},{"@type":"BreadcrumbList","@id":"https:\/\/allin1bitcoins.com\/it\/crypto\/bobcoin\/united-states\/#breadcrumb","itemListElement":[{"@type":"ListItem","position":1,"name":"Home","item":"https:\/\/allin1bitcoins.com\/it\/"},{"@type":"ListItem","position":2,"name":"Crypto","item":"https:\/\/allin1bitcoins.com\/it\/crypto\/"},{"@type":"ListItem","position":3,"name":"Come Comprare Bobcoin (BOBC) &#8211; Guida Passo Passo","item":"https:\/\/allin1bitcoins.com\/it\/crypto\/bobcoin\/"},{"@type":"ListItem","position":4,"name":"Come Acquistare Bobcoin (BOBC) Negli Stati Uniti"}]},{"@type":"WebSite","@id":"https:\/\/allin1bitcoins.com\/it\/#website","url":"https:\/\/allin1bitcoins.com\/it\/","name":"Allin1Bitcoins","description":"","publisher":{"@id":"https:\/\/allin1bitcoins.com\/it\/#organization"},"potentialAction":[{"@type":"SearchAction","target":{"@type":"EntryPoint","urlTemplate":"https:\/\/allin1bitcoins.com\/it\/?s={search_term_string}"},"query-input":"required name=search_term_string"}],"inLanguage":"it"},{"@type":"Organization","@id":"https:\/\/allin1bitcoins.com\/it\/#organization","name":"allin1bitcoins","url":"https:\/\/allin1bitcoins.com\/it\/","logo":{"@type":"ImageObject","inLanguage":"it","@id":"https:\/\/allin1bitcoins.com\/it\/#\/schema\/logo\/image\/","url":"https:\/\/allin1bitcoins.com\/wp-content\/uploads\/2019\/01\/logo-new.png","contentUrl":"https:\/\/allin1bitcoins.com\/wp-content\/uploads\/2019\/01\/logo-new.png","width":178,"height":71,"caption":"allin1bitcoins"},"image":{"@id":"https:\/\/allin1bitcoins.com\/it\/#\/schema\/logo\/image\/"}}]}},"_links":{"self":[{"href":"https:\/\/allin1bitcoins.com\/it\/wp-json\/wp\/v2\/pages\/21396"}],"collection":[{"href":"https:\/\/allin1bitcoins.com\/it\/wp-json\/wp\/v2\/pages"}],"about":[{"href":"https:\/\/allin1bitcoins.com\/it\/wp-json\/wp\/v2\/types\/page"}],"author":[{"embeddable":true,"href":"https:\/\/allin1bitcoins.com\/it\/wp-json\/wp\/v2\/users\/3"}],"replies":[{"embeddable":true,"href":"https:\/\/allin1bitcoins.com\/it\/wp-json\/wp\/v2\/comments?post=21396"}],"version-history":[{"count":1,"href":"https:\/\/allin1bitcoins.com\/it\/wp-json\/wp\/v2\/pages\/21396\/revisions"}],"predecessor-version":[{"id":21399,"href":"https:\/\/allin1bitcoins.com\/it\/wp-json\/wp\/v2\/pages\/21396\/revisions\/21399"}],"up":[{"embeddable":true,"href":"https:\/\/allin1bitcoins.com\/it\/wp-json\/wp\/v2\/pages\/21377"}],"wp:featuredmedia":[{"embeddable":true,"href":"https:\/\/allin1bitcoins.com\/it\/wp-json\/wp\/v2\/media\/17098"}],"wp:attachment":[{"href":"https:\/\/allin1bitcoins.com\/it\/wp-json\/wp\/v2\/media?parent=21396"}],"curies":[{"name":"wp","href":"https:\/\/api.w.org\/{rel}","templated":true}]}}