{"id":21420,"date":"2023-02-17T05:31:33","date_gmt":"2023-02-17T05:31:33","guid":{"rendered":"https:\/\/allin1bitcoins.com\/?page_id=21420"},"modified":"2023-02-17T05:31:37","modified_gmt":"2023-02-17T05:31:37","slug":"switzerland","status":"publish","type":"page","link":"https:\/\/allin1bitcoins.com\/it\/crypto\/bobcoin\/switzerland\/","title":{"rendered":"Come Acquistare Bobcoin (BOBC) In Svizzera"},"content":{"rendered":"\n<p>Prima di poter acquistarlo in Svizzera, dovrai prima creare un portafoglio digitale che accetti Bobcoin. Successivamente, puoi acquistare direttamente da un venditore o tramite uno scambio di criptovalute. Prima di effettuare qualsiasi acquisto, \u00e8 importante condurre la propria ricerca e dovuta diligenza.<\/p>\n\n\n\n<h2 class=\"wp-block-heading\">Panoramica su Bobcoin<\/h2>\n\n\n\n<p>Per proteggere le transazioni finanziarie, confermare il trasferimento di asset e gestire la creazione di nuove unit\u00e0, Bobcoin utilizza la crittografia. Viene utilizzato un algoritmo predefinito per decidere l&#8217;offerta di Bobcoin, che funziona in modo indipendente dalla banca centrale.<\/p>\n\n\n\n<p>L&#8217;acquisto online di prodotti e servizi, cos\u00ec come lo stoccaggio degli investimenti, \u00e8 possibile con Bobcoin. Viene scambiato su scambi di criptovalute e l&#8217;offerta e la domanda in questi mercati determinano il suo prezzo.<\/p>\n\n\n\n<h2 class=\"wp-block-heading\">Vantaggi dell&#8217;acquisto di Bobcoin<\/h2>\n\n\n\n<p>Ci sono diversi vantaggi nell&#8217;acquisto di Bobcoin. In primo luogo, consente di effettuare transazioni finanziarie in modo rapido e sicuro senza l&#8217;uso di intermediari come le banche. Poich\u00e9 elimina la necessit\u00e0 di cambio valuta e pu\u00f2 essere effettuato a un costo ridotto, questo pu\u00f2 essere particolarmente utile per i pagamenti transfrontalieri.<\/p>\n\n\n\n<p>Inoltre, Bobcoin \u00e8 abbastanza liquido, il che lo rende facile da acquistare e vendere su uno scambio di criptovalute. La decentralizzazione, ovvero la mancanza di controllo da parte di un singolo ente, pu\u00f2 aumentare ulteriormente la sicurezza e la stabilit\u00e0.<\/p>\n\n\n\n<figure class=\"wp-block-embed is-type-video is-provider-youtube wp-block-embed-youtube wp-embed-aspect-4-3 wp-has-aspect-ratio\"><div class=\"wp-block-embed__wrapper\">\n<iframe title=\"BOB  COIN  How To Buy BOB Coin?\" width=\"800\" height=\"600\" src=\"https:\/\/www.youtube.com\/embed\/O8w3AmhR9NY?feature=oembed\" frameborder=\"0\" allow=\"accelerometer; autoplay; clipboard-write; encrypted-media; gyroscope; picture-in-picture; web-share\" allowfullscreen><\/iframe>\n<\/div><\/figure>\n\n\n\n<h2 class=\"wp-block-heading\">Istruzioni dettagliate su come acquistare Bitcoin in Svizzera <\/h2>\n\n\n\n<p><strong>Passo 1: Crea un portafoglio online. <\/strong><br><strong><br><\/strong>Avrai bisogno di un portafoglio digitale che accetti Bobcoin per poterlo acquistare. Ci sono diverse opzioni, tra cui i portafogli hardware, che sono fisicamente presenti su un dispositivo e forniscono una maggiore protezione, e i portafogli software, che possono essere installati su un computer o su un dispositivo mobile.<\/p>\n\n\n\n<p><strong>Paso 2: Scegli un exchange di criptovalute  <\/strong><br><strong><br><\/strong>Dopo aver creato un portafoglio digitale, devi decidere quale exchange di criptovalute utilizzare per acquistare Bobcoin. Gli exchange svizzeri popolari come Binance, Kraken e Coinbase sono solo alcuni esempi. Prima di fare una scelta, \u00e8 fondamentale condurre la propria ricerca e valutare i costi, la reputazione e la sicurezza dei vari exchange.<\/p>\n\n\n\n<p><strong>Passo 3: Crea un account e convalidalo.<\/strong><br><strong><br><\/strong>Prima di poter iniziare ad acquistare e scambiare criptovalute, la maggior parte degli exchange di criptovalute richiede di registrarsi e convalidare il proprio account. Ci\u00f2 di solito comporta la fornitura di informazioni personali, la verifica dell&#8217;identit\u00e0 e la verifica dell&#8217;e-mail e del numero di telefono.<\/p>\n\n\n\n<p><strong>Paso 4: Finanzia il tuo account<br><\/strong><br>Dovrai depositare denaro sul tuo account di exchange di criptovalute per acquistare Bobcoin. In genere, puoi utilizzare un bonifico bancario, una carta di credito o un&#8217;altra criptovaluta per questo scopo.<\/p>\n\n\n\n<p><strong>Pase 5: Acquista Bobcoin <\/strong><br><strong><br><\/strong>Puoi cercare Bobcoin sull&#8217;exchange e fare un ordine per acquistarlo ad un prezzo specifico quando il tuo account \u00e8 stato finanziato. Prima di effettuare un acquisto, \u00e8 fondamentale analizzare attentamente il costo, le spese aggiuntive e le opzioni di pagamento.<\/p>\n\n\n\n<h2 class=\"wp-block-heading\">Acquistare Bitcoin in Svizzera e pagare le tasse <\/h2>\n\n\n\n<p><br>La tassazione delle criptovalute come Bobcoin e altre \u00e8 ancora un argomento nuovo in Svizzera. In generale, se una transazione Bitcoin viene considerata una fornitura di beni o servizi, pu\u00f2 essere soggetta all&#8217;imposta sul valore aggiunto (IVA). Inoltre, se vendi Bobcoin con profitto, potrebbe essere dovuta l&#8217;imposta sulle plusvalenze. Quando si acquista e si vende Bobcoin in Svizzera, \u00e8 fondamentale parlare con un esperto fiscale o cercare consigli presso l&#8217;Amministrazione federale delle contribuzioni svizzera per comprendere le proprie responsabilit\u00e0 fiscali.<\/p>\n\n\n\n<h2 class=\"wp-block-heading\">Acquistare Bitcoin in Svizzera e pagare le tasse <\/h2>\n\n\n\n<p>La tassazione delle criptovalute come Bobcoin e altre \u00e8 ancora un argomento nuovo in Svizzera. In generale, se una transazione Bitcoin viene considerata una fornitura di beni o servizi, pu\u00f2 essere soggetta all&#8217;imposta sul valore aggiunto (IVA). Inoltre, se vendi Bobcoin con profitto, potrebbe essere dovuta l&#8217;imposta sulle plusvalenze. Quando si acquista e si vende Bobcoin in Svizzera, \u00e8 fondamentale parlare con un esperto fiscale o cercare consigli presso l&#8217;Amministrazione federale delle contribuzioni svizzera per comprendere le proprie responsabilit\u00e0 fiscali.<\/p>\n\n\n\n<h2 class=\"wp-block-heading\">Conclusione<\/h2>\n\n\n\n<p>La procedura per l&#8217;acquisto di Bobcoin in Svizzera \u00e8 piuttosto semplice, tuttavia prima di effettuare qualsiasi acquisto \u00e8 fondamentale condurre la propria ricerca e dovuta diligenza. Puoi acquistare rapidamente Bobcoin e iniziare ad usarlo per completare transazioni finanziarie o salvarlo come investimento, impostando un portafoglio digitale, selezionando uno scambio di criptovalute affidabile e seguendo le procedure per registrare e finanziare il tuo account.<\/p>\n\n\n\n<p>I rischi che potrebbero derivare dall&#8217;acquisto di Bobcoin, inclusa la fluttuazione dei prezzi e il potenziale per frodi o attacchi informatici, devono essere compresi. Inoltre, \u00e8 cruciale comprendere le implicazioni fiscali dell&#8217;acquisto e della vendita di Bobcoin in Svizzera e, se necessario, cercare consigli fiscali professionali.<\/p>\n\n\n\n<p>In generale, l&#8217;acquisto di Bobcoin in Svizzera pu\u00f2 essere un&#8217;opzione pratica e possibilmente redditizia, ma \u00e8 importante procedere con cautela e valutare attentamente i rischi e i benefici prima di prendere una decisione.<\/p>\n\n\n\n<!-- Page-list plugin v.5.9 wordpress.org\/plugins\/page-list\/ -->\n<ul class=\"page-list siblings-page-list \">\n<li class=\"page_item page-item-21469\"><a href=\"https:\/\/allin1bitcoins.com\/it\/crypto\/bobcoin\/american-express\/\">Acquista Bobcoin (BOBC) Con American Express<\/a><\/li>\n<li class=\"page_item page-item-21454\"><a href=\"https:\/\/allin1bitcoins.com\/it\/crypto\/bobcoin\/paypal\/\">Come Acquistare Bobcoin (BOBC) Con Paypal<\/a><\/li>\n<li class=\"page_item page-item-21433\"><a href=\"https:\/\/allin1bitcoins.com\/it\/crypto\/bobcoin\/credit-card\/\">Come Acquistare Bobcoin (BOBC) Con Una Carta Di Credito<\/a><\/li>\n<li class=\"page_item page-item-21441\"><a href=\"https:\/\/allin1bitcoins.com\/it\/crypto\/bobcoin\/debit-card\/\">Come Acquistare Bobcoin (BOBC) Con Una Carta di Debito<\/a><\/li>\n<li class=\"page_item page-item-21420\"><a href=\"https:\/\/allin1bitcoins.com\/it\/crypto\/bobcoin\/switzerland\/\">Come Acquistare Bobcoin (BOBC) In Svizzera<\/a><\/li>\n<li class=\"page_item page-item-21396\"><a href=\"https:\/\/allin1bitcoins.com\/it\/crypto\/bobcoin\/united-states\/\">Come Acquistare Bobcoin (BOBC) Negli Stati Uniti<\/a><\/li>\n<li class=\"page_item page-item-21386\"><a href=\"https:\/\/allin1bitcoins.com\/it\/crypto\/bobcoin\/united-kingdom\/\">Come Acquistare Bobcoin (BOBC) Nel Regno Unito<\/a><\/li>\n<li class=\"page_item page-item-21410\"><a href=\"https:\/\/allin1bitcoins.com\/it\/crypto\/bobcoin\/canada\/\">Come Comprare Bobcoin (BOBC) In Canada<\/a><\/li>\n\n<\/ul>\n","protected":false},"excerpt":{"rendered":"<p>Prima di poter acquistarlo in Svizzera, dovrai prima creare un portafoglio digitale che accetti Bobcoin. Successivamente, puoi acquistare direttamente da un venditore o tramite uno scambio di criptovalute. Prima di effettuare qualsiasi acquisto, \u00e8 importante condurre la propria ricerca e dovuta diligenza. Panoramica su Bobcoin Per proteggere le transazioni finanziarie, confermare il trasferimento di asset&#8230;<\/p>\n","protected":false},"author":3,"featured_media":17121,"parent":21377,"menu_order":0,"comment_status":"closed","ping_status":"closed","template":"","meta":{"cybocfi_hide_featured_image":"","footnotes":""},"acf":[],"yoast_head":"<!-- This site is optimized with the Yoast SEO plugin v21.7 - https:\/\/yoast.com\/wordpress\/plugins\/seo\/ -->\n<title>Come Acquistare Bobcoin (BOBC) In Svizzera<\/title>\n<meta name=\"description\" content=\"La procedura per l&#039;acquisto di Bobcoin in Svizzera \u00e8 piuttosto semplice \/ Leggi questo blog per saperne di pi\u00f9 in dettaglio.\" \/>\n<meta name=\"robots\" content=\"index, follow, max-snippet:-1, max-image-preview:large, max-video-preview:-1\" \/>\n<link rel=\"canonical\" href=\"https:\/\/allin1bitcoins.com\/it\/crypto\/bobcoin\/switzerland\/\" \/>\n<meta property=\"og:locale\" content=\"it_IT\" \/>\n<meta property=\"og:type\" content=\"article\" \/>\n<meta property=\"og:title\" content=\"Come Acquistare Bobcoin (BOBC) In Svizzera\" \/>\n<meta property=\"og:description\" content=\"La procedura per l&#039;acquisto di Bobcoin in Svizzera \u00e8 piuttosto semplice \/ Leggi questo blog per saperne di pi\u00f9 in dettaglio.\" \/>\n<meta property=\"og:url\" content=\"https:\/\/allin1bitcoins.com\/it\/crypto\/bobcoin\/switzerland\/\" \/>\n<meta property=\"og:site_name\" content=\"Allin1Bitcoins\" \/>\n<meta property=\"article:modified_time\" content=\"2023-02-17T05:31:37+00:00\" \/>\n<meta property=\"og:image\" content=\"https:\/\/allin1bitcoins.com\/wp-content\/uploads\/2023\/01\/pexels-jonathan-borba-13807424.jpg\" \/>\n\t<meta property=\"og:image:width\" content=\"1279\" \/>\n\t<meta property=\"og:image:height\" content=\"855\" \/>\n\t<meta property=\"og:image:type\" content=\"image\/jpeg\" \/>\n<meta name=\"twitter:card\" content=\"summary_large_image\" \/>\n<meta name=\"twitter:label1\" content=\"Est. reading time\" \/>\n\t<meta name=\"twitter:data1\" content=\"4 minutes\" \/>\n<!-- \/ Yoast SEO plugin. -->","yoast_head_json":{"title":"Come Acquistare Bobcoin (BOBC) In Svizzera","description":"La procedura per l'acquisto di Bobcoin in Svizzera \u00e8 piuttosto semplice \/ Leggi questo blog per saperne di pi\u00f9 in dettaglio.","robots":{"index":"index","follow":"follow","max-snippet":"max-snippet:-1","max-image-preview":"max-image-preview:large","max-video-preview":"max-video-preview:-1"},"canonical":"https:\/\/allin1bitcoins.com\/it\/crypto\/bobcoin\/switzerland\/","og_locale":"it_IT","og_type":"article","og_title":"Come Acquistare Bobcoin (BOBC) In Svizzera","og_description":"La procedura per l'acquisto di Bobcoin in Svizzera \u00e8 piuttosto semplice \/ Leggi questo blog per saperne di pi\u00f9 in dettaglio.","og_url":"https:\/\/allin1bitcoins.com\/it\/crypto\/bobcoin\/switzerland\/","og_site_name":"Allin1Bitcoins","article_modified_time":"2023-02-17T05:31:37+00:00","og_image":[{"width":1279,"height":855,"url":"https:\/\/allin1bitcoins.com\/wp-content\/uploads\/2023\/01\/pexels-jonathan-borba-13807424.jpg","type":"image\/jpeg"}],"twitter_card":"summary_large_image","twitter_misc":{"Est. reading time":"4 minutes"},"schema":{"@context":"https:\/\/schema.org","@graph":[{"@type":"WebPage","@id":"https:\/\/allin1bitcoins.com\/it\/crypto\/bobcoin\/switzerland\/","url":"https:\/\/allin1bitcoins.com\/it\/crypto\/bobcoin\/switzerland\/","name":"Come Acquistare Bobcoin (BOBC) In Svizzera","isPartOf":{"@id":"https:\/\/allin1bitcoins.com\/it\/#website"},"datePublished":"2023-02-17T05:31:33+00:00","dateModified":"2023-02-17T05:31:37+00:00","description":"La procedura per l'acquisto di Bobcoin in Svizzera \u00e8 piuttosto semplice \/ Leggi questo blog per saperne di pi\u00f9 in dettaglio.","breadcrumb":{"@id":"https:\/\/allin1bitcoins.com\/it\/crypto\/bobcoin\/switzerland\/#breadcrumb"},"inLanguage":"it","potentialAction":[{"@type":"ReadAction","target":["https:\/\/allin1bitcoins.com\/it\/crypto\/bobcoin\/switzerland\/"]}]},{"@type":"BreadcrumbList","@id":"https:\/\/allin1bitcoins.com\/it\/crypto\/bobcoin\/switzerland\/#breadcrumb","itemListElement":[{"@type":"ListItem","position":1,"name":"Home","item":"https:\/\/allin1bitcoins.com\/it\/"},{"@type":"ListItem","position":2,"name":"Crypto","item":"https:\/\/allin1bitcoins.com\/it\/crypto\/"},{"@type":"ListItem","position":3,"name":"Come Comprare Bobcoin (BOBC) &#8211; Guida Passo Passo","item":"https:\/\/allin1bitcoins.com\/it\/crypto\/bobcoin\/"},{"@type":"ListItem","position":4,"name":"Come Acquistare Bobcoin (BOBC) In Svizzera"}]},{"@type":"WebSite","@id":"https:\/\/allin1bitcoins.com\/it\/#website","url":"https:\/\/allin1bitcoins.com\/it\/","name":"Allin1Bitcoins","description":"","publisher":{"@id":"https:\/\/allin1bitcoins.com\/it\/#organization"},"potentialAction":[{"@type":"SearchAction","target":{"@type":"EntryPoint","urlTemplate":"https:\/\/allin1bitcoins.com\/it\/?s={search_term_string}"},"query-input":"required name=search_term_string"}],"inLanguage":"it"},{"@type":"Organization","@id":"https:\/\/allin1bitcoins.com\/it\/#organization","name":"allin1bitcoins","url":"https:\/\/allin1bitcoins.com\/it\/","logo":{"@type":"ImageObject","inLanguage":"it","@id":"https:\/\/allin1bitcoins.com\/it\/#\/schema\/logo\/image\/","url":"https:\/\/allin1bitcoins.com\/wp-content\/uploads\/2019\/01\/logo-new.png","contentUrl":"https:\/\/allin1bitcoins.com\/wp-content\/uploads\/2019\/01\/logo-new.png","width":178,"height":71,"caption":"allin1bitcoins"},"image":{"@id":"https:\/\/allin1bitcoins.com\/it\/#\/schema\/logo\/image\/"}}]}},"_links":{"self":[{"href":"https:\/\/allin1bitcoins.com\/it\/wp-json\/wp\/v2\/pages\/21420"}],"collection":[{"href":"https:\/\/allin1bitcoins.com\/it\/wp-json\/wp\/v2\/pages"}],"about":[{"href":"https:\/\/allin1bitcoins.com\/it\/wp-json\/wp\/v2\/types\/page"}],"author":[{"embeddable":true,"href":"https:\/\/allin1bitcoins.com\/it\/wp-json\/wp\/v2\/users\/3"}],"replies":[{"embeddable":true,"href":"https:\/\/allin1bitcoins.com\/it\/wp-json\/wp\/v2\/comments?post=21420"}],"version-history":[{"count":1,"href":"https:\/\/allin1bitcoins.com\/it\/wp-json\/wp\/v2\/pages\/21420\/revisions"}],"predecessor-version":[{"id":21424,"href":"https:\/\/allin1bitcoins.com\/it\/wp-json\/wp\/v2\/pages\/21420\/revisions\/21424"}],"up":[{"embeddable":true,"href":"https:\/\/allin1bitcoins.com\/it\/wp-json\/wp\/v2\/pages\/21377"}],"wp:featuredmedia":[{"embeddable":true,"href":"https:\/\/allin1bitcoins.com\/it\/wp-json\/wp\/v2\/media\/17121"}],"wp:attachment":[{"href":"https:\/\/allin1bitcoins.com\/it\/wp-json\/wp\/v2\/media?parent=21420"}],"curies":[{"name":"wp","href":"https:\/\/api.w.org\/{rel}","templated":true}]}}