{"id":21433,"date":"2023-02-17T06:35:39","date_gmt":"2023-02-17T06:35:39","guid":{"rendered":"https:\/\/allin1bitcoins.com\/?page_id=21433"},"modified":"2023-02-17T06:35:41","modified_gmt":"2023-02-17T06:35:41","slug":"credit-card","status":"publish","type":"page","link":"https:\/\/allin1bitcoins.com\/it\/crypto\/bobcoin\/credit-card\/","title":{"rendered":"Come Acquistare Bobcoin (BOBC) Con Una Carta Di Credito"},"content":{"rendered":"\n<p>Devi individuare uno scambio di criptovaluta che permetta i pagamenti con carta di credito se vuoi acquistare Bobcoin con una carta di credito. I seguenti passaggi includono la creazione di un account, la conferma dell&#8217;identit\u00e0 e il collegamento della tua carta di credito al tuo account. Dopo aver completato queste procedure, puoi cercare Bobcoin sullo scambio e effettuare un ordine per acquistarlo con la tua carta di credito.<\/p>\n\n\n\n<h2 class=\"wp-block-heading\">Panoramica di Bobcoin<\/h2>\n\n\n\n<p>Per proteggere le transazioni finanziarie, confermare il trasferimento di asset e gestire la creazione di nuove unit\u00e0, Bobcoin utilizza la crittografia. Viene utilizzato un algoritmo predefinito per decidere l&#8217;offerta di Bobcoin e funziona indipendentemente da una banca centrale.<\/p>\n\n\n\n<p>L&#8217;acquisto online di prodotti e servizi e la conservazione degli investimenti sono entrambi possibili con Bobcoin. Viene scambiato su scambi di criptovaluta e l&#8217;offerta e la domanda su questi mercati determinano il suo prezzo.<\/p>\n\n\n\n<h2 class=\"wp-block-heading\">Perch\u00e9 si desidera utilizzare una carta di credito per acquistare Bobcoin<\/h2>\n\n\n\n<p>Ci sono diverse ragioni per cui utilizzare una carta di credito per l&#8217;acquisto di Bobcoin pu\u00f2 avere senso. Uno dei principali vantaggi \u00e8 che \u00e8 possibile acquistare Bobcoin in modo rapido e facile senza dover configurare un portafoglio digitale o trasferire denaro da un conto bancario. Inoltre, una carta di credito pu\u00f2 fornire ulteriore sicurezza contro frodi o transazioni illecite. Gli svantaggi dell&#8217;acquisto di Bobcoin con una carta di credito, tra cui costi maggiori e la possibilit\u00e0 di indebitarsi, devono essere presi in considerazione. Prima di utilizzare la propria carta di credito per acquistare Bobcoin, \u00e8 fondamentale esaminare attentamente i termini e le condizioni dell&#8217;accordo dell&#8217;utente della carta.<\/p>\n\n\n\n<h2 class=\"wp-block-heading\">Come acquistare Bobcoin con una carta di credito in dettaglio<\/h2>\n\n\n\n<p><strong>Passaggio 1: scegliere uno scambio di criptovalute <\/strong><\/p>\n\n\n\n<p>La ricerca di uno scambio di criptovalute che permetta i pagamenti con carta di credito \u00e8 il primo passo per acquistare Bobcoin utilizzando una carta di credito. Coinbase, Binance e Kraken sono alcune scelte popolari. Prima di scegliere uno scambio, \u00e8 fondamentale confrontare i prezzi, la reputazione e la sicurezza.<\/p>\n\n\n\n<p><strong>Passaggio 2: creare un account e convalidarlo<\/strong><\/p>\n\n\n\n<p>Dopo aver scelto uno scambio di criptovalute, \u00e8 necessario creare un account, fornire un documento d&#8217;identit\u00e0 e verificare la propria identit\u00e0. Ci\u00f2 di solito comporta la fornitura di informazioni personali, la verifica dell&#8217;identit\u00e0 e la verifica dell&#8217;indirizzo email e del numero di telefono.<\/p>\n\n\n\n<p><strong>Passaggio 3: collegare la propria carta di credito<\/strong><\/p>\n\n\n\n<p>Per acquistare Bobcoin con una carta di credito, \u00e8 necessario collegare la propria carta di credito al proprio account di scambio di criptovalute. Ci\u00f2 di solito comporta la fornitura dei dettagli della propria carta di credito e la verifica da parte della propria banca o dell&#8217;emittente della carta di credito.<\/p>\n\n\n\n<p><strong>Passaggio 4: acquistare Bobcoin<\/strong><\/p>\n\n\n\n<p>Dopo aver collegato la propria carta di credito al proprio account, \u00e8 possibile cercare Bobcoin sullo scambio e fare un ordine per acquistarlo utilizzando la propria carta di credito. Prima di effettuare un acquisto, \u00e8 fondamentale analizzare attentamente il costo, le spese aggiuntive e le opzioni di pagamento.<\/p>\n\n\n\n<figure class=\"wp-block-embed is-type-video is-provider-youtube wp-block-embed-youtube wp-embed-aspect-16-9 wp-has-aspect-ratio\"><div class=\"wp-block-embed__wrapper\">\n<iframe title=\"Buy Bobcoin easily and fast.\" width=\"800\" height=\"450\" src=\"https:\/\/www.youtube.com\/embed\/i99h8k5bVMs?feature=oembed\" frameborder=\"0\" allow=\"accelerometer; autoplay; clipboard-write; encrypted-media; gyroscope; picture-in-picture; web-share\" allowfullscreen><\/iframe>\n<\/div><\/figure>\n\n\n\n<h2 class=\"wp-block-heading\">Svantaggi nell&#8217;utilizzare una carta di credito per acquistare Bobcoin<\/h2>\n\n\n\n<p>L&#8217;utilizzo di una carta di credito per acquistare Bobcoin presenta diversi svantaggi che potrebbero verificarsi. Uno dei suoi principali svantaggi \u00e8 che potrebbe avere costi maggiori rispetto ad altri metodi di pagamento, come le carte di debito o i bonifici bancari. Inoltre, se si \u00e8 poco attenti alla gestione del denaro e si utilizza una carta di credito per acquistare Bobcoin, si corre un rischio maggiore di indebitarsi. Un altro svantaggio \u00e8 che utilizzare una carta di credito per acquistare Bobcoin potrebbe non fornire lo stesso livello di protezione di altre opzioni, come l&#8217;utilizzo di un portafoglio hardware o digitale. \u00c8 fondamentale essere consapevoli dei rischi e prendere precauzioni per proteggere il proprio denaro, ad esempio attivando l&#8217;autenticazione a due fattori o mantenendo la privacy delle informazioni della carta di credito.<\/p>\n\n\n\n<h2 class=\"wp-block-heading\">Conclusioni<\/h2>\n\n\n\n<p>Anche se l&#8217;acquisto di Bobcoin tramite carta di credito pu\u00f2 essere rapido e facile, \u00e8 importante essere consapevoli di eventuali svantaggi e valutare attentamente i pro e i contro prima di decidere. Inoltre, \u00e8 importante selezionare un exchange di criptovalute affidabile e adottare le migliori pratiche per la sicurezza e la gestione del rischio. Sebbene l&#8217;utilizzo di una carta di credito per l&#8217;acquisto di Bobcoin possa offrire determinati vantaggi, come la rapidit\u00e0 e la facilit\u00e0 delle transazioni, \u00e8 essenziale essere consapevoli dei rischi e utilizzare la carta di credito in modo oculato. Questo include fare attenzione alla gestione delle spese e del debito e comprendere i termini e le condizioni del proprio accordo con la carta di credito. In generale, l&#8217;utilizzo di una carta di credito per l&#8217;acquisto di Bobcoin pu\u00f2 essere una buona opzione, ma \u00e8 importante procedere con attenzione e valutare attentamente i vantaggi e gli svantaggi prima di decidere.<\/p>\n\n\n\n<!-- Page-list plugin v.5.9 wordpress.org\/plugins\/page-list\/ -->\n<ul class=\"page-list siblings-page-list \">\n<li class=\"page_item page-item-21469\"><a href=\"https:\/\/allin1bitcoins.com\/it\/crypto\/bobcoin\/american-express\/\">Acquista Bobcoin (BOBC) Con American Express<\/a><\/li>\n<li class=\"page_item page-item-21454\"><a href=\"https:\/\/allin1bitcoins.com\/it\/crypto\/bobcoin\/paypal\/\">Come Acquistare Bobcoin (BOBC) Con Paypal<\/a><\/li>\n<li class=\"page_item page-item-21433\"><a href=\"https:\/\/allin1bitcoins.com\/it\/crypto\/bobcoin\/credit-card\/\">Come Acquistare Bobcoin (BOBC) Con Una Carta Di Credito<\/a><\/li>\n<li class=\"page_item page-item-21441\"><a href=\"https:\/\/allin1bitcoins.com\/it\/crypto\/bobcoin\/debit-card\/\">Come Acquistare Bobcoin (BOBC) Con Una Carta di Debito<\/a><\/li>\n<li class=\"page_item page-item-21420\"><a href=\"https:\/\/allin1bitcoins.com\/it\/crypto\/bobcoin\/switzerland\/\">Come Acquistare Bobcoin (BOBC) In Svizzera<\/a><\/li>\n<li class=\"page_item page-item-21396\"><a href=\"https:\/\/allin1bitcoins.com\/it\/crypto\/bobcoin\/united-states\/\">Come Acquistare Bobcoin (BOBC) Negli Stati Uniti<\/a><\/li>\n<li class=\"page_item page-item-21386\"><a href=\"https:\/\/allin1bitcoins.com\/it\/crypto\/bobcoin\/united-kingdom\/\">Come Acquistare Bobcoin (BOBC) Nel Regno Unito<\/a><\/li>\n<li class=\"page_item page-item-21410\"><a href=\"https:\/\/allin1bitcoins.com\/it\/crypto\/bobcoin\/canada\/\">Come Comprare Bobcoin (BOBC) In Canada<\/a><\/li>\n\n<\/ul>\n","protected":false},"excerpt":{"rendered":"<p>Devi individuare uno scambio di criptovaluta che permetta i pagamenti con carta di credito se vuoi acquistare Bobcoin con una carta di credito. I seguenti passaggi includono la creazione di un account, la conferma dell&#8217;identit\u00e0 e il collegamento della tua carta di credito al tuo account. Dopo aver completato queste procedure, puoi cercare Bobcoin sullo&#8230;<\/p>\n","protected":false},"author":3,"featured_media":17132,"parent":21377,"menu_order":0,"comment_status":"closed","ping_status":"closed","template":"","meta":{"cybocfi_hide_featured_image":"","footnotes":""},"acf":[],"yoast_head":"<!-- This site is optimized with the Yoast SEO plugin v21.7 - https:\/\/yoast.com\/wordpress\/plugins\/seo\/ -->\n<title>Come Acquistare Bobcoin (BOBC) Con Una Carta Di Credito<\/title>\n<meta name=\"description\" content=\"L&#039;acquisto di BOBC utilizzando una carta di credito pu\u00f2 essere veloce e facile, ma \u00e8 essenziale essere consapevoli\" \/>\n<meta name=\"robots\" content=\"index, follow, max-snippet:-1, max-image-preview:large, max-video-preview:-1\" \/>\n<link rel=\"canonical\" href=\"https:\/\/allin1bitcoins.com\/it\/crypto\/bobcoin\/credit-card\/\" \/>\n<meta property=\"og:locale\" content=\"it_IT\" \/>\n<meta property=\"og:type\" content=\"article\" \/>\n<meta property=\"og:title\" content=\"Come Acquistare Bobcoin (BOBC) Con Una Carta Di Credito\" \/>\n<meta property=\"og:description\" content=\"L&#039;acquisto di BOBC utilizzando una carta di credito pu\u00f2 essere veloce e facile, ma \u00e8 essenziale essere consapevoli\" \/>\n<meta property=\"og:url\" content=\"https:\/\/allin1bitcoins.com\/it\/crypto\/bobcoin\/credit-card\/\" \/>\n<meta property=\"og:site_name\" content=\"Allin1Bitcoins\" \/>\n<meta property=\"article:modified_time\" content=\"2023-02-17T06:35:41+00:00\" \/>\n<meta property=\"og:image\" content=\"https:\/\/allin1bitcoins.com\/wp-content\/uploads\/2023\/01\/pexels-jonathan-borba-13810195.jpg\" \/>\n\t<meta property=\"og:image:width\" content=\"1280\" \/>\n\t<meta property=\"og:image:height\" content=\"853\" \/>\n\t<meta property=\"og:image:type\" content=\"image\/jpeg\" \/>\n<meta name=\"twitter:card\" content=\"summary_large_image\" \/>\n<meta name=\"twitter:label1\" content=\"Est. reading time\" \/>\n\t<meta name=\"twitter:data1\" content=\"4 minutes\" \/>\n<!-- \/ Yoast SEO plugin. -->","yoast_head_json":{"title":"Come Acquistare Bobcoin (BOBC) Con Una Carta Di Credito","description":"L'acquisto di BOBC utilizzando una carta di credito pu\u00f2 essere veloce e facile, ma \u00e8 essenziale essere consapevoli","robots":{"index":"index","follow":"follow","max-snippet":"max-snippet:-1","max-image-preview":"max-image-preview:large","max-video-preview":"max-video-preview:-1"},"canonical":"https:\/\/allin1bitcoins.com\/it\/crypto\/bobcoin\/credit-card\/","og_locale":"it_IT","og_type":"article","og_title":"Come Acquistare Bobcoin (BOBC) Con Una Carta Di Credito","og_description":"L'acquisto di BOBC utilizzando una carta di credito pu\u00f2 essere veloce e facile, ma \u00e8 essenziale essere consapevoli","og_url":"https:\/\/allin1bitcoins.com\/it\/crypto\/bobcoin\/credit-card\/","og_site_name":"Allin1Bitcoins","article_modified_time":"2023-02-17T06:35:41+00:00","og_image":[{"width":1280,"height":853,"url":"https:\/\/allin1bitcoins.com\/wp-content\/uploads\/2023\/01\/pexels-jonathan-borba-13810195.jpg","type":"image\/jpeg"}],"twitter_card":"summary_large_image","twitter_misc":{"Est. reading time":"4 minutes"},"schema":{"@context":"https:\/\/schema.org","@graph":[{"@type":"WebPage","@id":"https:\/\/allin1bitcoins.com\/it\/crypto\/bobcoin\/credit-card\/","url":"https:\/\/allin1bitcoins.com\/it\/crypto\/bobcoin\/credit-card\/","name":"Come Acquistare Bobcoin (BOBC) Con Una Carta Di Credito","isPartOf":{"@id":"https:\/\/allin1bitcoins.com\/it\/#website"},"datePublished":"2023-02-17T06:35:39+00:00","dateModified":"2023-02-17T06:35:41+00:00","description":"L'acquisto di BOBC utilizzando una carta di credito pu\u00f2 essere veloce e facile, ma \u00e8 essenziale essere consapevoli","breadcrumb":{"@id":"https:\/\/allin1bitcoins.com\/it\/crypto\/bobcoin\/credit-card\/#breadcrumb"},"inLanguage":"it","potentialAction":[{"@type":"ReadAction","target":["https:\/\/allin1bitcoins.com\/it\/crypto\/bobcoin\/credit-card\/"]}]},{"@type":"BreadcrumbList","@id":"https:\/\/allin1bitcoins.com\/it\/crypto\/bobcoin\/credit-card\/#breadcrumb","itemListElement":[{"@type":"ListItem","position":1,"name":"Home","item":"https:\/\/allin1bitcoins.com\/it\/"},{"@type":"ListItem","position":2,"name":"Crypto","item":"https:\/\/allin1bitcoins.com\/it\/crypto\/"},{"@type":"ListItem","position":3,"name":"Come Comprare Bobcoin (BOBC) &#8211; Guida Passo Passo","item":"https:\/\/allin1bitcoins.com\/it\/crypto\/bobcoin\/"},{"@type":"ListItem","position":4,"name":"Come Acquistare Bobcoin (BOBC) Con Una Carta Di Credito"}]},{"@type":"WebSite","@id":"https:\/\/allin1bitcoins.com\/it\/#website","url":"https:\/\/allin1bitcoins.com\/it\/","name":"Allin1Bitcoins","description":"","publisher":{"@id":"https:\/\/allin1bitcoins.com\/it\/#organization"},"potentialAction":[{"@type":"SearchAction","target":{"@type":"EntryPoint","urlTemplate":"https:\/\/allin1bitcoins.com\/it\/?s={search_term_string}"},"query-input":"required name=search_term_string"}],"inLanguage":"it"},{"@type":"Organization","@id":"https:\/\/allin1bitcoins.com\/it\/#organization","name":"allin1bitcoins","url":"https:\/\/allin1bitcoins.com\/it\/","logo":{"@type":"ImageObject","inLanguage":"it","@id":"https:\/\/allin1bitcoins.com\/it\/#\/schema\/logo\/image\/","url":"https:\/\/allin1bitcoins.com\/wp-content\/uploads\/2019\/01\/logo-new.png","contentUrl":"https:\/\/allin1bitcoins.com\/wp-content\/uploads\/2019\/01\/logo-new.png","width":178,"height":71,"caption":"allin1bitcoins"},"image":{"@id":"https:\/\/allin1bitcoins.com\/it\/#\/schema\/logo\/image\/"}}]}},"_links":{"self":[{"href":"https:\/\/allin1bitcoins.com\/it\/wp-json\/wp\/v2\/pages\/21433"}],"collection":[{"href":"https:\/\/allin1bitcoins.com\/it\/wp-json\/wp\/v2\/pages"}],"about":[{"href":"https:\/\/allin1bitcoins.com\/it\/wp-json\/wp\/v2\/types\/page"}],"author":[{"embeddable":true,"href":"https:\/\/allin1bitcoins.com\/it\/wp-json\/wp\/v2\/users\/3"}],"replies":[{"embeddable":true,"href":"https:\/\/allin1bitcoins.com\/it\/wp-json\/wp\/v2\/comments?post=21433"}],"version-history":[{"count":1,"href":"https:\/\/allin1bitcoins.com\/it\/wp-json\/wp\/v2\/pages\/21433\/revisions"}],"predecessor-version":[{"id":21434,"href":"https:\/\/allin1bitcoins.com\/it\/wp-json\/wp\/v2\/pages\/21433\/revisions\/21434"}],"up":[{"embeddable":true,"href":"https:\/\/allin1bitcoins.com\/it\/wp-json\/wp\/v2\/pages\/21377"}],"wp:featuredmedia":[{"embeddable":true,"href":"https:\/\/allin1bitcoins.com\/it\/wp-json\/wp\/v2\/media\/17132"}],"wp:attachment":[{"href":"https:\/\/allin1bitcoins.com\/it\/wp-json\/wp\/v2\/media?parent=21433"}],"curies":[{"name":"wp","href":"https:\/\/api.w.org\/{rel}","templated":true}]}}