{"id":21441,"date":"2023-02-17T08:05:54","date_gmt":"2023-02-17T08:05:54","guid":{"rendered":"https:\/\/allin1bitcoins.com\/?page_id=21441"},"modified":"2023-02-17T08:48:45","modified_gmt":"2023-02-17T08:48:45","slug":"debit-card","status":"publish","type":"page","link":"https:\/\/allin1bitcoins.com\/it\/crypto\/bobcoin\/debit-card\/","title":{"rendered":"Come Acquistare Bobcoin (BOBC) Con Una Carta di Debito"},"content":{"rendered":"\n<p>Gli acquisti di Bobcoin con carta di debito possono essere effettuati in pochi semplici passaggi e richiedono poca esperienza tecnica. Il primo passo \u00e8 trovare un exchange affidabile che consenta l&#8217;acquisto di Bobcoin con carta di debito. Il passo successivo consiste nel registrarsi per un account con l&#8217;exchange e completare le procedure di verifica richieste. Una volta creato l&#8217;account, \u00e8 possibile utilizzarlo per acquistare Bobcoin collegando la carta di debito all&#8217;exchange.<\/p>\n\n\n\n<h2 class=\"wp-block-heading\">Panoramica di Bobcoin <\/h2>\n\n\n\n<p>Bobcoin \u00e8 un asset digitale che funziona sulla blockchain, una rete decentralizzata, e utilizza la crittografia per la sicurezza. \u00c8 stato sviluppato nel 2009 come sistema di moneta elettronica peer-to-peer e da allora \u00e8 cresciuto significativamente in accettazione e appeal come mezzo di investimento e pagamento. Bobcoin \u00e8 una criptovaluta che pu\u00f2 essere acquistata, scambiata e detenuta in portafogli online.<\/p>\n\n\n\n<h2 class=\"wp-block-heading\">Perch\u00e9 dovresti utilizzare una carta di debito per acquistare <\/h2>\n\n\n\n<p>Bobcoin Ci sono diverse ragioni per cui l&#8217;utilizzo di una carta di debito per acquistare Bobcoin pu\u00f2 avere senso. La rapidit\u00e0 e la facilit\u00e0 della transazione sono uno dei motivi. Utilizzando una carta di debito, \u00e8 possibile acquistare Bobcoin quasi istantaneamente anzich\u00e9 dover aspettare che un bonifico bancario o un bonifico venga completato. Se si vuole effettuare un acquisto rapido o approfittare della volatilit\u00e0 del mercato, questo pu\u00f2 essere molto utile. Un altro vantaggio dell&#8217;utilizzo di una carta di debito per acquistare Bobcoin rispetto a una carta di credito \u00e8 che pu\u00f2 essere meno costoso. Utilizzando una carta di debito \u00e8 possibile risparmiare denaro sui costi di transazione, poich\u00e9 gli acquisti con carta di credito comportano spesso commissioni pi\u00f9 elevate.<\/p>\n\n\n\n<h2 class=\"wp-block-heading\">Come acquistare Bobcoin utilizzando una carta di debito in dettaglio <\/h2>\n\n\n\n<p><strong>I seguenti passaggi mostrano come acquistare Bobcoin con una carta di debito:<\/strong><\/p>\n\n\n\n<ol><li>Trovare un exchange affidabile che consenta l&#8217;acquisto di Bobcoin con carta di debito. Gli exchange popolari come Coinbase, Kraken e Bitstamp offrono questa opzione.<br><br><\/li><li>Creare un profilo sull&#8217;exchange e completare le procedure di verifica richieste. Potrebbe essere necessario fornire documenti di identificazione e dati personali.<br><br><\/li><li>Navigando nell&#8217;area dei metodi di pagamento e seguendo le istruzioni, \u00e8 possibile collegare la propria carta di debito all&#8217;exchange.<br><br><\/li><li>Una volta collegata la carta di debito, \u00e8 possibile scegliere la quantit\u00e0 desiderata nell&#8217;area di acquisto di Bobcoin.<br><br><br><\/li><li>Una volta revisionata e approvata la transazione, i Bobcoin verranno trasferiti nel proprio portafoglio digitale.<\/li><\/ol>\n\n\n\n<figure class=\"wp-block-embed is-type-video is-provider-youtube wp-block-embed-youtube wp-embed-aspect-16-9 wp-has-aspect-ratio\"><div class=\"wp-block-embed__wrapper\">\n<iframe title=\"Bobcoin The innovative $BOBC Toke\" width=\"800\" height=\"450\" src=\"https:\/\/www.youtube.com\/embed\/4odnfNPrws4?feature=oembed\" frameborder=\"0\" allow=\"accelerometer; autoplay; clipboard-write; encrypted-media; gyroscope; picture-in-picture; web-share\" allowfullscreen><\/iframe>\n<\/div><\/figure>\n\n\n\n<h2 class=\"wp-block-heading\">Svantaggi dell&#8217;uso di una carta di debito per l&#8217;acquisto di Bobcoin<\/h2>\n\n\n\n<p>L&#8217;uso di una carta di debito per acquistare Bobcoin ha alcuni possibili svantaggi. La sicurezza della transazione \u00e8 un problema. Il tuo conto bancario \u00e8 collegato alla tua carta di debito, quindi qualsiasi attivit\u00e0 fraudolenta potrebbe comportare la perdita di denaro. Utilizza solo exchanger affidabili e attiva l&#8217;autenticazione a due fattori per una maggiore sicurezza, al fine di ridurre questo rischio. Un altro svantaggio \u00e8 che l&#8217;utilizzo di una carta di debito per l&#8217;acquisto di una certa quantit\u00e0 di Bobcoin su varie borse potrebbe essere proibito. Se si desidera acquistare qualcosa di costoso, questo pu\u00f2 essere frustrante e si potrebbe dover trovare un altro modo per completare la transazione.<\/p>\n\n\n\n<h2 class=\"wp-block-heading\">Conclusioni<\/h2>\n\n\n\n<p>In conclusione, l&#8217;acquisto di Bobcoin con una carta di debito \u00e8 un modo rapido e pratico per farlo. Con lo scambio giusto, potrebbe essere pi\u00f9 conveniente rispetto all&#8217;uso di una carta di credito e abbastanza semplice da completare. Tuttavia, la sicurezza della transazione e qualsiasi possibile restrizione sulla quantit\u00e0 di Bobcoin che pu\u00f2 essere acquistata con una carta di debito dovrebbe essere attentamente considerata.<\/p>\n\n\n\n<!-- Page-list plugin v.5.9 wordpress.org\/plugins\/page-list\/ -->\n<ul class=\"page-list siblings-page-list \">\n<li class=\"page_item page-item-21469\"><a href=\"https:\/\/allin1bitcoins.com\/it\/crypto\/bobcoin\/american-express\/\">Acquista Bobcoin (BOBC) Con American Express<\/a><\/li>\n<li class=\"page_item page-item-21454\"><a href=\"https:\/\/allin1bitcoins.com\/it\/crypto\/bobcoin\/paypal\/\">Come Acquistare Bobcoin (BOBC) Con Paypal<\/a><\/li>\n<li class=\"page_item page-item-21433\"><a href=\"https:\/\/allin1bitcoins.com\/it\/crypto\/bobcoin\/credit-card\/\">Come Acquistare Bobcoin (BOBC) Con Una Carta Di Credito<\/a><\/li>\n<li class=\"page_item page-item-21441\"><a href=\"https:\/\/allin1bitcoins.com\/it\/crypto\/bobcoin\/debit-card\/\">Come Acquistare Bobcoin (BOBC) Con Una Carta di Debito<\/a><\/li>\n<li class=\"page_item page-item-21420\"><a href=\"https:\/\/allin1bitcoins.com\/it\/crypto\/bobcoin\/switzerland\/\">Come Acquistare Bobcoin (BOBC) In Svizzera<\/a><\/li>\n<li class=\"page_item page-item-21396\"><a href=\"https:\/\/allin1bitcoins.com\/it\/crypto\/bobcoin\/united-states\/\">Come Acquistare Bobcoin (BOBC) Negli Stati Uniti<\/a><\/li>\n<li class=\"page_item page-item-21386\"><a href=\"https:\/\/allin1bitcoins.com\/it\/crypto\/bobcoin\/united-kingdom\/\">Come Acquistare Bobcoin (BOBC) Nel Regno Unito<\/a><\/li>\n<li class=\"page_item page-item-21410\"><a href=\"https:\/\/allin1bitcoins.com\/it\/crypto\/bobcoin\/canada\/\">Come Comprare Bobcoin (BOBC) In Canada<\/a><\/li>\n\n<\/ul>\n","protected":false},"excerpt":{"rendered":"<p>Gli acquisti di Bobcoin con carta di debito possono essere effettuati in pochi semplici passaggi e richiedono poca esperienza tecnica. Il primo passo \u00e8 trovare un exchange affidabile che consenta l&#8217;acquisto di Bobcoin con carta di debito. Il passo successivo consiste nel registrarsi per un account con l&#8217;exchange e completare le procedure di verifica richieste&#8230;.<\/p>\n","protected":false},"author":3,"featured_media":17143,"parent":21377,"menu_order":0,"comment_status":"closed","ping_status":"closed","template":"","meta":{"cybocfi_hide_featured_image":"","footnotes":""},"acf":[],"yoast_head":"<!-- This site is optimized with the Yoast SEO plugin v21.7 - https:\/\/yoast.com\/wordpress\/plugins\/seo\/ -->\n<title>Come Acquistare Bobcoin (BOBC) Con Una Carta di Debito<\/title>\n<meta name=\"description\" content=\"L&#039;acquisto di Bobcoin con una carta di debito \u00e8 un modo rapido e pratico per farlo. Continua a leggere per conoscere i dettagli dei passaggi.\" \/>\n<meta name=\"robots\" content=\"index, follow, max-snippet:-1, max-image-preview:large, max-video-preview:-1\" \/>\n<link rel=\"canonical\" href=\"https:\/\/allin1bitcoins.com\/it\/crypto\/bobcoin\/debit-card\/\" \/>\n<meta property=\"og:locale\" content=\"it_IT\" \/>\n<meta property=\"og:type\" content=\"article\" \/>\n<meta property=\"og:title\" content=\"Come Acquistare Bobcoin (BOBC) Con Una Carta di Debito\" \/>\n<meta property=\"og:description\" content=\"L&#039;acquisto di Bobcoin con una carta di debito \u00e8 un modo rapido e pratico per farlo. Continua a leggere per conoscere i dettagli dei passaggi.\" \/>\n<meta property=\"og:url\" content=\"https:\/\/allin1bitcoins.com\/it\/crypto\/bobcoin\/debit-card\/\" \/>\n<meta property=\"og:site_name\" content=\"Allin1Bitcoins\" \/>\n<meta property=\"article:modified_time\" content=\"2023-02-17T08:48:45+00:00\" \/>\n<meta property=\"og:image\" content=\"https:\/\/allin1bitcoins.com\/wp-content\/uploads\/2023\/01\/pexels-nataliya-vaitkevich-8062357.jpg\" \/>\n\t<meta property=\"og:image:width\" content=\"1280\" \/>\n\t<meta property=\"og:image:height\" content=\"853\" \/>\n\t<meta property=\"og:image:type\" content=\"image\/jpeg\" \/>\n<meta name=\"twitter:card\" content=\"summary_large_image\" \/>\n<meta name=\"twitter:label1\" content=\"Est. reading time\" \/>\n\t<meta name=\"twitter:data1\" content=\"3 minutes\" \/>\n<!-- \/ Yoast SEO plugin. -->","yoast_head_json":{"title":"Come Acquistare Bobcoin (BOBC) Con Una Carta di Debito","description":"L'acquisto di Bobcoin con una carta di debito \u00e8 un modo rapido e pratico per farlo. Continua a leggere per conoscere i dettagli dei passaggi.","robots":{"index":"index","follow":"follow","max-snippet":"max-snippet:-1","max-image-preview":"max-image-preview:large","max-video-preview":"max-video-preview:-1"},"canonical":"https:\/\/allin1bitcoins.com\/it\/crypto\/bobcoin\/debit-card\/","og_locale":"it_IT","og_type":"article","og_title":"Come Acquistare Bobcoin (BOBC) Con Una Carta di Debito","og_description":"L'acquisto di Bobcoin con una carta di debito \u00e8 un modo rapido e pratico per farlo. Continua a leggere per conoscere i dettagli dei passaggi.","og_url":"https:\/\/allin1bitcoins.com\/it\/crypto\/bobcoin\/debit-card\/","og_site_name":"Allin1Bitcoins","article_modified_time":"2023-02-17T08:48:45+00:00","og_image":[{"width":1280,"height":853,"url":"https:\/\/allin1bitcoins.com\/wp-content\/uploads\/2023\/01\/pexels-nataliya-vaitkevich-8062357.jpg","type":"image\/jpeg"}],"twitter_card":"summary_large_image","twitter_misc":{"Est. reading time":"3 minutes"},"schema":{"@context":"https:\/\/schema.org","@graph":[{"@type":"WebPage","@id":"https:\/\/allin1bitcoins.com\/it\/crypto\/bobcoin\/debit-card\/","url":"https:\/\/allin1bitcoins.com\/it\/crypto\/bobcoin\/debit-card\/","name":"Come Acquistare Bobcoin (BOBC) Con Una Carta di Debito","isPartOf":{"@id":"https:\/\/allin1bitcoins.com\/it\/#website"},"datePublished":"2023-02-17T08:05:54+00:00","dateModified":"2023-02-17T08:48:45+00:00","description":"L'acquisto di Bobcoin con una carta di debito \u00e8 un modo rapido e pratico per farlo. Continua a leggere per conoscere i dettagli dei passaggi.","breadcrumb":{"@id":"https:\/\/allin1bitcoins.com\/it\/crypto\/bobcoin\/debit-card\/#breadcrumb"},"inLanguage":"it","potentialAction":[{"@type":"ReadAction","target":["https:\/\/allin1bitcoins.com\/it\/crypto\/bobcoin\/debit-card\/"]}]},{"@type":"BreadcrumbList","@id":"https:\/\/allin1bitcoins.com\/it\/crypto\/bobcoin\/debit-card\/#breadcrumb","itemListElement":[{"@type":"ListItem","position":1,"name":"Home","item":"https:\/\/allin1bitcoins.com\/it\/"},{"@type":"ListItem","position":2,"name":"Crypto","item":"https:\/\/allin1bitcoins.com\/it\/crypto\/"},{"@type":"ListItem","position":3,"name":"Come Comprare Bobcoin (BOBC) &#8211; Guida Passo Passo","item":"https:\/\/allin1bitcoins.com\/it\/crypto\/bobcoin\/"},{"@type":"ListItem","position":4,"name":"Come Acquistare Bobcoin (BOBC) Con Una Carta di Debito"}]},{"@type":"WebSite","@id":"https:\/\/allin1bitcoins.com\/it\/#website","url":"https:\/\/allin1bitcoins.com\/it\/","name":"Allin1Bitcoins","description":"","publisher":{"@id":"https:\/\/allin1bitcoins.com\/it\/#organization"},"potentialAction":[{"@type":"SearchAction","target":{"@type":"EntryPoint","urlTemplate":"https:\/\/allin1bitcoins.com\/it\/?s={search_term_string}"},"query-input":"required name=search_term_string"}],"inLanguage":"it"},{"@type":"Organization","@id":"https:\/\/allin1bitcoins.com\/it\/#organization","name":"allin1bitcoins","url":"https:\/\/allin1bitcoins.com\/it\/","logo":{"@type":"ImageObject","inLanguage":"it","@id":"https:\/\/allin1bitcoins.com\/it\/#\/schema\/logo\/image\/","url":"https:\/\/allin1bitcoins.com\/wp-content\/uploads\/2019\/01\/logo-new.png","contentUrl":"https:\/\/allin1bitcoins.com\/wp-content\/uploads\/2019\/01\/logo-new.png","width":178,"height":71,"caption":"allin1bitcoins"},"image":{"@id":"https:\/\/allin1bitcoins.com\/it\/#\/schema\/logo\/image\/"}}]}},"_links":{"self":[{"href":"https:\/\/allin1bitcoins.com\/it\/wp-json\/wp\/v2\/pages\/21441"}],"collection":[{"href":"https:\/\/allin1bitcoins.com\/it\/wp-json\/wp\/v2\/pages"}],"about":[{"href":"https:\/\/allin1bitcoins.com\/it\/wp-json\/wp\/v2\/types\/page"}],"author":[{"embeddable":true,"href":"https:\/\/allin1bitcoins.com\/it\/wp-json\/wp\/v2\/users\/3"}],"replies":[{"embeddable":true,"href":"https:\/\/allin1bitcoins.com\/it\/wp-json\/wp\/v2\/comments?post=21441"}],"version-history":[{"count":2,"href":"https:\/\/allin1bitcoins.com\/it\/wp-json\/wp\/v2\/pages\/21441\/revisions"}],"predecessor-version":[{"id":21448,"href":"https:\/\/allin1bitcoins.com\/it\/wp-json\/wp\/v2\/pages\/21441\/revisions\/21448"}],"up":[{"embeddable":true,"href":"https:\/\/allin1bitcoins.com\/it\/wp-json\/wp\/v2\/pages\/21377"}],"wp:featuredmedia":[{"embeddable":true,"href":"https:\/\/allin1bitcoins.com\/it\/wp-json\/wp\/v2\/media\/17143"}],"wp:attachment":[{"href":"https:\/\/allin1bitcoins.com\/it\/wp-json\/wp\/v2\/media?parent=21441"}],"curies":[{"name":"wp","href":"https:\/\/api.w.org\/{rel}","templated":true}]}}