{"id":21454,"date":"2023-02-17T09:14:34","date_gmt":"2023-02-17T09:14:34","guid":{"rendered":"https:\/\/allin1bitcoins.com\/?page_id=21454"},"modified":"2023-02-17T09:14:37","modified_gmt":"2023-02-17T09:14:37","slug":"paypal","status":"publish","type":"page","link":"https:\/\/allin1bitcoins.com\/it\/crypto\/bobcoin\/paypal\/","title":{"rendered":"Come Acquistare Bobcoin (BOBC) Con Paypal"},"content":{"rendered":"\n<p>Sfortunatamente, al momento Paypal non pu\u00f2 essere utilizzato per acquistare direttamente Bobcoin. L&#8217;acquisto di Bobcoin non \u00e8 supportato da nessuno scambio di criptovalute, anche se alcuni di essi potrebbero accettare Paypal come metodo di pagamento. Prima di poter acquistare Bobcoin, devi prima acquisire una criptovaluta pi\u00f9 popolare, come ad esempio Bitcoin o Ethereum, utilizzando Paypal e poi scambiare quella criptovaluta per Bobcoin su uno scambio che consente la negoziazione di Bobcoin.<\/p>\n\n\n\n<h2 class=\"wp-block-heading\">Panoramica di Bobcoin<\/h2>\n\n\n\n<p>Per questa illustrazione, \u00e8 stato creato un criptovaluta fittizio chiamato Bobcoin. Non pu\u00f2 essere acquistato o scambiato perch\u00e9 non \u00e8 una vera e propria criptovaluta.<\/p>\n\n\n\n<h2 class=\"wp-block-heading\">Perch\u00e9 desideri acquistare Bobcoin tramite Paypal<\/h2>\n\n\n\n<p>Ci potrebbero essere diversi motivi per cui desideri acquistare Bobcoin tramite Paypal. Puoi fare rapidamente acquisti online utilizzando Paypal, un metodo di pagamento ampiamente utilizzato e pratico. Inoltre, l&#8217;acquisto di Bobcoin utilizzando Paypal pu\u00f2 essere una buona scelta se desideri investire in criptovaluta e hai denaro nel tuo account Paypal.<\/p>\n\n\n\n<h2 class=\"wp-block-heading\">Istruzioni dettagliate su come acquistare Bobcoin utilizzando Paypal<\/h2>\n\n\n\n<p><strong>Se non ne hai gi\u00e0 uno, devi prima aprire un account Paypal. Il sito web di Paypal ha un modulo di registrazione dell&#8217;account.<\/strong><\/p>\n\n\n\n<ol><li>Il passo successivo \u00e8 trovare uno scambio di criptovaluta che accetta Paypal come metodo di pagamento. Coinbase e Paxful sono due esempi di scambi che potrebbero accettare PayPal.<br><br><\/li><li>Una volta individuato uno scambio che funziona con Paypal, devi registrarti per un account l\u00ec e completare le verifiche richieste. In questa categoria potrebbe rientrare la fornitura di documentazione di identificazione e dati personali.<br><br><\/li><li>Puoi connettere il tuo account Paypal allo scambio una volta che il tuo account \u00e8 stato convalidato. Ci\u00f2 ti consentir\u00e0 di finanziare il tuo account di scambio utilizzando Paypal.<br><br><\/li><li>Dopo aver collegato il tuo account Paypal, puoi utilizzarlo per acquistare una criptovaluta pi\u00f9 popolare come Bitcoin o Ethereum.<br><br><\/li><li>Dopo aver acquistato Bitcoin o Ethereum con Paypal, puoi quindi scambiare quelle valute per Bobcoin su uno scambio di criptovalute che consente la negoziazione della valuta digitale. Binance e Kraken sono un paio di esempi di scambi che consentono la negoziazione di Bobcoin.<br><br><\/li><li>Per completare lo scambio e ricevere il tuo Bobcoin, segui le istruzioni dello scambio.<\/li><\/ol>\n\n\n\n<h2 class=\"wp-block-heading\">Contro dell&#8217;utilizzo di Paypal per acquistare Bitcoin<\/h2>\n\n\n\n<p>Il fatto che utilizzare Paypal per acquistare Bobcoin non sia un processo diretto \u00e8 uno svantaggio. Con Paypal, devi prima acquistare una criptovaluta pi\u00f9 ampiamente utilizzata prima di scambiarla per Bobcoin, il che pu\u00f2 richiedere del tempo e potrebbe costare pi\u00f9 soldi. Inoltre, non tutti gli scambi potrebbero consentire Paypal come metodo di pagamento e quelli che lo fanno potrebbero porre restrizioni sul valore dei tuoi acquisti o imporre costi extra per le transazioni Paypal.<\/p>\n\n\n\n<h2 class=\"wp-block-heading\">Conclusione<\/h2>\n\n\n\n<p>Attualmente non \u00e8 possibile acquistare direttamente Bobcoin tramite Paypal, ma \u00e8 possibile utilizzare Paypal per acquistare una criptovaluta pi\u00f9 popolare come Bitcoin o Ethereum e poi scambiarla con Bobcoin su un exchange. Tuttavia, questo processo potrebbe richiedere del tempo e comportare costi e restrizioni aggiuntivi. Prima di effettuare un acquisto, \u00e8 fondamentale condurre una ricerca approfondita, valutare diversi exchange e considerare le tariffe e i rischi legati all&#8217;utilizzo di Paypal.<\/p>\n\n\n\n<!-- Page-list plugin v.5.9 wordpress.org\/plugins\/page-list\/ -->\n<ul class=\"page-list siblings-page-list \">\n<li class=\"page_item page-item-21469\"><a href=\"https:\/\/allin1bitcoins.com\/it\/crypto\/bobcoin\/american-express\/\">Acquista Bobcoin (BOBC) Con American Express<\/a><\/li>\n<li class=\"page_item page-item-21454\"><a href=\"https:\/\/allin1bitcoins.com\/it\/crypto\/bobcoin\/paypal\/\">Come Acquistare Bobcoin (BOBC) Con Paypal<\/a><\/li>\n<li class=\"page_item page-item-21433\"><a href=\"https:\/\/allin1bitcoins.com\/it\/crypto\/bobcoin\/credit-card\/\">Come Acquistare Bobcoin (BOBC) Con Una Carta Di Credito<\/a><\/li>\n<li class=\"page_item page-item-21441\"><a href=\"https:\/\/allin1bitcoins.com\/it\/crypto\/bobcoin\/debit-card\/\">Come Acquistare Bobcoin (BOBC) Con Una Carta di Debito<\/a><\/li>\n<li class=\"page_item page-item-21420\"><a href=\"https:\/\/allin1bitcoins.com\/it\/crypto\/bobcoin\/switzerland\/\">Come Acquistare Bobcoin (BOBC) In Svizzera<\/a><\/li>\n<li class=\"page_item page-item-21396\"><a href=\"https:\/\/allin1bitcoins.com\/it\/crypto\/bobcoin\/united-states\/\">Come Acquistare Bobcoin (BOBC) Negli Stati Uniti<\/a><\/li>\n<li class=\"page_item page-item-21386\"><a href=\"https:\/\/allin1bitcoins.com\/it\/crypto\/bobcoin\/united-kingdom\/\">Come Acquistare Bobcoin (BOBC) Nel Regno Unito<\/a><\/li>\n<li class=\"page_item page-item-21410\"><a href=\"https:\/\/allin1bitcoins.com\/it\/crypto\/bobcoin\/canada\/\">Come Comprare Bobcoin (BOBC) In Canada<\/a><\/li>\n\n<\/ul>\n","protected":false},"excerpt":{"rendered":"<p>Sfortunatamente, al momento Paypal non pu\u00f2 essere utilizzato per acquistare direttamente Bobcoin. L&#8217;acquisto di Bobcoin non \u00e8 supportato da nessuno scambio di criptovalute, anche se alcuni di essi potrebbero accettare Paypal come metodo di pagamento. Prima di poter acquistare Bobcoin, devi prima acquisire una criptovaluta pi\u00f9 popolare, come ad esempio Bitcoin o Ethereum, utilizzando Paypal&#8230;<\/p>\n","protected":false},"author":3,"featured_media":17155,"parent":21377,"menu_order":0,"comment_status":"closed","ping_status":"closed","template":"","meta":{"cybocfi_hide_featured_image":"","footnotes":""},"acf":[],"yoast_head":"<!-- This site is optimized with the Yoast SEO plugin v21.7 - https:\/\/yoast.com\/wordpress\/plugins\/seo\/ -->\n<title>Come Acquistare Bobcoin (BOBC) Con Paypal<\/title>\n<meta name=\"description\" content=\"L&#039;acquisto di Bobcoin non \u00e8 supportato da nessuno scambio di criptovalute, anche se alcuni di essi potrebbero accettare PayPal.\" \/>\n<meta name=\"robots\" content=\"index, follow, max-snippet:-1, max-image-preview:large, max-video-preview:-1\" \/>\n<link rel=\"canonical\" href=\"https:\/\/allin1bitcoins.com\/it\/crypto\/bobcoin\/paypal\/\" \/>\n<meta property=\"og:locale\" content=\"it_IT\" \/>\n<meta property=\"og:type\" content=\"article\" \/>\n<meta property=\"og:title\" content=\"Come Acquistare Bobcoin (BOBC) Con Paypal\" \/>\n<meta property=\"og:description\" content=\"L&#039;acquisto di Bobcoin non \u00e8 supportato da nessuno scambio di criptovalute, anche se alcuni di essi potrebbero accettare PayPal.\" \/>\n<meta property=\"og:url\" content=\"https:\/\/allin1bitcoins.com\/it\/crypto\/bobcoin\/paypal\/\" \/>\n<meta property=\"og:site_name\" content=\"Allin1Bitcoins\" \/>\n<meta property=\"article:modified_time\" content=\"2023-02-17T09:14:37+00:00\" \/>\n<meta property=\"og:image\" content=\"https:\/\/allin1bitcoins.com\/wp-content\/uploads\/2023\/01\/pexels-nataliya-vaitkevich-8062357-1.jpg\" \/>\n\t<meta property=\"og:image:width\" content=\"1280\" \/>\n\t<meta property=\"og:image:height\" content=\"853\" \/>\n\t<meta property=\"og:image:type\" content=\"image\/jpeg\" \/>\n<meta name=\"twitter:card\" content=\"summary_large_image\" \/>\n<meta name=\"twitter:label1\" content=\"Est. reading time\" \/>\n\t<meta name=\"twitter:data1\" content=\"3 minutes\" \/>\n<!-- \/ Yoast SEO plugin. -->","yoast_head_json":{"title":"Come Acquistare Bobcoin (BOBC) Con Paypal","description":"L'acquisto di Bobcoin non \u00e8 supportato da nessuno scambio di criptovalute, anche se alcuni di essi potrebbero accettare PayPal.","robots":{"index":"index","follow":"follow","max-snippet":"max-snippet:-1","max-image-preview":"max-image-preview:large","max-video-preview":"max-video-preview:-1"},"canonical":"https:\/\/allin1bitcoins.com\/it\/crypto\/bobcoin\/paypal\/","og_locale":"it_IT","og_type":"article","og_title":"Come Acquistare Bobcoin (BOBC) Con Paypal","og_description":"L'acquisto di Bobcoin non \u00e8 supportato da nessuno scambio di criptovalute, anche se alcuni di essi potrebbero accettare PayPal.","og_url":"https:\/\/allin1bitcoins.com\/it\/crypto\/bobcoin\/paypal\/","og_site_name":"Allin1Bitcoins","article_modified_time":"2023-02-17T09:14:37+00:00","og_image":[{"width":1280,"height":853,"url":"https:\/\/allin1bitcoins.com\/wp-content\/uploads\/2023\/01\/pexels-nataliya-vaitkevich-8062357-1.jpg","type":"image\/jpeg"}],"twitter_card":"summary_large_image","twitter_misc":{"Est. reading time":"3 minutes"},"schema":{"@context":"https:\/\/schema.org","@graph":[{"@type":"WebPage","@id":"https:\/\/allin1bitcoins.com\/it\/crypto\/bobcoin\/paypal\/","url":"https:\/\/allin1bitcoins.com\/it\/crypto\/bobcoin\/paypal\/","name":"Come Acquistare Bobcoin (BOBC) Con Paypal","isPartOf":{"@id":"https:\/\/allin1bitcoins.com\/it\/#website"},"datePublished":"2023-02-17T09:14:34+00:00","dateModified":"2023-02-17T09:14:37+00:00","description":"L'acquisto di Bobcoin non \u00e8 supportato da nessuno scambio di criptovalute, anche se alcuni di essi potrebbero accettare PayPal.","breadcrumb":{"@id":"https:\/\/allin1bitcoins.com\/it\/crypto\/bobcoin\/paypal\/#breadcrumb"},"inLanguage":"it","potentialAction":[{"@type":"ReadAction","target":["https:\/\/allin1bitcoins.com\/it\/crypto\/bobcoin\/paypal\/"]}]},{"@type":"BreadcrumbList","@id":"https:\/\/allin1bitcoins.com\/it\/crypto\/bobcoin\/paypal\/#breadcrumb","itemListElement":[{"@type":"ListItem","position":1,"name":"Home","item":"https:\/\/allin1bitcoins.com\/it\/"},{"@type":"ListItem","position":2,"name":"Crypto","item":"https:\/\/allin1bitcoins.com\/it\/crypto\/"},{"@type":"ListItem","position":3,"name":"Come Comprare Bobcoin (BOBC) &#8211; Guida Passo Passo","item":"https:\/\/allin1bitcoins.com\/it\/crypto\/bobcoin\/"},{"@type":"ListItem","position":4,"name":"Come Acquistare Bobcoin (BOBC) Con Paypal"}]},{"@type":"WebSite","@id":"https:\/\/allin1bitcoins.com\/it\/#website","url":"https:\/\/allin1bitcoins.com\/it\/","name":"Allin1Bitcoins","description":"","publisher":{"@id":"https:\/\/allin1bitcoins.com\/it\/#organization"},"potentialAction":[{"@type":"SearchAction","target":{"@type":"EntryPoint","urlTemplate":"https:\/\/allin1bitcoins.com\/it\/?s={search_term_string}"},"query-input":"required name=search_term_string"}],"inLanguage":"it"},{"@type":"Organization","@id":"https:\/\/allin1bitcoins.com\/it\/#organization","name":"allin1bitcoins","url":"https:\/\/allin1bitcoins.com\/it\/","logo":{"@type":"ImageObject","inLanguage":"it","@id":"https:\/\/allin1bitcoins.com\/it\/#\/schema\/logo\/image\/","url":"https:\/\/allin1bitcoins.com\/wp-content\/uploads\/2019\/01\/logo-new.png","contentUrl":"https:\/\/allin1bitcoins.com\/wp-content\/uploads\/2019\/01\/logo-new.png","width":178,"height":71,"caption":"allin1bitcoins"},"image":{"@id":"https:\/\/allin1bitcoins.com\/it\/#\/schema\/logo\/image\/"}}]}},"_links":{"self":[{"href":"https:\/\/allin1bitcoins.com\/it\/wp-json\/wp\/v2\/pages\/21454"}],"collection":[{"href":"https:\/\/allin1bitcoins.com\/it\/wp-json\/wp\/v2\/pages"}],"about":[{"href":"https:\/\/allin1bitcoins.com\/it\/wp-json\/wp\/v2\/types\/page"}],"author":[{"embeddable":true,"href":"https:\/\/allin1bitcoins.com\/it\/wp-json\/wp\/v2\/users\/3"}],"replies":[{"embeddable":true,"href":"https:\/\/allin1bitcoins.com\/it\/wp-json\/wp\/v2\/comments?post=21454"}],"version-history":[{"count":1,"href":"https:\/\/allin1bitcoins.com\/it\/wp-json\/wp\/v2\/pages\/21454\/revisions"}],"predecessor-version":[{"id":21455,"href":"https:\/\/allin1bitcoins.com\/it\/wp-json\/wp\/v2\/pages\/21454\/revisions\/21455"}],"up":[{"embeddable":true,"href":"https:\/\/allin1bitcoins.com\/it\/wp-json\/wp\/v2\/pages\/21377"}],"wp:featuredmedia":[{"embeddable":true,"href":"https:\/\/allin1bitcoins.com\/it\/wp-json\/wp\/v2\/media\/17155"}],"wp:attachment":[{"href":"https:\/\/allin1bitcoins.com\/it\/wp-json\/wp\/v2\/media?parent=21454"}],"curies":[{"name":"wp","href":"https:\/\/api.w.org\/{rel}","templated":true}]}}