{"id":21469,"date":"2023-02-17T16:46:19","date_gmt":"2023-02-17T16:46:19","guid":{"rendered":"https:\/\/allin1bitcoins.com\/?page_id=21469"},"modified":"2023-02-17T16:46:22","modified_gmt":"2023-02-17T16:46:22","slug":"american-express","status":"publish","type":"page","link":"https:\/\/allin1bitcoins.com\/it\/crypto\/bobcoin\/american-express\/","title":{"rendered":"Acquista Bobcoin (BOBC) Con American Express"},"content":{"rendered":"\n<h2 class=\"wp-block-heading\">Breve risposta: \u00c8 possibile acquistare bobcoin utilizzando American Express.<\/h2>\n\n\n\n<p>Sfortunatamente, al momento non \u00e8 possibile acquistare direttamente Bobcoin con American Express. L&#8217;acquisto di Bobcoin non \u00e8 supportato da nessuno degli scambi di criptovalute, anche se alcuni di essi potrebbero consentire American Express come modalit\u00e0 di pagamento. \u00c8 necessario prima acquistare una criptovaluta pi\u00f9 conosciuta, come Bitcoin o Ethereum, con American Express per poi acquistare Bobcoin e scambiare quella criptovaluta in un exchange che accetta il trading in Bobcoin.<\/p>\n\n\n\n<h2 class=\"wp-block-heading\">Panoramica di Bobcoin<\/h2>\n\n\n\n<p>Per il bene di questa illustrazione, \u00e8 stata creata una criptovaluta fittizia chiamata Bobcoin. Non pu\u00f2 essere acquistata o scambiata perch\u00e9 non \u00e8 una criptovaluta reale.<\/p>\n\n\n\n<h2 class=\"wp-block-heading\">Perch\u00e9 si vuole utilizzare American Express per acquistare Bobcoin<\/h2>\n\n\n\n<p>Ci potrebbero essere diversi fattori che influenzano la decisione di acquistare Bobcoin con American Express. Si pu\u00f2 semplicemente effettuare acquisti online grazie alla comodit\u00e0 e all&#8217;ampia accettazione di American Express come forma di pagamento. Inoltre, l&#8217;acquisto di Bobcoin con una carta American Express pu\u00f2 essere una buona scelta se si vuole investire in criptovalute e si possiede una di queste carte.<\/p>\n\n\n\n<h2 class=\"wp-block-heading\">Come acquistare Bobcoin con American Express in dettaglio<\/h2>\n\n\n\n<ol><li>Il primo passo \u00e8 trovare uno scambio di criptovalute che accetta American Express come modalit\u00e0 di pagamento. Coinbase e Bitpanda sono due esempi di scambi che potrebbero accettare American Express.<br><br><\/li><li>Dopo aver trovato uno scambio che accetta American Express, \u00e8 necessario registrarsi per un account sullo scambio e completare il processo di verifica. Fornire documentazione di identificazione e dati personali potrebbe essere richiesto.<br><br><\/li><li>Una volta che il tuo account \u00e8 stato validato, \u00e8 possibile connettere la tua carta American Express allo scambio. In questo modo, sar\u00e0 possibile finanziare il tuo conto di scambio con American Express.<br><br><\/li><li>Dopo aver collegato la tua carta American Express, puoi utilizzarla per acquistare una criptovaluta pi\u00f9 conosciuta come Bitcoin o Ethereum.<br><br><\/li><li>Dopo aver acquistato Bitcoin o Ethereum con American Express, \u00e8 possibile scambiare quelle valute per Bobcoin su uno scambio di criptovalute che permette il trading in Bobcoin. Binance e Kraken sono un paio di esempi di scambi che permettono il trading in bobcoin.<br><br><\/li><li>Per completare lo scambio e ricevere il tuo Bobcoin, segui le istruzioni dello scambio.<\/li><\/ol>\n\n\n\n<figure class=\"wp-block-embed is-type-video is-provider-youtube wp-block-embed-youtube wp-embed-aspect-16-9 wp-has-aspect-ratio\"><div class=\"wp-block-embed__wrapper\">\n<iframe title=\"Bob Eco | Bobcoin - Business Concept\" width=\"800\" height=\"450\" src=\"https:\/\/www.youtube.com\/embed\/t7JOifvQjms?feature=oembed\" frameborder=\"0\" allow=\"accelerometer; autoplay; clipboard-write; encrypted-media; gyroscope; picture-in-picture; web-share\" allowfullscreen><\/iframe>\n<\/div><\/figure>\n\n\n\n<h2 class=\"wp-block-heading\">Svantaggi nell&#8217;utilizzo di American Express per l&#8217;acquisto di Bobcoin<\/h2>\n\n\n\n<p>Il fatto che l&#8217;utilizzo di American Express per l&#8217;acquisto di Bobcoin non sia un processo diretto costituisce un inconveniente. Ci vorr\u00e0 del tempo e eventualmente commissioni aggiuntive per scambiare una criptovaluta pi\u00f9 diffusa con Bobcoin. \u00c8 necessario acquistare prima quella criptovaluta utilizzando American Express. Inoltre, non tutte le piattaforme di scambio accettano American Express come forma di pagamento e quelle che lo fanno possono avere restrizioni su quanto \u00e8 possibile acquistare o addebitare commissioni aggiuntive per gli acquisti effettuati con American Express.<\/p>\n\n\n\n<h2 class=\"wp-block-heading\">Conclusione<\/h2>\n\n\n\n<p>American Express pu\u00f2 essere utilizzato per acquistare una criptovaluta pi\u00f9 popolare come Bitcoin o Ethereum, che poi pu\u00f2 essere scambiata per Bobcoin su una piattaforma di scambio di criptovalute, anche se attualmente non \u00e8 fattibile acquistare direttamente Bobcoin utilizzando American Express. Tuttavia, questo processo potrebbe richiedere del tempo e comportare costi e restrizioni aggiuntive. Prima di effettuare un acquisto, \u00e8 essenziale condurre ricerche approfondite, valutare diverse piattaforme di scambio e tenere in considerazione le commissioni e i rischi legati all&#8217;utilizzo di American Express.<\/p>\n\n\n\n<!-- Page-list plugin v.5.9 wordpress.org\/plugins\/page-list\/ -->\n<ul class=\"page-list siblings-page-list \">\n<li class=\"page_item page-item-21469\"><a href=\"https:\/\/allin1bitcoins.com\/it\/crypto\/bobcoin\/american-express\/\">Acquista Bobcoin (BOBC) Con American Express<\/a><\/li>\n<li class=\"page_item page-item-21454\"><a href=\"https:\/\/allin1bitcoins.com\/it\/crypto\/bobcoin\/paypal\/\">Come Acquistare Bobcoin (BOBC) Con Paypal<\/a><\/li>\n<li class=\"page_item page-item-21433\"><a href=\"https:\/\/allin1bitcoins.com\/it\/crypto\/bobcoin\/credit-card\/\">Come Acquistare Bobcoin (BOBC) Con Una Carta Di Credito<\/a><\/li>\n<li class=\"page_item page-item-21441\"><a href=\"https:\/\/allin1bitcoins.com\/it\/crypto\/bobcoin\/debit-card\/\">Come Acquistare Bobcoin (BOBC) Con Una Carta di Debito<\/a><\/li>\n<li class=\"page_item page-item-21420\"><a href=\"https:\/\/allin1bitcoins.com\/it\/crypto\/bobcoin\/switzerland\/\">Come Acquistare Bobcoin (BOBC) In Svizzera<\/a><\/li>\n<li class=\"page_item page-item-21396\"><a href=\"https:\/\/allin1bitcoins.com\/it\/crypto\/bobcoin\/united-states\/\">Come Acquistare Bobcoin (BOBC) Negli Stati Uniti<\/a><\/li>\n<li class=\"page_item page-item-21386\"><a href=\"https:\/\/allin1bitcoins.com\/it\/crypto\/bobcoin\/united-kingdom\/\">Come Acquistare Bobcoin (BOBC) Nel Regno Unito<\/a><\/li>\n<li class=\"page_item page-item-21410\"><a href=\"https:\/\/allin1bitcoins.com\/it\/crypto\/bobcoin\/canada\/\">Come Comprare Bobcoin (BOBC) In Canada<\/a><\/li>\n\n<\/ul>\n","protected":false},"excerpt":{"rendered":"<p>Breve risposta: \u00c8 possibile acquistare bobcoin utilizzando American Express. Sfortunatamente, al momento non \u00e8 possibile acquistare direttamente Bobcoin con American Express. L&#8217;acquisto di Bobcoin non \u00e8 supportato da nessuno degli scambi di criptovalute, anche se alcuni di essi potrebbero consentire American Express come modalit\u00e0 di pagamento. \u00c8 necessario prima acquistare una criptovaluta pi\u00f9 conosciuta, come&#8230;<\/p>\n","protected":false},"author":3,"featured_media":17165,"parent":21377,"menu_order":0,"comment_status":"closed","ping_status":"closed","template":"","meta":{"cybocfi_hide_featured_image":"","footnotes":""},"acf":[],"yoast_head":"<!-- This site is optimized with the Yoast SEO plugin v21.7 - https:\/\/yoast.com\/wordpress\/plugins\/seo\/ -->\n<title>Acquista Bobcoin (BOBC) Con American Express<\/title>\n<meta name=\"description\" content=\"American Express non pu\u00f2 essere utilizzato per effettuare acquisti diretti di Bobcoin e non \u00e8 supportato da alcuna exchange di criptovalute.\" \/>\n<meta name=\"robots\" content=\"index, follow, max-snippet:-1, max-image-preview:large, max-video-preview:-1\" \/>\n<link rel=\"canonical\" href=\"https:\/\/allin1bitcoins.com\/it\/crypto\/bobcoin\/american-express\/\" \/>\n<meta property=\"og:locale\" content=\"it_IT\" \/>\n<meta property=\"og:type\" content=\"article\" \/>\n<meta property=\"og:title\" content=\"Acquista Bobcoin (BOBC) Con American Express\" \/>\n<meta property=\"og:description\" content=\"American Express non pu\u00f2 essere utilizzato per effettuare acquisti diretti di Bobcoin e non \u00e8 supportato da alcuna exchange di criptovalute.\" \/>\n<meta property=\"og:url\" content=\"https:\/\/allin1bitcoins.com\/it\/crypto\/bobcoin\/american-express\/\" \/>\n<meta property=\"og:site_name\" content=\"Allin1Bitcoins\" \/>\n<meta property=\"article:modified_time\" content=\"2023-02-17T16:46:22+00:00\" \/>\n<meta property=\"og:image\" content=\"https:\/\/allin1bitcoins.com\/wp-content\/uploads\/2023\/01\/pexels-ivan-samkov-7621348.jpg\" \/>\n\t<meta property=\"og:image:width\" content=\"1280\" \/>\n\t<meta property=\"og:image:height\" content=\"1920\" \/>\n\t<meta property=\"og:image:type\" content=\"image\/jpeg\" \/>\n<meta name=\"twitter:card\" content=\"summary_large_image\" \/>\n<meta name=\"twitter:label1\" content=\"Est. reading time\" \/>\n\t<meta name=\"twitter:data1\" content=\"3 minutes\" \/>\n<!-- \/ Yoast SEO plugin. -->","yoast_head_json":{"title":"Acquista Bobcoin (BOBC) Con American Express","description":"American Express non pu\u00f2 essere utilizzato per effettuare acquisti diretti di Bobcoin e non \u00e8 supportato da alcuna exchange di criptovalute.","robots":{"index":"index","follow":"follow","max-snippet":"max-snippet:-1","max-image-preview":"max-image-preview:large","max-video-preview":"max-video-preview:-1"},"canonical":"https:\/\/allin1bitcoins.com\/it\/crypto\/bobcoin\/american-express\/","og_locale":"it_IT","og_type":"article","og_title":"Acquista Bobcoin (BOBC) Con American Express","og_description":"American Express non pu\u00f2 essere utilizzato per effettuare acquisti diretti di Bobcoin e non \u00e8 supportato da alcuna exchange di criptovalute.","og_url":"https:\/\/allin1bitcoins.com\/it\/crypto\/bobcoin\/american-express\/","og_site_name":"Allin1Bitcoins","article_modified_time":"2023-02-17T16:46:22+00:00","og_image":[{"width":1280,"height":1920,"url":"https:\/\/allin1bitcoins.com\/wp-content\/uploads\/2023\/01\/pexels-ivan-samkov-7621348.jpg","type":"image\/jpeg"}],"twitter_card":"summary_large_image","twitter_misc":{"Est. reading time":"3 minutes"},"schema":{"@context":"https:\/\/schema.org","@graph":[{"@type":"WebPage","@id":"https:\/\/allin1bitcoins.com\/it\/crypto\/bobcoin\/american-express\/","url":"https:\/\/allin1bitcoins.com\/it\/crypto\/bobcoin\/american-express\/","name":"Acquista Bobcoin (BOBC) Con American Express","isPartOf":{"@id":"https:\/\/allin1bitcoins.com\/it\/#website"},"datePublished":"2023-02-17T16:46:19+00:00","dateModified":"2023-02-17T16:46:22+00:00","description":"American Express non pu\u00f2 essere utilizzato per effettuare acquisti diretti di Bobcoin e non \u00e8 supportato da alcuna exchange di criptovalute.","breadcrumb":{"@id":"https:\/\/allin1bitcoins.com\/it\/crypto\/bobcoin\/american-express\/#breadcrumb"},"inLanguage":"it","potentialAction":[{"@type":"ReadAction","target":["https:\/\/allin1bitcoins.com\/it\/crypto\/bobcoin\/american-express\/"]}]},{"@type":"BreadcrumbList","@id":"https:\/\/allin1bitcoins.com\/it\/crypto\/bobcoin\/american-express\/#breadcrumb","itemListElement":[{"@type":"ListItem","position":1,"name":"Home","item":"https:\/\/allin1bitcoins.com\/it\/"},{"@type":"ListItem","position":2,"name":"Crypto","item":"https:\/\/allin1bitcoins.com\/it\/crypto\/"},{"@type":"ListItem","position":3,"name":"Come Comprare Bobcoin (BOBC) &#8211; Guida Passo Passo","item":"https:\/\/allin1bitcoins.com\/it\/crypto\/bobcoin\/"},{"@type":"ListItem","position":4,"name":"Acquista Bobcoin (BOBC) Con American Express"}]},{"@type":"WebSite","@id":"https:\/\/allin1bitcoins.com\/it\/#website","url":"https:\/\/allin1bitcoins.com\/it\/","name":"Allin1Bitcoins","description":"","publisher":{"@id":"https:\/\/allin1bitcoins.com\/it\/#organization"},"potentialAction":[{"@type":"SearchAction","target":{"@type":"EntryPoint","urlTemplate":"https:\/\/allin1bitcoins.com\/it\/?s={search_term_string}"},"query-input":"required name=search_term_string"}],"inLanguage":"it"},{"@type":"Organization","@id":"https:\/\/allin1bitcoins.com\/it\/#organization","name":"allin1bitcoins","url":"https:\/\/allin1bitcoins.com\/it\/","logo":{"@type":"ImageObject","inLanguage":"it","@id":"https:\/\/allin1bitcoins.com\/it\/#\/schema\/logo\/image\/","url":"https:\/\/allin1bitcoins.com\/wp-content\/uploads\/2019\/01\/logo-new.png","contentUrl":"https:\/\/allin1bitcoins.com\/wp-content\/uploads\/2019\/01\/logo-new.png","width":178,"height":71,"caption":"allin1bitcoins"},"image":{"@id":"https:\/\/allin1bitcoins.com\/it\/#\/schema\/logo\/image\/"}}]}},"_links":{"self":[{"href":"https:\/\/allin1bitcoins.com\/it\/wp-json\/wp\/v2\/pages\/21469"}],"collection":[{"href":"https:\/\/allin1bitcoins.com\/it\/wp-json\/wp\/v2\/pages"}],"about":[{"href":"https:\/\/allin1bitcoins.com\/it\/wp-json\/wp\/v2\/types\/page"}],"author":[{"embeddable":true,"href":"https:\/\/allin1bitcoins.com\/it\/wp-json\/wp\/v2\/users\/3"}],"replies":[{"embeddable":true,"href":"https:\/\/allin1bitcoins.com\/it\/wp-json\/wp\/v2\/comments?post=21469"}],"version-history":[{"count":1,"href":"https:\/\/allin1bitcoins.com\/it\/wp-json\/wp\/v2\/pages\/21469\/revisions"}],"predecessor-version":[{"id":21470,"href":"https:\/\/allin1bitcoins.com\/it\/wp-json\/wp\/v2\/pages\/21469\/revisions\/21470"}],"up":[{"embeddable":true,"href":"https:\/\/allin1bitcoins.com\/it\/wp-json\/wp\/v2\/pages\/21377"}],"wp:featuredmedia":[{"embeddable":true,"href":"https:\/\/allin1bitcoins.com\/it\/wp-json\/wp\/v2\/media\/17165"}],"wp:attachment":[{"href":"https:\/\/allin1bitcoins.com\/it\/wp-json\/wp\/v2\/media?parent=21469"}],"curies":[{"name":"wp","href":"https:\/\/api.w.org\/{rel}","templated":true}]}}