{"id":21475,"date":"2023-02-17T19:47:06","date_gmt":"2023-02-17T19:47:06","guid":{"rendered":"https:\/\/allin1bitcoins.com\/?page_id=21475"},"modified":"2023-02-17T19:58:47","modified_gmt":"2023-02-17T19:58:47","slug":"kunci","status":"publish","type":"page","link":"https:\/\/allin1bitcoins.com\/it\/crypto\/kunci\/","title":{"rendered":"Come Acquistare Kunci Coin (KUNCI) &#8211; Guida Passo Dopo Passo 2023"},"content":{"rendered":"\n<h2 class=\"wp-block-heading\">Acquisto di Kunci Coin: una breve risposta<\/h2>\n\n\n\n<p>Il procedimento per l&#8217;acquisto di Kunci Coin \u00e8 gestibile e pu\u00f2 essere suddiviso in alcune fasi essenziali. Il primo passo \u00e8 trovare un exchange di criptovalute affidabile che consenta il trading di Kunci Coin. Il passo successivo \u00e8 registrarsi per un account sull&#8217;exchange e fornire l&#8217;identificazione. Dopo aver creato il tuo account, puoi aggiungere denaro ad esso utilizzando una valuta supportata, come Bitcoin o Ethereum. Puoi acquistare Kunci Coin con il denaro nel tuo account dopo che \u00e8 stato accreditato con i tuoi fondi.<\/p>\n\n\n\n<h2 class=\"wp-block-heading\">Introduzione a Kunci Coin<\/h2>\n\n\n\n<p>Il progetto Kunci ha creato la criptovaluta nota come Kunci Coin. Il progetto Kunci cerca di fornire una piattaforma decentralizzata in cui gli utenti possono condividere e accedere alla conoscenza in modo sicuro e privato. Gli utenti del sito possono accedere a un registro decentralizzato e inalterabile di conoscenza e informazioni grazie alla tecnologia blockchain. La valuta nativa della piattaforma Kunci, Kunci Coin, viene utilizzata per premiare gli utenti che condividono e aggiungono conoscenze utili al sito.<\/p>\n\n\n\n<figure class=\"wp-block-embed is-type-video is-provider-youtube wp-block-embed-youtube wp-embed-aspect-16-9 wp-has-aspect-ratio\"><div class=\"wp-block-embed__wrapper\">\n<iframe title=\"Is Kunci Coin (KUNCI) Scam or Legit ??\" width=\"800\" height=\"450\" src=\"https:\/\/www.youtube.com\/embed\/aZzjpRGf_Qg?feature=oembed\" frameborder=\"0\" allow=\"accelerometer; autoplay; clipboard-write; encrypted-media; gyroscope; picture-in-picture; web-share\" allowfullscreen><\/iframe>\n<\/div><\/figure>\n\n\n\n<h2 class=\"wp-block-heading\">Panoramica della procedura di acquisto di Kunci Coin<\/h2>\n\n\n\n<ol><li>Trovare un exchange di criptovalute affidabile che consenta il trading di Kunci Coin, creare un account e fare un deposito sono i primi tre passaggi del processo di acquisto. Scegli un exchange di criptovalute affidabile che consenta il trading di Kunci Coin. Binance, KuCoin e Gate.io sono alcune delle scelte pi\u00f9 popolari.<br><br><\/li><li>Registrati per un account sull&#8217;exchange di tua scelta e svolgi le procedure di verifica richieste.<br><br><\/li><li>Aggiungi denaro al tuo account utilizzando una valuta accettata, come Bitcoin o Ethereum.<br><br><br><\/li><li>Trova la coppia di trading Kunci Coin\/BTC o Kunci Coin\/ETH andando alla pagina di trading dell&#8217;exchange.<br><br><\/li><li>Piazza un ordine di acquisto per la quantit\u00e0 di Kunci Coin che desideri acquistare.<br><br><\/li><li>I Kunci Coin saranno accreditati sul tuo wallet dell&#8217;exchange una volta che il tuo ordine sar\u00e0 stato soddisfatto.<\/li><\/ol>\n\n\n\n<h2 class=\"wp-block-heading\">Vantaggi dell&#8217;acquisto di Kunci Coin<\/h2>\n\n\n\n<p>Ci sono diversi vantaggi nell&#8217;acquisto di Kunci Coin. Innanzitutto, possedere Kunci Coin ti d\u00e0 accesso al progetto Kunci e all&#8217;ecosistema per lo scambio di conoscenze. Essendo supportato dal valore della piattaforma Kunci, possedere Kunci Coin pu\u00f2 anche agire come copertura contro la volatilit\u00e0 di altre criptovalute. Inoltre, la propriet\u00e0 di Kunci Coin d\u00e0 diritto agli utenti di accedere a contenuti premium e di ricevere premi per la condivisione di conoscenze approfondite sulla piattaforma.<\/p>\n\n\n\n<h2 class=\"wp-block-heading\">Conclusione<\/h2>\n\n\n\n<p>Infine, l&#8217;acquisto di Kunci Coin \u00e8 un processo semplice che pu\u00f2 essere completato individuando uno scambio di criptovalute affidabile che supporta il trading di Kunci Coin, configurando un account e finanziandolo. \u00c8 possibile saperne di pi\u00f9 sul progetto Kunci e partecipare all&#8217;ecosistema di condivisione delle informazioni possedendo Kunci Coin. Prima di effettuare qualsiasi selezione finanziaria, \u00e8 fondamentale condurre la propria ricerca e comprendere appieno i rischi. Il panorama normativo e qualsiasi conseguenza fiscale per l&#8217;acquisto e il possesso di qualsiasi criptovaluta dovrebbe sempre essere compreso.<\/p>\n\n\n\n<!-- Page-list plugin v.5.9 wordpress.org\/plugins\/page-list\/ -->\n<ul class=\"page-list subpages-page-list \">\n<li class=\"page_item page-item-21512\"><a href=\"https:\/\/allin1bitcoins.com\/it\/crypto\/kunci\/american-express\/\">Come Acquistare Kunci Coin (KUNCI) Con American Express<\/a><\/li>\n<li class=\"page_item page-item-21543\"><a href=\"https:\/\/allin1bitcoins.com\/it\/crypto\/kunci\/credit-card\/\">Come Acquistare Kunci Coin (KUNCI) Con Carta Di Credito<\/a><\/li>\n<li class=\"page_item page-item-21533\"><a href=\"https:\/\/allin1bitcoins.com\/it\/crypto\/kunci\/debit-card\/\">Come Acquistare Kunci Coin (KUNCI) Con Carta Di Debito<\/a><\/li>\n<li class=\"page_item page-item-21524\"><a href=\"https:\/\/allin1bitcoins.com\/it\/crypto\/kunci\/paypal\/\">Come Acquistare Kunci Coin (KUNCI) Con PayPal<\/a><\/li>\n<li class=\"page_item page-item-21566\"><a href=\"https:\/\/allin1bitcoins.com\/it\/crypto\/kunci\/canada\/\">Come Acquistare Kunci Coin (KUNCI) In Canada<\/a><\/li>\n<li class=\"page_item page-item-21555\"><a href=\"https:\/\/allin1bitcoins.com\/it\/crypto\/kunci\/switzerland\/\">Come Acquistare Kunci Coin (KUNCI) In Svizzera<\/a><\/li>\n<li class=\"page_item page-item-21502\"><a href=\"https:\/\/allin1bitcoins.com\/it\/crypto\/kunci\/united-states\/\">Come Acquistare Kunci Coin (KUNCI) Negli Stati Uniti<\/a><\/li>\n<li class=\"page_item page-item-21490\"><a href=\"https:\/\/allin1bitcoins.com\/it\/crypto\/kunci\/united-kingdom\/\">Come Acquistare Kunci Coin (KUNCI) Nel Regno Unito<\/a><\/li>\n\n<\/ul>\n","protected":false},"excerpt":{"rendered":"<p>Acquisto di Kunci Coin: una breve risposta Il procedimento per l&#8217;acquisto di Kunci Coin \u00e8 gestibile e pu\u00f2 essere suddiviso in alcune fasi essenziali. Il primo passo \u00e8 trovare un exchange di criptovalute affidabile che consenta il trading di Kunci Coin. Il passo successivo \u00e8 registrarsi per un account sull&#8217;exchange e fornire l&#8217;identificazione. Dopo aver&#8230;<\/p>\n","protected":false},"author":3,"featured_media":16856,"parent":19844,"menu_order":0,"comment_status":"closed","ping_status":"closed","template":"","meta":{"cybocfi_hide_featured_image":"","footnotes":""},"acf":[],"yoast_head":"<!-- This site is optimized with the Yoast SEO plugin v21.7 - https:\/\/yoast.com\/wordpress\/plugins\/seo\/ -->\n<title>Come Acquistare Kunci Coin (KUNCI) - Guida Passo Dopo Passo<\/title>\n<meta name=\"description\" content=\"L&#039;acquisto di Kunci \u00e8 un processo semplice che pu\u00f2 essere completato individuando uno scambio di criptovalute affidabile che supporti Kunci.\" \/>\n<meta name=\"robots\" content=\"index, follow, max-snippet:-1, max-image-preview:large, max-video-preview:-1\" \/>\n<link rel=\"canonical\" href=\"https:\/\/allin1bitcoins.com\/it\/crypto\/kunci\/\" \/>\n<meta property=\"og:locale\" content=\"it_IT\" \/>\n<meta property=\"og:type\" content=\"article\" \/>\n<meta property=\"og:title\" content=\"Come Acquistare Kunci Coin (KUNCI) - Guida Passo Dopo Passo\" \/>\n<meta property=\"og:description\" content=\"L&#039;acquisto di Kunci \u00e8 un processo semplice che pu\u00f2 essere completato individuando uno scambio di criptovalute affidabile che supporti Kunci.\" \/>\n<meta property=\"og:url\" content=\"https:\/\/allin1bitcoins.com\/it\/crypto\/kunci\/\" \/>\n<meta property=\"og:site_name\" content=\"Allin1Bitcoins\" \/>\n<meta property=\"article:modified_time\" content=\"2023-02-17T19:58:47+00:00\" \/>\n<meta property=\"og:image\" content=\"https:\/\/allin1bitcoins.com\/wp-content\/uploads\/2023\/01\/3-1.jpg\" \/>\n\t<meta property=\"og:image:width\" content=\"1920\" \/>\n\t<meta property=\"og:image:height\" content=\"1282\" \/>\n\t<meta property=\"og:image:type\" content=\"image\/jpeg\" \/>\n<meta name=\"twitter:card\" content=\"summary_large_image\" \/>\n<meta name=\"twitter:label1\" content=\"Est. reading time\" \/>\n\t<meta name=\"twitter:data1\" content=\"3 minutes\" \/>\n<!-- \/ Yoast SEO plugin. -->","yoast_head_json":{"title":"Come Acquistare Kunci Coin (KUNCI) - Guida Passo Dopo Passo","description":"L'acquisto di Kunci \u00e8 un processo semplice che pu\u00f2 essere completato individuando uno scambio di criptovalute affidabile che supporti Kunci.","robots":{"index":"index","follow":"follow","max-snippet":"max-snippet:-1","max-image-preview":"max-image-preview:large","max-video-preview":"max-video-preview:-1"},"canonical":"https:\/\/allin1bitcoins.com\/it\/crypto\/kunci\/","og_locale":"it_IT","og_type":"article","og_title":"Come Acquistare Kunci Coin (KUNCI) - Guida Passo Dopo Passo","og_description":"L'acquisto di Kunci \u00e8 un processo semplice che pu\u00f2 essere completato individuando uno scambio di criptovalute affidabile che supporti Kunci.","og_url":"https:\/\/allin1bitcoins.com\/it\/crypto\/kunci\/","og_site_name":"Allin1Bitcoins","article_modified_time":"2023-02-17T19:58:47+00:00","og_image":[{"width":1920,"height":1282,"url":"https:\/\/allin1bitcoins.com\/wp-content\/uploads\/2023\/01\/3-1.jpg","type":"image\/jpeg"}],"twitter_card":"summary_large_image","twitter_misc":{"Est. reading time":"3 minutes"},"schema":{"@context":"https:\/\/schema.org","@graph":[{"@type":"WebPage","@id":"https:\/\/allin1bitcoins.com\/it\/crypto\/kunci\/","url":"https:\/\/allin1bitcoins.com\/it\/crypto\/kunci\/","name":"Come Acquistare Kunci Coin (KUNCI) - Guida Passo Dopo Passo","isPartOf":{"@id":"https:\/\/allin1bitcoins.com\/it\/#website"},"datePublished":"2023-02-17T19:47:06+00:00","dateModified":"2023-02-17T19:58:47+00:00","description":"L'acquisto di Kunci \u00e8 un processo semplice che pu\u00f2 essere completato individuando uno scambio di criptovalute affidabile che supporti Kunci.","breadcrumb":{"@id":"https:\/\/allin1bitcoins.com\/it\/crypto\/kunci\/#breadcrumb"},"inLanguage":"it","potentialAction":[{"@type":"ReadAction","target":["https:\/\/allin1bitcoins.com\/it\/crypto\/kunci\/"]}]},{"@type":"BreadcrumbList","@id":"https:\/\/allin1bitcoins.com\/it\/crypto\/kunci\/#breadcrumb","itemListElement":[{"@type":"ListItem","position":1,"name":"Home","item":"https:\/\/allin1bitcoins.com\/it\/"},{"@type":"ListItem","position":2,"name":"Crypto","item":"https:\/\/allin1bitcoins.com\/it\/crypto\/"},{"@type":"ListItem","position":3,"name":"Come Acquistare Kunci Coin (KUNCI) &#8211; Guida Passo Dopo Passo 2023"}]},{"@type":"WebSite","@id":"https:\/\/allin1bitcoins.com\/it\/#website","url":"https:\/\/allin1bitcoins.com\/it\/","name":"Allin1Bitcoins","description":"","publisher":{"@id":"https:\/\/allin1bitcoins.com\/it\/#organization"},"potentialAction":[{"@type":"SearchAction","target":{"@type":"EntryPoint","urlTemplate":"https:\/\/allin1bitcoins.com\/it\/?s={search_term_string}"},"query-input":"required name=search_term_string"}],"inLanguage":"it"},{"@type":"Organization","@id":"https:\/\/allin1bitcoins.com\/it\/#organization","name":"allin1bitcoins","url":"https:\/\/allin1bitcoins.com\/it\/","logo":{"@type":"ImageObject","inLanguage":"it","@id":"https:\/\/allin1bitcoins.com\/it\/#\/schema\/logo\/image\/","url":"https:\/\/allin1bitcoins.com\/wp-content\/uploads\/2019\/01\/logo-new.png","contentUrl":"https:\/\/allin1bitcoins.com\/wp-content\/uploads\/2019\/01\/logo-new.png","width":178,"height":71,"caption":"allin1bitcoins"},"image":{"@id":"https:\/\/allin1bitcoins.com\/it\/#\/schema\/logo\/image\/"}}]}},"_links":{"self":[{"href":"https:\/\/allin1bitcoins.com\/it\/wp-json\/wp\/v2\/pages\/21475"}],"collection":[{"href":"https:\/\/allin1bitcoins.com\/it\/wp-json\/wp\/v2\/pages"}],"about":[{"href":"https:\/\/allin1bitcoins.com\/it\/wp-json\/wp\/v2\/types\/page"}],"author":[{"embeddable":true,"href":"https:\/\/allin1bitcoins.com\/it\/wp-json\/wp\/v2\/users\/3"}],"replies":[{"embeddable":true,"href":"https:\/\/allin1bitcoins.com\/it\/wp-json\/wp\/v2\/comments?post=21475"}],"version-history":[{"count":3,"href":"https:\/\/allin1bitcoins.com\/it\/wp-json\/wp\/v2\/pages\/21475\/revisions"}],"predecessor-version":[{"id":21484,"href":"https:\/\/allin1bitcoins.com\/it\/wp-json\/wp\/v2\/pages\/21475\/revisions\/21484"}],"up":[{"embeddable":true,"href":"https:\/\/allin1bitcoins.com\/it\/wp-json\/wp\/v2\/pages\/19844"}],"wp:featuredmedia":[{"embeddable":true,"href":"https:\/\/allin1bitcoins.com\/it\/wp-json\/wp\/v2\/media\/16856"}],"wp:attachment":[{"href":"https:\/\/allin1bitcoins.com\/it\/wp-json\/wp\/v2\/media?parent=21475"}],"curies":[{"name":"wp","href":"https:\/\/api.w.org\/{rel}","templated":true}]}}