{"id":21490,"date":"2023-02-18T05:26:20","date_gmt":"2023-02-18T05:26:20","guid":{"rendered":"https:\/\/allin1bitcoins.com\/?page_id=21490"},"modified":"2023-02-18T05:26:22","modified_gmt":"2023-02-18T05:26:22","slug":"united-kingdom","status":"publish","type":"page","link":"https:\/\/allin1bitcoins.com\/it\/crypto\/kunci\/united-kingdom\/","title":{"rendered":"Come Acquistare Kunci Coin (KUNCI) Nel Regno Unito"},"content":{"rendered":"\n<h2 class=\"wp-block-heading\">Breve respuesta: Puedes comprar Kunci Coin en el Reino Unido.<\/h2>\n\n\n\n<p>El procedimiento para comprar Kunci Coin en el Reino Unido se puede dividir en unas pocas fases esenciales y es bastante sencillo. En primer lugar, hay que encontrar un intercambio de criptomonedas de confianza que permita el comercio con Kunci Coin en el Reino Unido. El siguiente paso es registrarse en el intercambio y proporcionar la identificaci\u00f3n necesaria. Una vez que se haya configurado la cuenta, se puede a\u00f1adir dinero a ella en libras esterlinas (GBP) o en otra moneda admitida. Despu\u00e9s de que se hayan acreditado los fondos en la cuenta, se puede comprar Kunci Coin con el dinero disponible.<\/p>\n\n\n\n<h2 class=\"wp-block-heading\">Resumen de Kunci Coin<\/h2>\n\n\n\n<p>El proyecto Kunci cre\u00f3 la criptomoneda conocida como Kunci Coin. El proyecto Kunci busca proporcionar una plataforma descentralizada donde los usuarios puedan compartir y acceder al conocimiento de una manera segura y privada. Los usuarios del sitio pueden acceder a un registro descentralizado e inmutable de conocimiento e informaci\u00f3n gracias a la tecnolog\u00eda blockchain. El token nativo de la plataforma Kunci, Kunci Coin, se utiliza para recompensar a los usuarios que comparten y a\u00f1aden conocimiento valioso a la red.<\/p>\n\n\n\n<h2 class=\"wp-block-heading\">Ventajas de comprar Kunci Coin<\/h2>\n\n\n\n<p>Hay varias ventajas en la compra de Kunci Coin. En primer lugar, tener Kunci Coin te da acceso al proyecto Kunci y al ecosistema de intercambio de conocimiento. Al respaldarse con el valor de la plataforma Kunci, poseer Kunci Coin tambi\u00e9n puede actuar como cobertura contra la volatilidad de otras criptomonedas. Adem\u00e1s, ser due\u00f1o de Kunci Coin otorga a los usuarios acceso a contenido premium, as\u00ed como premios por compartir conocimiento \u00fatil en la plataforma.<\/p>\n\n\n\n<figure class=\"wp-block-embed is-type-video is-provider-youtube wp-block-embed-youtube wp-embed-aspect-16-9 wp-has-aspect-ratio\"><div class=\"wp-block-embed__wrapper\">\n<iframe title=\"KUNCICOIN EVENT BURN!! 36 MILIAR TOKEN?! REVIEW KUNCI COIN!! SALAH SATU TOP CRYPTO LOKAL?!\" width=\"800\" height=\"450\" src=\"https:\/\/www.youtube.com\/embed\/pLk_FNQ4JHs?feature=oembed\" frameborder=\"0\" allow=\"accelerometer; autoplay; clipboard-write; encrypted-media; gyroscope; picture-in-picture; web-share\" allowfullscreen><\/iframe>\n<\/div><\/figure>\n\n\n\n<h2 class=\"wp-block-heading\">C\u00f3mo comprar Kunci Coin en el Reino Unido: Una gu\u00eda paso a paso<\/h2>\n\n\n\n<p><strong>Paso 1: <\/strong>Elige un intercambio de criptomonedas de confianza que permita el comercio de Kunci Coin en el Reino Unido. Binance, KuCoin y Gate.io son algunas opciones populares.<br><\/p>\n\n\n\n<p><strong>Paso 2: <\/strong>Reg\u00edstrate en la cuenta del intercambio que hayas elegido y realiza los procedimientos de verificaci\u00f3n necesarios.<br><\/p>\n\n\n\n<p><strong>Paso 3: <\/strong>Haz un dep\u00f3sito en tu cuenta en GBP o en otra moneda aceptada.<br><\/p>\n\n\n\n<p><strong>Paso 4:<\/strong> Localiza el par de negociaci\u00f3n Kunci Coin\/GBP yendo a la p\u00e1gina de negociaci\u00f3n del intercambio.<br><\/p>\n\n\n\n<p><strong>Paso 5: <\/strong>Coloca una orden de compra por la cantidad de Kunci Coin que desees comprar.<br><\/p>\n\n\n\n<p><strong>Paso 6: <\/strong>Los Kunci Coins se acreditar\u00e1n en tu billetera del intercambio una vez que se haya cumplido tu orden.<\/p>\n\n\n\n<h2 class=\"wp-block-heading\">Acquisto di Kunci Coin tassato nel Regno Unito<\/h2>\n\n\n\n<p>Le tasse si applicano all&#8217;acquisto di Kunci Coin nel Regno Unito, proprio come per qualsiasi altra transazione finanziaria. La tua situazione unica e qualsiasi regola fiscale e normativa pertinente nel tuo paese determineranno le precise conseguenze fiscali dell&#8217;acquisto e del possesso di Kunci Coin. Gli attivi criptati sono considerati dal codice fiscale del Regno Unito esistenti come una forma di propriet\u00e0 imponibile e pertanto sono soggetti a una tassa sulle plusvalenze. Prima di prendere qualsiasi decisione finanziaria significativa, inclusa l&#8217;acquisto di Kunci Coin, \u00e8 consigliabile consultare un esperto fiscale.<\/p>\n\n\n\n<h2 class=\"wp-block-heading\">Conclusione<\/h2>\n\n\n\n<p>In conclusione, l&#8217;acquisto di Kunci Coin nel Regno Unito \u00e8 un processo semplice che pu\u00f2 essere effettuato individuando uno scambio di criptovalute affidabile che supporti il trading di Kunci Coin, aprendo un account e finanziandolo. \u00c8 possibile saperne di pi\u00f9 sul progetto Kunci e prendere parte all&#8217;ecosistema di condivisione delle informazioni possedendo Kunci Coin. Prima di prendere qualsiasi decisione finanziaria, \u00e8 cruciale comprendere le conseguenze fiscali e cercare consigli professionali. Fai sempre le tue ricerche e assicurati di essere consapevole dei rischi coinvolti prima di acquistare qualsiasi criptovaluta.<\/p>\n\n\n\n<!-- Page-list plugin v.5.9 wordpress.org\/plugins\/page-list\/ -->\n<ul class=\"page-list siblings-page-list \">\n<li class=\"page_item page-item-21512\"><a href=\"https:\/\/allin1bitcoins.com\/it\/crypto\/kunci\/american-express\/\">Come Acquistare Kunci Coin (KUNCI) Con American Express<\/a><\/li>\n<li class=\"page_item page-item-21543\"><a href=\"https:\/\/allin1bitcoins.com\/it\/crypto\/kunci\/credit-card\/\">Come Acquistare Kunci Coin (KUNCI) Con Carta Di Credito<\/a><\/li>\n<li class=\"page_item page-item-21533\"><a href=\"https:\/\/allin1bitcoins.com\/it\/crypto\/kunci\/debit-card\/\">Come Acquistare Kunci Coin (KUNCI) Con Carta Di Debito<\/a><\/li>\n<li class=\"page_item page-item-21524\"><a href=\"https:\/\/allin1bitcoins.com\/it\/crypto\/kunci\/paypal\/\">Come Acquistare Kunci Coin (KUNCI) Con PayPal<\/a><\/li>\n<li class=\"page_item page-item-21566\"><a href=\"https:\/\/allin1bitcoins.com\/it\/crypto\/kunci\/canada\/\">Come Acquistare Kunci Coin (KUNCI) In Canada<\/a><\/li>\n<li class=\"page_item page-item-21555\"><a href=\"https:\/\/allin1bitcoins.com\/it\/crypto\/kunci\/switzerland\/\">Come Acquistare Kunci Coin (KUNCI) In Svizzera<\/a><\/li>\n<li class=\"page_item page-item-21502\"><a href=\"https:\/\/allin1bitcoins.com\/it\/crypto\/kunci\/united-states\/\">Come Acquistare Kunci Coin (KUNCI) Negli Stati Uniti<\/a><\/li>\n<li class=\"page_item page-item-21490\"><a href=\"https:\/\/allin1bitcoins.com\/it\/crypto\/kunci\/united-kingdom\/\">Come Acquistare Kunci Coin (KUNCI) Nel Regno Unito<\/a><\/li>\n\n<\/ul>\n","protected":false},"excerpt":{"rendered":"<p>Breve respuesta: Puedes comprar Kunci Coin en el Reino Unido. El procedimiento para comprar Kunci Coin en el Reino Unido se puede dividir en unas pocas fases esenciales y es bastante sencillo. En primer lugar, hay que encontrar un intercambio de criptomonedas de confianza que permita el comercio con Kunci Coin en el Reino Unido&#8230;.<\/p>\n","protected":false},"author":3,"featured_media":16866,"parent":21475,"menu_order":0,"comment_status":"closed","ping_status":"closed","template":"","meta":{"cybocfi_hide_featured_image":"","footnotes":""},"acf":[],"yoast_head":"<!-- This site is optimized with the Yoast SEO plugin v21.7 - https:\/\/yoast.com\/wordpress\/plugins\/seo\/ -->\n<title>Come Acquistare Kunci Coin (KUNCI) Nel Regno Unito<\/title>\n<meta name=\"description\" content=\"La procedura per l&#039;acquisto di Kunci Coin nel Regno Unito pu\u00f2 essere suddivisa in alcune fasi essenziali ed \u00e8 piuttosto semplice.\" \/>\n<meta name=\"robots\" content=\"index, follow, max-snippet:-1, max-image-preview:large, max-video-preview:-1\" \/>\n<link rel=\"canonical\" href=\"https:\/\/allin1bitcoins.com\/it\/crypto\/kunci\/united-kingdom\/\" \/>\n<meta property=\"og:locale\" content=\"it_IT\" \/>\n<meta property=\"og:type\" content=\"article\" \/>\n<meta property=\"og:title\" content=\"Come Acquistare Kunci Coin (KUNCI) Nel Regno Unito\" \/>\n<meta property=\"og:description\" content=\"La procedura per l&#039;acquisto di Kunci Coin nel Regno Unito pu\u00f2 essere suddivisa in alcune fasi essenziali ed \u00e8 piuttosto semplice.\" \/>\n<meta property=\"og:url\" content=\"https:\/\/allin1bitcoins.com\/it\/crypto\/kunci\/united-kingdom\/\" \/>\n<meta property=\"og:site_name\" content=\"Allin1Bitcoins\" \/>\n<meta property=\"article:modified_time\" content=\"2023-02-18T05:26:22+00:00\" \/>\n<meta property=\"og:image\" content=\"https:\/\/allin1bitcoins.com\/wp-content\/uploads\/2023\/01\/2-1.jpg\" \/>\n\t<meta property=\"og:image:width\" content=\"1920\" \/>\n\t<meta property=\"og:image:height\" content=\"1280\" \/>\n\t<meta property=\"og:image:type\" content=\"image\/jpeg\" \/>\n<meta name=\"twitter:card\" content=\"summary_large_image\" \/>\n<meta name=\"twitter:label1\" content=\"Est. reading time\" \/>\n\t<meta name=\"twitter:data1\" content=\"3 minutes\" \/>\n<!-- \/ Yoast SEO plugin. -->","yoast_head_json":{"title":"Come Acquistare Kunci Coin (KUNCI) Nel Regno Unito","description":"La procedura per l'acquisto di Kunci Coin nel Regno Unito pu\u00f2 essere suddivisa in alcune fasi essenziali ed \u00e8 piuttosto semplice.","robots":{"index":"index","follow":"follow","max-snippet":"max-snippet:-1","max-image-preview":"max-image-preview:large","max-video-preview":"max-video-preview:-1"},"canonical":"https:\/\/allin1bitcoins.com\/it\/crypto\/kunci\/united-kingdom\/","og_locale":"it_IT","og_type":"article","og_title":"Come Acquistare Kunci Coin (KUNCI) Nel Regno Unito","og_description":"La procedura per l'acquisto di Kunci Coin nel Regno Unito pu\u00f2 essere suddivisa in alcune fasi essenziali ed \u00e8 piuttosto semplice.","og_url":"https:\/\/allin1bitcoins.com\/it\/crypto\/kunci\/united-kingdom\/","og_site_name":"Allin1Bitcoins","article_modified_time":"2023-02-18T05:26:22+00:00","og_image":[{"width":1920,"height":1280,"url":"https:\/\/allin1bitcoins.com\/wp-content\/uploads\/2023\/01\/2-1.jpg","type":"image\/jpeg"}],"twitter_card":"summary_large_image","twitter_misc":{"Est. reading time":"3 minutes"},"schema":{"@context":"https:\/\/schema.org","@graph":[{"@type":"WebPage","@id":"https:\/\/allin1bitcoins.com\/it\/crypto\/kunci\/united-kingdom\/","url":"https:\/\/allin1bitcoins.com\/it\/crypto\/kunci\/united-kingdom\/","name":"Come Acquistare Kunci Coin (KUNCI) Nel Regno Unito","isPartOf":{"@id":"https:\/\/allin1bitcoins.com\/it\/#website"},"datePublished":"2023-02-18T05:26:20+00:00","dateModified":"2023-02-18T05:26:22+00:00","description":"La procedura per l'acquisto di Kunci Coin nel Regno Unito pu\u00f2 essere suddivisa in alcune fasi essenziali ed \u00e8 piuttosto semplice.","breadcrumb":{"@id":"https:\/\/allin1bitcoins.com\/it\/crypto\/kunci\/united-kingdom\/#breadcrumb"},"inLanguage":"it","potentialAction":[{"@type":"ReadAction","target":["https:\/\/allin1bitcoins.com\/it\/crypto\/kunci\/united-kingdom\/"]}]},{"@type":"BreadcrumbList","@id":"https:\/\/allin1bitcoins.com\/it\/crypto\/kunci\/united-kingdom\/#breadcrumb","itemListElement":[{"@type":"ListItem","position":1,"name":"Home","item":"https:\/\/allin1bitcoins.com\/it\/"},{"@type":"ListItem","position":2,"name":"Crypto","item":"https:\/\/allin1bitcoins.com\/it\/crypto\/"},{"@type":"ListItem","position":3,"name":"Come Acquistare Kunci Coin (KUNCI) &#8211; Guida Passo Dopo Passo 2023","item":"https:\/\/allin1bitcoins.com\/it\/crypto\/kunci\/"},{"@type":"ListItem","position":4,"name":"Come Acquistare Kunci Coin (KUNCI) Nel Regno Unito"}]},{"@type":"WebSite","@id":"https:\/\/allin1bitcoins.com\/it\/#website","url":"https:\/\/allin1bitcoins.com\/it\/","name":"Allin1Bitcoins","description":"","publisher":{"@id":"https:\/\/allin1bitcoins.com\/it\/#organization"},"potentialAction":[{"@type":"SearchAction","target":{"@type":"EntryPoint","urlTemplate":"https:\/\/allin1bitcoins.com\/it\/?s={search_term_string}"},"query-input":"required name=search_term_string"}],"inLanguage":"it"},{"@type":"Organization","@id":"https:\/\/allin1bitcoins.com\/it\/#organization","name":"allin1bitcoins","url":"https:\/\/allin1bitcoins.com\/it\/","logo":{"@type":"ImageObject","inLanguage":"it","@id":"https:\/\/allin1bitcoins.com\/it\/#\/schema\/logo\/image\/","url":"https:\/\/allin1bitcoins.com\/wp-content\/uploads\/2019\/01\/logo-new.png","contentUrl":"https:\/\/allin1bitcoins.com\/wp-content\/uploads\/2019\/01\/logo-new.png","width":178,"height":71,"caption":"allin1bitcoins"},"image":{"@id":"https:\/\/allin1bitcoins.com\/it\/#\/schema\/logo\/image\/"}}]}},"_links":{"self":[{"href":"https:\/\/allin1bitcoins.com\/it\/wp-json\/wp\/v2\/pages\/21490"}],"collection":[{"href":"https:\/\/allin1bitcoins.com\/it\/wp-json\/wp\/v2\/pages"}],"about":[{"href":"https:\/\/allin1bitcoins.com\/it\/wp-json\/wp\/v2\/types\/page"}],"author":[{"embeddable":true,"href":"https:\/\/allin1bitcoins.com\/it\/wp-json\/wp\/v2\/users\/3"}],"replies":[{"embeddable":true,"href":"https:\/\/allin1bitcoins.com\/it\/wp-json\/wp\/v2\/comments?post=21490"}],"version-history":[{"count":1,"href":"https:\/\/allin1bitcoins.com\/it\/wp-json\/wp\/v2\/pages\/21490\/revisions"}],"predecessor-version":[{"id":21491,"href":"https:\/\/allin1bitcoins.com\/it\/wp-json\/wp\/v2\/pages\/21490\/revisions\/21491"}],"up":[{"embeddable":true,"href":"https:\/\/allin1bitcoins.com\/it\/wp-json\/wp\/v2\/pages\/21475"}],"wp:featuredmedia":[{"embeddable":true,"href":"https:\/\/allin1bitcoins.com\/it\/wp-json\/wp\/v2\/media\/16866"}],"wp:attachment":[{"href":"https:\/\/allin1bitcoins.com\/it\/wp-json\/wp\/v2\/media?parent=21490"}],"curies":[{"name":"wp","href":"https:\/\/api.w.org\/{rel}","templated":true}]}}