{"id":21502,"date":"2023-02-18T06:08:41","date_gmt":"2023-02-18T06:08:41","guid":{"rendered":"https:\/\/allin1bitcoins.com\/?page_id=21502"},"modified":"2023-02-18T06:08:45","modified_gmt":"2023-02-18T06:08:45","slug":"united-states","status":"publish","type":"page","link":"https:\/\/allin1bitcoins.com\/it\/crypto\/kunci\/united-states\/","title":{"rendered":"Come Acquistare Kunci Coin (KUNCI) Negli Stati Uniti"},"content":{"rendered":"\n<h2 class=\"wp-block-heading\">Breve risposta: \u00c8 possibile acquistare Kunci Coin negli Stati Uniti<\/h2>\n\n\n\n<p>L&#8217;acquisto di Kunci Coin negli Stati Uniti \u00e8 un processo abbastanza semplice che pu\u00f2 essere suddiviso in alcuni componenti essenziali. Il primo passo \u00e8 trovare un exchange di criptovalute affidabile che consenta la negoziazione di Kunci Coin negli Stati Uniti. Il passo successivo \u00e8 registrarsi per un account sull&#8217;exchange e fornire un&#8217;identificazione. Dopo aver configurato il proprio account, \u00e8 possibile aggiungere denaro in dollari statunitensi (USD) o un&#8217;altra valuta riconosciuta. \u00c8 possibile acquistare Kunci Coin con il denaro presente nel proprio account una volta che i fondi sono stati accreditati.<\/p>\n\n\n\n<h2 class=\"wp-block-heading\">Panoramica di Kunci Coin<\/h2>\n\n\n\n<p>Il progetto Kunci ha creato la criptovaluta nota come Kunci Coin. Il progetto Kunci mira a fornire una piattaforma decentralizzata in cui gli utenti possono condividere e accedere alla conoscenza in modo sicuro e privato. Gli utenti del sito possono accedere a un registro decentralizzato e immutabile di conoscenza e informazioni grazie alla tecnologia blockchain. Il token nativo della piattaforma Kunci, Kunci Coin, viene utilizzato per premiare gli utenti che condividono e aggiungono conoscenze utili alla rete.<\/p>\n\n\n\n<h2 class=\"wp-block-heading\">Vantaggi dell&#8217;acquisto di Kunci Coin<\/h2>\n\n\n\n<p>Ci sono diversi vantaggi nell&#8217;acquistare Kunci Coin. In primo luogo, possedere Kunci Coin consente di accedere al progetto Kunci e all&#8217;ecosistema per lo scambio di conoscenze. Essendo supportato dal valore della piattaforma Kunci, possedere Kunci Coin pu\u00f2 anche fungere da copertura contro la volatilit\u00e0 di altre criptovalute. Inoltre, il possesso di Kunci Coin consente agli utenti di accedere a contenuti premium e di ricevere premi per la condivisione di conoscenze utili sulla piattaforma.<\/p>\n\n\n\n<figure class=\"wp-block-embed is-type-video is-provider-youtube wp-block-embed-youtube wp-embed-aspect-16-9 wp-has-aspect-ratio\"><div class=\"wp-block-embed__wrapper\">\n<iframe title=\"Kunci Coin KUNCI HODLERS\u26a0\ufe0f WARNING \ud83d\udea8ANONYMOUS\ud83d\udea8\" width=\"800\" height=\"450\" src=\"https:\/\/www.youtube.com\/embed\/tcZvorx7yEI?feature=oembed\" frameborder=\"0\" allow=\"accelerometer; autoplay; clipboard-write; encrypted-media; gyroscope; picture-in-picture; web-share\" allowfullscreen><\/iframe>\n<\/div><\/figure>\n\n\n\n<h2 class=\"wp-block-heading\">Istruzioni dettagliate su come acquistare Kunci Coin negli Stati Uniti<\/h2>\n\n\n\n<p><strong>Passaggio 1:<\/strong> Decidere su un exchange di criptovalute affidabile che consenta la negoziazione di Kunci Coin negli Stati Uniti. Coinbase, Kraken e Binance US sono alcune scelte ben note.<br><\/p>\n\n\n\n<p><strong>Passaggio 2: <\/strong>Registrarsi per un account sull&#8217;exchange scelto e svolgere le procedure di verifica necessarie.<br><\/p>\n\n\n\n<p><strong>Passaggio 3:<\/strong> Aggiungere denaro al proprio account in dollari statunitensi (USD) o in un&#8217;altra valuta accettata.<br><\/p>\n\n\n\n<p><strong>Passaggio 4:<\/strong> Trovare la coppia di trading Kunci Coin\/USD sulla pagina di trading dell&#8217;exchange navigando verso di essa.<br><\/p>\n\n\n\n<p><strong>Passaggio 5:<\/strong> Inserire un ordine di acquisto per la quantit\u00e0 di Kunci Coin che si desidera acquistare.<br><\/p>\n\n\n\n<p><strong>Passaggio 6: <\/strong>Una volta che l&#8217;ordine \u00e8 stato evaso, i Kunci Coin saranno accreditati nel portafoglio dell&#8217;exchange.<\/p>\n\n\n\n<h2 class=\"wp-block-heading\">Acquisto di tasse Kunci Coin negli Stati Uniti<\/h2>\n\n\n\n<p>L&#8217;acquisto di Kunci Coin \u00e8 soggetto a tasse, proprio come qualsiasi altra transazione finanziaria negli Stati Uniti. La tua situazione unica e le eventuali regole e normative fiscali pertinenti nel tuo paese determineranno le precise ripercussioni fiscali dell&#8217;acquisto e del possesso di Kunci Coin. Se vendi o scambi Kunci Coins, potresti dover dichiarare eventuali plusvalenze o minusvalenze sulla tua dichiarazione dei redditi federale poich\u00e9 l&#8217;IRS considera le criptovalute una forma di propriet\u00e0 a fini fiscali. \u00c8 opportuno consultare un esperto fiscale prima di prendere decisioni finanziarie significative, come l&#8217;acquisto di Kunci Coin.<\/p>\n\n\n\n<h2 class=\"wp-block-heading\">Conclusione<\/h2>\n\n\n\n<p>In sintesi, l&#8217;acquisto di Kunci Coin negli Stati Uniti \u00e8 un processo semplice che pu\u00f2 essere completato trovando uno scambio di criptovalute affidabile che supporta il trading di Kunci Coin, aprendo un account e finanziandolo. Possedendo Kunci Coin, puoi saperne di pi\u00f9 sul progetto Kunci e partecipare all&#8217;ecosistema di condivisione delle informazioni. Prima di prendere decisioni finanziarie, \u00e8 essenziale comprendere le implicazioni fiscali e cercare consigli professionali. Fai sempre le tue ricerche e assicurati di essere consapevole dei rischi coinvolti prima di acquistare qualsiasi criptovaluta.<\/p>\n\n\n\n<!-- Page-list plugin v.5.9 wordpress.org\/plugins\/page-list\/ -->\n<ul class=\"page-list siblings-page-list \">\n<li class=\"page_item page-item-21512\"><a href=\"https:\/\/allin1bitcoins.com\/it\/crypto\/kunci\/american-express\/\">Come Acquistare Kunci Coin (KUNCI) Con American Express<\/a><\/li>\n<li class=\"page_item page-item-21543\"><a href=\"https:\/\/allin1bitcoins.com\/it\/crypto\/kunci\/credit-card\/\">Come Acquistare Kunci Coin (KUNCI) Con Carta Di Credito<\/a><\/li>\n<li class=\"page_item page-item-21533\"><a href=\"https:\/\/allin1bitcoins.com\/it\/crypto\/kunci\/debit-card\/\">Come Acquistare Kunci Coin (KUNCI) Con Carta Di Debito<\/a><\/li>\n<li class=\"page_item page-item-21524\"><a href=\"https:\/\/allin1bitcoins.com\/it\/crypto\/kunci\/paypal\/\">Come Acquistare Kunci Coin (KUNCI) Con PayPal<\/a><\/li>\n<li class=\"page_item page-item-21566\"><a href=\"https:\/\/allin1bitcoins.com\/it\/crypto\/kunci\/canada\/\">Come Acquistare Kunci Coin (KUNCI) In Canada<\/a><\/li>\n<li class=\"page_item page-item-21555\"><a href=\"https:\/\/allin1bitcoins.com\/it\/crypto\/kunci\/switzerland\/\">Come Acquistare Kunci Coin (KUNCI) In Svizzera<\/a><\/li>\n<li class=\"page_item page-item-21502\"><a href=\"https:\/\/allin1bitcoins.com\/it\/crypto\/kunci\/united-states\/\">Come Acquistare Kunci Coin (KUNCI) Negli Stati Uniti<\/a><\/li>\n<li class=\"page_item page-item-21490\"><a href=\"https:\/\/allin1bitcoins.com\/it\/crypto\/kunci\/united-kingdom\/\">Come Acquistare Kunci Coin (KUNCI) Nel Regno Unito<\/a><\/li>\n\n<\/ul>\n","protected":false},"excerpt":{"rendered":"<p>Breve risposta: \u00c8 possibile acquistare Kunci Coin negli Stati Uniti L&#8217;acquisto di Kunci Coin negli Stati Uniti \u00e8 un processo abbastanza semplice che pu\u00f2 essere suddiviso in alcuni componenti essenziali. Il primo passo \u00e8 trovare un exchange di criptovalute affidabile che consenta la negoziazione di Kunci Coin negli Stati Uniti. Il passo successivo \u00e8 registrarsi&#8230;<\/p>\n","protected":false},"author":3,"featured_media":16884,"parent":21475,"menu_order":0,"comment_status":"closed","ping_status":"closed","template":"","meta":{"cybocfi_hide_featured_image":"","footnotes":""},"acf":[],"yoast_head":"<!-- This site is optimized with the Yoast SEO plugin v21.7 - https:\/\/yoast.com\/wordpress\/plugins\/seo\/ -->\n<title>Come Acquistare Kunci Coin (KUNCI) Negli Stati Uniti<\/title>\n<meta name=\"description\" content=\"L&#039;acquisto di Kunci Coin negli Stati Uniti \u00e8 un processo abbastanza semplice che pu\u00f2 essere suddiviso in alcuni componenti essenziali.\" \/>\n<meta name=\"robots\" content=\"index, follow, max-snippet:-1, max-image-preview:large, max-video-preview:-1\" \/>\n<link rel=\"canonical\" href=\"https:\/\/allin1bitcoins.com\/it\/crypto\/kunci\/united-states\/\" \/>\n<meta property=\"og:locale\" content=\"it_IT\" \/>\n<meta property=\"og:type\" content=\"article\" \/>\n<meta property=\"og:title\" content=\"Come Acquistare Kunci Coin (KUNCI) Negli Stati Uniti\" \/>\n<meta property=\"og:description\" content=\"L&#039;acquisto di Kunci Coin negli Stati Uniti \u00e8 un processo abbastanza semplice che pu\u00f2 essere suddiviso in alcuni componenti essenziali.\" \/>\n<meta property=\"og:url\" content=\"https:\/\/allin1bitcoins.com\/it\/crypto\/kunci\/united-states\/\" \/>\n<meta property=\"og:site_name\" content=\"Allin1Bitcoins\" \/>\n<meta property=\"article:modified_time\" content=\"2023-02-18T06:08:45+00:00\" \/>\n<meta property=\"og:image\" content=\"https:\/\/allin1bitcoins.com\/wp-content\/uploads\/2023\/01\/andrew-ruiz-vJAhnIlhtk0-unsplash.jpg\" \/>\n\t<meta property=\"og:image:width\" content=\"640\" \/>\n\t<meta property=\"og:image:height\" content=\"963\" \/>\n\t<meta property=\"og:image:type\" content=\"image\/jpeg\" \/>\n<meta name=\"twitter:card\" content=\"summary_large_image\" \/>\n<meta name=\"twitter:label1\" content=\"Est. reading time\" \/>\n\t<meta name=\"twitter:data1\" content=\"3 minutes\" \/>\n<!-- \/ Yoast SEO plugin. -->","yoast_head_json":{"title":"Come Acquistare Kunci Coin (KUNCI) Negli Stati Uniti","description":"L'acquisto di Kunci Coin negli Stati Uniti \u00e8 un processo abbastanza semplice che pu\u00f2 essere suddiviso in alcuni componenti essenziali.","robots":{"index":"index","follow":"follow","max-snippet":"max-snippet:-1","max-image-preview":"max-image-preview:large","max-video-preview":"max-video-preview:-1"},"canonical":"https:\/\/allin1bitcoins.com\/it\/crypto\/kunci\/united-states\/","og_locale":"it_IT","og_type":"article","og_title":"Come Acquistare Kunci Coin (KUNCI) Negli Stati Uniti","og_description":"L'acquisto di Kunci Coin negli Stati Uniti \u00e8 un processo abbastanza semplice che pu\u00f2 essere suddiviso in alcuni componenti essenziali.","og_url":"https:\/\/allin1bitcoins.com\/it\/crypto\/kunci\/united-states\/","og_site_name":"Allin1Bitcoins","article_modified_time":"2023-02-18T06:08:45+00:00","og_image":[{"width":640,"height":963,"url":"https:\/\/allin1bitcoins.com\/wp-content\/uploads\/2023\/01\/andrew-ruiz-vJAhnIlhtk0-unsplash.jpg","type":"image\/jpeg"}],"twitter_card":"summary_large_image","twitter_misc":{"Est. reading time":"3 minutes"},"schema":{"@context":"https:\/\/schema.org","@graph":[{"@type":"WebPage","@id":"https:\/\/allin1bitcoins.com\/it\/crypto\/kunci\/united-states\/","url":"https:\/\/allin1bitcoins.com\/it\/crypto\/kunci\/united-states\/","name":"Come Acquistare Kunci Coin (KUNCI) Negli Stati Uniti","isPartOf":{"@id":"https:\/\/allin1bitcoins.com\/it\/#website"},"datePublished":"2023-02-18T06:08:41+00:00","dateModified":"2023-02-18T06:08:45+00:00","description":"L'acquisto di Kunci Coin negli Stati Uniti \u00e8 un processo abbastanza semplice che pu\u00f2 essere suddiviso in alcuni componenti essenziali.","breadcrumb":{"@id":"https:\/\/allin1bitcoins.com\/it\/crypto\/kunci\/united-states\/#breadcrumb"},"inLanguage":"it","potentialAction":[{"@type":"ReadAction","target":["https:\/\/allin1bitcoins.com\/it\/crypto\/kunci\/united-states\/"]}]},{"@type":"BreadcrumbList","@id":"https:\/\/allin1bitcoins.com\/it\/crypto\/kunci\/united-states\/#breadcrumb","itemListElement":[{"@type":"ListItem","position":1,"name":"Home","item":"https:\/\/allin1bitcoins.com\/it\/"},{"@type":"ListItem","position":2,"name":"Crypto","item":"https:\/\/allin1bitcoins.com\/it\/crypto\/"},{"@type":"ListItem","position":3,"name":"Come Acquistare Kunci Coin (KUNCI) &#8211; Guida Passo Dopo Passo 2023","item":"https:\/\/allin1bitcoins.com\/it\/crypto\/kunci\/"},{"@type":"ListItem","position":4,"name":"Come Acquistare Kunci Coin (KUNCI) Negli Stati Uniti"}]},{"@type":"WebSite","@id":"https:\/\/allin1bitcoins.com\/it\/#website","url":"https:\/\/allin1bitcoins.com\/it\/","name":"Allin1Bitcoins","description":"","publisher":{"@id":"https:\/\/allin1bitcoins.com\/it\/#organization"},"potentialAction":[{"@type":"SearchAction","target":{"@type":"EntryPoint","urlTemplate":"https:\/\/allin1bitcoins.com\/it\/?s={search_term_string}"},"query-input":"required name=search_term_string"}],"inLanguage":"it"},{"@type":"Organization","@id":"https:\/\/allin1bitcoins.com\/it\/#organization","name":"allin1bitcoins","url":"https:\/\/allin1bitcoins.com\/it\/","logo":{"@type":"ImageObject","inLanguage":"it","@id":"https:\/\/allin1bitcoins.com\/it\/#\/schema\/logo\/image\/","url":"https:\/\/allin1bitcoins.com\/wp-content\/uploads\/2019\/01\/logo-new.png","contentUrl":"https:\/\/allin1bitcoins.com\/wp-content\/uploads\/2019\/01\/logo-new.png","width":178,"height":71,"caption":"allin1bitcoins"},"image":{"@id":"https:\/\/allin1bitcoins.com\/it\/#\/schema\/logo\/image\/"}}]}},"_links":{"self":[{"href":"https:\/\/allin1bitcoins.com\/it\/wp-json\/wp\/v2\/pages\/21502"}],"collection":[{"href":"https:\/\/allin1bitcoins.com\/it\/wp-json\/wp\/v2\/pages"}],"about":[{"href":"https:\/\/allin1bitcoins.com\/it\/wp-json\/wp\/v2\/types\/page"}],"author":[{"embeddable":true,"href":"https:\/\/allin1bitcoins.com\/it\/wp-json\/wp\/v2\/users\/3"}],"replies":[{"embeddable":true,"href":"https:\/\/allin1bitcoins.com\/it\/wp-json\/wp\/v2\/comments?post=21502"}],"version-history":[{"count":1,"href":"https:\/\/allin1bitcoins.com\/it\/wp-json\/wp\/v2\/pages\/21502\/revisions"}],"predecessor-version":[{"id":21503,"href":"https:\/\/allin1bitcoins.com\/it\/wp-json\/wp\/v2\/pages\/21502\/revisions\/21503"}],"up":[{"embeddable":true,"href":"https:\/\/allin1bitcoins.com\/it\/wp-json\/wp\/v2\/pages\/21475"}],"wp:featuredmedia":[{"embeddable":true,"href":"https:\/\/allin1bitcoins.com\/it\/wp-json\/wp\/v2\/media\/16884"}],"wp:attachment":[{"href":"https:\/\/allin1bitcoins.com\/it\/wp-json\/wp\/v2\/media?parent=21502"}],"curies":[{"name":"wp","href":"https:\/\/api.w.org\/{rel}","templated":true}]}}